{"id":221330,"date":"2024-07-28T14:28:59","date_gmt":"2024-07-28T12:28:59","guid":{"rendered":"https:\/\/marktxxl.de\/markt\/produkt\/bssok-fahrrad-anhaengerkupplung-fahrradanhaenger-adapter-fuer-kinderanhaenger-fracht-und-haustier-fahrrad-anhaengerkupplung-zubehoer\/"},"modified":"2024-07-28T14:28:59","modified_gmt":"2024-07-28T12:28:59","slug":"bssok-fahrrad-anhaengerkupplung-fahrradanhaenger-adapter-fuer-kinderanhaenger-fracht-und-haustier-fahrrad-anhaengerkupplung-zubehoer","status":"publish","type":"product","link":"https:\/\/marktxxl.de\/markt\/produkt\/bssok-fahrrad-anhaengerkupplung-fahrradanhaenger-adapter-fuer-kinderanhaenger-fracht-und-haustier-fahrrad-anhaengerkupplung-zubehoer\/","title":{"rendered":"BSSOK Fahrrad Anh\u00e4ngerkupplung, Fahrradanh\u00e4nger Adapter f\u00fcr Kinderanh\u00e4nger, Fracht und Haustier Fahrrad Anh\u00e4ngerkupplung Zubeh\u00f6r"},"content":{"rendered":"<p>\u3010Wof\u00fcr sie verwendet wird\u3011Die Fahrradanh\u00e4ngerkupplung ist der ideale Weg, um den Fahrradanh\u00e4nger einfach mit dem Fahrrad zu verbinden. So k\u00f6nnen Sie Ihr kleines Haustier und Ihre Ladung sicher und bequem transportieren und eine angenehme Fahrt erleben.<br \/>\n\u3010Kompatibel mit Fahrradmodellen\u3011Die Fahrradanh\u00e4ngerkupplung ist f\u00fcr alle Fahrradmodelle und alle Anh\u00e4nger der Marken Schwinn und InStep geeignet (z. B. alle Serien AA, AB, AC, AD, AE, AG, AH, AI).<br \/>\n\u3010Einfacher Einbau\u30111. Befestigen Sie die Fahrradanh\u00e4ngerkupplung mit Schrauben und Muttern am Fahrrad. 2. Setzen Sie die Anh\u00e4ngerkupplung ein. 3. Setzen Sie den Stift ein. Jede Fahrradanh\u00e4ngerbefestigung hat einen individuellen Befestigungsstift. Der Stift ist schwer zu \u00f6ffnen und l\u00e4sst sich nach der Installation nicht mehr leicht entfernen. Die Gr\u00f6\u00dfe des Schaftdurchmessers ist 0.59in.<br \/>\n\u3010Langlebige Konstruktion\u3011Die Fahrradanh\u00e4ngerkupplung ist aus hochwertigem Stahl mit schwarzer Emaille-Beschichtung gefertigt. Es ist nicht leicht zu brechen, rosten oder korrodieren und ist f\u00fcr den langfristigen Einsatz geeignet.<br \/>\n\u3010Warme Mahnung\u3011Wenn Sie Hilfe ben\u00f6tigen, z\u00f6gern Sie bitte nicht, uns Ihre Fragen zu stellen.<br \/>\n<div class=\"main-cross-sell\" data-asin=\"B0BZYN83Q4\">\n\n\t<div class=\"WooZone-cross-sell-loader\">\n\t\t<div>\n\t\t\t<div id=\"floatingBarsG\">\n\t\t\t\t<div class=\"blockG\" id=\"rotateG_01\"><\/div>\n\t\t\t\t<div class=\"blockG\" id=\"rotateG_02\"><\/div>\n\t\t\t\t<div class=\"blockG\" id=\"rotateG_03\"><\/div>\n\t\t\t\t<div class=\"blockG\" id=\"rotateG_04\"><\/div>\n\t\t\t\t<div class=\"blockG\" id=\"rotateG_05\"><\/div>\n\t\t\t\t<div class=\"blockG\" id=\"rotateG_06\"><\/div>\n\t\t\t\t<div class=\"blockG\" id=\"rotateG_07\"><\/div>\n\t\t\t\t<div class=\"blockG\" id=\"rotateG_08\"><\/div>\n\t\t\t<\/div>\n\t\t\t<div class=\"WooZone-cross-sell-loader-text\"><\/div>\n\t\t<\/div>\n\t<\/div>\n\n\t\t\n<\/div>\n<div style=\"clear:both;\"><\/div><\/p>\n","protected":false},"excerpt":{"rendered":"<p>\u3010Wof\u00fcr sie verwendet wird\u3011Die Fahrradanh\u00e4ngerkupplung ist der ideale Weg, um den Fahrradanh\u00e4nger einfach mit dem Fahrrad zu verbinden. So k\u00f6nnen Sie Ihr kleines Haustier und Ihre Ladung sicher und bequem transportieren und eine angenehme Fahrt erleben.<br \/>\n\u3010Kompatibel mit Fahrradmodellen\u3011Die Fahrradanh\u00e4ngerkupplung ist f\u00fcr alle Fahrradmodelle und alle Anh\u00e4nger der Marken Schwinn und InStep geeignet (z. B. alle Serien AA, AB, AC, AD, AE, AG, AH, AI).<br \/>\n\u3010Einfacher Einbau\u30111. Befestigen Sie die Fahrradanh\u00e4ngerkupplung mit Schrauben und Muttern am Fahrrad. 2. Setzen Sie die Anh\u00e4ngerkupplung ein. 3. Setzen Sie den Stift ein. Jede Fahrradanh\u00e4ngerbefestigung hat einen individuellen Befestigungsstift. Der Stift ist schwer zu \u00f6ffnen und l\u00e4sst sich nach der Installation nicht mehr leicht entfernen. Die Gr\u00f6\u00dfe des Schaftdurchmessers ist 0.59in.<\/p>\n","protected":false},"featured_media":221331,"comment_status":"open","ping_status":"closed","template":"","meta":[],"product_brand":[],"product_cat":[21,9245],"product_tag":[],"class_list":{"0":"post-221330","1":"product","2":"type-product","3":"status-publish","4":"has-post-thumbnail","6":"product_cat-baby","7":"product_cat-fahrradanhaenger-zubehoer-baby","8":"pa_brand-bssok","9":"pa_manufacturer-bssok","10":"pa_model-32726","12":"first","13":"instock","14":"shipping-taxable","15":"purchasable","16":"product-type-simple","17":"customify-col","18":"product-has-gallery"},"yoast_head":"<!-- This site is optimized with the Yoast SEO plugin v27.3 - https:\/\/yoast.com\/product\/yoast-seo-wordpress\/ -->\n<title>BSSOK Fahrrad Anh\u00e4ngerkupplung, Fahrradanh\u00e4nger Adapter f\u00fcr Kinderanh\u00e4nger, Fracht und Haustier Fahrrad Anh\u00e4ngerkupplung Zubeh\u00f6r - Markt-XXL<\/title>\n<meta name=\"description\" content=\"Markt-XXL BSSOK Fahrrad Anh\u00e4ngerkupplung, Fahrradanh\u00e4nger Adapter f\u00fcr Kinderanh\u00e4nger, Fracht und Haustier Fahrrad Anh\u00e4ngerkupplung Zubeh\u00f6r\" \/>\n<meta name=\"robots\" content=\"index, follow, max-snippet:-1, max-image-preview:large, max-video-preview:-1\" \/>\n<link rel=\"canonical\" href=\"https:\/\/marktxxl.de\/markt\/produkt\/bssok-fahrrad-anhaengerkupplung-fahrradanhaenger-adapter-fuer-kinderanhaenger-fracht-und-haustier-fahrrad-anhaengerkupplung-zubehoer\/\" \/>\n<meta property=\"og:locale\" content=\"de_DE\" \/>\n<meta property=\"og:type\" content=\"article\" \/>\n<meta property=\"og:title\" content=\"BSSOK Fahrrad Anh\u00e4ngerkupplung, Fahrradanh\u00e4nger Adapter f\u00fcr Kinderanh\u00e4nger, Fracht und Haustier Fahrrad Anh\u00e4ngerkupplung Zubeh\u00f6r - Markt-XXL\" \/>\n<meta property=\"og:description\" content=\"Markt-XXL BSSOK Fahrrad Anh\u00e4ngerkupplung, Fahrradanh\u00e4nger Adapter f\u00fcr Kinderanh\u00e4nger, Fracht und Haustier Fahrrad Anh\u00e4ngerkupplung Zubeh\u00f6r\" \/>\n<meta property=\"og:url\" content=\"https:\/\/marktxxl.de\/markt\/produkt\/bssok-fahrrad-anhaengerkupplung-fahrradanhaenger-adapter-fuer-kinderanhaenger-fracht-und-haustier-fahrrad-anhaengerkupplung-zubehoer\/\" \/>\n<meta property=\"og:site_name\" content=\"Markt-XXL\" \/>\n<meta name=\"twitter:card\" content=\"summary_large_image\" \/>\n<meta name=\"twitter:label1\" content=\"Gesch\u00e4tzte Lesezeit\" \/>\n\t<meta name=\"twitter:data1\" content=\"1\u00a0Minute\" \/>\n<script type=\"application\/ld+json\" class=\"yoast-schema-graph\">{\"@context\":\"https:\\\/\\\/schema.org\",\"@graph\":[{\"@type\":\"WebPage\",\"@id\":\"https:\\\/\\\/marktxxl.de\\\/markt\\\/produkt\\\/bssok-fahrrad-anhaengerkupplung-fahrradanhaenger-adapter-fuer-kinderanhaenger-fracht-und-haustier-fahrrad-anhaengerkupplung-zubehoer\\\/\",\"url\":\"https:\\\/\\\/marktxxl.de\\\/markt\\\/produkt\\\/bssok-fahrrad-anhaengerkupplung-fahrradanhaenger-adapter-fuer-kinderanhaenger-fracht-und-haustier-fahrrad-anhaengerkupplung-zubehoer\\\/\",\"name\":\"BSSOK Fahrrad Anh\u00e4ngerkupplung, Fahrradanh\u00e4nger Adapter f\u00fcr Kinderanh\u00e4nger, Fracht und Haustier Fahrrad Anh\u00e4ngerkupplung Zubeh\u00f6r - Markt-XXL\",\"isPartOf\":{\"@id\":\"https:\\\/\\\/marktxxl.de\\\/markt\\\/#website\"},\"primaryImageOfPage\":{\"@id\":\"https:\\\/\\\/marktxxl.de\\\/markt\\\/produkt\\\/bssok-fahrrad-anhaengerkupplung-fahrradanhaenger-adapter-fuer-kinderanhaenger-fracht-und-haustier-fahrrad-anhaengerkupplung-zubehoer\\\/#primaryimage\"},\"image\":{\"@id\":\"https:\\\/\\\/marktxxl.de\\\/markt\\\/produkt\\\/bssok-fahrrad-anhaengerkupplung-fahrradanhaenger-adapter-fuer-kinderanhaenger-fracht-und-haustier-fahrrad-anhaengerkupplung-zubehoer\\\/#primaryimage\"},\"thumbnailUrl\":\"https:\\\/\\\/m.media-amazon.com\\\/images\\\/I\\\/31eHC4wmYGL._SL500_.jpg\",\"datePublished\":\"2024-07-28T12:28:59+00:00\",\"description\":\"Markt-XXL BSSOK Fahrrad Anh\u00e4ngerkupplung, Fahrradanh\u00e4nger Adapter f\u00fcr Kinderanh\u00e4nger, Fracht und Haustier Fahrrad Anh\u00e4ngerkupplung Zubeh\u00f6r\",\"breadcrumb\":{\"@id\":\"https:\\\/\\\/marktxxl.de\\\/markt\\\/produkt\\\/bssok-fahrrad-anhaengerkupplung-fahrradanhaenger-adapter-fuer-kinderanhaenger-fracht-und-haustier-fahrrad-anhaengerkupplung-zubehoer\\\/#breadcrumb\"},\"inLanguage\":\"de\",\"potentialAction\":[{\"@type\":\"ReadAction\",\"target\":[\"https:\\\/\\\/marktxxl.de\\\/markt\\\/produkt\\\/bssok-fahrrad-anhaengerkupplung-fahrradanhaenger-adapter-fuer-kinderanhaenger-fracht-und-haustier-fahrrad-anhaengerkupplung-zubehoer\\\/\"]}]},{\"@type\":\"ImageObject\",\"inLanguage\":\"de\",\"@id\":\"https:\\\/\\\/marktxxl.de\\\/markt\\\/produkt\\\/bssok-fahrrad-anhaengerkupplung-fahrradanhaenger-adapter-fuer-kinderanhaenger-fracht-und-haustier-fahrrad-anhaengerkupplung-zubehoer\\\/#primaryimage\",\"url\":\"https:\\\/\\\/m.media-amazon.com\\\/images\\\/I\\\/31eHC4wmYGL._SL500_.jpg\",\"contentUrl\":\"https:\\\/\\\/m.media-amazon.com\\\/images\\\/I\\\/31eHC4wmYGL._SL500_.jpg\",\"width\":500,\"height\":500},{\"@type\":\"BreadcrumbList\",\"@id\":\"https:\\\/\\\/marktxxl.de\\\/markt\\\/produkt\\\/bssok-fahrrad-anhaengerkupplung-fahrradanhaenger-adapter-fuer-kinderanhaenger-fracht-und-haustier-fahrrad-anhaengerkupplung-zubehoer\\\/#breadcrumb\",\"itemListElement\":[{\"@type\":\"ListItem\",\"position\":1,\"name\":\"Startseite\",\"item\":\"https:\\\/\\\/marktxxl.de\\\/markt\\\/\"},{\"@type\":\"ListItem\",\"position\":2,\"name\":\"Markt\",\"item\":\"https:\\\/\\\/marktxxl.de\\\/markt\\\/\"},{\"@type\":\"ListItem\",\"position\":3,\"name\":\"BSSOK Fahrrad Anh\u00e4ngerkupplung, Fahrradanh\u00e4nger Adapter f\u00fcr Kinderanh\u00e4nger, Fracht und Haustier Fahrrad Anh\u00e4ngerkupplung Zubeh\u00f6r\"}]},{\"@type\":\"WebSite\",\"@id\":\"https:\\\/\\\/marktxxl.de\\\/markt\\\/#website\",\"url\":\"https:\\\/\\\/marktxxl.de\\\/markt\\\/\",\"name\":\"Markt-XXL\",\"description\":\"Ihr Markt Online\",\"publisher\":{\"@id\":\"https:\\\/\\\/marktxxl.de\\\/markt\\\/#organization\"},\"potentialAction\":[{\"@type\":\"SearchAction\",\"target\":{\"@type\":\"EntryPoint\",\"urlTemplate\":\"https:\\\/\\\/marktxxl.de\\\/markt\\\/?s={search_term_string}\"},\"query-input\":{\"@type\":\"PropertyValueSpecification\",\"valueRequired\":true,\"valueName\":\"search_term_string\"}}],\"inLanguage\":\"de\"},{\"@type\":\"Organization\",\"@id\":\"https:\\\/\\\/marktxxl.de\\\/markt\\\/#organization\",\"name\":\"Markt-XXL\",\"url\":\"https:\\\/\\\/marktxxl.de\\\/markt\\\/\",\"logo\":{\"@type\":\"ImageObject\",\"inLanguage\":\"de\",\"@id\":\"https:\\\/\\\/marktxxl.de\\\/markt\\\/#\\\/schema\\\/logo\\\/image\\\/\",\"url\":\"https:\\\/\\\/marktxxl.de\\\/markt\\\/wp-content\\\/uploads\\\/sites\\\/3\\\/2020\\\/12\\\/logo.png\",\"contentUrl\":\"https:\\\/\\\/marktxxl.de\\\/markt\\\/wp-content\\\/uploads\\\/sites\\\/3\\\/2020\\\/12\\\/logo.png\",\"width\":200,\"height\":70,\"caption\":\"Markt-XXL\"},\"image\":{\"@id\":\"https:\\\/\\\/marktxxl.de\\\/markt\\\/#\\\/schema\\\/logo\\\/image\\\/\"}}]}<\/script>\n<!-- \/ Yoast SEO plugin. -->","yoast_head_json":{"title":"BSSOK Fahrrad Anh\u00e4ngerkupplung, Fahrradanh\u00e4nger Adapter f\u00fcr Kinderanh\u00e4nger, Fracht und Haustier Fahrrad Anh\u00e4ngerkupplung Zubeh\u00f6r - Markt-XXL","description":"Markt-XXL BSSOK Fahrrad Anh\u00e4ngerkupplung, Fahrradanh\u00e4nger Adapter f\u00fcr Kinderanh\u00e4nger, Fracht und Haustier Fahrrad Anh\u00e4ngerkupplung Zubeh\u00f6r","robots":{"index":"index","follow":"follow","max-snippet":"max-snippet:-1","max-image-preview":"max-image-preview:large","max-video-preview":"max-video-preview:-1"},"canonical":"https:\/\/marktxxl.de\/markt\/produkt\/bssok-fahrrad-anhaengerkupplung-fahrradanhaenger-adapter-fuer-kinderanhaenger-fracht-und-haustier-fahrrad-anhaengerkupplung-zubehoer\/","og_locale":"de_DE","og_type":"article","og_title":"BSSOK Fahrrad Anh\u00e4ngerkupplung, Fahrradanh\u00e4nger Adapter f\u00fcr Kinderanh\u00e4nger, Fracht und Haustier Fahrrad Anh\u00e4ngerkupplung Zubeh\u00f6r - Markt-XXL","og_description":"Markt-XXL BSSOK Fahrrad Anh\u00e4ngerkupplung, Fahrradanh\u00e4nger Adapter f\u00fcr Kinderanh\u00e4nger, Fracht und Haustier Fahrrad Anh\u00e4ngerkupplung Zubeh\u00f6r","og_url":"https:\/\/marktxxl.de\/markt\/produkt\/bssok-fahrrad-anhaengerkupplung-fahrradanhaenger-adapter-fuer-kinderanhaenger-fracht-und-haustier-fahrrad-anhaengerkupplung-zubehoer\/","og_site_name":"Markt-XXL","twitter_card":"summary_large_image","twitter_misc":{"Gesch\u00e4tzte Lesezeit":"1\u00a0Minute"},"schema":{"@context":"https:\/\/schema.org","@graph":[{"@type":"WebPage","@id":"https:\/\/marktxxl.de\/markt\/produkt\/bssok-fahrrad-anhaengerkupplung-fahrradanhaenger-adapter-fuer-kinderanhaenger-fracht-und-haustier-fahrrad-anhaengerkupplung-zubehoer\/","url":"https:\/\/marktxxl.de\/markt\/produkt\/bssok-fahrrad-anhaengerkupplung-fahrradanhaenger-adapter-fuer-kinderanhaenger-fracht-und-haustier-fahrrad-anhaengerkupplung-zubehoer\/","name":"BSSOK Fahrrad Anh\u00e4ngerkupplung, Fahrradanh\u00e4nger Adapter f\u00fcr Kinderanh\u00e4nger, Fracht und Haustier Fahrrad Anh\u00e4ngerkupplung Zubeh\u00f6r - Markt-XXL","isPartOf":{"@id":"https:\/\/marktxxl.de\/markt\/#website"},"primaryImageOfPage":{"@id":"https:\/\/marktxxl.de\/markt\/produkt\/bssok-fahrrad-anhaengerkupplung-fahrradanhaenger-adapter-fuer-kinderanhaenger-fracht-und-haustier-fahrrad-anhaengerkupplung-zubehoer\/#primaryimage"},"image":{"@id":"https:\/\/marktxxl.de\/markt\/produkt\/bssok-fahrrad-anhaengerkupplung-fahrradanhaenger-adapter-fuer-kinderanhaenger-fracht-und-haustier-fahrrad-anhaengerkupplung-zubehoer\/#primaryimage"},"thumbnailUrl":"https:\/\/m.media-amazon.com\/images\/I\/31eHC4wmYGL._SL500_.jpg","datePublished":"2024-07-28T12:28:59+00:00","description":"Markt-XXL BSSOK Fahrrad Anh\u00e4ngerkupplung, Fahrradanh\u00e4nger Adapter f\u00fcr Kinderanh\u00e4nger, Fracht und Haustier Fahrrad Anh\u00e4ngerkupplung Zubeh\u00f6r","breadcrumb":{"@id":"https:\/\/marktxxl.de\/markt\/produkt\/bssok-fahrrad-anhaengerkupplung-fahrradanhaenger-adapter-fuer-kinderanhaenger-fracht-und-haustier-fahrrad-anhaengerkupplung-zubehoer\/#breadcrumb"},"inLanguage":"de","potentialAction":[{"@type":"ReadAction","target":["https:\/\/marktxxl.de\/markt\/produkt\/bssok-fahrrad-anhaengerkupplung-fahrradanhaenger-adapter-fuer-kinderanhaenger-fracht-und-haustier-fahrrad-anhaengerkupplung-zubehoer\/"]}]},{"@type":"ImageObject","inLanguage":"de","@id":"https:\/\/marktxxl.de\/markt\/produkt\/bssok-fahrrad-anhaengerkupplung-fahrradanhaenger-adapter-fuer-kinderanhaenger-fracht-und-haustier-fahrrad-anhaengerkupplung-zubehoer\/#primaryimage","url":"https:\/\/m.media-amazon.com\/images\/I\/31eHC4wmYGL._SL500_.jpg","contentUrl":"https:\/\/m.media-amazon.com\/images\/I\/31eHC4wmYGL._SL500_.jpg","width":500,"height":500},{"@type":"BreadcrumbList","@id":"https:\/\/marktxxl.de\/markt\/produkt\/bssok-fahrrad-anhaengerkupplung-fahrradanhaenger-adapter-fuer-kinderanhaenger-fracht-und-haustier-fahrrad-anhaengerkupplung-zubehoer\/#breadcrumb","itemListElement":[{"@type":"ListItem","position":1,"name":"Startseite","item":"https:\/\/marktxxl.de\/markt\/"},{"@type":"ListItem","position":2,"name":"Markt","item":"https:\/\/marktxxl.de\/markt\/"},{"@type":"ListItem","position":3,"name":"BSSOK Fahrrad Anh\u00e4ngerkupplung, Fahrradanh\u00e4nger Adapter f\u00fcr Kinderanh\u00e4nger, Fracht und Haustier Fahrrad Anh\u00e4ngerkupplung Zubeh\u00f6r"}]},{"@type":"WebSite","@id":"https:\/\/marktxxl.de\/markt\/#website","url":"https:\/\/marktxxl.de\/markt\/","name":"Markt-XXL","description":"Ihr Markt Online","publisher":{"@id":"https:\/\/marktxxl.de\/markt\/#organization"},"potentialAction":[{"@type":"SearchAction","target":{"@type":"EntryPoint","urlTemplate":"https:\/\/marktxxl.de\/markt\/?s={search_term_string}"},"query-input":{"@type":"PropertyValueSpecification","valueRequired":true,"valueName":"search_term_string"}}],"inLanguage":"de"},{"@type":"Organization","@id":"https:\/\/marktxxl.de\/markt\/#organization","name":"Markt-XXL","url":"https:\/\/marktxxl.de\/markt\/","logo":{"@type":"ImageObject","inLanguage":"de","@id":"https:\/\/marktxxl.de\/markt\/#\/schema\/logo\/image\/","url":"https:\/\/marktxxl.de\/markt\/wp-content\/uploads\/sites\/3\/2020\/12\/logo.png","contentUrl":"https:\/\/marktxxl.de\/markt\/wp-content\/uploads\/sites\/3\/2020\/12\/logo.png","width":200,"height":70,"caption":"Markt-XXL"},"image":{"@id":"https:\/\/marktxxl.de\/markt\/#\/schema\/logo\/image\/"}}]}},"_links":{"self":[{"href":"https:\/\/marktxxl.de\/markt\/wp-json\/wp\/v2\/product\/221330","targetHints":{"allow":["GET"]}}],"collection":[{"href":"https:\/\/marktxxl.de\/markt\/wp-json\/wp\/v2\/product"}],"about":[{"href":"https:\/\/marktxxl.de\/markt\/wp-json\/wp\/v2\/types\/product"}],"replies":[{"embeddable":true,"href":"https:\/\/marktxxl.de\/markt\/wp-json\/wp\/v2\/comments?post=221330"}],"wp:featuredmedia":[{"embeddable":true,"href":"https:\/\/marktxxl.de\/markt\/wp-json\/wp\/v2\/media\/221331"}],"wp:attachment":[{"href":"https:\/\/marktxxl.de\/markt\/wp-json\/wp\/v2\/media?parent=221330"}],"wp:term":[{"taxonomy":"product_brand","embeddable":true,"href":"https:\/\/marktxxl.de\/markt\/wp-json\/wp\/v2\/product_brand?post=221330"},{"taxonomy":"product_cat","embeddable":true,"href":"https:\/\/marktxxl.de\/markt\/wp-json\/wp\/v2\/product_cat?post=221330"},{"taxonomy":"product_tag","embeddable":true,"href":"https:\/\/marktxxl.de\/markt\/wp-json\/wp\/v2\/product_tag?post=221330"}],"curies":[{"name":"wp","href":"https:\/\/api.w.org\/{rel}","templated":true}]}}