{"id":221322,"date":"2024-07-28T14:28:53","date_gmt":"2024-07-28T12:28:53","guid":{"rendered":"https:\/\/marktxxl.de\/markt\/produkt\/fat-cat-fahrradanhaenger-kupplung-befestigung-kupplung-schnellspanner-stahl-linker-fahrradanhaenger-anhaengerkupplung-adapter-befestigung-fahrrad-hinterradanhaenger-ersatz-achse-mount-kupplung-und-te\/"},"modified":"2024-07-28T14:28:53","modified_gmt":"2024-07-28T12:28:53","slug":"fat-cat-fahrradanhaenger-kupplung-befestigung-kupplung-schnellspanner-stahl-linker-fahrradanhaenger-anhaengerkupplung-adapter-befestigung-fahrrad-hinterradanhaenger-ersatz-achse-mount-kupplung-und-te","status":"publish","type":"product","link":"https:\/\/marktxxl.de\/markt\/produkt\/fat-cat-fahrradanhaenger-kupplung-befestigung-kupplung-schnellspanner-stahl-linker-fahrradanhaenger-anhaengerkupplung-adapter-befestigung-fahrrad-hinterradanhaenger-ersatz-achse-mount-kupplung-und-te\/","title":{"rendered":"Fat-Cat Fahrradanh\u00e4nger Kupplung Befestigung Kupplung Schnellspanner Stahl Linker Fahrradanh\u00e4nger Anh\u00e4ngerkupplung Adapter Befestigung, Fahrrad Hinterradanh\u00e4nger Ersatz Achse Mount Kupplung und Teile"},"content":{"rendered":"<p>Passend f\u00fcr die meisten Fahrr\u00e4der. Beachten Sie vor Ihrem Kauf, dass die Gr\u00f6\u00dfe des Schaftdurchmessers 1,5 cm betr\u00e4gt, \u00fcberpr\u00fcfen Sie bitte Ihren Anh\u00e4nger, ob er passt.<br \/>\nRobust und langlebig &#8211; aus hochwertigem Stahl.<br \/>\nAus robustem Stahl mit einem geschwei\u00dften Anh\u00e4ngerkupplungsarm in einem ca. 45-Grad-Winkel f\u00fcr ideale Befestigungsposition f\u00fcr viele Arten von Fahrradanh\u00e4ngern<br \/>\nErsatzkupplung f\u00fcr Burley Anh\u00e4nger: funktioniert mit den meisten Burley Kinder- und Frachtanh\u00e4ngern<br \/>\n\u3010Garantie\u3011 30 Tage Geld-zur\u00fcck-Garantie und 12 Monate Garantie.<br \/>\n<div class=\"main-cross-sell\" data-asin=\"B085RHJM7W\">\n\n\t<div class=\"WooZone-cross-sell-loader\">\n\t\t<div>\n\t\t\t<div id=\"floatingBarsG\">\n\t\t\t\t<div class=\"blockG\" id=\"rotateG_01\"><\/div>\n\t\t\t\t<div class=\"blockG\" id=\"rotateG_02\"><\/div>\n\t\t\t\t<div class=\"blockG\" id=\"rotateG_03\"><\/div>\n\t\t\t\t<div class=\"blockG\" id=\"rotateG_04\"><\/div>\n\t\t\t\t<div class=\"blockG\" id=\"rotateG_05\"><\/div>\n\t\t\t\t<div class=\"blockG\" id=\"rotateG_06\"><\/div>\n\t\t\t\t<div class=\"blockG\" id=\"rotateG_07\"><\/div>\n\t\t\t\t<div class=\"blockG\" id=\"rotateG_08\"><\/div>\n\t\t\t<\/div>\n\t\t\t<div class=\"WooZone-cross-sell-loader-text\"><\/div>\n\t\t<\/div>\n\t<\/div>\n\n\t\t\n<\/div>\n<div style=\"clear:both;\"><\/div><\/p>\n","protected":false},"excerpt":{"rendered":"<p>Passend f\u00fcr die meisten Fahrr\u00e4der. Beachten Sie vor Ihrem Kauf, dass die Gr\u00f6\u00dfe des Schaftdurchmessers 1,5 cm betr\u00e4gt, \u00fcberpr\u00fcfen Sie bitte Ihren Anh\u00e4nger, ob er passt.<br \/>\nRobust und langlebig &#8211; aus hochwertigem Stahl.<br \/>\nAus robustem Stahl mit einem geschwei\u00dften Anh\u00e4ngerkupplungsarm in einem ca. 45-Grad-Winkel f\u00fcr ideale Befestigungsposition f\u00fcr viele Arten von Fahrradanh\u00e4ngern<\/p>\n","protected":false},"featured_media":221323,"comment_status":"open","ping_status":"closed","template":"","meta":[],"product_brand":[],"product_cat":[21,9245],"product_tag":[],"class_list":{"0":"post-221322","1":"product","2":"type-product","3":"status-publish","4":"has-post-thumbnail","6":"product_cat-baby","7":"product_cat-fahrradanhaenger-zubehoer-baby","8":"pa_binding-ausruestung","9":"pa_brand-fat-cat","10":"pa_color-schwarz","11":"pa_height-1-zoll","12":"pa_length-7-5-zoll","13":"pa_manufacturer-fat-cat","14":"pa_model-fat-cat","15":"pa_weight-0-6-pounds","16":"pa_width-1-zoll","18":"first","19":"instock","20":"shipping-taxable","21":"purchasable","22":"product-type-simple","23":"customify-col","24":"product-has-gallery"},"yoast_head":"<!-- This site is optimized with the Yoast SEO plugin v27.4 - https:\/\/yoast.com\/product\/yoast-seo-wordpress\/ -->\n<title>Fat-Cat Fahrradanh\u00e4nger Kupplung Befestigung Kupplung Schnellspanner Stahl Linker Fahrradanh\u00e4nger Anh\u00e4ngerkupplung Adapter Befestigung, Fahrrad Hinterradanh\u00e4nger Ersatz Achse Mount Kupplung und Teile - Markt-XXL<\/title>\n<meta name=\"description\" content=\"Markt-XXL Fat-Cat Fahrradanh\u00e4nger Kupplung Befestigung Kupplung Schnellspanner Stahl Linker Fahrradanh\u00e4nger Anh\u00e4ngerkupplung Adapter Befestigung, Fahrrad Hinterradanh\u00e4nger Ersatz Achse Mount Kupplung und Teile\" \/>\n<meta name=\"robots\" content=\"index, follow, max-snippet:-1, max-image-preview:large, max-video-preview:-1\" \/>\n<link rel=\"canonical\" href=\"https:\/\/marktxxl.de\/markt\/produkt\/fat-cat-fahrradanhaenger-kupplung-befestigung-kupplung-schnellspanner-stahl-linker-fahrradanhaenger-anhaengerkupplung-adapter-befestigung-fahrrad-hinterradanhaenger-ersatz-achse-mount-kupplung-und-te\/\" \/>\n<meta property=\"og:locale\" content=\"de_DE\" \/>\n<meta property=\"og:type\" content=\"article\" \/>\n<meta property=\"og:title\" content=\"Fat-Cat Fahrradanh\u00e4nger Kupplung Befestigung Kupplung Schnellspanner Stahl Linker Fahrradanh\u00e4nger Anh\u00e4ngerkupplung Adapter Befestigung, Fahrrad Hinterradanh\u00e4nger Ersatz Achse Mount Kupplung und Teile - Markt-XXL\" \/>\n<meta property=\"og:description\" content=\"Markt-XXL Fat-Cat Fahrradanh\u00e4nger Kupplung Befestigung Kupplung Schnellspanner Stahl Linker Fahrradanh\u00e4nger Anh\u00e4ngerkupplung Adapter Befestigung, Fahrrad Hinterradanh\u00e4nger Ersatz Achse Mount Kupplung und Teile\" \/>\n<meta property=\"og:url\" content=\"https:\/\/marktxxl.de\/markt\/produkt\/fat-cat-fahrradanhaenger-kupplung-befestigung-kupplung-schnellspanner-stahl-linker-fahrradanhaenger-anhaengerkupplung-adapter-befestigung-fahrrad-hinterradanhaenger-ersatz-achse-mount-kupplung-und-te\/\" \/>\n<meta property=\"og:site_name\" content=\"Markt-XXL\" \/>\n<meta name=\"twitter:card\" content=\"summary_large_image\" \/>\n<script type=\"application\/ld+json\" class=\"yoast-schema-graph\">{\"@context\":\"https:\\\/\\\/schema.org\",\"@graph\":[{\"@type\":\"WebPage\",\"@id\":\"https:\\\/\\\/marktxxl.de\\\/markt\\\/produkt\\\/fat-cat-fahrradanhaenger-kupplung-befestigung-kupplung-schnellspanner-stahl-linker-fahrradanhaenger-anhaengerkupplung-adapter-befestigung-fahrrad-hinterradanhaenger-ersatz-achse-mount-kupplung-und-te\\\/\",\"url\":\"https:\\\/\\\/marktxxl.de\\\/markt\\\/produkt\\\/fat-cat-fahrradanhaenger-kupplung-befestigung-kupplung-schnellspanner-stahl-linker-fahrradanhaenger-anhaengerkupplung-adapter-befestigung-fahrrad-hinterradanhaenger-ersatz-achse-mount-kupplung-und-te\\\/\",\"name\":\"Fat-Cat Fahrradanh\u00e4nger Kupplung Befestigung Kupplung Schnellspanner Stahl Linker Fahrradanh\u00e4nger Anh\u00e4ngerkupplung Adapter Befestigung, Fahrrad Hinterradanh\u00e4nger Ersatz Achse Mount Kupplung und Teile - Markt-XXL\",\"isPartOf\":{\"@id\":\"https:\\\/\\\/marktxxl.de\\\/markt\\\/#website\"},\"primaryImageOfPage\":{\"@id\":\"https:\\\/\\\/marktxxl.de\\\/markt\\\/produkt\\\/fat-cat-fahrradanhaenger-kupplung-befestigung-kupplung-schnellspanner-stahl-linker-fahrradanhaenger-anhaengerkupplung-adapter-befestigung-fahrrad-hinterradanhaenger-ersatz-achse-mount-kupplung-und-te\\\/#primaryimage\"},\"image\":{\"@id\":\"https:\\\/\\\/marktxxl.de\\\/markt\\\/produkt\\\/fat-cat-fahrradanhaenger-kupplung-befestigung-kupplung-schnellspanner-stahl-linker-fahrradanhaenger-anhaengerkupplung-adapter-befestigung-fahrrad-hinterradanhaenger-ersatz-achse-mount-kupplung-und-te\\\/#primaryimage\"},\"thumbnailUrl\":\"https:\\\/\\\/m.media-amazon.com\\\/images\\\/I\\\/41-35GzqPUL._SL500_.jpg\",\"datePublished\":\"2024-07-28T12:28:53+00:00\",\"description\":\"Markt-XXL Fat-Cat Fahrradanh\u00e4nger Kupplung Befestigung Kupplung Schnellspanner Stahl Linker Fahrradanh\u00e4nger Anh\u00e4ngerkupplung Adapter Befestigung, Fahrrad Hinterradanh\u00e4nger Ersatz Achse Mount Kupplung und Teile\",\"breadcrumb\":{\"@id\":\"https:\\\/\\\/marktxxl.de\\\/markt\\\/produkt\\\/fat-cat-fahrradanhaenger-kupplung-befestigung-kupplung-schnellspanner-stahl-linker-fahrradanhaenger-anhaengerkupplung-adapter-befestigung-fahrrad-hinterradanhaenger-ersatz-achse-mount-kupplung-und-te\\\/#breadcrumb\"},\"inLanguage\":\"de\",\"potentialAction\":[{\"@type\":\"ReadAction\",\"target\":[\"https:\\\/\\\/marktxxl.de\\\/markt\\\/produkt\\\/fat-cat-fahrradanhaenger-kupplung-befestigung-kupplung-schnellspanner-stahl-linker-fahrradanhaenger-anhaengerkupplung-adapter-befestigung-fahrrad-hinterradanhaenger-ersatz-achse-mount-kupplung-und-te\\\/\"]}]},{\"@type\":\"ImageObject\",\"inLanguage\":\"de\",\"@id\":\"https:\\\/\\\/marktxxl.de\\\/markt\\\/produkt\\\/fat-cat-fahrradanhaenger-kupplung-befestigung-kupplung-schnellspanner-stahl-linker-fahrradanhaenger-anhaengerkupplung-adapter-befestigung-fahrrad-hinterradanhaenger-ersatz-achse-mount-kupplung-und-te\\\/#primaryimage\",\"url\":\"https:\\\/\\\/m.media-amazon.com\\\/images\\\/I\\\/41-35GzqPUL._SL500_.jpg\",\"contentUrl\":\"https:\\\/\\\/m.media-amazon.com\\\/images\\\/I\\\/41-35GzqPUL._SL500_.jpg\",\"width\":500,\"height\":500},{\"@type\":\"BreadcrumbList\",\"@id\":\"https:\\\/\\\/marktxxl.de\\\/markt\\\/produkt\\\/fat-cat-fahrradanhaenger-kupplung-befestigung-kupplung-schnellspanner-stahl-linker-fahrradanhaenger-anhaengerkupplung-adapter-befestigung-fahrrad-hinterradanhaenger-ersatz-achse-mount-kupplung-und-te\\\/#breadcrumb\",\"itemListElement\":[{\"@type\":\"ListItem\",\"position\":1,\"name\":\"Startseite\",\"item\":\"https:\\\/\\\/marktxxl.de\\\/markt\\\/\"},{\"@type\":\"ListItem\",\"position\":2,\"name\":\"Markt\",\"item\":\"https:\\\/\\\/marktxxl.de\\\/markt\\\/\"},{\"@type\":\"ListItem\",\"position\":3,\"name\":\"Fat-Cat Fahrradanh\u00e4nger Kupplung Befestigung Kupplung Schnellspanner Stahl Linker Fahrradanh\u00e4nger Anh\u00e4ngerkupplung Adapter Befestigung, Fahrrad Hinterradanh\u00e4nger Ersatz Achse Mount Kupplung und Teile\"}]},{\"@type\":\"WebSite\",\"@id\":\"https:\\\/\\\/marktxxl.de\\\/markt\\\/#website\",\"url\":\"https:\\\/\\\/marktxxl.de\\\/markt\\\/\",\"name\":\"Markt-XXL\",\"description\":\"Ihr Markt Online\",\"publisher\":{\"@id\":\"https:\\\/\\\/marktxxl.de\\\/markt\\\/#organization\"},\"potentialAction\":[{\"@type\":\"SearchAction\",\"target\":{\"@type\":\"EntryPoint\",\"urlTemplate\":\"https:\\\/\\\/marktxxl.de\\\/markt\\\/?s={search_term_string}\"},\"query-input\":{\"@type\":\"PropertyValueSpecification\",\"valueRequired\":true,\"valueName\":\"search_term_string\"}}],\"inLanguage\":\"de\"},{\"@type\":\"Organization\",\"@id\":\"https:\\\/\\\/marktxxl.de\\\/markt\\\/#organization\",\"name\":\"Markt-XXL\",\"url\":\"https:\\\/\\\/marktxxl.de\\\/markt\\\/\",\"logo\":{\"@type\":\"ImageObject\",\"inLanguage\":\"de\",\"@id\":\"https:\\\/\\\/marktxxl.de\\\/markt\\\/#\\\/schema\\\/logo\\\/image\\\/\",\"url\":\"https:\\\/\\\/marktxxl.de\\\/markt\\\/wp-content\\\/uploads\\\/sites\\\/3\\\/2020\\\/12\\\/logo.png\",\"contentUrl\":\"https:\\\/\\\/marktxxl.de\\\/markt\\\/wp-content\\\/uploads\\\/sites\\\/3\\\/2020\\\/12\\\/logo.png\",\"width\":200,\"height\":70,\"caption\":\"Markt-XXL\"},\"image\":{\"@id\":\"https:\\\/\\\/marktxxl.de\\\/markt\\\/#\\\/schema\\\/logo\\\/image\\\/\"}}]}<\/script>\n<!-- \/ Yoast SEO plugin. -->","yoast_head_json":{"title":"Fat-Cat Fahrradanh\u00e4nger Kupplung Befestigung Kupplung Schnellspanner Stahl Linker Fahrradanh\u00e4nger Anh\u00e4ngerkupplung Adapter Befestigung, Fahrrad Hinterradanh\u00e4nger Ersatz Achse Mount Kupplung und Teile - Markt-XXL","description":"Markt-XXL Fat-Cat Fahrradanh\u00e4nger Kupplung Befestigung Kupplung Schnellspanner Stahl Linker Fahrradanh\u00e4nger Anh\u00e4ngerkupplung Adapter Befestigung, Fahrrad Hinterradanh\u00e4nger Ersatz Achse Mount Kupplung und Teile","robots":{"index":"index","follow":"follow","max-snippet":"max-snippet:-1","max-image-preview":"max-image-preview:large","max-video-preview":"max-video-preview:-1"},"canonical":"https:\/\/marktxxl.de\/markt\/produkt\/fat-cat-fahrradanhaenger-kupplung-befestigung-kupplung-schnellspanner-stahl-linker-fahrradanhaenger-anhaengerkupplung-adapter-befestigung-fahrrad-hinterradanhaenger-ersatz-achse-mount-kupplung-und-te\/","og_locale":"de_DE","og_type":"article","og_title":"Fat-Cat Fahrradanh\u00e4nger Kupplung Befestigung Kupplung Schnellspanner Stahl Linker Fahrradanh\u00e4nger Anh\u00e4ngerkupplung Adapter Befestigung, Fahrrad Hinterradanh\u00e4nger Ersatz Achse Mount Kupplung und Teile - Markt-XXL","og_description":"Markt-XXL Fat-Cat Fahrradanh\u00e4nger Kupplung Befestigung Kupplung Schnellspanner Stahl Linker Fahrradanh\u00e4nger Anh\u00e4ngerkupplung Adapter Befestigung, Fahrrad Hinterradanh\u00e4nger Ersatz Achse Mount Kupplung und Teile","og_url":"https:\/\/marktxxl.de\/markt\/produkt\/fat-cat-fahrradanhaenger-kupplung-befestigung-kupplung-schnellspanner-stahl-linker-fahrradanhaenger-anhaengerkupplung-adapter-befestigung-fahrrad-hinterradanhaenger-ersatz-achse-mount-kupplung-und-te\/","og_site_name":"Markt-XXL","twitter_card":"summary_large_image","schema":{"@context":"https:\/\/schema.org","@graph":[{"@type":"WebPage","@id":"https:\/\/marktxxl.de\/markt\/produkt\/fat-cat-fahrradanhaenger-kupplung-befestigung-kupplung-schnellspanner-stahl-linker-fahrradanhaenger-anhaengerkupplung-adapter-befestigung-fahrrad-hinterradanhaenger-ersatz-achse-mount-kupplung-und-te\/","url":"https:\/\/marktxxl.de\/markt\/produkt\/fat-cat-fahrradanhaenger-kupplung-befestigung-kupplung-schnellspanner-stahl-linker-fahrradanhaenger-anhaengerkupplung-adapter-befestigung-fahrrad-hinterradanhaenger-ersatz-achse-mount-kupplung-und-te\/","name":"Fat-Cat Fahrradanh\u00e4nger Kupplung Befestigung Kupplung Schnellspanner Stahl Linker Fahrradanh\u00e4nger Anh\u00e4ngerkupplung Adapter Befestigung, Fahrrad Hinterradanh\u00e4nger Ersatz Achse Mount Kupplung und Teile - Markt-XXL","isPartOf":{"@id":"https:\/\/marktxxl.de\/markt\/#website"},"primaryImageOfPage":{"@id":"https:\/\/marktxxl.de\/markt\/produkt\/fat-cat-fahrradanhaenger-kupplung-befestigung-kupplung-schnellspanner-stahl-linker-fahrradanhaenger-anhaengerkupplung-adapter-befestigung-fahrrad-hinterradanhaenger-ersatz-achse-mount-kupplung-und-te\/#primaryimage"},"image":{"@id":"https:\/\/marktxxl.de\/markt\/produkt\/fat-cat-fahrradanhaenger-kupplung-befestigung-kupplung-schnellspanner-stahl-linker-fahrradanhaenger-anhaengerkupplung-adapter-befestigung-fahrrad-hinterradanhaenger-ersatz-achse-mount-kupplung-und-te\/#primaryimage"},"thumbnailUrl":"https:\/\/m.media-amazon.com\/images\/I\/41-35GzqPUL._SL500_.jpg","datePublished":"2024-07-28T12:28:53+00:00","description":"Markt-XXL Fat-Cat Fahrradanh\u00e4nger Kupplung Befestigung Kupplung Schnellspanner Stahl Linker Fahrradanh\u00e4nger Anh\u00e4ngerkupplung Adapter Befestigung, Fahrrad Hinterradanh\u00e4nger Ersatz Achse Mount Kupplung und Teile","breadcrumb":{"@id":"https:\/\/marktxxl.de\/markt\/produkt\/fat-cat-fahrradanhaenger-kupplung-befestigung-kupplung-schnellspanner-stahl-linker-fahrradanhaenger-anhaengerkupplung-adapter-befestigung-fahrrad-hinterradanhaenger-ersatz-achse-mount-kupplung-und-te\/#breadcrumb"},"inLanguage":"de","potentialAction":[{"@type":"ReadAction","target":["https:\/\/marktxxl.de\/markt\/produkt\/fat-cat-fahrradanhaenger-kupplung-befestigung-kupplung-schnellspanner-stahl-linker-fahrradanhaenger-anhaengerkupplung-adapter-befestigung-fahrrad-hinterradanhaenger-ersatz-achse-mount-kupplung-und-te\/"]}]},{"@type":"ImageObject","inLanguage":"de","@id":"https:\/\/marktxxl.de\/markt\/produkt\/fat-cat-fahrradanhaenger-kupplung-befestigung-kupplung-schnellspanner-stahl-linker-fahrradanhaenger-anhaengerkupplung-adapter-befestigung-fahrrad-hinterradanhaenger-ersatz-achse-mount-kupplung-und-te\/#primaryimage","url":"https:\/\/m.media-amazon.com\/images\/I\/41-35GzqPUL._SL500_.jpg","contentUrl":"https:\/\/m.media-amazon.com\/images\/I\/41-35GzqPUL._SL500_.jpg","width":500,"height":500},{"@type":"BreadcrumbList","@id":"https:\/\/marktxxl.de\/markt\/produkt\/fat-cat-fahrradanhaenger-kupplung-befestigung-kupplung-schnellspanner-stahl-linker-fahrradanhaenger-anhaengerkupplung-adapter-befestigung-fahrrad-hinterradanhaenger-ersatz-achse-mount-kupplung-und-te\/#breadcrumb","itemListElement":[{"@type":"ListItem","position":1,"name":"Startseite","item":"https:\/\/marktxxl.de\/markt\/"},{"@type":"ListItem","position":2,"name":"Markt","item":"https:\/\/marktxxl.de\/markt\/"},{"@type":"ListItem","position":3,"name":"Fat-Cat Fahrradanh\u00e4nger Kupplung Befestigung Kupplung Schnellspanner Stahl Linker Fahrradanh\u00e4nger Anh\u00e4ngerkupplung Adapter Befestigung, Fahrrad Hinterradanh\u00e4nger Ersatz Achse Mount Kupplung und Teile"}]},{"@type":"WebSite","@id":"https:\/\/marktxxl.de\/markt\/#website","url":"https:\/\/marktxxl.de\/markt\/","name":"Markt-XXL","description":"Ihr Markt Online","publisher":{"@id":"https:\/\/marktxxl.de\/markt\/#organization"},"potentialAction":[{"@type":"SearchAction","target":{"@type":"EntryPoint","urlTemplate":"https:\/\/marktxxl.de\/markt\/?s={search_term_string}"},"query-input":{"@type":"PropertyValueSpecification","valueRequired":true,"valueName":"search_term_string"}}],"inLanguage":"de"},{"@type":"Organization","@id":"https:\/\/marktxxl.de\/markt\/#organization","name":"Markt-XXL","url":"https:\/\/marktxxl.de\/markt\/","logo":{"@type":"ImageObject","inLanguage":"de","@id":"https:\/\/marktxxl.de\/markt\/#\/schema\/logo\/image\/","url":"https:\/\/marktxxl.de\/markt\/wp-content\/uploads\/sites\/3\/2020\/12\/logo.png","contentUrl":"https:\/\/marktxxl.de\/markt\/wp-content\/uploads\/sites\/3\/2020\/12\/logo.png","width":200,"height":70,"caption":"Markt-XXL"},"image":{"@id":"https:\/\/marktxxl.de\/markt\/#\/schema\/logo\/image\/"}}]}},"_links":{"self":[{"href":"https:\/\/marktxxl.de\/markt\/wp-json\/wp\/v2\/product\/221322","targetHints":{"allow":["GET"]}}],"collection":[{"href":"https:\/\/marktxxl.de\/markt\/wp-json\/wp\/v2\/product"}],"about":[{"href":"https:\/\/marktxxl.de\/markt\/wp-json\/wp\/v2\/types\/product"}],"replies":[{"embeddable":true,"href":"https:\/\/marktxxl.de\/markt\/wp-json\/wp\/v2\/comments?post=221322"}],"wp:featuredmedia":[{"embeddable":true,"href":"https:\/\/marktxxl.de\/markt\/wp-json\/wp\/v2\/media\/221323"}],"wp:attachment":[{"href":"https:\/\/marktxxl.de\/markt\/wp-json\/wp\/v2\/media?parent=221322"}],"wp:term":[{"taxonomy":"product_brand","embeddable":true,"href":"https:\/\/marktxxl.de\/markt\/wp-json\/wp\/v2\/product_brand?post=221322"},{"taxonomy":"product_cat","embeddable":true,"href":"https:\/\/marktxxl.de\/markt\/wp-json\/wp\/v2\/product_cat?post=221322"},{"taxonomy":"product_tag","embeddable":true,"href":"https:\/\/marktxxl.de\/markt\/wp-json\/wp\/v2\/product_tag?post=221322"}],"curies":[{"name":"wp","href":"https:\/\/api.w.org\/{rel}","templated":true}]}}