{"id":221199,"date":"2024-07-28T14:23:14","date_gmt":"2024-07-28T12:23:14","guid":{"rendered":"https:\/\/marktxxl.de\/markt\/produkt\/mutterpasshuelle-aus-handgefertigtem-filzmit-faechern-zur-aufbewahrung-von-versicherungskartenultraschallbildern-und-impfpass-uswsuesses-geschenk-fuer-schwangerinen-und-zukunftige-muetter\/"},"modified":"2024-07-28T14:23:14","modified_gmt":"2024-07-28T12:23:14","slug":"mutterpasshuelle-aus-handgefertigtem-filzmit-faechern-zur-aufbewahrung-von-versicherungskartenultraschallbildern-und-impfpass-uswsuesses-geschenk-fuer-schwangerinen-und-zukunftige-muetter","status":"publish","type":"product","link":"https:\/\/marktxxl.de\/markt\/produkt\/mutterpasshuelle-aus-handgefertigtem-filzmit-faechern-zur-aufbewahrung-von-versicherungskartenultraschallbildern-und-impfpass-uswsuesses-geschenk-fuer-schwangerinen-und-zukunftige-muetter\/","title":{"rendered":"Mutterpassh\u00fclle aus Handgefertigtem Filz,mit F\u00e4chern zur Aufbewahrung von Versicherungskarten,Ultraschallbildern und Impfpass usw,S\u00fc\u00dfes Geschenk f\u00fcr Schwangerinen und Zukunftige M\u00fctter"},"content":{"rendered":"<p>Exklusiv f\u00fcr Sie\u2015Obwohl wir zuvor noch nie getroffen haben, um eine Ihren Bed\u00fcrfnissen entsprichte H\u00fclle zu entwerfen , haben wir unter einer Kombination von Marktforschung und die Stimmen vieler schwangerinen diese dunkelgrau Filzmaterials mit Handstickerei und Mutterpassh\u00fclle mit hoher N\u00e4hqualit\u00e4t erforscht.<br \/>\nLeistungsstarke Speicherplatz\u2015es ist dick und weich, ehreren F\u00e4chern gelten f\u00fcr gute Lagerung von Ultraschallbildern, Versicherungskarten und Impfstoffzertifikaten, auch wenn Ihr Ged\u00e4chtnis nach der Schwangerschaft schwach konnte, werden Sie mit dieser Produckt keine Faltbl\u00e4tter oder Brosch\u00fcren \u00fcber den Geburtsscheck w\u00e4hrend der Schwangerschaft verlieren.<br \/>\nVorz\u00fcgliche Sicherungsrasterung\u2015Wir haben eine starke und sch\u00f6n Gummiband verziert f\u00fcr die Mutterpass schutzh\u00fclle anstatt eines verderblichen Taste Schnalle Schutzh\u00fclle. Sie k\u00f6nnen schnell und einfach \u00f6ffnen und schlie\u00dfen sich damit nur einer Hand, es wird mehr haltbar und sparen Geld.<br \/>\nEine Liste von Geschenken f\u00fcr schwangere M\u00fctter\u2015zukunfige M\u00fctter, die mit einem neuen Leben schwanger sind &#8211; strahlen m\u00fctterliche Brillanz aus. Diese Art von Z\u00e4rtlichkeit von Herzen ist die sch\u00f6nste. Der von Marvelights produzierte Mutterpass gibt jeder schwangerin das beste Gef\u00fchl von Sicherheit und Gl\u00fcck w\u00e4hrend der Schwangerschaft.<br \/>\nQualit\u00e4t einkaufen Garantie\u2015Wir glauben , dass die Qualit\u00e4t unserer Produkte 100% gut ist. Wenn Sie mit dem Produkt nicht zufrieden sind oder andere Fragen haben, bitte schreiben Sie uns direkt, werden wir eine zufriedenstellende L\u00f6sung f\u00fcr find und bieten Ihnen 100% Einkaufserlebnis an.<br \/>\n<div class=\"main-cross-sell\" data-asin=\"B0BGWXTZNG\">\n\n\t<div class=\"WooZone-cross-sell-loader\">\n\t\t<div>\n\t\t\t<div id=\"floatingBarsG\">\n\t\t\t\t<div class=\"blockG\" id=\"rotateG_01\"><\/div>\n\t\t\t\t<div class=\"blockG\" id=\"rotateG_02\"><\/div>\n\t\t\t\t<div class=\"blockG\" id=\"rotateG_03\"><\/div>\n\t\t\t\t<div class=\"blockG\" id=\"rotateG_04\"><\/div>\n\t\t\t\t<div class=\"blockG\" id=\"rotateG_05\"><\/div>\n\t\t\t\t<div class=\"blockG\" id=\"rotateG_06\"><\/div>\n\t\t\t\t<div class=\"blockG\" id=\"rotateG_07\"><\/div>\n\t\t\t\t<div class=\"blockG\" id=\"rotateG_08\"><\/div>\n\t\t\t<\/div>\n\t\t\t<div class=\"WooZone-cross-sell-loader-text\"><\/div>\n\t\t<\/div>\n\t<\/div>\n\n\t\t\n<\/div>\n<div style=\"clear:both;\"><\/div><\/p>\n","protected":false},"excerpt":{"rendered":"<p>Exklusiv f\u00fcr Sie\u2015Obwohl wir zuvor noch nie getroffen haben, um eine Ihren Bed\u00fcrfnissen entsprichte H\u00fclle zu entwerfen , haben wir unter einer Kombination von Marktforschung und die Stimmen vieler schwangerinen diese dunkelgrau Filzmaterials mit Handstickerei und Mutterpassh\u00fclle mit hoher N\u00e4hqualit\u00e4t erforscht.<br \/>\nLeistungsstarke Speicherplatz\u2015es ist dick und weich, ehreren F\u00e4chern gelten f\u00fcr gute Lagerung von Ultraschallbildern, Versicherungskarten und Impfstoffzertifikaten, auch wenn Ihr Ged\u00e4chtnis nach der Schwangerschaft schwach konnte, werden Sie mit dieser Produckt keine Faltbl\u00e4tter oder Brosch\u00fcren \u00fcber den Geburtsscheck w\u00e4hrend der Schwangerschaft verlieren.<br \/>\nVorz\u00fcgliche Sicherungsrasterung\u2015Wir haben eine starke und sch\u00f6n Gummiband verziert f\u00fcr die Mutterpass schutzh\u00fclle anstatt eines verderblichen Taste Schnalle Schutzh\u00fclle. Sie k\u00f6nnen schnell und einfach \u00f6ffnen und schlie\u00dfen sich damit nur einer Hand, es wird mehr haltbar und sparen Geld.<\/p>\n","protected":false},"featured_media":221200,"comment_status":"open","ping_status":"closed","template":"","meta":[],"product_brand":[],"product_cat":[21,8929],"product_tag":[],"class_list":{"0":"post-221199","1":"product","2":"type-product","3":"status-publish","4":"has-post-thumbnail","6":"product_cat-baby","7":"product_cat-babygeschenke-baby","8":"pa_binding-babyartikel","9":"pa_brand-marvelights","10":"pa_manufacturer-marvelights","12":"first","13":"instock","14":"shipping-taxable","15":"product-type-simple","16":"customify-col","17":"product-has-gallery"},"yoast_head":"<!-- This site is optimized with the Yoast SEO plugin v27.4 - https:\/\/yoast.com\/product\/yoast-seo-wordpress\/ -->\n<title>Mutterpassh\u00fclle aus Handgefertigtem Filz,mit F\u00e4chern zur Aufbewahrung von Versicherungskarten,Ultraschallbildern und Impfpass usw,S\u00fc\u00dfes Geschenk f\u00fcr Schwangerinen und Zukunftige M\u00fctter - Markt-XXL<\/title>\n<meta name=\"description\" content=\"Markt-XXL Mutterpassh\u00fclle aus Handgefertigtem Filz,mit F\u00e4chern zur Aufbewahrung von Versicherungskarten,Ultraschallbildern und Impfpass usw,S\u00fc\u00dfes Geschenk f\u00fcr Schwangerinen und Zukunftige M\u00fctter\" \/>\n<meta name=\"robots\" content=\"index, follow, max-snippet:-1, max-image-preview:large, max-video-preview:-1\" \/>\n<link rel=\"canonical\" href=\"https:\/\/marktxxl.de\/markt\/produkt\/mutterpasshuelle-aus-handgefertigtem-filzmit-faechern-zur-aufbewahrung-von-versicherungskartenultraschallbildern-und-impfpass-uswsuesses-geschenk-fuer-schwangerinen-und-zukunftige-muetter\/\" \/>\n<meta property=\"og:locale\" content=\"de_DE\" \/>\n<meta property=\"og:type\" content=\"article\" \/>\n<meta property=\"og:title\" content=\"Mutterpassh\u00fclle aus Handgefertigtem Filz,mit F\u00e4chern zur Aufbewahrung von Versicherungskarten,Ultraschallbildern und Impfpass usw,S\u00fc\u00dfes Geschenk f\u00fcr Schwangerinen und Zukunftige M\u00fctter - Markt-XXL\" \/>\n<meta property=\"og:description\" content=\"Markt-XXL Mutterpassh\u00fclle aus Handgefertigtem Filz,mit F\u00e4chern zur Aufbewahrung von Versicherungskarten,Ultraschallbildern und Impfpass usw,S\u00fc\u00dfes Geschenk f\u00fcr Schwangerinen und Zukunftige M\u00fctter\" \/>\n<meta property=\"og:url\" content=\"https:\/\/marktxxl.de\/markt\/produkt\/mutterpasshuelle-aus-handgefertigtem-filzmit-faechern-zur-aufbewahrung-von-versicherungskartenultraschallbildern-und-impfpass-uswsuesses-geschenk-fuer-schwangerinen-und-zukunftige-muetter\/\" \/>\n<meta property=\"og:site_name\" content=\"Markt-XXL\" \/>\n<meta name=\"twitter:card\" content=\"summary_large_image\" \/>\n<meta name=\"twitter:label1\" content=\"Gesch\u00e4tzte Lesezeit\" \/>\n\t<meta name=\"twitter:data1\" content=\"1\u00a0Minute\" \/>\n<script type=\"application\/ld+json\" class=\"yoast-schema-graph\">{\"@context\":\"https:\\\/\\\/schema.org\",\"@graph\":[{\"@type\":\"WebPage\",\"@id\":\"https:\\\/\\\/marktxxl.de\\\/markt\\\/produkt\\\/mutterpasshuelle-aus-handgefertigtem-filzmit-faechern-zur-aufbewahrung-von-versicherungskartenultraschallbildern-und-impfpass-uswsuesses-geschenk-fuer-schwangerinen-und-zukunftige-muetter\\\/\",\"url\":\"https:\\\/\\\/marktxxl.de\\\/markt\\\/produkt\\\/mutterpasshuelle-aus-handgefertigtem-filzmit-faechern-zur-aufbewahrung-von-versicherungskartenultraschallbildern-und-impfpass-uswsuesses-geschenk-fuer-schwangerinen-und-zukunftige-muetter\\\/\",\"name\":\"Mutterpassh\u00fclle aus Handgefertigtem Filz,mit F\u00e4chern zur Aufbewahrung von Versicherungskarten,Ultraschallbildern und Impfpass usw,S\u00fc\u00dfes Geschenk f\u00fcr Schwangerinen und Zukunftige M\u00fctter - Markt-XXL\",\"isPartOf\":{\"@id\":\"https:\\\/\\\/marktxxl.de\\\/markt\\\/#website\"},\"primaryImageOfPage\":{\"@id\":\"https:\\\/\\\/marktxxl.de\\\/markt\\\/produkt\\\/mutterpasshuelle-aus-handgefertigtem-filzmit-faechern-zur-aufbewahrung-von-versicherungskartenultraschallbildern-und-impfpass-uswsuesses-geschenk-fuer-schwangerinen-und-zukunftige-muetter\\\/#primaryimage\"},\"image\":{\"@id\":\"https:\\\/\\\/marktxxl.de\\\/markt\\\/produkt\\\/mutterpasshuelle-aus-handgefertigtem-filzmit-faechern-zur-aufbewahrung-von-versicherungskartenultraschallbildern-und-impfpass-uswsuesses-geschenk-fuer-schwangerinen-und-zukunftige-muetter\\\/#primaryimage\"},\"thumbnailUrl\":\"https:\\\/\\\/m.media-amazon.com\\\/images\\\/I\\\/41E3jE2gMZL._SL500_.jpg\",\"datePublished\":\"2024-07-28T12:23:14+00:00\",\"description\":\"Markt-XXL Mutterpassh\u00fclle aus Handgefertigtem Filz,mit F\u00e4chern zur Aufbewahrung von Versicherungskarten,Ultraschallbildern und Impfpass usw,S\u00fc\u00dfes Geschenk f\u00fcr Schwangerinen und Zukunftige M\u00fctter\",\"breadcrumb\":{\"@id\":\"https:\\\/\\\/marktxxl.de\\\/markt\\\/produkt\\\/mutterpasshuelle-aus-handgefertigtem-filzmit-faechern-zur-aufbewahrung-von-versicherungskartenultraschallbildern-und-impfpass-uswsuesses-geschenk-fuer-schwangerinen-und-zukunftige-muetter\\\/#breadcrumb\"},\"inLanguage\":\"de\",\"potentialAction\":[{\"@type\":\"ReadAction\",\"target\":[\"https:\\\/\\\/marktxxl.de\\\/markt\\\/produkt\\\/mutterpasshuelle-aus-handgefertigtem-filzmit-faechern-zur-aufbewahrung-von-versicherungskartenultraschallbildern-und-impfpass-uswsuesses-geschenk-fuer-schwangerinen-und-zukunftige-muetter\\\/\"]}]},{\"@type\":\"ImageObject\",\"inLanguage\":\"de\",\"@id\":\"https:\\\/\\\/marktxxl.de\\\/markt\\\/produkt\\\/mutterpasshuelle-aus-handgefertigtem-filzmit-faechern-zur-aufbewahrung-von-versicherungskartenultraschallbildern-und-impfpass-uswsuesses-geschenk-fuer-schwangerinen-und-zukunftige-muetter\\\/#primaryimage\",\"url\":\"https:\\\/\\\/m.media-amazon.com\\\/images\\\/I\\\/41E3jE2gMZL._SL500_.jpg\",\"contentUrl\":\"https:\\\/\\\/m.media-amazon.com\\\/images\\\/I\\\/41E3jE2gMZL._SL500_.jpg\",\"width\":500,\"height\":500},{\"@type\":\"BreadcrumbList\",\"@id\":\"https:\\\/\\\/marktxxl.de\\\/markt\\\/produkt\\\/mutterpasshuelle-aus-handgefertigtem-filzmit-faechern-zur-aufbewahrung-von-versicherungskartenultraschallbildern-und-impfpass-uswsuesses-geschenk-fuer-schwangerinen-und-zukunftige-muetter\\\/#breadcrumb\",\"itemListElement\":[{\"@type\":\"ListItem\",\"position\":1,\"name\":\"Startseite\",\"item\":\"https:\\\/\\\/marktxxl.de\\\/markt\\\/\"},{\"@type\":\"ListItem\",\"position\":2,\"name\":\"Markt\",\"item\":\"https:\\\/\\\/marktxxl.de\\\/markt\\\/\"},{\"@type\":\"ListItem\",\"position\":3,\"name\":\"Mutterpassh\u00fclle aus Handgefertigtem Filz,mit F\u00e4chern zur Aufbewahrung von Versicherungskarten,Ultraschallbildern und Impfpass usw,S\u00fc\u00dfes Geschenk f\u00fcr Schwangerinen und Zukunftige M\u00fctter\"}]},{\"@type\":\"WebSite\",\"@id\":\"https:\\\/\\\/marktxxl.de\\\/markt\\\/#website\",\"url\":\"https:\\\/\\\/marktxxl.de\\\/markt\\\/\",\"name\":\"Markt-XXL\",\"description\":\"Ihr Markt Online\",\"publisher\":{\"@id\":\"https:\\\/\\\/marktxxl.de\\\/markt\\\/#organization\"},\"potentialAction\":[{\"@type\":\"SearchAction\",\"target\":{\"@type\":\"EntryPoint\",\"urlTemplate\":\"https:\\\/\\\/marktxxl.de\\\/markt\\\/?s={search_term_string}\"},\"query-input\":{\"@type\":\"PropertyValueSpecification\",\"valueRequired\":true,\"valueName\":\"search_term_string\"}}],\"inLanguage\":\"de\"},{\"@type\":\"Organization\",\"@id\":\"https:\\\/\\\/marktxxl.de\\\/markt\\\/#organization\",\"name\":\"Markt-XXL\",\"url\":\"https:\\\/\\\/marktxxl.de\\\/markt\\\/\",\"logo\":{\"@type\":\"ImageObject\",\"inLanguage\":\"de\",\"@id\":\"https:\\\/\\\/marktxxl.de\\\/markt\\\/#\\\/schema\\\/logo\\\/image\\\/\",\"url\":\"https:\\\/\\\/marktxxl.de\\\/markt\\\/wp-content\\\/uploads\\\/sites\\\/3\\\/2020\\\/12\\\/logo.png\",\"contentUrl\":\"https:\\\/\\\/marktxxl.de\\\/markt\\\/wp-content\\\/uploads\\\/sites\\\/3\\\/2020\\\/12\\\/logo.png\",\"width\":200,\"height\":70,\"caption\":\"Markt-XXL\"},\"image\":{\"@id\":\"https:\\\/\\\/marktxxl.de\\\/markt\\\/#\\\/schema\\\/logo\\\/image\\\/\"}}]}<\/script>\n<!-- \/ Yoast SEO plugin. -->","yoast_head_json":{"title":"Mutterpassh\u00fclle aus Handgefertigtem Filz,mit F\u00e4chern zur Aufbewahrung von Versicherungskarten,Ultraschallbildern und Impfpass usw,S\u00fc\u00dfes Geschenk f\u00fcr Schwangerinen und Zukunftige M\u00fctter - Markt-XXL","description":"Markt-XXL Mutterpassh\u00fclle aus Handgefertigtem Filz,mit F\u00e4chern zur Aufbewahrung von Versicherungskarten,Ultraschallbildern und Impfpass usw,S\u00fc\u00dfes Geschenk f\u00fcr Schwangerinen und Zukunftige M\u00fctter","robots":{"index":"index","follow":"follow","max-snippet":"max-snippet:-1","max-image-preview":"max-image-preview:large","max-video-preview":"max-video-preview:-1"},"canonical":"https:\/\/marktxxl.de\/markt\/produkt\/mutterpasshuelle-aus-handgefertigtem-filzmit-faechern-zur-aufbewahrung-von-versicherungskartenultraschallbildern-und-impfpass-uswsuesses-geschenk-fuer-schwangerinen-und-zukunftige-muetter\/","og_locale":"de_DE","og_type":"article","og_title":"Mutterpassh\u00fclle aus Handgefertigtem Filz,mit F\u00e4chern zur Aufbewahrung von Versicherungskarten,Ultraschallbildern und Impfpass usw,S\u00fc\u00dfes Geschenk f\u00fcr Schwangerinen und Zukunftige M\u00fctter - Markt-XXL","og_description":"Markt-XXL Mutterpassh\u00fclle aus Handgefertigtem Filz,mit F\u00e4chern zur Aufbewahrung von Versicherungskarten,Ultraschallbildern und Impfpass usw,S\u00fc\u00dfes Geschenk f\u00fcr Schwangerinen und Zukunftige M\u00fctter","og_url":"https:\/\/marktxxl.de\/markt\/produkt\/mutterpasshuelle-aus-handgefertigtem-filzmit-faechern-zur-aufbewahrung-von-versicherungskartenultraschallbildern-und-impfpass-uswsuesses-geschenk-fuer-schwangerinen-und-zukunftige-muetter\/","og_site_name":"Markt-XXL","twitter_card":"summary_large_image","twitter_misc":{"Gesch\u00e4tzte Lesezeit":"1\u00a0Minute"},"schema":{"@context":"https:\/\/schema.org","@graph":[{"@type":"WebPage","@id":"https:\/\/marktxxl.de\/markt\/produkt\/mutterpasshuelle-aus-handgefertigtem-filzmit-faechern-zur-aufbewahrung-von-versicherungskartenultraschallbildern-und-impfpass-uswsuesses-geschenk-fuer-schwangerinen-und-zukunftige-muetter\/","url":"https:\/\/marktxxl.de\/markt\/produkt\/mutterpasshuelle-aus-handgefertigtem-filzmit-faechern-zur-aufbewahrung-von-versicherungskartenultraschallbildern-und-impfpass-uswsuesses-geschenk-fuer-schwangerinen-und-zukunftige-muetter\/","name":"Mutterpassh\u00fclle aus Handgefertigtem Filz,mit F\u00e4chern zur Aufbewahrung von Versicherungskarten,Ultraschallbildern und Impfpass usw,S\u00fc\u00dfes Geschenk f\u00fcr Schwangerinen und Zukunftige M\u00fctter - Markt-XXL","isPartOf":{"@id":"https:\/\/marktxxl.de\/markt\/#website"},"primaryImageOfPage":{"@id":"https:\/\/marktxxl.de\/markt\/produkt\/mutterpasshuelle-aus-handgefertigtem-filzmit-faechern-zur-aufbewahrung-von-versicherungskartenultraschallbildern-und-impfpass-uswsuesses-geschenk-fuer-schwangerinen-und-zukunftige-muetter\/#primaryimage"},"image":{"@id":"https:\/\/marktxxl.de\/markt\/produkt\/mutterpasshuelle-aus-handgefertigtem-filzmit-faechern-zur-aufbewahrung-von-versicherungskartenultraschallbildern-und-impfpass-uswsuesses-geschenk-fuer-schwangerinen-und-zukunftige-muetter\/#primaryimage"},"thumbnailUrl":"https:\/\/m.media-amazon.com\/images\/I\/41E3jE2gMZL._SL500_.jpg","datePublished":"2024-07-28T12:23:14+00:00","description":"Markt-XXL Mutterpassh\u00fclle aus Handgefertigtem Filz,mit F\u00e4chern zur Aufbewahrung von Versicherungskarten,Ultraschallbildern und Impfpass usw,S\u00fc\u00dfes Geschenk f\u00fcr Schwangerinen und Zukunftige M\u00fctter","breadcrumb":{"@id":"https:\/\/marktxxl.de\/markt\/produkt\/mutterpasshuelle-aus-handgefertigtem-filzmit-faechern-zur-aufbewahrung-von-versicherungskartenultraschallbildern-und-impfpass-uswsuesses-geschenk-fuer-schwangerinen-und-zukunftige-muetter\/#breadcrumb"},"inLanguage":"de","potentialAction":[{"@type":"ReadAction","target":["https:\/\/marktxxl.de\/markt\/produkt\/mutterpasshuelle-aus-handgefertigtem-filzmit-faechern-zur-aufbewahrung-von-versicherungskartenultraschallbildern-und-impfpass-uswsuesses-geschenk-fuer-schwangerinen-und-zukunftige-muetter\/"]}]},{"@type":"ImageObject","inLanguage":"de","@id":"https:\/\/marktxxl.de\/markt\/produkt\/mutterpasshuelle-aus-handgefertigtem-filzmit-faechern-zur-aufbewahrung-von-versicherungskartenultraschallbildern-und-impfpass-uswsuesses-geschenk-fuer-schwangerinen-und-zukunftige-muetter\/#primaryimage","url":"https:\/\/m.media-amazon.com\/images\/I\/41E3jE2gMZL._SL500_.jpg","contentUrl":"https:\/\/m.media-amazon.com\/images\/I\/41E3jE2gMZL._SL500_.jpg","width":500,"height":500},{"@type":"BreadcrumbList","@id":"https:\/\/marktxxl.de\/markt\/produkt\/mutterpasshuelle-aus-handgefertigtem-filzmit-faechern-zur-aufbewahrung-von-versicherungskartenultraschallbildern-und-impfpass-uswsuesses-geschenk-fuer-schwangerinen-und-zukunftige-muetter\/#breadcrumb","itemListElement":[{"@type":"ListItem","position":1,"name":"Startseite","item":"https:\/\/marktxxl.de\/markt\/"},{"@type":"ListItem","position":2,"name":"Markt","item":"https:\/\/marktxxl.de\/markt\/"},{"@type":"ListItem","position":3,"name":"Mutterpassh\u00fclle aus Handgefertigtem Filz,mit F\u00e4chern zur Aufbewahrung von Versicherungskarten,Ultraschallbildern und Impfpass usw,S\u00fc\u00dfes Geschenk f\u00fcr Schwangerinen und Zukunftige M\u00fctter"}]},{"@type":"WebSite","@id":"https:\/\/marktxxl.de\/markt\/#website","url":"https:\/\/marktxxl.de\/markt\/","name":"Markt-XXL","description":"Ihr Markt Online","publisher":{"@id":"https:\/\/marktxxl.de\/markt\/#organization"},"potentialAction":[{"@type":"SearchAction","target":{"@type":"EntryPoint","urlTemplate":"https:\/\/marktxxl.de\/markt\/?s={search_term_string}"},"query-input":{"@type":"PropertyValueSpecification","valueRequired":true,"valueName":"search_term_string"}}],"inLanguage":"de"},{"@type":"Organization","@id":"https:\/\/marktxxl.de\/markt\/#organization","name":"Markt-XXL","url":"https:\/\/marktxxl.de\/markt\/","logo":{"@type":"ImageObject","inLanguage":"de","@id":"https:\/\/marktxxl.de\/markt\/#\/schema\/logo\/image\/","url":"https:\/\/marktxxl.de\/markt\/wp-content\/uploads\/sites\/3\/2020\/12\/logo.png","contentUrl":"https:\/\/marktxxl.de\/markt\/wp-content\/uploads\/sites\/3\/2020\/12\/logo.png","width":200,"height":70,"caption":"Markt-XXL"},"image":{"@id":"https:\/\/marktxxl.de\/markt\/#\/schema\/logo\/image\/"}}]}},"_links":{"self":[{"href":"https:\/\/marktxxl.de\/markt\/wp-json\/wp\/v2\/product\/221199","targetHints":{"allow":["GET"]}}],"collection":[{"href":"https:\/\/marktxxl.de\/markt\/wp-json\/wp\/v2\/product"}],"about":[{"href":"https:\/\/marktxxl.de\/markt\/wp-json\/wp\/v2\/types\/product"}],"replies":[{"embeddable":true,"href":"https:\/\/marktxxl.de\/markt\/wp-json\/wp\/v2\/comments?post=221199"}],"wp:featuredmedia":[{"embeddable":true,"href":"https:\/\/marktxxl.de\/markt\/wp-json\/wp\/v2\/media\/221200"}],"wp:attachment":[{"href":"https:\/\/marktxxl.de\/markt\/wp-json\/wp\/v2\/media?parent=221199"}],"wp:term":[{"taxonomy":"product_brand","embeddable":true,"href":"https:\/\/marktxxl.de\/markt\/wp-json\/wp\/v2\/product_brand?post=221199"},{"taxonomy":"product_cat","embeddable":true,"href":"https:\/\/marktxxl.de\/markt\/wp-json\/wp\/v2\/product_cat?post=221199"},{"taxonomy":"product_tag","embeddable":true,"href":"https:\/\/marktxxl.de\/markt\/wp-json\/wp\/v2\/product_tag?post=221199"}],"curies":[{"name":"wp","href":"https:\/\/api.w.org\/{rel}","templated":true}]}}