{"id":221191,"date":"2024-07-28T14:23:08","date_gmt":"2024-07-28T12:23:08","guid":{"rendered":"https:\/\/marktxxl.de\/markt\/produkt\/olgs-u-heft-huellen-transparent-3-teilig-uheft-schutzhuellen-fuer-kinderuntersuchungsheft-aus-kunststoff-untersuchungsheft-huellen-zur-geburt-fuer-baby-und-kinder-blanko\/"},"modified":"2024-07-28T14:23:08","modified_gmt":"2024-07-28T12:23:08","slug":"olgs-u-heft-huellen-transparent-3-teilig-uheft-schutzhuellen-fuer-kinderuntersuchungsheft-aus-kunststoff-untersuchungsheft-huellen-zur-geburt-fuer-baby-und-kinder-blanko","status":"publish","type":"product","link":"https:\/\/marktxxl.de\/markt\/produkt\/olgs-u-heft-huellen-transparent-3-teilig-uheft-schutzhuellen-fuer-kinderuntersuchungsheft-aus-kunststoff-untersuchungsheft-huellen-zur-geburt-fuer-baby-und-kinder-blanko\/","title":{"rendered":"OLGS U-Heft H\u00fcllen transparent 3-teilig | Uheft Schutzh\u00fcllen f\u00fcr Kinderuntersuchungsheft aus Kunststoff | Untersuchungsheft H\u00fcllen zur Geburt f\u00fcr Baby und Kinder Blanko"},"content":{"rendered":"<p>\u2714\u3010PLATZ F\u00dcR IMPFPASS UND VERSICHERTENKARTE\u3011: Die transparente U-Hefth\u00fclle ist mit einem zus\u00e4tzlichen Fach ausgestattet, in dem die Versichertenkarte und der Impfausweis des Kindes seinen eigenen Platz finden und somit nicht verloren gehen. Beim n\u00e4chsten Kinderarzt Besuch hat man alles zur Hand, das Kinderuntersuchungsheft, den Impfpass und die Versichertenkarte und alles ist in der durchsichtigen H\u00fclle gut gesch\u00fctzt.<br \/>\n\u2714\u3010PASST PERFEKT UND SCH\u00dcTZT OPTIMAL\u3011: Bei der Geburt eines Kindes bekommt man als Eltern ein Untersuchungsheft ausgeh\u00e4ndigt, in dem alle wichtigen Informationen zum Gesundheitszustand des Kindes notiert werden. Dieses U-Heft begleitet das Kind von Geburt an bis zur Einschulung. Es ist ein wichtiges Dokument und dieses sollte auch gut gesch\u00fctzt werden.<br \/>\n\u2714\u3010ROBUST UND N\u00dcTZLICH\u3011: In der Handtasche oder Wickeltasche hat man als Mutter oft sehr viel liegen, so dass es leicht passieren kann, dass mal etwas ausl\u00e4uft oder kr\u00fcmelig wird. Die durchsichtige Schutzh\u00fclle sorgt daf\u00fcr, dass das U-Heft vor N\u00e4sse, Schmutz oder Staub gesch\u00fctzt bleibt und nicht schmutzig wird.<br \/>\n\u2714\u3010MADE IN GERMANY\u3011: Die transparenten Schutzh\u00fcllen f\u00fcr das deutsche Kinder Untersuchungsheft werden in h\u00f6chster Qualit\u00e4t in Deutschland hergestellt. Sie unterlaufen einer intensiven Qualit\u00e4tskontrolle, so dass sie unbedenklich und frei von Schadstoffen sind. Die Laschen sind sauber verschwei\u00dft, so dass die Plastikh\u00fclle einen optimalen Schutz f\u00fcr das U-Heft bietet.<br \/>\n<div class=\"main-cross-sell\" data-asin=\"B0CYHPMZBG\">\n\n\t<div class=\"WooZone-cross-sell-loader\">\n\t\t<div>\n\t\t\t<div id=\"floatingBarsG\">\n\t\t\t\t<div class=\"blockG\" id=\"rotateG_01\"><\/div>\n\t\t\t\t<div class=\"blockG\" id=\"rotateG_02\"><\/div>\n\t\t\t\t<div class=\"blockG\" id=\"rotateG_03\"><\/div>\n\t\t\t\t<div class=\"blockG\" id=\"rotateG_04\"><\/div>\n\t\t\t\t<div class=\"blockG\" id=\"rotateG_05\"><\/div>\n\t\t\t\t<div class=\"blockG\" id=\"rotateG_06\"><\/div>\n\t\t\t\t<div class=\"blockG\" id=\"rotateG_07\"><\/div>\n\t\t\t\t<div class=\"blockG\" id=\"rotateG_08\"><\/div>\n\t\t\t<\/div>\n\t\t\t<div class=\"WooZone-cross-sell-loader-text\"><\/div>\n\t\t<\/div>\n\t<\/div>\n\n\t\t\n<\/div>\n<div style=\"clear:both;\"><\/div><\/p>\n","protected":false},"excerpt":{"rendered":"<p>\u2714\u3010PLATZ F\u00dcR IMPFPASS UND VERSICHERTENKARTE\u3011: Die transparente U-Hefth\u00fclle ist mit einem zus\u00e4tzlichen Fach ausgestattet, in dem die Versichertenkarte und der Impfausweis des Kindes seinen eigenen Platz finden und somit nicht verloren gehen. Beim n\u00e4chsten Kinderarzt Besuch hat man alles zur Hand, das Kinderuntersuchungsheft, den Impfpass und die Versichertenkarte und alles ist in der durchsichtigen H\u00fclle gut gesch\u00fctzt.<br \/>\n\u2714\u3010PASST PERFEKT UND SCH\u00dcTZT OPTIMAL\u3011: Bei der Geburt eines Kindes bekommt man als Eltern ein Untersuchungsheft ausgeh\u00e4ndigt, in dem alle wichtigen Informationen zum Gesundheitszustand des Kindes notiert werden. Dieses U-Heft begleitet das Kind von Geburt an bis zur Einschulung. Es ist ein wichtiges Dokument und dieses sollte auch gut gesch\u00fctzt werden.<br \/>\n\u2714\u3010ROBUST UND N\u00dcTZLICH\u3011: In der Handtasche oder Wickeltasche hat man als Mutter oft sehr viel liegen, so dass es leicht passieren kann, dass mal etwas ausl\u00e4uft oder kr\u00fcmelig wird. Die durchsichtige Schutzh\u00fclle sorgt daf\u00fcr, dass das U-Heft vor N\u00e4sse, Schmutz oder Staub gesch\u00fctzt bleibt und nicht schmutzig wird.<\/p>\n","protected":false},"featured_media":221192,"comment_status":"open","ping_status":"closed","template":"","meta":[],"product_brand":[],"product_cat":[21,8929],"product_tag":[],"class_list":{"0":"post-221191","1":"product","2":"type-product","3":"status-publish","4":"has-post-thumbnail","6":"product_cat-baby","7":"product_cat-babygeschenke-baby","8":"pa_binding-babyartikel","9":"pa_brand-olgs","10":"pa_color-transparent","11":"pa_manufacturer-olgs-babyartikel","13":"first","14":"instock","15":"shipping-taxable","16":"product-type-simple","17":"customify-col","18":"product-has-gallery"},"yoast_head":"<!-- This site is optimized with the Yoast SEO plugin v27.4 - https:\/\/yoast.com\/product\/yoast-seo-wordpress\/ -->\n<title>OLGS U-Heft H\u00fcllen transparent 3-teilig | Uheft Schutzh\u00fcllen f\u00fcr Kinderuntersuchungsheft aus Kunststoff | Untersuchungsheft H\u00fcllen zur Geburt f\u00fcr Baby und Kinder Blanko - Markt-XXL<\/title>\n<meta name=\"description\" content=\"Markt-XXL OLGS U-Heft H\u00fcllen transparent 3-teilig | Uheft Schutzh\u00fcllen f\u00fcr Kinderuntersuchungsheft aus Kunststoff | Untersuchungsheft H\u00fcllen zur Geburt f\u00fcr Baby und Kinder Blanko\" \/>\n<meta name=\"robots\" content=\"index, follow, max-snippet:-1, max-image-preview:large, max-video-preview:-1\" \/>\n<link rel=\"canonical\" href=\"https:\/\/marktxxl.de\/markt\/produkt\/olgs-u-heft-huellen-transparent-3-teilig-uheft-schutzhuellen-fuer-kinderuntersuchungsheft-aus-kunststoff-untersuchungsheft-huellen-zur-geburt-fuer-baby-und-kinder-blanko\/\" \/>\n<meta property=\"og:locale\" content=\"de_DE\" \/>\n<meta property=\"og:type\" content=\"article\" \/>\n<meta property=\"og:title\" content=\"OLGS U-Heft H\u00fcllen transparent 3-teilig | Uheft Schutzh\u00fcllen f\u00fcr Kinderuntersuchungsheft aus Kunststoff | Untersuchungsheft H\u00fcllen zur Geburt f\u00fcr Baby und Kinder Blanko - Markt-XXL\" \/>\n<meta property=\"og:description\" content=\"Markt-XXL OLGS U-Heft H\u00fcllen transparent 3-teilig | Uheft Schutzh\u00fcllen f\u00fcr Kinderuntersuchungsheft aus Kunststoff | Untersuchungsheft H\u00fcllen zur Geburt f\u00fcr Baby und Kinder Blanko\" \/>\n<meta property=\"og:url\" content=\"https:\/\/marktxxl.de\/markt\/produkt\/olgs-u-heft-huellen-transparent-3-teilig-uheft-schutzhuellen-fuer-kinderuntersuchungsheft-aus-kunststoff-untersuchungsheft-huellen-zur-geburt-fuer-baby-und-kinder-blanko\/\" \/>\n<meta property=\"og:site_name\" content=\"Markt-XXL\" \/>\n<meta name=\"twitter:card\" content=\"summary_large_image\" \/>\n<meta name=\"twitter:label1\" content=\"Gesch\u00e4tzte Lesezeit\" \/>\n\t<meta name=\"twitter:data1\" content=\"1\u00a0Minute\" \/>\n<script type=\"application\/ld+json\" class=\"yoast-schema-graph\">{\"@context\":\"https:\\\/\\\/schema.org\",\"@graph\":[{\"@type\":\"WebPage\",\"@id\":\"https:\\\/\\\/marktxxl.de\\\/markt\\\/produkt\\\/olgs-u-heft-huellen-transparent-3-teilig-uheft-schutzhuellen-fuer-kinderuntersuchungsheft-aus-kunststoff-untersuchungsheft-huellen-zur-geburt-fuer-baby-und-kinder-blanko\\\/\",\"url\":\"https:\\\/\\\/marktxxl.de\\\/markt\\\/produkt\\\/olgs-u-heft-huellen-transparent-3-teilig-uheft-schutzhuellen-fuer-kinderuntersuchungsheft-aus-kunststoff-untersuchungsheft-huellen-zur-geburt-fuer-baby-und-kinder-blanko\\\/\",\"name\":\"OLGS U-Heft H\u00fcllen transparent 3-teilig | Uheft Schutzh\u00fcllen f\u00fcr Kinderuntersuchungsheft aus Kunststoff | Untersuchungsheft H\u00fcllen zur Geburt f\u00fcr Baby und Kinder Blanko - Markt-XXL\",\"isPartOf\":{\"@id\":\"https:\\\/\\\/marktxxl.de\\\/markt\\\/#website\"},\"primaryImageOfPage\":{\"@id\":\"https:\\\/\\\/marktxxl.de\\\/markt\\\/produkt\\\/olgs-u-heft-huellen-transparent-3-teilig-uheft-schutzhuellen-fuer-kinderuntersuchungsheft-aus-kunststoff-untersuchungsheft-huellen-zur-geburt-fuer-baby-und-kinder-blanko\\\/#primaryimage\"},\"image\":{\"@id\":\"https:\\\/\\\/marktxxl.de\\\/markt\\\/produkt\\\/olgs-u-heft-huellen-transparent-3-teilig-uheft-schutzhuellen-fuer-kinderuntersuchungsheft-aus-kunststoff-untersuchungsheft-huellen-zur-geburt-fuer-baby-und-kinder-blanko\\\/#primaryimage\"},\"thumbnailUrl\":\"https:\\\/\\\/m.media-amazon.com\\\/images\\\/I\\\/41V7TgLDqKL._SL500_.jpg\",\"datePublished\":\"2024-07-28T12:23:08+00:00\",\"description\":\"Markt-XXL OLGS U-Heft H\u00fcllen transparent 3-teilig | Uheft Schutzh\u00fcllen f\u00fcr Kinderuntersuchungsheft aus Kunststoff | Untersuchungsheft H\u00fcllen zur Geburt f\u00fcr Baby und Kinder Blanko\",\"breadcrumb\":{\"@id\":\"https:\\\/\\\/marktxxl.de\\\/markt\\\/produkt\\\/olgs-u-heft-huellen-transparent-3-teilig-uheft-schutzhuellen-fuer-kinderuntersuchungsheft-aus-kunststoff-untersuchungsheft-huellen-zur-geburt-fuer-baby-und-kinder-blanko\\\/#breadcrumb\"},\"inLanguage\":\"de\",\"potentialAction\":[{\"@type\":\"ReadAction\",\"target\":[\"https:\\\/\\\/marktxxl.de\\\/markt\\\/produkt\\\/olgs-u-heft-huellen-transparent-3-teilig-uheft-schutzhuellen-fuer-kinderuntersuchungsheft-aus-kunststoff-untersuchungsheft-huellen-zur-geburt-fuer-baby-und-kinder-blanko\\\/\"]}]},{\"@type\":\"ImageObject\",\"inLanguage\":\"de\",\"@id\":\"https:\\\/\\\/marktxxl.de\\\/markt\\\/produkt\\\/olgs-u-heft-huellen-transparent-3-teilig-uheft-schutzhuellen-fuer-kinderuntersuchungsheft-aus-kunststoff-untersuchungsheft-huellen-zur-geburt-fuer-baby-und-kinder-blanko\\\/#primaryimage\",\"url\":\"https:\\\/\\\/m.media-amazon.com\\\/images\\\/I\\\/41V7TgLDqKL._SL500_.jpg\",\"contentUrl\":\"https:\\\/\\\/m.media-amazon.com\\\/images\\\/I\\\/41V7TgLDqKL._SL500_.jpg\",\"width\":500,\"height\":374},{\"@type\":\"BreadcrumbList\",\"@id\":\"https:\\\/\\\/marktxxl.de\\\/markt\\\/produkt\\\/olgs-u-heft-huellen-transparent-3-teilig-uheft-schutzhuellen-fuer-kinderuntersuchungsheft-aus-kunststoff-untersuchungsheft-huellen-zur-geburt-fuer-baby-und-kinder-blanko\\\/#breadcrumb\",\"itemListElement\":[{\"@type\":\"ListItem\",\"position\":1,\"name\":\"Startseite\",\"item\":\"https:\\\/\\\/marktxxl.de\\\/markt\\\/\"},{\"@type\":\"ListItem\",\"position\":2,\"name\":\"Markt\",\"item\":\"https:\\\/\\\/marktxxl.de\\\/markt\\\/\"},{\"@type\":\"ListItem\",\"position\":3,\"name\":\"OLGS U-Heft H\u00fcllen transparent 3-teilig | Uheft Schutzh\u00fcllen f\u00fcr Kinderuntersuchungsheft aus Kunststoff | Untersuchungsheft H\u00fcllen zur Geburt f\u00fcr Baby und Kinder Blanko\"}]},{\"@type\":\"WebSite\",\"@id\":\"https:\\\/\\\/marktxxl.de\\\/markt\\\/#website\",\"url\":\"https:\\\/\\\/marktxxl.de\\\/markt\\\/\",\"name\":\"Markt-XXL\",\"description\":\"Ihr Markt Online\",\"publisher\":{\"@id\":\"https:\\\/\\\/marktxxl.de\\\/markt\\\/#organization\"},\"potentialAction\":[{\"@type\":\"SearchAction\",\"target\":{\"@type\":\"EntryPoint\",\"urlTemplate\":\"https:\\\/\\\/marktxxl.de\\\/markt\\\/?s={search_term_string}\"},\"query-input\":{\"@type\":\"PropertyValueSpecification\",\"valueRequired\":true,\"valueName\":\"search_term_string\"}}],\"inLanguage\":\"de\"},{\"@type\":\"Organization\",\"@id\":\"https:\\\/\\\/marktxxl.de\\\/markt\\\/#organization\",\"name\":\"Markt-XXL\",\"url\":\"https:\\\/\\\/marktxxl.de\\\/markt\\\/\",\"logo\":{\"@type\":\"ImageObject\",\"inLanguage\":\"de\",\"@id\":\"https:\\\/\\\/marktxxl.de\\\/markt\\\/#\\\/schema\\\/logo\\\/image\\\/\",\"url\":\"https:\\\/\\\/marktxxl.de\\\/markt\\\/wp-content\\\/uploads\\\/sites\\\/3\\\/2020\\\/12\\\/logo.png\",\"contentUrl\":\"https:\\\/\\\/marktxxl.de\\\/markt\\\/wp-content\\\/uploads\\\/sites\\\/3\\\/2020\\\/12\\\/logo.png\",\"width\":200,\"height\":70,\"caption\":\"Markt-XXL\"},\"image\":{\"@id\":\"https:\\\/\\\/marktxxl.de\\\/markt\\\/#\\\/schema\\\/logo\\\/image\\\/\"}}]}<\/script>\n<!-- \/ Yoast SEO plugin. -->","yoast_head_json":{"title":"OLGS U-Heft H\u00fcllen transparent 3-teilig | Uheft Schutzh\u00fcllen f\u00fcr Kinderuntersuchungsheft aus Kunststoff | Untersuchungsheft H\u00fcllen zur Geburt f\u00fcr Baby und Kinder Blanko - Markt-XXL","description":"Markt-XXL OLGS U-Heft H\u00fcllen transparent 3-teilig | Uheft Schutzh\u00fcllen f\u00fcr Kinderuntersuchungsheft aus Kunststoff | Untersuchungsheft H\u00fcllen zur Geburt f\u00fcr Baby und Kinder Blanko","robots":{"index":"index","follow":"follow","max-snippet":"max-snippet:-1","max-image-preview":"max-image-preview:large","max-video-preview":"max-video-preview:-1"},"canonical":"https:\/\/marktxxl.de\/markt\/produkt\/olgs-u-heft-huellen-transparent-3-teilig-uheft-schutzhuellen-fuer-kinderuntersuchungsheft-aus-kunststoff-untersuchungsheft-huellen-zur-geburt-fuer-baby-und-kinder-blanko\/","og_locale":"de_DE","og_type":"article","og_title":"OLGS U-Heft H\u00fcllen transparent 3-teilig | Uheft Schutzh\u00fcllen f\u00fcr Kinderuntersuchungsheft aus Kunststoff | Untersuchungsheft H\u00fcllen zur Geburt f\u00fcr Baby und Kinder Blanko - Markt-XXL","og_description":"Markt-XXL OLGS U-Heft H\u00fcllen transparent 3-teilig | Uheft Schutzh\u00fcllen f\u00fcr Kinderuntersuchungsheft aus Kunststoff | Untersuchungsheft H\u00fcllen zur Geburt f\u00fcr Baby und Kinder Blanko","og_url":"https:\/\/marktxxl.de\/markt\/produkt\/olgs-u-heft-huellen-transparent-3-teilig-uheft-schutzhuellen-fuer-kinderuntersuchungsheft-aus-kunststoff-untersuchungsheft-huellen-zur-geburt-fuer-baby-und-kinder-blanko\/","og_site_name":"Markt-XXL","twitter_card":"summary_large_image","twitter_misc":{"Gesch\u00e4tzte Lesezeit":"1\u00a0Minute"},"schema":{"@context":"https:\/\/schema.org","@graph":[{"@type":"WebPage","@id":"https:\/\/marktxxl.de\/markt\/produkt\/olgs-u-heft-huellen-transparent-3-teilig-uheft-schutzhuellen-fuer-kinderuntersuchungsheft-aus-kunststoff-untersuchungsheft-huellen-zur-geburt-fuer-baby-und-kinder-blanko\/","url":"https:\/\/marktxxl.de\/markt\/produkt\/olgs-u-heft-huellen-transparent-3-teilig-uheft-schutzhuellen-fuer-kinderuntersuchungsheft-aus-kunststoff-untersuchungsheft-huellen-zur-geburt-fuer-baby-und-kinder-blanko\/","name":"OLGS U-Heft H\u00fcllen transparent 3-teilig | Uheft Schutzh\u00fcllen f\u00fcr Kinderuntersuchungsheft aus Kunststoff | Untersuchungsheft H\u00fcllen zur Geburt f\u00fcr Baby und Kinder Blanko - Markt-XXL","isPartOf":{"@id":"https:\/\/marktxxl.de\/markt\/#website"},"primaryImageOfPage":{"@id":"https:\/\/marktxxl.de\/markt\/produkt\/olgs-u-heft-huellen-transparent-3-teilig-uheft-schutzhuellen-fuer-kinderuntersuchungsheft-aus-kunststoff-untersuchungsheft-huellen-zur-geburt-fuer-baby-und-kinder-blanko\/#primaryimage"},"image":{"@id":"https:\/\/marktxxl.de\/markt\/produkt\/olgs-u-heft-huellen-transparent-3-teilig-uheft-schutzhuellen-fuer-kinderuntersuchungsheft-aus-kunststoff-untersuchungsheft-huellen-zur-geburt-fuer-baby-und-kinder-blanko\/#primaryimage"},"thumbnailUrl":"https:\/\/m.media-amazon.com\/images\/I\/41V7TgLDqKL._SL500_.jpg","datePublished":"2024-07-28T12:23:08+00:00","description":"Markt-XXL OLGS U-Heft H\u00fcllen transparent 3-teilig | Uheft Schutzh\u00fcllen f\u00fcr Kinderuntersuchungsheft aus Kunststoff | Untersuchungsheft H\u00fcllen zur Geburt f\u00fcr Baby und Kinder Blanko","breadcrumb":{"@id":"https:\/\/marktxxl.de\/markt\/produkt\/olgs-u-heft-huellen-transparent-3-teilig-uheft-schutzhuellen-fuer-kinderuntersuchungsheft-aus-kunststoff-untersuchungsheft-huellen-zur-geburt-fuer-baby-und-kinder-blanko\/#breadcrumb"},"inLanguage":"de","potentialAction":[{"@type":"ReadAction","target":["https:\/\/marktxxl.de\/markt\/produkt\/olgs-u-heft-huellen-transparent-3-teilig-uheft-schutzhuellen-fuer-kinderuntersuchungsheft-aus-kunststoff-untersuchungsheft-huellen-zur-geburt-fuer-baby-und-kinder-blanko\/"]}]},{"@type":"ImageObject","inLanguage":"de","@id":"https:\/\/marktxxl.de\/markt\/produkt\/olgs-u-heft-huellen-transparent-3-teilig-uheft-schutzhuellen-fuer-kinderuntersuchungsheft-aus-kunststoff-untersuchungsheft-huellen-zur-geburt-fuer-baby-und-kinder-blanko\/#primaryimage","url":"https:\/\/m.media-amazon.com\/images\/I\/41V7TgLDqKL._SL500_.jpg","contentUrl":"https:\/\/m.media-amazon.com\/images\/I\/41V7TgLDqKL._SL500_.jpg","width":500,"height":374},{"@type":"BreadcrumbList","@id":"https:\/\/marktxxl.de\/markt\/produkt\/olgs-u-heft-huellen-transparent-3-teilig-uheft-schutzhuellen-fuer-kinderuntersuchungsheft-aus-kunststoff-untersuchungsheft-huellen-zur-geburt-fuer-baby-und-kinder-blanko\/#breadcrumb","itemListElement":[{"@type":"ListItem","position":1,"name":"Startseite","item":"https:\/\/marktxxl.de\/markt\/"},{"@type":"ListItem","position":2,"name":"Markt","item":"https:\/\/marktxxl.de\/markt\/"},{"@type":"ListItem","position":3,"name":"OLGS U-Heft H\u00fcllen transparent 3-teilig | Uheft Schutzh\u00fcllen f\u00fcr Kinderuntersuchungsheft aus Kunststoff | Untersuchungsheft H\u00fcllen zur Geburt f\u00fcr Baby und Kinder Blanko"}]},{"@type":"WebSite","@id":"https:\/\/marktxxl.de\/markt\/#website","url":"https:\/\/marktxxl.de\/markt\/","name":"Markt-XXL","description":"Ihr Markt Online","publisher":{"@id":"https:\/\/marktxxl.de\/markt\/#organization"},"potentialAction":[{"@type":"SearchAction","target":{"@type":"EntryPoint","urlTemplate":"https:\/\/marktxxl.de\/markt\/?s={search_term_string}"},"query-input":{"@type":"PropertyValueSpecification","valueRequired":true,"valueName":"search_term_string"}}],"inLanguage":"de"},{"@type":"Organization","@id":"https:\/\/marktxxl.de\/markt\/#organization","name":"Markt-XXL","url":"https:\/\/marktxxl.de\/markt\/","logo":{"@type":"ImageObject","inLanguage":"de","@id":"https:\/\/marktxxl.de\/markt\/#\/schema\/logo\/image\/","url":"https:\/\/marktxxl.de\/markt\/wp-content\/uploads\/sites\/3\/2020\/12\/logo.png","contentUrl":"https:\/\/marktxxl.de\/markt\/wp-content\/uploads\/sites\/3\/2020\/12\/logo.png","width":200,"height":70,"caption":"Markt-XXL"},"image":{"@id":"https:\/\/marktxxl.de\/markt\/#\/schema\/logo\/image\/"}}]}},"_links":{"self":[{"href":"https:\/\/marktxxl.de\/markt\/wp-json\/wp\/v2\/product\/221191","targetHints":{"allow":["GET"]}}],"collection":[{"href":"https:\/\/marktxxl.de\/markt\/wp-json\/wp\/v2\/product"}],"about":[{"href":"https:\/\/marktxxl.de\/markt\/wp-json\/wp\/v2\/types\/product"}],"replies":[{"embeddable":true,"href":"https:\/\/marktxxl.de\/markt\/wp-json\/wp\/v2\/comments?post=221191"}],"wp:featuredmedia":[{"embeddable":true,"href":"https:\/\/marktxxl.de\/markt\/wp-json\/wp\/v2\/media\/221192"}],"wp:attachment":[{"href":"https:\/\/marktxxl.de\/markt\/wp-json\/wp\/v2\/media?parent=221191"}],"wp:term":[{"taxonomy":"product_brand","embeddable":true,"href":"https:\/\/marktxxl.de\/markt\/wp-json\/wp\/v2\/product_brand?post=221191"},{"taxonomy":"product_cat","embeddable":true,"href":"https:\/\/marktxxl.de\/markt\/wp-json\/wp\/v2\/product_cat?post=221191"},{"taxonomy":"product_tag","embeddable":true,"href":"https:\/\/marktxxl.de\/markt\/wp-json\/wp\/v2\/product_tag?post=221191"}],"curies":[{"name":"wp","href":"https:\/\/api.w.org\/{rel}","templated":true}]}}