{"id":221144,"date":"2024-07-28T14:22:21","date_gmt":"2024-07-28T12:22:21","guid":{"rendered":"https:\/\/marktxxl.de\/markt\/produkt\/paperdirect-youre-invited-runde-gepraegte-folien-siegel-48-stueck-silber\/"},"modified":"2024-07-28T14:22:21","modified_gmt":"2024-07-28T12:22:21","slug":"paperdirect-youre-invited-runde-gepraegte-folien-siegel-48-stueck-silber","status":"publish","type":"product","link":"https:\/\/marktxxl.de\/markt\/produkt\/paperdirect-youre-invited-runde-gepraegte-folien-siegel-48-stueck-silber\/","title":{"rendered":"PaperDirect You&#8217;re Invited Runde gepr\u00e4gte Folien-Siegel, 48 St\u00fcck (Silber)"},"content":{"rendered":"<p>Die gepr\u00e4gten \u201eYou&#8217;re Inviteded\u201c Silberfolien-Siegel haben einen Durchmesser von 3,5 cm; die perfekte Gr\u00f6\u00dfe, um jeden Umschlag zu versiegeln.<br \/>\nGepr\u00e4gte Silberfolien-Siegel mit den Worten &#8220;You&#8217;re Invited&#8221; in Schriftart, um einen eleganten Look in den Urlaub zu bringen<br \/>\nSilberfolien-Siegel kommen in einem Paket von 48, so dass Sie Ihre Einladungen schnell und einfach verschlie\u00dfen k\u00f6nnen.<br \/>\nSelbstklebende Silberfolien-Siegel verf\u00fcgen \u00fcber einen glatten Rand f\u00fcr ein professionelles Aussehen f\u00fcr pers\u00f6nliche oder professionelle Einladungen.<br \/>\nDiese &#8220;You&#8217;re Invited&#8221;-Siegel sind perfekt f\u00fcr Hochzeitseinladungen, Empf\u00e4nge, Abschlussfeiern, Babypartys, Jubil\u00e4umsfeiern, Feiertagsfeiern und mehr.<br \/>\n<div class=\"main-cross-sell\" data-asin=\"B07DLBY48W\">\n\n\t<div class=\"WooZone-cross-sell-loader\">\n\t\t<div>\n\t\t\t<div id=\"floatingBarsG\">\n\t\t\t\t<div class=\"blockG\" id=\"rotateG_01\"><\/div>\n\t\t\t\t<div class=\"blockG\" id=\"rotateG_02\"><\/div>\n\t\t\t\t<div class=\"blockG\" id=\"rotateG_03\"><\/div>\n\t\t\t\t<div class=\"blockG\" id=\"rotateG_04\"><\/div>\n\t\t\t\t<div class=\"blockG\" id=\"rotateG_05\"><\/div>\n\t\t\t\t<div class=\"blockG\" id=\"rotateG_06\"><\/div>\n\t\t\t\t<div class=\"blockG\" id=\"rotateG_07\"><\/div>\n\t\t\t\t<div class=\"blockG\" id=\"rotateG_08\"><\/div>\n\t\t\t<\/div>\n\t\t\t<div class=\"WooZone-cross-sell-loader-text\"><\/div>\n\t\t<\/div>\n\t<\/div>\n\n\t\t\n<\/div>\n<div style=\"clear:both;\"><\/div><\/p>\n","protected":false},"excerpt":{"rendered":"<p>Die gepr\u00e4gten \u201eYou&#8217;re Inviteded\u201c Silberfolien-Siegel haben einen Durchmesser von 3,5 cm; die perfekte Gr\u00f6\u00dfe, um jeden Umschlag zu versiegeln.<br \/>\nGepr\u00e4gte Silberfolien-Siegel mit den Worten &#8220;You&#8217;re Invited&#8221; in Schriftart, um einen eleganten Look in den Urlaub zu bringen<br \/>\nSilberfolien-Siegel kommen in einem Paket von 48, so dass Sie Ihre Einladungen schnell und einfach verschlie\u00dfen k\u00f6nnen.<\/p>\n","protected":false},"featured_media":221145,"comment_status":"open","ping_status":"closed","template":"","meta":[],"product_brand":[],"product_cat":[21,8929],"product_tag":[],"class_list":{"0":"post-221144","1":"product","2":"type-product","3":"status-publish","4":"has-post-thumbnail","6":"product_cat-baby","7":"product_cat-babygeschenke-baby","8":"pa_binding-buerobedarf-schreibwaren","9":"pa_brand-busch-jaeger-3","10":"pa_brand-paperdirect","11":"pa_height-1-38-zoll","12":"pa_length-1-38-zoll","13":"pa_manufacturer-paper-direct","14":"pa_width-1-38-zoll","16":"first","17":"instock","18":"shipping-taxable","19":"purchasable","20":"product-type-simple","21":"customify-col","22":"product-has-gallery"},"yoast_head":"<!-- This site is optimized with the Yoast SEO plugin v27.3 - https:\/\/yoast.com\/product\/yoast-seo-wordpress\/ -->\n<title>PaperDirect You&#039;re Invited Runde gepr\u00e4gte Folien-Siegel, 48 St\u00fcck (Silber) - Markt-XXL<\/title>\n<meta name=\"description\" content=\"Markt-XXL PaperDirect You&#039;re Invited Runde gepr\u00e4gte Folien-Siegel, 48 St\u00fcck (Silber)\" \/>\n<meta name=\"robots\" content=\"index, follow, max-snippet:-1, max-image-preview:large, max-video-preview:-1\" \/>\n<link rel=\"canonical\" href=\"https:\/\/marktxxl.de\/markt\/produkt\/paperdirect-youre-invited-runde-gepraegte-folien-siegel-48-stueck-silber\/\" \/>\n<meta property=\"og:locale\" content=\"de_DE\" \/>\n<meta property=\"og:type\" content=\"article\" \/>\n<meta property=\"og:title\" content=\"PaperDirect You&#039;re Invited Runde gepr\u00e4gte Folien-Siegel, 48 St\u00fcck (Silber) - Markt-XXL\" \/>\n<meta property=\"og:description\" content=\"Markt-XXL PaperDirect You&#039;re Invited Runde gepr\u00e4gte Folien-Siegel, 48 St\u00fcck (Silber)\" \/>\n<meta property=\"og:url\" content=\"https:\/\/marktxxl.de\/markt\/produkt\/paperdirect-youre-invited-runde-gepraegte-folien-siegel-48-stueck-silber\/\" \/>\n<meta property=\"og:site_name\" content=\"Markt-XXL\" \/>\n<meta name=\"twitter:card\" content=\"summary_large_image\" \/>\n<meta name=\"twitter:label1\" content=\"Gesch\u00e4tzte Lesezeit\" \/>\n\t<meta name=\"twitter:data1\" content=\"1\u00a0Minute\" \/>\n<script type=\"application\/ld+json\" class=\"yoast-schema-graph\">{\"@context\":\"https:\\\/\\\/schema.org\",\"@graph\":[{\"@type\":\"WebPage\",\"@id\":\"https:\\\/\\\/marktxxl.de\\\/markt\\\/produkt\\\/paperdirect-youre-invited-runde-gepraegte-folien-siegel-48-stueck-silber\\\/\",\"url\":\"https:\\\/\\\/marktxxl.de\\\/markt\\\/produkt\\\/paperdirect-youre-invited-runde-gepraegte-folien-siegel-48-stueck-silber\\\/\",\"name\":\"PaperDirect You're Invited Runde gepr\u00e4gte Folien-Siegel, 48 St\u00fcck (Silber) - Markt-XXL\",\"isPartOf\":{\"@id\":\"https:\\\/\\\/marktxxl.de\\\/markt\\\/#website\"},\"primaryImageOfPage\":{\"@id\":\"https:\\\/\\\/marktxxl.de\\\/markt\\\/produkt\\\/paperdirect-youre-invited-runde-gepraegte-folien-siegel-48-stueck-silber\\\/#primaryimage\"},\"image\":{\"@id\":\"https:\\\/\\\/marktxxl.de\\\/markt\\\/produkt\\\/paperdirect-youre-invited-runde-gepraegte-folien-siegel-48-stueck-silber\\\/#primaryimage\"},\"thumbnailUrl\":\"https:\\\/\\\/m.media-amazon.com\\\/images\\\/I\\\/51QKwKlIG6L._SL500_.jpg\",\"datePublished\":\"2024-07-28T12:22:21+00:00\",\"description\":\"Markt-XXL PaperDirect You're Invited Runde gepr\u00e4gte Folien-Siegel, 48 St\u00fcck (Silber)\",\"breadcrumb\":{\"@id\":\"https:\\\/\\\/marktxxl.de\\\/markt\\\/produkt\\\/paperdirect-youre-invited-runde-gepraegte-folien-siegel-48-stueck-silber\\\/#breadcrumb\"},\"inLanguage\":\"de\",\"potentialAction\":[{\"@type\":\"ReadAction\",\"target\":[\"https:\\\/\\\/marktxxl.de\\\/markt\\\/produkt\\\/paperdirect-youre-invited-runde-gepraegte-folien-siegel-48-stueck-silber\\\/\"]}]},{\"@type\":\"ImageObject\",\"inLanguage\":\"de\",\"@id\":\"https:\\\/\\\/marktxxl.de\\\/markt\\\/produkt\\\/paperdirect-youre-invited-runde-gepraegte-folien-siegel-48-stueck-silber\\\/#primaryimage\",\"url\":\"https:\\\/\\\/m.media-amazon.com\\\/images\\\/I\\\/51QKwKlIG6L._SL500_.jpg\",\"contentUrl\":\"https:\\\/\\\/m.media-amazon.com\\\/images\\\/I\\\/51QKwKlIG6L._SL500_.jpg\",\"width\":500,\"height\":500},{\"@type\":\"BreadcrumbList\",\"@id\":\"https:\\\/\\\/marktxxl.de\\\/markt\\\/produkt\\\/paperdirect-youre-invited-runde-gepraegte-folien-siegel-48-stueck-silber\\\/#breadcrumb\",\"itemListElement\":[{\"@type\":\"ListItem\",\"position\":1,\"name\":\"Startseite\",\"item\":\"https:\\\/\\\/marktxxl.de\\\/markt\\\/\"},{\"@type\":\"ListItem\",\"position\":2,\"name\":\"Markt\",\"item\":\"https:\\\/\\\/marktxxl.de\\\/markt\\\/\"},{\"@type\":\"ListItem\",\"position\":3,\"name\":\"PaperDirect You&#8217;re Invited Runde gepr\u00e4gte Folien-Siegel, 48 St\u00fcck (Silber)\"}]},{\"@type\":\"WebSite\",\"@id\":\"https:\\\/\\\/marktxxl.de\\\/markt\\\/#website\",\"url\":\"https:\\\/\\\/marktxxl.de\\\/markt\\\/\",\"name\":\"Markt-XXL\",\"description\":\"Ihr Markt Online\",\"publisher\":{\"@id\":\"https:\\\/\\\/marktxxl.de\\\/markt\\\/#organization\"},\"potentialAction\":[{\"@type\":\"SearchAction\",\"target\":{\"@type\":\"EntryPoint\",\"urlTemplate\":\"https:\\\/\\\/marktxxl.de\\\/markt\\\/?s={search_term_string}\"},\"query-input\":{\"@type\":\"PropertyValueSpecification\",\"valueRequired\":true,\"valueName\":\"search_term_string\"}}],\"inLanguage\":\"de\"},{\"@type\":\"Organization\",\"@id\":\"https:\\\/\\\/marktxxl.de\\\/markt\\\/#organization\",\"name\":\"Markt-XXL\",\"url\":\"https:\\\/\\\/marktxxl.de\\\/markt\\\/\",\"logo\":{\"@type\":\"ImageObject\",\"inLanguage\":\"de\",\"@id\":\"https:\\\/\\\/marktxxl.de\\\/markt\\\/#\\\/schema\\\/logo\\\/image\\\/\",\"url\":\"https:\\\/\\\/marktxxl.de\\\/markt\\\/wp-content\\\/uploads\\\/sites\\\/3\\\/2020\\\/12\\\/logo.png\",\"contentUrl\":\"https:\\\/\\\/marktxxl.de\\\/markt\\\/wp-content\\\/uploads\\\/sites\\\/3\\\/2020\\\/12\\\/logo.png\",\"width\":200,\"height\":70,\"caption\":\"Markt-XXL\"},\"image\":{\"@id\":\"https:\\\/\\\/marktxxl.de\\\/markt\\\/#\\\/schema\\\/logo\\\/image\\\/\"}}]}<\/script>\n<!-- \/ Yoast SEO plugin. -->","yoast_head_json":{"title":"PaperDirect You're Invited Runde gepr\u00e4gte Folien-Siegel, 48 St\u00fcck (Silber) - Markt-XXL","description":"Markt-XXL PaperDirect You're Invited Runde gepr\u00e4gte Folien-Siegel, 48 St\u00fcck (Silber)","robots":{"index":"index","follow":"follow","max-snippet":"max-snippet:-1","max-image-preview":"max-image-preview:large","max-video-preview":"max-video-preview:-1"},"canonical":"https:\/\/marktxxl.de\/markt\/produkt\/paperdirect-youre-invited-runde-gepraegte-folien-siegel-48-stueck-silber\/","og_locale":"de_DE","og_type":"article","og_title":"PaperDirect You're Invited Runde gepr\u00e4gte Folien-Siegel, 48 St\u00fcck (Silber) - Markt-XXL","og_description":"Markt-XXL PaperDirect You're Invited Runde gepr\u00e4gte Folien-Siegel, 48 St\u00fcck (Silber)","og_url":"https:\/\/marktxxl.de\/markt\/produkt\/paperdirect-youre-invited-runde-gepraegte-folien-siegel-48-stueck-silber\/","og_site_name":"Markt-XXL","twitter_card":"summary_large_image","twitter_misc":{"Gesch\u00e4tzte Lesezeit":"1\u00a0Minute"},"schema":{"@context":"https:\/\/schema.org","@graph":[{"@type":"WebPage","@id":"https:\/\/marktxxl.de\/markt\/produkt\/paperdirect-youre-invited-runde-gepraegte-folien-siegel-48-stueck-silber\/","url":"https:\/\/marktxxl.de\/markt\/produkt\/paperdirect-youre-invited-runde-gepraegte-folien-siegel-48-stueck-silber\/","name":"PaperDirect You're Invited Runde gepr\u00e4gte Folien-Siegel, 48 St\u00fcck (Silber) - Markt-XXL","isPartOf":{"@id":"https:\/\/marktxxl.de\/markt\/#website"},"primaryImageOfPage":{"@id":"https:\/\/marktxxl.de\/markt\/produkt\/paperdirect-youre-invited-runde-gepraegte-folien-siegel-48-stueck-silber\/#primaryimage"},"image":{"@id":"https:\/\/marktxxl.de\/markt\/produkt\/paperdirect-youre-invited-runde-gepraegte-folien-siegel-48-stueck-silber\/#primaryimage"},"thumbnailUrl":"https:\/\/m.media-amazon.com\/images\/I\/51QKwKlIG6L._SL500_.jpg","datePublished":"2024-07-28T12:22:21+00:00","description":"Markt-XXL PaperDirect You're Invited Runde gepr\u00e4gte Folien-Siegel, 48 St\u00fcck (Silber)","breadcrumb":{"@id":"https:\/\/marktxxl.de\/markt\/produkt\/paperdirect-youre-invited-runde-gepraegte-folien-siegel-48-stueck-silber\/#breadcrumb"},"inLanguage":"de","potentialAction":[{"@type":"ReadAction","target":["https:\/\/marktxxl.de\/markt\/produkt\/paperdirect-youre-invited-runde-gepraegte-folien-siegel-48-stueck-silber\/"]}]},{"@type":"ImageObject","inLanguage":"de","@id":"https:\/\/marktxxl.de\/markt\/produkt\/paperdirect-youre-invited-runde-gepraegte-folien-siegel-48-stueck-silber\/#primaryimage","url":"https:\/\/m.media-amazon.com\/images\/I\/51QKwKlIG6L._SL500_.jpg","contentUrl":"https:\/\/m.media-amazon.com\/images\/I\/51QKwKlIG6L._SL500_.jpg","width":500,"height":500},{"@type":"BreadcrumbList","@id":"https:\/\/marktxxl.de\/markt\/produkt\/paperdirect-youre-invited-runde-gepraegte-folien-siegel-48-stueck-silber\/#breadcrumb","itemListElement":[{"@type":"ListItem","position":1,"name":"Startseite","item":"https:\/\/marktxxl.de\/markt\/"},{"@type":"ListItem","position":2,"name":"Markt","item":"https:\/\/marktxxl.de\/markt\/"},{"@type":"ListItem","position":3,"name":"PaperDirect You&#8217;re Invited Runde gepr\u00e4gte Folien-Siegel, 48 St\u00fcck (Silber)"}]},{"@type":"WebSite","@id":"https:\/\/marktxxl.de\/markt\/#website","url":"https:\/\/marktxxl.de\/markt\/","name":"Markt-XXL","description":"Ihr Markt Online","publisher":{"@id":"https:\/\/marktxxl.de\/markt\/#organization"},"potentialAction":[{"@type":"SearchAction","target":{"@type":"EntryPoint","urlTemplate":"https:\/\/marktxxl.de\/markt\/?s={search_term_string}"},"query-input":{"@type":"PropertyValueSpecification","valueRequired":true,"valueName":"search_term_string"}}],"inLanguage":"de"},{"@type":"Organization","@id":"https:\/\/marktxxl.de\/markt\/#organization","name":"Markt-XXL","url":"https:\/\/marktxxl.de\/markt\/","logo":{"@type":"ImageObject","inLanguage":"de","@id":"https:\/\/marktxxl.de\/markt\/#\/schema\/logo\/image\/","url":"https:\/\/marktxxl.de\/markt\/wp-content\/uploads\/sites\/3\/2020\/12\/logo.png","contentUrl":"https:\/\/marktxxl.de\/markt\/wp-content\/uploads\/sites\/3\/2020\/12\/logo.png","width":200,"height":70,"caption":"Markt-XXL"},"image":{"@id":"https:\/\/marktxxl.de\/markt\/#\/schema\/logo\/image\/"}}]}},"_links":{"self":[{"href":"https:\/\/marktxxl.de\/markt\/wp-json\/wp\/v2\/product\/221144","targetHints":{"allow":["GET"]}}],"collection":[{"href":"https:\/\/marktxxl.de\/markt\/wp-json\/wp\/v2\/product"}],"about":[{"href":"https:\/\/marktxxl.de\/markt\/wp-json\/wp\/v2\/types\/product"}],"replies":[{"embeddable":true,"href":"https:\/\/marktxxl.de\/markt\/wp-json\/wp\/v2\/comments?post=221144"}],"wp:featuredmedia":[{"embeddable":true,"href":"https:\/\/marktxxl.de\/markt\/wp-json\/wp\/v2\/media\/221145"}],"wp:attachment":[{"href":"https:\/\/marktxxl.de\/markt\/wp-json\/wp\/v2\/media?parent=221144"}],"wp:term":[{"taxonomy":"product_brand","embeddable":true,"href":"https:\/\/marktxxl.de\/markt\/wp-json\/wp\/v2\/product_brand?post=221144"},{"taxonomy":"product_cat","embeddable":true,"href":"https:\/\/marktxxl.de\/markt\/wp-json\/wp\/v2\/product_cat?post=221144"},{"taxonomy":"product_tag","embeddable":true,"href":"https:\/\/marktxxl.de\/markt\/wp-json\/wp\/v2\/product_tag?post=221144"}],"curies":[{"name":"wp","href":"https:\/\/api.w.org\/{rel}","templated":true}]}}