{"id":221117,"date":"2024-07-28T14:17:35","date_gmt":"2024-07-28T12:17:35","guid":{"rendered":"https:\/\/marktxxl.de\/markt\/produkt\/geschenk-fuer-werdende-muetter-schwangerschaftsgeschenke-fuer-werdende-eltern-geschenk-fuer-paare-mutter-und-vater-becher-geschenke-werdende-muetter-babyparty\/"},"modified":"2024-07-28T14:17:35","modified_gmt":"2024-07-28T12:17:35","slug":"geschenk-fuer-werdende-muetter-schwangerschaftsgeschenke-fuer-werdende-eltern-geschenk-fuer-paare-mutter-und-vater-becher-geschenke-werdende-muetter-babyparty","status":"publish","type":"product","link":"https:\/\/marktxxl.de\/markt\/produkt\/geschenk-fuer-werdende-muetter-schwangerschaftsgeschenke-fuer-werdende-eltern-geschenk-fuer-paare-mutter-und-vater-becher-geschenke-werdende-muetter-babyparty\/","title":{"rendered":"Geschenk f\u00fcr werdende M\u00fctter, Schwangerschaftsgeschenke f\u00fcr werdende Eltern, Geschenk f\u00fcr Paare, Mutter- und Vater-Becher-Geschenke, werdende M\u00fctter, Babyparty"},"content":{"rendered":"<p>Perfektes Geschenk f\u00fcr frischgebackene Eltern: Dieser Geschenkkorb f\u00fcr Babypartys enth\u00e4lt ein Set Weinbecher-Set f\u00fcr neue M\u00fctter und Papa (enth\u00e4lt 2 B\u00fcrsten und 2 Strohhalme), 1 x Entscheidungsm\u00fcnze, 1 x Unisex-Einteiler (0\u20133 Monate), ein Paar Babysocken (0\u20136 Monate), 1 x niedliches Baumwoll-Sabber-L\u00e4tzchen, ein Paar Muttersocken, mit hochwertiger Geschenkbox und Congress. Gl\u00fcckwunschkarte Ein aufmerksames und bedeutungsvolles \u00dcberraschungsgeschenk f\u00fcr werdende Eltern (neue Mutter und neuer Papa), die darauf warten, ein neues Baby willkommen zu hei\u00dfen. Perfektes Geschenk f\u00fcr frischgebackene Eltern<br \/>\n\ud83d\udc9d\u3010Weinglas f\u00fcr neue M\u00fctter und Papa\u3011 Mama und Papa brauchen beide Entspannung f\u00fcr einen Moment, perfektes Geschenk f\u00fcr frischgebackene Eltern. Dieser Vakuum-Weinbecher aus Edelstahl ist doppelt isoliert, um Getr\u00e4nke l\u00e4nger hei\u00df und kalt zu halten, bis zu 9 Stunden kalt oder bis zu 3 Stunden hei\u00df, 18\/8 304 Edelstahlbecher, lebensmittelechter Kunststoffdeckel, 340.2. g leicht zu tragen, Leicht, geeignet f\u00fcr verschiedene Anl\u00e4sse<br \/>\nBaby-Geschenk-Set: Die Babyartikel sind geschlechtsneutral und eignen sich f\u00fcr Jungen und M\u00e4dchen gleicherma\u00dfen. Baby-Einteiler mit &#8220;New to the Crew&#8221;; rutschfeste Babysocken mit &#8220;If You Can Read This Bring Me Some Milk&#8221;; Sabberl\u00e4tzchen; aus 100 % gek\u00e4mmter Baumwolle, super weich und niedlich. Diese lustigen Worte zaubern jedem werdenden Eltern ein L\u00e4cheln ins Gesicht. erh\u00e4lt dieses Geschenk, Es ist besonders ein tolles Geschenk f\u00fcr Eltern zum ersten Mal, seien Sie bereit mit der Ank\u00fcndigung eines neuen Babys<br \/>\nSchwangerschaftsgeschenk f\u00fcr M\u00fctter zum ersten Mal. Doppelseitige Entscheidungsm\u00fcnze, graviert mit &#8220;Daddy&#8217;s Turn&#8221; auf der einen Seite, die andere Seite ist mit &#8220;Mummy&#8217;s Turn&#8221; graviert. Dies kann Ihnen helfen, zu entscheiden, wer die Windel des Babys wechseln, das Baby f\u00fcttern, das Baby zum Schlafen bringen soll. Es ist das beste Geschenk f\u00fcr frischgebackene Eltern<br \/>\nGeschenknachricht und zufriedenstellender Service: Die Schwangerschafts-Geschenkbox wird mit einer leeren Gru\u00dfkarte geliefert. Schreiben Sie Ihre Liebe und Wertsch\u00e4tzung. Perfekte Geschenkidee f\u00fcr werdende Eltern f\u00fcr Babyparty, Geschlechtsoffenbarung, Schwangerschaftsank\u00fcndigung, Weihnachten oder jede andere Gelegenheit, um ein Neugeborenes zu begr\u00fc\u00dfen. uns, wir geben Sie haben eine zufriedenstellende L\u00f6sung, bitte kaufen Sie mit Vertrauen<br \/>\n<div class=\"main-cross-sell\" data-asin=\"B0BXWJTDJ8\">\n\n\t<div class=\"WooZone-cross-sell-loader\">\n\t\t<div>\n\t\t\t<div id=\"floatingBarsG\">\n\t\t\t\t<div class=\"blockG\" id=\"rotateG_01\"><\/div>\n\t\t\t\t<div class=\"blockG\" id=\"rotateG_02\"><\/div>\n\t\t\t\t<div class=\"blockG\" id=\"rotateG_03\"><\/div>\n\t\t\t\t<div class=\"blockG\" id=\"rotateG_04\"><\/div>\n\t\t\t\t<div class=\"blockG\" id=\"rotateG_05\"><\/div>\n\t\t\t\t<div class=\"blockG\" id=\"rotateG_06\"><\/div>\n\t\t\t\t<div class=\"blockG\" id=\"rotateG_07\"><\/div>\n\t\t\t\t<div class=\"blockG\" id=\"rotateG_08\"><\/div>\n\t\t\t<\/div>\n\t\t\t<div class=\"WooZone-cross-sell-loader-text\"><\/div>\n\t\t<\/div>\n\t<\/div>\n\n\t\t\n<\/div>\n<div style=\"clear:both;\"><\/div><\/p>\n","protected":false},"excerpt":{"rendered":"<p>Perfektes Geschenk f\u00fcr frischgebackene Eltern: Dieser Geschenkkorb f\u00fcr Babypartys enth\u00e4lt ein Set Weinbecher-Set f\u00fcr neue M\u00fctter und Papa (enth\u00e4lt 2 B\u00fcrsten und 2 Strohhalme), 1 x Entscheidungsm\u00fcnze, 1 x Unisex-Einteiler (0\u20133 Monate), ein Paar Babysocken (0\u20136 Monate), 1 x niedliches Baumwoll-Sabber-L\u00e4tzchen, ein Paar Muttersocken, mit hochwertiger Geschenkbox und Congress. Gl\u00fcckwunschkarte Ein aufmerksames und bedeutungsvolles \u00dcberraschungsgeschenk f\u00fcr werdende Eltern (neue Mutter und neuer Papa), die darauf warten, ein neues Baby willkommen zu hei\u00dfen. Perfektes Geschenk f\u00fcr frischgebackene Eltern<br \/>\n\ud83d\udc9d\u3010Weinglas f\u00fcr neue M\u00fctter und Papa\u3011 Mama und Papa brauchen beide Entspannung f\u00fcr einen Moment, perfektes Geschenk f\u00fcr frischgebackene Eltern. Dieser Vakuum-Weinbecher aus Edelstahl ist doppelt isoliert, um Getr\u00e4nke l\u00e4nger hei\u00df und kalt zu halten, bis zu 9 Stunden kalt oder bis zu 3 Stunden hei\u00df, 18\/8 304 Edelstahlbecher, lebensmittelechter Kunststoffdeckel, 340.2. g leicht zu tragen, Leicht, geeignet f\u00fcr verschiedene Anl\u00e4sse<br \/>\nBaby-Geschenk-Set: Die Babyartikel sind geschlechtsneutral und eignen sich f\u00fcr Jungen und M\u00e4dchen gleicherma\u00dfen. Baby-Einteiler mit &#8220;New to the Crew&#8221;; rutschfeste Babysocken mit &#8220;If You Can Read This Bring Me Some Milk&#8221;; Sabberl\u00e4tzchen; aus 100 % gek\u00e4mmter Baumwolle, super weich und niedlich. Diese lustigen Worte zaubern jedem werdenden Eltern ein L\u00e4cheln ins Gesicht. erh\u00e4lt dieses Geschenk, Es ist besonders ein tolles Geschenk f\u00fcr Eltern zum ersten Mal, seien Sie bereit mit der Ank\u00fcndigung eines neuen Babys<\/p>\n","protected":false},"featured_media":221118,"comment_status":"open","ping_status":"closed","template":"","meta":[],"product_brand":[],"product_cat":[21,8929],"product_tag":[],"class_list":{"0":"post-221117","1":"product","2":"type-product","3":"status-publish","4":"has-post-thumbnail","6":"product_cat-baby","7":"product_cat-babygeschenke-baby","8":"pa_binding-babyartikel","9":"pa_brand-yontiny","10":"pa_height-4-4-zoll","11":"pa_length-9-2-zoll","12":"pa_manufacturer-yontiny","13":"pa_model-mom-02","14":"pa_width-4-8-zoll","16":"first","17":"instock","18":"shipping-taxable","19":"purchasable","20":"product-type-simple","21":"customify-col","22":"product-has-gallery"},"yoast_head":"<!-- This site is optimized with the Yoast SEO plugin v27.4 - https:\/\/yoast.com\/product\/yoast-seo-wordpress\/ -->\n<title>Geschenk f\u00fcr werdende M\u00fctter, Schwangerschaftsgeschenke f\u00fcr werdende Eltern, Geschenk f\u00fcr Paare, Mutter- und Vater-Becher-Geschenke, werdende M\u00fctter, Babyparty - Markt-XXL<\/title>\n<meta name=\"description\" content=\"Markt-XXL Geschenk f\u00fcr werdende M\u00fctter, Schwangerschaftsgeschenke f\u00fcr werdende Eltern, Geschenk f\u00fcr Paare, Mutter- und Vater-Becher-Geschenke, werdende M\u00fctter, Babyparty\" \/>\n<meta name=\"robots\" content=\"index, follow, max-snippet:-1, max-image-preview:large, max-video-preview:-1\" \/>\n<link rel=\"canonical\" href=\"https:\/\/marktxxl.de\/markt\/produkt\/geschenk-fuer-werdende-muetter-schwangerschaftsgeschenke-fuer-werdende-eltern-geschenk-fuer-paare-mutter-und-vater-becher-geschenke-werdende-muetter-babyparty\/\" \/>\n<meta property=\"og:locale\" content=\"de_DE\" \/>\n<meta property=\"og:type\" content=\"article\" \/>\n<meta property=\"og:title\" content=\"Geschenk f\u00fcr werdende M\u00fctter, Schwangerschaftsgeschenke f\u00fcr werdende Eltern, Geschenk f\u00fcr Paare, Mutter- und Vater-Becher-Geschenke, werdende M\u00fctter, Babyparty - Markt-XXL\" \/>\n<meta property=\"og:description\" content=\"Markt-XXL Geschenk f\u00fcr werdende M\u00fctter, Schwangerschaftsgeschenke f\u00fcr werdende Eltern, Geschenk f\u00fcr Paare, Mutter- und Vater-Becher-Geschenke, werdende M\u00fctter, Babyparty\" \/>\n<meta property=\"og:url\" content=\"https:\/\/marktxxl.de\/markt\/produkt\/geschenk-fuer-werdende-muetter-schwangerschaftsgeschenke-fuer-werdende-eltern-geschenk-fuer-paare-mutter-und-vater-becher-geschenke-werdende-muetter-babyparty\/\" \/>\n<meta property=\"og:site_name\" content=\"Markt-XXL\" \/>\n<meta name=\"twitter:card\" content=\"summary_large_image\" \/>\n<meta name=\"twitter:label1\" content=\"Gesch\u00e4tzte Lesezeit\" \/>\n\t<meta name=\"twitter:data1\" content=\"2\u00a0Minuten\" \/>\n<script type=\"application\/ld+json\" class=\"yoast-schema-graph\">{\"@context\":\"https:\\\/\\\/schema.org\",\"@graph\":[{\"@type\":\"WebPage\",\"@id\":\"https:\\\/\\\/marktxxl.de\\\/markt\\\/produkt\\\/geschenk-fuer-werdende-muetter-schwangerschaftsgeschenke-fuer-werdende-eltern-geschenk-fuer-paare-mutter-und-vater-becher-geschenke-werdende-muetter-babyparty\\\/\",\"url\":\"https:\\\/\\\/marktxxl.de\\\/markt\\\/produkt\\\/geschenk-fuer-werdende-muetter-schwangerschaftsgeschenke-fuer-werdende-eltern-geschenk-fuer-paare-mutter-und-vater-becher-geschenke-werdende-muetter-babyparty\\\/\",\"name\":\"Geschenk f\u00fcr werdende M\u00fctter, Schwangerschaftsgeschenke f\u00fcr werdende Eltern, Geschenk f\u00fcr Paare, Mutter- und Vater-Becher-Geschenke, werdende M\u00fctter, Babyparty - Markt-XXL\",\"isPartOf\":{\"@id\":\"https:\\\/\\\/marktxxl.de\\\/markt\\\/#website\"},\"primaryImageOfPage\":{\"@id\":\"https:\\\/\\\/marktxxl.de\\\/markt\\\/produkt\\\/geschenk-fuer-werdende-muetter-schwangerschaftsgeschenke-fuer-werdende-eltern-geschenk-fuer-paare-mutter-und-vater-becher-geschenke-werdende-muetter-babyparty\\\/#primaryimage\"},\"image\":{\"@id\":\"https:\\\/\\\/marktxxl.de\\\/markt\\\/produkt\\\/geschenk-fuer-werdende-muetter-schwangerschaftsgeschenke-fuer-werdende-eltern-geschenk-fuer-paare-mutter-und-vater-becher-geschenke-werdende-muetter-babyparty\\\/#primaryimage\"},\"thumbnailUrl\":\"https:\\\/\\\/m.media-amazon.com\\\/images\\\/I\\\/51-+lBiEc-L._SL500_.jpg\",\"datePublished\":\"2024-07-28T12:17:35+00:00\",\"description\":\"Markt-XXL Geschenk f\u00fcr werdende M\u00fctter, Schwangerschaftsgeschenke f\u00fcr werdende Eltern, Geschenk f\u00fcr Paare, Mutter- und Vater-Becher-Geschenke, werdende M\u00fctter, Babyparty\",\"breadcrumb\":{\"@id\":\"https:\\\/\\\/marktxxl.de\\\/markt\\\/produkt\\\/geschenk-fuer-werdende-muetter-schwangerschaftsgeschenke-fuer-werdende-eltern-geschenk-fuer-paare-mutter-und-vater-becher-geschenke-werdende-muetter-babyparty\\\/#breadcrumb\"},\"inLanguage\":\"de\",\"potentialAction\":[{\"@type\":\"ReadAction\",\"target\":[\"https:\\\/\\\/marktxxl.de\\\/markt\\\/produkt\\\/geschenk-fuer-werdende-muetter-schwangerschaftsgeschenke-fuer-werdende-eltern-geschenk-fuer-paare-mutter-und-vater-becher-geschenke-werdende-muetter-babyparty\\\/\"]}]},{\"@type\":\"ImageObject\",\"inLanguage\":\"de\",\"@id\":\"https:\\\/\\\/marktxxl.de\\\/markt\\\/produkt\\\/geschenk-fuer-werdende-muetter-schwangerschaftsgeschenke-fuer-werdende-eltern-geschenk-fuer-paare-mutter-und-vater-becher-geschenke-werdende-muetter-babyparty\\\/#primaryimage\",\"url\":\"https:\\\/\\\/m.media-amazon.com\\\/images\\\/I\\\/51-+lBiEc-L._SL500_.jpg\",\"contentUrl\":\"https:\\\/\\\/m.media-amazon.com\\\/images\\\/I\\\/51-+lBiEc-L._SL500_.jpg\",\"width\":500,\"height\":500},{\"@type\":\"BreadcrumbList\",\"@id\":\"https:\\\/\\\/marktxxl.de\\\/markt\\\/produkt\\\/geschenk-fuer-werdende-muetter-schwangerschaftsgeschenke-fuer-werdende-eltern-geschenk-fuer-paare-mutter-und-vater-becher-geschenke-werdende-muetter-babyparty\\\/#breadcrumb\",\"itemListElement\":[{\"@type\":\"ListItem\",\"position\":1,\"name\":\"Startseite\",\"item\":\"https:\\\/\\\/marktxxl.de\\\/markt\\\/\"},{\"@type\":\"ListItem\",\"position\":2,\"name\":\"Markt\",\"item\":\"https:\\\/\\\/marktxxl.de\\\/markt\\\/\"},{\"@type\":\"ListItem\",\"position\":3,\"name\":\"Geschenk f\u00fcr werdende M\u00fctter, Schwangerschaftsgeschenke f\u00fcr werdende Eltern, Geschenk f\u00fcr Paare, Mutter- und Vater-Becher-Geschenke, werdende M\u00fctter, Babyparty\"}]},{\"@type\":\"WebSite\",\"@id\":\"https:\\\/\\\/marktxxl.de\\\/markt\\\/#website\",\"url\":\"https:\\\/\\\/marktxxl.de\\\/markt\\\/\",\"name\":\"Markt-XXL\",\"description\":\"Ihr Markt Online\",\"publisher\":{\"@id\":\"https:\\\/\\\/marktxxl.de\\\/markt\\\/#organization\"},\"potentialAction\":[{\"@type\":\"SearchAction\",\"target\":{\"@type\":\"EntryPoint\",\"urlTemplate\":\"https:\\\/\\\/marktxxl.de\\\/markt\\\/?s={search_term_string}\"},\"query-input\":{\"@type\":\"PropertyValueSpecification\",\"valueRequired\":true,\"valueName\":\"search_term_string\"}}],\"inLanguage\":\"de\"},{\"@type\":\"Organization\",\"@id\":\"https:\\\/\\\/marktxxl.de\\\/markt\\\/#organization\",\"name\":\"Markt-XXL\",\"url\":\"https:\\\/\\\/marktxxl.de\\\/markt\\\/\",\"logo\":{\"@type\":\"ImageObject\",\"inLanguage\":\"de\",\"@id\":\"https:\\\/\\\/marktxxl.de\\\/markt\\\/#\\\/schema\\\/logo\\\/image\\\/\",\"url\":\"https:\\\/\\\/marktxxl.de\\\/markt\\\/wp-content\\\/uploads\\\/sites\\\/3\\\/2020\\\/12\\\/logo.png\",\"contentUrl\":\"https:\\\/\\\/marktxxl.de\\\/markt\\\/wp-content\\\/uploads\\\/sites\\\/3\\\/2020\\\/12\\\/logo.png\",\"width\":200,\"height\":70,\"caption\":\"Markt-XXL\"},\"image\":{\"@id\":\"https:\\\/\\\/marktxxl.de\\\/markt\\\/#\\\/schema\\\/logo\\\/image\\\/\"}}]}<\/script>\n<!-- \/ Yoast SEO plugin. -->","yoast_head_json":{"title":"Geschenk f\u00fcr werdende M\u00fctter, Schwangerschaftsgeschenke f\u00fcr werdende Eltern, Geschenk f\u00fcr Paare, Mutter- und Vater-Becher-Geschenke, werdende M\u00fctter, Babyparty - Markt-XXL","description":"Markt-XXL Geschenk f\u00fcr werdende M\u00fctter, Schwangerschaftsgeschenke f\u00fcr werdende Eltern, Geschenk f\u00fcr Paare, Mutter- und Vater-Becher-Geschenke, werdende M\u00fctter, Babyparty","robots":{"index":"index","follow":"follow","max-snippet":"max-snippet:-1","max-image-preview":"max-image-preview:large","max-video-preview":"max-video-preview:-1"},"canonical":"https:\/\/marktxxl.de\/markt\/produkt\/geschenk-fuer-werdende-muetter-schwangerschaftsgeschenke-fuer-werdende-eltern-geschenk-fuer-paare-mutter-und-vater-becher-geschenke-werdende-muetter-babyparty\/","og_locale":"de_DE","og_type":"article","og_title":"Geschenk f\u00fcr werdende M\u00fctter, Schwangerschaftsgeschenke f\u00fcr werdende Eltern, Geschenk f\u00fcr Paare, Mutter- und Vater-Becher-Geschenke, werdende M\u00fctter, Babyparty - Markt-XXL","og_description":"Markt-XXL Geschenk f\u00fcr werdende M\u00fctter, Schwangerschaftsgeschenke f\u00fcr werdende Eltern, Geschenk f\u00fcr Paare, Mutter- und Vater-Becher-Geschenke, werdende M\u00fctter, Babyparty","og_url":"https:\/\/marktxxl.de\/markt\/produkt\/geschenk-fuer-werdende-muetter-schwangerschaftsgeschenke-fuer-werdende-eltern-geschenk-fuer-paare-mutter-und-vater-becher-geschenke-werdende-muetter-babyparty\/","og_site_name":"Markt-XXL","twitter_card":"summary_large_image","twitter_misc":{"Gesch\u00e4tzte Lesezeit":"2\u00a0Minuten"},"schema":{"@context":"https:\/\/schema.org","@graph":[{"@type":"WebPage","@id":"https:\/\/marktxxl.de\/markt\/produkt\/geschenk-fuer-werdende-muetter-schwangerschaftsgeschenke-fuer-werdende-eltern-geschenk-fuer-paare-mutter-und-vater-becher-geschenke-werdende-muetter-babyparty\/","url":"https:\/\/marktxxl.de\/markt\/produkt\/geschenk-fuer-werdende-muetter-schwangerschaftsgeschenke-fuer-werdende-eltern-geschenk-fuer-paare-mutter-und-vater-becher-geschenke-werdende-muetter-babyparty\/","name":"Geschenk f\u00fcr werdende M\u00fctter, Schwangerschaftsgeschenke f\u00fcr werdende Eltern, Geschenk f\u00fcr Paare, Mutter- und Vater-Becher-Geschenke, werdende M\u00fctter, Babyparty - Markt-XXL","isPartOf":{"@id":"https:\/\/marktxxl.de\/markt\/#website"},"primaryImageOfPage":{"@id":"https:\/\/marktxxl.de\/markt\/produkt\/geschenk-fuer-werdende-muetter-schwangerschaftsgeschenke-fuer-werdende-eltern-geschenk-fuer-paare-mutter-und-vater-becher-geschenke-werdende-muetter-babyparty\/#primaryimage"},"image":{"@id":"https:\/\/marktxxl.de\/markt\/produkt\/geschenk-fuer-werdende-muetter-schwangerschaftsgeschenke-fuer-werdende-eltern-geschenk-fuer-paare-mutter-und-vater-becher-geschenke-werdende-muetter-babyparty\/#primaryimage"},"thumbnailUrl":"https:\/\/m.media-amazon.com\/images\/I\/51-+lBiEc-L._SL500_.jpg","datePublished":"2024-07-28T12:17:35+00:00","description":"Markt-XXL Geschenk f\u00fcr werdende M\u00fctter, Schwangerschaftsgeschenke f\u00fcr werdende Eltern, Geschenk f\u00fcr Paare, Mutter- und Vater-Becher-Geschenke, werdende M\u00fctter, Babyparty","breadcrumb":{"@id":"https:\/\/marktxxl.de\/markt\/produkt\/geschenk-fuer-werdende-muetter-schwangerschaftsgeschenke-fuer-werdende-eltern-geschenk-fuer-paare-mutter-und-vater-becher-geschenke-werdende-muetter-babyparty\/#breadcrumb"},"inLanguage":"de","potentialAction":[{"@type":"ReadAction","target":["https:\/\/marktxxl.de\/markt\/produkt\/geschenk-fuer-werdende-muetter-schwangerschaftsgeschenke-fuer-werdende-eltern-geschenk-fuer-paare-mutter-und-vater-becher-geschenke-werdende-muetter-babyparty\/"]}]},{"@type":"ImageObject","inLanguage":"de","@id":"https:\/\/marktxxl.de\/markt\/produkt\/geschenk-fuer-werdende-muetter-schwangerschaftsgeschenke-fuer-werdende-eltern-geschenk-fuer-paare-mutter-und-vater-becher-geschenke-werdende-muetter-babyparty\/#primaryimage","url":"https:\/\/m.media-amazon.com\/images\/I\/51-+lBiEc-L._SL500_.jpg","contentUrl":"https:\/\/m.media-amazon.com\/images\/I\/51-+lBiEc-L._SL500_.jpg","width":500,"height":500},{"@type":"BreadcrumbList","@id":"https:\/\/marktxxl.de\/markt\/produkt\/geschenk-fuer-werdende-muetter-schwangerschaftsgeschenke-fuer-werdende-eltern-geschenk-fuer-paare-mutter-und-vater-becher-geschenke-werdende-muetter-babyparty\/#breadcrumb","itemListElement":[{"@type":"ListItem","position":1,"name":"Startseite","item":"https:\/\/marktxxl.de\/markt\/"},{"@type":"ListItem","position":2,"name":"Markt","item":"https:\/\/marktxxl.de\/markt\/"},{"@type":"ListItem","position":3,"name":"Geschenk f\u00fcr werdende M\u00fctter, Schwangerschaftsgeschenke f\u00fcr werdende Eltern, Geschenk f\u00fcr Paare, Mutter- und Vater-Becher-Geschenke, werdende M\u00fctter, Babyparty"}]},{"@type":"WebSite","@id":"https:\/\/marktxxl.de\/markt\/#website","url":"https:\/\/marktxxl.de\/markt\/","name":"Markt-XXL","description":"Ihr Markt Online","publisher":{"@id":"https:\/\/marktxxl.de\/markt\/#organization"},"potentialAction":[{"@type":"SearchAction","target":{"@type":"EntryPoint","urlTemplate":"https:\/\/marktxxl.de\/markt\/?s={search_term_string}"},"query-input":{"@type":"PropertyValueSpecification","valueRequired":true,"valueName":"search_term_string"}}],"inLanguage":"de"},{"@type":"Organization","@id":"https:\/\/marktxxl.de\/markt\/#organization","name":"Markt-XXL","url":"https:\/\/marktxxl.de\/markt\/","logo":{"@type":"ImageObject","inLanguage":"de","@id":"https:\/\/marktxxl.de\/markt\/#\/schema\/logo\/image\/","url":"https:\/\/marktxxl.de\/markt\/wp-content\/uploads\/sites\/3\/2020\/12\/logo.png","contentUrl":"https:\/\/marktxxl.de\/markt\/wp-content\/uploads\/sites\/3\/2020\/12\/logo.png","width":200,"height":70,"caption":"Markt-XXL"},"image":{"@id":"https:\/\/marktxxl.de\/markt\/#\/schema\/logo\/image\/"}}]}},"_links":{"self":[{"href":"https:\/\/marktxxl.de\/markt\/wp-json\/wp\/v2\/product\/221117","targetHints":{"allow":["GET"]}}],"collection":[{"href":"https:\/\/marktxxl.de\/markt\/wp-json\/wp\/v2\/product"}],"about":[{"href":"https:\/\/marktxxl.de\/markt\/wp-json\/wp\/v2\/types\/product"}],"replies":[{"embeddable":true,"href":"https:\/\/marktxxl.de\/markt\/wp-json\/wp\/v2\/comments?post=221117"}],"wp:featuredmedia":[{"embeddable":true,"href":"https:\/\/marktxxl.de\/markt\/wp-json\/wp\/v2\/media\/221118"}],"wp:attachment":[{"href":"https:\/\/marktxxl.de\/markt\/wp-json\/wp\/v2\/media?parent=221117"}],"wp:term":[{"taxonomy":"product_brand","embeddable":true,"href":"https:\/\/marktxxl.de\/markt\/wp-json\/wp\/v2\/product_brand?post=221117"},{"taxonomy":"product_cat","embeddable":true,"href":"https:\/\/marktxxl.de\/markt\/wp-json\/wp\/v2\/product_cat?post=221117"},{"taxonomy":"product_tag","embeddable":true,"href":"https:\/\/marktxxl.de\/markt\/wp-json\/wp\/v2\/product_tag?post=221117"}],"curies":[{"name":"wp","href":"https:\/\/api.w.org\/{rel}","templated":true}]}}