{"id":221083,"date":"2024-07-28T14:17:06","date_gmt":"2024-07-28T12:17:06","guid":{"rendered":"https:\/\/marktxxl.de\/markt\/produkt\/miscarriage-gifts-for-mothers-angel-in-heaven-remembrance-box-sympathy-card-and-miscarriage-memorial-gift-pregnancy-infant-loss-toss-gift-for-parents\/"},"modified":"2024-07-28T14:17:06","modified_gmt":"2024-07-28T12:17:06","slug":"miscarriage-gifts-for-mothers-angel-in-heaven-remembrance-box-sympathy-card-and-miscarriage-memorial-gift-pregnancy-infant-loss-toss-gift-for-parents","status":"publish","type":"product","link":"https:\/\/marktxxl.de\/markt\/produkt\/miscarriage-gifts-for-mothers-angel-in-heaven-remembrance-box-sympathy-card-and-miscarriage-memorial-gift-pregnancy-infant-loss-toss-gift-for-parents\/","title":{"rendered":"Miscarriage Gifts for Mothers | Angel in Heaven Remembrance Box | Sympathy Card and Miscarriage Memorial Gift | Pregnancy, Infant Loss Toss Gift for Parents"},"content":{"rendered":"<p>Ein bedeutungsvolles Geschenk \u2013 Verschenken Sie ein Gedenkgeschenk f\u00fcr Fehlgeburt und Beileidskarte, um M\u00fctter und V\u00e4ter sich geliebt und geh\u00f6rt zu f\u00fchlen.<br \/>\nInspiriert von Jesus \u2013 Helfen Sie Eltern, sich auf ihren Glauben zu lehnen, um mit dem Trauer der Fehlgeburt, Schwangerschaftsverlust, Stillzeit und des Verlusts des S\u00e4uglings zu bew\u00e4ltigen.<br \/>\nMIT EINER MUTTER LIEBE GESTELLT &#8211; Unser Fehlgeburtspaket wurde liebevoll von einer Mutter kreiert, um einer trauernden Mutter oder Papa nach einem Verlust des Babys zu unterst\u00fctzen.<br \/>\nSend Comforting Words \u2013 Unsere Trauerkarte lautet: &#8220;&#8230;and to think the first thing our angel saw when those beautiful little eyes open was the face of Jesus.&#8221;<br \/>\nTeilen Sie Liebe und Komfort \u2013 es gibt keine Worte, die trauernde Eltern ausreichend tr\u00f6sten k\u00f6nnen. Aber einfache Gesten, wie sie ihnen Trauergeschenke geben, werden sie sich w\u00e4hrend ihrer Reise unterst\u00fctzen.<br \/>\n<div class=\"main-cross-sell\" data-asin=\"B0B4BQGMP9\">\n\n\t<div class=\"WooZone-cross-sell-loader\">\n\t\t<div>\n\t\t\t<div id=\"floatingBarsG\">\n\t\t\t\t<div class=\"blockG\" id=\"rotateG_01\"><\/div>\n\t\t\t\t<div class=\"blockG\" id=\"rotateG_02\"><\/div>\n\t\t\t\t<div class=\"blockG\" id=\"rotateG_03\"><\/div>\n\t\t\t\t<div class=\"blockG\" id=\"rotateG_04\"><\/div>\n\t\t\t\t<div class=\"blockG\" id=\"rotateG_05\"><\/div>\n\t\t\t\t<div class=\"blockG\" id=\"rotateG_06\"><\/div>\n\t\t\t\t<div class=\"blockG\" id=\"rotateG_07\"><\/div>\n\t\t\t\t<div class=\"blockG\" id=\"rotateG_08\"><\/div>\n\t\t\t<\/div>\n\t\t\t<div class=\"WooZone-cross-sell-loader-text\"><\/div>\n\t\t<\/div>\n\t<\/div>\n\n\t\t\n<\/div>\n<div style=\"clear:both;\"><\/div><\/p>\n","protected":false},"excerpt":{"rendered":"<p>Ein bedeutungsvolles Geschenk \u2013 Verschenken Sie ein Gedenkgeschenk f\u00fcr Fehlgeburt und Beileidskarte, um M\u00fctter und V\u00e4ter sich geliebt und geh\u00f6rt zu f\u00fchlen.<br \/>\nInspiriert von Jesus \u2013 Helfen Sie Eltern, sich auf ihren Glauben zu lehnen, um mit dem Trauer der Fehlgeburt, Schwangerschaftsverlust, Stillzeit und des Verlusts des S\u00e4uglings zu bew\u00e4ltigen.<br \/>\nMIT EINER MUTTER LIEBE GESTELLT &#8211; Unser Fehlgeburtspaket wurde liebevoll von einer Mutter kreiert, um einer trauernden Mutter oder Papa nach einem Verlust des Babys zu unterst\u00fctzen.<\/p>\n","protected":false},"featured_media":221084,"comment_status":"open","ping_status":"closed","template":"","meta":[],"product_brand":[],"product_cat":[21,8929],"product_tag":[],"class_list":{"0":"post-221083","1":"product","2":"type-product","3":"status-publish","4":"has-post-thumbnail","6":"product_cat-baby","7":"product_cat-babygeschenke-baby","8":"pa_binding-unbekannter-einband","9":"pa_brand-repandre-la-joie","10":"pa_color-transparent","11":"pa_height-5-zoll","12":"pa_length-3-5-zoll","13":"pa_manufacturer-hanmadh","14":"pa_model-55478","15":"pa_width-0-13-zoll","17":"first","18":"instock","19":"shipping-taxable","20":"purchasable","21":"product-type-simple","22":"customify-col","23":"product-has-gallery"},"yoast_head":"<!-- This site is optimized with the Yoast SEO plugin v27.4 - https:\/\/yoast.com\/product\/yoast-seo-wordpress\/ -->\n<title>Miscarriage Gifts for Mothers | Angel in Heaven Remembrance Box | Sympathy Card and Miscarriage Memorial Gift | Pregnancy, Infant Loss Toss Gift for Parents - Markt-XXL<\/title>\n<meta name=\"description\" content=\"Markt-XXL Miscarriage Gifts for Mothers | Angel in Heaven Remembrance Box | Sympathy Card and Miscarriage Memorial Gift | Pregnancy, Infant Loss Toss Gift for Parents\" \/>\n<meta name=\"robots\" content=\"index, follow, max-snippet:-1, max-image-preview:large, max-video-preview:-1\" \/>\n<link rel=\"canonical\" href=\"https:\/\/marktxxl.de\/markt\/produkt\/miscarriage-gifts-for-mothers-angel-in-heaven-remembrance-box-sympathy-card-and-miscarriage-memorial-gift-pregnancy-infant-loss-toss-gift-for-parents\/\" \/>\n<meta property=\"og:locale\" content=\"de_DE\" \/>\n<meta property=\"og:type\" content=\"article\" \/>\n<meta property=\"og:title\" content=\"Miscarriage Gifts for Mothers | Angel in Heaven Remembrance Box | Sympathy Card and Miscarriage Memorial Gift | Pregnancy, Infant Loss Toss Gift for Parents - Markt-XXL\" \/>\n<meta property=\"og:description\" content=\"Markt-XXL Miscarriage Gifts for Mothers | Angel in Heaven Remembrance Box | Sympathy Card and Miscarriage Memorial Gift | Pregnancy, Infant Loss Toss Gift for Parents\" \/>\n<meta property=\"og:url\" content=\"https:\/\/marktxxl.de\/markt\/produkt\/miscarriage-gifts-for-mothers-angel-in-heaven-remembrance-box-sympathy-card-and-miscarriage-memorial-gift-pregnancy-infant-loss-toss-gift-for-parents\/\" \/>\n<meta property=\"og:site_name\" content=\"Markt-XXL\" \/>\n<meta name=\"twitter:card\" content=\"summary_large_image\" \/>\n<meta name=\"twitter:label1\" content=\"Gesch\u00e4tzte Lesezeit\" \/>\n\t<meta name=\"twitter:data1\" content=\"1\u00a0Minute\" \/>\n<script type=\"application\/ld+json\" class=\"yoast-schema-graph\">{\"@context\":\"https:\\\/\\\/schema.org\",\"@graph\":[{\"@type\":\"WebPage\",\"@id\":\"https:\\\/\\\/marktxxl.de\\\/markt\\\/produkt\\\/miscarriage-gifts-for-mothers-angel-in-heaven-remembrance-box-sympathy-card-and-miscarriage-memorial-gift-pregnancy-infant-loss-toss-gift-for-parents\\\/\",\"url\":\"https:\\\/\\\/marktxxl.de\\\/markt\\\/produkt\\\/miscarriage-gifts-for-mothers-angel-in-heaven-remembrance-box-sympathy-card-and-miscarriage-memorial-gift-pregnancy-infant-loss-toss-gift-for-parents\\\/\",\"name\":\"Miscarriage Gifts for Mothers | Angel in Heaven Remembrance Box | Sympathy Card and Miscarriage Memorial Gift | Pregnancy, Infant Loss Toss Gift for Parents - Markt-XXL\",\"isPartOf\":{\"@id\":\"https:\\\/\\\/marktxxl.de\\\/markt\\\/#website\"},\"primaryImageOfPage\":{\"@id\":\"https:\\\/\\\/marktxxl.de\\\/markt\\\/produkt\\\/miscarriage-gifts-for-mothers-angel-in-heaven-remembrance-box-sympathy-card-and-miscarriage-memorial-gift-pregnancy-infant-loss-toss-gift-for-parents\\\/#primaryimage\"},\"image\":{\"@id\":\"https:\\\/\\\/marktxxl.de\\\/markt\\\/produkt\\\/miscarriage-gifts-for-mothers-angel-in-heaven-remembrance-box-sympathy-card-and-miscarriage-memorial-gift-pregnancy-infant-loss-toss-gift-for-parents\\\/#primaryimage\"},\"thumbnailUrl\":\"https:\\\/\\\/m.media-amazon.com\\\/images\\\/I\\\/41nUOO+WbCL._SL500_.jpg\",\"datePublished\":\"2024-07-28T12:17:06+00:00\",\"description\":\"Markt-XXL Miscarriage Gifts for Mothers | Angel in Heaven Remembrance Box | Sympathy Card and Miscarriage Memorial Gift | Pregnancy, Infant Loss Toss Gift for Parents\",\"breadcrumb\":{\"@id\":\"https:\\\/\\\/marktxxl.de\\\/markt\\\/produkt\\\/miscarriage-gifts-for-mothers-angel-in-heaven-remembrance-box-sympathy-card-and-miscarriage-memorial-gift-pregnancy-infant-loss-toss-gift-for-parents\\\/#breadcrumb\"},\"inLanguage\":\"de\",\"potentialAction\":[{\"@type\":\"ReadAction\",\"target\":[\"https:\\\/\\\/marktxxl.de\\\/markt\\\/produkt\\\/miscarriage-gifts-for-mothers-angel-in-heaven-remembrance-box-sympathy-card-and-miscarriage-memorial-gift-pregnancy-infant-loss-toss-gift-for-parents\\\/\"]}]},{\"@type\":\"ImageObject\",\"inLanguage\":\"de\",\"@id\":\"https:\\\/\\\/marktxxl.de\\\/markt\\\/produkt\\\/miscarriage-gifts-for-mothers-angel-in-heaven-remembrance-box-sympathy-card-and-miscarriage-memorial-gift-pregnancy-infant-loss-toss-gift-for-parents\\\/#primaryimage\",\"url\":\"https:\\\/\\\/m.media-amazon.com\\\/images\\\/I\\\/41nUOO+WbCL._SL500_.jpg\",\"contentUrl\":\"https:\\\/\\\/m.media-amazon.com\\\/images\\\/I\\\/41nUOO+WbCL._SL500_.jpg\",\"width\":500,\"height\":500},{\"@type\":\"BreadcrumbList\",\"@id\":\"https:\\\/\\\/marktxxl.de\\\/markt\\\/produkt\\\/miscarriage-gifts-for-mothers-angel-in-heaven-remembrance-box-sympathy-card-and-miscarriage-memorial-gift-pregnancy-infant-loss-toss-gift-for-parents\\\/#breadcrumb\",\"itemListElement\":[{\"@type\":\"ListItem\",\"position\":1,\"name\":\"Startseite\",\"item\":\"https:\\\/\\\/marktxxl.de\\\/markt\\\/\"},{\"@type\":\"ListItem\",\"position\":2,\"name\":\"Markt\",\"item\":\"https:\\\/\\\/marktxxl.de\\\/markt\\\/\"},{\"@type\":\"ListItem\",\"position\":3,\"name\":\"Miscarriage Gifts for Mothers | Angel in Heaven Remembrance Box | Sympathy Card and Miscarriage Memorial Gift | Pregnancy, Infant Loss Toss Gift for Parents\"}]},{\"@type\":\"WebSite\",\"@id\":\"https:\\\/\\\/marktxxl.de\\\/markt\\\/#website\",\"url\":\"https:\\\/\\\/marktxxl.de\\\/markt\\\/\",\"name\":\"Markt-XXL\",\"description\":\"Ihr Markt Online\",\"publisher\":{\"@id\":\"https:\\\/\\\/marktxxl.de\\\/markt\\\/#organization\"},\"potentialAction\":[{\"@type\":\"SearchAction\",\"target\":{\"@type\":\"EntryPoint\",\"urlTemplate\":\"https:\\\/\\\/marktxxl.de\\\/markt\\\/?s={search_term_string}\"},\"query-input\":{\"@type\":\"PropertyValueSpecification\",\"valueRequired\":true,\"valueName\":\"search_term_string\"}}],\"inLanguage\":\"de\"},{\"@type\":\"Organization\",\"@id\":\"https:\\\/\\\/marktxxl.de\\\/markt\\\/#organization\",\"name\":\"Markt-XXL\",\"url\":\"https:\\\/\\\/marktxxl.de\\\/markt\\\/\",\"logo\":{\"@type\":\"ImageObject\",\"inLanguage\":\"de\",\"@id\":\"https:\\\/\\\/marktxxl.de\\\/markt\\\/#\\\/schema\\\/logo\\\/image\\\/\",\"url\":\"https:\\\/\\\/marktxxl.de\\\/markt\\\/wp-content\\\/uploads\\\/sites\\\/3\\\/2020\\\/12\\\/logo.png\",\"contentUrl\":\"https:\\\/\\\/marktxxl.de\\\/markt\\\/wp-content\\\/uploads\\\/sites\\\/3\\\/2020\\\/12\\\/logo.png\",\"width\":200,\"height\":70,\"caption\":\"Markt-XXL\"},\"image\":{\"@id\":\"https:\\\/\\\/marktxxl.de\\\/markt\\\/#\\\/schema\\\/logo\\\/image\\\/\"}}]}<\/script>\n<!-- \/ Yoast SEO plugin. -->","yoast_head_json":{"title":"Miscarriage Gifts for Mothers | Angel in Heaven Remembrance Box | Sympathy Card and Miscarriage Memorial Gift | Pregnancy, Infant Loss Toss Gift for Parents - Markt-XXL","description":"Markt-XXL Miscarriage Gifts for Mothers | Angel in Heaven Remembrance Box | Sympathy Card and Miscarriage Memorial Gift | Pregnancy, Infant Loss Toss Gift for Parents","robots":{"index":"index","follow":"follow","max-snippet":"max-snippet:-1","max-image-preview":"max-image-preview:large","max-video-preview":"max-video-preview:-1"},"canonical":"https:\/\/marktxxl.de\/markt\/produkt\/miscarriage-gifts-for-mothers-angel-in-heaven-remembrance-box-sympathy-card-and-miscarriage-memorial-gift-pregnancy-infant-loss-toss-gift-for-parents\/","og_locale":"de_DE","og_type":"article","og_title":"Miscarriage Gifts for Mothers | Angel in Heaven Remembrance Box | Sympathy Card and Miscarriage Memorial Gift | Pregnancy, Infant Loss Toss Gift for Parents - Markt-XXL","og_description":"Markt-XXL Miscarriage Gifts for Mothers | Angel in Heaven Remembrance Box | Sympathy Card and Miscarriage Memorial Gift | Pregnancy, Infant Loss Toss Gift for Parents","og_url":"https:\/\/marktxxl.de\/markt\/produkt\/miscarriage-gifts-for-mothers-angel-in-heaven-remembrance-box-sympathy-card-and-miscarriage-memorial-gift-pregnancy-infant-loss-toss-gift-for-parents\/","og_site_name":"Markt-XXL","twitter_card":"summary_large_image","twitter_misc":{"Gesch\u00e4tzte Lesezeit":"1\u00a0Minute"},"schema":{"@context":"https:\/\/schema.org","@graph":[{"@type":"WebPage","@id":"https:\/\/marktxxl.de\/markt\/produkt\/miscarriage-gifts-for-mothers-angel-in-heaven-remembrance-box-sympathy-card-and-miscarriage-memorial-gift-pregnancy-infant-loss-toss-gift-for-parents\/","url":"https:\/\/marktxxl.de\/markt\/produkt\/miscarriage-gifts-for-mothers-angel-in-heaven-remembrance-box-sympathy-card-and-miscarriage-memorial-gift-pregnancy-infant-loss-toss-gift-for-parents\/","name":"Miscarriage Gifts for Mothers | Angel in Heaven Remembrance Box | Sympathy Card and Miscarriage Memorial Gift | Pregnancy, Infant Loss Toss Gift for Parents - Markt-XXL","isPartOf":{"@id":"https:\/\/marktxxl.de\/markt\/#website"},"primaryImageOfPage":{"@id":"https:\/\/marktxxl.de\/markt\/produkt\/miscarriage-gifts-for-mothers-angel-in-heaven-remembrance-box-sympathy-card-and-miscarriage-memorial-gift-pregnancy-infant-loss-toss-gift-for-parents\/#primaryimage"},"image":{"@id":"https:\/\/marktxxl.de\/markt\/produkt\/miscarriage-gifts-for-mothers-angel-in-heaven-remembrance-box-sympathy-card-and-miscarriage-memorial-gift-pregnancy-infant-loss-toss-gift-for-parents\/#primaryimage"},"thumbnailUrl":"https:\/\/m.media-amazon.com\/images\/I\/41nUOO+WbCL._SL500_.jpg","datePublished":"2024-07-28T12:17:06+00:00","description":"Markt-XXL Miscarriage Gifts for Mothers | Angel in Heaven Remembrance Box | Sympathy Card and Miscarriage Memorial Gift | Pregnancy, Infant Loss Toss Gift for Parents","breadcrumb":{"@id":"https:\/\/marktxxl.de\/markt\/produkt\/miscarriage-gifts-for-mothers-angel-in-heaven-remembrance-box-sympathy-card-and-miscarriage-memorial-gift-pregnancy-infant-loss-toss-gift-for-parents\/#breadcrumb"},"inLanguage":"de","potentialAction":[{"@type":"ReadAction","target":["https:\/\/marktxxl.de\/markt\/produkt\/miscarriage-gifts-for-mothers-angel-in-heaven-remembrance-box-sympathy-card-and-miscarriage-memorial-gift-pregnancy-infant-loss-toss-gift-for-parents\/"]}]},{"@type":"ImageObject","inLanguage":"de","@id":"https:\/\/marktxxl.de\/markt\/produkt\/miscarriage-gifts-for-mothers-angel-in-heaven-remembrance-box-sympathy-card-and-miscarriage-memorial-gift-pregnancy-infant-loss-toss-gift-for-parents\/#primaryimage","url":"https:\/\/m.media-amazon.com\/images\/I\/41nUOO+WbCL._SL500_.jpg","contentUrl":"https:\/\/m.media-amazon.com\/images\/I\/41nUOO+WbCL._SL500_.jpg","width":500,"height":500},{"@type":"BreadcrumbList","@id":"https:\/\/marktxxl.de\/markt\/produkt\/miscarriage-gifts-for-mothers-angel-in-heaven-remembrance-box-sympathy-card-and-miscarriage-memorial-gift-pregnancy-infant-loss-toss-gift-for-parents\/#breadcrumb","itemListElement":[{"@type":"ListItem","position":1,"name":"Startseite","item":"https:\/\/marktxxl.de\/markt\/"},{"@type":"ListItem","position":2,"name":"Markt","item":"https:\/\/marktxxl.de\/markt\/"},{"@type":"ListItem","position":3,"name":"Miscarriage Gifts for Mothers | Angel in Heaven Remembrance Box | Sympathy Card and Miscarriage Memorial Gift | Pregnancy, Infant Loss Toss Gift for Parents"}]},{"@type":"WebSite","@id":"https:\/\/marktxxl.de\/markt\/#website","url":"https:\/\/marktxxl.de\/markt\/","name":"Markt-XXL","description":"Ihr Markt Online","publisher":{"@id":"https:\/\/marktxxl.de\/markt\/#organization"},"potentialAction":[{"@type":"SearchAction","target":{"@type":"EntryPoint","urlTemplate":"https:\/\/marktxxl.de\/markt\/?s={search_term_string}"},"query-input":{"@type":"PropertyValueSpecification","valueRequired":true,"valueName":"search_term_string"}}],"inLanguage":"de"},{"@type":"Organization","@id":"https:\/\/marktxxl.de\/markt\/#organization","name":"Markt-XXL","url":"https:\/\/marktxxl.de\/markt\/","logo":{"@type":"ImageObject","inLanguage":"de","@id":"https:\/\/marktxxl.de\/markt\/#\/schema\/logo\/image\/","url":"https:\/\/marktxxl.de\/markt\/wp-content\/uploads\/sites\/3\/2020\/12\/logo.png","contentUrl":"https:\/\/marktxxl.de\/markt\/wp-content\/uploads\/sites\/3\/2020\/12\/logo.png","width":200,"height":70,"caption":"Markt-XXL"},"image":{"@id":"https:\/\/marktxxl.de\/markt\/#\/schema\/logo\/image\/"}}]}},"_links":{"self":[{"href":"https:\/\/marktxxl.de\/markt\/wp-json\/wp\/v2\/product\/221083","targetHints":{"allow":["GET"]}}],"collection":[{"href":"https:\/\/marktxxl.de\/markt\/wp-json\/wp\/v2\/product"}],"about":[{"href":"https:\/\/marktxxl.de\/markt\/wp-json\/wp\/v2\/types\/product"}],"replies":[{"embeddable":true,"href":"https:\/\/marktxxl.de\/markt\/wp-json\/wp\/v2\/comments?post=221083"}],"wp:featuredmedia":[{"embeddable":true,"href":"https:\/\/marktxxl.de\/markt\/wp-json\/wp\/v2\/media\/221084"}],"wp:attachment":[{"href":"https:\/\/marktxxl.de\/markt\/wp-json\/wp\/v2\/media?parent=221083"}],"wp:term":[{"taxonomy":"product_brand","embeddable":true,"href":"https:\/\/marktxxl.de\/markt\/wp-json\/wp\/v2\/product_brand?post=221083"},{"taxonomy":"product_cat","embeddable":true,"href":"https:\/\/marktxxl.de\/markt\/wp-json\/wp\/v2\/product_cat?post=221083"},{"taxonomy":"product_tag","embeddable":true,"href":"https:\/\/marktxxl.de\/markt\/wp-json\/wp\/v2\/product_tag?post=221083"}],"curies":[{"name":"wp","href":"https:\/\/api.w.org\/{rel}","templated":true}]}}