{"id":221051,"date":"2024-07-28T14:13:45","date_gmt":"2024-07-28T12:13:45","guid":{"rendered":"https:\/\/marktxxl.de\/markt\/produkt\/lavema-bilder-kinderzimmer-babyzimmer-deko-glueckliche-safari-tiere-poster-a4-ohne-bilderrahmen-wanddeko-beige-poster-baby-junge-maedchen-dekoration\/"},"modified":"2024-07-28T14:13:45","modified_gmt":"2024-07-28T12:13:45","slug":"lavema-bilder-kinderzimmer-babyzimmer-deko-glueckliche-safari-tiere-poster-a4-ohne-bilderrahmen-wanddeko-beige-poster-baby-junge-maedchen-dekoration","status":"publish","type":"product","link":"https:\/\/marktxxl.de\/markt\/produkt\/lavema-bilder-kinderzimmer-babyzimmer-deko-glueckliche-safari-tiere-poster-a4-ohne-bilderrahmen-wanddeko-beige-poster-baby-junge-maedchen-dekoration\/","title":{"rendered":"LAVEMA Bilder Kinderzimmer | Babyzimmer Deko | Gl\u00fcckliche Safari Tiere | Poster A4 ohne Bilderrahmen | Wanddeko Beige Poster | Baby Junge M\u00e4dchen Dekoration"},"content":{"rendered":"<p>Diese s\u00fc\u00dfen Tierbilder sind entworfen und abgestimmt f\u00fcr Babyzimmer und Kinderzimmer in hellen naturt\u00f6nen, neutralen Farben, grauen und beige Farben. Babyzimmer Idee &#8211; Mit diesen s\u00fc\u00dfen Afrika Safari Tierpostern kreieren Sie ein freundliches und gem\u00fctliches Zimmer f\u00fcr Kinder. Diese einzigartigen gl\u00fccklichen Baby-Tiermotive werden Sie und Ihre Kinder zum L\u00e4cheln bringen.<br \/>\nDie Poster werden komplett in Deutschland hergestellt. Die Drucke sind sehr hochwertig und das Premiumpapier ist dick und fest. Die Bilder haben keinen Geruch und sind perfekt f\u00fcr Kinderzimmer geeignet.<br \/>\nGeschenk zur Geburt &#8211; Diese Bilder f\u00fcrs Babyzimmer sind eine sch\u00f6ne Geschenkidee zur Geburt und zur Babyparty \/ Baby Shower f\u00fcr Jungen und M\u00e4dchen. Auch als wundersch\u00f6ne Kinderzimmer Deko und Safari Kindergeburtstag Deko geeignet.<br \/>\nLIEFERUMFANG &#8211; 6 x DIN A4 (Ma\u00dfe: 21 x 29,7 cm). Lieferung erfolgt ohne Bilderrahmen und ohne Dekoration. Unsere Kunstdrucke werden mit stabiler, knicksicherer Verpackung, flach liegend (nicht gerollt) versendet. ACHTUNG: Bilderrahmen mit den Ma\u00dfen 20x30cm sind nicht geeignet.<br \/>\nZUFRIEDENHEITSGARANTIE &#8211; Die Zufriedenheit unserer Kunden steht f\u00fcr uns an erster Stelle. Sollte mit deiner Bestellung etwas nicht in Ordnung sein, kannst du uns gerne kontaktieren. Verwandte Suchbegriffe: Babyzimmer Deko, Bilder Kinderzimmer, Poster Babyzimmer, Babyzimmer Tierbilder, kinderzimmer Tierposter, kinderzimmer wanddeko bilder<br \/>\n<div class=\"main-cross-sell\" data-asin=\"B0BTMY4N9B\">\n\n\t<div class=\"WooZone-cross-sell-loader\">\n\t\t<div>\n\t\t\t<div id=\"floatingBarsG\">\n\t\t\t\t<div class=\"blockG\" id=\"rotateG_01\"><\/div>\n\t\t\t\t<div class=\"blockG\" id=\"rotateG_02\"><\/div>\n\t\t\t\t<div class=\"blockG\" id=\"rotateG_03\"><\/div>\n\t\t\t\t<div class=\"blockG\" id=\"rotateG_04\"><\/div>\n\t\t\t\t<div class=\"blockG\" id=\"rotateG_05\"><\/div>\n\t\t\t\t<div class=\"blockG\" id=\"rotateG_06\"><\/div>\n\t\t\t\t<div class=\"blockG\" id=\"rotateG_07\"><\/div>\n\t\t\t\t<div class=\"blockG\" id=\"rotateG_08\"><\/div>\n\t\t\t<\/div>\n\t\t\t<div class=\"WooZone-cross-sell-loader-text\"><\/div>\n\t\t<\/div>\n\t<\/div>\n\n\t\t\n<\/div>\n<div style=\"clear:both;\"><\/div><\/p>\n","protected":false},"excerpt":{"rendered":"<p>Diese s\u00fc\u00dfen Tierbilder sind entworfen und abgestimmt f\u00fcr Babyzimmer und Kinderzimmer in hellen naturt\u00f6nen, neutralen Farben, grauen und beige Farben. Babyzimmer Idee &#8211; Mit diesen s\u00fc\u00dfen Afrika Safari Tierpostern kreieren Sie ein freundliches und gem\u00fctliches Zimmer f\u00fcr Kinder. Diese einzigartigen gl\u00fccklichen Baby-Tiermotive werden Sie und Ihre Kinder zum L\u00e4cheln bringen.<br \/>\nDie Poster werden komplett in Deutschland hergestellt. Die Drucke sind sehr hochwertig und das Premiumpapier ist dick und fest. Die Bilder haben keinen Geruch und sind perfekt f\u00fcr Kinderzimmer geeignet.<br \/>\nGeschenk zur Geburt &#8211; Diese Bilder f\u00fcrs Babyzimmer sind eine sch\u00f6ne Geschenkidee zur Geburt und zur Babyparty \/ Baby Shower f\u00fcr Jungen und M\u00e4dchen. Auch als wundersch\u00f6ne Kinderzimmer Deko und Safari Kindergeburtstag Deko geeignet.<\/p>\n","protected":false},"featured_media":221052,"comment_status":"open","ping_status":"closed","template":"","meta":[],"product_brand":[],"product_cat":[21,8825],"product_tag":[],"class_list":{"0":"post-221051","1":"product","2":"type-product","3":"status-publish","4":"has-post-thumbnail","6":"product_cat-baby","7":"product_cat-baby-kleinkinderzimmer-baby","8":"pa_binding-unbekannter-einband","9":"pa_brand-lavema","10":"pa_color-neutrale-farben-naturtoene-beige","11":"pa_height-0-1968503935-zoll","12":"pa_length-11-6929133739-zoll","13":"pa_manufacturer-lavema","14":"pa_size-din-a4","15":"pa_weight-0-3527396192-pounds","16":"pa_width-8-267716527-zoll","18":"first","19":"instock","20":"shipping-taxable","21":"purchasable","22":"product-type-simple","23":"customify-col","24":"product-has-gallery"},"yoast_head":"<!-- This site is optimized with the Yoast SEO plugin v27.4 - https:\/\/yoast.com\/product\/yoast-seo-wordpress\/ -->\n<title>LAVEMA Bilder Kinderzimmer | Babyzimmer Deko | Gl\u00fcckliche Safari Tiere | Poster A4 ohne Bilderrahmen | Wanddeko Beige Poster | Baby Junge M\u00e4dchen Dekoration - Markt-XXL<\/title>\n<meta name=\"description\" content=\"Markt-XXL LAVEMA Bilder Kinderzimmer | Babyzimmer Deko | Gl\u00fcckliche Safari Tiere | Poster A4 ohne Bilderrahmen | Wanddeko Beige Poster | Baby Junge M\u00e4dchen Dekoration\" \/>\n<meta name=\"robots\" content=\"index, follow, max-snippet:-1, max-image-preview:large, max-video-preview:-1\" \/>\n<link rel=\"canonical\" href=\"https:\/\/marktxxl.de\/markt\/produkt\/lavema-bilder-kinderzimmer-babyzimmer-deko-glueckliche-safari-tiere-poster-a4-ohne-bilderrahmen-wanddeko-beige-poster-baby-junge-maedchen-dekoration\/\" \/>\n<meta property=\"og:locale\" content=\"de_DE\" \/>\n<meta property=\"og:type\" content=\"article\" \/>\n<meta property=\"og:title\" content=\"LAVEMA Bilder Kinderzimmer | Babyzimmer Deko | Gl\u00fcckliche Safari Tiere | Poster A4 ohne Bilderrahmen | Wanddeko Beige Poster | Baby Junge M\u00e4dchen Dekoration - Markt-XXL\" \/>\n<meta property=\"og:description\" content=\"Markt-XXL LAVEMA Bilder Kinderzimmer | Babyzimmer Deko | Gl\u00fcckliche Safari Tiere | Poster A4 ohne Bilderrahmen | Wanddeko Beige Poster | Baby Junge M\u00e4dchen Dekoration\" \/>\n<meta property=\"og:url\" content=\"https:\/\/marktxxl.de\/markt\/produkt\/lavema-bilder-kinderzimmer-babyzimmer-deko-glueckliche-safari-tiere-poster-a4-ohne-bilderrahmen-wanddeko-beige-poster-baby-junge-maedchen-dekoration\/\" \/>\n<meta property=\"og:site_name\" content=\"Markt-XXL\" \/>\n<meta name=\"twitter:card\" content=\"summary_large_image\" \/>\n<meta name=\"twitter:label1\" content=\"Gesch\u00e4tzte Lesezeit\" \/>\n\t<meta name=\"twitter:data1\" content=\"1\u00a0Minute\" \/>\n<script type=\"application\/ld+json\" class=\"yoast-schema-graph\">{\"@context\":\"https:\\\/\\\/schema.org\",\"@graph\":[{\"@type\":\"WebPage\",\"@id\":\"https:\\\/\\\/marktxxl.de\\\/markt\\\/produkt\\\/lavema-bilder-kinderzimmer-babyzimmer-deko-glueckliche-safari-tiere-poster-a4-ohne-bilderrahmen-wanddeko-beige-poster-baby-junge-maedchen-dekoration\\\/\",\"url\":\"https:\\\/\\\/marktxxl.de\\\/markt\\\/produkt\\\/lavema-bilder-kinderzimmer-babyzimmer-deko-glueckliche-safari-tiere-poster-a4-ohne-bilderrahmen-wanddeko-beige-poster-baby-junge-maedchen-dekoration\\\/\",\"name\":\"LAVEMA Bilder Kinderzimmer | Babyzimmer Deko | Gl\u00fcckliche Safari Tiere | Poster A4 ohne Bilderrahmen | Wanddeko Beige Poster | Baby Junge M\u00e4dchen Dekoration - Markt-XXL\",\"isPartOf\":{\"@id\":\"https:\\\/\\\/marktxxl.de\\\/markt\\\/#website\"},\"primaryImageOfPage\":{\"@id\":\"https:\\\/\\\/marktxxl.de\\\/markt\\\/produkt\\\/lavema-bilder-kinderzimmer-babyzimmer-deko-glueckliche-safari-tiere-poster-a4-ohne-bilderrahmen-wanddeko-beige-poster-baby-junge-maedchen-dekoration\\\/#primaryimage\"},\"image\":{\"@id\":\"https:\\\/\\\/marktxxl.de\\\/markt\\\/produkt\\\/lavema-bilder-kinderzimmer-babyzimmer-deko-glueckliche-safari-tiere-poster-a4-ohne-bilderrahmen-wanddeko-beige-poster-baby-junge-maedchen-dekoration\\\/#primaryimage\"},\"thumbnailUrl\":\"https:\\\/\\\/m.media-amazon.com\\\/images\\\/I\\\/51N8Ve3Yw0L._SL500_.jpg\",\"datePublished\":\"2024-07-28T12:13:45+00:00\",\"description\":\"Markt-XXL LAVEMA Bilder Kinderzimmer | Babyzimmer Deko | Gl\u00fcckliche Safari Tiere | Poster A4 ohne Bilderrahmen | Wanddeko Beige Poster | Baby Junge M\u00e4dchen Dekoration\",\"breadcrumb\":{\"@id\":\"https:\\\/\\\/marktxxl.de\\\/markt\\\/produkt\\\/lavema-bilder-kinderzimmer-babyzimmer-deko-glueckliche-safari-tiere-poster-a4-ohne-bilderrahmen-wanddeko-beige-poster-baby-junge-maedchen-dekoration\\\/#breadcrumb\"},\"inLanguage\":\"de\",\"potentialAction\":[{\"@type\":\"ReadAction\",\"target\":[\"https:\\\/\\\/marktxxl.de\\\/markt\\\/produkt\\\/lavema-bilder-kinderzimmer-babyzimmer-deko-glueckliche-safari-tiere-poster-a4-ohne-bilderrahmen-wanddeko-beige-poster-baby-junge-maedchen-dekoration\\\/\"]}]},{\"@type\":\"ImageObject\",\"inLanguage\":\"de\",\"@id\":\"https:\\\/\\\/marktxxl.de\\\/markt\\\/produkt\\\/lavema-bilder-kinderzimmer-babyzimmer-deko-glueckliche-safari-tiere-poster-a4-ohne-bilderrahmen-wanddeko-beige-poster-baby-junge-maedchen-dekoration\\\/#primaryimage\",\"url\":\"https:\\\/\\\/m.media-amazon.com\\\/images\\\/I\\\/51N8Ve3Yw0L._SL500_.jpg\",\"contentUrl\":\"https:\\\/\\\/m.media-amazon.com\\\/images\\\/I\\\/51N8Ve3Yw0L._SL500_.jpg\",\"width\":500,\"height\":467},{\"@type\":\"BreadcrumbList\",\"@id\":\"https:\\\/\\\/marktxxl.de\\\/markt\\\/produkt\\\/lavema-bilder-kinderzimmer-babyzimmer-deko-glueckliche-safari-tiere-poster-a4-ohne-bilderrahmen-wanddeko-beige-poster-baby-junge-maedchen-dekoration\\\/#breadcrumb\",\"itemListElement\":[{\"@type\":\"ListItem\",\"position\":1,\"name\":\"Startseite\",\"item\":\"https:\\\/\\\/marktxxl.de\\\/markt\\\/\"},{\"@type\":\"ListItem\",\"position\":2,\"name\":\"Markt\",\"item\":\"https:\\\/\\\/marktxxl.de\\\/markt\\\/\"},{\"@type\":\"ListItem\",\"position\":3,\"name\":\"LAVEMA Bilder Kinderzimmer | Babyzimmer Deko | Gl\u00fcckliche Safari Tiere | Poster A4 ohne Bilderrahmen | Wanddeko Beige Poster | Baby Junge M\u00e4dchen Dekoration\"}]},{\"@type\":\"WebSite\",\"@id\":\"https:\\\/\\\/marktxxl.de\\\/markt\\\/#website\",\"url\":\"https:\\\/\\\/marktxxl.de\\\/markt\\\/\",\"name\":\"Markt-XXL\",\"description\":\"Ihr Markt Online\",\"publisher\":{\"@id\":\"https:\\\/\\\/marktxxl.de\\\/markt\\\/#organization\"},\"potentialAction\":[{\"@type\":\"SearchAction\",\"target\":{\"@type\":\"EntryPoint\",\"urlTemplate\":\"https:\\\/\\\/marktxxl.de\\\/markt\\\/?s={search_term_string}\"},\"query-input\":{\"@type\":\"PropertyValueSpecification\",\"valueRequired\":true,\"valueName\":\"search_term_string\"}}],\"inLanguage\":\"de\"},{\"@type\":\"Organization\",\"@id\":\"https:\\\/\\\/marktxxl.de\\\/markt\\\/#organization\",\"name\":\"Markt-XXL\",\"url\":\"https:\\\/\\\/marktxxl.de\\\/markt\\\/\",\"logo\":{\"@type\":\"ImageObject\",\"inLanguage\":\"de\",\"@id\":\"https:\\\/\\\/marktxxl.de\\\/markt\\\/#\\\/schema\\\/logo\\\/image\\\/\",\"url\":\"https:\\\/\\\/marktxxl.de\\\/markt\\\/wp-content\\\/uploads\\\/sites\\\/3\\\/2020\\\/12\\\/logo.png\",\"contentUrl\":\"https:\\\/\\\/marktxxl.de\\\/markt\\\/wp-content\\\/uploads\\\/sites\\\/3\\\/2020\\\/12\\\/logo.png\",\"width\":200,\"height\":70,\"caption\":\"Markt-XXL\"},\"image\":{\"@id\":\"https:\\\/\\\/marktxxl.de\\\/markt\\\/#\\\/schema\\\/logo\\\/image\\\/\"}}]}<\/script>\n<!-- \/ Yoast SEO plugin. -->","yoast_head_json":{"title":"LAVEMA Bilder Kinderzimmer | Babyzimmer Deko | Gl\u00fcckliche Safari Tiere | Poster A4 ohne Bilderrahmen | Wanddeko Beige Poster | Baby Junge M\u00e4dchen Dekoration - Markt-XXL","description":"Markt-XXL LAVEMA Bilder Kinderzimmer | Babyzimmer Deko | Gl\u00fcckliche Safari Tiere | Poster A4 ohne Bilderrahmen | Wanddeko Beige Poster | Baby Junge M\u00e4dchen Dekoration","robots":{"index":"index","follow":"follow","max-snippet":"max-snippet:-1","max-image-preview":"max-image-preview:large","max-video-preview":"max-video-preview:-1"},"canonical":"https:\/\/marktxxl.de\/markt\/produkt\/lavema-bilder-kinderzimmer-babyzimmer-deko-glueckliche-safari-tiere-poster-a4-ohne-bilderrahmen-wanddeko-beige-poster-baby-junge-maedchen-dekoration\/","og_locale":"de_DE","og_type":"article","og_title":"LAVEMA Bilder Kinderzimmer | Babyzimmer Deko | Gl\u00fcckliche Safari Tiere | Poster A4 ohne Bilderrahmen | Wanddeko Beige Poster | Baby Junge M\u00e4dchen Dekoration - Markt-XXL","og_description":"Markt-XXL LAVEMA Bilder Kinderzimmer | Babyzimmer Deko | Gl\u00fcckliche Safari Tiere | Poster A4 ohne Bilderrahmen | Wanddeko Beige Poster | Baby Junge M\u00e4dchen Dekoration","og_url":"https:\/\/marktxxl.de\/markt\/produkt\/lavema-bilder-kinderzimmer-babyzimmer-deko-glueckliche-safari-tiere-poster-a4-ohne-bilderrahmen-wanddeko-beige-poster-baby-junge-maedchen-dekoration\/","og_site_name":"Markt-XXL","twitter_card":"summary_large_image","twitter_misc":{"Gesch\u00e4tzte Lesezeit":"1\u00a0Minute"},"schema":{"@context":"https:\/\/schema.org","@graph":[{"@type":"WebPage","@id":"https:\/\/marktxxl.de\/markt\/produkt\/lavema-bilder-kinderzimmer-babyzimmer-deko-glueckliche-safari-tiere-poster-a4-ohne-bilderrahmen-wanddeko-beige-poster-baby-junge-maedchen-dekoration\/","url":"https:\/\/marktxxl.de\/markt\/produkt\/lavema-bilder-kinderzimmer-babyzimmer-deko-glueckliche-safari-tiere-poster-a4-ohne-bilderrahmen-wanddeko-beige-poster-baby-junge-maedchen-dekoration\/","name":"LAVEMA Bilder Kinderzimmer | Babyzimmer Deko | Gl\u00fcckliche Safari Tiere | Poster A4 ohne Bilderrahmen | Wanddeko Beige Poster | Baby Junge M\u00e4dchen Dekoration - Markt-XXL","isPartOf":{"@id":"https:\/\/marktxxl.de\/markt\/#website"},"primaryImageOfPage":{"@id":"https:\/\/marktxxl.de\/markt\/produkt\/lavema-bilder-kinderzimmer-babyzimmer-deko-glueckliche-safari-tiere-poster-a4-ohne-bilderrahmen-wanddeko-beige-poster-baby-junge-maedchen-dekoration\/#primaryimage"},"image":{"@id":"https:\/\/marktxxl.de\/markt\/produkt\/lavema-bilder-kinderzimmer-babyzimmer-deko-glueckliche-safari-tiere-poster-a4-ohne-bilderrahmen-wanddeko-beige-poster-baby-junge-maedchen-dekoration\/#primaryimage"},"thumbnailUrl":"https:\/\/m.media-amazon.com\/images\/I\/51N8Ve3Yw0L._SL500_.jpg","datePublished":"2024-07-28T12:13:45+00:00","description":"Markt-XXL LAVEMA Bilder Kinderzimmer | Babyzimmer Deko | Gl\u00fcckliche Safari Tiere | Poster A4 ohne Bilderrahmen | Wanddeko Beige Poster | Baby Junge M\u00e4dchen Dekoration","breadcrumb":{"@id":"https:\/\/marktxxl.de\/markt\/produkt\/lavema-bilder-kinderzimmer-babyzimmer-deko-glueckliche-safari-tiere-poster-a4-ohne-bilderrahmen-wanddeko-beige-poster-baby-junge-maedchen-dekoration\/#breadcrumb"},"inLanguage":"de","potentialAction":[{"@type":"ReadAction","target":["https:\/\/marktxxl.de\/markt\/produkt\/lavema-bilder-kinderzimmer-babyzimmer-deko-glueckliche-safari-tiere-poster-a4-ohne-bilderrahmen-wanddeko-beige-poster-baby-junge-maedchen-dekoration\/"]}]},{"@type":"ImageObject","inLanguage":"de","@id":"https:\/\/marktxxl.de\/markt\/produkt\/lavema-bilder-kinderzimmer-babyzimmer-deko-glueckliche-safari-tiere-poster-a4-ohne-bilderrahmen-wanddeko-beige-poster-baby-junge-maedchen-dekoration\/#primaryimage","url":"https:\/\/m.media-amazon.com\/images\/I\/51N8Ve3Yw0L._SL500_.jpg","contentUrl":"https:\/\/m.media-amazon.com\/images\/I\/51N8Ve3Yw0L._SL500_.jpg","width":500,"height":467},{"@type":"BreadcrumbList","@id":"https:\/\/marktxxl.de\/markt\/produkt\/lavema-bilder-kinderzimmer-babyzimmer-deko-glueckliche-safari-tiere-poster-a4-ohne-bilderrahmen-wanddeko-beige-poster-baby-junge-maedchen-dekoration\/#breadcrumb","itemListElement":[{"@type":"ListItem","position":1,"name":"Startseite","item":"https:\/\/marktxxl.de\/markt\/"},{"@type":"ListItem","position":2,"name":"Markt","item":"https:\/\/marktxxl.de\/markt\/"},{"@type":"ListItem","position":3,"name":"LAVEMA Bilder Kinderzimmer | Babyzimmer Deko | Gl\u00fcckliche Safari Tiere | Poster A4 ohne Bilderrahmen | Wanddeko Beige Poster | Baby Junge M\u00e4dchen Dekoration"}]},{"@type":"WebSite","@id":"https:\/\/marktxxl.de\/markt\/#website","url":"https:\/\/marktxxl.de\/markt\/","name":"Markt-XXL","description":"Ihr Markt Online","publisher":{"@id":"https:\/\/marktxxl.de\/markt\/#organization"},"potentialAction":[{"@type":"SearchAction","target":{"@type":"EntryPoint","urlTemplate":"https:\/\/marktxxl.de\/markt\/?s={search_term_string}"},"query-input":{"@type":"PropertyValueSpecification","valueRequired":true,"valueName":"search_term_string"}}],"inLanguage":"de"},{"@type":"Organization","@id":"https:\/\/marktxxl.de\/markt\/#organization","name":"Markt-XXL","url":"https:\/\/marktxxl.de\/markt\/","logo":{"@type":"ImageObject","inLanguage":"de","@id":"https:\/\/marktxxl.de\/markt\/#\/schema\/logo\/image\/","url":"https:\/\/marktxxl.de\/markt\/wp-content\/uploads\/sites\/3\/2020\/12\/logo.png","contentUrl":"https:\/\/marktxxl.de\/markt\/wp-content\/uploads\/sites\/3\/2020\/12\/logo.png","width":200,"height":70,"caption":"Markt-XXL"},"image":{"@id":"https:\/\/marktxxl.de\/markt\/#\/schema\/logo\/image\/"}}]}},"_links":{"self":[{"href":"https:\/\/marktxxl.de\/markt\/wp-json\/wp\/v2\/product\/221051","targetHints":{"allow":["GET"]}}],"collection":[{"href":"https:\/\/marktxxl.de\/markt\/wp-json\/wp\/v2\/product"}],"about":[{"href":"https:\/\/marktxxl.de\/markt\/wp-json\/wp\/v2\/types\/product"}],"replies":[{"embeddable":true,"href":"https:\/\/marktxxl.de\/markt\/wp-json\/wp\/v2\/comments?post=221051"}],"wp:featuredmedia":[{"embeddable":true,"href":"https:\/\/marktxxl.de\/markt\/wp-json\/wp\/v2\/media\/221052"}],"wp:attachment":[{"href":"https:\/\/marktxxl.de\/markt\/wp-json\/wp\/v2\/media?parent=221051"}],"wp:term":[{"taxonomy":"product_brand","embeddable":true,"href":"https:\/\/marktxxl.de\/markt\/wp-json\/wp\/v2\/product_brand?post=221051"},{"taxonomy":"product_cat","embeddable":true,"href":"https:\/\/marktxxl.de\/markt\/wp-json\/wp\/v2\/product_cat?post=221051"},{"taxonomy":"product_tag","embeddable":true,"href":"https:\/\/marktxxl.de\/markt\/wp-json\/wp\/v2\/product_tag?post=221051"}],"curies":[{"name":"wp","href":"https:\/\/api.w.org\/{rel}","templated":true}]}}