{"id":221041,"date":"2024-07-28T14:13:39","date_gmt":"2024-07-28T12:13:39","guid":{"rendered":"https:\/\/marktxxl.de\/markt\/produkt\/bleu-la-la-babydecke-100-luxurioese-weichbaumwollstrick-warme-gemuetliche-kuscheldecke-fuer-kinderwagen-und-wiegepuckdecke-fuer-neugeborene-saeuglinge-und-kleinkinder\/"},"modified":"2024-07-28T14:13:39","modified_gmt":"2024-07-28T12:13:39","slug":"bleu-la-la-babydecke-100-luxurioese-weichbaumwollstrick-warme-gemuetliche-kuscheldecke-fuer-kinderwagen-und-wiegepuckdecke-fuer-neugeborene-saeuglinge-und-kleinkinder","status":"publish","type":"product","link":"https:\/\/marktxxl.de\/markt\/produkt\/bleu-la-la-babydecke-100-luxurioese-weichbaumwollstrick-warme-gemuetliche-kuscheldecke-fuer-kinderwagen-und-wiegepuckdecke-fuer-neugeborene-saeuglinge-und-kleinkinder\/","title":{"rendered":"Bleu La La Babydecke &#8211; 100% Luxuri\u00f6se Weichbaumwollstrick Warme Gem\u00fctliche Kuscheldecke f\u00fcr Kinderwagen und WiegePuckdecke f\u00fcr Neugeborene S\u00e4uglinge und Kleinkinder"},"content":{"rendered":"<p>100% Weiches Nat\u00fcrliches Oeko Tex Zertifiziertes Baumwolle: Meisterhaft aus reinen Baumwollfasern gefertigt, bietet unsere Babydecke au\u00dfergew\u00f6hnliche Qualit\u00e4t und Reinheit. Die Verwendung von nat\u00fcrlichem Baumwollstoff sorgt f\u00fcr ein unglaublich weiches, atmungsaktives und sanftes Erlebnis, perfekt f\u00fcr die empfindliche Haut von Neugeborenen.<br \/>\nGem\u00fctlich, Atmungsaktiv und Leicht: Unsere Babydecke bietet eine zarte weiche und leichte Erfahrung und vereint perfekt W\u00e4rme und Atmungsaktivit\u00e4t. Der dehnbare Baumwollstoff h\u00e4lt Ihr Baby oder Kleinkind das ganze Jahr \u00fcber gem\u00fctlich, bequem und sicher.<br \/>\nVielseitiges Must-Have f\u00fcr Alle Jahreszeiten: Unsere 100 x 80 cm gro\u00dfe Baumwollbabydecke eignet sich ideal f\u00fcr Neugeborene, S\u00e4uglinge und Kleinkinder von 0-2 Jahren und bietet Vielseitigkeit f\u00fcrs Einwickeln, Pucken oder Kuscheln. Das gem\u00fctliche und atmungsaktive Design sorgt das ganze Jahr \u00fcber f\u00fcr Komfort, h\u00e4lt Ihr Babyjunge oder -m\u00e4dchen im Winter warm und im Sommer k\u00fchl und passt leicht in Kinderwagen, Autositz, Wiege und Krippe.<br \/>\nPerfekt zum Verschenken: Unsere gestrickte Baumwolldecke wird wundersch\u00f6n verpackt mit unserem monogrammierten Band, was sie zu einer ausgezeichneten Wahl f\u00fcr Babyregister, Babypartys oder als Feriengeschenk macht. Es ist ein durchdachtes und praktisches Geschenk, das jede Mutter zu sch\u00e4tzen wei\u00df.<br \/>\nIhr Kauf Macht Einen Unterschied: Entdecken Sie das Vergn\u00fcgen des zielgerichteten Einkaufens bei Bleu La La, wo Ihr Kauf eine bedeutungsvolle Wirkung hat. Indem Sie unsere Produkte w\u00e4hlen, unterst\u00fctzen Sie unsere Mission, M\u00fcttern zu helfen, die mit Fruchtbarkeitsproblemen k\u00e4mpfen, indem wir 10% unseres Gewinns an Wohlt\u00e4tigkeitsorganisationen spenden, die sich daf\u00fcr einsetzen, das Geschenk der Elternschaft denen zu bieten, die es brauchen.<br \/>\nZeitloses Design: Bringen Sie W\u00e4rme und Liebe in das Kinderzimmer Ihres Babys. Mit einer Auswahl an vielseitigen und geschlechtsneutralen Farben sind unsere Decken perfekt zum Pucken, Kuscheln oder als dekorative Erg\u00e4nzung zu jeder Kinderzimmerdekoration.<br \/>\nWillkommen bei Bleu La La, Ihrem vertrauensw\u00fcrdigen Partner in der Pflege, Liebe und dem Trost f\u00fcr Ihre s\u00fc\u00dfen Kleinen. Gegr\u00fcndet von Eltern, die leidenschaftlich darauf bedacht sind, hochwertige, wundersch\u00f6n gefertigte Babyaccessoires zu erschwinglichen Preisen anzubieten. Wir bringen Ihnen nur Produkte, die rigoros getestet wurden und unseren Standards f\u00fcr Qualit\u00e4t, Sicherheit und Komfort entsprechen.<br \/>\n<div class=\"main-cross-sell\" data-asin=\"B0CL8G7CTQ\">\n\n\t<div class=\"WooZone-cross-sell-loader\">\n\t\t<div>\n\t\t\t<div id=\"floatingBarsG\">\n\t\t\t\t<div class=\"blockG\" id=\"rotateG_01\"><\/div>\n\t\t\t\t<div class=\"blockG\" id=\"rotateG_02\"><\/div>\n\t\t\t\t<div class=\"blockG\" id=\"rotateG_03\"><\/div>\n\t\t\t\t<div class=\"blockG\" id=\"rotateG_04\"><\/div>\n\t\t\t\t<div class=\"blockG\" id=\"rotateG_05\"><\/div>\n\t\t\t\t<div class=\"blockG\" id=\"rotateG_06\"><\/div>\n\t\t\t\t<div class=\"blockG\" id=\"rotateG_07\"><\/div>\n\t\t\t\t<div class=\"blockG\" id=\"rotateG_08\"><\/div>\n\t\t\t<\/div>\n\t\t\t<div class=\"WooZone-cross-sell-loader-text\"><\/div>\n\t\t<\/div>\n\t<\/div>\n\n\t\t\n<\/div>\n<div style=\"clear:both;\"><\/div><\/p>\n","protected":false},"excerpt":{"rendered":"<p>100% Weiches Nat\u00fcrliches Oeko Tex Zertifiziertes Baumwolle: Meisterhaft aus reinen Baumwollfasern gefertigt, bietet unsere Babydecke au\u00dfergew\u00f6hnliche Qualit\u00e4t und Reinheit. Die Verwendung von nat\u00fcrlichem Baumwollstoff sorgt f\u00fcr ein unglaublich weiches, atmungsaktives und sanftes Erlebnis, perfekt f\u00fcr die empfindliche Haut von Neugeborenen.<br \/>\nGem\u00fctlich, Atmungsaktiv und Leicht: Unsere Babydecke bietet eine zarte weiche und leichte Erfahrung und vereint perfekt W\u00e4rme und Atmungsaktivit\u00e4t. Der dehnbare Baumwollstoff h\u00e4lt Ihr Baby oder Kleinkind das ganze Jahr \u00fcber gem\u00fctlich, bequem und sicher.<br \/>\nVielseitiges Must-Have f\u00fcr Alle Jahreszeiten: Unsere 100 x 80 cm gro\u00dfe Baumwollbabydecke eignet sich ideal f\u00fcr Neugeborene, S\u00e4uglinge und Kleinkinder von 0-2 Jahren und bietet Vielseitigkeit f\u00fcrs Einwickeln, Pucken oder Kuscheln. Das gem\u00fctliche und atmungsaktive Design sorgt das ganze Jahr \u00fcber f\u00fcr Komfort, h\u00e4lt Ihr Babyjunge oder -m\u00e4dchen im Winter warm und im Sommer k\u00fchl und passt leicht in Kinderwagen, Autositz, Wiege und Krippe.<\/p>\n","protected":false},"featured_media":221042,"comment_status":"open","ping_status":"closed","template":"","meta":[],"product_brand":[],"product_cat":[21,8825],"product_tag":[],"class_list":{"0":"post-221041","1":"product","2":"type-product","3":"status-publish","4":"has-post-thumbnail","6":"product_cat-baby","7":"product_cat-baby-kleinkinderzimmer-baby","8":"pa_brand-bleu-la-la","9":"pa_manufacturer-bleu-la-la","10":"pa_model-bll-bkt","11":"pa_size-0-2-jahre","13":"first","14":"instock","15":"shipping-taxable","16":"product-type-simple","17":"customify-col","18":"product-has-gallery"},"yoast_head":"<!-- This site is optimized with the Yoast SEO plugin v27.3 - https:\/\/yoast.com\/product\/yoast-seo-wordpress\/ -->\n<title>Bleu La La Babydecke - 100% Luxuri\u00f6se Weichbaumwollstrick Warme Gem\u00fctliche Kuscheldecke f\u00fcr Kinderwagen und WiegePuckdecke f\u00fcr Neugeborene S\u00e4uglinge und Kleinkinder - Markt-XXL<\/title>\n<meta name=\"description\" content=\"Markt-XXL Bleu La La Babydecke - 100% Luxuri\u00f6se Weichbaumwollstrick Warme Gem\u00fctliche Kuscheldecke f\u00fcr Kinderwagen und WiegePuckdecke f\u00fcr Neugeborene S\u00e4uglinge und Kleinkinder\" \/>\n<meta name=\"robots\" content=\"index, follow, max-snippet:-1, max-image-preview:large, max-video-preview:-1\" \/>\n<link rel=\"canonical\" href=\"https:\/\/marktxxl.de\/markt\/produkt\/bleu-la-la-babydecke-100-luxurioese-weichbaumwollstrick-warme-gemuetliche-kuscheldecke-fuer-kinderwagen-und-wiegepuckdecke-fuer-neugeborene-saeuglinge-und-kleinkinder\/\" \/>\n<meta property=\"og:locale\" content=\"de_DE\" \/>\n<meta property=\"og:type\" content=\"article\" \/>\n<meta property=\"og:title\" content=\"Bleu La La Babydecke - 100% Luxuri\u00f6se Weichbaumwollstrick Warme Gem\u00fctliche Kuscheldecke f\u00fcr Kinderwagen und WiegePuckdecke f\u00fcr Neugeborene S\u00e4uglinge und Kleinkinder - Markt-XXL\" \/>\n<meta property=\"og:description\" content=\"Markt-XXL Bleu La La Babydecke - 100% Luxuri\u00f6se Weichbaumwollstrick Warme Gem\u00fctliche Kuscheldecke f\u00fcr Kinderwagen und WiegePuckdecke f\u00fcr Neugeborene S\u00e4uglinge und Kleinkinder\" \/>\n<meta property=\"og:url\" content=\"https:\/\/marktxxl.de\/markt\/produkt\/bleu-la-la-babydecke-100-luxurioese-weichbaumwollstrick-warme-gemuetliche-kuscheldecke-fuer-kinderwagen-und-wiegepuckdecke-fuer-neugeborene-saeuglinge-und-kleinkinder\/\" \/>\n<meta property=\"og:site_name\" content=\"Markt-XXL\" \/>\n<meta name=\"twitter:card\" content=\"summary_large_image\" \/>\n<meta name=\"twitter:label1\" content=\"Gesch\u00e4tzte Lesezeit\" \/>\n\t<meta name=\"twitter:data1\" content=\"2\u00a0Minuten\" \/>\n<script type=\"application\/ld+json\" class=\"yoast-schema-graph\">{\"@context\":\"https:\\\/\\\/schema.org\",\"@graph\":[{\"@type\":\"WebPage\",\"@id\":\"https:\\\/\\\/marktxxl.de\\\/markt\\\/produkt\\\/bleu-la-la-babydecke-100-luxurioese-weichbaumwollstrick-warme-gemuetliche-kuscheldecke-fuer-kinderwagen-und-wiegepuckdecke-fuer-neugeborene-saeuglinge-und-kleinkinder\\\/\",\"url\":\"https:\\\/\\\/marktxxl.de\\\/markt\\\/produkt\\\/bleu-la-la-babydecke-100-luxurioese-weichbaumwollstrick-warme-gemuetliche-kuscheldecke-fuer-kinderwagen-und-wiegepuckdecke-fuer-neugeborene-saeuglinge-und-kleinkinder\\\/\",\"name\":\"Bleu La La Babydecke - 100% Luxuri\u00f6se Weichbaumwollstrick Warme Gem\u00fctliche Kuscheldecke f\u00fcr Kinderwagen und WiegePuckdecke f\u00fcr Neugeborene S\u00e4uglinge und Kleinkinder - Markt-XXL\",\"isPartOf\":{\"@id\":\"https:\\\/\\\/marktxxl.de\\\/markt\\\/#website\"},\"primaryImageOfPage\":{\"@id\":\"https:\\\/\\\/marktxxl.de\\\/markt\\\/produkt\\\/bleu-la-la-babydecke-100-luxurioese-weichbaumwollstrick-warme-gemuetliche-kuscheldecke-fuer-kinderwagen-und-wiegepuckdecke-fuer-neugeborene-saeuglinge-und-kleinkinder\\\/#primaryimage\"},\"image\":{\"@id\":\"https:\\\/\\\/marktxxl.de\\\/markt\\\/produkt\\\/bleu-la-la-babydecke-100-luxurioese-weichbaumwollstrick-warme-gemuetliche-kuscheldecke-fuer-kinderwagen-und-wiegepuckdecke-fuer-neugeborene-saeuglinge-und-kleinkinder\\\/#primaryimage\"},\"thumbnailUrl\":\"https:\\\/\\\/m.media-amazon.com\\\/images\\\/I\\\/51rfr1GkCdL._SL500_.jpg\",\"datePublished\":\"2024-07-28T12:13:39+00:00\",\"description\":\"Markt-XXL Bleu La La Babydecke - 100% Luxuri\u00f6se Weichbaumwollstrick Warme Gem\u00fctliche Kuscheldecke f\u00fcr Kinderwagen und WiegePuckdecke f\u00fcr Neugeborene S\u00e4uglinge und Kleinkinder\",\"breadcrumb\":{\"@id\":\"https:\\\/\\\/marktxxl.de\\\/markt\\\/produkt\\\/bleu-la-la-babydecke-100-luxurioese-weichbaumwollstrick-warme-gemuetliche-kuscheldecke-fuer-kinderwagen-und-wiegepuckdecke-fuer-neugeborene-saeuglinge-und-kleinkinder\\\/#breadcrumb\"},\"inLanguage\":\"de\",\"potentialAction\":[{\"@type\":\"ReadAction\",\"target\":[\"https:\\\/\\\/marktxxl.de\\\/markt\\\/produkt\\\/bleu-la-la-babydecke-100-luxurioese-weichbaumwollstrick-warme-gemuetliche-kuscheldecke-fuer-kinderwagen-und-wiegepuckdecke-fuer-neugeborene-saeuglinge-und-kleinkinder\\\/\"]}]},{\"@type\":\"ImageObject\",\"inLanguage\":\"de\",\"@id\":\"https:\\\/\\\/marktxxl.de\\\/markt\\\/produkt\\\/bleu-la-la-babydecke-100-luxurioese-weichbaumwollstrick-warme-gemuetliche-kuscheldecke-fuer-kinderwagen-und-wiegepuckdecke-fuer-neugeborene-saeuglinge-und-kleinkinder\\\/#primaryimage\",\"url\":\"https:\\\/\\\/m.media-amazon.com\\\/images\\\/I\\\/51rfr1GkCdL._SL500_.jpg\",\"contentUrl\":\"https:\\\/\\\/m.media-amazon.com\\\/images\\\/I\\\/51rfr1GkCdL._SL500_.jpg\",\"width\":500,\"height\":500},{\"@type\":\"BreadcrumbList\",\"@id\":\"https:\\\/\\\/marktxxl.de\\\/markt\\\/produkt\\\/bleu-la-la-babydecke-100-luxurioese-weichbaumwollstrick-warme-gemuetliche-kuscheldecke-fuer-kinderwagen-und-wiegepuckdecke-fuer-neugeborene-saeuglinge-und-kleinkinder\\\/#breadcrumb\",\"itemListElement\":[{\"@type\":\"ListItem\",\"position\":1,\"name\":\"Startseite\",\"item\":\"https:\\\/\\\/marktxxl.de\\\/markt\\\/\"},{\"@type\":\"ListItem\",\"position\":2,\"name\":\"Markt\",\"item\":\"https:\\\/\\\/marktxxl.de\\\/markt\\\/\"},{\"@type\":\"ListItem\",\"position\":3,\"name\":\"Bleu La La Babydecke &#8211; 100% Luxuri\u00f6se Weichbaumwollstrick Warme Gem\u00fctliche Kuscheldecke f\u00fcr Kinderwagen und WiegePuckdecke f\u00fcr Neugeborene S\u00e4uglinge und Kleinkinder\"}]},{\"@type\":\"WebSite\",\"@id\":\"https:\\\/\\\/marktxxl.de\\\/markt\\\/#website\",\"url\":\"https:\\\/\\\/marktxxl.de\\\/markt\\\/\",\"name\":\"Markt-XXL\",\"description\":\"Ihr Markt Online\",\"publisher\":{\"@id\":\"https:\\\/\\\/marktxxl.de\\\/markt\\\/#organization\"},\"potentialAction\":[{\"@type\":\"SearchAction\",\"target\":{\"@type\":\"EntryPoint\",\"urlTemplate\":\"https:\\\/\\\/marktxxl.de\\\/markt\\\/?s={search_term_string}\"},\"query-input\":{\"@type\":\"PropertyValueSpecification\",\"valueRequired\":true,\"valueName\":\"search_term_string\"}}],\"inLanguage\":\"de\"},{\"@type\":\"Organization\",\"@id\":\"https:\\\/\\\/marktxxl.de\\\/markt\\\/#organization\",\"name\":\"Markt-XXL\",\"url\":\"https:\\\/\\\/marktxxl.de\\\/markt\\\/\",\"logo\":{\"@type\":\"ImageObject\",\"inLanguage\":\"de\",\"@id\":\"https:\\\/\\\/marktxxl.de\\\/markt\\\/#\\\/schema\\\/logo\\\/image\\\/\",\"url\":\"https:\\\/\\\/marktxxl.de\\\/markt\\\/wp-content\\\/uploads\\\/sites\\\/3\\\/2020\\\/12\\\/logo.png\",\"contentUrl\":\"https:\\\/\\\/marktxxl.de\\\/markt\\\/wp-content\\\/uploads\\\/sites\\\/3\\\/2020\\\/12\\\/logo.png\",\"width\":200,\"height\":70,\"caption\":\"Markt-XXL\"},\"image\":{\"@id\":\"https:\\\/\\\/marktxxl.de\\\/markt\\\/#\\\/schema\\\/logo\\\/image\\\/\"}}]}<\/script>\n<!-- \/ Yoast SEO plugin. -->","yoast_head_json":{"title":"Bleu La La Babydecke - 100% Luxuri\u00f6se Weichbaumwollstrick Warme Gem\u00fctliche Kuscheldecke f\u00fcr Kinderwagen und WiegePuckdecke f\u00fcr Neugeborene S\u00e4uglinge und Kleinkinder - Markt-XXL","description":"Markt-XXL Bleu La La Babydecke - 100% Luxuri\u00f6se Weichbaumwollstrick Warme Gem\u00fctliche Kuscheldecke f\u00fcr Kinderwagen und WiegePuckdecke f\u00fcr Neugeborene S\u00e4uglinge und Kleinkinder","robots":{"index":"index","follow":"follow","max-snippet":"max-snippet:-1","max-image-preview":"max-image-preview:large","max-video-preview":"max-video-preview:-1"},"canonical":"https:\/\/marktxxl.de\/markt\/produkt\/bleu-la-la-babydecke-100-luxurioese-weichbaumwollstrick-warme-gemuetliche-kuscheldecke-fuer-kinderwagen-und-wiegepuckdecke-fuer-neugeborene-saeuglinge-und-kleinkinder\/","og_locale":"de_DE","og_type":"article","og_title":"Bleu La La Babydecke - 100% Luxuri\u00f6se Weichbaumwollstrick Warme Gem\u00fctliche Kuscheldecke f\u00fcr Kinderwagen und WiegePuckdecke f\u00fcr Neugeborene S\u00e4uglinge und Kleinkinder - Markt-XXL","og_description":"Markt-XXL Bleu La La Babydecke - 100% Luxuri\u00f6se Weichbaumwollstrick Warme Gem\u00fctliche Kuscheldecke f\u00fcr Kinderwagen und WiegePuckdecke f\u00fcr Neugeborene S\u00e4uglinge und Kleinkinder","og_url":"https:\/\/marktxxl.de\/markt\/produkt\/bleu-la-la-babydecke-100-luxurioese-weichbaumwollstrick-warme-gemuetliche-kuscheldecke-fuer-kinderwagen-und-wiegepuckdecke-fuer-neugeborene-saeuglinge-und-kleinkinder\/","og_site_name":"Markt-XXL","twitter_card":"summary_large_image","twitter_misc":{"Gesch\u00e4tzte Lesezeit":"2\u00a0Minuten"},"schema":{"@context":"https:\/\/schema.org","@graph":[{"@type":"WebPage","@id":"https:\/\/marktxxl.de\/markt\/produkt\/bleu-la-la-babydecke-100-luxurioese-weichbaumwollstrick-warme-gemuetliche-kuscheldecke-fuer-kinderwagen-und-wiegepuckdecke-fuer-neugeborene-saeuglinge-und-kleinkinder\/","url":"https:\/\/marktxxl.de\/markt\/produkt\/bleu-la-la-babydecke-100-luxurioese-weichbaumwollstrick-warme-gemuetliche-kuscheldecke-fuer-kinderwagen-und-wiegepuckdecke-fuer-neugeborene-saeuglinge-und-kleinkinder\/","name":"Bleu La La Babydecke - 100% Luxuri\u00f6se Weichbaumwollstrick Warme Gem\u00fctliche Kuscheldecke f\u00fcr Kinderwagen und WiegePuckdecke f\u00fcr Neugeborene S\u00e4uglinge und Kleinkinder - Markt-XXL","isPartOf":{"@id":"https:\/\/marktxxl.de\/markt\/#website"},"primaryImageOfPage":{"@id":"https:\/\/marktxxl.de\/markt\/produkt\/bleu-la-la-babydecke-100-luxurioese-weichbaumwollstrick-warme-gemuetliche-kuscheldecke-fuer-kinderwagen-und-wiegepuckdecke-fuer-neugeborene-saeuglinge-und-kleinkinder\/#primaryimage"},"image":{"@id":"https:\/\/marktxxl.de\/markt\/produkt\/bleu-la-la-babydecke-100-luxurioese-weichbaumwollstrick-warme-gemuetliche-kuscheldecke-fuer-kinderwagen-und-wiegepuckdecke-fuer-neugeborene-saeuglinge-und-kleinkinder\/#primaryimage"},"thumbnailUrl":"https:\/\/m.media-amazon.com\/images\/I\/51rfr1GkCdL._SL500_.jpg","datePublished":"2024-07-28T12:13:39+00:00","description":"Markt-XXL Bleu La La Babydecke - 100% Luxuri\u00f6se Weichbaumwollstrick Warme Gem\u00fctliche Kuscheldecke f\u00fcr Kinderwagen und WiegePuckdecke f\u00fcr Neugeborene S\u00e4uglinge und Kleinkinder","breadcrumb":{"@id":"https:\/\/marktxxl.de\/markt\/produkt\/bleu-la-la-babydecke-100-luxurioese-weichbaumwollstrick-warme-gemuetliche-kuscheldecke-fuer-kinderwagen-und-wiegepuckdecke-fuer-neugeborene-saeuglinge-und-kleinkinder\/#breadcrumb"},"inLanguage":"de","potentialAction":[{"@type":"ReadAction","target":["https:\/\/marktxxl.de\/markt\/produkt\/bleu-la-la-babydecke-100-luxurioese-weichbaumwollstrick-warme-gemuetliche-kuscheldecke-fuer-kinderwagen-und-wiegepuckdecke-fuer-neugeborene-saeuglinge-und-kleinkinder\/"]}]},{"@type":"ImageObject","inLanguage":"de","@id":"https:\/\/marktxxl.de\/markt\/produkt\/bleu-la-la-babydecke-100-luxurioese-weichbaumwollstrick-warme-gemuetliche-kuscheldecke-fuer-kinderwagen-und-wiegepuckdecke-fuer-neugeborene-saeuglinge-und-kleinkinder\/#primaryimage","url":"https:\/\/m.media-amazon.com\/images\/I\/51rfr1GkCdL._SL500_.jpg","contentUrl":"https:\/\/m.media-amazon.com\/images\/I\/51rfr1GkCdL._SL500_.jpg","width":500,"height":500},{"@type":"BreadcrumbList","@id":"https:\/\/marktxxl.de\/markt\/produkt\/bleu-la-la-babydecke-100-luxurioese-weichbaumwollstrick-warme-gemuetliche-kuscheldecke-fuer-kinderwagen-und-wiegepuckdecke-fuer-neugeborene-saeuglinge-und-kleinkinder\/#breadcrumb","itemListElement":[{"@type":"ListItem","position":1,"name":"Startseite","item":"https:\/\/marktxxl.de\/markt\/"},{"@type":"ListItem","position":2,"name":"Markt","item":"https:\/\/marktxxl.de\/markt\/"},{"@type":"ListItem","position":3,"name":"Bleu La La Babydecke &#8211; 100% Luxuri\u00f6se Weichbaumwollstrick Warme Gem\u00fctliche Kuscheldecke f\u00fcr Kinderwagen und WiegePuckdecke f\u00fcr Neugeborene S\u00e4uglinge und Kleinkinder"}]},{"@type":"WebSite","@id":"https:\/\/marktxxl.de\/markt\/#website","url":"https:\/\/marktxxl.de\/markt\/","name":"Markt-XXL","description":"Ihr Markt Online","publisher":{"@id":"https:\/\/marktxxl.de\/markt\/#organization"},"potentialAction":[{"@type":"SearchAction","target":{"@type":"EntryPoint","urlTemplate":"https:\/\/marktxxl.de\/markt\/?s={search_term_string}"},"query-input":{"@type":"PropertyValueSpecification","valueRequired":true,"valueName":"search_term_string"}}],"inLanguage":"de"},{"@type":"Organization","@id":"https:\/\/marktxxl.de\/markt\/#organization","name":"Markt-XXL","url":"https:\/\/marktxxl.de\/markt\/","logo":{"@type":"ImageObject","inLanguage":"de","@id":"https:\/\/marktxxl.de\/markt\/#\/schema\/logo\/image\/","url":"https:\/\/marktxxl.de\/markt\/wp-content\/uploads\/sites\/3\/2020\/12\/logo.png","contentUrl":"https:\/\/marktxxl.de\/markt\/wp-content\/uploads\/sites\/3\/2020\/12\/logo.png","width":200,"height":70,"caption":"Markt-XXL"},"image":{"@id":"https:\/\/marktxxl.de\/markt\/#\/schema\/logo\/image\/"}}]}},"_links":{"self":[{"href":"https:\/\/marktxxl.de\/markt\/wp-json\/wp\/v2\/product\/221041","targetHints":{"allow":["GET"]}}],"collection":[{"href":"https:\/\/marktxxl.de\/markt\/wp-json\/wp\/v2\/product"}],"about":[{"href":"https:\/\/marktxxl.de\/markt\/wp-json\/wp\/v2\/types\/product"}],"replies":[{"embeddable":true,"href":"https:\/\/marktxxl.de\/markt\/wp-json\/wp\/v2\/comments?post=221041"}],"wp:featuredmedia":[{"embeddable":true,"href":"https:\/\/marktxxl.de\/markt\/wp-json\/wp\/v2\/media\/221042"}],"wp:attachment":[{"href":"https:\/\/marktxxl.de\/markt\/wp-json\/wp\/v2\/media?parent=221041"}],"wp:term":[{"taxonomy":"product_brand","embeddable":true,"href":"https:\/\/marktxxl.de\/markt\/wp-json\/wp\/v2\/product_brand?post=221041"},{"taxonomy":"product_cat","embeddable":true,"href":"https:\/\/marktxxl.de\/markt\/wp-json\/wp\/v2\/product_cat?post=221041"},{"taxonomy":"product_tag","embeddable":true,"href":"https:\/\/marktxxl.de\/markt\/wp-json\/wp\/v2\/product_tag?post=221041"}],"curies":[{"name":"wp","href":"https:\/\/api.w.org\/{rel}","templated":true}]}}