{"id":221020,"date":"2024-07-28T14:12:30","date_gmt":"2024-07-28T12:12:30","guid":{"rendered":"https:\/\/marktxxl.de\/markt\/produkt\/cozyway-socken-im-nicht-rutschfesten-knoechelstil-mit-greifer-12-packungen-fuer-jungen-und-maedchen-solide-grau-6-12-monate\/"},"modified":"2024-07-28T14:12:30","modified_gmt":"2024-07-28T12:12:30","slug":"cozyway-socken-im-nicht-rutschfesten-knoechelstil-mit-greifer-12-packungen-fuer-jungen-und-maedchen-solide-grau-6-12-monate","status":"publish","type":"product","link":"https:\/\/marktxxl.de\/markt\/produkt\/cozyway-socken-im-nicht-rutschfesten-knoechelstil-mit-greifer-12-packungen-fuer-jungen-und-maedchen-solide-grau-6-12-monate\/","title":{"rendered":"CozyWay Socken im nicht rutschfesten Kn\u00f6chelstil mit Greifer, 12 Packungen f\u00fcr Jungen und M\u00e4dchen, solide grau, 6-12 Monate"},"content":{"rendered":"<p>Wertpaket: Enth\u00e4lt 12 Paare von nicht rutschenden Kn\u00f6chelsocken f\u00fcr S\u00e4uglinge zwischen 6 und 12 Monaten. Mit einer Vielzahl von Farben k\u00f6nnen Eltern grundlegende Unisex -Farben oder beliebte Auswahlm\u00f6glichkeiten f\u00fcr Jungen und M\u00e4dchen ausw\u00e4hlen. Die Griffe an den Socken halten S\u00e4uglinge beim Spielen und Erkunden sicher, w\u00e4hrend die Socken ihre F\u00fc\u00dfe warm halten. Zu einem sehr vern\u00fcnftigen Preis ist diese Packung Griffsocken perfekt f\u00fcr Eltern, die ihre Kleinen bequem und sicher halten m\u00f6chten.<br \/>\nPro Anti-Skid: Perfekte Wahl f\u00fcr Eltern, die wollen, dass ihr Kleinkind bequem und sicher ist, w\u00e4hrend sie die Welt um sie herum erkundet. Diese Anti-Rutsch-Socken sind mit ma\u00dfgeschneiderten runden gepunkteten Greifer auf der Unterseite entworfen und bieten Schutz vor St\u00fcrzen und Ausrutschern. Das f\u00fcr die Grippers verwendete umweltfreundliche Gummismaterial ist in verschiedenen Gr\u00f6\u00dfen erh\u00e4ltlich.<br \/>\nGlatte Fersenlasche: Ein herausragendes Merkmal, das das An- und Ausziehen dieser Socken erleichtert und gleichzeitig das Risiko von Blasenbildung und Unbehagen verringert. Die Fersenlaschen am Kn\u00f6chelbund sorgen f\u00fcr einen sicheren Sitz und bieten ein reibungsloses Gef\u00fchl, das die empfindlichen F\u00fc\u00dfe sch\u00fctzt. Ob Ihr Kind krabbelt oder l\u00e4uft, diese Socken bieten einen rutschfesten Halt, der es sicher und stabil h\u00e4lt. Mit ihrer robusten Konstruktion und den niedlichen Designs.<br \/>\nEinfach fit: aus hochwertiger K\u00e4mmerbaumwolle mit mittlerer Dicke. Dies macht sie sehr atmungsaktiv und dehnbar, sodass sie leicht in Schuhe passen k\u00f6nnen. Sie sind auch leicht anzuziehen und abzunehmen und machen sich zum Kinderspiel. Mit ihrem Anti-Rutsch-Griff kann sich Ihr Kind selbstbewusst bewegen, ohne zu rutschen. Wenn Sie also m\u00f6chten, dass Ihr Kleiner bequem und sicher ist, sind diese Socken eine gute Wahl!<br \/>\nGeschenk f\u00fcr den Urlaub: Unsere strapazierf\u00e4hige Babykleidung verf\u00fcgt \u00fcber eine Technologie zum Ausbleichen der Farben, damit sie auch nach vielen W\u00e4schen ihre hohe Qualit\u00e4t beh\u00e4lt. Diese Produkte werden aus hochwertigen Materialien hergestellt und bieten Ihrem Kind einen hohen Tragekomfort, so dass sie sich f\u00fcr jede Jahreszeit eignen, insbesondere f\u00fcr die Ferien. Sie eignen sich auch hervorragend als Geschenk f\u00fcr Babys und bieten langlebige Qualit\u00e4t und Stil, den Eltern zu sch\u00e4tzen wissen.<br \/>\n<div class=\"main-cross-sell\" data-asin=\"B07RBSKSSG\">\n\n\t<div class=\"WooZone-cross-sell-loader\">\n\t\t<div>\n\t\t\t<div id=\"floatingBarsG\">\n\t\t\t\t<div class=\"blockG\" id=\"rotateG_01\"><\/div>\n\t\t\t\t<div class=\"blockG\" id=\"rotateG_02\"><\/div>\n\t\t\t\t<div class=\"blockG\" id=\"rotateG_03\"><\/div>\n\t\t\t\t<div class=\"blockG\" id=\"rotateG_04\"><\/div>\n\t\t\t\t<div class=\"blockG\" id=\"rotateG_05\"><\/div>\n\t\t\t\t<div class=\"blockG\" id=\"rotateG_06\"><\/div>\n\t\t\t\t<div class=\"blockG\" id=\"rotateG_07\"><\/div>\n\t\t\t\t<div class=\"blockG\" id=\"rotateG_08\"><\/div>\n\t\t\t<\/div>\n\t\t\t<div class=\"WooZone-cross-sell-loader-text\"><\/div>\n\t\t<\/div>\n\t<\/div>\n\n\t\t\n<\/div>\n<div style=\"clear:both;\"><\/div><\/p>\n","protected":false},"excerpt":{"rendered":"<p>Wertpaket: Enth\u00e4lt 12 Paare von nicht rutschenden Kn\u00f6chelsocken f\u00fcr S\u00e4uglinge zwischen 6 und 12 Monaten. Mit einer Vielzahl von Farben k\u00f6nnen Eltern grundlegende Unisex -Farben oder beliebte Auswahlm\u00f6glichkeiten f\u00fcr Jungen und M\u00e4dchen ausw\u00e4hlen. Die Griffe an den Socken halten S\u00e4uglinge beim Spielen und Erkunden sicher, w\u00e4hrend die Socken ihre F\u00fc\u00dfe warm halten. Zu einem sehr vern\u00fcnftigen Preis ist diese Packung Griffsocken perfekt f\u00fcr Eltern, die ihre Kleinen bequem und sicher halten m\u00f6chten.<br \/>\nPro Anti-Skid: Perfekte Wahl f\u00fcr Eltern, die wollen, dass ihr Kleinkind bequem und sicher ist, w\u00e4hrend sie die Welt um sie herum erkundet. Diese Anti-Rutsch-Socken sind mit ma\u00dfgeschneiderten runden gepunkteten Greifer auf der Unterseite entworfen und bieten Schutz vor St\u00fcrzen und Ausrutschern. Das f\u00fcr die Grippers verwendete umweltfreundliche Gummismaterial ist in verschiedenen Gr\u00f6\u00dfen erh\u00e4ltlich.<br \/>\nGlatte Fersenlasche: Ein herausragendes Merkmal, das das An- und Ausziehen dieser Socken erleichtert und gleichzeitig das Risiko von Blasenbildung und Unbehagen verringert. Die Fersenlaschen am Kn\u00f6chelbund sorgen f\u00fcr einen sicheren Sitz und bieten ein reibungsloses Gef\u00fchl, das die empfindlichen F\u00fc\u00dfe sch\u00fctzt. Ob Ihr Kind krabbelt oder l\u00e4uft, diese Socken bieten einen rutschfesten Halt, der es sicher und stabil h\u00e4lt. Mit ihrer robusten Konstruktion und den niedlichen Designs.<\/p>\n","protected":false},"featured_media":221021,"comment_status":"open","ping_status":"closed","template":"","meta":[],"product_brand":[],"product_cat":[21,8913],"product_tag":[],"class_list":{"0":"post-221020","1":"product","2":"type-product","3":"status-publish","4":"has-post-thumbnail","6":"product_cat-baby","7":"product_cat-babybekleidung-baby","8":"pa_binding-textilien","9":"pa_brand-cozyway","10":"pa_color-grau-12-paare","11":"pa_manufacturer-cozyway","12":"pa_model-cw-us-djw-12cs-gray-0-1y-uk","13":"pa_size-6-12-monate","14":"pa_weight-0-440924524-pfund","16":"first","17":"instock","18":"shipping-taxable","19":"purchasable","20":"product-type-simple","21":"customify-col","22":"product-has-gallery"},"yoast_head":"<!-- This site is optimized with the Yoast SEO plugin v27.3 - https:\/\/yoast.com\/product\/yoast-seo-wordpress\/ -->\n<title>CozyWay Socken im nicht rutschfesten Kn\u00f6chelstil mit Greifer, 12 Packungen f\u00fcr Jungen und M\u00e4dchen, solide grau, 6-12 Monate - Markt-XXL<\/title>\n<meta name=\"description\" content=\"Markt-XXL CozyWay Socken im nicht rutschfesten Kn\u00f6chelstil mit Greifer, 12 Packungen f\u00fcr Jungen und M\u00e4dchen, solide grau, 6-12 Monate\" \/>\n<meta name=\"robots\" content=\"index, follow, max-snippet:-1, max-image-preview:large, max-video-preview:-1\" \/>\n<link rel=\"canonical\" href=\"https:\/\/marktxxl.de\/markt\/produkt\/cozyway-socken-im-nicht-rutschfesten-knoechelstil-mit-greifer-12-packungen-fuer-jungen-und-maedchen-solide-grau-6-12-monate\/\" \/>\n<meta property=\"og:locale\" content=\"de_DE\" \/>\n<meta property=\"og:type\" content=\"article\" \/>\n<meta property=\"og:title\" content=\"CozyWay Socken im nicht rutschfesten Kn\u00f6chelstil mit Greifer, 12 Packungen f\u00fcr Jungen und M\u00e4dchen, solide grau, 6-12 Monate - Markt-XXL\" \/>\n<meta property=\"og:description\" content=\"Markt-XXL CozyWay Socken im nicht rutschfesten Kn\u00f6chelstil mit Greifer, 12 Packungen f\u00fcr Jungen und M\u00e4dchen, solide grau, 6-12 Monate\" \/>\n<meta property=\"og:url\" content=\"https:\/\/marktxxl.de\/markt\/produkt\/cozyway-socken-im-nicht-rutschfesten-knoechelstil-mit-greifer-12-packungen-fuer-jungen-und-maedchen-solide-grau-6-12-monate\/\" \/>\n<meta property=\"og:site_name\" content=\"Markt-XXL\" \/>\n<meta name=\"twitter:card\" content=\"summary_large_image\" \/>\n<meta name=\"twitter:label1\" content=\"Gesch\u00e4tzte Lesezeit\" \/>\n\t<meta name=\"twitter:data1\" content=\"2\u00a0Minuten\" \/>\n<script type=\"application\/ld+json\" class=\"yoast-schema-graph\">{\"@context\":\"https:\\\/\\\/schema.org\",\"@graph\":[{\"@type\":\"WebPage\",\"@id\":\"https:\\\/\\\/marktxxl.de\\\/markt\\\/produkt\\\/cozyway-socken-im-nicht-rutschfesten-knoechelstil-mit-greifer-12-packungen-fuer-jungen-und-maedchen-solide-grau-6-12-monate\\\/\",\"url\":\"https:\\\/\\\/marktxxl.de\\\/markt\\\/produkt\\\/cozyway-socken-im-nicht-rutschfesten-knoechelstil-mit-greifer-12-packungen-fuer-jungen-und-maedchen-solide-grau-6-12-monate\\\/\",\"name\":\"CozyWay Socken im nicht rutschfesten Kn\u00f6chelstil mit Greifer, 12 Packungen f\u00fcr Jungen und M\u00e4dchen, solide grau, 6-12 Monate - Markt-XXL\",\"isPartOf\":{\"@id\":\"https:\\\/\\\/marktxxl.de\\\/markt\\\/#website\"},\"primaryImageOfPage\":{\"@id\":\"https:\\\/\\\/marktxxl.de\\\/markt\\\/produkt\\\/cozyway-socken-im-nicht-rutschfesten-knoechelstil-mit-greifer-12-packungen-fuer-jungen-und-maedchen-solide-grau-6-12-monate\\\/#primaryimage\"},\"image\":{\"@id\":\"https:\\\/\\\/marktxxl.de\\\/markt\\\/produkt\\\/cozyway-socken-im-nicht-rutschfesten-knoechelstil-mit-greifer-12-packungen-fuer-jungen-und-maedchen-solide-grau-6-12-monate\\\/#primaryimage\"},\"thumbnailUrl\":\"https:\\\/\\\/m.media-amazon.com\\\/images\\\/I\\\/512Pq6QEk9L._SL500_.jpg\",\"datePublished\":\"2024-07-28T12:12:30+00:00\",\"description\":\"Markt-XXL CozyWay Socken im nicht rutschfesten Kn\u00f6chelstil mit Greifer, 12 Packungen f\u00fcr Jungen und M\u00e4dchen, solide grau, 6-12 Monate\",\"breadcrumb\":{\"@id\":\"https:\\\/\\\/marktxxl.de\\\/markt\\\/produkt\\\/cozyway-socken-im-nicht-rutschfesten-knoechelstil-mit-greifer-12-packungen-fuer-jungen-und-maedchen-solide-grau-6-12-monate\\\/#breadcrumb\"},\"inLanguage\":\"de\",\"potentialAction\":[{\"@type\":\"ReadAction\",\"target\":[\"https:\\\/\\\/marktxxl.de\\\/markt\\\/produkt\\\/cozyway-socken-im-nicht-rutschfesten-knoechelstil-mit-greifer-12-packungen-fuer-jungen-und-maedchen-solide-grau-6-12-monate\\\/\"]}]},{\"@type\":\"ImageObject\",\"inLanguage\":\"de\",\"@id\":\"https:\\\/\\\/marktxxl.de\\\/markt\\\/produkt\\\/cozyway-socken-im-nicht-rutschfesten-knoechelstil-mit-greifer-12-packungen-fuer-jungen-und-maedchen-solide-grau-6-12-monate\\\/#primaryimage\",\"url\":\"https:\\\/\\\/m.media-amazon.com\\\/images\\\/I\\\/512Pq6QEk9L._SL500_.jpg\",\"contentUrl\":\"https:\\\/\\\/m.media-amazon.com\\\/images\\\/I\\\/512Pq6QEk9L._SL500_.jpg\",\"width\":500,\"height\":500},{\"@type\":\"BreadcrumbList\",\"@id\":\"https:\\\/\\\/marktxxl.de\\\/markt\\\/produkt\\\/cozyway-socken-im-nicht-rutschfesten-knoechelstil-mit-greifer-12-packungen-fuer-jungen-und-maedchen-solide-grau-6-12-monate\\\/#breadcrumb\",\"itemListElement\":[{\"@type\":\"ListItem\",\"position\":1,\"name\":\"Startseite\",\"item\":\"https:\\\/\\\/marktxxl.de\\\/markt\\\/\"},{\"@type\":\"ListItem\",\"position\":2,\"name\":\"Markt\",\"item\":\"https:\\\/\\\/marktxxl.de\\\/markt\\\/\"},{\"@type\":\"ListItem\",\"position\":3,\"name\":\"CozyWay Socken im nicht rutschfesten Kn\u00f6chelstil mit Greifer, 12 Packungen f\u00fcr Jungen und M\u00e4dchen, solide grau, 6-12 Monate\"}]},{\"@type\":\"WebSite\",\"@id\":\"https:\\\/\\\/marktxxl.de\\\/markt\\\/#website\",\"url\":\"https:\\\/\\\/marktxxl.de\\\/markt\\\/\",\"name\":\"Markt-XXL\",\"description\":\"Ihr Markt Online\",\"publisher\":{\"@id\":\"https:\\\/\\\/marktxxl.de\\\/markt\\\/#organization\"},\"potentialAction\":[{\"@type\":\"SearchAction\",\"target\":{\"@type\":\"EntryPoint\",\"urlTemplate\":\"https:\\\/\\\/marktxxl.de\\\/markt\\\/?s={search_term_string}\"},\"query-input\":{\"@type\":\"PropertyValueSpecification\",\"valueRequired\":true,\"valueName\":\"search_term_string\"}}],\"inLanguage\":\"de\"},{\"@type\":\"Organization\",\"@id\":\"https:\\\/\\\/marktxxl.de\\\/markt\\\/#organization\",\"name\":\"Markt-XXL\",\"url\":\"https:\\\/\\\/marktxxl.de\\\/markt\\\/\",\"logo\":{\"@type\":\"ImageObject\",\"inLanguage\":\"de\",\"@id\":\"https:\\\/\\\/marktxxl.de\\\/markt\\\/#\\\/schema\\\/logo\\\/image\\\/\",\"url\":\"https:\\\/\\\/marktxxl.de\\\/markt\\\/wp-content\\\/uploads\\\/sites\\\/3\\\/2020\\\/12\\\/logo.png\",\"contentUrl\":\"https:\\\/\\\/marktxxl.de\\\/markt\\\/wp-content\\\/uploads\\\/sites\\\/3\\\/2020\\\/12\\\/logo.png\",\"width\":200,\"height\":70,\"caption\":\"Markt-XXL\"},\"image\":{\"@id\":\"https:\\\/\\\/marktxxl.de\\\/markt\\\/#\\\/schema\\\/logo\\\/image\\\/\"}}]}<\/script>\n<!-- \/ Yoast SEO plugin. -->","yoast_head_json":{"title":"CozyWay Socken im nicht rutschfesten Kn\u00f6chelstil mit Greifer, 12 Packungen f\u00fcr Jungen und M\u00e4dchen, solide grau, 6-12 Monate - Markt-XXL","description":"Markt-XXL CozyWay Socken im nicht rutschfesten Kn\u00f6chelstil mit Greifer, 12 Packungen f\u00fcr Jungen und M\u00e4dchen, solide grau, 6-12 Monate","robots":{"index":"index","follow":"follow","max-snippet":"max-snippet:-1","max-image-preview":"max-image-preview:large","max-video-preview":"max-video-preview:-1"},"canonical":"https:\/\/marktxxl.de\/markt\/produkt\/cozyway-socken-im-nicht-rutschfesten-knoechelstil-mit-greifer-12-packungen-fuer-jungen-und-maedchen-solide-grau-6-12-monate\/","og_locale":"de_DE","og_type":"article","og_title":"CozyWay Socken im nicht rutschfesten Kn\u00f6chelstil mit Greifer, 12 Packungen f\u00fcr Jungen und M\u00e4dchen, solide grau, 6-12 Monate - Markt-XXL","og_description":"Markt-XXL CozyWay Socken im nicht rutschfesten Kn\u00f6chelstil mit Greifer, 12 Packungen f\u00fcr Jungen und M\u00e4dchen, solide grau, 6-12 Monate","og_url":"https:\/\/marktxxl.de\/markt\/produkt\/cozyway-socken-im-nicht-rutschfesten-knoechelstil-mit-greifer-12-packungen-fuer-jungen-und-maedchen-solide-grau-6-12-monate\/","og_site_name":"Markt-XXL","twitter_card":"summary_large_image","twitter_misc":{"Gesch\u00e4tzte Lesezeit":"2\u00a0Minuten"},"schema":{"@context":"https:\/\/schema.org","@graph":[{"@type":"WebPage","@id":"https:\/\/marktxxl.de\/markt\/produkt\/cozyway-socken-im-nicht-rutschfesten-knoechelstil-mit-greifer-12-packungen-fuer-jungen-und-maedchen-solide-grau-6-12-monate\/","url":"https:\/\/marktxxl.de\/markt\/produkt\/cozyway-socken-im-nicht-rutschfesten-knoechelstil-mit-greifer-12-packungen-fuer-jungen-und-maedchen-solide-grau-6-12-monate\/","name":"CozyWay Socken im nicht rutschfesten Kn\u00f6chelstil mit Greifer, 12 Packungen f\u00fcr Jungen und M\u00e4dchen, solide grau, 6-12 Monate - Markt-XXL","isPartOf":{"@id":"https:\/\/marktxxl.de\/markt\/#website"},"primaryImageOfPage":{"@id":"https:\/\/marktxxl.de\/markt\/produkt\/cozyway-socken-im-nicht-rutschfesten-knoechelstil-mit-greifer-12-packungen-fuer-jungen-und-maedchen-solide-grau-6-12-monate\/#primaryimage"},"image":{"@id":"https:\/\/marktxxl.de\/markt\/produkt\/cozyway-socken-im-nicht-rutschfesten-knoechelstil-mit-greifer-12-packungen-fuer-jungen-und-maedchen-solide-grau-6-12-monate\/#primaryimage"},"thumbnailUrl":"https:\/\/m.media-amazon.com\/images\/I\/512Pq6QEk9L._SL500_.jpg","datePublished":"2024-07-28T12:12:30+00:00","description":"Markt-XXL CozyWay Socken im nicht rutschfesten Kn\u00f6chelstil mit Greifer, 12 Packungen f\u00fcr Jungen und M\u00e4dchen, solide grau, 6-12 Monate","breadcrumb":{"@id":"https:\/\/marktxxl.de\/markt\/produkt\/cozyway-socken-im-nicht-rutschfesten-knoechelstil-mit-greifer-12-packungen-fuer-jungen-und-maedchen-solide-grau-6-12-monate\/#breadcrumb"},"inLanguage":"de","potentialAction":[{"@type":"ReadAction","target":["https:\/\/marktxxl.de\/markt\/produkt\/cozyway-socken-im-nicht-rutschfesten-knoechelstil-mit-greifer-12-packungen-fuer-jungen-und-maedchen-solide-grau-6-12-monate\/"]}]},{"@type":"ImageObject","inLanguage":"de","@id":"https:\/\/marktxxl.de\/markt\/produkt\/cozyway-socken-im-nicht-rutschfesten-knoechelstil-mit-greifer-12-packungen-fuer-jungen-und-maedchen-solide-grau-6-12-monate\/#primaryimage","url":"https:\/\/m.media-amazon.com\/images\/I\/512Pq6QEk9L._SL500_.jpg","contentUrl":"https:\/\/m.media-amazon.com\/images\/I\/512Pq6QEk9L._SL500_.jpg","width":500,"height":500},{"@type":"BreadcrumbList","@id":"https:\/\/marktxxl.de\/markt\/produkt\/cozyway-socken-im-nicht-rutschfesten-knoechelstil-mit-greifer-12-packungen-fuer-jungen-und-maedchen-solide-grau-6-12-monate\/#breadcrumb","itemListElement":[{"@type":"ListItem","position":1,"name":"Startseite","item":"https:\/\/marktxxl.de\/markt\/"},{"@type":"ListItem","position":2,"name":"Markt","item":"https:\/\/marktxxl.de\/markt\/"},{"@type":"ListItem","position":3,"name":"CozyWay Socken im nicht rutschfesten Kn\u00f6chelstil mit Greifer, 12 Packungen f\u00fcr Jungen und M\u00e4dchen, solide grau, 6-12 Monate"}]},{"@type":"WebSite","@id":"https:\/\/marktxxl.de\/markt\/#website","url":"https:\/\/marktxxl.de\/markt\/","name":"Markt-XXL","description":"Ihr Markt Online","publisher":{"@id":"https:\/\/marktxxl.de\/markt\/#organization"},"potentialAction":[{"@type":"SearchAction","target":{"@type":"EntryPoint","urlTemplate":"https:\/\/marktxxl.de\/markt\/?s={search_term_string}"},"query-input":{"@type":"PropertyValueSpecification","valueRequired":true,"valueName":"search_term_string"}}],"inLanguage":"de"},{"@type":"Organization","@id":"https:\/\/marktxxl.de\/markt\/#organization","name":"Markt-XXL","url":"https:\/\/marktxxl.de\/markt\/","logo":{"@type":"ImageObject","inLanguage":"de","@id":"https:\/\/marktxxl.de\/markt\/#\/schema\/logo\/image\/","url":"https:\/\/marktxxl.de\/markt\/wp-content\/uploads\/sites\/3\/2020\/12\/logo.png","contentUrl":"https:\/\/marktxxl.de\/markt\/wp-content\/uploads\/sites\/3\/2020\/12\/logo.png","width":200,"height":70,"caption":"Markt-XXL"},"image":{"@id":"https:\/\/marktxxl.de\/markt\/#\/schema\/logo\/image\/"}}]}},"_links":{"self":[{"href":"https:\/\/marktxxl.de\/markt\/wp-json\/wp\/v2\/product\/221020","targetHints":{"allow":["GET"]}}],"collection":[{"href":"https:\/\/marktxxl.de\/markt\/wp-json\/wp\/v2\/product"}],"about":[{"href":"https:\/\/marktxxl.de\/markt\/wp-json\/wp\/v2\/types\/product"}],"replies":[{"embeddable":true,"href":"https:\/\/marktxxl.de\/markt\/wp-json\/wp\/v2\/comments?post=221020"}],"wp:featuredmedia":[{"embeddable":true,"href":"https:\/\/marktxxl.de\/markt\/wp-json\/wp\/v2\/media\/221021"}],"wp:attachment":[{"href":"https:\/\/marktxxl.de\/markt\/wp-json\/wp\/v2\/media?parent=221020"}],"wp:term":[{"taxonomy":"product_brand","embeddable":true,"href":"https:\/\/marktxxl.de\/markt\/wp-json\/wp\/v2\/product_brand?post=221020"},{"taxonomy":"product_cat","embeddable":true,"href":"https:\/\/marktxxl.de\/markt\/wp-json\/wp\/v2\/product_cat?post=221020"},{"taxonomy":"product_tag","embeddable":true,"href":"https:\/\/marktxxl.de\/markt\/wp-json\/wp\/v2\/product_tag?post=221020"}],"curies":[{"name":"wp","href":"https:\/\/api.w.org\/{rel}","templated":true}]}}