{"id":220923,"date":"2024-07-28T14:02:29","date_gmt":"2024-07-28T12:02:29","guid":{"rendered":"https:\/\/marktxxl.de\/markt\/produkt\/lusso-gear-universal-sitzschoner-auto-vordersitze-dick-gepolsterter-wasserdichter-leder-stoff-autositzschoner-rutschfeste-robuste-gummibeschichtung-verstellbarer-kopfstuetzengurt\/"},"modified":"2024-07-28T14:02:29","modified_gmt":"2024-07-28T12:02:29","slug":"lusso-gear-universal-sitzschoner-auto-vordersitze-dick-gepolsterter-wasserdichter-leder-stoff-autositzschoner-rutschfeste-robuste-gummibeschichtung-verstellbarer-kopfstuetzengurt","status":"publish","type":"product","link":"https:\/\/marktxxl.de\/markt\/produkt\/lusso-gear-universal-sitzschoner-auto-vordersitze-dick-gepolsterter-wasserdichter-leder-stoff-autositzschoner-rutschfeste-robuste-gummibeschichtung-verstellbarer-kopfstuetzengurt\/","title":{"rendered":"Lusso Gear Universal Sitzschoner Auto Vordersitze &#8211; Dick Gepolsterter Wasserdichter Leder &amp; Stoff Autositzschoner &#8211; rutschfeste Robuste Gummibeschichtung &#8211; Verstellbarer Kopfst\u00fctzengurt"},"content":{"rendered":"<p>Verl\u00e4ngern Sie die Lebensdauer Ihres Autositzes: Wenn Sie auf der Suche nach einem stilvollen und dennoch sehr widerstandsf\u00e4higen Autositzschutz sind, dann sollten Sie Ihre Suche hier beenden. Wir haben die gr\u00f6\u00dften Autositzbez\u00fcge, die die Polsterung Ihres Autos sch\u00fctzen, die Lebensdauer Ihres Fahrzeugs verl\u00e4ngern und es wie neu aussehen l\u00e4sst. Vermeiden Sie \u00fcberm\u00e4\u00dfige Abnutzung, minimieren Sie Kratzer oder Sabbern, ohne ein kleines Verm\u00f6gen auszugeben.<br \/>\nKein Verrutschen oder Verrutschen: Dieser Autositzbezug hat verstellbare Sicherheitsgurte, die den Bezug sicher an der Kopfst\u00fctze befestigen. Befestigen Sie sie, um eine perfekte Passform zu erreichen. Vergessen Sie, dass Sitzschoner vom Sitz rutschen, unter Ihre Beine rutschen und Beschwerden verursachen. Dieser Autositzbezug hat rutschfeste Punkte f\u00fcr zus\u00e4tzlichen Halt. Perfekt f\u00fcr diejenigen, die mit Kindern, der ganzen Familie, Babys oder alleine reisen<br \/>\nWenn Haltbarkeit auf Stil trifft: Hergestellt aus hochwertigem PVC-Leder, ist unser Autositzbezug hier, um Stil und Komfort w\u00e4hrend der Fahrt hinzuzuf\u00fcgen. Verhindern Sie Sch\u00e4den durch Getr\u00e4nke oder versch\u00fcttete Lebensmittel dank seiner wasserabweisenden Beschaffenheit. Verbessern Sie das Aussehen Ihres Autos vor Ort mit diesen schwarzen Unisex-Abdeckungen. In Sekundenschnelle \u00fcberziehen und genie\u00dfen. Die extra gepolsterte Konstruktion sorgt f\u00fcr bequemes Pendeln zur Arbeit oder auf Reisen.<br \/>\nEs geht um Ergonomie: Sparen Sie wertvolle Zeit und Energie und halten Sie das absolute Wesentliche in der N\u00e4he in seinen 3 integrierten Taschen. Nutzen Sie alle Vorteile eines gro\u00dfen Organisationsraums unter Ihren F\u00fc\u00dfen und erleichtern Sie Ihre Ausfl\u00fcge in vollen Z\u00fcgen. Legen Sie alles hinein, was Ihnen in den Sinn kommt. Von Kinderspielzeug, Snacks, Wasserflaschen, B\u00fcchern, einem winzigen Erste-Hilfe-Set, Ihrem Handy, Sonnenbrillenetui, Lunchboxen, Taschent\u00fcchern und vielem mehr.<br \/>\nHolen Sie sich diesen coolen Autositzbezug risikofrei: Da Ihre Zufriedenheit unsere oberste Priorit\u00e4t ist, wird dieser Autositzbezug durch unsere bedingungslose 1 Jahr Geld-zur\u00fcck-Garantie. Nur f\u00fcr den Fall, dass Sie diesen Sitzschoner nicht einfach lieben. Ein aufmerksames Geschenk f\u00fcr einen lieben Freund oder ein geliebtes Familienmitglied. Erhalten Sie die Polster Ihres neuen oder sogar ein bisschen alten Fahrzeugs in neuem Zustand. Ein Muss f\u00fcr alle Autobesitzer.<br \/>\n<div class=\"main-cross-sell\" data-asin=\"B08X6FRKYS\">\n\n\t<div class=\"WooZone-cross-sell-loader\">\n\t\t<div>\n\t\t\t<div id=\"floatingBarsG\">\n\t\t\t\t<div class=\"blockG\" id=\"rotateG_01\"><\/div>\n\t\t\t\t<div class=\"blockG\" id=\"rotateG_02\"><\/div>\n\t\t\t\t<div class=\"blockG\" id=\"rotateG_03\"><\/div>\n\t\t\t\t<div class=\"blockG\" id=\"rotateG_04\"><\/div>\n\t\t\t\t<div class=\"blockG\" id=\"rotateG_05\"><\/div>\n\t\t\t\t<div class=\"blockG\" id=\"rotateG_06\"><\/div>\n\t\t\t\t<div class=\"blockG\" id=\"rotateG_07\"><\/div>\n\t\t\t\t<div class=\"blockG\" id=\"rotateG_08\"><\/div>\n\t\t\t<\/div>\n\t\t\t<div class=\"WooZone-cross-sell-loader-text\"><\/div>\n\t\t<\/div>\n\t<\/div>\n\n\t\t\n<\/div>\n<div style=\"clear:both;\"><\/div><\/p>\n","protected":false},"excerpt":{"rendered":"<p>Verl\u00e4ngern Sie die Lebensdauer Ihres Autositzes: Wenn Sie auf der Suche nach einem stilvollen und dennoch sehr widerstandsf\u00e4higen Autositzschutz sind, dann sollten Sie Ihre Suche hier beenden. Wir haben die gr\u00f6\u00dften Autositzbez\u00fcge, die die Polsterung Ihres Autos sch\u00fctzen, die Lebensdauer Ihres Fahrzeugs verl\u00e4ngern und es wie neu aussehen l\u00e4sst. Vermeiden Sie \u00fcberm\u00e4\u00dfige Abnutzung, minimieren Sie Kratzer oder Sabbern, ohne ein kleines Verm\u00f6gen auszugeben.<br \/>\nKein Verrutschen oder Verrutschen: Dieser Autositzbezug hat verstellbare Sicherheitsgurte, die den Bezug sicher an der Kopfst\u00fctze befestigen. Befestigen Sie sie, um eine perfekte Passform zu erreichen. Vergessen Sie, dass Sitzschoner vom Sitz rutschen, unter Ihre Beine rutschen und Beschwerden verursachen. Dieser Autositzbezug hat rutschfeste Punkte f\u00fcr zus\u00e4tzlichen Halt. Perfekt f\u00fcr diejenigen, die mit Kindern, der ganzen Familie, Babys oder alleine reisen<br \/>\nWenn Haltbarkeit auf Stil trifft: Hergestellt aus hochwertigem PVC-Leder, ist unser Autositzbezug hier, um Stil und Komfort w\u00e4hrend der Fahrt hinzuzuf\u00fcgen. Verhindern Sie Sch\u00e4den durch Getr\u00e4nke oder versch\u00fcttete Lebensmittel dank seiner wasserabweisenden Beschaffenheit. Verbessern Sie das Aussehen Ihres Autos vor Ort mit diesen schwarzen Unisex-Abdeckungen. In Sekundenschnelle \u00fcberziehen und genie\u00dfen. Die extra gepolsterte Konstruktion sorgt f\u00fcr bequemes Pendeln zur Arbeit oder auf Reisen.<\/p>\n","protected":false},"featured_media":220924,"comment_status":"open","ping_status":"closed","template":"","meta":[],"product_brand":[],"product_cat":[8765,21],"product_tag":[],"class_list":{"0":"post-220923","1":"product","2":"type-product","3":"status-publish","4":"has-post-thumbnail","6":"product_cat-autositze-zubehoer-baby","7":"product_cat-baby","8":"pa_brand-lusso-gear","9":"pa_manufacturer-lusso-gear","11":"first","12":"instock","13":"shipping-taxable","14":"product-type-simple","15":"customify-col","16":"product-has-gallery"},"yoast_head":"<!-- This site is optimized with the Yoast SEO plugin v27.4 - https:\/\/yoast.com\/product\/yoast-seo-wordpress\/ -->\n<title>Lusso Gear Universal Sitzschoner Auto Vordersitze - Dick Gepolsterter Wasserdichter Leder &amp; Stoff Autositzschoner - rutschfeste Robuste Gummibeschichtung - Verstellbarer Kopfst\u00fctzengurt - Markt-XXL<\/title>\n<meta name=\"description\" content=\"Markt-XXL Lusso Gear Universal Sitzschoner Auto Vordersitze - Dick Gepolsterter Wasserdichter Leder &amp; Stoff Autositzschoner - rutschfeste Robuste Gummibeschichtung - Verstellbarer Kopfst\u00fctzengurt\" \/>\n<meta name=\"robots\" content=\"index, follow, max-snippet:-1, max-image-preview:large, max-video-preview:-1\" \/>\n<link rel=\"canonical\" href=\"https:\/\/marktxxl.de\/markt\/produkt\/lusso-gear-universal-sitzschoner-auto-vordersitze-dick-gepolsterter-wasserdichter-leder-stoff-autositzschoner-rutschfeste-robuste-gummibeschichtung-verstellbarer-kopfstuetzengurt\/\" \/>\n<meta property=\"og:locale\" content=\"de_DE\" \/>\n<meta property=\"og:type\" content=\"article\" \/>\n<meta property=\"og:title\" content=\"Lusso Gear Universal Sitzschoner Auto Vordersitze - Dick Gepolsterter Wasserdichter Leder &amp; Stoff Autositzschoner - rutschfeste Robuste Gummibeschichtung - Verstellbarer Kopfst\u00fctzengurt - Markt-XXL\" \/>\n<meta property=\"og:description\" content=\"Markt-XXL Lusso Gear Universal Sitzschoner Auto Vordersitze - Dick Gepolsterter Wasserdichter Leder &amp; Stoff Autositzschoner - rutschfeste Robuste Gummibeschichtung - Verstellbarer Kopfst\u00fctzengurt\" \/>\n<meta property=\"og:url\" content=\"https:\/\/marktxxl.de\/markt\/produkt\/lusso-gear-universal-sitzschoner-auto-vordersitze-dick-gepolsterter-wasserdichter-leder-stoff-autositzschoner-rutschfeste-robuste-gummibeschichtung-verstellbarer-kopfstuetzengurt\/\" \/>\n<meta property=\"og:site_name\" content=\"Markt-XXL\" \/>\n<meta name=\"twitter:card\" content=\"summary_large_image\" \/>\n<meta name=\"twitter:label1\" content=\"Gesch\u00e4tzte Lesezeit\" \/>\n\t<meta name=\"twitter:data1\" content=\"2\u00a0Minuten\" \/>\n<script type=\"application\/ld+json\" class=\"yoast-schema-graph\">{\"@context\":\"https:\\\/\\\/schema.org\",\"@graph\":[{\"@type\":\"WebPage\",\"@id\":\"https:\\\/\\\/marktxxl.de\\\/markt\\\/produkt\\\/lusso-gear-universal-sitzschoner-auto-vordersitze-dick-gepolsterter-wasserdichter-leder-stoff-autositzschoner-rutschfeste-robuste-gummibeschichtung-verstellbarer-kopfstuetzengurt\\\/\",\"url\":\"https:\\\/\\\/marktxxl.de\\\/markt\\\/produkt\\\/lusso-gear-universal-sitzschoner-auto-vordersitze-dick-gepolsterter-wasserdichter-leder-stoff-autositzschoner-rutschfeste-robuste-gummibeschichtung-verstellbarer-kopfstuetzengurt\\\/\",\"name\":\"Lusso Gear Universal Sitzschoner Auto Vordersitze - Dick Gepolsterter Wasserdichter Leder &amp; Stoff Autositzschoner - rutschfeste Robuste Gummibeschichtung - Verstellbarer Kopfst\u00fctzengurt - Markt-XXL\",\"isPartOf\":{\"@id\":\"https:\\\/\\\/marktxxl.de\\\/markt\\\/#website\"},\"primaryImageOfPage\":{\"@id\":\"https:\\\/\\\/marktxxl.de\\\/markt\\\/produkt\\\/lusso-gear-universal-sitzschoner-auto-vordersitze-dick-gepolsterter-wasserdichter-leder-stoff-autositzschoner-rutschfeste-robuste-gummibeschichtung-verstellbarer-kopfstuetzengurt\\\/#primaryimage\"},\"image\":{\"@id\":\"https:\\\/\\\/marktxxl.de\\\/markt\\\/produkt\\\/lusso-gear-universal-sitzschoner-auto-vordersitze-dick-gepolsterter-wasserdichter-leder-stoff-autositzschoner-rutschfeste-robuste-gummibeschichtung-verstellbarer-kopfstuetzengurt\\\/#primaryimage\"},\"thumbnailUrl\":\"https:\\\/\\\/m.media-amazon.com\\\/images\\\/I\\\/51wGkaPg0qL._SL500_.jpg\",\"datePublished\":\"2024-07-28T12:02:29+00:00\",\"description\":\"Markt-XXL Lusso Gear Universal Sitzschoner Auto Vordersitze - Dick Gepolsterter Wasserdichter Leder &amp; Stoff Autositzschoner - rutschfeste Robuste Gummibeschichtung - Verstellbarer Kopfst\u00fctzengurt\",\"breadcrumb\":{\"@id\":\"https:\\\/\\\/marktxxl.de\\\/markt\\\/produkt\\\/lusso-gear-universal-sitzschoner-auto-vordersitze-dick-gepolsterter-wasserdichter-leder-stoff-autositzschoner-rutschfeste-robuste-gummibeschichtung-verstellbarer-kopfstuetzengurt\\\/#breadcrumb\"},\"inLanguage\":\"de\",\"potentialAction\":[{\"@type\":\"ReadAction\",\"target\":[\"https:\\\/\\\/marktxxl.de\\\/markt\\\/produkt\\\/lusso-gear-universal-sitzschoner-auto-vordersitze-dick-gepolsterter-wasserdichter-leder-stoff-autositzschoner-rutschfeste-robuste-gummibeschichtung-verstellbarer-kopfstuetzengurt\\\/\"]}]},{\"@type\":\"ImageObject\",\"inLanguage\":\"de\",\"@id\":\"https:\\\/\\\/marktxxl.de\\\/markt\\\/produkt\\\/lusso-gear-universal-sitzschoner-auto-vordersitze-dick-gepolsterter-wasserdichter-leder-stoff-autositzschoner-rutschfeste-robuste-gummibeschichtung-verstellbarer-kopfstuetzengurt\\\/#primaryimage\",\"url\":\"https:\\\/\\\/m.media-amazon.com\\\/images\\\/I\\\/51wGkaPg0qL._SL500_.jpg\",\"contentUrl\":\"https:\\\/\\\/m.media-amazon.com\\\/images\\\/I\\\/51wGkaPg0qL._SL500_.jpg\",\"width\":500,\"height\":500},{\"@type\":\"BreadcrumbList\",\"@id\":\"https:\\\/\\\/marktxxl.de\\\/markt\\\/produkt\\\/lusso-gear-universal-sitzschoner-auto-vordersitze-dick-gepolsterter-wasserdichter-leder-stoff-autositzschoner-rutschfeste-robuste-gummibeschichtung-verstellbarer-kopfstuetzengurt\\\/#breadcrumb\",\"itemListElement\":[{\"@type\":\"ListItem\",\"position\":1,\"name\":\"Startseite\",\"item\":\"https:\\\/\\\/marktxxl.de\\\/markt\\\/\"},{\"@type\":\"ListItem\",\"position\":2,\"name\":\"Markt\",\"item\":\"https:\\\/\\\/marktxxl.de\\\/markt\\\/\"},{\"@type\":\"ListItem\",\"position\":3,\"name\":\"Lusso Gear Universal Sitzschoner Auto Vordersitze &#8211; Dick Gepolsterter Wasserdichter Leder &amp; Stoff Autositzschoner &#8211; rutschfeste Robuste Gummibeschichtung &#8211; Verstellbarer Kopfst\u00fctzengurt\"}]},{\"@type\":\"WebSite\",\"@id\":\"https:\\\/\\\/marktxxl.de\\\/markt\\\/#website\",\"url\":\"https:\\\/\\\/marktxxl.de\\\/markt\\\/\",\"name\":\"Markt-XXL\",\"description\":\"Ihr Markt Online\",\"publisher\":{\"@id\":\"https:\\\/\\\/marktxxl.de\\\/markt\\\/#organization\"},\"potentialAction\":[{\"@type\":\"SearchAction\",\"target\":{\"@type\":\"EntryPoint\",\"urlTemplate\":\"https:\\\/\\\/marktxxl.de\\\/markt\\\/?s={search_term_string}\"},\"query-input\":{\"@type\":\"PropertyValueSpecification\",\"valueRequired\":true,\"valueName\":\"search_term_string\"}}],\"inLanguage\":\"de\"},{\"@type\":\"Organization\",\"@id\":\"https:\\\/\\\/marktxxl.de\\\/markt\\\/#organization\",\"name\":\"Markt-XXL\",\"url\":\"https:\\\/\\\/marktxxl.de\\\/markt\\\/\",\"logo\":{\"@type\":\"ImageObject\",\"inLanguage\":\"de\",\"@id\":\"https:\\\/\\\/marktxxl.de\\\/markt\\\/#\\\/schema\\\/logo\\\/image\\\/\",\"url\":\"https:\\\/\\\/marktxxl.de\\\/markt\\\/wp-content\\\/uploads\\\/sites\\\/3\\\/2020\\\/12\\\/logo.png\",\"contentUrl\":\"https:\\\/\\\/marktxxl.de\\\/markt\\\/wp-content\\\/uploads\\\/sites\\\/3\\\/2020\\\/12\\\/logo.png\",\"width\":200,\"height\":70,\"caption\":\"Markt-XXL\"},\"image\":{\"@id\":\"https:\\\/\\\/marktxxl.de\\\/markt\\\/#\\\/schema\\\/logo\\\/image\\\/\"}}]}<\/script>\n<!-- \/ Yoast SEO plugin. -->","yoast_head_json":{"title":"Lusso Gear Universal Sitzschoner Auto Vordersitze - Dick Gepolsterter Wasserdichter Leder &amp; Stoff Autositzschoner - rutschfeste Robuste Gummibeschichtung - Verstellbarer Kopfst\u00fctzengurt - Markt-XXL","description":"Markt-XXL Lusso Gear Universal Sitzschoner Auto Vordersitze - Dick Gepolsterter Wasserdichter Leder &amp; Stoff Autositzschoner - rutschfeste Robuste Gummibeschichtung - Verstellbarer Kopfst\u00fctzengurt","robots":{"index":"index","follow":"follow","max-snippet":"max-snippet:-1","max-image-preview":"max-image-preview:large","max-video-preview":"max-video-preview:-1"},"canonical":"https:\/\/marktxxl.de\/markt\/produkt\/lusso-gear-universal-sitzschoner-auto-vordersitze-dick-gepolsterter-wasserdichter-leder-stoff-autositzschoner-rutschfeste-robuste-gummibeschichtung-verstellbarer-kopfstuetzengurt\/","og_locale":"de_DE","og_type":"article","og_title":"Lusso Gear Universal Sitzschoner Auto Vordersitze - Dick Gepolsterter Wasserdichter Leder &amp; Stoff Autositzschoner - rutschfeste Robuste Gummibeschichtung - Verstellbarer Kopfst\u00fctzengurt - Markt-XXL","og_description":"Markt-XXL Lusso Gear Universal Sitzschoner Auto Vordersitze - Dick Gepolsterter Wasserdichter Leder &amp; Stoff Autositzschoner - rutschfeste Robuste Gummibeschichtung - Verstellbarer Kopfst\u00fctzengurt","og_url":"https:\/\/marktxxl.de\/markt\/produkt\/lusso-gear-universal-sitzschoner-auto-vordersitze-dick-gepolsterter-wasserdichter-leder-stoff-autositzschoner-rutschfeste-robuste-gummibeschichtung-verstellbarer-kopfstuetzengurt\/","og_site_name":"Markt-XXL","twitter_card":"summary_large_image","twitter_misc":{"Gesch\u00e4tzte Lesezeit":"2\u00a0Minuten"},"schema":{"@context":"https:\/\/schema.org","@graph":[{"@type":"WebPage","@id":"https:\/\/marktxxl.de\/markt\/produkt\/lusso-gear-universal-sitzschoner-auto-vordersitze-dick-gepolsterter-wasserdichter-leder-stoff-autositzschoner-rutschfeste-robuste-gummibeschichtung-verstellbarer-kopfstuetzengurt\/","url":"https:\/\/marktxxl.de\/markt\/produkt\/lusso-gear-universal-sitzschoner-auto-vordersitze-dick-gepolsterter-wasserdichter-leder-stoff-autositzschoner-rutschfeste-robuste-gummibeschichtung-verstellbarer-kopfstuetzengurt\/","name":"Lusso Gear Universal Sitzschoner Auto Vordersitze - Dick Gepolsterter Wasserdichter Leder &amp; Stoff Autositzschoner - rutschfeste Robuste Gummibeschichtung - Verstellbarer Kopfst\u00fctzengurt - Markt-XXL","isPartOf":{"@id":"https:\/\/marktxxl.de\/markt\/#website"},"primaryImageOfPage":{"@id":"https:\/\/marktxxl.de\/markt\/produkt\/lusso-gear-universal-sitzschoner-auto-vordersitze-dick-gepolsterter-wasserdichter-leder-stoff-autositzschoner-rutschfeste-robuste-gummibeschichtung-verstellbarer-kopfstuetzengurt\/#primaryimage"},"image":{"@id":"https:\/\/marktxxl.de\/markt\/produkt\/lusso-gear-universal-sitzschoner-auto-vordersitze-dick-gepolsterter-wasserdichter-leder-stoff-autositzschoner-rutschfeste-robuste-gummibeschichtung-verstellbarer-kopfstuetzengurt\/#primaryimage"},"thumbnailUrl":"https:\/\/m.media-amazon.com\/images\/I\/51wGkaPg0qL._SL500_.jpg","datePublished":"2024-07-28T12:02:29+00:00","description":"Markt-XXL Lusso Gear Universal Sitzschoner Auto Vordersitze - Dick Gepolsterter Wasserdichter Leder &amp; Stoff Autositzschoner - rutschfeste Robuste Gummibeschichtung - Verstellbarer Kopfst\u00fctzengurt","breadcrumb":{"@id":"https:\/\/marktxxl.de\/markt\/produkt\/lusso-gear-universal-sitzschoner-auto-vordersitze-dick-gepolsterter-wasserdichter-leder-stoff-autositzschoner-rutschfeste-robuste-gummibeschichtung-verstellbarer-kopfstuetzengurt\/#breadcrumb"},"inLanguage":"de","potentialAction":[{"@type":"ReadAction","target":["https:\/\/marktxxl.de\/markt\/produkt\/lusso-gear-universal-sitzschoner-auto-vordersitze-dick-gepolsterter-wasserdichter-leder-stoff-autositzschoner-rutschfeste-robuste-gummibeschichtung-verstellbarer-kopfstuetzengurt\/"]}]},{"@type":"ImageObject","inLanguage":"de","@id":"https:\/\/marktxxl.de\/markt\/produkt\/lusso-gear-universal-sitzschoner-auto-vordersitze-dick-gepolsterter-wasserdichter-leder-stoff-autositzschoner-rutschfeste-robuste-gummibeschichtung-verstellbarer-kopfstuetzengurt\/#primaryimage","url":"https:\/\/m.media-amazon.com\/images\/I\/51wGkaPg0qL._SL500_.jpg","contentUrl":"https:\/\/m.media-amazon.com\/images\/I\/51wGkaPg0qL._SL500_.jpg","width":500,"height":500},{"@type":"BreadcrumbList","@id":"https:\/\/marktxxl.de\/markt\/produkt\/lusso-gear-universal-sitzschoner-auto-vordersitze-dick-gepolsterter-wasserdichter-leder-stoff-autositzschoner-rutschfeste-robuste-gummibeschichtung-verstellbarer-kopfstuetzengurt\/#breadcrumb","itemListElement":[{"@type":"ListItem","position":1,"name":"Startseite","item":"https:\/\/marktxxl.de\/markt\/"},{"@type":"ListItem","position":2,"name":"Markt","item":"https:\/\/marktxxl.de\/markt\/"},{"@type":"ListItem","position":3,"name":"Lusso Gear Universal Sitzschoner Auto Vordersitze &#8211; Dick Gepolsterter Wasserdichter Leder &amp; Stoff Autositzschoner &#8211; rutschfeste Robuste Gummibeschichtung &#8211; Verstellbarer Kopfst\u00fctzengurt"}]},{"@type":"WebSite","@id":"https:\/\/marktxxl.de\/markt\/#website","url":"https:\/\/marktxxl.de\/markt\/","name":"Markt-XXL","description":"Ihr Markt Online","publisher":{"@id":"https:\/\/marktxxl.de\/markt\/#organization"},"potentialAction":[{"@type":"SearchAction","target":{"@type":"EntryPoint","urlTemplate":"https:\/\/marktxxl.de\/markt\/?s={search_term_string}"},"query-input":{"@type":"PropertyValueSpecification","valueRequired":true,"valueName":"search_term_string"}}],"inLanguage":"de"},{"@type":"Organization","@id":"https:\/\/marktxxl.de\/markt\/#organization","name":"Markt-XXL","url":"https:\/\/marktxxl.de\/markt\/","logo":{"@type":"ImageObject","inLanguage":"de","@id":"https:\/\/marktxxl.de\/markt\/#\/schema\/logo\/image\/","url":"https:\/\/marktxxl.de\/markt\/wp-content\/uploads\/sites\/3\/2020\/12\/logo.png","contentUrl":"https:\/\/marktxxl.de\/markt\/wp-content\/uploads\/sites\/3\/2020\/12\/logo.png","width":200,"height":70,"caption":"Markt-XXL"},"image":{"@id":"https:\/\/marktxxl.de\/markt\/#\/schema\/logo\/image\/"}}]}},"_links":{"self":[{"href":"https:\/\/marktxxl.de\/markt\/wp-json\/wp\/v2\/product\/220923","targetHints":{"allow":["GET"]}}],"collection":[{"href":"https:\/\/marktxxl.de\/markt\/wp-json\/wp\/v2\/product"}],"about":[{"href":"https:\/\/marktxxl.de\/markt\/wp-json\/wp\/v2\/types\/product"}],"replies":[{"embeddable":true,"href":"https:\/\/marktxxl.de\/markt\/wp-json\/wp\/v2\/comments?post=220923"}],"wp:featuredmedia":[{"embeddable":true,"href":"https:\/\/marktxxl.de\/markt\/wp-json\/wp\/v2\/media\/220924"}],"wp:attachment":[{"href":"https:\/\/marktxxl.de\/markt\/wp-json\/wp\/v2\/media?parent=220923"}],"wp:term":[{"taxonomy":"product_brand","embeddable":true,"href":"https:\/\/marktxxl.de\/markt\/wp-json\/wp\/v2\/product_brand?post=220923"},{"taxonomy":"product_cat","embeddable":true,"href":"https:\/\/marktxxl.de\/markt\/wp-json\/wp\/v2\/product_cat?post=220923"},{"taxonomy":"product_tag","embeddable":true,"href":"https:\/\/marktxxl.de\/markt\/wp-json\/wp\/v2\/product_tag?post=220923"}],"curies":[{"name":"wp","href":"https:\/\/api.w.org\/{rel}","templated":true}]}}