{"id":220673,"date":"2024-07-28T13:46:36","date_gmt":"2024-07-28T11:46:36","guid":{"rendered":"https:\/\/marktxxl.de\/markt\/produkt\/clearblue-schwangerschaftstest-kombipack-double-check-frueh-woche-2-tests-1-digital-25-miu-ml-1-visuell-10-miu-ml-pregnancy-test-fruehschwangerschaftstest-schwangerschaft-wochenbestimmun\/"},"modified":"2024-07-28T13:46:36","modified_gmt":"2024-07-28T11:46:36","slug":"clearblue-schwangerschaftstest-kombipack-double-check-frueh-woche-2-tests-1-digital-25-miu-ml-1-visuell-10-miu-ml-pregnancy-test-fruehschwangerschaftstest-schwangerschaft-wochenbestimmun","status":"publish","type":"product","link":"https:\/\/marktxxl.de\/markt\/produkt\/clearblue-schwangerschaftstest-kombipack-double-check-frueh-woche-2-tests-1-digital-25-miu-ml-1-visuell-10-miu-ml-pregnancy-test-fruehschwangerschaftstest-schwangerschaft-wochenbestimmun\/","title":{"rendered":"Clearblue Schwangerschaftstest Kombipack Double Check Fr\u00fch &amp; Woche, 2 Tests (1 digital 25 mIU\/ml, 1 visuell 10 mIU\/ml), Pregnancy Test \/ Fr\u00fchschwangerschaftstest, Schwangerschaft Wochenbestimmung"},"content":{"rendered":"<p>Kombipack f\u00fcr ein gutes Preis-Leistungs-Verh\u00e4ltnis und zus\u00e4tzliche Sicherheit: enth\u00e4lt 1 Clearblue Schwangerschaftstest mit Wochenbestimmung und 1 Clearblue Schwangerschaftstest Fr\u00fche Erkennung<br \/>\nKeine Marke ist genauer: Clearblue ist \u00fcber 99 Prozent zuverl\u00e4ssig in der Erkennung einer Schwangerschaft ab dem F\u00e4lligkeitstag der Periode<br \/>\nFr\u00fche Erkennung: Ergebnisse 6 Tage vor dem Ausbleiben der Periode (1)<br \/>\nWochenbestimmung: So pr\u00e4zise wie ein Ultraschall in der Bestimmung der Schwangerschaftswoche (2)<br \/>\nWochenbestimmung: liefert Ihnen in 3 Minuten klare digitale Ergebnisse; und wenn Ihr Ergebnis \u201eSchwanger\u201c lautet, zeigt er Ihnen auch die Anzahl der Wochen seit der Empf\u00e4ngnis (1-2, 2-3 oder 3+)<br \/>\nFr\u00fche Erkennung: Mit keinem anderen Test k\u00f6nnen Sie fr\u00fcher testen<br \/>\nFr\u00fche Erkennung: einfach anzuwenden, dank seinem ergonomischen Design, der sich f\u00e4rbenden, extra breiten Testspitze und der Floodguard(TM)-Technologie<br \/>\n<div class=\"main-cross-sell\" data-asin=\"B0B58PRNMX\">\n\n\t<div class=\"WooZone-cross-sell-loader\">\n\t\t<div>\n\t\t\t<div id=\"floatingBarsG\">\n\t\t\t\t<div class=\"blockG\" id=\"rotateG_01\"><\/div>\n\t\t\t\t<div class=\"blockG\" id=\"rotateG_02\"><\/div>\n\t\t\t\t<div class=\"blockG\" id=\"rotateG_03\"><\/div>\n\t\t\t\t<div class=\"blockG\" id=\"rotateG_04\"><\/div>\n\t\t\t\t<div class=\"blockG\" id=\"rotateG_05\"><\/div>\n\t\t\t\t<div class=\"blockG\" id=\"rotateG_06\"><\/div>\n\t\t\t\t<div class=\"blockG\" id=\"rotateG_07\"><\/div>\n\t\t\t\t<div class=\"blockG\" id=\"rotateG_08\"><\/div>\n\t\t\t<\/div>\n\t\t\t<div class=\"WooZone-cross-sell-loader-text\"><\/div>\n\t\t<\/div>\n\t<\/div>\n\n\t\t\n<\/div>\n<div style=\"clear:both;\"><\/div><\/p>\n","protected":false},"excerpt":{"rendered":"<p>Kombipack f\u00fcr ein gutes Preis-Leistungs-Verh\u00e4ltnis und zus\u00e4tzliche Sicherheit: enth\u00e4lt 1 Clearblue Schwangerschaftstest mit Wochenbestimmung und 1 Clearblue Schwangerschaftstest Fr\u00fche Erkennung<br \/>\nKeine Marke ist genauer: Clearblue ist \u00fcber 99 Prozent zuverl\u00e4ssig in der Erkennung einer Schwangerschaft ab dem F\u00e4lligkeitstag der Periode<br \/>\nFr\u00fche Erkennung: Ergebnisse 6 Tage vor dem Ausbleiben der Periode (1)<\/p>\n","protected":false},"featured_media":220674,"comment_status":"open","ping_status":"closed","template":"","meta":[],"product_brand":[],"product_cat":[566,6291],"product_tag":[],"class_list":{"0":"post-220673","1":"product","2":"type-product","3":"status-publish","4":"has-post-thumbnail","6":"product_cat-drogerie-koerperpflege","7":"product_cat-schwangerschaft","8":"pa_binding-product-bundle","9":"pa_brand-clearblue","10":"pa_color-blau-weiss","11":"pa_manufacturer-procter-gamble","12":"pa_model-55413","13":"pa_size-2-stueck-1er-pack","15":"first","16":"instock","17":"shipping-taxable","18":"purchasable","19":"product-type-simple","20":"customify-col","21":"product-has-gallery"},"yoast_head":"<!-- This site is optimized with the Yoast SEO plugin v27.4 - https:\/\/yoast.com\/product\/yoast-seo-wordpress\/ -->\n<title>Clearblue Schwangerschaftstest Kombipack Double Check Fr\u00fch &amp; Woche, 2 Tests (1 digital 25 mIU\/ml, 1 visuell 10 mIU\/ml), Pregnancy Test \/ Fr\u00fchschwangerschaftstest, Schwangerschaft Wochenbestimmung - Markt-XXL<\/title>\n<meta name=\"description\" content=\"Markt-XXL Clearblue Schwangerschaftstest Kombipack Double Check Fr\u00fch &amp; Woche, 2 Tests (1 digital 25 mIU\/ml, 1 visuell 10 mIU\/ml), Pregnancy Test \/ Fr\u00fchschwangerschaftstest, Schwangerschaft Wochenbestimmung\" \/>\n<meta name=\"robots\" content=\"index, follow, max-snippet:-1, max-image-preview:large, max-video-preview:-1\" \/>\n<link rel=\"canonical\" href=\"https:\/\/marktxxl.de\/markt\/produkt\/clearblue-schwangerschaftstest-kombipack-double-check-frueh-woche-2-tests-1-digital-25-miu-ml-1-visuell-10-miu-ml-pregnancy-test-fruehschwangerschaftstest-schwangerschaft-wochenbestimmun\/\" \/>\n<meta property=\"og:locale\" content=\"de_DE\" \/>\n<meta property=\"og:type\" content=\"article\" \/>\n<meta property=\"og:title\" content=\"Clearblue Schwangerschaftstest Kombipack Double Check Fr\u00fch &amp; Woche, 2 Tests (1 digital 25 mIU\/ml, 1 visuell 10 mIU\/ml), Pregnancy Test \/ Fr\u00fchschwangerschaftstest, Schwangerschaft Wochenbestimmung - Markt-XXL\" \/>\n<meta property=\"og:description\" content=\"Markt-XXL Clearblue Schwangerschaftstest Kombipack Double Check Fr\u00fch &amp; Woche, 2 Tests (1 digital 25 mIU\/ml, 1 visuell 10 mIU\/ml), Pregnancy Test \/ Fr\u00fchschwangerschaftstest, Schwangerschaft Wochenbestimmung\" \/>\n<meta property=\"og:url\" content=\"https:\/\/marktxxl.de\/markt\/produkt\/clearblue-schwangerschaftstest-kombipack-double-check-frueh-woche-2-tests-1-digital-25-miu-ml-1-visuell-10-miu-ml-pregnancy-test-fruehschwangerschaftstest-schwangerschaft-wochenbestimmun\/\" \/>\n<meta property=\"og:site_name\" content=\"Markt-XXL\" \/>\n<meta name=\"twitter:card\" content=\"summary_large_image\" \/>\n<meta name=\"twitter:label1\" content=\"Gesch\u00e4tzte Lesezeit\" \/>\n\t<meta name=\"twitter:data1\" content=\"1\u00a0Minute\" \/>\n<script type=\"application\/ld+json\" class=\"yoast-schema-graph\">{\"@context\":\"https:\\\/\\\/schema.org\",\"@graph\":[{\"@type\":\"WebPage\",\"@id\":\"https:\\\/\\\/marktxxl.de\\\/markt\\\/produkt\\\/clearblue-schwangerschaftstest-kombipack-double-check-frueh-woche-2-tests-1-digital-25-miu-ml-1-visuell-10-miu-ml-pregnancy-test-fruehschwangerschaftstest-schwangerschaft-wochenbestimmun\\\/\",\"url\":\"https:\\\/\\\/marktxxl.de\\\/markt\\\/produkt\\\/clearblue-schwangerschaftstest-kombipack-double-check-frueh-woche-2-tests-1-digital-25-miu-ml-1-visuell-10-miu-ml-pregnancy-test-fruehschwangerschaftstest-schwangerschaft-wochenbestimmun\\\/\",\"name\":\"Clearblue Schwangerschaftstest Kombipack Double Check Fr\u00fch &amp; Woche, 2 Tests (1 digital 25 mIU\\\/ml, 1 visuell 10 mIU\\\/ml), Pregnancy Test \\\/ Fr\u00fchschwangerschaftstest, Schwangerschaft Wochenbestimmung - Markt-XXL\",\"isPartOf\":{\"@id\":\"https:\\\/\\\/marktxxl.de\\\/markt\\\/#website\"},\"primaryImageOfPage\":{\"@id\":\"https:\\\/\\\/marktxxl.de\\\/markt\\\/produkt\\\/clearblue-schwangerschaftstest-kombipack-double-check-frueh-woche-2-tests-1-digital-25-miu-ml-1-visuell-10-miu-ml-pregnancy-test-fruehschwangerschaftstest-schwangerschaft-wochenbestimmun\\\/#primaryimage\"},\"image\":{\"@id\":\"https:\\\/\\\/marktxxl.de\\\/markt\\\/produkt\\\/clearblue-schwangerschaftstest-kombipack-double-check-frueh-woche-2-tests-1-digital-25-miu-ml-1-visuell-10-miu-ml-pregnancy-test-fruehschwangerschaftstest-schwangerschaft-wochenbestimmun\\\/#primaryimage\"},\"thumbnailUrl\":\"https:\\\/\\\/m.media-amazon.com\\\/images\\\/I\\\/41tdgReL2HL._SL500_.jpg\",\"datePublished\":\"2024-07-28T11:46:36+00:00\",\"description\":\"Markt-XXL Clearblue Schwangerschaftstest Kombipack Double Check Fr\u00fch &amp; Woche, 2 Tests (1 digital 25 mIU\\\/ml, 1 visuell 10 mIU\\\/ml), Pregnancy Test \\\/ Fr\u00fchschwangerschaftstest, Schwangerschaft Wochenbestimmung\",\"breadcrumb\":{\"@id\":\"https:\\\/\\\/marktxxl.de\\\/markt\\\/produkt\\\/clearblue-schwangerschaftstest-kombipack-double-check-frueh-woche-2-tests-1-digital-25-miu-ml-1-visuell-10-miu-ml-pregnancy-test-fruehschwangerschaftstest-schwangerschaft-wochenbestimmun\\\/#breadcrumb\"},\"inLanguage\":\"de\",\"potentialAction\":[{\"@type\":\"ReadAction\",\"target\":[\"https:\\\/\\\/marktxxl.de\\\/markt\\\/produkt\\\/clearblue-schwangerschaftstest-kombipack-double-check-frueh-woche-2-tests-1-digital-25-miu-ml-1-visuell-10-miu-ml-pregnancy-test-fruehschwangerschaftstest-schwangerschaft-wochenbestimmun\\\/\"]}]},{\"@type\":\"ImageObject\",\"inLanguage\":\"de\",\"@id\":\"https:\\\/\\\/marktxxl.de\\\/markt\\\/produkt\\\/clearblue-schwangerschaftstest-kombipack-double-check-frueh-woche-2-tests-1-digital-25-miu-ml-1-visuell-10-miu-ml-pregnancy-test-fruehschwangerschaftstest-schwangerschaft-wochenbestimmun\\\/#primaryimage\",\"url\":\"https:\\\/\\\/m.media-amazon.com\\\/images\\\/I\\\/41tdgReL2HL._SL500_.jpg\",\"contentUrl\":\"https:\\\/\\\/m.media-amazon.com\\\/images\\\/I\\\/41tdgReL2HL._SL500_.jpg\",\"width\":500,\"height\":500},{\"@type\":\"BreadcrumbList\",\"@id\":\"https:\\\/\\\/marktxxl.de\\\/markt\\\/produkt\\\/clearblue-schwangerschaftstest-kombipack-double-check-frueh-woche-2-tests-1-digital-25-miu-ml-1-visuell-10-miu-ml-pregnancy-test-fruehschwangerschaftstest-schwangerschaft-wochenbestimmun\\\/#breadcrumb\",\"itemListElement\":[{\"@type\":\"ListItem\",\"position\":1,\"name\":\"Startseite\",\"item\":\"https:\\\/\\\/marktxxl.de\\\/markt\\\/\"},{\"@type\":\"ListItem\",\"position\":2,\"name\":\"Markt\",\"item\":\"https:\\\/\\\/marktxxl.de\\\/markt\\\/\"},{\"@type\":\"ListItem\",\"position\":3,\"name\":\"Clearblue Schwangerschaftstest Kombipack Double Check Fr\u00fch &amp; Woche, 2 Tests (1 digital 25 mIU\\\/ml, 1 visuell 10 mIU\\\/ml), Pregnancy Test \\\/ Fr\u00fchschwangerschaftstest, Schwangerschaft Wochenbestimmung\"}]},{\"@type\":\"WebSite\",\"@id\":\"https:\\\/\\\/marktxxl.de\\\/markt\\\/#website\",\"url\":\"https:\\\/\\\/marktxxl.de\\\/markt\\\/\",\"name\":\"Markt-XXL\",\"description\":\"Ihr Markt Online\",\"publisher\":{\"@id\":\"https:\\\/\\\/marktxxl.de\\\/markt\\\/#organization\"},\"potentialAction\":[{\"@type\":\"SearchAction\",\"target\":{\"@type\":\"EntryPoint\",\"urlTemplate\":\"https:\\\/\\\/marktxxl.de\\\/markt\\\/?s={search_term_string}\"},\"query-input\":{\"@type\":\"PropertyValueSpecification\",\"valueRequired\":true,\"valueName\":\"search_term_string\"}}],\"inLanguage\":\"de\"},{\"@type\":\"Organization\",\"@id\":\"https:\\\/\\\/marktxxl.de\\\/markt\\\/#organization\",\"name\":\"Markt-XXL\",\"url\":\"https:\\\/\\\/marktxxl.de\\\/markt\\\/\",\"logo\":{\"@type\":\"ImageObject\",\"inLanguage\":\"de\",\"@id\":\"https:\\\/\\\/marktxxl.de\\\/markt\\\/#\\\/schema\\\/logo\\\/image\\\/\",\"url\":\"https:\\\/\\\/marktxxl.de\\\/markt\\\/wp-content\\\/uploads\\\/sites\\\/3\\\/2020\\\/12\\\/logo.png\",\"contentUrl\":\"https:\\\/\\\/marktxxl.de\\\/markt\\\/wp-content\\\/uploads\\\/sites\\\/3\\\/2020\\\/12\\\/logo.png\",\"width\":200,\"height\":70,\"caption\":\"Markt-XXL\"},\"image\":{\"@id\":\"https:\\\/\\\/marktxxl.de\\\/markt\\\/#\\\/schema\\\/logo\\\/image\\\/\"}}]}<\/script>\n<!-- \/ Yoast SEO plugin. -->","yoast_head_json":{"title":"Clearblue Schwangerschaftstest Kombipack Double Check Fr\u00fch &amp; Woche, 2 Tests (1 digital 25 mIU\/ml, 1 visuell 10 mIU\/ml), Pregnancy Test \/ Fr\u00fchschwangerschaftstest, Schwangerschaft Wochenbestimmung - Markt-XXL","description":"Markt-XXL Clearblue Schwangerschaftstest Kombipack Double Check Fr\u00fch &amp; Woche, 2 Tests (1 digital 25 mIU\/ml, 1 visuell 10 mIU\/ml), Pregnancy Test \/ Fr\u00fchschwangerschaftstest, Schwangerschaft Wochenbestimmung","robots":{"index":"index","follow":"follow","max-snippet":"max-snippet:-1","max-image-preview":"max-image-preview:large","max-video-preview":"max-video-preview:-1"},"canonical":"https:\/\/marktxxl.de\/markt\/produkt\/clearblue-schwangerschaftstest-kombipack-double-check-frueh-woche-2-tests-1-digital-25-miu-ml-1-visuell-10-miu-ml-pregnancy-test-fruehschwangerschaftstest-schwangerschaft-wochenbestimmun\/","og_locale":"de_DE","og_type":"article","og_title":"Clearblue Schwangerschaftstest Kombipack Double Check Fr\u00fch &amp; Woche, 2 Tests (1 digital 25 mIU\/ml, 1 visuell 10 mIU\/ml), Pregnancy Test \/ Fr\u00fchschwangerschaftstest, Schwangerschaft Wochenbestimmung - Markt-XXL","og_description":"Markt-XXL Clearblue Schwangerschaftstest Kombipack Double Check Fr\u00fch &amp; Woche, 2 Tests (1 digital 25 mIU\/ml, 1 visuell 10 mIU\/ml), Pregnancy Test \/ Fr\u00fchschwangerschaftstest, Schwangerschaft Wochenbestimmung","og_url":"https:\/\/marktxxl.de\/markt\/produkt\/clearblue-schwangerschaftstest-kombipack-double-check-frueh-woche-2-tests-1-digital-25-miu-ml-1-visuell-10-miu-ml-pregnancy-test-fruehschwangerschaftstest-schwangerschaft-wochenbestimmun\/","og_site_name":"Markt-XXL","twitter_card":"summary_large_image","twitter_misc":{"Gesch\u00e4tzte Lesezeit":"1\u00a0Minute"},"schema":{"@context":"https:\/\/schema.org","@graph":[{"@type":"WebPage","@id":"https:\/\/marktxxl.de\/markt\/produkt\/clearblue-schwangerschaftstest-kombipack-double-check-frueh-woche-2-tests-1-digital-25-miu-ml-1-visuell-10-miu-ml-pregnancy-test-fruehschwangerschaftstest-schwangerschaft-wochenbestimmun\/","url":"https:\/\/marktxxl.de\/markt\/produkt\/clearblue-schwangerschaftstest-kombipack-double-check-frueh-woche-2-tests-1-digital-25-miu-ml-1-visuell-10-miu-ml-pregnancy-test-fruehschwangerschaftstest-schwangerschaft-wochenbestimmun\/","name":"Clearblue Schwangerschaftstest Kombipack Double Check Fr\u00fch &amp; Woche, 2 Tests (1 digital 25 mIU\/ml, 1 visuell 10 mIU\/ml), Pregnancy Test \/ Fr\u00fchschwangerschaftstest, Schwangerschaft Wochenbestimmung - Markt-XXL","isPartOf":{"@id":"https:\/\/marktxxl.de\/markt\/#website"},"primaryImageOfPage":{"@id":"https:\/\/marktxxl.de\/markt\/produkt\/clearblue-schwangerschaftstest-kombipack-double-check-frueh-woche-2-tests-1-digital-25-miu-ml-1-visuell-10-miu-ml-pregnancy-test-fruehschwangerschaftstest-schwangerschaft-wochenbestimmun\/#primaryimage"},"image":{"@id":"https:\/\/marktxxl.de\/markt\/produkt\/clearblue-schwangerschaftstest-kombipack-double-check-frueh-woche-2-tests-1-digital-25-miu-ml-1-visuell-10-miu-ml-pregnancy-test-fruehschwangerschaftstest-schwangerschaft-wochenbestimmun\/#primaryimage"},"thumbnailUrl":"https:\/\/m.media-amazon.com\/images\/I\/41tdgReL2HL._SL500_.jpg","datePublished":"2024-07-28T11:46:36+00:00","description":"Markt-XXL Clearblue Schwangerschaftstest Kombipack Double Check Fr\u00fch &amp; Woche, 2 Tests (1 digital 25 mIU\/ml, 1 visuell 10 mIU\/ml), Pregnancy Test \/ Fr\u00fchschwangerschaftstest, Schwangerschaft Wochenbestimmung","breadcrumb":{"@id":"https:\/\/marktxxl.de\/markt\/produkt\/clearblue-schwangerschaftstest-kombipack-double-check-frueh-woche-2-tests-1-digital-25-miu-ml-1-visuell-10-miu-ml-pregnancy-test-fruehschwangerschaftstest-schwangerschaft-wochenbestimmun\/#breadcrumb"},"inLanguage":"de","potentialAction":[{"@type":"ReadAction","target":["https:\/\/marktxxl.de\/markt\/produkt\/clearblue-schwangerschaftstest-kombipack-double-check-frueh-woche-2-tests-1-digital-25-miu-ml-1-visuell-10-miu-ml-pregnancy-test-fruehschwangerschaftstest-schwangerschaft-wochenbestimmun\/"]}]},{"@type":"ImageObject","inLanguage":"de","@id":"https:\/\/marktxxl.de\/markt\/produkt\/clearblue-schwangerschaftstest-kombipack-double-check-frueh-woche-2-tests-1-digital-25-miu-ml-1-visuell-10-miu-ml-pregnancy-test-fruehschwangerschaftstest-schwangerschaft-wochenbestimmun\/#primaryimage","url":"https:\/\/m.media-amazon.com\/images\/I\/41tdgReL2HL._SL500_.jpg","contentUrl":"https:\/\/m.media-amazon.com\/images\/I\/41tdgReL2HL._SL500_.jpg","width":500,"height":500},{"@type":"BreadcrumbList","@id":"https:\/\/marktxxl.de\/markt\/produkt\/clearblue-schwangerschaftstest-kombipack-double-check-frueh-woche-2-tests-1-digital-25-miu-ml-1-visuell-10-miu-ml-pregnancy-test-fruehschwangerschaftstest-schwangerschaft-wochenbestimmun\/#breadcrumb","itemListElement":[{"@type":"ListItem","position":1,"name":"Startseite","item":"https:\/\/marktxxl.de\/markt\/"},{"@type":"ListItem","position":2,"name":"Markt","item":"https:\/\/marktxxl.de\/markt\/"},{"@type":"ListItem","position":3,"name":"Clearblue Schwangerschaftstest Kombipack Double Check Fr\u00fch &amp; Woche, 2 Tests (1 digital 25 mIU\/ml, 1 visuell 10 mIU\/ml), Pregnancy Test \/ Fr\u00fchschwangerschaftstest, Schwangerschaft Wochenbestimmung"}]},{"@type":"WebSite","@id":"https:\/\/marktxxl.de\/markt\/#website","url":"https:\/\/marktxxl.de\/markt\/","name":"Markt-XXL","description":"Ihr Markt Online","publisher":{"@id":"https:\/\/marktxxl.de\/markt\/#organization"},"potentialAction":[{"@type":"SearchAction","target":{"@type":"EntryPoint","urlTemplate":"https:\/\/marktxxl.de\/markt\/?s={search_term_string}"},"query-input":{"@type":"PropertyValueSpecification","valueRequired":true,"valueName":"search_term_string"}}],"inLanguage":"de"},{"@type":"Organization","@id":"https:\/\/marktxxl.de\/markt\/#organization","name":"Markt-XXL","url":"https:\/\/marktxxl.de\/markt\/","logo":{"@type":"ImageObject","inLanguage":"de","@id":"https:\/\/marktxxl.de\/markt\/#\/schema\/logo\/image\/","url":"https:\/\/marktxxl.de\/markt\/wp-content\/uploads\/sites\/3\/2020\/12\/logo.png","contentUrl":"https:\/\/marktxxl.de\/markt\/wp-content\/uploads\/sites\/3\/2020\/12\/logo.png","width":200,"height":70,"caption":"Markt-XXL"},"image":{"@id":"https:\/\/marktxxl.de\/markt\/#\/schema\/logo\/image\/"}}]}},"_links":{"self":[{"href":"https:\/\/marktxxl.de\/markt\/wp-json\/wp\/v2\/product\/220673","targetHints":{"allow":["GET"]}}],"collection":[{"href":"https:\/\/marktxxl.de\/markt\/wp-json\/wp\/v2\/product"}],"about":[{"href":"https:\/\/marktxxl.de\/markt\/wp-json\/wp\/v2\/types\/product"}],"replies":[{"embeddable":true,"href":"https:\/\/marktxxl.de\/markt\/wp-json\/wp\/v2\/comments?post=220673"}],"wp:featuredmedia":[{"embeddable":true,"href":"https:\/\/marktxxl.de\/markt\/wp-json\/wp\/v2\/media\/220674"}],"wp:attachment":[{"href":"https:\/\/marktxxl.de\/markt\/wp-json\/wp\/v2\/media?parent=220673"}],"wp:term":[{"taxonomy":"product_brand","embeddable":true,"href":"https:\/\/marktxxl.de\/markt\/wp-json\/wp\/v2\/product_brand?post=220673"},{"taxonomy":"product_cat","embeddable":true,"href":"https:\/\/marktxxl.de\/markt\/wp-json\/wp\/v2\/product_cat?post=220673"},{"taxonomy":"product_tag","embeddable":true,"href":"https:\/\/marktxxl.de\/markt\/wp-json\/wp\/v2\/product_tag?post=220673"}],"curies":[{"name":"wp","href":"https:\/\/api.w.org\/{rel}","templated":true}]}}