{"id":220612,"date":"2024-07-28T13:25:34","date_gmt":"2024-07-28T11:25:34","guid":{"rendered":"https:\/\/marktxxl.de\/markt\/produkt\/vcv-homecheck-fruchtbarkeitstest-fuer-maenner-misst-sperma-konzentration-als-hinweis-auf-unfruchtbarkeit-spermien-test-fuer-zuhause-diskret-verpackter-sperma-test\/"},"modified":"2024-07-28T13:25:34","modified_gmt":"2024-07-28T11:25:34","slug":"vcv-homecheck-fruchtbarkeitstest-fuer-maenner-misst-sperma-konzentration-als-hinweis-auf-unfruchtbarkeit-spermien-test-fuer-zuhause-diskret-verpackter-sperma-test","status":"publish","type":"product","link":"https:\/\/marktxxl.de\/markt\/produkt\/vcv-homecheck-fruchtbarkeitstest-fuer-maenner-misst-sperma-konzentration-als-hinweis-auf-unfruchtbarkeit-spermien-test-fuer-zuhause-diskret-verpackter-sperma-test\/","title":{"rendered":"VCV HomeCheck Fruchtbarkeitstest f\u00fcr M\u00e4nner | Misst Sperma-Konzentration als Hinweis auf Unfruchtbarkeit | Spermien-Test f\u00fcr zuhause | Diskret verpackter Sperma-Test"},"content":{"rendered":"<p>\u2714\ufe0f SPERMIEN-KONZENTRATION BESTIMMEN \u2013 Die h\u00e4ufigste Ursache f\u00fcr m\u00e4nnliche Unfruchtbarkeit ist eine niedrige Spermienkonzentration. Der Selbsttest gibt die Konzentration lebensf\u00e4higer Spermien in einer Samenprobe an. Er kann zur Unterst\u00fctzung einer Diagnose oder zur Beobachtung eines Therapieerfolgs verwendet werden.<br \/>\n\u2714\ufe0f VERST\u00c4NDLICHES ERGEBNIS \u2013 Ein negatives Ergebnis bedeutet, dass die Spermienkonzentration unter 15 Millionen\/mL, dem internationalen Mindestwert f\u00fcr normale Fruchtbarkeit, liegt und kann auf eine m\u00f6gliche Ursache f\u00fcr einen unerf\u00fcllten Kinderwunsch hinweisen. In diesem Fall empfehlen wir, \u00e4rztlichen Rat einzuholen, um M\u00f6glichkeiten zur Verbesserung der Spermienkonzentration zu besprechen.<br \/>\n\u2714\ufe0f BEQUEM VON ZUHAUSE \u2013 Die klare, verst\u00e4ndliche Anleitung erm\u00f6glicht auch medizinischen Laien eine einfache Durchf\u00fchrung. Alle erforderlichen Utensilien sind im Test-Kit enthalten, sodass Sie den Test direkt nach der Lieferung bequem von zuhause aus durchf\u00fchren k\u00f6nnen.<br \/>\n\u2714\ufe0f EINFACHE ANWENDUNG \u2013 Fangen Sie 3-7 Tage nach der letzten Ejakulation eine Spermaprobe mit einem Sammelbecher auf und lassen Sie diese 60 Min stehen, bis sie sich vollst\u00e4ndig verfl\u00fcssigt hat. Dann die Pipette bis zur Markierung f\u00fcllen, die Probe mit der Testl\u00f6sung mischen und die Mischung in die Testkassette tropfen. Das Ergebnis erscheint binnen 5 Minuten.<br \/>\n\u2714\ufe0fDISKRETE VERPACKUNG \u2013 Machen Sie sich keine Sorgen mehr um neugierige Blicke oder unangenehme Situationen. Der diskret verpackte Spermientest bietet Ihnen die Freiheit, Ihre Fruchtbarkeit in Ihrem eigenen Tempo und in einer vertraulichen Umgebung zu \u00fcberpr\u00fcfen.<br \/>\n<div class=\"main-cross-sell\" data-asin=\"B0CD1VRM5F\">\n\n\t<div class=\"WooZone-cross-sell-loader\">\n\t\t<div>\n\t\t\t<div id=\"floatingBarsG\">\n\t\t\t\t<div class=\"blockG\" id=\"rotateG_01\"><\/div>\n\t\t\t\t<div class=\"blockG\" id=\"rotateG_02\"><\/div>\n\t\t\t\t<div class=\"blockG\" id=\"rotateG_03\"><\/div>\n\t\t\t\t<div class=\"blockG\" id=\"rotateG_04\"><\/div>\n\t\t\t\t<div class=\"blockG\" id=\"rotateG_05\"><\/div>\n\t\t\t\t<div class=\"blockG\" id=\"rotateG_06\"><\/div>\n\t\t\t\t<div class=\"blockG\" id=\"rotateG_07\"><\/div>\n\t\t\t\t<div class=\"blockG\" id=\"rotateG_08\"><\/div>\n\t\t\t<\/div>\n\t\t\t<div class=\"WooZone-cross-sell-loader-text\"><\/div>\n\t\t<\/div>\n\t<\/div>\n\n\t\t\n<\/div>\n<div style=\"clear:both;\"><\/div><\/p>\n","protected":false},"excerpt":{"rendered":"<p>\u2714\ufe0f SPERMIEN-KONZENTRATION BESTIMMEN \u2013 Die h\u00e4ufigste Ursache f\u00fcr m\u00e4nnliche Unfruchtbarkeit ist eine niedrige Spermienkonzentration. Der Selbsttest gibt die Konzentration lebensf\u00e4higer Spermien in einer Samenprobe an. Er kann zur Unterst\u00fctzung einer Diagnose oder zur Beobachtung eines Therapieerfolgs verwendet werden.<br \/>\n\u2714\ufe0f VERST\u00c4NDLICHES ERGEBNIS \u2013 Ein negatives Ergebnis bedeutet, dass die Spermienkonzentration unter 15 Millionen\/mL, dem internationalen Mindestwert f\u00fcr normale Fruchtbarkeit, liegt und kann auf eine m\u00f6gliche Ursache f\u00fcr einen unerf\u00fcllten Kinderwunsch hinweisen. In diesem Fall empfehlen wir, \u00e4rztlichen Rat einzuholen, um M\u00f6glichkeiten zur Verbesserung der Spermienkonzentration zu besprechen.<br \/>\n\u2714\ufe0f BEQUEM VON ZUHAUSE \u2013 Die klare, verst\u00e4ndliche Anleitung erm\u00f6glicht auch medizinischen Laien eine einfache Durchf\u00fchrung. Alle erforderlichen Utensilien sind im Test-Kit enthalten, sodass Sie den Test direkt nach der Lieferung bequem von zuhause aus durchf\u00fchren k\u00f6nnen.<\/p>\n","protected":false},"featured_media":220613,"comment_status":"open","ping_status":"closed","template":"","meta":[],"product_brand":[],"product_cat":[566,6291],"product_tag":[],"class_list":{"0":"post-220612","1":"product","2":"type-product","3":"status-publish","4":"has-post-thumbnail","6":"product_cat-drogerie-koerperpflege","7":"product_cat-schwangerschaft","8":"pa_binding-badartikel","9":"pa_brand-vcv-homecheck","10":"pa_manufacturer-vcv-homecheck","12":"first","13":"instock","14":"sale","15":"shipping-taxable","16":"purchasable","17":"product-type-simple","18":"customify-col","19":"product-has-gallery"},"yoast_head":"<!-- This site is optimized with the Yoast SEO plugin v27.4 - https:\/\/yoast.com\/product\/yoast-seo-wordpress\/ -->\n<title>VCV HomeCheck Fruchtbarkeitstest f\u00fcr M\u00e4nner | Misst Sperma-Konzentration als Hinweis auf Unfruchtbarkeit | Spermien-Test f\u00fcr zuhause | Diskret verpackter Sperma-Test - Markt-XXL<\/title>\n<meta name=\"description\" content=\"Markt-XXL VCV HomeCheck Fruchtbarkeitstest f\u00fcr M\u00e4nner | Misst Sperma-Konzentration als Hinweis auf Unfruchtbarkeit | Spermien-Test f\u00fcr zuhause | Diskret verpackter Sperma-Test\" \/>\n<meta name=\"robots\" content=\"index, follow, max-snippet:-1, max-image-preview:large, max-video-preview:-1\" \/>\n<link rel=\"canonical\" href=\"https:\/\/marktxxl.de\/markt\/produkt\/vcv-homecheck-fruchtbarkeitstest-fuer-maenner-misst-sperma-konzentration-als-hinweis-auf-unfruchtbarkeit-spermien-test-fuer-zuhause-diskret-verpackter-sperma-test\/\" \/>\n<meta property=\"og:locale\" content=\"de_DE\" \/>\n<meta property=\"og:type\" content=\"article\" \/>\n<meta property=\"og:title\" content=\"VCV HomeCheck Fruchtbarkeitstest f\u00fcr M\u00e4nner | Misst Sperma-Konzentration als Hinweis auf Unfruchtbarkeit | Spermien-Test f\u00fcr zuhause | Diskret verpackter Sperma-Test - Markt-XXL\" \/>\n<meta property=\"og:description\" content=\"Markt-XXL VCV HomeCheck Fruchtbarkeitstest f\u00fcr M\u00e4nner | Misst Sperma-Konzentration als Hinweis auf Unfruchtbarkeit | Spermien-Test f\u00fcr zuhause | Diskret verpackter Sperma-Test\" \/>\n<meta property=\"og:url\" content=\"https:\/\/marktxxl.de\/markt\/produkt\/vcv-homecheck-fruchtbarkeitstest-fuer-maenner-misst-sperma-konzentration-als-hinweis-auf-unfruchtbarkeit-spermien-test-fuer-zuhause-diskret-verpackter-sperma-test\/\" \/>\n<meta property=\"og:site_name\" content=\"Markt-XXL\" \/>\n<meta name=\"twitter:card\" content=\"summary_large_image\" \/>\n<meta name=\"twitter:label1\" content=\"Gesch\u00e4tzte Lesezeit\" \/>\n\t<meta name=\"twitter:data1\" content=\"1\u00a0Minute\" \/>\n<script type=\"application\/ld+json\" class=\"yoast-schema-graph\">{\"@context\":\"https:\\\/\\\/schema.org\",\"@graph\":[{\"@type\":\"WebPage\",\"@id\":\"https:\\\/\\\/marktxxl.de\\\/markt\\\/produkt\\\/vcv-homecheck-fruchtbarkeitstest-fuer-maenner-misst-sperma-konzentration-als-hinweis-auf-unfruchtbarkeit-spermien-test-fuer-zuhause-diskret-verpackter-sperma-test\\\/\",\"url\":\"https:\\\/\\\/marktxxl.de\\\/markt\\\/produkt\\\/vcv-homecheck-fruchtbarkeitstest-fuer-maenner-misst-sperma-konzentration-als-hinweis-auf-unfruchtbarkeit-spermien-test-fuer-zuhause-diskret-verpackter-sperma-test\\\/\",\"name\":\"VCV HomeCheck Fruchtbarkeitstest f\u00fcr M\u00e4nner | Misst Sperma-Konzentration als Hinweis auf Unfruchtbarkeit | Spermien-Test f\u00fcr zuhause | Diskret verpackter Sperma-Test - Markt-XXL\",\"isPartOf\":{\"@id\":\"https:\\\/\\\/marktxxl.de\\\/markt\\\/#website\"},\"primaryImageOfPage\":{\"@id\":\"https:\\\/\\\/marktxxl.de\\\/markt\\\/produkt\\\/vcv-homecheck-fruchtbarkeitstest-fuer-maenner-misst-sperma-konzentration-als-hinweis-auf-unfruchtbarkeit-spermien-test-fuer-zuhause-diskret-verpackter-sperma-test\\\/#primaryimage\"},\"image\":{\"@id\":\"https:\\\/\\\/marktxxl.de\\\/markt\\\/produkt\\\/vcv-homecheck-fruchtbarkeitstest-fuer-maenner-misst-sperma-konzentration-als-hinweis-auf-unfruchtbarkeit-spermien-test-fuer-zuhause-diskret-verpackter-sperma-test\\\/#primaryimage\"},\"thumbnailUrl\":\"https:\\\/\\\/m.media-amazon.com\\\/images\\\/I\\\/410Mi3PFeLL._SL500_.jpg\",\"datePublished\":\"2024-07-28T11:25:34+00:00\",\"description\":\"Markt-XXL VCV HomeCheck Fruchtbarkeitstest f\u00fcr M\u00e4nner | Misst Sperma-Konzentration als Hinweis auf Unfruchtbarkeit | Spermien-Test f\u00fcr zuhause | Diskret verpackter Sperma-Test\",\"breadcrumb\":{\"@id\":\"https:\\\/\\\/marktxxl.de\\\/markt\\\/produkt\\\/vcv-homecheck-fruchtbarkeitstest-fuer-maenner-misst-sperma-konzentration-als-hinweis-auf-unfruchtbarkeit-spermien-test-fuer-zuhause-diskret-verpackter-sperma-test\\\/#breadcrumb\"},\"inLanguage\":\"de\",\"potentialAction\":[{\"@type\":\"ReadAction\",\"target\":[\"https:\\\/\\\/marktxxl.de\\\/markt\\\/produkt\\\/vcv-homecheck-fruchtbarkeitstest-fuer-maenner-misst-sperma-konzentration-als-hinweis-auf-unfruchtbarkeit-spermien-test-fuer-zuhause-diskret-verpackter-sperma-test\\\/\"]}]},{\"@type\":\"ImageObject\",\"inLanguage\":\"de\",\"@id\":\"https:\\\/\\\/marktxxl.de\\\/markt\\\/produkt\\\/vcv-homecheck-fruchtbarkeitstest-fuer-maenner-misst-sperma-konzentration-als-hinweis-auf-unfruchtbarkeit-spermien-test-fuer-zuhause-diskret-verpackter-sperma-test\\\/#primaryimage\",\"url\":\"https:\\\/\\\/m.media-amazon.com\\\/images\\\/I\\\/410Mi3PFeLL._SL500_.jpg\",\"contentUrl\":\"https:\\\/\\\/m.media-amazon.com\\\/images\\\/I\\\/410Mi3PFeLL._SL500_.jpg\",\"width\":500,\"height\":500},{\"@type\":\"BreadcrumbList\",\"@id\":\"https:\\\/\\\/marktxxl.de\\\/markt\\\/produkt\\\/vcv-homecheck-fruchtbarkeitstest-fuer-maenner-misst-sperma-konzentration-als-hinweis-auf-unfruchtbarkeit-spermien-test-fuer-zuhause-diskret-verpackter-sperma-test\\\/#breadcrumb\",\"itemListElement\":[{\"@type\":\"ListItem\",\"position\":1,\"name\":\"Startseite\",\"item\":\"https:\\\/\\\/marktxxl.de\\\/markt\\\/\"},{\"@type\":\"ListItem\",\"position\":2,\"name\":\"Markt\",\"item\":\"https:\\\/\\\/marktxxl.de\\\/markt\\\/\"},{\"@type\":\"ListItem\",\"position\":3,\"name\":\"VCV HomeCheck Fruchtbarkeitstest f\u00fcr M\u00e4nner | Misst Sperma-Konzentration als Hinweis auf Unfruchtbarkeit | Spermien-Test f\u00fcr zuhause | Diskret verpackter Sperma-Test\"}]},{\"@type\":\"WebSite\",\"@id\":\"https:\\\/\\\/marktxxl.de\\\/markt\\\/#website\",\"url\":\"https:\\\/\\\/marktxxl.de\\\/markt\\\/\",\"name\":\"Markt-XXL\",\"description\":\"Ihr Markt Online\",\"publisher\":{\"@id\":\"https:\\\/\\\/marktxxl.de\\\/markt\\\/#organization\"},\"potentialAction\":[{\"@type\":\"SearchAction\",\"target\":{\"@type\":\"EntryPoint\",\"urlTemplate\":\"https:\\\/\\\/marktxxl.de\\\/markt\\\/?s={search_term_string}\"},\"query-input\":{\"@type\":\"PropertyValueSpecification\",\"valueRequired\":true,\"valueName\":\"search_term_string\"}}],\"inLanguage\":\"de\"},{\"@type\":\"Organization\",\"@id\":\"https:\\\/\\\/marktxxl.de\\\/markt\\\/#organization\",\"name\":\"Markt-XXL\",\"url\":\"https:\\\/\\\/marktxxl.de\\\/markt\\\/\",\"logo\":{\"@type\":\"ImageObject\",\"inLanguage\":\"de\",\"@id\":\"https:\\\/\\\/marktxxl.de\\\/markt\\\/#\\\/schema\\\/logo\\\/image\\\/\",\"url\":\"https:\\\/\\\/marktxxl.de\\\/markt\\\/wp-content\\\/uploads\\\/sites\\\/3\\\/2020\\\/12\\\/logo.png\",\"contentUrl\":\"https:\\\/\\\/marktxxl.de\\\/markt\\\/wp-content\\\/uploads\\\/sites\\\/3\\\/2020\\\/12\\\/logo.png\",\"width\":200,\"height\":70,\"caption\":\"Markt-XXL\"},\"image\":{\"@id\":\"https:\\\/\\\/marktxxl.de\\\/markt\\\/#\\\/schema\\\/logo\\\/image\\\/\"}}]}<\/script>\n<!-- \/ Yoast SEO plugin. -->","yoast_head_json":{"title":"VCV HomeCheck Fruchtbarkeitstest f\u00fcr M\u00e4nner | Misst Sperma-Konzentration als Hinweis auf Unfruchtbarkeit | Spermien-Test f\u00fcr zuhause | Diskret verpackter Sperma-Test - Markt-XXL","description":"Markt-XXL VCV HomeCheck Fruchtbarkeitstest f\u00fcr M\u00e4nner | Misst Sperma-Konzentration als Hinweis auf Unfruchtbarkeit | Spermien-Test f\u00fcr zuhause | Diskret verpackter Sperma-Test","robots":{"index":"index","follow":"follow","max-snippet":"max-snippet:-1","max-image-preview":"max-image-preview:large","max-video-preview":"max-video-preview:-1"},"canonical":"https:\/\/marktxxl.de\/markt\/produkt\/vcv-homecheck-fruchtbarkeitstest-fuer-maenner-misst-sperma-konzentration-als-hinweis-auf-unfruchtbarkeit-spermien-test-fuer-zuhause-diskret-verpackter-sperma-test\/","og_locale":"de_DE","og_type":"article","og_title":"VCV HomeCheck Fruchtbarkeitstest f\u00fcr M\u00e4nner | Misst Sperma-Konzentration als Hinweis auf Unfruchtbarkeit | Spermien-Test f\u00fcr zuhause | Diskret verpackter Sperma-Test - Markt-XXL","og_description":"Markt-XXL VCV HomeCheck Fruchtbarkeitstest f\u00fcr M\u00e4nner | Misst Sperma-Konzentration als Hinweis auf Unfruchtbarkeit | Spermien-Test f\u00fcr zuhause | Diskret verpackter Sperma-Test","og_url":"https:\/\/marktxxl.de\/markt\/produkt\/vcv-homecheck-fruchtbarkeitstest-fuer-maenner-misst-sperma-konzentration-als-hinweis-auf-unfruchtbarkeit-spermien-test-fuer-zuhause-diskret-verpackter-sperma-test\/","og_site_name":"Markt-XXL","twitter_card":"summary_large_image","twitter_misc":{"Gesch\u00e4tzte Lesezeit":"1\u00a0Minute"},"schema":{"@context":"https:\/\/schema.org","@graph":[{"@type":"WebPage","@id":"https:\/\/marktxxl.de\/markt\/produkt\/vcv-homecheck-fruchtbarkeitstest-fuer-maenner-misst-sperma-konzentration-als-hinweis-auf-unfruchtbarkeit-spermien-test-fuer-zuhause-diskret-verpackter-sperma-test\/","url":"https:\/\/marktxxl.de\/markt\/produkt\/vcv-homecheck-fruchtbarkeitstest-fuer-maenner-misst-sperma-konzentration-als-hinweis-auf-unfruchtbarkeit-spermien-test-fuer-zuhause-diskret-verpackter-sperma-test\/","name":"VCV HomeCheck Fruchtbarkeitstest f\u00fcr M\u00e4nner | Misst Sperma-Konzentration als Hinweis auf Unfruchtbarkeit | Spermien-Test f\u00fcr zuhause | Diskret verpackter Sperma-Test - Markt-XXL","isPartOf":{"@id":"https:\/\/marktxxl.de\/markt\/#website"},"primaryImageOfPage":{"@id":"https:\/\/marktxxl.de\/markt\/produkt\/vcv-homecheck-fruchtbarkeitstest-fuer-maenner-misst-sperma-konzentration-als-hinweis-auf-unfruchtbarkeit-spermien-test-fuer-zuhause-diskret-verpackter-sperma-test\/#primaryimage"},"image":{"@id":"https:\/\/marktxxl.de\/markt\/produkt\/vcv-homecheck-fruchtbarkeitstest-fuer-maenner-misst-sperma-konzentration-als-hinweis-auf-unfruchtbarkeit-spermien-test-fuer-zuhause-diskret-verpackter-sperma-test\/#primaryimage"},"thumbnailUrl":"https:\/\/m.media-amazon.com\/images\/I\/410Mi3PFeLL._SL500_.jpg","datePublished":"2024-07-28T11:25:34+00:00","description":"Markt-XXL VCV HomeCheck Fruchtbarkeitstest f\u00fcr M\u00e4nner | Misst Sperma-Konzentration als Hinweis auf Unfruchtbarkeit | Spermien-Test f\u00fcr zuhause | Diskret verpackter Sperma-Test","breadcrumb":{"@id":"https:\/\/marktxxl.de\/markt\/produkt\/vcv-homecheck-fruchtbarkeitstest-fuer-maenner-misst-sperma-konzentration-als-hinweis-auf-unfruchtbarkeit-spermien-test-fuer-zuhause-diskret-verpackter-sperma-test\/#breadcrumb"},"inLanguage":"de","potentialAction":[{"@type":"ReadAction","target":["https:\/\/marktxxl.de\/markt\/produkt\/vcv-homecheck-fruchtbarkeitstest-fuer-maenner-misst-sperma-konzentration-als-hinweis-auf-unfruchtbarkeit-spermien-test-fuer-zuhause-diskret-verpackter-sperma-test\/"]}]},{"@type":"ImageObject","inLanguage":"de","@id":"https:\/\/marktxxl.de\/markt\/produkt\/vcv-homecheck-fruchtbarkeitstest-fuer-maenner-misst-sperma-konzentration-als-hinweis-auf-unfruchtbarkeit-spermien-test-fuer-zuhause-diskret-verpackter-sperma-test\/#primaryimage","url":"https:\/\/m.media-amazon.com\/images\/I\/410Mi3PFeLL._SL500_.jpg","contentUrl":"https:\/\/m.media-amazon.com\/images\/I\/410Mi3PFeLL._SL500_.jpg","width":500,"height":500},{"@type":"BreadcrumbList","@id":"https:\/\/marktxxl.de\/markt\/produkt\/vcv-homecheck-fruchtbarkeitstest-fuer-maenner-misst-sperma-konzentration-als-hinweis-auf-unfruchtbarkeit-spermien-test-fuer-zuhause-diskret-verpackter-sperma-test\/#breadcrumb","itemListElement":[{"@type":"ListItem","position":1,"name":"Startseite","item":"https:\/\/marktxxl.de\/markt\/"},{"@type":"ListItem","position":2,"name":"Markt","item":"https:\/\/marktxxl.de\/markt\/"},{"@type":"ListItem","position":3,"name":"VCV HomeCheck Fruchtbarkeitstest f\u00fcr M\u00e4nner | Misst Sperma-Konzentration als Hinweis auf Unfruchtbarkeit | Spermien-Test f\u00fcr zuhause | Diskret verpackter Sperma-Test"}]},{"@type":"WebSite","@id":"https:\/\/marktxxl.de\/markt\/#website","url":"https:\/\/marktxxl.de\/markt\/","name":"Markt-XXL","description":"Ihr Markt Online","publisher":{"@id":"https:\/\/marktxxl.de\/markt\/#organization"},"potentialAction":[{"@type":"SearchAction","target":{"@type":"EntryPoint","urlTemplate":"https:\/\/marktxxl.de\/markt\/?s={search_term_string}"},"query-input":{"@type":"PropertyValueSpecification","valueRequired":true,"valueName":"search_term_string"}}],"inLanguage":"de"},{"@type":"Organization","@id":"https:\/\/marktxxl.de\/markt\/#organization","name":"Markt-XXL","url":"https:\/\/marktxxl.de\/markt\/","logo":{"@type":"ImageObject","inLanguage":"de","@id":"https:\/\/marktxxl.de\/markt\/#\/schema\/logo\/image\/","url":"https:\/\/marktxxl.de\/markt\/wp-content\/uploads\/sites\/3\/2020\/12\/logo.png","contentUrl":"https:\/\/marktxxl.de\/markt\/wp-content\/uploads\/sites\/3\/2020\/12\/logo.png","width":200,"height":70,"caption":"Markt-XXL"},"image":{"@id":"https:\/\/marktxxl.de\/markt\/#\/schema\/logo\/image\/"}}]}},"_links":{"self":[{"href":"https:\/\/marktxxl.de\/markt\/wp-json\/wp\/v2\/product\/220612","targetHints":{"allow":["GET"]}}],"collection":[{"href":"https:\/\/marktxxl.de\/markt\/wp-json\/wp\/v2\/product"}],"about":[{"href":"https:\/\/marktxxl.de\/markt\/wp-json\/wp\/v2\/types\/product"}],"replies":[{"embeddable":true,"href":"https:\/\/marktxxl.de\/markt\/wp-json\/wp\/v2\/comments?post=220612"}],"wp:featuredmedia":[{"embeddable":true,"href":"https:\/\/marktxxl.de\/markt\/wp-json\/wp\/v2\/media\/220613"}],"wp:attachment":[{"href":"https:\/\/marktxxl.de\/markt\/wp-json\/wp\/v2\/media?parent=220612"}],"wp:term":[{"taxonomy":"product_brand","embeddable":true,"href":"https:\/\/marktxxl.de\/markt\/wp-json\/wp\/v2\/product_brand?post=220612"},{"taxonomy":"product_cat","embeddable":true,"href":"https:\/\/marktxxl.de\/markt\/wp-json\/wp\/v2\/product_cat?post=220612"},{"taxonomy":"product_tag","embeddable":true,"href":"https:\/\/marktxxl.de\/markt\/wp-json\/wp\/v2\/product_tag?post=220612"}],"curies":[{"name":"wp","href":"https:\/\/api.w.org\/{rel}","templated":true}]}}