{"id":220605,"date":"2024-07-28T13:25:27","date_gmt":"2024-07-28T11:25:27","guid":{"rendered":"https:\/\/marktxxl.de\/markt\/produkt\/wondfo-3x-schwangerschaftstest-25miu-ml-fruehschwangerschaftstest-schneller-hcg-nachweis-zu-hause-optimal-sensntive-pregnancy-test\/"},"modified":"2024-07-28T13:25:27","modified_gmt":"2024-07-28T11:25:27","slug":"wondfo-3x-schwangerschaftstest-25miu-ml-fruehschwangerschaftstest-schneller-hcg-nachweis-zu-hause-optimal-sensntive-pregnancy-test","status":"publish","type":"product","link":"https:\/\/marktxxl.de\/markt\/produkt\/wondfo-3x-schwangerschaftstest-25miu-ml-fruehschwangerschaftstest-schneller-hcg-nachweis-zu-hause-optimal-sensntive-pregnancy-test\/","title":{"rendered":"Wondfo 3x Schwangerschaftstest 25mIU\/ml Fr\u00fchschwangerschaftstest Schneller HCG Nachweis zu Hause optimal sensntive Pregnancy Test"},"content":{"rendered":"<p>\u00dcber 99% Genauigkeit &#8212; Wondfo Schwangerschaftstest mit dem Cut-Off 25 mIU\/ml, die Extra-gro\u00dfe 12mm saugf\u00e4hige Kissen erhalten viel Urinprobe, beide machen das Ergebnis genauer, weniger Fehler Ergebnis.<br \/>\nEinfach zu bedienen &#8212; Keine Notwendigkeit, den Urin zu sammeln, legen Sie einfach die saugf\u00e4hige Kissen in Ihrem Urin Strom f\u00fcr etwa 5 Sekunden, dann legen Sie es flach. Die rutschfesten Griff entworfen, um mehr eng an die Hand passen, machen bequem.<br \/>\nSchnelles und klares Ergebnis &#8212; Warten Sie 3-5 Minuten, um das Ergebnis zu lesen, nur eine Linie erscheint: C-Linie bedeutet NEGATIV, nicht schwanger, T-Linie bedeutet UNG\u00dcLTIG; zwei Linien bedeuten schwanger.<br \/>\nSicher und hygienisch: Jeder Test ist in unabh\u00e4ngig Beutel f\u00fcr leicht using.it kann \u00fcberall mit Privatsph\u00e4re Schutz getragen werden.<br \/>\nEtwas, das Sie wissen m\u00fcssen &#8211; Der Urin des ersten Morgens enth\u00e4lt im Allgemeinen die h\u00f6chste Konzentration von HCG, so ist dies die beste Zeit, um den Test vor allem auf fr\u00fchen schwangeren Test zu tun. Da einige Unsicherheiten das Testergebnis beeinflussen, best\u00e4tigen Sie bitte die Testlinie (T) werden dunkler als dunkler und 100% schwanger.<br \/>\n<div class=\"main-cross-sell\" data-asin=\"B0CRYTZYHT\">\n\n\t<div class=\"WooZone-cross-sell-loader\">\n\t\t<div>\n\t\t\t<div id=\"floatingBarsG\">\n\t\t\t\t<div class=\"blockG\" id=\"rotateG_01\"><\/div>\n\t\t\t\t<div class=\"blockG\" id=\"rotateG_02\"><\/div>\n\t\t\t\t<div class=\"blockG\" id=\"rotateG_03\"><\/div>\n\t\t\t\t<div class=\"blockG\" id=\"rotateG_04\"><\/div>\n\t\t\t\t<div class=\"blockG\" id=\"rotateG_05\"><\/div>\n\t\t\t\t<div class=\"blockG\" id=\"rotateG_06\"><\/div>\n\t\t\t\t<div class=\"blockG\" id=\"rotateG_07\"><\/div>\n\t\t\t\t<div class=\"blockG\" id=\"rotateG_08\"><\/div>\n\t\t\t<\/div>\n\t\t\t<div class=\"WooZone-cross-sell-loader-text\"><\/div>\n\t\t<\/div>\n\t<\/div>\n\n\t\t\n<\/div>\n<div style=\"clear:both;\"><\/div><\/p>\n","protected":false},"excerpt":{"rendered":"<p>\u00dcber 99% Genauigkeit &#8212; Wondfo Schwangerschaftstest mit dem Cut-Off 25 mIU\/ml, die Extra-gro\u00dfe 12mm saugf\u00e4hige Kissen erhalten viel Urinprobe, beide machen das Ergebnis genauer, weniger Fehler Ergebnis.<br \/>\nEinfach zu bedienen &#8212; Keine Notwendigkeit, den Urin zu sammeln, legen Sie einfach die saugf\u00e4hige Kissen in Ihrem Urin Strom f\u00fcr etwa 5 Sekunden, dann legen Sie es flach. Die rutschfesten Griff entworfen, um mehr eng an die Hand passen, machen bequem.<br \/>\nSchnelles und klares Ergebnis &#8212; Warten Sie 3-5 Minuten, um das Ergebnis zu lesen, nur eine Linie erscheint: C-Linie bedeutet NEGATIV, nicht schwanger, T-Linie bedeutet UNG\u00dcLTIG; zwei Linien bedeuten schwanger.<\/p>\n","protected":false},"featured_media":220606,"comment_status":"open","ping_status":"closed","template":"","meta":[],"product_brand":[],"product_cat":[566,6291],"product_tag":[],"class_list":{"0":"post-220605","1":"product","2":"type-product","3":"status-publish","4":"has-post-thumbnail","6":"product_cat-drogerie-koerperpflege","7":"product_cat-schwangerschaft","8":"pa_brand-wondfo","9":"pa_manufacturer-wondfo","11":"first","12":"instock","13":"sale","14":"shipping-taxable","15":"purchasable","16":"product-type-simple","17":"customify-col","18":"product-has-gallery"},"yoast_head":"<!-- This site is optimized with the Yoast SEO plugin v27.4 - https:\/\/yoast.com\/product\/yoast-seo-wordpress\/ -->\n<title>Wondfo 3x Schwangerschaftstest 25mIU\/ml Fr\u00fchschwangerschaftstest Schneller HCG Nachweis zu Hause optimal sensntive Pregnancy Test - Markt-XXL<\/title>\n<meta name=\"description\" content=\"Markt-XXL Wondfo 3x Schwangerschaftstest 25mIU\/ml Fr\u00fchschwangerschaftstest Schneller HCG Nachweis zu Hause optimal sensntive Pregnancy Test\" \/>\n<meta name=\"robots\" content=\"index, follow, max-snippet:-1, max-image-preview:large, max-video-preview:-1\" \/>\n<link rel=\"canonical\" href=\"https:\/\/marktxxl.de\/markt\/produkt\/wondfo-3x-schwangerschaftstest-25miu-ml-fruehschwangerschaftstest-schneller-hcg-nachweis-zu-hause-optimal-sensntive-pregnancy-test\/\" \/>\n<meta property=\"og:locale\" content=\"de_DE\" \/>\n<meta property=\"og:type\" content=\"article\" \/>\n<meta property=\"og:title\" content=\"Wondfo 3x Schwangerschaftstest 25mIU\/ml Fr\u00fchschwangerschaftstest Schneller HCG Nachweis zu Hause optimal sensntive Pregnancy Test - Markt-XXL\" \/>\n<meta property=\"og:description\" content=\"Markt-XXL Wondfo 3x Schwangerschaftstest 25mIU\/ml Fr\u00fchschwangerschaftstest Schneller HCG Nachweis zu Hause optimal sensntive Pregnancy Test\" \/>\n<meta property=\"og:url\" content=\"https:\/\/marktxxl.de\/markt\/produkt\/wondfo-3x-schwangerschaftstest-25miu-ml-fruehschwangerschaftstest-schneller-hcg-nachweis-zu-hause-optimal-sensntive-pregnancy-test\/\" \/>\n<meta property=\"og:site_name\" content=\"Markt-XXL\" \/>\n<meta name=\"twitter:card\" content=\"summary_large_image\" \/>\n<meta name=\"twitter:label1\" content=\"Gesch\u00e4tzte Lesezeit\" \/>\n\t<meta name=\"twitter:data1\" content=\"1\u00a0Minute\" \/>\n<script type=\"application\/ld+json\" class=\"yoast-schema-graph\">{\"@context\":\"https:\\\/\\\/schema.org\",\"@graph\":[{\"@type\":\"WebPage\",\"@id\":\"https:\\\/\\\/marktxxl.de\\\/markt\\\/produkt\\\/wondfo-3x-schwangerschaftstest-25miu-ml-fruehschwangerschaftstest-schneller-hcg-nachweis-zu-hause-optimal-sensntive-pregnancy-test\\\/\",\"url\":\"https:\\\/\\\/marktxxl.de\\\/markt\\\/produkt\\\/wondfo-3x-schwangerschaftstest-25miu-ml-fruehschwangerschaftstest-schneller-hcg-nachweis-zu-hause-optimal-sensntive-pregnancy-test\\\/\",\"name\":\"Wondfo 3x Schwangerschaftstest 25mIU\\\/ml Fr\u00fchschwangerschaftstest Schneller HCG Nachweis zu Hause optimal sensntive Pregnancy Test - Markt-XXL\",\"isPartOf\":{\"@id\":\"https:\\\/\\\/marktxxl.de\\\/markt\\\/#website\"},\"primaryImageOfPage\":{\"@id\":\"https:\\\/\\\/marktxxl.de\\\/markt\\\/produkt\\\/wondfo-3x-schwangerschaftstest-25miu-ml-fruehschwangerschaftstest-schneller-hcg-nachweis-zu-hause-optimal-sensntive-pregnancy-test\\\/#primaryimage\"},\"image\":{\"@id\":\"https:\\\/\\\/marktxxl.de\\\/markt\\\/produkt\\\/wondfo-3x-schwangerschaftstest-25miu-ml-fruehschwangerschaftstest-schneller-hcg-nachweis-zu-hause-optimal-sensntive-pregnancy-test\\\/#primaryimage\"},\"thumbnailUrl\":\"https:\\\/\\\/m.media-amazon.com\\\/images\\\/I\\\/31XuJME0aCL._SL500_.jpg\",\"datePublished\":\"2024-07-28T11:25:27+00:00\",\"description\":\"Markt-XXL Wondfo 3x Schwangerschaftstest 25mIU\\\/ml Fr\u00fchschwangerschaftstest Schneller HCG Nachweis zu Hause optimal sensntive Pregnancy Test\",\"breadcrumb\":{\"@id\":\"https:\\\/\\\/marktxxl.de\\\/markt\\\/produkt\\\/wondfo-3x-schwangerschaftstest-25miu-ml-fruehschwangerschaftstest-schneller-hcg-nachweis-zu-hause-optimal-sensntive-pregnancy-test\\\/#breadcrumb\"},\"inLanguage\":\"de\",\"potentialAction\":[{\"@type\":\"ReadAction\",\"target\":[\"https:\\\/\\\/marktxxl.de\\\/markt\\\/produkt\\\/wondfo-3x-schwangerschaftstest-25miu-ml-fruehschwangerschaftstest-schneller-hcg-nachweis-zu-hause-optimal-sensntive-pregnancy-test\\\/\"]}]},{\"@type\":\"ImageObject\",\"inLanguage\":\"de\",\"@id\":\"https:\\\/\\\/marktxxl.de\\\/markt\\\/produkt\\\/wondfo-3x-schwangerschaftstest-25miu-ml-fruehschwangerschaftstest-schneller-hcg-nachweis-zu-hause-optimal-sensntive-pregnancy-test\\\/#primaryimage\",\"url\":\"https:\\\/\\\/m.media-amazon.com\\\/images\\\/I\\\/31XuJME0aCL._SL500_.jpg\",\"contentUrl\":\"https:\\\/\\\/m.media-amazon.com\\\/images\\\/I\\\/31XuJME0aCL._SL500_.jpg\",\"width\":500,\"height\":500},{\"@type\":\"BreadcrumbList\",\"@id\":\"https:\\\/\\\/marktxxl.de\\\/markt\\\/produkt\\\/wondfo-3x-schwangerschaftstest-25miu-ml-fruehschwangerschaftstest-schneller-hcg-nachweis-zu-hause-optimal-sensntive-pregnancy-test\\\/#breadcrumb\",\"itemListElement\":[{\"@type\":\"ListItem\",\"position\":1,\"name\":\"Startseite\",\"item\":\"https:\\\/\\\/marktxxl.de\\\/markt\\\/\"},{\"@type\":\"ListItem\",\"position\":2,\"name\":\"Markt\",\"item\":\"https:\\\/\\\/marktxxl.de\\\/markt\\\/\"},{\"@type\":\"ListItem\",\"position\":3,\"name\":\"Wondfo 3x Schwangerschaftstest 25mIU\\\/ml Fr\u00fchschwangerschaftstest Schneller HCG Nachweis zu Hause optimal sensntive Pregnancy Test\"}]},{\"@type\":\"WebSite\",\"@id\":\"https:\\\/\\\/marktxxl.de\\\/markt\\\/#website\",\"url\":\"https:\\\/\\\/marktxxl.de\\\/markt\\\/\",\"name\":\"Markt-XXL\",\"description\":\"Ihr Markt Online\",\"publisher\":{\"@id\":\"https:\\\/\\\/marktxxl.de\\\/markt\\\/#organization\"},\"potentialAction\":[{\"@type\":\"SearchAction\",\"target\":{\"@type\":\"EntryPoint\",\"urlTemplate\":\"https:\\\/\\\/marktxxl.de\\\/markt\\\/?s={search_term_string}\"},\"query-input\":{\"@type\":\"PropertyValueSpecification\",\"valueRequired\":true,\"valueName\":\"search_term_string\"}}],\"inLanguage\":\"de\"},{\"@type\":\"Organization\",\"@id\":\"https:\\\/\\\/marktxxl.de\\\/markt\\\/#organization\",\"name\":\"Markt-XXL\",\"url\":\"https:\\\/\\\/marktxxl.de\\\/markt\\\/\",\"logo\":{\"@type\":\"ImageObject\",\"inLanguage\":\"de\",\"@id\":\"https:\\\/\\\/marktxxl.de\\\/markt\\\/#\\\/schema\\\/logo\\\/image\\\/\",\"url\":\"https:\\\/\\\/marktxxl.de\\\/markt\\\/wp-content\\\/uploads\\\/sites\\\/3\\\/2020\\\/12\\\/logo.png\",\"contentUrl\":\"https:\\\/\\\/marktxxl.de\\\/markt\\\/wp-content\\\/uploads\\\/sites\\\/3\\\/2020\\\/12\\\/logo.png\",\"width\":200,\"height\":70,\"caption\":\"Markt-XXL\"},\"image\":{\"@id\":\"https:\\\/\\\/marktxxl.de\\\/markt\\\/#\\\/schema\\\/logo\\\/image\\\/\"}}]}<\/script>\n<!-- \/ Yoast SEO plugin. -->","yoast_head_json":{"title":"Wondfo 3x Schwangerschaftstest 25mIU\/ml Fr\u00fchschwangerschaftstest Schneller HCG Nachweis zu Hause optimal sensntive Pregnancy Test - Markt-XXL","description":"Markt-XXL Wondfo 3x Schwangerschaftstest 25mIU\/ml Fr\u00fchschwangerschaftstest Schneller HCG Nachweis zu Hause optimal sensntive Pregnancy Test","robots":{"index":"index","follow":"follow","max-snippet":"max-snippet:-1","max-image-preview":"max-image-preview:large","max-video-preview":"max-video-preview:-1"},"canonical":"https:\/\/marktxxl.de\/markt\/produkt\/wondfo-3x-schwangerschaftstest-25miu-ml-fruehschwangerschaftstest-schneller-hcg-nachweis-zu-hause-optimal-sensntive-pregnancy-test\/","og_locale":"de_DE","og_type":"article","og_title":"Wondfo 3x Schwangerschaftstest 25mIU\/ml Fr\u00fchschwangerschaftstest Schneller HCG Nachweis zu Hause optimal sensntive Pregnancy Test - Markt-XXL","og_description":"Markt-XXL Wondfo 3x Schwangerschaftstest 25mIU\/ml Fr\u00fchschwangerschaftstest Schneller HCG Nachweis zu Hause optimal sensntive Pregnancy Test","og_url":"https:\/\/marktxxl.de\/markt\/produkt\/wondfo-3x-schwangerschaftstest-25miu-ml-fruehschwangerschaftstest-schneller-hcg-nachweis-zu-hause-optimal-sensntive-pregnancy-test\/","og_site_name":"Markt-XXL","twitter_card":"summary_large_image","twitter_misc":{"Gesch\u00e4tzte Lesezeit":"1\u00a0Minute"},"schema":{"@context":"https:\/\/schema.org","@graph":[{"@type":"WebPage","@id":"https:\/\/marktxxl.de\/markt\/produkt\/wondfo-3x-schwangerschaftstest-25miu-ml-fruehschwangerschaftstest-schneller-hcg-nachweis-zu-hause-optimal-sensntive-pregnancy-test\/","url":"https:\/\/marktxxl.de\/markt\/produkt\/wondfo-3x-schwangerschaftstest-25miu-ml-fruehschwangerschaftstest-schneller-hcg-nachweis-zu-hause-optimal-sensntive-pregnancy-test\/","name":"Wondfo 3x Schwangerschaftstest 25mIU\/ml Fr\u00fchschwangerschaftstest Schneller HCG Nachweis zu Hause optimal sensntive Pregnancy Test - Markt-XXL","isPartOf":{"@id":"https:\/\/marktxxl.de\/markt\/#website"},"primaryImageOfPage":{"@id":"https:\/\/marktxxl.de\/markt\/produkt\/wondfo-3x-schwangerschaftstest-25miu-ml-fruehschwangerschaftstest-schneller-hcg-nachweis-zu-hause-optimal-sensntive-pregnancy-test\/#primaryimage"},"image":{"@id":"https:\/\/marktxxl.de\/markt\/produkt\/wondfo-3x-schwangerschaftstest-25miu-ml-fruehschwangerschaftstest-schneller-hcg-nachweis-zu-hause-optimal-sensntive-pregnancy-test\/#primaryimage"},"thumbnailUrl":"https:\/\/m.media-amazon.com\/images\/I\/31XuJME0aCL._SL500_.jpg","datePublished":"2024-07-28T11:25:27+00:00","description":"Markt-XXL Wondfo 3x Schwangerschaftstest 25mIU\/ml Fr\u00fchschwangerschaftstest Schneller HCG Nachweis zu Hause optimal sensntive Pregnancy Test","breadcrumb":{"@id":"https:\/\/marktxxl.de\/markt\/produkt\/wondfo-3x-schwangerschaftstest-25miu-ml-fruehschwangerschaftstest-schneller-hcg-nachweis-zu-hause-optimal-sensntive-pregnancy-test\/#breadcrumb"},"inLanguage":"de","potentialAction":[{"@type":"ReadAction","target":["https:\/\/marktxxl.de\/markt\/produkt\/wondfo-3x-schwangerschaftstest-25miu-ml-fruehschwangerschaftstest-schneller-hcg-nachweis-zu-hause-optimal-sensntive-pregnancy-test\/"]}]},{"@type":"ImageObject","inLanguage":"de","@id":"https:\/\/marktxxl.de\/markt\/produkt\/wondfo-3x-schwangerschaftstest-25miu-ml-fruehschwangerschaftstest-schneller-hcg-nachweis-zu-hause-optimal-sensntive-pregnancy-test\/#primaryimage","url":"https:\/\/m.media-amazon.com\/images\/I\/31XuJME0aCL._SL500_.jpg","contentUrl":"https:\/\/m.media-amazon.com\/images\/I\/31XuJME0aCL._SL500_.jpg","width":500,"height":500},{"@type":"BreadcrumbList","@id":"https:\/\/marktxxl.de\/markt\/produkt\/wondfo-3x-schwangerschaftstest-25miu-ml-fruehschwangerschaftstest-schneller-hcg-nachweis-zu-hause-optimal-sensntive-pregnancy-test\/#breadcrumb","itemListElement":[{"@type":"ListItem","position":1,"name":"Startseite","item":"https:\/\/marktxxl.de\/markt\/"},{"@type":"ListItem","position":2,"name":"Markt","item":"https:\/\/marktxxl.de\/markt\/"},{"@type":"ListItem","position":3,"name":"Wondfo 3x Schwangerschaftstest 25mIU\/ml Fr\u00fchschwangerschaftstest Schneller HCG Nachweis zu Hause optimal sensntive Pregnancy Test"}]},{"@type":"WebSite","@id":"https:\/\/marktxxl.de\/markt\/#website","url":"https:\/\/marktxxl.de\/markt\/","name":"Markt-XXL","description":"Ihr Markt Online","publisher":{"@id":"https:\/\/marktxxl.de\/markt\/#organization"},"potentialAction":[{"@type":"SearchAction","target":{"@type":"EntryPoint","urlTemplate":"https:\/\/marktxxl.de\/markt\/?s={search_term_string}"},"query-input":{"@type":"PropertyValueSpecification","valueRequired":true,"valueName":"search_term_string"}}],"inLanguage":"de"},{"@type":"Organization","@id":"https:\/\/marktxxl.de\/markt\/#organization","name":"Markt-XXL","url":"https:\/\/marktxxl.de\/markt\/","logo":{"@type":"ImageObject","inLanguage":"de","@id":"https:\/\/marktxxl.de\/markt\/#\/schema\/logo\/image\/","url":"https:\/\/marktxxl.de\/markt\/wp-content\/uploads\/sites\/3\/2020\/12\/logo.png","contentUrl":"https:\/\/marktxxl.de\/markt\/wp-content\/uploads\/sites\/3\/2020\/12\/logo.png","width":200,"height":70,"caption":"Markt-XXL"},"image":{"@id":"https:\/\/marktxxl.de\/markt\/#\/schema\/logo\/image\/"}}]}},"_links":{"self":[{"href":"https:\/\/marktxxl.de\/markt\/wp-json\/wp\/v2\/product\/220605","targetHints":{"allow":["GET"]}}],"collection":[{"href":"https:\/\/marktxxl.de\/markt\/wp-json\/wp\/v2\/product"}],"about":[{"href":"https:\/\/marktxxl.de\/markt\/wp-json\/wp\/v2\/types\/product"}],"replies":[{"embeddable":true,"href":"https:\/\/marktxxl.de\/markt\/wp-json\/wp\/v2\/comments?post=220605"}],"wp:featuredmedia":[{"embeddable":true,"href":"https:\/\/marktxxl.de\/markt\/wp-json\/wp\/v2\/media\/220606"}],"wp:attachment":[{"href":"https:\/\/marktxxl.de\/markt\/wp-json\/wp\/v2\/media?parent=220605"}],"wp:term":[{"taxonomy":"product_brand","embeddable":true,"href":"https:\/\/marktxxl.de\/markt\/wp-json\/wp\/v2\/product_brand?post=220605"},{"taxonomy":"product_cat","embeddable":true,"href":"https:\/\/marktxxl.de\/markt\/wp-json\/wp\/v2\/product_cat?post=220605"},{"taxonomy":"product_tag","embeddable":true,"href":"https:\/\/marktxxl.de\/markt\/wp-json\/wp\/v2\/product_tag?post=220605"}],"curies":[{"name":"wp","href":"https:\/\/api.w.org\/{rel}","templated":true}]}}