{"id":220570,"date":"2024-07-28T13:07:56","date_gmt":"2024-07-28T11:07:56","guid":{"rendered":"https:\/\/marktxxl.de\/markt\/produkt\/everlab-hormontest-gesamtstatus-6-wichtige-hormone-schnell-einfach-pruefen-speicheltest-fuer-oestradiol-oestriol-progesteron-dhea-testosteron-und-cortisol-selbsttest-fuer-zuhaus\/"},"modified":"2024-07-28T13:07:56","modified_gmt":"2024-07-28T11:07:56","slug":"everlab-hormontest-gesamtstatus-6-wichtige-hormone-schnell-einfach-pruefen-speicheltest-fuer-oestradiol-oestriol-progesteron-dhea-testosteron-und-cortisol-selbsttest-fuer-zuhaus","status":"publish","type":"product","link":"https:\/\/marktxxl.de\/markt\/produkt\/everlab-hormontest-gesamtstatus-6-wichtige-hormone-schnell-einfach-pruefen-speicheltest-fuer-oestradiol-oestriol-progesteron-dhea-testosteron-und-cortisol-selbsttest-fuer-zuhaus\/","title":{"rendered":"EVERLAB Hormontest Gesamtstatus \u2013 6 wichtige Hormone schnell &amp; einfach pr\u00fcfen | Speicheltest f\u00fcr \u00d6stradiol, \u00d6striol, Progesteron, DHEA, Testosteron und Cortisol| Selbsttest f\u00fcr Zuhause"},"content":{"rendered":"<p>\u2705 MACH DEN CHECK: Dein Hormonsystem ist ein komplexes Netzwerk, in dem sich die einzelnen Hormone gegenseitig beeinflussen. Ein Ungleichgewicht wirkt sich daher schnell auf viele Bereiche deines K\u00f6rpers aus und die Symptome k\u00f6nnen sehr vielf\u00e4ltig sein. Ein umfassender Test gibt dir den besten \u00dcberblick und hilft dir, Hormonungleichgewichte fr\u00fchzeitig zu erkennen. Mach jetzt den Check und \u00fcberpr\u00fcfe deinen Hormonstatus!<br \/>\n\u2705 SYMPTOME: M\u00fcdigkeit, Gewichtszunahme, Schlafst\u00f6rungen und depressive Verstimmungen sind nur ein paar der Symptome, die ein Hormonungleichgewicht ausl\u00f6sen kann. Mit unserem Test kannst du ganz leicht deinen Hormonstatus bestimmen.<br \/>\n\u2705 WAS WIRD GEMESSEN? Beim Hormontest Gesamtstatus misst EVERLAB deine Hormonwerte f\u00fcr \u00d6stradiol, \u00d6striol, Progesteron, DHEA, Cortisol und Testosteron mittels einer einfachen Speichelprobe. Beim Cortisol wird zudem nicht nur der Morgenwert ermittelt, sondern 5 Werte \u00fcber den Verlauf eines Tages gemessen. Dein Ergebnisbericht zeigt dir deine Hormonwerte und ob deine Werte im Referenzbereich liegen.<br \/>\n\u2705 SCHNELL &amp; BEQUEM: Dein Testkit enth\u00e4lt alles was du brauchst. Du nimmst deine Speichelproben zuhause ab und schickst sie mit dem kostenlosen R\u00fcckumschlag (zur R\u00fccksendung innerhalb Deutschlands) an unser Labor zur\u00fcck. Nach wenigen Tagen erh\u00e4ltst du deinen Ergebnisbericht per Email.<br \/>\n\u2705 JETZT BESTELLEN &amp; KOMPLETTPAKET ERHALTEN: Miss einfach &amp; schnell deinen Hormonstatus mit dem EVERLAB Selbsttest. Alles im Preis enthalten \u2013 Testkit, Laboranalyse, dein Ergebnisbericht per Email.<br \/>\n<div class=\"main-cross-sell\" data-asin=\"B0C43PVF3X\">\n\n\t<div class=\"WooZone-cross-sell-loader\">\n\t\t<div>\n\t\t\t<div id=\"floatingBarsG\">\n\t\t\t\t<div class=\"blockG\" id=\"rotateG_01\"><\/div>\n\t\t\t\t<div class=\"blockG\" id=\"rotateG_02\"><\/div>\n\t\t\t\t<div class=\"blockG\" id=\"rotateG_03\"><\/div>\n\t\t\t\t<div class=\"blockG\" id=\"rotateG_04\"><\/div>\n\t\t\t\t<div class=\"blockG\" id=\"rotateG_05\"><\/div>\n\t\t\t\t<div class=\"blockG\" id=\"rotateG_06\"><\/div>\n\t\t\t\t<div class=\"blockG\" id=\"rotateG_07\"><\/div>\n\t\t\t\t<div class=\"blockG\" id=\"rotateG_08\"><\/div>\n\t\t\t<\/div>\n\t\t\t<div class=\"WooZone-cross-sell-loader-text\"><\/div>\n\t\t<\/div>\n\t<\/div>\n\n\t\t\n<\/div>\n<div style=\"clear:both;\"><\/div><\/p>\n","protected":false},"excerpt":{"rendered":"<p>\u2705 MACH DEN CHECK: Dein Hormonsystem ist ein komplexes Netzwerk, in dem sich die einzelnen Hormone gegenseitig beeinflussen. Ein Ungleichgewicht wirkt sich daher schnell auf viele Bereiche deines K\u00f6rpers aus und die Symptome k\u00f6nnen sehr vielf\u00e4ltig sein. Ein umfassender Test gibt dir den besten \u00dcberblick und hilft dir, Hormonungleichgewichte fr\u00fchzeitig zu erkennen. Mach jetzt den Check und \u00fcberpr\u00fcfe deinen Hormonstatus!<br \/>\n\u2705 SYMPTOME: M\u00fcdigkeit, Gewichtszunahme, Schlafst\u00f6rungen und depressive Verstimmungen sind nur ein paar der Symptome, die ein Hormonungleichgewicht ausl\u00f6sen kann. Mit unserem Test kannst du ganz leicht deinen Hormonstatus bestimmen.<br \/>\n\u2705 WAS WIRD GEMESSEN? Beim Hormontest Gesamtstatus misst EVERLAB deine Hormonwerte f\u00fcr \u00d6stradiol, \u00d6striol, Progesteron, DHEA, Cortisol und Testosteron mittels einer einfachen Speichelprobe. Beim Cortisol wird zudem nicht nur der Morgenwert ermittelt, sondern 5 Werte \u00fcber den Verlauf eines Tages gemessen. Dein Ergebnisbericht zeigt dir deine Hormonwerte und ob deine Werte im Referenzbereich liegen.<\/p>\n","protected":false},"featured_media":220571,"comment_status":"open","ping_status":"closed","template":"","meta":[],"product_brand":[],"product_cat":[566,6291],"product_tag":[],"class_list":{"0":"post-220570","1":"product","2":"type-product","3":"status-publish","4":"has-post-thumbnail","6":"product_cat-drogerie-koerperpflege","7":"product_cat-schwangerschaft","8":"pa_binding-badartikel","9":"pa_brand-everlab","10":"pa_manufacturer-everlab","12":"first","13":"instock","14":"shipping-taxable","15":"purchasable","16":"product-type-simple","17":"customify-col","18":"product-has-gallery"},"yoast_head":"<!-- This site is optimized with the Yoast SEO plugin v27.4 - https:\/\/yoast.com\/product\/yoast-seo-wordpress\/ -->\n<title>EVERLAB Hormontest Gesamtstatus \u2013 6 wichtige Hormone schnell &amp; einfach pr\u00fcfen | Speicheltest f\u00fcr \u00d6stradiol, \u00d6striol, Progesteron, DHEA, Testosteron und Cortisol| Selbsttest f\u00fcr Zuhause - Markt-XXL<\/title>\n<meta name=\"description\" content=\"Markt-XXL EVERLAB Hormontest Gesamtstatus \u2013 6 wichtige Hormone schnell &amp; einfach pr\u00fcfen | Speicheltest f\u00fcr \u00d6stradiol, \u00d6striol, Progesteron, DHEA, Testosteron und Cortisol| Selbsttest f\u00fcr Zuhause\" \/>\n<meta name=\"robots\" content=\"index, follow, max-snippet:-1, max-image-preview:large, max-video-preview:-1\" \/>\n<link rel=\"canonical\" href=\"https:\/\/marktxxl.de\/markt\/produkt\/everlab-hormontest-gesamtstatus-6-wichtige-hormone-schnell-einfach-pruefen-speicheltest-fuer-oestradiol-oestriol-progesteron-dhea-testosteron-und-cortisol-selbsttest-fuer-zuhaus\/\" \/>\n<meta property=\"og:locale\" content=\"de_DE\" \/>\n<meta property=\"og:type\" content=\"article\" \/>\n<meta property=\"og:title\" content=\"EVERLAB Hormontest Gesamtstatus \u2013 6 wichtige Hormone schnell &amp; einfach pr\u00fcfen | Speicheltest f\u00fcr \u00d6stradiol, \u00d6striol, Progesteron, DHEA, Testosteron und Cortisol| Selbsttest f\u00fcr Zuhause - Markt-XXL\" \/>\n<meta property=\"og:description\" content=\"Markt-XXL EVERLAB Hormontest Gesamtstatus \u2013 6 wichtige Hormone schnell &amp; einfach pr\u00fcfen | Speicheltest f\u00fcr \u00d6stradiol, \u00d6striol, Progesteron, DHEA, Testosteron und Cortisol| Selbsttest f\u00fcr Zuhause\" \/>\n<meta property=\"og:url\" content=\"https:\/\/marktxxl.de\/markt\/produkt\/everlab-hormontest-gesamtstatus-6-wichtige-hormone-schnell-einfach-pruefen-speicheltest-fuer-oestradiol-oestriol-progesteron-dhea-testosteron-und-cortisol-selbsttest-fuer-zuhaus\/\" \/>\n<meta property=\"og:site_name\" content=\"Markt-XXL\" \/>\n<meta name=\"twitter:card\" content=\"summary_large_image\" \/>\n<meta name=\"twitter:label1\" content=\"Gesch\u00e4tzte Lesezeit\" \/>\n\t<meta name=\"twitter:data1\" content=\"1\u00a0Minute\" \/>\n<script type=\"application\/ld+json\" class=\"yoast-schema-graph\">{\"@context\":\"https:\\\/\\\/schema.org\",\"@graph\":[{\"@type\":\"WebPage\",\"@id\":\"https:\\\/\\\/marktxxl.de\\\/markt\\\/produkt\\\/everlab-hormontest-gesamtstatus-6-wichtige-hormone-schnell-einfach-pruefen-speicheltest-fuer-oestradiol-oestriol-progesteron-dhea-testosteron-und-cortisol-selbsttest-fuer-zuhaus\\\/\",\"url\":\"https:\\\/\\\/marktxxl.de\\\/markt\\\/produkt\\\/everlab-hormontest-gesamtstatus-6-wichtige-hormone-schnell-einfach-pruefen-speicheltest-fuer-oestradiol-oestriol-progesteron-dhea-testosteron-und-cortisol-selbsttest-fuer-zuhaus\\\/\",\"name\":\"EVERLAB Hormontest Gesamtstatus \u2013 6 wichtige Hormone schnell &amp; einfach pr\u00fcfen | Speicheltest f\u00fcr \u00d6stradiol, \u00d6striol, Progesteron, DHEA, Testosteron und Cortisol| Selbsttest f\u00fcr Zuhause - Markt-XXL\",\"isPartOf\":{\"@id\":\"https:\\\/\\\/marktxxl.de\\\/markt\\\/#website\"},\"primaryImageOfPage\":{\"@id\":\"https:\\\/\\\/marktxxl.de\\\/markt\\\/produkt\\\/everlab-hormontest-gesamtstatus-6-wichtige-hormone-schnell-einfach-pruefen-speicheltest-fuer-oestradiol-oestriol-progesteron-dhea-testosteron-und-cortisol-selbsttest-fuer-zuhaus\\\/#primaryimage\"},\"image\":{\"@id\":\"https:\\\/\\\/marktxxl.de\\\/markt\\\/produkt\\\/everlab-hormontest-gesamtstatus-6-wichtige-hormone-schnell-einfach-pruefen-speicheltest-fuer-oestradiol-oestriol-progesteron-dhea-testosteron-und-cortisol-selbsttest-fuer-zuhaus\\\/#primaryimage\"},\"thumbnailUrl\":\"https:\\\/\\\/m.media-amazon.com\\\/images\\\/I\\\/41ulUU5OmHL._SL500_.jpg\",\"datePublished\":\"2024-07-28T11:07:56+00:00\",\"description\":\"Markt-XXL EVERLAB Hormontest Gesamtstatus \u2013 6 wichtige Hormone schnell &amp; einfach pr\u00fcfen | Speicheltest f\u00fcr \u00d6stradiol, \u00d6striol, Progesteron, DHEA, Testosteron und Cortisol| Selbsttest f\u00fcr Zuhause\",\"breadcrumb\":{\"@id\":\"https:\\\/\\\/marktxxl.de\\\/markt\\\/produkt\\\/everlab-hormontest-gesamtstatus-6-wichtige-hormone-schnell-einfach-pruefen-speicheltest-fuer-oestradiol-oestriol-progesteron-dhea-testosteron-und-cortisol-selbsttest-fuer-zuhaus\\\/#breadcrumb\"},\"inLanguage\":\"de\",\"potentialAction\":[{\"@type\":\"ReadAction\",\"target\":[\"https:\\\/\\\/marktxxl.de\\\/markt\\\/produkt\\\/everlab-hormontest-gesamtstatus-6-wichtige-hormone-schnell-einfach-pruefen-speicheltest-fuer-oestradiol-oestriol-progesteron-dhea-testosteron-und-cortisol-selbsttest-fuer-zuhaus\\\/\"]}]},{\"@type\":\"ImageObject\",\"inLanguage\":\"de\",\"@id\":\"https:\\\/\\\/marktxxl.de\\\/markt\\\/produkt\\\/everlab-hormontest-gesamtstatus-6-wichtige-hormone-schnell-einfach-pruefen-speicheltest-fuer-oestradiol-oestriol-progesteron-dhea-testosteron-und-cortisol-selbsttest-fuer-zuhaus\\\/#primaryimage\",\"url\":\"https:\\\/\\\/m.media-amazon.com\\\/images\\\/I\\\/41ulUU5OmHL._SL500_.jpg\",\"contentUrl\":\"https:\\\/\\\/m.media-amazon.com\\\/images\\\/I\\\/41ulUU5OmHL._SL500_.jpg\",\"width\":500,\"height\":500},{\"@type\":\"BreadcrumbList\",\"@id\":\"https:\\\/\\\/marktxxl.de\\\/markt\\\/produkt\\\/everlab-hormontest-gesamtstatus-6-wichtige-hormone-schnell-einfach-pruefen-speicheltest-fuer-oestradiol-oestriol-progesteron-dhea-testosteron-und-cortisol-selbsttest-fuer-zuhaus\\\/#breadcrumb\",\"itemListElement\":[{\"@type\":\"ListItem\",\"position\":1,\"name\":\"Startseite\",\"item\":\"https:\\\/\\\/marktxxl.de\\\/markt\\\/\"},{\"@type\":\"ListItem\",\"position\":2,\"name\":\"Markt\",\"item\":\"https:\\\/\\\/marktxxl.de\\\/markt\\\/\"},{\"@type\":\"ListItem\",\"position\":3,\"name\":\"EVERLAB Hormontest Gesamtstatus \u2013 6 wichtige Hormone schnell &amp; einfach pr\u00fcfen | Speicheltest f\u00fcr \u00d6stradiol, \u00d6striol, Progesteron, DHEA, Testosteron und Cortisol| Selbsttest f\u00fcr Zuhause\"}]},{\"@type\":\"WebSite\",\"@id\":\"https:\\\/\\\/marktxxl.de\\\/markt\\\/#website\",\"url\":\"https:\\\/\\\/marktxxl.de\\\/markt\\\/\",\"name\":\"Markt-XXL\",\"description\":\"Ihr Markt Online\",\"publisher\":{\"@id\":\"https:\\\/\\\/marktxxl.de\\\/markt\\\/#organization\"},\"potentialAction\":[{\"@type\":\"SearchAction\",\"target\":{\"@type\":\"EntryPoint\",\"urlTemplate\":\"https:\\\/\\\/marktxxl.de\\\/markt\\\/?s={search_term_string}\"},\"query-input\":{\"@type\":\"PropertyValueSpecification\",\"valueRequired\":true,\"valueName\":\"search_term_string\"}}],\"inLanguage\":\"de\"},{\"@type\":\"Organization\",\"@id\":\"https:\\\/\\\/marktxxl.de\\\/markt\\\/#organization\",\"name\":\"Markt-XXL\",\"url\":\"https:\\\/\\\/marktxxl.de\\\/markt\\\/\",\"logo\":{\"@type\":\"ImageObject\",\"inLanguage\":\"de\",\"@id\":\"https:\\\/\\\/marktxxl.de\\\/markt\\\/#\\\/schema\\\/logo\\\/image\\\/\",\"url\":\"https:\\\/\\\/marktxxl.de\\\/markt\\\/wp-content\\\/uploads\\\/sites\\\/3\\\/2020\\\/12\\\/logo.png\",\"contentUrl\":\"https:\\\/\\\/marktxxl.de\\\/markt\\\/wp-content\\\/uploads\\\/sites\\\/3\\\/2020\\\/12\\\/logo.png\",\"width\":200,\"height\":70,\"caption\":\"Markt-XXL\"},\"image\":{\"@id\":\"https:\\\/\\\/marktxxl.de\\\/markt\\\/#\\\/schema\\\/logo\\\/image\\\/\"}}]}<\/script>\n<!-- \/ Yoast SEO plugin. -->","yoast_head_json":{"title":"EVERLAB Hormontest Gesamtstatus \u2013 6 wichtige Hormone schnell &amp; einfach pr\u00fcfen | Speicheltest f\u00fcr \u00d6stradiol, \u00d6striol, Progesteron, DHEA, Testosteron und Cortisol| Selbsttest f\u00fcr Zuhause - Markt-XXL","description":"Markt-XXL EVERLAB Hormontest Gesamtstatus \u2013 6 wichtige Hormone schnell &amp; einfach pr\u00fcfen | Speicheltest f\u00fcr \u00d6stradiol, \u00d6striol, Progesteron, DHEA, Testosteron und Cortisol| Selbsttest f\u00fcr Zuhause","robots":{"index":"index","follow":"follow","max-snippet":"max-snippet:-1","max-image-preview":"max-image-preview:large","max-video-preview":"max-video-preview:-1"},"canonical":"https:\/\/marktxxl.de\/markt\/produkt\/everlab-hormontest-gesamtstatus-6-wichtige-hormone-schnell-einfach-pruefen-speicheltest-fuer-oestradiol-oestriol-progesteron-dhea-testosteron-und-cortisol-selbsttest-fuer-zuhaus\/","og_locale":"de_DE","og_type":"article","og_title":"EVERLAB Hormontest Gesamtstatus \u2013 6 wichtige Hormone schnell &amp; einfach pr\u00fcfen | Speicheltest f\u00fcr \u00d6stradiol, \u00d6striol, Progesteron, DHEA, Testosteron und Cortisol| Selbsttest f\u00fcr Zuhause - Markt-XXL","og_description":"Markt-XXL EVERLAB Hormontest Gesamtstatus \u2013 6 wichtige Hormone schnell &amp; einfach pr\u00fcfen | Speicheltest f\u00fcr \u00d6stradiol, \u00d6striol, Progesteron, DHEA, Testosteron und Cortisol| Selbsttest f\u00fcr Zuhause","og_url":"https:\/\/marktxxl.de\/markt\/produkt\/everlab-hormontest-gesamtstatus-6-wichtige-hormone-schnell-einfach-pruefen-speicheltest-fuer-oestradiol-oestriol-progesteron-dhea-testosteron-und-cortisol-selbsttest-fuer-zuhaus\/","og_site_name":"Markt-XXL","twitter_card":"summary_large_image","twitter_misc":{"Gesch\u00e4tzte Lesezeit":"1\u00a0Minute"},"schema":{"@context":"https:\/\/schema.org","@graph":[{"@type":"WebPage","@id":"https:\/\/marktxxl.de\/markt\/produkt\/everlab-hormontest-gesamtstatus-6-wichtige-hormone-schnell-einfach-pruefen-speicheltest-fuer-oestradiol-oestriol-progesteron-dhea-testosteron-und-cortisol-selbsttest-fuer-zuhaus\/","url":"https:\/\/marktxxl.de\/markt\/produkt\/everlab-hormontest-gesamtstatus-6-wichtige-hormone-schnell-einfach-pruefen-speicheltest-fuer-oestradiol-oestriol-progesteron-dhea-testosteron-und-cortisol-selbsttest-fuer-zuhaus\/","name":"EVERLAB Hormontest Gesamtstatus \u2013 6 wichtige Hormone schnell &amp; einfach pr\u00fcfen | Speicheltest f\u00fcr \u00d6stradiol, \u00d6striol, Progesteron, DHEA, Testosteron und Cortisol| Selbsttest f\u00fcr Zuhause - Markt-XXL","isPartOf":{"@id":"https:\/\/marktxxl.de\/markt\/#website"},"primaryImageOfPage":{"@id":"https:\/\/marktxxl.de\/markt\/produkt\/everlab-hormontest-gesamtstatus-6-wichtige-hormone-schnell-einfach-pruefen-speicheltest-fuer-oestradiol-oestriol-progesteron-dhea-testosteron-und-cortisol-selbsttest-fuer-zuhaus\/#primaryimage"},"image":{"@id":"https:\/\/marktxxl.de\/markt\/produkt\/everlab-hormontest-gesamtstatus-6-wichtige-hormone-schnell-einfach-pruefen-speicheltest-fuer-oestradiol-oestriol-progesteron-dhea-testosteron-und-cortisol-selbsttest-fuer-zuhaus\/#primaryimage"},"thumbnailUrl":"https:\/\/m.media-amazon.com\/images\/I\/41ulUU5OmHL._SL500_.jpg","datePublished":"2024-07-28T11:07:56+00:00","description":"Markt-XXL EVERLAB Hormontest Gesamtstatus \u2013 6 wichtige Hormone schnell &amp; einfach pr\u00fcfen | Speicheltest f\u00fcr \u00d6stradiol, \u00d6striol, Progesteron, DHEA, Testosteron und Cortisol| Selbsttest f\u00fcr Zuhause","breadcrumb":{"@id":"https:\/\/marktxxl.de\/markt\/produkt\/everlab-hormontest-gesamtstatus-6-wichtige-hormone-schnell-einfach-pruefen-speicheltest-fuer-oestradiol-oestriol-progesteron-dhea-testosteron-und-cortisol-selbsttest-fuer-zuhaus\/#breadcrumb"},"inLanguage":"de","potentialAction":[{"@type":"ReadAction","target":["https:\/\/marktxxl.de\/markt\/produkt\/everlab-hormontest-gesamtstatus-6-wichtige-hormone-schnell-einfach-pruefen-speicheltest-fuer-oestradiol-oestriol-progesteron-dhea-testosteron-und-cortisol-selbsttest-fuer-zuhaus\/"]}]},{"@type":"ImageObject","inLanguage":"de","@id":"https:\/\/marktxxl.de\/markt\/produkt\/everlab-hormontest-gesamtstatus-6-wichtige-hormone-schnell-einfach-pruefen-speicheltest-fuer-oestradiol-oestriol-progesteron-dhea-testosteron-und-cortisol-selbsttest-fuer-zuhaus\/#primaryimage","url":"https:\/\/m.media-amazon.com\/images\/I\/41ulUU5OmHL._SL500_.jpg","contentUrl":"https:\/\/m.media-amazon.com\/images\/I\/41ulUU5OmHL._SL500_.jpg","width":500,"height":500},{"@type":"BreadcrumbList","@id":"https:\/\/marktxxl.de\/markt\/produkt\/everlab-hormontest-gesamtstatus-6-wichtige-hormone-schnell-einfach-pruefen-speicheltest-fuer-oestradiol-oestriol-progesteron-dhea-testosteron-und-cortisol-selbsttest-fuer-zuhaus\/#breadcrumb","itemListElement":[{"@type":"ListItem","position":1,"name":"Startseite","item":"https:\/\/marktxxl.de\/markt\/"},{"@type":"ListItem","position":2,"name":"Markt","item":"https:\/\/marktxxl.de\/markt\/"},{"@type":"ListItem","position":3,"name":"EVERLAB Hormontest Gesamtstatus \u2013 6 wichtige Hormone schnell &amp; einfach pr\u00fcfen | Speicheltest f\u00fcr \u00d6stradiol, \u00d6striol, Progesteron, DHEA, Testosteron und Cortisol| Selbsttest f\u00fcr Zuhause"}]},{"@type":"WebSite","@id":"https:\/\/marktxxl.de\/markt\/#website","url":"https:\/\/marktxxl.de\/markt\/","name":"Markt-XXL","description":"Ihr Markt Online","publisher":{"@id":"https:\/\/marktxxl.de\/markt\/#organization"},"potentialAction":[{"@type":"SearchAction","target":{"@type":"EntryPoint","urlTemplate":"https:\/\/marktxxl.de\/markt\/?s={search_term_string}"},"query-input":{"@type":"PropertyValueSpecification","valueRequired":true,"valueName":"search_term_string"}}],"inLanguage":"de"},{"@type":"Organization","@id":"https:\/\/marktxxl.de\/markt\/#organization","name":"Markt-XXL","url":"https:\/\/marktxxl.de\/markt\/","logo":{"@type":"ImageObject","inLanguage":"de","@id":"https:\/\/marktxxl.de\/markt\/#\/schema\/logo\/image\/","url":"https:\/\/marktxxl.de\/markt\/wp-content\/uploads\/sites\/3\/2020\/12\/logo.png","contentUrl":"https:\/\/marktxxl.de\/markt\/wp-content\/uploads\/sites\/3\/2020\/12\/logo.png","width":200,"height":70,"caption":"Markt-XXL"},"image":{"@id":"https:\/\/marktxxl.de\/markt\/#\/schema\/logo\/image\/"}}]}},"_links":{"self":[{"href":"https:\/\/marktxxl.de\/markt\/wp-json\/wp\/v2\/product\/220570","targetHints":{"allow":["GET"]}}],"collection":[{"href":"https:\/\/marktxxl.de\/markt\/wp-json\/wp\/v2\/product"}],"about":[{"href":"https:\/\/marktxxl.de\/markt\/wp-json\/wp\/v2\/types\/product"}],"replies":[{"embeddable":true,"href":"https:\/\/marktxxl.de\/markt\/wp-json\/wp\/v2\/comments?post=220570"}],"wp:featuredmedia":[{"embeddable":true,"href":"https:\/\/marktxxl.de\/markt\/wp-json\/wp\/v2\/media\/220571"}],"wp:attachment":[{"href":"https:\/\/marktxxl.de\/markt\/wp-json\/wp\/v2\/media?parent=220570"}],"wp:term":[{"taxonomy":"product_brand","embeddable":true,"href":"https:\/\/marktxxl.de\/markt\/wp-json\/wp\/v2\/product_brand?post=220570"},{"taxonomy":"product_cat","embeddable":true,"href":"https:\/\/marktxxl.de\/markt\/wp-json\/wp\/v2\/product_cat?post=220570"},{"taxonomy":"product_tag","embeddable":true,"href":"https:\/\/marktxxl.de\/markt\/wp-json\/wp\/v2\/product_tag?post=220570"}],"curies":[{"name":"wp","href":"https:\/\/api.w.org\/{rel}","templated":true}]}}