{"id":220442,"date":"2024-07-28T13:04:03","date_gmt":"2024-07-28T11:04:03","guid":{"rendered":"https:\/\/marktxxl.de\/markt\/produkt\/the-scratch-book-couple-bed-edition-45-dirty-scratch-off-abenteuer-fuers-schlafzimmer-erlebnisbuch-fuer-paare-mit-rubbelfeldern-spiele-fuer-paare-geschenk-fuer-freund-freundin\/"},"modified":"2024-07-28T13:04:03","modified_gmt":"2024-07-28T11:04:03","slug":"the-scratch-book-couple-bed-edition-45-dirty-scratch-off-abenteuer-fuers-schlafzimmer-erlebnisbuch-fuer-paare-mit-rubbelfeldern-spiele-fuer-paare-geschenk-fuer-freund-freundin","status":"publish","type":"product","link":"https:\/\/marktxxl.de\/markt\/produkt\/the-scratch-book-couple-bed-edition-45-dirty-scratch-off-abenteuer-fuers-schlafzimmer-erlebnisbuch-fuer-paare-mit-rubbelfeldern-spiele-fuer-paare-geschenk-fuer-freund-freundin\/","title":{"rendered":"The Scratch Book \u2013 Couple Bed Edition | 45 Dirty Scratch-Off Abenteuer f\u00fcrs Schlafzimmer | Erlebnisbuch f\u00fcr Paare mit Rubbelfeldern | Spiele f\u00fcr Paare |Geschenk f\u00fcr Freund &amp; Freundin | Partnergeschenk"},"content":{"rendered":"<p>\ud83d\udd25 \ud835\udc02\ud835\udc0e\ud835\udc14\ud835\udc0f\ud835\udc0b\ud835\udc04 \ud835\udc01\ud835\udc14\ud835\udc02\ud835\udc07 \ud835\udc0c\ud835\udc08\ud835\udc13 \ud835\udfd2\ud835\udfd3 \ud835\udc01\ud835\udc04\ud835\udc03 \ud835\udc12\ud835\udc13\ud835\udc0e\ud835\udc11\ud835\udc08\ud835\udc04\ud835\udc12: Abwechslung und intensive Zweisamkeit. Das Liebesleben kann manchmal eint\u00f6nig sein\u2026 Wir haben es euch einfach gemacht! In unserem Abenteuer-Buch findet ihr intensive und romantische Schlafzimmer-Ideen.<br \/>\n\u2764\ufe0f\ud835\udc0a\ud835\udc04\ud835\udc08\ud835\udc0d\ud835\udc04 \ud835\udc11\u00dc\ud835\udc02\ud835\udc0a\ud835\udc19\ud835\udc08\ud835\udc04\ud835\udc07\ud835\udc04\ud835\udc11! Sobald Ihr die Herausforderung freigerubbelt habt, M\u00dcSST ihr sie machen. F\u00fcr jede Herausforderung gibt es einen Zeit- und Budgetrahmen, der euch bei der Entscheidung hilft. Hierbei stehen keine Stellungen im Vordergrund, vielmehr die Verbindung um das Abenteuer im Bett zu steigern.<br \/>\n\ud83d\udc91\ud835\udc05\u00dc\ud835\udc11 \ud835\udc00\ud835\udc0b\ud835\udc0b\ud835\udc04 \ud835\udc0f\ud835\udc00\ud835\udc00\ud835\udc11\ud835\udc04 \ud835\udc06\ud835\udc04\ud835\udc04\ud835\udc08\ud835\udc06\ud835\udc0d\ud835\udc04\ud835\udc13: Egal, ob ihr euer erstes Date oder ob Ihr euren 50. Jahrestag feiert, dieses Buch f\u00fcr Paare ist perfekt f\u00fcr euch. F\u00fcr alle, die langweilige Geschenke f\u00fcr Frauen oder M\u00e4nner satt, haben und lieber ausgefallene Geschenke bevorzugen.<br \/>\n\ud83c\udf81\ud835\udc03\ud835\udc00\ud835\udc12 \ud835\udc0f\ud835\udc04\ud835\udc11\ud835\udc05\ud835\udc04\ud835\udc0a\ud835\udc13\ud835\udc04 \ud835\udc0f\ud835\udc00\ud835\udc00\ud835\udc11\ud835\udc06\ud835\udc04\ud835\udc12\ud835\udc02\ud835\udc07\ud835\udc04\ud835\udc0d\ud835\udc0a: Netflix und Chillen? Nein danke! Dieses Buch l\u00e4sst euch einzigartige Momente erleben und kann als Fotoalbum \/ Scrapbook genutzt werden. Es ist die perfekte Geschenkidee \u2013 als Erlebnisbuch f\u00fcr Paare, Geburtstagsgeschenk, P\u00e4rchen Geschenk, Valentinstaggeschenk, Jahrestaggeschenk oder als Geschenk f\u00fcr Freundin oder Freund.<br \/>\n\u2705\ud835\udc03\ud835\udc04\ud835\udc11 \ud835\udc07\ud835\udc00\ud835\udc0a\ud835\udc04\ud835\udc0d \ud835\udc00\ud835\udc0d \ud835\udc03\ud835\udc04\ud835\udc11 \ud835\udc12\ud835\udc00\ud835\udc02\ud835\udc07\ud835\udc04? Ihr wisst nicht, um welches Abenteuer es sich handelt, bis ihr die supergeheime Abenteuerfolie freirubbelt (wie ein Lotterielos, aber statt 5 Euro zu verlieren, werdet ihr auf jeden Fall einen H\u00f6hepunkt erleben\ud83d\ude09).<br \/>\n<div class=\"main-cross-sell\" data-asin=\"B0C1DQY146\">\n\n\t<div class=\"WooZone-cross-sell-loader\">\n\t\t<div>\n\t\t\t<div id=\"floatingBarsG\">\n\t\t\t\t<div class=\"blockG\" id=\"rotateG_01\"><\/div>\n\t\t\t\t<div class=\"blockG\" id=\"rotateG_02\"><\/div>\n\t\t\t\t<div class=\"blockG\" id=\"rotateG_03\"><\/div>\n\t\t\t\t<div class=\"blockG\" id=\"rotateG_04\"><\/div>\n\t\t\t\t<div class=\"blockG\" id=\"rotateG_05\"><\/div>\n\t\t\t\t<div class=\"blockG\" id=\"rotateG_06\"><\/div>\n\t\t\t\t<div class=\"blockG\" id=\"rotateG_07\"><\/div>\n\t\t\t\t<div class=\"blockG\" id=\"rotateG_08\"><\/div>\n\t\t\t<\/div>\n\t\t\t<div class=\"WooZone-cross-sell-loader-text\"><\/div>\n\t\t<\/div>\n\t<\/div>\n\n\t\t\n<\/div>\n<div style=\"clear:both;\"><\/div><\/p>\n","protected":false},"excerpt":{"rendered":"<p>\ud83d\udd25 \ud835\udc02\ud835\udc0e\ud835\udc14\ud835\udc0f\ud835\udc0b\ud835\udc04 \ud835\udc01\ud835\udc14\ud835\udc02\ud835\udc07 \ud835\udc0c\ud835\udc08\ud835\udc13 \ud835\udfd2\ud835\udfd3 \ud835\udc01\ud835\udc04\ud835\udc03 \ud835\udc12\ud835\udc13\ud835\udc0e\ud835\udc11\ud835\udc08\ud835\udc04\ud835\udc12: Abwechslung und intensive Zweisamkeit. Das Liebesleben kann manchmal eint\u00f6nig sein\u2026 Wir haben es euch einfach gemacht! In unserem Abenteuer-Buch findet ihr intensive und romantische Schlafzimmer-Ideen.<br \/>\n\u2764\ufe0f\ud835\udc0a\ud835\udc04\ud835\udc08\ud835\udc0d\ud835\udc04 \ud835\udc11\u00dc\ud835\udc02\ud835\udc0a\ud835\udc19\ud835\udc08\ud835\udc04\ud835\udc07\ud835\udc04\ud835\udc11! Sobald Ihr die Herausforderung freigerubbelt habt, M\u00dcSST ihr sie machen. F\u00fcr jede Herausforderung gibt es einen Zeit- und Budgetrahmen, der euch bei der Entscheidung hilft. Hierbei stehen keine Stellungen im Vordergrund, vielmehr die Verbindung um das Abenteuer im Bett zu steigern.<br \/>\n\ud83d\udc91\ud835\udc05\u00dc\ud835\udc11 \ud835\udc00\ud835\udc0b\ud835\udc0b\ud835\udc04 \ud835\udc0f\ud835\udc00\ud835\udc00\ud835\udc11\ud835\udc04 \ud835\udc06\ud835\udc04\ud835\udc04\ud835\udc08\ud835\udc06\ud835\udc0d\ud835\udc04\ud835\udc13: Egal, ob ihr euer erstes Date oder ob Ihr euren 50. Jahrestag feiert, dieses Buch f\u00fcr Paare ist perfekt f\u00fcr euch. F\u00fcr alle, die langweilige Geschenke f\u00fcr Frauen oder M\u00e4nner satt, haben und lieber ausgefallene Geschenke bevorzugen.<\/p>\n","protected":false},"featured_media":220443,"comment_status":"open","ping_status":"closed","template":"","meta":[],"product_brand":[],"product_cat":[652],"product_tag":[],"class_list":{"0":"post-220442","1":"product","2":"type-product","3":"status-publish","4":"has-post-thumbnail","6":"product_cat-erotik-markt-xxl","7":"pa_binding-unbekannter-einband","8":"pa_brand-generisch","9":"pa_height-0-393700787-zoll","10":"pa_languages-unbekannt-deutsch","11":"pa_length-9-842519675-zoll","12":"pa_manufacturer-thescratchbook","13":"pa_weight-0-65-kilogramm","14":"pa_width-7-086614166-zoll","16":"first","17":"instock","18":"shipping-taxable","19":"purchasable","20":"product-type-simple","21":"customify-col","22":"product-has-gallery"},"yoast_head":"<!-- This site is optimized with the Yoast SEO plugin v27.4 - https:\/\/yoast.com\/product\/yoast-seo-wordpress\/ -->\n<title>The Scratch Book \u2013 Couple Bed Edition | 45 Dirty Scratch-Off Abenteuer f\u00fcrs Schlafzimmer | Erlebnisbuch f\u00fcr Paare mit Rubbelfeldern | Spiele f\u00fcr Paare |Geschenk f\u00fcr Freund &amp; Freundin | Partnergeschenk - Markt-XXL<\/title>\n<meta name=\"description\" content=\"Markt-XXL The Scratch Book \u2013 Couple Bed Edition | 45 Dirty Scratch-Off Abenteuer f\u00fcrs Schlafzimmer | Erlebnisbuch f\u00fcr Paare mit Rubbelfeldern | Spiele f\u00fcr Paare |Geschenk f\u00fcr Freund &amp; Freundin | Partnergeschenk\" \/>\n<meta name=\"robots\" content=\"index, follow, max-snippet:-1, max-image-preview:large, max-video-preview:-1\" \/>\n<link rel=\"canonical\" href=\"https:\/\/marktxxl.de\/markt\/produkt\/the-scratch-book-couple-bed-edition-45-dirty-scratch-off-abenteuer-fuers-schlafzimmer-erlebnisbuch-fuer-paare-mit-rubbelfeldern-spiele-fuer-paare-geschenk-fuer-freund-freundin\/\" \/>\n<meta property=\"og:locale\" content=\"de_DE\" \/>\n<meta property=\"og:type\" content=\"article\" \/>\n<meta property=\"og:title\" content=\"The Scratch Book \u2013 Couple Bed Edition | 45 Dirty Scratch-Off Abenteuer f\u00fcrs Schlafzimmer | Erlebnisbuch f\u00fcr Paare mit Rubbelfeldern | Spiele f\u00fcr Paare |Geschenk f\u00fcr Freund &amp; Freundin | Partnergeschenk - Markt-XXL\" \/>\n<meta property=\"og:description\" content=\"Markt-XXL The Scratch Book \u2013 Couple Bed Edition | 45 Dirty Scratch-Off Abenteuer f\u00fcrs Schlafzimmer | Erlebnisbuch f\u00fcr Paare mit Rubbelfeldern | Spiele f\u00fcr Paare |Geschenk f\u00fcr Freund &amp; Freundin | Partnergeschenk\" \/>\n<meta property=\"og:url\" content=\"https:\/\/marktxxl.de\/markt\/produkt\/the-scratch-book-couple-bed-edition-45-dirty-scratch-off-abenteuer-fuers-schlafzimmer-erlebnisbuch-fuer-paare-mit-rubbelfeldern-spiele-fuer-paare-geschenk-fuer-freund-freundin\/\" \/>\n<meta property=\"og:site_name\" content=\"Markt-XXL\" \/>\n<meta name=\"twitter:card\" content=\"summary_large_image\" \/>\n<meta name=\"twitter:label1\" content=\"Gesch\u00e4tzte Lesezeit\" \/>\n\t<meta name=\"twitter:data1\" content=\"1\u00a0Minute\" \/>\n<script type=\"application\/ld+json\" class=\"yoast-schema-graph\">{\"@context\":\"https:\\\/\\\/schema.org\",\"@graph\":[{\"@type\":\"WebPage\",\"@id\":\"https:\\\/\\\/marktxxl.de\\\/markt\\\/produkt\\\/the-scratch-book-couple-bed-edition-45-dirty-scratch-off-abenteuer-fuers-schlafzimmer-erlebnisbuch-fuer-paare-mit-rubbelfeldern-spiele-fuer-paare-geschenk-fuer-freund-freundin\\\/\",\"url\":\"https:\\\/\\\/marktxxl.de\\\/markt\\\/produkt\\\/the-scratch-book-couple-bed-edition-45-dirty-scratch-off-abenteuer-fuers-schlafzimmer-erlebnisbuch-fuer-paare-mit-rubbelfeldern-spiele-fuer-paare-geschenk-fuer-freund-freundin\\\/\",\"name\":\"The Scratch Book \u2013 Couple Bed Edition | 45 Dirty Scratch-Off Abenteuer f\u00fcrs Schlafzimmer | Erlebnisbuch f\u00fcr Paare mit Rubbelfeldern | Spiele f\u00fcr Paare |Geschenk f\u00fcr Freund &amp; Freundin | Partnergeschenk - Markt-XXL\",\"isPartOf\":{\"@id\":\"https:\\\/\\\/marktxxl.de\\\/markt\\\/#website\"},\"primaryImageOfPage\":{\"@id\":\"https:\\\/\\\/marktxxl.de\\\/markt\\\/produkt\\\/the-scratch-book-couple-bed-edition-45-dirty-scratch-off-abenteuer-fuers-schlafzimmer-erlebnisbuch-fuer-paare-mit-rubbelfeldern-spiele-fuer-paare-geschenk-fuer-freund-freundin\\\/#primaryimage\"},\"image\":{\"@id\":\"https:\\\/\\\/marktxxl.de\\\/markt\\\/produkt\\\/the-scratch-book-couple-bed-edition-45-dirty-scratch-off-abenteuer-fuers-schlafzimmer-erlebnisbuch-fuer-paare-mit-rubbelfeldern-spiele-fuer-paare-geschenk-fuer-freund-freundin\\\/#primaryimage\"},\"thumbnailUrl\":\"https:\\\/\\\/m.media-amazon.com\\\/images\\\/I\\\/41spjW24gUL._SL500_.jpg\",\"datePublished\":\"2024-07-28T11:04:03+00:00\",\"description\":\"Markt-XXL The Scratch Book \u2013 Couple Bed Edition | 45 Dirty Scratch-Off Abenteuer f\u00fcrs Schlafzimmer | Erlebnisbuch f\u00fcr Paare mit Rubbelfeldern | Spiele f\u00fcr Paare |Geschenk f\u00fcr Freund &amp; Freundin | Partnergeschenk\",\"breadcrumb\":{\"@id\":\"https:\\\/\\\/marktxxl.de\\\/markt\\\/produkt\\\/the-scratch-book-couple-bed-edition-45-dirty-scratch-off-abenteuer-fuers-schlafzimmer-erlebnisbuch-fuer-paare-mit-rubbelfeldern-spiele-fuer-paare-geschenk-fuer-freund-freundin\\\/#breadcrumb\"},\"inLanguage\":\"de\",\"potentialAction\":[{\"@type\":\"ReadAction\",\"target\":[\"https:\\\/\\\/marktxxl.de\\\/markt\\\/produkt\\\/the-scratch-book-couple-bed-edition-45-dirty-scratch-off-abenteuer-fuers-schlafzimmer-erlebnisbuch-fuer-paare-mit-rubbelfeldern-spiele-fuer-paare-geschenk-fuer-freund-freundin\\\/\"]}]},{\"@type\":\"ImageObject\",\"inLanguage\":\"de\",\"@id\":\"https:\\\/\\\/marktxxl.de\\\/markt\\\/produkt\\\/the-scratch-book-couple-bed-edition-45-dirty-scratch-off-abenteuer-fuers-schlafzimmer-erlebnisbuch-fuer-paare-mit-rubbelfeldern-spiele-fuer-paare-geschenk-fuer-freund-freundin\\\/#primaryimage\",\"url\":\"https:\\\/\\\/m.media-amazon.com\\\/images\\\/I\\\/41spjW24gUL._SL500_.jpg\",\"contentUrl\":\"https:\\\/\\\/m.media-amazon.com\\\/images\\\/I\\\/41spjW24gUL._SL500_.jpg\",\"width\":500,\"height\":500},{\"@type\":\"BreadcrumbList\",\"@id\":\"https:\\\/\\\/marktxxl.de\\\/markt\\\/produkt\\\/the-scratch-book-couple-bed-edition-45-dirty-scratch-off-abenteuer-fuers-schlafzimmer-erlebnisbuch-fuer-paare-mit-rubbelfeldern-spiele-fuer-paare-geschenk-fuer-freund-freundin\\\/#breadcrumb\",\"itemListElement\":[{\"@type\":\"ListItem\",\"position\":1,\"name\":\"Startseite\",\"item\":\"https:\\\/\\\/marktxxl.de\\\/markt\\\/\"},{\"@type\":\"ListItem\",\"position\":2,\"name\":\"Markt\",\"item\":\"https:\\\/\\\/marktxxl.de\\\/markt\\\/\"},{\"@type\":\"ListItem\",\"position\":3,\"name\":\"The Scratch Book \u2013 Couple Bed Edition | 45 Dirty Scratch-Off Abenteuer f\u00fcrs Schlafzimmer | Erlebnisbuch f\u00fcr Paare mit Rubbelfeldern | Spiele f\u00fcr Paare |Geschenk f\u00fcr Freund &amp; Freundin | Partnergeschenk\"}]},{\"@type\":\"WebSite\",\"@id\":\"https:\\\/\\\/marktxxl.de\\\/markt\\\/#website\",\"url\":\"https:\\\/\\\/marktxxl.de\\\/markt\\\/\",\"name\":\"Markt-XXL\",\"description\":\"Ihr Markt Online\",\"publisher\":{\"@id\":\"https:\\\/\\\/marktxxl.de\\\/markt\\\/#organization\"},\"potentialAction\":[{\"@type\":\"SearchAction\",\"target\":{\"@type\":\"EntryPoint\",\"urlTemplate\":\"https:\\\/\\\/marktxxl.de\\\/markt\\\/?s={search_term_string}\"},\"query-input\":{\"@type\":\"PropertyValueSpecification\",\"valueRequired\":true,\"valueName\":\"search_term_string\"}}],\"inLanguage\":\"de\"},{\"@type\":\"Organization\",\"@id\":\"https:\\\/\\\/marktxxl.de\\\/markt\\\/#organization\",\"name\":\"Markt-XXL\",\"url\":\"https:\\\/\\\/marktxxl.de\\\/markt\\\/\",\"logo\":{\"@type\":\"ImageObject\",\"inLanguage\":\"de\",\"@id\":\"https:\\\/\\\/marktxxl.de\\\/markt\\\/#\\\/schema\\\/logo\\\/image\\\/\",\"url\":\"https:\\\/\\\/marktxxl.de\\\/markt\\\/wp-content\\\/uploads\\\/sites\\\/3\\\/2020\\\/12\\\/logo.png\",\"contentUrl\":\"https:\\\/\\\/marktxxl.de\\\/markt\\\/wp-content\\\/uploads\\\/sites\\\/3\\\/2020\\\/12\\\/logo.png\",\"width\":200,\"height\":70,\"caption\":\"Markt-XXL\"},\"image\":{\"@id\":\"https:\\\/\\\/marktxxl.de\\\/markt\\\/#\\\/schema\\\/logo\\\/image\\\/\"}}]}<\/script>\n<!-- \/ Yoast SEO plugin. -->","yoast_head_json":{"title":"The Scratch Book \u2013 Couple Bed Edition | 45 Dirty Scratch-Off Abenteuer f\u00fcrs Schlafzimmer | Erlebnisbuch f\u00fcr Paare mit Rubbelfeldern | Spiele f\u00fcr Paare |Geschenk f\u00fcr Freund &amp; Freundin | Partnergeschenk - Markt-XXL","description":"Markt-XXL The Scratch Book \u2013 Couple Bed Edition | 45 Dirty Scratch-Off Abenteuer f\u00fcrs Schlafzimmer | Erlebnisbuch f\u00fcr Paare mit Rubbelfeldern | Spiele f\u00fcr Paare |Geschenk f\u00fcr Freund &amp; Freundin | Partnergeschenk","robots":{"index":"index","follow":"follow","max-snippet":"max-snippet:-1","max-image-preview":"max-image-preview:large","max-video-preview":"max-video-preview:-1"},"canonical":"https:\/\/marktxxl.de\/markt\/produkt\/the-scratch-book-couple-bed-edition-45-dirty-scratch-off-abenteuer-fuers-schlafzimmer-erlebnisbuch-fuer-paare-mit-rubbelfeldern-spiele-fuer-paare-geschenk-fuer-freund-freundin\/","og_locale":"de_DE","og_type":"article","og_title":"The Scratch Book \u2013 Couple Bed Edition | 45 Dirty Scratch-Off Abenteuer f\u00fcrs Schlafzimmer | Erlebnisbuch f\u00fcr Paare mit Rubbelfeldern | Spiele f\u00fcr Paare |Geschenk f\u00fcr Freund &amp; Freundin | Partnergeschenk - Markt-XXL","og_description":"Markt-XXL The Scratch Book \u2013 Couple Bed Edition | 45 Dirty Scratch-Off Abenteuer f\u00fcrs Schlafzimmer | Erlebnisbuch f\u00fcr Paare mit Rubbelfeldern | Spiele f\u00fcr Paare |Geschenk f\u00fcr Freund &amp; Freundin | Partnergeschenk","og_url":"https:\/\/marktxxl.de\/markt\/produkt\/the-scratch-book-couple-bed-edition-45-dirty-scratch-off-abenteuer-fuers-schlafzimmer-erlebnisbuch-fuer-paare-mit-rubbelfeldern-spiele-fuer-paare-geschenk-fuer-freund-freundin\/","og_site_name":"Markt-XXL","twitter_card":"summary_large_image","twitter_misc":{"Gesch\u00e4tzte Lesezeit":"1\u00a0Minute"},"schema":{"@context":"https:\/\/schema.org","@graph":[{"@type":"WebPage","@id":"https:\/\/marktxxl.de\/markt\/produkt\/the-scratch-book-couple-bed-edition-45-dirty-scratch-off-abenteuer-fuers-schlafzimmer-erlebnisbuch-fuer-paare-mit-rubbelfeldern-spiele-fuer-paare-geschenk-fuer-freund-freundin\/","url":"https:\/\/marktxxl.de\/markt\/produkt\/the-scratch-book-couple-bed-edition-45-dirty-scratch-off-abenteuer-fuers-schlafzimmer-erlebnisbuch-fuer-paare-mit-rubbelfeldern-spiele-fuer-paare-geschenk-fuer-freund-freundin\/","name":"The Scratch Book \u2013 Couple Bed Edition | 45 Dirty Scratch-Off Abenteuer f\u00fcrs Schlafzimmer | Erlebnisbuch f\u00fcr Paare mit Rubbelfeldern | Spiele f\u00fcr Paare |Geschenk f\u00fcr Freund &amp; Freundin | Partnergeschenk - Markt-XXL","isPartOf":{"@id":"https:\/\/marktxxl.de\/markt\/#website"},"primaryImageOfPage":{"@id":"https:\/\/marktxxl.de\/markt\/produkt\/the-scratch-book-couple-bed-edition-45-dirty-scratch-off-abenteuer-fuers-schlafzimmer-erlebnisbuch-fuer-paare-mit-rubbelfeldern-spiele-fuer-paare-geschenk-fuer-freund-freundin\/#primaryimage"},"image":{"@id":"https:\/\/marktxxl.de\/markt\/produkt\/the-scratch-book-couple-bed-edition-45-dirty-scratch-off-abenteuer-fuers-schlafzimmer-erlebnisbuch-fuer-paare-mit-rubbelfeldern-spiele-fuer-paare-geschenk-fuer-freund-freundin\/#primaryimage"},"thumbnailUrl":"https:\/\/m.media-amazon.com\/images\/I\/41spjW24gUL._SL500_.jpg","datePublished":"2024-07-28T11:04:03+00:00","description":"Markt-XXL The Scratch Book \u2013 Couple Bed Edition | 45 Dirty Scratch-Off Abenteuer f\u00fcrs Schlafzimmer | Erlebnisbuch f\u00fcr Paare mit Rubbelfeldern | Spiele f\u00fcr Paare |Geschenk f\u00fcr Freund &amp; Freundin | Partnergeschenk","breadcrumb":{"@id":"https:\/\/marktxxl.de\/markt\/produkt\/the-scratch-book-couple-bed-edition-45-dirty-scratch-off-abenteuer-fuers-schlafzimmer-erlebnisbuch-fuer-paare-mit-rubbelfeldern-spiele-fuer-paare-geschenk-fuer-freund-freundin\/#breadcrumb"},"inLanguage":"de","potentialAction":[{"@type":"ReadAction","target":["https:\/\/marktxxl.de\/markt\/produkt\/the-scratch-book-couple-bed-edition-45-dirty-scratch-off-abenteuer-fuers-schlafzimmer-erlebnisbuch-fuer-paare-mit-rubbelfeldern-spiele-fuer-paare-geschenk-fuer-freund-freundin\/"]}]},{"@type":"ImageObject","inLanguage":"de","@id":"https:\/\/marktxxl.de\/markt\/produkt\/the-scratch-book-couple-bed-edition-45-dirty-scratch-off-abenteuer-fuers-schlafzimmer-erlebnisbuch-fuer-paare-mit-rubbelfeldern-spiele-fuer-paare-geschenk-fuer-freund-freundin\/#primaryimage","url":"https:\/\/m.media-amazon.com\/images\/I\/41spjW24gUL._SL500_.jpg","contentUrl":"https:\/\/m.media-amazon.com\/images\/I\/41spjW24gUL._SL500_.jpg","width":500,"height":500},{"@type":"BreadcrumbList","@id":"https:\/\/marktxxl.de\/markt\/produkt\/the-scratch-book-couple-bed-edition-45-dirty-scratch-off-abenteuer-fuers-schlafzimmer-erlebnisbuch-fuer-paare-mit-rubbelfeldern-spiele-fuer-paare-geschenk-fuer-freund-freundin\/#breadcrumb","itemListElement":[{"@type":"ListItem","position":1,"name":"Startseite","item":"https:\/\/marktxxl.de\/markt\/"},{"@type":"ListItem","position":2,"name":"Markt","item":"https:\/\/marktxxl.de\/markt\/"},{"@type":"ListItem","position":3,"name":"The Scratch Book \u2013 Couple Bed Edition | 45 Dirty Scratch-Off Abenteuer f\u00fcrs Schlafzimmer | Erlebnisbuch f\u00fcr Paare mit Rubbelfeldern | Spiele f\u00fcr Paare |Geschenk f\u00fcr Freund &amp; Freundin | Partnergeschenk"}]},{"@type":"WebSite","@id":"https:\/\/marktxxl.de\/markt\/#website","url":"https:\/\/marktxxl.de\/markt\/","name":"Markt-XXL","description":"Ihr Markt Online","publisher":{"@id":"https:\/\/marktxxl.de\/markt\/#organization"},"potentialAction":[{"@type":"SearchAction","target":{"@type":"EntryPoint","urlTemplate":"https:\/\/marktxxl.de\/markt\/?s={search_term_string}"},"query-input":{"@type":"PropertyValueSpecification","valueRequired":true,"valueName":"search_term_string"}}],"inLanguage":"de"},{"@type":"Organization","@id":"https:\/\/marktxxl.de\/markt\/#organization","name":"Markt-XXL","url":"https:\/\/marktxxl.de\/markt\/","logo":{"@type":"ImageObject","inLanguage":"de","@id":"https:\/\/marktxxl.de\/markt\/#\/schema\/logo\/image\/","url":"https:\/\/marktxxl.de\/markt\/wp-content\/uploads\/sites\/3\/2020\/12\/logo.png","contentUrl":"https:\/\/marktxxl.de\/markt\/wp-content\/uploads\/sites\/3\/2020\/12\/logo.png","width":200,"height":70,"caption":"Markt-XXL"},"image":{"@id":"https:\/\/marktxxl.de\/markt\/#\/schema\/logo\/image\/"}}]}},"_links":{"self":[{"href":"https:\/\/marktxxl.de\/markt\/wp-json\/wp\/v2\/product\/220442","targetHints":{"allow":["GET"]}}],"collection":[{"href":"https:\/\/marktxxl.de\/markt\/wp-json\/wp\/v2\/product"}],"about":[{"href":"https:\/\/marktxxl.de\/markt\/wp-json\/wp\/v2\/types\/product"}],"replies":[{"embeddable":true,"href":"https:\/\/marktxxl.de\/markt\/wp-json\/wp\/v2\/comments?post=220442"}],"wp:featuredmedia":[{"embeddable":true,"href":"https:\/\/marktxxl.de\/markt\/wp-json\/wp\/v2\/media\/220443"}],"wp:attachment":[{"href":"https:\/\/marktxxl.de\/markt\/wp-json\/wp\/v2\/media?parent=220442"}],"wp:term":[{"taxonomy":"product_brand","embeddable":true,"href":"https:\/\/marktxxl.de\/markt\/wp-json\/wp\/v2\/product_brand?post=220442"},{"taxonomy":"product_cat","embeddable":true,"href":"https:\/\/marktxxl.de\/markt\/wp-json\/wp\/v2\/product_cat?post=220442"},{"taxonomy":"product_tag","embeddable":true,"href":"https:\/\/marktxxl.de\/markt\/wp-json\/wp\/v2\/product_tag?post=220442"}],"curies":[{"name":"wp","href":"https:\/\/api.w.org\/{rel}","templated":true}]}}