{"id":220326,"date":"2024-07-28T12:43:28","date_gmt":"2024-07-28T10:43:28","guid":{"rendered":"https:\/\/marktxxl.de\/markt\/produkt\/wd-40-2135637-smart-straw-schmiermittel-transparent-350ml\/"},"modified":"2024-07-28T12:43:28","modified_gmt":"2024-07-28T10:43:28","slug":"wd-40-2135637-smart-straw-schmiermittel-transparent-350ml","status":"publish","type":"product","link":"https:\/\/marktxxl.de\/markt\/produkt\/wd-40-2135637-smart-straw-schmiermittel-transparent-350ml\/","title":{"rendered":"WD-40 2135637 Smart Straw Schmiermittel, transparent, 350ML"},"content":{"rendered":"<p>Probleml\u00f6ser \u2013 l\u00f6st tausende Probleme in Ihrem Haus und in Ihrer Werkstatt. Dieses Allzweckspray bietet die vielseitige L\u00f6sung f\u00fcr die Pflege von Metallen, elektrischen Beschl\u00e4gen und Maschinen.<br \/>\nSCH\u00dcTZT UND PFLEGE \u2013 Das Spray \u00d6L repariert die Metalle vor Rost und befeuchtet durch Befeuchtung der festgelegten Teile selbst elektrische Beschl\u00e4ge.<br \/>\nReinigt und heilt \u2013 das Reiniger-Spray beseitigt Kleberr\u00fcckst\u00e4nde, \u00d6l- und Schmutztellern sorgt f\u00fcr eine schnelle L\u00f6sung f\u00fcr Quietschende T\u00fcr und Fugen.<br \/>\nPRAKTISCHE ANWENDUNG &#8211; Zusammen mit der intelligenten D\u00fcse erm\u00f6glichen sie eine einfache Handhabung. Vor Gebrauch gut sch\u00fctteln. Dieses nicht abwischbare Pflegeprodukt wird zum Absaugen auf der Oberfl\u00e4che gelassen. Verwenden Sie die Box nicht nebeneinander, aufrecht oder auf den Kopf.<br \/>\nInhalt der Verpackung \u2013 WD-40 Probleml\u00f6ser, Anti-Rost, Reiniger, Schmiermittel und Konservierung. Pflegespray f\u00fcr die schonende und pflegende Allzweckfl\u00fcssigkeit f\u00fcr Maschinen- und Elektroger\u00e4te 1x350ml<br \/>\n<div class=\"main-cross-sell\" data-asin=\"B07CXW4Z5Q\">\n\n\t<div class=\"WooZone-cross-sell-loader\">\n\t\t<div>\n\t\t\t<div id=\"floatingBarsG\">\n\t\t\t\t<div class=\"blockG\" id=\"rotateG_01\"><\/div>\n\t\t\t\t<div class=\"blockG\" id=\"rotateG_02\"><\/div>\n\t\t\t\t<div class=\"blockG\" id=\"rotateG_03\"><\/div>\n\t\t\t\t<div class=\"blockG\" id=\"rotateG_04\"><\/div>\n\t\t\t\t<div class=\"blockG\" id=\"rotateG_05\"><\/div>\n\t\t\t\t<div class=\"blockG\" id=\"rotateG_06\"><\/div>\n\t\t\t\t<div class=\"blockG\" id=\"rotateG_07\"><\/div>\n\t\t\t\t<div class=\"blockG\" id=\"rotateG_08\"><\/div>\n\t\t\t<\/div>\n\t\t\t<div class=\"WooZone-cross-sell-loader-text\"><\/div>\n\t\t<\/div>\n\t<\/div>\n\n\t\t\n<\/div>\n<div style=\"clear:both;\"><\/div><\/p>\n","protected":false},"excerpt":{"rendered":"<p>Probleml\u00f6ser \u2013 l\u00f6st tausende Probleme in Ihrem Haus und in Ihrer Werkstatt. Dieses Allzweckspray bietet die vielseitige L\u00f6sung f\u00fcr die Pflege von Metallen, elektrischen Beschl\u00e4gen und Maschinen.<br \/>\nSCH\u00dcTZT UND PFLEGE \u2013 Das Spray \u00d6L repariert die Metalle vor Rost und befeuchtet durch Befeuchtung der festgelegten Teile selbst elektrische Beschl\u00e4ge.<br \/>\nReinigt und heilt \u2013 das Reiniger-Spray beseitigt Kleberr\u00fcckst\u00e4nde, \u00d6l- und Schmutztellern sorgt f\u00fcr eine schnelle L\u00f6sung f\u00fcr Quietschende T\u00fcr und Fugen.<\/p>\n","protected":false},"featured_media":220327,"comment_status":"open","ping_status":"closed","template":"","meta":[],"product_brand":[],"product_cat":[652],"product_tag":[],"class_list":{"0":"post-220326","1":"product","2":"type-product","3":"status-publish","4":"has-post-thumbnail","6":"product_cat-erotik-markt-xxl","7":"pa_binding-werkzeug","8":"pa_brand-wd-40","9":"pa_color-transparent","10":"pa_height-7-4803-zoll","11":"pa_length-2-55905-zoll","12":"pa_manufacturer-henkel","13":"pa_model-55336","14":"pa_size-350-ml-1er-pack","15":"pa_weight-0-9700339528-pfund","16":"pa_width-2-55905-zoll","18":"first","19":"instock","20":"shipping-taxable","21":"purchasable","22":"product-type-simple","23":"customify-col","24":"product-has-gallery"},"yoast_head":"<!-- This site is optimized with the Yoast SEO plugin v27.3 - https:\/\/yoast.com\/product\/yoast-seo-wordpress\/ -->\n<title>WD-40 2135637 Smart Straw Schmiermittel, transparent, 350ML - Markt-XXL<\/title>\n<meta name=\"description\" content=\"Markt-XXL WD-40 2135637 Smart Straw Schmiermittel, transparent, 350ML\" \/>\n<meta name=\"robots\" content=\"index, follow, max-snippet:-1, max-image-preview:large, max-video-preview:-1\" \/>\n<link rel=\"canonical\" href=\"https:\/\/marktxxl.de\/markt\/produkt\/wd-40-2135637-smart-straw-schmiermittel-transparent-350ml\/\" \/>\n<meta property=\"og:locale\" content=\"de_DE\" \/>\n<meta property=\"og:type\" content=\"article\" \/>\n<meta property=\"og:title\" content=\"WD-40 2135637 Smart Straw Schmiermittel, transparent, 350ML - Markt-XXL\" \/>\n<meta property=\"og:description\" content=\"Markt-XXL WD-40 2135637 Smart Straw Schmiermittel, transparent, 350ML\" \/>\n<meta property=\"og:url\" content=\"https:\/\/marktxxl.de\/markt\/produkt\/wd-40-2135637-smart-straw-schmiermittel-transparent-350ml\/\" \/>\n<meta property=\"og:site_name\" content=\"Markt-XXL\" \/>\n<meta name=\"twitter:card\" content=\"summary_large_image\" \/>\n<meta name=\"twitter:label1\" content=\"Gesch\u00e4tzte Lesezeit\" \/>\n\t<meta name=\"twitter:data1\" content=\"1\u00a0Minute\" \/>\n<script type=\"application\/ld+json\" class=\"yoast-schema-graph\">{\"@context\":\"https:\\\/\\\/schema.org\",\"@graph\":[{\"@type\":\"WebPage\",\"@id\":\"https:\\\/\\\/marktxxl.de\\\/markt\\\/produkt\\\/wd-40-2135637-smart-straw-schmiermittel-transparent-350ml\\\/\",\"url\":\"https:\\\/\\\/marktxxl.de\\\/markt\\\/produkt\\\/wd-40-2135637-smart-straw-schmiermittel-transparent-350ml\\\/\",\"name\":\"WD-40 2135637 Smart Straw Schmiermittel, transparent, 350ML - Markt-XXL\",\"isPartOf\":{\"@id\":\"https:\\\/\\\/marktxxl.de\\\/markt\\\/#website\"},\"primaryImageOfPage\":{\"@id\":\"https:\\\/\\\/marktxxl.de\\\/markt\\\/produkt\\\/wd-40-2135637-smart-straw-schmiermittel-transparent-350ml\\\/#primaryimage\"},\"image\":{\"@id\":\"https:\\\/\\\/marktxxl.de\\\/markt\\\/produkt\\\/wd-40-2135637-smart-straw-schmiermittel-transparent-350ml\\\/#primaryimage\"},\"thumbnailUrl\":\"https:\\\/\\\/m.media-amazon.com\\\/images\\\/I\\\/413l8OWmSBL._SL500_.jpg\",\"datePublished\":\"2024-07-28T10:43:28+00:00\",\"description\":\"Markt-XXL WD-40 2135637 Smart Straw Schmiermittel, transparent, 350ML\",\"breadcrumb\":{\"@id\":\"https:\\\/\\\/marktxxl.de\\\/markt\\\/produkt\\\/wd-40-2135637-smart-straw-schmiermittel-transparent-350ml\\\/#breadcrumb\"},\"inLanguage\":\"de\",\"potentialAction\":[{\"@type\":\"ReadAction\",\"target\":[\"https:\\\/\\\/marktxxl.de\\\/markt\\\/produkt\\\/wd-40-2135637-smart-straw-schmiermittel-transparent-350ml\\\/\"]}]},{\"@type\":\"ImageObject\",\"inLanguage\":\"de\",\"@id\":\"https:\\\/\\\/marktxxl.de\\\/markt\\\/produkt\\\/wd-40-2135637-smart-straw-schmiermittel-transparent-350ml\\\/#primaryimage\",\"url\":\"https:\\\/\\\/m.media-amazon.com\\\/images\\\/I\\\/413l8OWmSBL._SL500_.jpg\",\"contentUrl\":\"https:\\\/\\\/m.media-amazon.com\\\/images\\\/I\\\/413l8OWmSBL._SL500_.jpg\",\"width\":500,\"height\":500},{\"@type\":\"BreadcrumbList\",\"@id\":\"https:\\\/\\\/marktxxl.de\\\/markt\\\/produkt\\\/wd-40-2135637-smart-straw-schmiermittel-transparent-350ml\\\/#breadcrumb\",\"itemListElement\":[{\"@type\":\"ListItem\",\"position\":1,\"name\":\"Startseite\",\"item\":\"https:\\\/\\\/marktxxl.de\\\/markt\\\/\"},{\"@type\":\"ListItem\",\"position\":2,\"name\":\"Markt\",\"item\":\"https:\\\/\\\/marktxxl.de\\\/markt\\\/\"},{\"@type\":\"ListItem\",\"position\":3,\"name\":\"WD-40 2135637 Smart Straw Schmiermittel, transparent, 350ML\"}]},{\"@type\":\"WebSite\",\"@id\":\"https:\\\/\\\/marktxxl.de\\\/markt\\\/#website\",\"url\":\"https:\\\/\\\/marktxxl.de\\\/markt\\\/\",\"name\":\"Markt-XXL\",\"description\":\"Ihr Markt Online\",\"publisher\":{\"@id\":\"https:\\\/\\\/marktxxl.de\\\/markt\\\/#organization\"},\"potentialAction\":[{\"@type\":\"SearchAction\",\"target\":{\"@type\":\"EntryPoint\",\"urlTemplate\":\"https:\\\/\\\/marktxxl.de\\\/markt\\\/?s={search_term_string}\"},\"query-input\":{\"@type\":\"PropertyValueSpecification\",\"valueRequired\":true,\"valueName\":\"search_term_string\"}}],\"inLanguage\":\"de\"},{\"@type\":\"Organization\",\"@id\":\"https:\\\/\\\/marktxxl.de\\\/markt\\\/#organization\",\"name\":\"Markt-XXL\",\"url\":\"https:\\\/\\\/marktxxl.de\\\/markt\\\/\",\"logo\":{\"@type\":\"ImageObject\",\"inLanguage\":\"de\",\"@id\":\"https:\\\/\\\/marktxxl.de\\\/markt\\\/#\\\/schema\\\/logo\\\/image\\\/\",\"url\":\"https:\\\/\\\/marktxxl.de\\\/markt\\\/wp-content\\\/uploads\\\/sites\\\/3\\\/2020\\\/12\\\/logo.png\",\"contentUrl\":\"https:\\\/\\\/marktxxl.de\\\/markt\\\/wp-content\\\/uploads\\\/sites\\\/3\\\/2020\\\/12\\\/logo.png\",\"width\":200,\"height\":70,\"caption\":\"Markt-XXL\"},\"image\":{\"@id\":\"https:\\\/\\\/marktxxl.de\\\/markt\\\/#\\\/schema\\\/logo\\\/image\\\/\"}}]}<\/script>\n<!-- \/ Yoast SEO plugin. -->","yoast_head_json":{"title":"WD-40 2135637 Smart Straw Schmiermittel, transparent, 350ML - Markt-XXL","description":"Markt-XXL WD-40 2135637 Smart Straw Schmiermittel, transparent, 350ML","robots":{"index":"index","follow":"follow","max-snippet":"max-snippet:-1","max-image-preview":"max-image-preview:large","max-video-preview":"max-video-preview:-1"},"canonical":"https:\/\/marktxxl.de\/markt\/produkt\/wd-40-2135637-smart-straw-schmiermittel-transparent-350ml\/","og_locale":"de_DE","og_type":"article","og_title":"WD-40 2135637 Smart Straw Schmiermittel, transparent, 350ML - Markt-XXL","og_description":"Markt-XXL WD-40 2135637 Smart Straw Schmiermittel, transparent, 350ML","og_url":"https:\/\/marktxxl.de\/markt\/produkt\/wd-40-2135637-smart-straw-schmiermittel-transparent-350ml\/","og_site_name":"Markt-XXL","twitter_card":"summary_large_image","twitter_misc":{"Gesch\u00e4tzte Lesezeit":"1\u00a0Minute"},"schema":{"@context":"https:\/\/schema.org","@graph":[{"@type":"WebPage","@id":"https:\/\/marktxxl.de\/markt\/produkt\/wd-40-2135637-smart-straw-schmiermittel-transparent-350ml\/","url":"https:\/\/marktxxl.de\/markt\/produkt\/wd-40-2135637-smart-straw-schmiermittel-transparent-350ml\/","name":"WD-40 2135637 Smart Straw Schmiermittel, transparent, 350ML - Markt-XXL","isPartOf":{"@id":"https:\/\/marktxxl.de\/markt\/#website"},"primaryImageOfPage":{"@id":"https:\/\/marktxxl.de\/markt\/produkt\/wd-40-2135637-smart-straw-schmiermittel-transparent-350ml\/#primaryimage"},"image":{"@id":"https:\/\/marktxxl.de\/markt\/produkt\/wd-40-2135637-smart-straw-schmiermittel-transparent-350ml\/#primaryimage"},"thumbnailUrl":"https:\/\/m.media-amazon.com\/images\/I\/413l8OWmSBL._SL500_.jpg","datePublished":"2024-07-28T10:43:28+00:00","description":"Markt-XXL WD-40 2135637 Smart Straw Schmiermittel, transparent, 350ML","breadcrumb":{"@id":"https:\/\/marktxxl.de\/markt\/produkt\/wd-40-2135637-smart-straw-schmiermittel-transparent-350ml\/#breadcrumb"},"inLanguage":"de","potentialAction":[{"@type":"ReadAction","target":["https:\/\/marktxxl.de\/markt\/produkt\/wd-40-2135637-smart-straw-schmiermittel-transparent-350ml\/"]}]},{"@type":"ImageObject","inLanguage":"de","@id":"https:\/\/marktxxl.de\/markt\/produkt\/wd-40-2135637-smart-straw-schmiermittel-transparent-350ml\/#primaryimage","url":"https:\/\/m.media-amazon.com\/images\/I\/413l8OWmSBL._SL500_.jpg","contentUrl":"https:\/\/m.media-amazon.com\/images\/I\/413l8OWmSBL._SL500_.jpg","width":500,"height":500},{"@type":"BreadcrumbList","@id":"https:\/\/marktxxl.de\/markt\/produkt\/wd-40-2135637-smart-straw-schmiermittel-transparent-350ml\/#breadcrumb","itemListElement":[{"@type":"ListItem","position":1,"name":"Startseite","item":"https:\/\/marktxxl.de\/markt\/"},{"@type":"ListItem","position":2,"name":"Markt","item":"https:\/\/marktxxl.de\/markt\/"},{"@type":"ListItem","position":3,"name":"WD-40 2135637 Smart Straw Schmiermittel, transparent, 350ML"}]},{"@type":"WebSite","@id":"https:\/\/marktxxl.de\/markt\/#website","url":"https:\/\/marktxxl.de\/markt\/","name":"Markt-XXL","description":"Ihr Markt Online","publisher":{"@id":"https:\/\/marktxxl.de\/markt\/#organization"},"potentialAction":[{"@type":"SearchAction","target":{"@type":"EntryPoint","urlTemplate":"https:\/\/marktxxl.de\/markt\/?s={search_term_string}"},"query-input":{"@type":"PropertyValueSpecification","valueRequired":true,"valueName":"search_term_string"}}],"inLanguage":"de"},{"@type":"Organization","@id":"https:\/\/marktxxl.de\/markt\/#organization","name":"Markt-XXL","url":"https:\/\/marktxxl.de\/markt\/","logo":{"@type":"ImageObject","inLanguage":"de","@id":"https:\/\/marktxxl.de\/markt\/#\/schema\/logo\/image\/","url":"https:\/\/marktxxl.de\/markt\/wp-content\/uploads\/sites\/3\/2020\/12\/logo.png","contentUrl":"https:\/\/marktxxl.de\/markt\/wp-content\/uploads\/sites\/3\/2020\/12\/logo.png","width":200,"height":70,"caption":"Markt-XXL"},"image":{"@id":"https:\/\/marktxxl.de\/markt\/#\/schema\/logo\/image\/"}}]}},"_links":{"self":[{"href":"https:\/\/marktxxl.de\/markt\/wp-json\/wp\/v2\/product\/220326","targetHints":{"allow":["GET"]}}],"collection":[{"href":"https:\/\/marktxxl.de\/markt\/wp-json\/wp\/v2\/product"}],"about":[{"href":"https:\/\/marktxxl.de\/markt\/wp-json\/wp\/v2\/types\/product"}],"replies":[{"embeddable":true,"href":"https:\/\/marktxxl.de\/markt\/wp-json\/wp\/v2\/comments?post=220326"}],"wp:featuredmedia":[{"embeddable":true,"href":"https:\/\/marktxxl.de\/markt\/wp-json\/wp\/v2\/media\/220327"}],"wp:attachment":[{"href":"https:\/\/marktxxl.de\/markt\/wp-json\/wp\/v2\/media?parent=220326"}],"wp:term":[{"taxonomy":"product_brand","embeddable":true,"href":"https:\/\/marktxxl.de\/markt\/wp-json\/wp\/v2\/product_brand?post=220326"},{"taxonomy":"product_cat","embeddable":true,"href":"https:\/\/marktxxl.de\/markt\/wp-json\/wp\/v2\/product_cat?post=220326"},{"taxonomy":"product_tag","embeddable":true,"href":"https:\/\/marktxxl.de\/markt\/wp-json\/wp\/v2\/product_tag?post=220326"}],"curies":[{"name":"wp","href":"https:\/\/api.w.org\/{rel}","templated":true}]}}