{"id":220307,"date":"2024-07-28T12:40:57","date_gmt":"2024-07-28T10:40:57","guid":{"rendered":"https:\/\/marktxxl.de\/markt\/produkt\/body-harness-for-man-adjustable-buckle-body-chest-harness-gay-black-pu-leder-sexy-punk-brustguertel-clubwear-kostuem-lm-099\/"},"modified":"2024-07-28T12:40:57","modified_gmt":"2024-07-28T10:40:57","slug":"body-harness-for-man-adjustable-buckle-body-chest-harness-gay-black-pu-leder-sexy-punk-brustguertel-clubwear-kostuem-lm-099","status":"publish","type":"product","link":"https:\/\/marktxxl.de\/markt\/produkt\/body-harness-for-man-adjustable-buckle-body-chest-harness-gay-black-pu-leder-sexy-punk-brustguertel-clubwear-kostuem-lm-099\/","title":{"rendered":"Body Harness for Man Adjustable Buckle Body Chest Harness Gay, Black PU Leder Sexy Punk Brustg\u00fcrtel Clubwear Kost\u00fcm, Lm-099"},"content":{"rendered":"<p>Hohe Qualit\u00e4t: Das Brustgeschirr f\u00fcr Herren besteht aus strapazierf\u00e4higem und atmungsaktivem Leder, das daf\u00fcr sorgt, dass sich unser Geschirr nicht leicht l\u00f6st<br \/>\nVerstellbare Gr\u00f6\u00dfe: Entworfen mit verstellbaren Schnallenriemen. Sie k\u00f6nnen die Enge an Ihre K\u00f6rperform anpassen. Ideal, um Ihre charmante Figur zu reflektieren<br \/>\nCharmanter Gentleman: Einfach zu tragen und einfach zu kn\u00f6pfen; Cross-R\u00fccken-Brustgeschirr f\u00fcr das t\u00e4gliche Kost\u00fcm. Gute Wahl f\u00fcr Bodybuilder, zeigt perfekt Ihre Muskelkurve und zeigt deutlich den Charme des Mannes<br \/>\nVerschiedene Anl\u00e4sse: Auff\u00e4lliges Brustgeschirr, ideal f\u00fcr Jahrestag, Cosplay und Shows, Valentinstag, Cosplay oder Rollenspiel, Club-Party, Nachtclub oder Selbstvergn\u00fcgen<br \/>\nBester Kundenservice: Ihr Einkaufserlebnis ist sehr wichtig f\u00fcr uns und unser Gesch\u00e4ft. Wenn Sie Fragen haben, wenn Sie unser Brustgeschirr erhalten, kontaktieren Sie uns bitte, wir werden Ihnen innerhalb von 18 Stunden antworten und Ihnen besten Service bieten<br \/>\n<div class=\"main-cross-sell\" data-asin=\"B0BB1ZD7MY\">\n\n\t<div class=\"WooZone-cross-sell-loader\">\n\t\t<div>\n\t\t\t<div id=\"floatingBarsG\">\n\t\t\t\t<div class=\"blockG\" id=\"rotateG_01\"><\/div>\n\t\t\t\t<div class=\"blockG\" id=\"rotateG_02\"><\/div>\n\t\t\t\t<div class=\"blockG\" id=\"rotateG_03\"><\/div>\n\t\t\t\t<div class=\"blockG\" id=\"rotateG_04\"><\/div>\n\t\t\t\t<div class=\"blockG\" id=\"rotateG_05\"><\/div>\n\t\t\t\t<div class=\"blockG\" id=\"rotateG_06\"><\/div>\n\t\t\t\t<div class=\"blockG\" id=\"rotateG_07\"><\/div>\n\t\t\t\t<div class=\"blockG\" id=\"rotateG_08\"><\/div>\n\t\t\t<\/div>\n\t\t\t<div class=\"WooZone-cross-sell-loader-text\"><\/div>\n\t\t<\/div>\n\t<\/div>\n\n\t\t\n<\/div>\n<div style=\"clear:both;\"><\/div><\/p>\n","protected":false},"excerpt":{"rendered":"<p>Hohe Qualit\u00e4t: Das Brustgeschirr f\u00fcr Herren besteht aus strapazierf\u00e4higem und atmungsaktivem Leder, das daf\u00fcr sorgt, dass sich unser Geschirr nicht leicht l\u00f6st<br \/>\nVerstellbare Gr\u00f6\u00dfe: Entworfen mit verstellbaren Schnallenriemen. Sie k\u00f6nnen die Enge an Ihre K\u00f6rperform anpassen. Ideal, um Ihre charmante Figur zu reflektieren<br \/>\nCharmanter Gentleman: Einfach zu tragen und einfach zu kn\u00f6pfen; Cross-R\u00fccken-Brustgeschirr f\u00fcr das t\u00e4gliche Kost\u00fcm. Gute Wahl f\u00fcr Bodybuilder, zeigt perfekt Ihre Muskelkurve und zeigt deutlich den Charme des Mannes<\/p>\n","protected":false},"featured_media":220308,"comment_status":"open","ping_status":"closed","template":"","meta":[],"product_brand":[],"product_cat":[652,3064],"product_tag":[],"class_list":{"0":"post-220307","1":"product","2":"type-product","3":"status-publish","4":"has-post-thumbnail","6":"product_cat-erotik-markt-xxl","7":"product_cat-fesseln-bondage","8":"pa_binding-textilien","9":"pa_brand-allovme","10":"pa_color-lm-099","11":"pa_manufacturer-allovme","13":"first","14":"instock","15":"shipping-taxable","16":"purchasable","17":"product-type-simple","18":"customify-col","19":"product-has-gallery"},"yoast_head":"<!-- This site is optimized with the Yoast SEO plugin v27.4 - https:\/\/yoast.com\/product\/yoast-seo-wordpress\/ -->\n<title>Body Harness for Man Adjustable Buckle Body Chest Harness Gay, Black PU Leder Sexy Punk Brustg\u00fcrtel Clubwear Kost\u00fcm, Lm-099 - Markt-XXL<\/title>\n<meta name=\"description\" content=\"Markt-XXL Body Harness for Man Adjustable Buckle Body Chest Harness Gay, Black PU Leder Sexy Punk Brustg\u00fcrtel Clubwear Kost\u00fcm, Lm-099\" \/>\n<meta name=\"robots\" content=\"index, follow, max-snippet:-1, max-image-preview:large, max-video-preview:-1\" \/>\n<link rel=\"canonical\" href=\"https:\/\/marktxxl.de\/markt\/produkt\/body-harness-for-man-adjustable-buckle-body-chest-harness-gay-black-pu-leder-sexy-punk-brustguertel-clubwear-kostuem-lm-099\/\" \/>\n<meta property=\"og:locale\" content=\"de_DE\" \/>\n<meta property=\"og:type\" content=\"article\" \/>\n<meta property=\"og:title\" content=\"Body Harness for Man Adjustable Buckle Body Chest Harness Gay, Black PU Leder Sexy Punk Brustg\u00fcrtel Clubwear Kost\u00fcm, Lm-099 - Markt-XXL\" \/>\n<meta property=\"og:description\" content=\"Markt-XXL Body Harness for Man Adjustable Buckle Body Chest Harness Gay, Black PU Leder Sexy Punk Brustg\u00fcrtel Clubwear Kost\u00fcm, Lm-099\" \/>\n<meta property=\"og:url\" content=\"https:\/\/marktxxl.de\/markt\/produkt\/body-harness-for-man-adjustable-buckle-body-chest-harness-gay-black-pu-leder-sexy-punk-brustguertel-clubwear-kostuem-lm-099\/\" \/>\n<meta property=\"og:site_name\" content=\"Markt-XXL\" \/>\n<meta name=\"twitter:card\" content=\"summary_large_image\" \/>\n<meta name=\"twitter:label1\" content=\"Gesch\u00e4tzte Lesezeit\" \/>\n\t<meta name=\"twitter:data1\" content=\"1\u00a0Minute\" \/>\n<script type=\"application\/ld+json\" class=\"yoast-schema-graph\">{\"@context\":\"https:\\\/\\\/schema.org\",\"@graph\":[{\"@type\":\"WebPage\",\"@id\":\"https:\\\/\\\/marktxxl.de\\\/markt\\\/produkt\\\/body-harness-for-man-adjustable-buckle-body-chest-harness-gay-black-pu-leder-sexy-punk-brustguertel-clubwear-kostuem-lm-099\\\/\",\"url\":\"https:\\\/\\\/marktxxl.de\\\/markt\\\/produkt\\\/body-harness-for-man-adjustable-buckle-body-chest-harness-gay-black-pu-leder-sexy-punk-brustguertel-clubwear-kostuem-lm-099\\\/\",\"name\":\"Body Harness for Man Adjustable Buckle Body Chest Harness Gay, Black PU Leder Sexy Punk Brustg\u00fcrtel Clubwear Kost\u00fcm, Lm-099 - Markt-XXL\",\"isPartOf\":{\"@id\":\"https:\\\/\\\/marktxxl.de\\\/markt\\\/#website\"},\"primaryImageOfPage\":{\"@id\":\"https:\\\/\\\/marktxxl.de\\\/markt\\\/produkt\\\/body-harness-for-man-adjustable-buckle-body-chest-harness-gay-black-pu-leder-sexy-punk-brustguertel-clubwear-kostuem-lm-099\\\/#primaryimage\"},\"image\":{\"@id\":\"https:\\\/\\\/marktxxl.de\\\/markt\\\/produkt\\\/body-harness-for-man-adjustable-buckle-body-chest-harness-gay-black-pu-leder-sexy-punk-brustguertel-clubwear-kostuem-lm-099\\\/#primaryimage\"},\"thumbnailUrl\":\"https:\\\/\\\/m.media-amazon.com\\\/images\\\/I\\\/41dlrtzpsJL._SL500_.jpg\",\"datePublished\":\"2024-07-28T10:40:57+00:00\",\"description\":\"Markt-XXL Body Harness for Man Adjustable Buckle Body Chest Harness Gay, Black PU Leder Sexy Punk Brustg\u00fcrtel Clubwear Kost\u00fcm, Lm-099\",\"breadcrumb\":{\"@id\":\"https:\\\/\\\/marktxxl.de\\\/markt\\\/produkt\\\/body-harness-for-man-adjustable-buckle-body-chest-harness-gay-black-pu-leder-sexy-punk-brustguertel-clubwear-kostuem-lm-099\\\/#breadcrumb\"},\"inLanguage\":\"de\",\"potentialAction\":[{\"@type\":\"ReadAction\",\"target\":[\"https:\\\/\\\/marktxxl.de\\\/markt\\\/produkt\\\/body-harness-for-man-adjustable-buckle-body-chest-harness-gay-black-pu-leder-sexy-punk-brustguertel-clubwear-kostuem-lm-099\\\/\"]}]},{\"@type\":\"ImageObject\",\"inLanguage\":\"de\",\"@id\":\"https:\\\/\\\/marktxxl.de\\\/markt\\\/produkt\\\/body-harness-for-man-adjustable-buckle-body-chest-harness-gay-black-pu-leder-sexy-punk-brustguertel-clubwear-kostuem-lm-099\\\/#primaryimage\",\"url\":\"https:\\\/\\\/m.media-amazon.com\\\/images\\\/I\\\/41dlrtzpsJL._SL500_.jpg\",\"contentUrl\":\"https:\\\/\\\/m.media-amazon.com\\\/images\\\/I\\\/41dlrtzpsJL._SL500_.jpg\",\"width\":500,\"height\":500},{\"@type\":\"BreadcrumbList\",\"@id\":\"https:\\\/\\\/marktxxl.de\\\/markt\\\/produkt\\\/body-harness-for-man-adjustable-buckle-body-chest-harness-gay-black-pu-leder-sexy-punk-brustguertel-clubwear-kostuem-lm-099\\\/#breadcrumb\",\"itemListElement\":[{\"@type\":\"ListItem\",\"position\":1,\"name\":\"Startseite\",\"item\":\"https:\\\/\\\/marktxxl.de\\\/markt\\\/\"},{\"@type\":\"ListItem\",\"position\":2,\"name\":\"Markt\",\"item\":\"https:\\\/\\\/marktxxl.de\\\/markt\\\/\"},{\"@type\":\"ListItem\",\"position\":3,\"name\":\"Body Harness for Man Adjustable Buckle Body Chest Harness Gay, Black PU Leder Sexy Punk Brustg\u00fcrtel Clubwear Kost\u00fcm, Lm-099\"}]},{\"@type\":\"WebSite\",\"@id\":\"https:\\\/\\\/marktxxl.de\\\/markt\\\/#website\",\"url\":\"https:\\\/\\\/marktxxl.de\\\/markt\\\/\",\"name\":\"Markt-XXL\",\"description\":\"Ihr Markt Online\",\"publisher\":{\"@id\":\"https:\\\/\\\/marktxxl.de\\\/markt\\\/#organization\"},\"potentialAction\":[{\"@type\":\"SearchAction\",\"target\":{\"@type\":\"EntryPoint\",\"urlTemplate\":\"https:\\\/\\\/marktxxl.de\\\/markt\\\/?s={search_term_string}\"},\"query-input\":{\"@type\":\"PropertyValueSpecification\",\"valueRequired\":true,\"valueName\":\"search_term_string\"}}],\"inLanguage\":\"de\"},{\"@type\":\"Organization\",\"@id\":\"https:\\\/\\\/marktxxl.de\\\/markt\\\/#organization\",\"name\":\"Markt-XXL\",\"url\":\"https:\\\/\\\/marktxxl.de\\\/markt\\\/\",\"logo\":{\"@type\":\"ImageObject\",\"inLanguage\":\"de\",\"@id\":\"https:\\\/\\\/marktxxl.de\\\/markt\\\/#\\\/schema\\\/logo\\\/image\\\/\",\"url\":\"https:\\\/\\\/marktxxl.de\\\/markt\\\/wp-content\\\/uploads\\\/sites\\\/3\\\/2020\\\/12\\\/logo.png\",\"contentUrl\":\"https:\\\/\\\/marktxxl.de\\\/markt\\\/wp-content\\\/uploads\\\/sites\\\/3\\\/2020\\\/12\\\/logo.png\",\"width\":200,\"height\":70,\"caption\":\"Markt-XXL\"},\"image\":{\"@id\":\"https:\\\/\\\/marktxxl.de\\\/markt\\\/#\\\/schema\\\/logo\\\/image\\\/\"}}]}<\/script>\n<!-- \/ Yoast SEO plugin. -->","yoast_head_json":{"title":"Body Harness for Man Adjustable Buckle Body Chest Harness Gay, Black PU Leder Sexy Punk Brustg\u00fcrtel Clubwear Kost\u00fcm, Lm-099 - Markt-XXL","description":"Markt-XXL Body Harness for Man Adjustable Buckle Body Chest Harness Gay, Black PU Leder Sexy Punk Brustg\u00fcrtel Clubwear Kost\u00fcm, Lm-099","robots":{"index":"index","follow":"follow","max-snippet":"max-snippet:-1","max-image-preview":"max-image-preview:large","max-video-preview":"max-video-preview:-1"},"canonical":"https:\/\/marktxxl.de\/markt\/produkt\/body-harness-for-man-adjustable-buckle-body-chest-harness-gay-black-pu-leder-sexy-punk-brustguertel-clubwear-kostuem-lm-099\/","og_locale":"de_DE","og_type":"article","og_title":"Body Harness for Man Adjustable Buckle Body Chest Harness Gay, Black PU Leder Sexy Punk Brustg\u00fcrtel Clubwear Kost\u00fcm, Lm-099 - Markt-XXL","og_description":"Markt-XXL Body Harness for Man Adjustable Buckle Body Chest Harness Gay, Black PU Leder Sexy Punk Brustg\u00fcrtel Clubwear Kost\u00fcm, Lm-099","og_url":"https:\/\/marktxxl.de\/markt\/produkt\/body-harness-for-man-adjustable-buckle-body-chest-harness-gay-black-pu-leder-sexy-punk-brustguertel-clubwear-kostuem-lm-099\/","og_site_name":"Markt-XXL","twitter_card":"summary_large_image","twitter_misc":{"Gesch\u00e4tzte Lesezeit":"1\u00a0Minute"},"schema":{"@context":"https:\/\/schema.org","@graph":[{"@type":"WebPage","@id":"https:\/\/marktxxl.de\/markt\/produkt\/body-harness-for-man-adjustable-buckle-body-chest-harness-gay-black-pu-leder-sexy-punk-brustguertel-clubwear-kostuem-lm-099\/","url":"https:\/\/marktxxl.de\/markt\/produkt\/body-harness-for-man-adjustable-buckle-body-chest-harness-gay-black-pu-leder-sexy-punk-brustguertel-clubwear-kostuem-lm-099\/","name":"Body Harness for Man Adjustable Buckle Body Chest Harness Gay, Black PU Leder Sexy Punk Brustg\u00fcrtel Clubwear Kost\u00fcm, Lm-099 - Markt-XXL","isPartOf":{"@id":"https:\/\/marktxxl.de\/markt\/#website"},"primaryImageOfPage":{"@id":"https:\/\/marktxxl.de\/markt\/produkt\/body-harness-for-man-adjustable-buckle-body-chest-harness-gay-black-pu-leder-sexy-punk-brustguertel-clubwear-kostuem-lm-099\/#primaryimage"},"image":{"@id":"https:\/\/marktxxl.de\/markt\/produkt\/body-harness-for-man-adjustable-buckle-body-chest-harness-gay-black-pu-leder-sexy-punk-brustguertel-clubwear-kostuem-lm-099\/#primaryimage"},"thumbnailUrl":"https:\/\/m.media-amazon.com\/images\/I\/41dlrtzpsJL._SL500_.jpg","datePublished":"2024-07-28T10:40:57+00:00","description":"Markt-XXL Body Harness for Man Adjustable Buckle Body Chest Harness Gay, Black PU Leder Sexy Punk Brustg\u00fcrtel Clubwear Kost\u00fcm, Lm-099","breadcrumb":{"@id":"https:\/\/marktxxl.de\/markt\/produkt\/body-harness-for-man-adjustable-buckle-body-chest-harness-gay-black-pu-leder-sexy-punk-brustguertel-clubwear-kostuem-lm-099\/#breadcrumb"},"inLanguage":"de","potentialAction":[{"@type":"ReadAction","target":["https:\/\/marktxxl.de\/markt\/produkt\/body-harness-for-man-adjustable-buckle-body-chest-harness-gay-black-pu-leder-sexy-punk-brustguertel-clubwear-kostuem-lm-099\/"]}]},{"@type":"ImageObject","inLanguage":"de","@id":"https:\/\/marktxxl.de\/markt\/produkt\/body-harness-for-man-adjustable-buckle-body-chest-harness-gay-black-pu-leder-sexy-punk-brustguertel-clubwear-kostuem-lm-099\/#primaryimage","url":"https:\/\/m.media-amazon.com\/images\/I\/41dlrtzpsJL._SL500_.jpg","contentUrl":"https:\/\/m.media-amazon.com\/images\/I\/41dlrtzpsJL._SL500_.jpg","width":500,"height":500},{"@type":"BreadcrumbList","@id":"https:\/\/marktxxl.de\/markt\/produkt\/body-harness-for-man-adjustable-buckle-body-chest-harness-gay-black-pu-leder-sexy-punk-brustguertel-clubwear-kostuem-lm-099\/#breadcrumb","itemListElement":[{"@type":"ListItem","position":1,"name":"Startseite","item":"https:\/\/marktxxl.de\/markt\/"},{"@type":"ListItem","position":2,"name":"Markt","item":"https:\/\/marktxxl.de\/markt\/"},{"@type":"ListItem","position":3,"name":"Body Harness for Man Adjustable Buckle Body Chest Harness Gay, Black PU Leder Sexy Punk Brustg\u00fcrtel Clubwear Kost\u00fcm, Lm-099"}]},{"@type":"WebSite","@id":"https:\/\/marktxxl.de\/markt\/#website","url":"https:\/\/marktxxl.de\/markt\/","name":"Markt-XXL","description":"Ihr Markt Online","publisher":{"@id":"https:\/\/marktxxl.de\/markt\/#organization"},"potentialAction":[{"@type":"SearchAction","target":{"@type":"EntryPoint","urlTemplate":"https:\/\/marktxxl.de\/markt\/?s={search_term_string}"},"query-input":{"@type":"PropertyValueSpecification","valueRequired":true,"valueName":"search_term_string"}}],"inLanguage":"de"},{"@type":"Organization","@id":"https:\/\/marktxxl.de\/markt\/#organization","name":"Markt-XXL","url":"https:\/\/marktxxl.de\/markt\/","logo":{"@type":"ImageObject","inLanguage":"de","@id":"https:\/\/marktxxl.de\/markt\/#\/schema\/logo\/image\/","url":"https:\/\/marktxxl.de\/markt\/wp-content\/uploads\/sites\/3\/2020\/12\/logo.png","contentUrl":"https:\/\/marktxxl.de\/markt\/wp-content\/uploads\/sites\/3\/2020\/12\/logo.png","width":200,"height":70,"caption":"Markt-XXL"},"image":{"@id":"https:\/\/marktxxl.de\/markt\/#\/schema\/logo\/image\/"}}]}},"_links":{"self":[{"href":"https:\/\/marktxxl.de\/markt\/wp-json\/wp\/v2\/product\/220307","targetHints":{"allow":["GET"]}}],"collection":[{"href":"https:\/\/marktxxl.de\/markt\/wp-json\/wp\/v2\/product"}],"about":[{"href":"https:\/\/marktxxl.de\/markt\/wp-json\/wp\/v2\/types\/product"}],"replies":[{"embeddable":true,"href":"https:\/\/marktxxl.de\/markt\/wp-json\/wp\/v2\/comments?post=220307"}],"wp:featuredmedia":[{"embeddable":true,"href":"https:\/\/marktxxl.de\/markt\/wp-json\/wp\/v2\/media\/220308"}],"wp:attachment":[{"href":"https:\/\/marktxxl.de\/markt\/wp-json\/wp\/v2\/media?parent=220307"}],"wp:term":[{"taxonomy":"product_brand","embeddable":true,"href":"https:\/\/marktxxl.de\/markt\/wp-json\/wp\/v2\/product_brand?post=220307"},{"taxonomy":"product_cat","embeddable":true,"href":"https:\/\/marktxxl.de\/markt\/wp-json\/wp\/v2\/product_cat?post=220307"},{"taxonomy":"product_tag","embeddable":true,"href":"https:\/\/marktxxl.de\/markt\/wp-json\/wp\/v2\/product_tag?post=220307"}],"curies":[{"name":"wp","href":"https:\/\/api.w.org\/{rel}","templated":true}]}}