{"id":220299,"date":"2024-07-28T12:40:50","date_gmt":"2024-07-28T10:40:50","guid":{"rendered":"https:\/\/marktxxl.de\/markt\/produkt\/jotovo-taschenschluessel-universeller-runder-handschellen-schluessel-polizei-manschettenschluessel-102-cm-mit-clip-fuer-alle-handschellen-der-standard-serie-2-stueck\/"},"modified":"2024-07-28T12:40:50","modified_gmt":"2024-07-28T10:40:50","slug":"jotovo-taschenschluessel-universeller-runder-handschellen-schluessel-polizei-manschettenschluessel-102-cm-mit-clip-fuer-alle-handschellen-der-standard-serie-2-stueck","status":"publish","type":"product","link":"https:\/\/marktxxl.de\/markt\/produkt\/jotovo-taschenschluessel-universeller-runder-handschellen-schluessel-polizei-manschettenschluessel-102-cm-mit-clip-fuer-alle-handschellen-der-standard-serie-2-stueck\/","title":{"rendered":"JOTOVO Taschenschl\u00fcssel, universeller runder Handschellen-Schl\u00fcssel, Polizei-Manschettenschl\u00fcssel, 10,2 cm, mit Clip f\u00fcr alle Handschellen der Standard-Serie, 2 St\u00fcck"},"content":{"rendered":"<p>Verwenden Sie eine stabile Schmiedemethode, hergestellt aus leichtem und starkem Polymer f\u00fcr Haltbarkeit. Dieser 10,2 cm gro\u00dfe Taschenmanschettenschl\u00fcssel ist sehr einfach zu befestigen und kann \u00fcberall wie Manschetten, Taschen, Krawatten und Geldb\u00f6rsen befestigt werden, ohne herunterzufallen.<br \/>\nDas hervorragende Design des R\u00fccken-Sets erm\u00f6glicht eine schnelle Positionierung der Handmanschette Keilnut. Dadurch erm\u00f6glicht dieser Schl\u00fcssel das schnellste \u00d6ffnen aller Handschellen der Standard-Serie, wodurch er perfekt f\u00fcr Strafverfolgung, Polizei, Feuerwehrbeh\u00f6rden und Benutzer von taktischer Ausr\u00fcstung ist.<br \/>\n5000 Mal strengen Verlusttests unterzogen, um maximale Haltbarkeit zu gew\u00e4hrleisten. Und mit Sicherheitsentriegelungsstift universell passend f\u00fcr doppelt verriegelnde Handschellen. Im Falle einer ungewollten Situation einfach den Stift zum Entriegeln verwenden.<br \/>\nDas beste Handbogen-Design des Manschettenschl\u00fcsselk\u00f6rpers erh\u00f6ht das Griffgef\u00fchl, der Benutzer kann den Schl\u00fcssel leicht halten, ohne ihn zu verschieben oder instabil zu halten. Verbessert das Gef\u00fchl der Nutzung und Sicherheit in besonderen Momenten.<br \/>\nDieser runde Taschenhandschellen-Schl\u00fcssel passt f\u00fcr die meisten f\u00fchrenden professionellen Handschellen. Einfach zu entriegeln, Sie ben\u00f6tigen einen Manschettenschl\u00fcssel, der so vielseitig und bequem ist wie dieser Schl\u00fcssel.<br \/>\n<div class=\"main-cross-sell\" data-asin=\"B0BRKQZ18X\">\n\n\t<div class=\"WooZone-cross-sell-loader\">\n\t\t<div>\n\t\t\t<div id=\"floatingBarsG\">\n\t\t\t\t<div class=\"blockG\" id=\"rotateG_01\"><\/div>\n\t\t\t\t<div class=\"blockG\" id=\"rotateG_02\"><\/div>\n\t\t\t\t<div class=\"blockG\" id=\"rotateG_03\"><\/div>\n\t\t\t\t<div class=\"blockG\" id=\"rotateG_04\"><\/div>\n\t\t\t\t<div class=\"blockG\" id=\"rotateG_05\"><\/div>\n\t\t\t\t<div class=\"blockG\" id=\"rotateG_06\"><\/div>\n\t\t\t\t<div class=\"blockG\" id=\"rotateG_07\"><\/div>\n\t\t\t\t<div class=\"blockG\" id=\"rotateG_08\"><\/div>\n\t\t\t<\/div>\n\t\t\t<div class=\"WooZone-cross-sell-loader-text\"><\/div>\n\t\t<\/div>\n\t<\/div>\n\n\t\t\n<\/div>\n<div style=\"clear:both;\"><\/div><\/p>\n","protected":false},"excerpt":{"rendered":"<p>Verwenden Sie eine stabile Schmiedemethode, hergestellt aus leichtem und starkem Polymer f\u00fcr Haltbarkeit. Dieser 10,2 cm gro\u00dfe Taschenmanschettenschl\u00fcssel ist sehr einfach zu befestigen und kann \u00fcberall wie Manschetten, Taschen, Krawatten und Geldb\u00f6rsen befestigt werden, ohne herunterzufallen.<br \/>\nDas hervorragende Design des R\u00fccken-Sets erm\u00f6glicht eine schnelle Positionierung der Handmanschette Keilnut. Dadurch erm\u00f6glicht dieser Schl\u00fcssel das schnellste \u00d6ffnen aller Handschellen der Standard-Serie, wodurch er perfekt f\u00fcr Strafverfolgung, Polizei, Feuerwehrbeh\u00f6rden und Benutzer von taktischer Ausr\u00fcstung ist.<br \/>\n5000 Mal strengen Verlusttests unterzogen, um maximale Haltbarkeit zu gew\u00e4hrleisten. Und mit Sicherheitsentriegelungsstift universell passend f\u00fcr doppelt verriegelnde Handschellen. Im Falle einer ungewollten Situation einfach den Stift zum Entriegeln verwenden.<\/p>\n","protected":false},"featured_media":220300,"comment_status":"open","ping_status":"closed","template":"","meta":[],"product_brand":[],"product_cat":[652,3064],"product_tag":[],"class_list":{"0":"post-220299","1":"product","2":"type-product","3":"status-publish","4":"has-post-thumbnail","6":"product_cat-erotik-markt-xxl","7":"product_cat-fesseln-bondage","8":"pa_binding-ausruestung","9":"pa_brand-jotovo","10":"pa_manufacturer-jotovo","11":"pa_weight-0-02-pfund","13":"first","14":"instock","15":"shipping-taxable","16":"purchasable","17":"product-type-simple","18":"customify-col","19":"product-has-gallery"},"yoast_head":"<!-- This site is optimized with the Yoast SEO plugin v27.3 - https:\/\/yoast.com\/product\/yoast-seo-wordpress\/ -->\n<title>JOTOVO Taschenschl\u00fcssel, universeller runder Handschellen-Schl\u00fcssel, Polizei-Manschettenschl\u00fcssel, 10,2 cm, mit Clip f\u00fcr alle Handschellen der Standard-Serie, 2 St\u00fcck - Markt-XXL<\/title>\n<meta name=\"description\" content=\"Markt-XXL JOTOVO Taschenschl\u00fcssel, universeller runder Handschellen-Schl\u00fcssel, Polizei-Manschettenschl\u00fcssel, 10,2 cm, mit Clip f\u00fcr alle Handschellen der Standard-Serie, 2 St\u00fcck\" \/>\n<meta name=\"robots\" content=\"index, follow, max-snippet:-1, max-image-preview:large, max-video-preview:-1\" \/>\n<link rel=\"canonical\" href=\"https:\/\/marktxxl.de\/markt\/produkt\/jotovo-taschenschluessel-universeller-runder-handschellen-schluessel-polizei-manschettenschluessel-102-cm-mit-clip-fuer-alle-handschellen-der-standard-serie-2-stueck\/\" \/>\n<meta property=\"og:locale\" content=\"de_DE\" \/>\n<meta property=\"og:type\" content=\"article\" \/>\n<meta property=\"og:title\" content=\"JOTOVO Taschenschl\u00fcssel, universeller runder Handschellen-Schl\u00fcssel, Polizei-Manschettenschl\u00fcssel, 10,2 cm, mit Clip f\u00fcr alle Handschellen der Standard-Serie, 2 St\u00fcck - Markt-XXL\" \/>\n<meta property=\"og:description\" content=\"Markt-XXL JOTOVO Taschenschl\u00fcssel, universeller runder Handschellen-Schl\u00fcssel, Polizei-Manschettenschl\u00fcssel, 10,2 cm, mit Clip f\u00fcr alle Handschellen der Standard-Serie, 2 St\u00fcck\" \/>\n<meta property=\"og:url\" content=\"https:\/\/marktxxl.de\/markt\/produkt\/jotovo-taschenschluessel-universeller-runder-handschellen-schluessel-polizei-manschettenschluessel-102-cm-mit-clip-fuer-alle-handschellen-der-standard-serie-2-stueck\/\" \/>\n<meta property=\"og:site_name\" content=\"Markt-XXL\" \/>\n<meta name=\"twitter:card\" content=\"summary_large_image\" \/>\n<meta name=\"twitter:label1\" content=\"Gesch\u00e4tzte Lesezeit\" \/>\n\t<meta name=\"twitter:data1\" content=\"1\u00a0Minute\" \/>\n<script type=\"application\/ld+json\" class=\"yoast-schema-graph\">{\"@context\":\"https:\\\/\\\/schema.org\",\"@graph\":[{\"@type\":\"WebPage\",\"@id\":\"https:\\\/\\\/marktxxl.de\\\/markt\\\/produkt\\\/jotovo-taschenschluessel-universeller-runder-handschellen-schluessel-polizei-manschettenschluessel-102-cm-mit-clip-fuer-alle-handschellen-der-standard-serie-2-stueck\\\/\",\"url\":\"https:\\\/\\\/marktxxl.de\\\/markt\\\/produkt\\\/jotovo-taschenschluessel-universeller-runder-handschellen-schluessel-polizei-manschettenschluessel-102-cm-mit-clip-fuer-alle-handschellen-der-standard-serie-2-stueck\\\/\",\"name\":\"JOTOVO Taschenschl\u00fcssel, universeller runder Handschellen-Schl\u00fcssel, Polizei-Manschettenschl\u00fcssel, 10,2 cm, mit Clip f\u00fcr alle Handschellen der Standard-Serie, 2 St\u00fcck - Markt-XXL\",\"isPartOf\":{\"@id\":\"https:\\\/\\\/marktxxl.de\\\/markt\\\/#website\"},\"primaryImageOfPage\":{\"@id\":\"https:\\\/\\\/marktxxl.de\\\/markt\\\/produkt\\\/jotovo-taschenschluessel-universeller-runder-handschellen-schluessel-polizei-manschettenschluessel-102-cm-mit-clip-fuer-alle-handschellen-der-standard-serie-2-stueck\\\/#primaryimage\"},\"image\":{\"@id\":\"https:\\\/\\\/marktxxl.de\\\/markt\\\/produkt\\\/jotovo-taschenschluessel-universeller-runder-handschellen-schluessel-polizei-manschettenschluessel-102-cm-mit-clip-fuer-alle-handschellen-der-standard-serie-2-stueck\\\/#primaryimage\"},\"thumbnailUrl\":\"https:\\\/\\\/m.media-amazon.com\\\/images\\\/I\\\/41riBIZGIUL._SL500_.jpg\",\"datePublished\":\"2024-07-28T10:40:50+00:00\",\"description\":\"Markt-XXL JOTOVO Taschenschl\u00fcssel, universeller runder Handschellen-Schl\u00fcssel, Polizei-Manschettenschl\u00fcssel, 10,2 cm, mit Clip f\u00fcr alle Handschellen der Standard-Serie, 2 St\u00fcck\",\"breadcrumb\":{\"@id\":\"https:\\\/\\\/marktxxl.de\\\/markt\\\/produkt\\\/jotovo-taschenschluessel-universeller-runder-handschellen-schluessel-polizei-manschettenschluessel-102-cm-mit-clip-fuer-alle-handschellen-der-standard-serie-2-stueck\\\/#breadcrumb\"},\"inLanguage\":\"de\",\"potentialAction\":[{\"@type\":\"ReadAction\",\"target\":[\"https:\\\/\\\/marktxxl.de\\\/markt\\\/produkt\\\/jotovo-taschenschluessel-universeller-runder-handschellen-schluessel-polizei-manschettenschluessel-102-cm-mit-clip-fuer-alle-handschellen-der-standard-serie-2-stueck\\\/\"]}]},{\"@type\":\"ImageObject\",\"inLanguage\":\"de\",\"@id\":\"https:\\\/\\\/marktxxl.de\\\/markt\\\/produkt\\\/jotovo-taschenschluessel-universeller-runder-handschellen-schluessel-polizei-manschettenschluessel-102-cm-mit-clip-fuer-alle-handschellen-der-standard-serie-2-stueck\\\/#primaryimage\",\"url\":\"https:\\\/\\\/m.media-amazon.com\\\/images\\\/I\\\/41riBIZGIUL._SL500_.jpg\",\"contentUrl\":\"https:\\\/\\\/m.media-amazon.com\\\/images\\\/I\\\/41riBIZGIUL._SL500_.jpg\",\"width\":500,\"height\":500},{\"@type\":\"BreadcrumbList\",\"@id\":\"https:\\\/\\\/marktxxl.de\\\/markt\\\/produkt\\\/jotovo-taschenschluessel-universeller-runder-handschellen-schluessel-polizei-manschettenschluessel-102-cm-mit-clip-fuer-alle-handschellen-der-standard-serie-2-stueck\\\/#breadcrumb\",\"itemListElement\":[{\"@type\":\"ListItem\",\"position\":1,\"name\":\"Startseite\",\"item\":\"https:\\\/\\\/marktxxl.de\\\/markt\\\/\"},{\"@type\":\"ListItem\",\"position\":2,\"name\":\"Markt\",\"item\":\"https:\\\/\\\/marktxxl.de\\\/markt\\\/\"},{\"@type\":\"ListItem\",\"position\":3,\"name\":\"JOTOVO Taschenschl\u00fcssel, universeller runder Handschellen-Schl\u00fcssel, Polizei-Manschettenschl\u00fcssel, 10,2 cm, mit Clip f\u00fcr alle Handschellen der Standard-Serie, 2 St\u00fcck\"}]},{\"@type\":\"WebSite\",\"@id\":\"https:\\\/\\\/marktxxl.de\\\/markt\\\/#website\",\"url\":\"https:\\\/\\\/marktxxl.de\\\/markt\\\/\",\"name\":\"Markt-XXL\",\"description\":\"Ihr Markt Online\",\"publisher\":{\"@id\":\"https:\\\/\\\/marktxxl.de\\\/markt\\\/#organization\"},\"potentialAction\":[{\"@type\":\"SearchAction\",\"target\":{\"@type\":\"EntryPoint\",\"urlTemplate\":\"https:\\\/\\\/marktxxl.de\\\/markt\\\/?s={search_term_string}\"},\"query-input\":{\"@type\":\"PropertyValueSpecification\",\"valueRequired\":true,\"valueName\":\"search_term_string\"}}],\"inLanguage\":\"de\"},{\"@type\":\"Organization\",\"@id\":\"https:\\\/\\\/marktxxl.de\\\/markt\\\/#organization\",\"name\":\"Markt-XXL\",\"url\":\"https:\\\/\\\/marktxxl.de\\\/markt\\\/\",\"logo\":{\"@type\":\"ImageObject\",\"inLanguage\":\"de\",\"@id\":\"https:\\\/\\\/marktxxl.de\\\/markt\\\/#\\\/schema\\\/logo\\\/image\\\/\",\"url\":\"https:\\\/\\\/marktxxl.de\\\/markt\\\/wp-content\\\/uploads\\\/sites\\\/3\\\/2020\\\/12\\\/logo.png\",\"contentUrl\":\"https:\\\/\\\/marktxxl.de\\\/markt\\\/wp-content\\\/uploads\\\/sites\\\/3\\\/2020\\\/12\\\/logo.png\",\"width\":200,\"height\":70,\"caption\":\"Markt-XXL\"},\"image\":{\"@id\":\"https:\\\/\\\/marktxxl.de\\\/markt\\\/#\\\/schema\\\/logo\\\/image\\\/\"}}]}<\/script>\n<!-- \/ Yoast SEO plugin. -->","yoast_head_json":{"title":"JOTOVO Taschenschl\u00fcssel, universeller runder Handschellen-Schl\u00fcssel, Polizei-Manschettenschl\u00fcssel, 10,2 cm, mit Clip f\u00fcr alle Handschellen der Standard-Serie, 2 St\u00fcck - Markt-XXL","description":"Markt-XXL JOTOVO Taschenschl\u00fcssel, universeller runder Handschellen-Schl\u00fcssel, Polizei-Manschettenschl\u00fcssel, 10,2 cm, mit Clip f\u00fcr alle Handschellen der Standard-Serie, 2 St\u00fcck","robots":{"index":"index","follow":"follow","max-snippet":"max-snippet:-1","max-image-preview":"max-image-preview:large","max-video-preview":"max-video-preview:-1"},"canonical":"https:\/\/marktxxl.de\/markt\/produkt\/jotovo-taschenschluessel-universeller-runder-handschellen-schluessel-polizei-manschettenschluessel-102-cm-mit-clip-fuer-alle-handschellen-der-standard-serie-2-stueck\/","og_locale":"de_DE","og_type":"article","og_title":"JOTOVO Taschenschl\u00fcssel, universeller runder Handschellen-Schl\u00fcssel, Polizei-Manschettenschl\u00fcssel, 10,2 cm, mit Clip f\u00fcr alle Handschellen der Standard-Serie, 2 St\u00fcck - Markt-XXL","og_description":"Markt-XXL JOTOVO Taschenschl\u00fcssel, universeller runder Handschellen-Schl\u00fcssel, Polizei-Manschettenschl\u00fcssel, 10,2 cm, mit Clip f\u00fcr alle Handschellen der Standard-Serie, 2 St\u00fcck","og_url":"https:\/\/marktxxl.de\/markt\/produkt\/jotovo-taschenschluessel-universeller-runder-handschellen-schluessel-polizei-manschettenschluessel-102-cm-mit-clip-fuer-alle-handschellen-der-standard-serie-2-stueck\/","og_site_name":"Markt-XXL","twitter_card":"summary_large_image","twitter_misc":{"Gesch\u00e4tzte Lesezeit":"1\u00a0Minute"},"schema":{"@context":"https:\/\/schema.org","@graph":[{"@type":"WebPage","@id":"https:\/\/marktxxl.de\/markt\/produkt\/jotovo-taschenschluessel-universeller-runder-handschellen-schluessel-polizei-manschettenschluessel-102-cm-mit-clip-fuer-alle-handschellen-der-standard-serie-2-stueck\/","url":"https:\/\/marktxxl.de\/markt\/produkt\/jotovo-taschenschluessel-universeller-runder-handschellen-schluessel-polizei-manschettenschluessel-102-cm-mit-clip-fuer-alle-handschellen-der-standard-serie-2-stueck\/","name":"JOTOVO Taschenschl\u00fcssel, universeller runder Handschellen-Schl\u00fcssel, Polizei-Manschettenschl\u00fcssel, 10,2 cm, mit Clip f\u00fcr alle Handschellen der Standard-Serie, 2 St\u00fcck - Markt-XXL","isPartOf":{"@id":"https:\/\/marktxxl.de\/markt\/#website"},"primaryImageOfPage":{"@id":"https:\/\/marktxxl.de\/markt\/produkt\/jotovo-taschenschluessel-universeller-runder-handschellen-schluessel-polizei-manschettenschluessel-102-cm-mit-clip-fuer-alle-handschellen-der-standard-serie-2-stueck\/#primaryimage"},"image":{"@id":"https:\/\/marktxxl.de\/markt\/produkt\/jotovo-taschenschluessel-universeller-runder-handschellen-schluessel-polizei-manschettenschluessel-102-cm-mit-clip-fuer-alle-handschellen-der-standard-serie-2-stueck\/#primaryimage"},"thumbnailUrl":"https:\/\/m.media-amazon.com\/images\/I\/41riBIZGIUL._SL500_.jpg","datePublished":"2024-07-28T10:40:50+00:00","description":"Markt-XXL JOTOVO Taschenschl\u00fcssel, universeller runder Handschellen-Schl\u00fcssel, Polizei-Manschettenschl\u00fcssel, 10,2 cm, mit Clip f\u00fcr alle Handschellen der Standard-Serie, 2 St\u00fcck","breadcrumb":{"@id":"https:\/\/marktxxl.de\/markt\/produkt\/jotovo-taschenschluessel-universeller-runder-handschellen-schluessel-polizei-manschettenschluessel-102-cm-mit-clip-fuer-alle-handschellen-der-standard-serie-2-stueck\/#breadcrumb"},"inLanguage":"de","potentialAction":[{"@type":"ReadAction","target":["https:\/\/marktxxl.de\/markt\/produkt\/jotovo-taschenschluessel-universeller-runder-handschellen-schluessel-polizei-manschettenschluessel-102-cm-mit-clip-fuer-alle-handschellen-der-standard-serie-2-stueck\/"]}]},{"@type":"ImageObject","inLanguage":"de","@id":"https:\/\/marktxxl.de\/markt\/produkt\/jotovo-taschenschluessel-universeller-runder-handschellen-schluessel-polizei-manschettenschluessel-102-cm-mit-clip-fuer-alle-handschellen-der-standard-serie-2-stueck\/#primaryimage","url":"https:\/\/m.media-amazon.com\/images\/I\/41riBIZGIUL._SL500_.jpg","contentUrl":"https:\/\/m.media-amazon.com\/images\/I\/41riBIZGIUL._SL500_.jpg","width":500,"height":500},{"@type":"BreadcrumbList","@id":"https:\/\/marktxxl.de\/markt\/produkt\/jotovo-taschenschluessel-universeller-runder-handschellen-schluessel-polizei-manschettenschluessel-102-cm-mit-clip-fuer-alle-handschellen-der-standard-serie-2-stueck\/#breadcrumb","itemListElement":[{"@type":"ListItem","position":1,"name":"Startseite","item":"https:\/\/marktxxl.de\/markt\/"},{"@type":"ListItem","position":2,"name":"Markt","item":"https:\/\/marktxxl.de\/markt\/"},{"@type":"ListItem","position":3,"name":"JOTOVO Taschenschl\u00fcssel, universeller runder Handschellen-Schl\u00fcssel, Polizei-Manschettenschl\u00fcssel, 10,2 cm, mit Clip f\u00fcr alle Handschellen der Standard-Serie, 2 St\u00fcck"}]},{"@type":"WebSite","@id":"https:\/\/marktxxl.de\/markt\/#website","url":"https:\/\/marktxxl.de\/markt\/","name":"Markt-XXL","description":"Ihr Markt Online","publisher":{"@id":"https:\/\/marktxxl.de\/markt\/#organization"},"potentialAction":[{"@type":"SearchAction","target":{"@type":"EntryPoint","urlTemplate":"https:\/\/marktxxl.de\/markt\/?s={search_term_string}"},"query-input":{"@type":"PropertyValueSpecification","valueRequired":true,"valueName":"search_term_string"}}],"inLanguage":"de"},{"@type":"Organization","@id":"https:\/\/marktxxl.de\/markt\/#organization","name":"Markt-XXL","url":"https:\/\/marktxxl.de\/markt\/","logo":{"@type":"ImageObject","inLanguage":"de","@id":"https:\/\/marktxxl.de\/markt\/#\/schema\/logo\/image\/","url":"https:\/\/marktxxl.de\/markt\/wp-content\/uploads\/sites\/3\/2020\/12\/logo.png","contentUrl":"https:\/\/marktxxl.de\/markt\/wp-content\/uploads\/sites\/3\/2020\/12\/logo.png","width":200,"height":70,"caption":"Markt-XXL"},"image":{"@id":"https:\/\/marktxxl.de\/markt\/#\/schema\/logo\/image\/"}}]}},"_links":{"self":[{"href":"https:\/\/marktxxl.de\/markt\/wp-json\/wp\/v2\/product\/220299","targetHints":{"allow":["GET"]}}],"collection":[{"href":"https:\/\/marktxxl.de\/markt\/wp-json\/wp\/v2\/product"}],"about":[{"href":"https:\/\/marktxxl.de\/markt\/wp-json\/wp\/v2\/types\/product"}],"replies":[{"embeddable":true,"href":"https:\/\/marktxxl.de\/markt\/wp-json\/wp\/v2\/comments?post=220299"}],"wp:featuredmedia":[{"embeddable":true,"href":"https:\/\/marktxxl.de\/markt\/wp-json\/wp\/v2\/media\/220300"}],"wp:attachment":[{"href":"https:\/\/marktxxl.de\/markt\/wp-json\/wp\/v2\/media?parent=220299"}],"wp:term":[{"taxonomy":"product_brand","embeddable":true,"href":"https:\/\/marktxxl.de\/markt\/wp-json\/wp\/v2\/product_brand?post=220299"},{"taxonomy":"product_cat","embeddable":true,"href":"https:\/\/marktxxl.de\/markt\/wp-json\/wp\/v2\/product_cat?post=220299"},{"taxonomy":"product_tag","embeddable":true,"href":"https:\/\/marktxxl.de\/markt\/wp-json\/wp\/v2\/product_tag?post=220299"}],"curies":[{"name":"wp","href":"https:\/\/api.w.org\/{rel}","templated":true}]}}