{"id":220261,"date":"2024-07-28T12:40:16","date_gmt":"2024-07-28T10:40:16","guid":{"rendered":"https:\/\/marktxxl.de\/markt\/produkt\/pastease-festival-pasties-nipple-covers-for-festivals-raves-lingerie-halloween-costume-accessory-waterproof\/"},"modified":"2024-07-28T12:40:16","modified_gmt":"2024-07-28T10:40:16","slug":"pastease-festival-pasties-nipple-covers-for-festivals-raves-lingerie-halloween-costume-accessory-waterproof","status":"publish","type":"product","link":"https:\/\/marktxxl.de\/markt\/produkt\/pastease-festival-pasties-nipple-covers-for-festivals-raves-lingerie-halloween-costume-accessory-waterproof\/","title":{"rendered":"PASTEASE Festival Pasties &#8211; Nipple Covers for Festivals, Raves, &amp; Lingerie | Halloween Costume Accessory | Waterproof"},"content":{"rendered":"<p>Hergestellt in den USA<br \/>\nEinmaliger Gebrauch \u2013 einfach abziehen und auf saubere, trockene Haut kleben. Alle PASTEASE sind schwei\u00dffest, wasserdicht, hypoallergen, nahtlos und verf\u00fcgen \u00fcber latexfreie, medizinische Qualit\u00e4t, wasserdichten Klebstoff, der so lange wie Sie m\u00f6chten, sicher an Ort und Stelle bleibt, bis sie sanft entfernt werden.<br \/>\nFestlicher Favorit \u2013 tolles Accessoire f\u00fcr Ihr n\u00e4chstes Rave, EDM-Festival. Egal ob Coachella, Burning Man, Electric Forest, EDC, Tomorrowland, Bonnaroo, Lucidity, Flipside, High Sierra, Boomtown, Shambala, Secret Garden Party oder wohin Sie gehen.<br \/>\nPerfekt f\u00fcr Partys \u2013 Verstecken oder enth\u00fcllen Sie sie mit PASTEASE Brustwarzen-Pasties, wenn Sie sie mit einem niedlichen Outfit, einem gewagten Bikini, einem durchsichtigen Top, einem offenbarenden Kleid, Kost\u00fcm oder gar nichts getragen werden Ideal f\u00fcr Jubil\u00e4en, es ist eine sch\u00f6ne M\u00f6glichkeit, das Schlafzimmer aufzupeppen.<br \/>\nHandgefertigt \u2013 hergestellt und verpackt von unserem kleinen Familienbetrieb in Idaho Hergestellt nur aus den hochwertigsten und bequemsten Materialien. Alle Pastease-Produkte sind handgefertigt, daher kann das fertige Produkt, das Sie erhalten, leicht von der Abbildung abweichen.<br \/>\n<div class=\"main-cross-sell\" data-asin=\"B0CKQGGF8V\">\n\n\t<div class=\"WooZone-cross-sell-loader\">\n\t\t<div>\n\t\t\t<div id=\"floatingBarsG\">\n\t\t\t\t<div class=\"blockG\" id=\"rotateG_01\"><\/div>\n\t\t\t\t<div class=\"blockG\" id=\"rotateG_02\"><\/div>\n\t\t\t\t<div class=\"blockG\" id=\"rotateG_03\"><\/div>\n\t\t\t\t<div class=\"blockG\" id=\"rotateG_04\"><\/div>\n\t\t\t\t<div class=\"blockG\" id=\"rotateG_05\"><\/div>\n\t\t\t\t<div class=\"blockG\" id=\"rotateG_06\"><\/div>\n\t\t\t\t<div class=\"blockG\" id=\"rotateG_07\"><\/div>\n\t\t\t\t<div class=\"blockG\" id=\"rotateG_08\"><\/div>\n\t\t\t<\/div>\n\t\t\t<div class=\"WooZone-cross-sell-loader-text\"><\/div>\n\t\t<\/div>\n\t<\/div>\n\n\t\t\n<\/div>\n<div style=\"clear:both;\"><\/div><\/p>\n","protected":false},"excerpt":{"rendered":"<p>Hergestellt in den USA<br \/>\nEinmaliger Gebrauch \u2013 einfach abziehen und auf saubere, trockene Haut kleben. Alle PASTEASE sind schwei\u00dffest, wasserdicht, hypoallergen, nahtlos und verf\u00fcgen \u00fcber latexfreie, medizinische Qualit\u00e4t, wasserdichten Klebstoff, der so lange wie Sie m\u00f6chten, sicher an Ort und Stelle bleibt, bis sie sanft entfernt werden.<br \/>\nFestlicher Favorit \u2013 tolles Accessoire f\u00fcr Ihr n\u00e4chstes Rave, EDM-Festival. Egal ob Coachella, Burning Man, Electric Forest, EDC, Tomorrowland, Bonnaroo, Lucidity, Flipside, High Sierra, Boomtown, Shambala, Secret Garden Party oder wohin Sie gehen.<\/p>\n","protected":false},"featured_media":220262,"comment_status":"open","ping_status":"closed","template":"","meta":[],"product_brand":[],"product_cat":[652],"product_tag":[],"class_list":{"0":"post-220261","1":"product","2":"type-product","3":"status-publish","4":"has-post-thumbnail","6":"product_cat-erotik-markt-xxl","7":"pa_brand-pastease","8":"pa_manufacturer-pastease","9":"pa_model-fest-var","10":"pa_size-einheitsgroesse","12":"first","13":"instock","14":"shipping-taxable","15":"product-type-simple","16":"customify-col","17":"product-has-gallery"},"yoast_head":"<!-- This site is optimized with the Yoast SEO plugin v27.4 - https:\/\/yoast.com\/product\/yoast-seo-wordpress\/ -->\n<title>PASTEASE Festival Pasties - Nipple Covers for Festivals, Raves, &amp; Lingerie | Halloween Costume Accessory | Waterproof - Markt-XXL<\/title>\n<meta name=\"description\" content=\"Markt-XXL PASTEASE Festival Pasties - Nipple Covers for Festivals, Raves, &amp; Lingerie | Halloween Costume Accessory | Waterproof\" \/>\n<meta name=\"robots\" content=\"index, follow, max-snippet:-1, max-image-preview:large, max-video-preview:-1\" \/>\n<link rel=\"canonical\" href=\"https:\/\/marktxxl.de\/markt\/produkt\/pastease-festival-pasties-nipple-covers-for-festivals-raves-lingerie-halloween-costume-accessory-waterproof\/\" \/>\n<meta property=\"og:locale\" content=\"de_DE\" \/>\n<meta property=\"og:type\" content=\"article\" \/>\n<meta property=\"og:title\" content=\"PASTEASE Festival Pasties - Nipple Covers for Festivals, Raves, &amp; Lingerie | Halloween Costume Accessory | Waterproof - Markt-XXL\" \/>\n<meta property=\"og:description\" content=\"Markt-XXL PASTEASE Festival Pasties - Nipple Covers for Festivals, Raves, &amp; Lingerie | Halloween Costume Accessory | Waterproof\" \/>\n<meta property=\"og:url\" content=\"https:\/\/marktxxl.de\/markt\/produkt\/pastease-festival-pasties-nipple-covers-for-festivals-raves-lingerie-halloween-costume-accessory-waterproof\/\" \/>\n<meta property=\"og:site_name\" content=\"Markt-XXL\" \/>\n<meta name=\"twitter:card\" content=\"summary_large_image\" \/>\n<meta name=\"twitter:label1\" content=\"Gesch\u00e4tzte Lesezeit\" \/>\n\t<meta name=\"twitter:data1\" content=\"1\u00a0Minute\" \/>\n<script type=\"application\/ld+json\" class=\"yoast-schema-graph\">{\"@context\":\"https:\\\/\\\/schema.org\",\"@graph\":[{\"@type\":\"WebPage\",\"@id\":\"https:\\\/\\\/marktxxl.de\\\/markt\\\/produkt\\\/pastease-festival-pasties-nipple-covers-for-festivals-raves-lingerie-halloween-costume-accessory-waterproof\\\/\",\"url\":\"https:\\\/\\\/marktxxl.de\\\/markt\\\/produkt\\\/pastease-festival-pasties-nipple-covers-for-festivals-raves-lingerie-halloween-costume-accessory-waterproof\\\/\",\"name\":\"PASTEASE Festival Pasties - Nipple Covers for Festivals, Raves, &amp; Lingerie | Halloween Costume Accessory | Waterproof - Markt-XXL\",\"isPartOf\":{\"@id\":\"https:\\\/\\\/marktxxl.de\\\/markt\\\/#website\"},\"primaryImageOfPage\":{\"@id\":\"https:\\\/\\\/marktxxl.de\\\/markt\\\/produkt\\\/pastease-festival-pasties-nipple-covers-for-festivals-raves-lingerie-halloween-costume-accessory-waterproof\\\/#primaryimage\"},\"image\":{\"@id\":\"https:\\\/\\\/marktxxl.de\\\/markt\\\/produkt\\\/pastease-festival-pasties-nipple-covers-for-festivals-raves-lingerie-halloween-costume-accessory-waterproof\\\/#primaryimage\"},\"thumbnailUrl\":\"https:\\\/\\\/m.media-amazon.com\\\/images\\\/I\\\/41dPaCaZNBL._SL500_.jpg\",\"datePublished\":\"2024-07-28T10:40:16+00:00\",\"description\":\"Markt-XXL PASTEASE Festival Pasties - Nipple Covers for Festivals, Raves, &amp; Lingerie | Halloween Costume Accessory | Waterproof\",\"breadcrumb\":{\"@id\":\"https:\\\/\\\/marktxxl.de\\\/markt\\\/produkt\\\/pastease-festival-pasties-nipple-covers-for-festivals-raves-lingerie-halloween-costume-accessory-waterproof\\\/#breadcrumb\"},\"inLanguage\":\"de\",\"potentialAction\":[{\"@type\":\"ReadAction\",\"target\":[\"https:\\\/\\\/marktxxl.de\\\/markt\\\/produkt\\\/pastease-festival-pasties-nipple-covers-for-festivals-raves-lingerie-halloween-costume-accessory-waterproof\\\/\"]}]},{\"@type\":\"ImageObject\",\"inLanguage\":\"de\",\"@id\":\"https:\\\/\\\/marktxxl.de\\\/markt\\\/produkt\\\/pastease-festival-pasties-nipple-covers-for-festivals-raves-lingerie-halloween-costume-accessory-waterproof\\\/#primaryimage\",\"url\":\"https:\\\/\\\/m.media-amazon.com\\\/images\\\/I\\\/41dPaCaZNBL._SL500_.jpg\",\"contentUrl\":\"https:\\\/\\\/m.media-amazon.com\\\/images\\\/I\\\/41dPaCaZNBL._SL500_.jpg\",\"width\":500,\"height\":500},{\"@type\":\"BreadcrumbList\",\"@id\":\"https:\\\/\\\/marktxxl.de\\\/markt\\\/produkt\\\/pastease-festival-pasties-nipple-covers-for-festivals-raves-lingerie-halloween-costume-accessory-waterproof\\\/#breadcrumb\",\"itemListElement\":[{\"@type\":\"ListItem\",\"position\":1,\"name\":\"Startseite\",\"item\":\"https:\\\/\\\/marktxxl.de\\\/markt\\\/\"},{\"@type\":\"ListItem\",\"position\":2,\"name\":\"Markt\",\"item\":\"https:\\\/\\\/marktxxl.de\\\/markt\\\/\"},{\"@type\":\"ListItem\",\"position\":3,\"name\":\"PASTEASE Festival Pasties &#8211; Nipple Covers for Festivals, Raves, &amp; Lingerie | Halloween Costume Accessory | Waterproof\"}]},{\"@type\":\"WebSite\",\"@id\":\"https:\\\/\\\/marktxxl.de\\\/markt\\\/#website\",\"url\":\"https:\\\/\\\/marktxxl.de\\\/markt\\\/\",\"name\":\"Markt-XXL\",\"description\":\"Ihr Markt Online\",\"publisher\":{\"@id\":\"https:\\\/\\\/marktxxl.de\\\/markt\\\/#organization\"},\"potentialAction\":[{\"@type\":\"SearchAction\",\"target\":{\"@type\":\"EntryPoint\",\"urlTemplate\":\"https:\\\/\\\/marktxxl.de\\\/markt\\\/?s={search_term_string}\"},\"query-input\":{\"@type\":\"PropertyValueSpecification\",\"valueRequired\":true,\"valueName\":\"search_term_string\"}}],\"inLanguage\":\"de\"},{\"@type\":\"Organization\",\"@id\":\"https:\\\/\\\/marktxxl.de\\\/markt\\\/#organization\",\"name\":\"Markt-XXL\",\"url\":\"https:\\\/\\\/marktxxl.de\\\/markt\\\/\",\"logo\":{\"@type\":\"ImageObject\",\"inLanguage\":\"de\",\"@id\":\"https:\\\/\\\/marktxxl.de\\\/markt\\\/#\\\/schema\\\/logo\\\/image\\\/\",\"url\":\"https:\\\/\\\/marktxxl.de\\\/markt\\\/wp-content\\\/uploads\\\/sites\\\/3\\\/2020\\\/12\\\/logo.png\",\"contentUrl\":\"https:\\\/\\\/marktxxl.de\\\/markt\\\/wp-content\\\/uploads\\\/sites\\\/3\\\/2020\\\/12\\\/logo.png\",\"width\":200,\"height\":70,\"caption\":\"Markt-XXL\"},\"image\":{\"@id\":\"https:\\\/\\\/marktxxl.de\\\/markt\\\/#\\\/schema\\\/logo\\\/image\\\/\"}}]}<\/script>\n<!-- \/ Yoast SEO plugin. -->","yoast_head_json":{"title":"PASTEASE Festival Pasties - Nipple Covers for Festivals, Raves, &amp; Lingerie | Halloween Costume Accessory | Waterproof - Markt-XXL","description":"Markt-XXL PASTEASE Festival Pasties - Nipple Covers for Festivals, Raves, &amp; Lingerie | Halloween Costume Accessory | Waterproof","robots":{"index":"index","follow":"follow","max-snippet":"max-snippet:-1","max-image-preview":"max-image-preview:large","max-video-preview":"max-video-preview:-1"},"canonical":"https:\/\/marktxxl.de\/markt\/produkt\/pastease-festival-pasties-nipple-covers-for-festivals-raves-lingerie-halloween-costume-accessory-waterproof\/","og_locale":"de_DE","og_type":"article","og_title":"PASTEASE Festival Pasties - Nipple Covers for Festivals, Raves, &amp; Lingerie | Halloween Costume Accessory | Waterproof - Markt-XXL","og_description":"Markt-XXL PASTEASE Festival Pasties - Nipple Covers for Festivals, Raves, &amp; Lingerie | Halloween Costume Accessory | Waterproof","og_url":"https:\/\/marktxxl.de\/markt\/produkt\/pastease-festival-pasties-nipple-covers-for-festivals-raves-lingerie-halloween-costume-accessory-waterproof\/","og_site_name":"Markt-XXL","twitter_card":"summary_large_image","twitter_misc":{"Gesch\u00e4tzte Lesezeit":"1\u00a0Minute"},"schema":{"@context":"https:\/\/schema.org","@graph":[{"@type":"WebPage","@id":"https:\/\/marktxxl.de\/markt\/produkt\/pastease-festival-pasties-nipple-covers-for-festivals-raves-lingerie-halloween-costume-accessory-waterproof\/","url":"https:\/\/marktxxl.de\/markt\/produkt\/pastease-festival-pasties-nipple-covers-for-festivals-raves-lingerie-halloween-costume-accessory-waterproof\/","name":"PASTEASE Festival Pasties - Nipple Covers for Festivals, Raves, &amp; Lingerie | Halloween Costume Accessory | Waterproof - Markt-XXL","isPartOf":{"@id":"https:\/\/marktxxl.de\/markt\/#website"},"primaryImageOfPage":{"@id":"https:\/\/marktxxl.de\/markt\/produkt\/pastease-festival-pasties-nipple-covers-for-festivals-raves-lingerie-halloween-costume-accessory-waterproof\/#primaryimage"},"image":{"@id":"https:\/\/marktxxl.de\/markt\/produkt\/pastease-festival-pasties-nipple-covers-for-festivals-raves-lingerie-halloween-costume-accessory-waterproof\/#primaryimage"},"thumbnailUrl":"https:\/\/m.media-amazon.com\/images\/I\/41dPaCaZNBL._SL500_.jpg","datePublished":"2024-07-28T10:40:16+00:00","description":"Markt-XXL PASTEASE Festival Pasties - Nipple Covers for Festivals, Raves, &amp; Lingerie | Halloween Costume Accessory | Waterproof","breadcrumb":{"@id":"https:\/\/marktxxl.de\/markt\/produkt\/pastease-festival-pasties-nipple-covers-for-festivals-raves-lingerie-halloween-costume-accessory-waterproof\/#breadcrumb"},"inLanguage":"de","potentialAction":[{"@type":"ReadAction","target":["https:\/\/marktxxl.de\/markt\/produkt\/pastease-festival-pasties-nipple-covers-for-festivals-raves-lingerie-halloween-costume-accessory-waterproof\/"]}]},{"@type":"ImageObject","inLanguage":"de","@id":"https:\/\/marktxxl.de\/markt\/produkt\/pastease-festival-pasties-nipple-covers-for-festivals-raves-lingerie-halloween-costume-accessory-waterproof\/#primaryimage","url":"https:\/\/m.media-amazon.com\/images\/I\/41dPaCaZNBL._SL500_.jpg","contentUrl":"https:\/\/m.media-amazon.com\/images\/I\/41dPaCaZNBL._SL500_.jpg","width":500,"height":500},{"@type":"BreadcrumbList","@id":"https:\/\/marktxxl.de\/markt\/produkt\/pastease-festival-pasties-nipple-covers-for-festivals-raves-lingerie-halloween-costume-accessory-waterproof\/#breadcrumb","itemListElement":[{"@type":"ListItem","position":1,"name":"Startseite","item":"https:\/\/marktxxl.de\/markt\/"},{"@type":"ListItem","position":2,"name":"Markt","item":"https:\/\/marktxxl.de\/markt\/"},{"@type":"ListItem","position":3,"name":"PASTEASE Festival Pasties &#8211; Nipple Covers for Festivals, Raves, &amp; Lingerie | Halloween Costume Accessory | Waterproof"}]},{"@type":"WebSite","@id":"https:\/\/marktxxl.de\/markt\/#website","url":"https:\/\/marktxxl.de\/markt\/","name":"Markt-XXL","description":"Ihr Markt Online","publisher":{"@id":"https:\/\/marktxxl.de\/markt\/#organization"},"potentialAction":[{"@type":"SearchAction","target":{"@type":"EntryPoint","urlTemplate":"https:\/\/marktxxl.de\/markt\/?s={search_term_string}"},"query-input":{"@type":"PropertyValueSpecification","valueRequired":true,"valueName":"search_term_string"}}],"inLanguage":"de"},{"@type":"Organization","@id":"https:\/\/marktxxl.de\/markt\/#organization","name":"Markt-XXL","url":"https:\/\/marktxxl.de\/markt\/","logo":{"@type":"ImageObject","inLanguage":"de","@id":"https:\/\/marktxxl.de\/markt\/#\/schema\/logo\/image\/","url":"https:\/\/marktxxl.de\/markt\/wp-content\/uploads\/sites\/3\/2020\/12\/logo.png","contentUrl":"https:\/\/marktxxl.de\/markt\/wp-content\/uploads\/sites\/3\/2020\/12\/logo.png","width":200,"height":70,"caption":"Markt-XXL"},"image":{"@id":"https:\/\/marktxxl.de\/markt\/#\/schema\/logo\/image\/"}}]}},"_links":{"self":[{"href":"https:\/\/marktxxl.de\/markt\/wp-json\/wp\/v2\/product\/220261","targetHints":{"allow":["GET"]}}],"collection":[{"href":"https:\/\/marktxxl.de\/markt\/wp-json\/wp\/v2\/product"}],"about":[{"href":"https:\/\/marktxxl.de\/markt\/wp-json\/wp\/v2\/types\/product"}],"replies":[{"embeddable":true,"href":"https:\/\/marktxxl.de\/markt\/wp-json\/wp\/v2\/comments?post=220261"}],"wp:featuredmedia":[{"embeddable":true,"href":"https:\/\/marktxxl.de\/markt\/wp-json\/wp\/v2\/media\/220262"}],"wp:attachment":[{"href":"https:\/\/marktxxl.de\/markt\/wp-json\/wp\/v2\/media?parent=220261"}],"wp:term":[{"taxonomy":"product_brand","embeddable":true,"href":"https:\/\/marktxxl.de\/markt\/wp-json\/wp\/v2\/product_brand?post=220261"},{"taxonomy":"product_cat","embeddable":true,"href":"https:\/\/marktxxl.de\/markt\/wp-json\/wp\/v2\/product_cat?post=220261"},{"taxonomy":"product_tag","embeddable":true,"href":"https:\/\/marktxxl.de\/markt\/wp-json\/wp\/v2\/product_tag?post=220261"}],"curies":[{"name":"wp","href":"https:\/\/api.w.org\/{rel}","templated":true}]}}