{"id":220166,"date":"2024-07-28T12:32:15","date_gmt":"2024-07-28T10:32:15","guid":{"rendered":"https:\/\/marktxxl.de\/markt\/produkt\/culoclean-flaschenverschluss-po-dusche-das-diskreteste-und-kleinste-mobile-reisebidet-fuer-periode-intim-dusche-ersetzt-feuchttuecher-und-dusch-wc-spart-papiersanft-1pcs-weiss-fluoreszierend\/"},"modified":"2024-07-28T12:32:15","modified_gmt":"2024-07-28T10:32:15","slug":"culoclean-flaschenverschluss-po-dusche-das-diskreteste-und-kleinste-mobile-reisebidet-fuer-periode-intim-dusche-ersetzt-feuchttuecher-und-dusch-wc-spart-papiersanft-1pcs-weiss-fluoreszierend","status":"publish","type":"product","link":"https:\/\/marktxxl.de\/markt\/produkt\/culoclean-flaschenverschluss-po-dusche-das-diskreteste-und-kleinste-mobile-reisebidet-fuer-periode-intim-dusche-ersetzt-feuchttuecher-und-dusch-wc-spart-papiersanft-1pcs-weiss-fluoreszierend\/","title":{"rendered":"CuloClean Flaschenverschluss. Po dusche. Das diskreteste und kleinste mobile Reisebidet, f\u00fcr Periode, Intim-Dusche, ersetzt Feuchtt\u00fccher und Dusch-WC. Spart Papiersanft (1pcs, wei\u00df, Fluoreszierend)"},"content":{"rendered":"<p>DAS DISKRETESTE TRAGBARE BIDET AUF DEM MARKT. Die Abmessungen sind so klein dass Sie es in jeder Tasche aufbewahren k\u00f6nnen. Benutzen Sie es im B\u00fcro. Jeder wird denken, dass Sie Ihre Wasserflasche auff\u00fcllen gehen.<br \/>\nTOLL F\u00dcR FRAUEN UND M\u00dcTTER \u2013 Nachhaltige Sauberkeit w\u00e4hrend der Periode, Ideal in der Schwangerschaft, bei Wochenfluss und bei Geburtsverletzungen, Passend zur Menstruationstasse<br \/>\nHYGIENISCHE REINIGUNG MIT WASSER: sanft und sauber. F\u00fcr sensible Haut, selbst bei H\u00e4morrhoiden, Reizdarm, Fissuren, Inkontinenz, Durchfall. Erspare dir \u00fcberm\u00e4\u00dfiges Wischen und Vermeide Irritationen<br \/>\nDIE \u00d6KOLOGISCHE UND PREISWERTE ALTERNATIVE zu Toilettenpapier und Feuchtt\u00fcchern. Es ist lang anhaltend und umweltschonend. Die Einwegprodukte kontaminieren unseren Planeten mit Abfall. Frei von BPA und Weichmachern<br \/>\nCULOCLEAN WIRD ZU 100% IN EUROPA HERGESTELLT. CuloClean wird aus recyceltem Kunststoff hergestellt.<br \/>\n<div class=\"main-cross-sell\" data-asin=\"B0BNNS2VN4\">\n\n\t<div class=\"WooZone-cross-sell-loader\">\n\t\t<div>\n\t\t\t<div id=\"floatingBarsG\">\n\t\t\t\t<div class=\"blockG\" id=\"rotateG_01\"><\/div>\n\t\t\t\t<div class=\"blockG\" id=\"rotateG_02\"><\/div>\n\t\t\t\t<div class=\"blockG\" id=\"rotateG_03\"><\/div>\n\t\t\t\t<div class=\"blockG\" id=\"rotateG_04\"><\/div>\n\t\t\t\t<div class=\"blockG\" id=\"rotateG_05\"><\/div>\n\t\t\t\t<div class=\"blockG\" id=\"rotateG_06\"><\/div>\n\t\t\t\t<div class=\"blockG\" id=\"rotateG_07\"><\/div>\n\t\t\t\t<div class=\"blockG\" id=\"rotateG_08\"><\/div>\n\t\t\t<\/div>\n\t\t\t<div class=\"WooZone-cross-sell-loader-text\"><\/div>\n\t\t<\/div>\n\t<\/div>\n\n\t\t\n<\/div>\n<div style=\"clear:both;\"><\/div><\/p>\n","protected":false},"excerpt":{"rendered":"<p>DAS DISKRETESTE TRAGBARE BIDET AUF DEM MARKT. Die Abmessungen sind so klein dass Sie es in jeder Tasche aufbewahren k\u00f6nnen. Benutzen Sie es im B\u00fcro. Jeder wird denken, dass Sie Ihre Wasserflasche auff\u00fcllen gehen.<br \/>\nTOLL F\u00dcR FRAUEN UND M\u00dcTTER \u2013 Nachhaltige Sauberkeit w\u00e4hrend der Periode, Ideal in der Schwangerschaft, bei Wochenfluss und bei Geburtsverletzungen, Passend zur Menstruationstasse<br \/>\nHYGIENISCHE REINIGUNG MIT WASSER: sanft und sauber. F\u00fcr sensible Haut, selbst bei H\u00e4morrhoiden, Reizdarm, Fissuren, Inkontinenz, Durchfall. Erspare dir \u00fcberm\u00e4\u00dfiges Wischen und Vermeide Irritationen<\/p>\n","protected":false},"featured_media":220167,"comment_status":"open","ping_status":"closed","template":"","meta":[],"product_brand":[],"product_cat":[652,2977],"product_tag":[],"class_list":{"0":"post-220166","1":"product","2":"type-product","3":"status-publish","4":"has-post-thumbnail","6":"product_cat-erotik-markt-xxl","7":"product_cat-sexspielzeug","8":"pa_brand-culoclean-com","9":"pa_color-1pcs-fluoreszierend","10":"pa_height-1-4173228332-zoll","11":"pa_length-1-181102361-zoll","12":"pa_manufacturer-culoclean-com","13":"pa_model-cc","14":"pa_weight-0-03086471668-pfund","15":"pa_width-1-181102361-zoll","17":"first","18":"instock","19":"shipping-taxable","20":"purchasable","21":"product-type-simple","22":"customify-col","23":"product-has-gallery"},"yoast_head":"<!-- This site is optimized with the Yoast SEO plugin v27.4 - https:\/\/yoast.com\/product\/yoast-seo-wordpress\/ -->\n<title>CuloClean Flaschenverschluss. Po dusche. Das diskreteste und kleinste mobile Reisebidet, f\u00fcr Periode, Intim-Dusche, ersetzt Feuchtt\u00fccher und Dusch-WC. Spart Papiersanft (1pcs, wei\u00df, Fluoreszierend) - Markt-XXL<\/title>\n<meta name=\"description\" content=\"Markt-XXL CuloClean Flaschenverschluss. Po dusche. Das diskreteste und kleinste mobile Reisebidet, f\u00fcr Periode, Intim-Dusche, ersetzt Feuchtt\u00fccher und Dusch-WC. Spart Papiersanft (1pcs, wei\u00df, Fluoreszierend)\" \/>\n<meta name=\"robots\" content=\"index, follow, max-snippet:-1, max-image-preview:large, max-video-preview:-1\" \/>\n<link rel=\"canonical\" href=\"https:\/\/marktxxl.de\/markt\/produkt\/culoclean-flaschenverschluss-po-dusche-das-diskreteste-und-kleinste-mobile-reisebidet-fuer-periode-intim-dusche-ersetzt-feuchttuecher-und-dusch-wc-spart-papiersanft-1pcs-weiss-fluoreszierend\/\" \/>\n<meta property=\"og:locale\" content=\"de_DE\" \/>\n<meta property=\"og:type\" content=\"article\" \/>\n<meta property=\"og:title\" content=\"CuloClean Flaschenverschluss. Po dusche. Das diskreteste und kleinste mobile Reisebidet, f\u00fcr Periode, Intim-Dusche, ersetzt Feuchtt\u00fccher und Dusch-WC. Spart Papiersanft (1pcs, wei\u00df, Fluoreszierend) - Markt-XXL\" \/>\n<meta property=\"og:description\" content=\"Markt-XXL CuloClean Flaschenverschluss. Po dusche. Das diskreteste und kleinste mobile Reisebidet, f\u00fcr Periode, Intim-Dusche, ersetzt Feuchtt\u00fccher und Dusch-WC. Spart Papiersanft (1pcs, wei\u00df, Fluoreszierend)\" \/>\n<meta property=\"og:url\" content=\"https:\/\/marktxxl.de\/markt\/produkt\/culoclean-flaschenverschluss-po-dusche-das-diskreteste-und-kleinste-mobile-reisebidet-fuer-periode-intim-dusche-ersetzt-feuchttuecher-und-dusch-wc-spart-papiersanft-1pcs-weiss-fluoreszierend\/\" \/>\n<meta property=\"og:site_name\" content=\"Markt-XXL\" \/>\n<meta name=\"twitter:card\" content=\"summary_large_image\" \/>\n<meta name=\"twitter:label1\" content=\"Gesch\u00e4tzte Lesezeit\" \/>\n\t<meta name=\"twitter:data1\" content=\"1\u00a0Minute\" \/>\n<script type=\"application\/ld+json\" class=\"yoast-schema-graph\">{\"@context\":\"https:\\\/\\\/schema.org\",\"@graph\":[{\"@type\":\"WebPage\",\"@id\":\"https:\\\/\\\/marktxxl.de\\\/markt\\\/produkt\\\/culoclean-flaschenverschluss-po-dusche-das-diskreteste-und-kleinste-mobile-reisebidet-fuer-periode-intim-dusche-ersetzt-feuchttuecher-und-dusch-wc-spart-papiersanft-1pcs-weiss-fluoreszierend\\\/\",\"url\":\"https:\\\/\\\/marktxxl.de\\\/markt\\\/produkt\\\/culoclean-flaschenverschluss-po-dusche-das-diskreteste-und-kleinste-mobile-reisebidet-fuer-periode-intim-dusche-ersetzt-feuchttuecher-und-dusch-wc-spart-papiersanft-1pcs-weiss-fluoreszierend\\\/\",\"name\":\"CuloClean Flaschenverschluss. Po dusche. Das diskreteste und kleinste mobile Reisebidet, f\u00fcr Periode, Intim-Dusche, ersetzt Feuchtt\u00fccher und Dusch-WC. Spart Papiersanft (1pcs, wei\u00df, Fluoreszierend) - Markt-XXL\",\"isPartOf\":{\"@id\":\"https:\\\/\\\/marktxxl.de\\\/markt\\\/#website\"},\"primaryImageOfPage\":{\"@id\":\"https:\\\/\\\/marktxxl.de\\\/markt\\\/produkt\\\/culoclean-flaschenverschluss-po-dusche-das-diskreteste-und-kleinste-mobile-reisebidet-fuer-periode-intim-dusche-ersetzt-feuchttuecher-und-dusch-wc-spart-papiersanft-1pcs-weiss-fluoreszierend\\\/#primaryimage\"},\"image\":{\"@id\":\"https:\\\/\\\/marktxxl.de\\\/markt\\\/produkt\\\/culoclean-flaschenverschluss-po-dusche-das-diskreteste-und-kleinste-mobile-reisebidet-fuer-periode-intim-dusche-ersetzt-feuchttuecher-und-dusch-wc-spart-papiersanft-1pcs-weiss-fluoreszierend\\\/#primaryimage\"},\"thumbnailUrl\":\"https:\\\/\\\/m.media-amazon.com\\\/images\\\/I\\\/41uyu4Yzo4L._SL500_.jpg\",\"datePublished\":\"2024-07-28T10:32:15+00:00\",\"description\":\"Markt-XXL CuloClean Flaschenverschluss. Po dusche. Das diskreteste und kleinste mobile Reisebidet, f\u00fcr Periode, Intim-Dusche, ersetzt Feuchtt\u00fccher und Dusch-WC. Spart Papiersanft (1pcs, wei\u00df, Fluoreszierend)\",\"breadcrumb\":{\"@id\":\"https:\\\/\\\/marktxxl.de\\\/markt\\\/produkt\\\/culoclean-flaschenverschluss-po-dusche-das-diskreteste-und-kleinste-mobile-reisebidet-fuer-periode-intim-dusche-ersetzt-feuchttuecher-und-dusch-wc-spart-papiersanft-1pcs-weiss-fluoreszierend\\\/#breadcrumb\"},\"inLanguage\":\"de\",\"potentialAction\":[{\"@type\":\"ReadAction\",\"target\":[\"https:\\\/\\\/marktxxl.de\\\/markt\\\/produkt\\\/culoclean-flaschenverschluss-po-dusche-das-diskreteste-und-kleinste-mobile-reisebidet-fuer-periode-intim-dusche-ersetzt-feuchttuecher-und-dusch-wc-spart-papiersanft-1pcs-weiss-fluoreszierend\\\/\"]}]},{\"@type\":\"ImageObject\",\"inLanguage\":\"de\",\"@id\":\"https:\\\/\\\/marktxxl.de\\\/markt\\\/produkt\\\/culoclean-flaschenverschluss-po-dusche-das-diskreteste-und-kleinste-mobile-reisebidet-fuer-periode-intim-dusche-ersetzt-feuchttuecher-und-dusch-wc-spart-papiersanft-1pcs-weiss-fluoreszierend\\\/#primaryimage\",\"url\":\"https:\\\/\\\/m.media-amazon.com\\\/images\\\/I\\\/41uyu4Yzo4L._SL500_.jpg\",\"contentUrl\":\"https:\\\/\\\/m.media-amazon.com\\\/images\\\/I\\\/41uyu4Yzo4L._SL500_.jpg\",\"width\":500,\"height\":500},{\"@type\":\"BreadcrumbList\",\"@id\":\"https:\\\/\\\/marktxxl.de\\\/markt\\\/produkt\\\/culoclean-flaschenverschluss-po-dusche-das-diskreteste-und-kleinste-mobile-reisebidet-fuer-periode-intim-dusche-ersetzt-feuchttuecher-und-dusch-wc-spart-papiersanft-1pcs-weiss-fluoreszierend\\\/#breadcrumb\",\"itemListElement\":[{\"@type\":\"ListItem\",\"position\":1,\"name\":\"Startseite\",\"item\":\"https:\\\/\\\/marktxxl.de\\\/markt\\\/\"},{\"@type\":\"ListItem\",\"position\":2,\"name\":\"Markt\",\"item\":\"https:\\\/\\\/marktxxl.de\\\/markt\\\/\"},{\"@type\":\"ListItem\",\"position\":3,\"name\":\"CuloClean Flaschenverschluss. Po dusche. Das diskreteste und kleinste mobile Reisebidet, f\u00fcr Periode, Intim-Dusche, ersetzt Feuchtt\u00fccher und Dusch-WC. Spart Papiersanft (1pcs, wei\u00df, Fluoreszierend)\"}]},{\"@type\":\"WebSite\",\"@id\":\"https:\\\/\\\/marktxxl.de\\\/markt\\\/#website\",\"url\":\"https:\\\/\\\/marktxxl.de\\\/markt\\\/\",\"name\":\"Markt-XXL\",\"description\":\"Ihr Markt Online\",\"publisher\":{\"@id\":\"https:\\\/\\\/marktxxl.de\\\/markt\\\/#organization\"},\"potentialAction\":[{\"@type\":\"SearchAction\",\"target\":{\"@type\":\"EntryPoint\",\"urlTemplate\":\"https:\\\/\\\/marktxxl.de\\\/markt\\\/?s={search_term_string}\"},\"query-input\":{\"@type\":\"PropertyValueSpecification\",\"valueRequired\":true,\"valueName\":\"search_term_string\"}}],\"inLanguage\":\"de\"},{\"@type\":\"Organization\",\"@id\":\"https:\\\/\\\/marktxxl.de\\\/markt\\\/#organization\",\"name\":\"Markt-XXL\",\"url\":\"https:\\\/\\\/marktxxl.de\\\/markt\\\/\",\"logo\":{\"@type\":\"ImageObject\",\"inLanguage\":\"de\",\"@id\":\"https:\\\/\\\/marktxxl.de\\\/markt\\\/#\\\/schema\\\/logo\\\/image\\\/\",\"url\":\"https:\\\/\\\/marktxxl.de\\\/markt\\\/wp-content\\\/uploads\\\/sites\\\/3\\\/2020\\\/12\\\/logo.png\",\"contentUrl\":\"https:\\\/\\\/marktxxl.de\\\/markt\\\/wp-content\\\/uploads\\\/sites\\\/3\\\/2020\\\/12\\\/logo.png\",\"width\":200,\"height\":70,\"caption\":\"Markt-XXL\"},\"image\":{\"@id\":\"https:\\\/\\\/marktxxl.de\\\/markt\\\/#\\\/schema\\\/logo\\\/image\\\/\"}}]}<\/script>\n<!-- \/ Yoast SEO plugin. -->","yoast_head_json":{"title":"CuloClean Flaschenverschluss. Po dusche. Das diskreteste und kleinste mobile Reisebidet, f\u00fcr Periode, Intim-Dusche, ersetzt Feuchtt\u00fccher und Dusch-WC. Spart Papiersanft (1pcs, wei\u00df, Fluoreszierend) - Markt-XXL","description":"Markt-XXL CuloClean Flaschenverschluss. Po dusche. Das diskreteste und kleinste mobile Reisebidet, f\u00fcr Periode, Intim-Dusche, ersetzt Feuchtt\u00fccher und Dusch-WC. Spart Papiersanft (1pcs, wei\u00df, Fluoreszierend)","robots":{"index":"index","follow":"follow","max-snippet":"max-snippet:-1","max-image-preview":"max-image-preview:large","max-video-preview":"max-video-preview:-1"},"canonical":"https:\/\/marktxxl.de\/markt\/produkt\/culoclean-flaschenverschluss-po-dusche-das-diskreteste-und-kleinste-mobile-reisebidet-fuer-periode-intim-dusche-ersetzt-feuchttuecher-und-dusch-wc-spart-papiersanft-1pcs-weiss-fluoreszierend\/","og_locale":"de_DE","og_type":"article","og_title":"CuloClean Flaschenverschluss. Po dusche. Das diskreteste und kleinste mobile Reisebidet, f\u00fcr Periode, Intim-Dusche, ersetzt Feuchtt\u00fccher und Dusch-WC. Spart Papiersanft (1pcs, wei\u00df, Fluoreszierend) - Markt-XXL","og_description":"Markt-XXL CuloClean Flaschenverschluss. Po dusche. Das diskreteste und kleinste mobile Reisebidet, f\u00fcr Periode, Intim-Dusche, ersetzt Feuchtt\u00fccher und Dusch-WC. Spart Papiersanft (1pcs, wei\u00df, Fluoreszierend)","og_url":"https:\/\/marktxxl.de\/markt\/produkt\/culoclean-flaschenverschluss-po-dusche-das-diskreteste-und-kleinste-mobile-reisebidet-fuer-periode-intim-dusche-ersetzt-feuchttuecher-und-dusch-wc-spart-papiersanft-1pcs-weiss-fluoreszierend\/","og_site_name":"Markt-XXL","twitter_card":"summary_large_image","twitter_misc":{"Gesch\u00e4tzte Lesezeit":"1\u00a0Minute"},"schema":{"@context":"https:\/\/schema.org","@graph":[{"@type":"WebPage","@id":"https:\/\/marktxxl.de\/markt\/produkt\/culoclean-flaschenverschluss-po-dusche-das-diskreteste-und-kleinste-mobile-reisebidet-fuer-periode-intim-dusche-ersetzt-feuchttuecher-und-dusch-wc-spart-papiersanft-1pcs-weiss-fluoreszierend\/","url":"https:\/\/marktxxl.de\/markt\/produkt\/culoclean-flaschenverschluss-po-dusche-das-diskreteste-und-kleinste-mobile-reisebidet-fuer-periode-intim-dusche-ersetzt-feuchttuecher-und-dusch-wc-spart-papiersanft-1pcs-weiss-fluoreszierend\/","name":"CuloClean Flaschenverschluss. Po dusche. Das diskreteste und kleinste mobile Reisebidet, f\u00fcr Periode, Intim-Dusche, ersetzt Feuchtt\u00fccher und Dusch-WC. Spart Papiersanft (1pcs, wei\u00df, Fluoreszierend) - Markt-XXL","isPartOf":{"@id":"https:\/\/marktxxl.de\/markt\/#website"},"primaryImageOfPage":{"@id":"https:\/\/marktxxl.de\/markt\/produkt\/culoclean-flaschenverschluss-po-dusche-das-diskreteste-und-kleinste-mobile-reisebidet-fuer-periode-intim-dusche-ersetzt-feuchttuecher-und-dusch-wc-spart-papiersanft-1pcs-weiss-fluoreszierend\/#primaryimage"},"image":{"@id":"https:\/\/marktxxl.de\/markt\/produkt\/culoclean-flaschenverschluss-po-dusche-das-diskreteste-und-kleinste-mobile-reisebidet-fuer-periode-intim-dusche-ersetzt-feuchttuecher-und-dusch-wc-spart-papiersanft-1pcs-weiss-fluoreszierend\/#primaryimage"},"thumbnailUrl":"https:\/\/m.media-amazon.com\/images\/I\/41uyu4Yzo4L._SL500_.jpg","datePublished":"2024-07-28T10:32:15+00:00","description":"Markt-XXL CuloClean Flaschenverschluss. Po dusche. Das diskreteste und kleinste mobile Reisebidet, f\u00fcr Periode, Intim-Dusche, ersetzt Feuchtt\u00fccher und Dusch-WC. Spart Papiersanft (1pcs, wei\u00df, Fluoreszierend)","breadcrumb":{"@id":"https:\/\/marktxxl.de\/markt\/produkt\/culoclean-flaschenverschluss-po-dusche-das-diskreteste-und-kleinste-mobile-reisebidet-fuer-periode-intim-dusche-ersetzt-feuchttuecher-und-dusch-wc-spart-papiersanft-1pcs-weiss-fluoreszierend\/#breadcrumb"},"inLanguage":"de","potentialAction":[{"@type":"ReadAction","target":["https:\/\/marktxxl.de\/markt\/produkt\/culoclean-flaschenverschluss-po-dusche-das-diskreteste-und-kleinste-mobile-reisebidet-fuer-periode-intim-dusche-ersetzt-feuchttuecher-und-dusch-wc-spart-papiersanft-1pcs-weiss-fluoreszierend\/"]}]},{"@type":"ImageObject","inLanguage":"de","@id":"https:\/\/marktxxl.de\/markt\/produkt\/culoclean-flaschenverschluss-po-dusche-das-diskreteste-und-kleinste-mobile-reisebidet-fuer-periode-intim-dusche-ersetzt-feuchttuecher-und-dusch-wc-spart-papiersanft-1pcs-weiss-fluoreszierend\/#primaryimage","url":"https:\/\/m.media-amazon.com\/images\/I\/41uyu4Yzo4L._SL500_.jpg","contentUrl":"https:\/\/m.media-amazon.com\/images\/I\/41uyu4Yzo4L._SL500_.jpg","width":500,"height":500},{"@type":"BreadcrumbList","@id":"https:\/\/marktxxl.de\/markt\/produkt\/culoclean-flaschenverschluss-po-dusche-das-diskreteste-und-kleinste-mobile-reisebidet-fuer-periode-intim-dusche-ersetzt-feuchttuecher-und-dusch-wc-spart-papiersanft-1pcs-weiss-fluoreszierend\/#breadcrumb","itemListElement":[{"@type":"ListItem","position":1,"name":"Startseite","item":"https:\/\/marktxxl.de\/markt\/"},{"@type":"ListItem","position":2,"name":"Markt","item":"https:\/\/marktxxl.de\/markt\/"},{"@type":"ListItem","position":3,"name":"CuloClean Flaschenverschluss. Po dusche. Das diskreteste und kleinste mobile Reisebidet, f\u00fcr Periode, Intim-Dusche, ersetzt Feuchtt\u00fccher und Dusch-WC. Spart Papiersanft (1pcs, wei\u00df, Fluoreszierend)"}]},{"@type":"WebSite","@id":"https:\/\/marktxxl.de\/markt\/#website","url":"https:\/\/marktxxl.de\/markt\/","name":"Markt-XXL","description":"Ihr Markt Online","publisher":{"@id":"https:\/\/marktxxl.de\/markt\/#organization"},"potentialAction":[{"@type":"SearchAction","target":{"@type":"EntryPoint","urlTemplate":"https:\/\/marktxxl.de\/markt\/?s={search_term_string}"},"query-input":{"@type":"PropertyValueSpecification","valueRequired":true,"valueName":"search_term_string"}}],"inLanguage":"de"},{"@type":"Organization","@id":"https:\/\/marktxxl.de\/markt\/#organization","name":"Markt-XXL","url":"https:\/\/marktxxl.de\/markt\/","logo":{"@type":"ImageObject","inLanguage":"de","@id":"https:\/\/marktxxl.de\/markt\/#\/schema\/logo\/image\/","url":"https:\/\/marktxxl.de\/markt\/wp-content\/uploads\/sites\/3\/2020\/12\/logo.png","contentUrl":"https:\/\/marktxxl.de\/markt\/wp-content\/uploads\/sites\/3\/2020\/12\/logo.png","width":200,"height":70,"caption":"Markt-XXL"},"image":{"@id":"https:\/\/marktxxl.de\/markt\/#\/schema\/logo\/image\/"}}]}},"_links":{"self":[{"href":"https:\/\/marktxxl.de\/markt\/wp-json\/wp\/v2\/product\/220166","targetHints":{"allow":["GET"]}}],"collection":[{"href":"https:\/\/marktxxl.de\/markt\/wp-json\/wp\/v2\/product"}],"about":[{"href":"https:\/\/marktxxl.de\/markt\/wp-json\/wp\/v2\/types\/product"}],"replies":[{"embeddable":true,"href":"https:\/\/marktxxl.de\/markt\/wp-json\/wp\/v2\/comments?post=220166"}],"wp:featuredmedia":[{"embeddable":true,"href":"https:\/\/marktxxl.de\/markt\/wp-json\/wp\/v2\/media\/220167"}],"wp:attachment":[{"href":"https:\/\/marktxxl.de\/markt\/wp-json\/wp\/v2\/media?parent=220166"}],"wp:term":[{"taxonomy":"product_brand","embeddable":true,"href":"https:\/\/marktxxl.de\/markt\/wp-json\/wp\/v2\/product_brand?post=220166"},{"taxonomy":"product_cat","embeddable":true,"href":"https:\/\/marktxxl.de\/markt\/wp-json\/wp\/v2\/product_cat?post=220166"},{"taxonomy":"product_tag","embeddable":true,"href":"https:\/\/marktxxl.de\/markt\/wp-json\/wp\/v2\/product_tag?post=220166"}],"curies":[{"name":"wp","href":"https:\/\/api.w.org\/{rel}","templated":true}]}}