{"id":220151,"date":"2024-07-28T12:31:56","date_gmt":"2024-07-28T10:31:56","guid":{"rendered":"https:\/\/marktxxl.de\/markt\/produkt\/pstyle-hautton-e\/"},"modified":"2024-07-28T12:31:56","modified_gmt":"2024-07-28T10:31:56","slug":"pstyle-hautton-e","status":"publish","type":"product","link":"https:\/\/marktxxl.de\/markt\/produkt\/pstyle-hautton-e\/","title":{"rendered":"pStyle | Hautton E"},"content":{"rendered":"<p>Stehen Sie auf, w\u00e4hrend Sie vollst\u00e4ndig bekleidet sind. Das solide Design des pStyle macht es zu einem Kinderspiel, durch Rei\u00dfverschl\u00fcsse oder um elastische Hosenbeine zu man\u00f6vrieren. Intuitive Positionierung und eine breite Tasse machen die Bedienung einfach. Einfach aufstellen, den Auslauf nach unten kippen, ihn gerade halten und los geht&#8217;s<br \/>\nReduzieren Sie Ihre Verwendung von TP: Die abgerundete hintere Kante kann verwendet werden, um zu wischen, so dass es keine Tropfen gibt. Weniger zu transportieren, weniger zu packen. Einfach zu reinigen: Das elegante, offene Design mit spiegelndem Kunststoff macht es leicht zu reinigen, indem Sie es sch\u00fctteln oder mit Wasser sp\u00fclen, wenn Sie unterwegs sind. Verwenden Sie Seife und Wasser, wenn vorhanden. Feuchtt\u00fccher k\u00f6nnen auf Wunsch auch verwendet werden.<br \/>\nMaterial: aus robustem, BPA- und phthalatfreiem Polypropylen. Dieses Material ist zudem bruchfest bei sehr kalten Temperaturen.<br \/>\nN\u00fctzlich f\u00fcr: Outdoor-Freizeitaktivit\u00e4ten wie Camping, Wandern, Radfahren, Schneesport, Bootfahren und Angeln. Outdoor-Berufe wie Bau, Milit\u00e4r, Landwirtschaft und Feuerwehr. \u00d6ffentliche Veranstaltungen und Reisen: Vermeiden Sie die Porta Potties auf Festivals und Sportveranstaltungen. Es ist auch ideal f\u00fcr Autoreisen und Reisen. Jederzeit, wenn \u00f6ffentliche Toiletten ungeschmutzt oder nicht verf\u00fcgbar sind. K\u00f6rperliche Probleme wie gebrochene oder verstauchte Knochen, Operationsgenesung, Schwangerschaft, Dringinkontinenz, H\u00fcftersatz und Arthritis.<br \/>\nGeschlecht inklusive: Was auch immer Ihr Geschlecht ist, wenn Sie nicht schon stehen k\u00f6nnen, wenn Sie voll bekleidet sind, ist der pStyle genau das Richtige f\u00fcr Sie<br \/>\n<div class=\"main-cross-sell\" data-asin=\"B0B1GF78R2\">\n\n\t<div class=\"WooZone-cross-sell-loader\">\n\t\t<div>\n\t\t\t<div id=\"floatingBarsG\">\n\t\t\t\t<div class=\"blockG\" id=\"rotateG_01\"><\/div>\n\t\t\t\t<div class=\"blockG\" id=\"rotateG_02\"><\/div>\n\t\t\t\t<div class=\"blockG\" id=\"rotateG_03\"><\/div>\n\t\t\t\t<div class=\"blockG\" id=\"rotateG_04\"><\/div>\n\t\t\t\t<div class=\"blockG\" id=\"rotateG_05\"><\/div>\n\t\t\t\t<div class=\"blockG\" id=\"rotateG_06\"><\/div>\n\t\t\t\t<div class=\"blockG\" id=\"rotateG_07\"><\/div>\n\t\t\t\t<div class=\"blockG\" id=\"rotateG_08\"><\/div>\n\t\t\t<\/div>\n\t\t\t<div class=\"WooZone-cross-sell-loader-text\"><\/div>\n\t\t<\/div>\n\t<\/div>\n\n\t\t\n<\/div>\n<div style=\"clear:both;\"><\/div><\/p>\n","protected":false},"excerpt":{"rendered":"<p>Stehen Sie auf, w\u00e4hrend Sie vollst\u00e4ndig bekleidet sind. Das solide Design des pStyle macht es zu einem Kinderspiel, durch Rei\u00dfverschl\u00fcsse oder um elastische Hosenbeine zu man\u00f6vrieren. Intuitive Positionierung und eine breite Tasse machen die Bedienung einfach. Einfach aufstellen, den Auslauf nach unten kippen, ihn gerade halten und los geht&#8217;s<br \/>\nReduzieren Sie Ihre Verwendung von TP: Die abgerundete hintere Kante kann verwendet werden, um zu wischen, so dass es keine Tropfen gibt. Weniger zu transportieren, weniger zu packen. Einfach zu reinigen: Das elegante, offene Design mit spiegelndem Kunststoff macht es leicht zu reinigen, indem Sie es sch\u00fctteln oder mit Wasser sp\u00fclen, wenn Sie unterwegs sind. Verwenden Sie Seife und Wasser, wenn vorhanden. Feuchtt\u00fccher k\u00f6nnen auf Wunsch auch verwendet werden.<br \/>\nMaterial: aus robustem, BPA- und phthalatfreiem Polypropylen. Dieses Material ist zudem bruchfest bei sehr kalten Temperaturen.<\/p>\n","protected":false},"featured_media":220152,"comment_status":"open","ping_status":"closed","template":"","meta":[],"product_brand":[],"product_cat":[652,2977],"product_tag":[],"class_list":{"0":"post-220151","1":"product","2":"type-product","3":"status-publish","4":"has-post-thumbnail","6":"product_cat-erotik-markt-xxl","7":"product_cat-sexspielzeug","8":"pa_binding-haushaltswaren","9":"pa_brand-pstyle","10":"pa_color-hautton-e","11":"pa_height-1-75-zoll","12":"pa_length-7-75-zoll","13":"pa_manufacturer-pstyle","14":"pa_model-32726","15":"pa_width-1-75-zoll","17":"first","18":"instock","19":"shipping-taxable","20":"purchasable","21":"product-type-simple","22":"customify-col","23":"product-has-gallery"},"yoast_head":"<!-- This site is optimized with the Yoast SEO plugin v27.3 - https:\/\/yoast.com\/product\/yoast-seo-wordpress\/ -->\n<title>pStyle | Hautton E - Markt-XXL<\/title>\n<meta name=\"description\" content=\"Markt-XXL pStyle | Hautton E\" \/>\n<meta name=\"robots\" content=\"index, follow, max-snippet:-1, max-image-preview:large, max-video-preview:-1\" \/>\n<link rel=\"canonical\" href=\"https:\/\/marktxxl.de\/markt\/produkt\/pstyle-hautton-e\/\" \/>\n<meta property=\"og:locale\" content=\"de_DE\" \/>\n<meta property=\"og:type\" content=\"article\" \/>\n<meta property=\"og:title\" content=\"pStyle | Hautton E - Markt-XXL\" \/>\n<meta property=\"og:description\" content=\"Markt-XXL pStyle | Hautton E\" \/>\n<meta property=\"og:url\" content=\"https:\/\/marktxxl.de\/markt\/produkt\/pstyle-hautton-e\/\" \/>\n<meta property=\"og:site_name\" content=\"Markt-XXL\" \/>\n<meta name=\"twitter:card\" content=\"summary_large_image\" \/>\n<meta name=\"twitter:label1\" content=\"Gesch\u00e4tzte Lesezeit\" \/>\n\t<meta name=\"twitter:data1\" content=\"1\u00a0Minute\" \/>\n<script type=\"application\/ld+json\" class=\"yoast-schema-graph\">{\"@context\":\"https:\\\/\\\/schema.org\",\"@graph\":[{\"@type\":\"WebPage\",\"@id\":\"https:\\\/\\\/marktxxl.de\\\/markt\\\/produkt\\\/pstyle-hautton-e\\\/\",\"url\":\"https:\\\/\\\/marktxxl.de\\\/markt\\\/produkt\\\/pstyle-hautton-e\\\/\",\"name\":\"pStyle | Hautton E - Markt-XXL\",\"isPartOf\":{\"@id\":\"https:\\\/\\\/marktxxl.de\\\/markt\\\/#website\"},\"primaryImageOfPage\":{\"@id\":\"https:\\\/\\\/marktxxl.de\\\/markt\\\/produkt\\\/pstyle-hautton-e\\\/#primaryimage\"},\"image\":{\"@id\":\"https:\\\/\\\/marktxxl.de\\\/markt\\\/produkt\\\/pstyle-hautton-e\\\/#primaryimage\"},\"thumbnailUrl\":\"https:\\\/\\\/m.media-amazon.com\\\/images\\\/I\\\/41RtUNXIpNL._SL500_.jpg\",\"datePublished\":\"2024-07-28T10:31:56+00:00\",\"description\":\"Markt-XXL pStyle | Hautton E\",\"breadcrumb\":{\"@id\":\"https:\\\/\\\/marktxxl.de\\\/markt\\\/produkt\\\/pstyle-hautton-e\\\/#breadcrumb\"},\"inLanguage\":\"de\",\"potentialAction\":[{\"@type\":\"ReadAction\",\"target\":[\"https:\\\/\\\/marktxxl.de\\\/markt\\\/produkt\\\/pstyle-hautton-e\\\/\"]}]},{\"@type\":\"ImageObject\",\"inLanguage\":\"de\",\"@id\":\"https:\\\/\\\/marktxxl.de\\\/markt\\\/produkt\\\/pstyle-hautton-e\\\/#primaryimage\",\"url\":\"https:\\\/\\\/m.media-amazon.com\\\/images\\\/I\\\/41RtUNXIpNL._SL500_.jpg\",\"contentUrl\":\"https:\\\/\\\/m.media-amazon.com\\\/images\\\/I\\\/41RtUNXIpNL._SL500_.jpg\",\"width\":500,\"height\":500},{\"@type\":\"BreadcrumbList\",\"@id\":\"https:\\\/\\\/marktxxl.de\\\/markt\\\/produkt\\\/pstyle-hautton-e\\\/#breadcrumb\",\"itemListElement\":[{\"@type\":\"ListItem\",\"position\":1,\"name\":\"Startseite\",\"item\":\"https:\\\/\\\/marktxxl.de\\\/markt\\\/\"},{\"@type\":\"ListItem\",\"position\":2,\"name\":\"Markt\",\"item\":\"https:\\\/\\\/marktxxl.de\\\/markt\\\/\"},{\"@type\":\"ListItem\",\"position\":3,\"name\":\"pStyle | Hautton E\"}]},{\"@type\":\"WebSite\",\"@id\":\"https:\\\/\\\/marktxxl.de\\\/markt\\\/#website\",\"url\":\"https:\\\/\\\/marktxxl.de\\\/markt\\\/\",\"name\":\"Markt-XXL\",\"description\":\"Ihr Markt Online\",\"publisher\":{\"@id\":\"https:\\\/\\\/marktxxl.de\\\/markt\\\/#organization\"},\"potentialAction\":[{\"@type\":\"SearchAction\",\"target\":{\"@type\":\"EntryPoint\",\"urlTemplate\":\"https:\\\/\\\/marktxxl.de\\\/markt\\\/?s={search_term_string}\"},\"query-input\":{\"@type\":\"PropertyValueSpecification\",\"valueRequired\":true,\"valueName\":\"search_term_string\"}}],\"inLanguage\":\"de\"},{\"@type\":\"Organization\",\"@id\":\"https:\\\/\\\/marktxxl.de\\\/markt\\\/#organization\",\"name\":\"Markt-XXL\",\"url\":\"https:\\\/\\\/marktxxl.de\\\/markt\\\/\",\"logo\":{\"@type\":\"ImageObject\",\"inLanguage\":\"de\",\"@id\":\"https:\\\/\\\/marktxxl.de\\\/markt\\\/#\\\/schema\\\/logo\\\/image\\\/\",\"url\":\"https:\\\/\\\/marktxxl.de\\\/markt\\\/wp-content\\\/uploads\\\/sites\\\/3\\\/2020\\\/12\\\/logo.png\",\"contentUrl\":\"https:\\\/\\\/marktxxl.de\\\/markt\\\/wp-content\\\/uploads\\\/sites\\\/3\\\/2020\\\/12\\\/logo.png\",\"width\":200,\"height\":70,\"caption\":\"Markt-XXL\"},\"image\":{\"@id\":\"https:\\\/\\\/marktxxl.de\\\/markt\\\/#\\\/schema\\\/logo\\\/image\\\/\"}}]}<\/script>\n<!-- \/ Yoast SEO plugin. -->","yoast_head_json":{"title":"pStyle | Hautton E - Markt-XXL","description":"Markt-XXL pStyle | Hautton E","robots":{"index":"index","follow":"follow","max-snippet":"max-snippet:-1","max-image-preview":"max-image-preview:large","max-video-preview":"max-video-preview:-1"},"canonical":"https:\/\/marktxxl.de\/markt\/produkt\/pstyle-hautton-e\/","og_locale":"de_DE","og_type":"article","og_title":"pStyle | Hautton E - Markt-XXL","og_description":"Markt-XXL pStyle | Hautton E","og_url":"https:\/\/marktxxl.de\/markt\/produkt\/pstyle-hautton-e\/","og_site_name":"Markt-XXL","twitter_card":"summary_large_image","twitter_misc":{"Gesch\u00e4tzte Lesezeit":"1\u00a0Minute"},"schema":{"@context":"https:\/\/schema.org","@graph":[{"@type":"WebPage","@id":"https:\/\/marktxxl.de\/markt\/produkt\/pstyle-hautton-e\/","url":"https:\/\/marktxxl.de\/markt\/produkt\/pstyle-hautton-e\/","name":"pStyle | Hautton E - Markt-XXL","isPartOf":{"@id":"https:\/\/marktxxl.de\/markt\/#website"},"primaryImageOfPage":{"@id":"https:\/\/marktxxl.de\/markt\/produkt\/pstyle-hautton-e\/#primaryimage"},"image":{"@id":"https:\/\/marktxxl.de\/markt\/produkt\/pstyle-hautton-e\/#primaryimage"},"thumbnailUrl":"https:\/\/m.media-amazon.com\/images\/I\/41RtUNXIpNL._SL500_.jpg","datePublished":"2024-07-28T10:31:56+00:00","description":"Markt-XXL pStyle | Hautton E","breadcrumb":{"@id":"https:\/\/marktxxl.de\/markt\/produkt\/pstyle-hautton-e\/#breadcrumb"},"inLanguage":"de","potentialAction":[{"@type":"ReadAction","target":["https:\/\/marktxxl.de\/markt\/produkt\/pstyle-hautton-e\/"]}]},{"@type":"ImageObject","inLanguage":"de","@id":"https:\/\/marktxxl.de\/markt\/produkt\/pstyle-hautton-e\/#primaryimage","url":"https:\/\/m.media-amazon.com\/images\/I\/41RtUNXIpNL._SL500_.jpg","contentUrl":"https:\/\/m.media-amazon.com\/images\/I\/41RtUNXIpNL._SL500_.jpg","width":500,"height":500},{"@type":"BreadcrumbList","@id":"https:\/\/marktxxl.de\/markt\/produkt\/pstyle-hautton-e\/#breadcrumb","itemListElement":[{"@type":"ListItem","position":1,"name":"Startseite","item":"https:\/\/marktxxl.de\/markt\/"},{"@type":"ListItem","position":2,"name":"Markt","item":"https:\/\/marktxxl.de\/markt\/"},{"@type":"ListItem","position":3,"name":"pStyle | Hautton E"}]},{"@type":"WebSite","@id":"https:\/\/marktxxl.de\/markt\/#website","url":"https:\/\/marktxxl.de\/markt\/","name":"Markt-XXL","description":"Ihr Markt Online","publisher":{"@id":"https:\/\/marktxxl.de\/markt\/#organization"},"potentialAction":[{"@type":"SearchAction","target":{"@type":"EntryPoint","urlTemplate":"https:\/\/marktxxl.de\/markt\/?s={search_term_string}"},"query-input":{"@type":"PropertyValueSpecification","valueRequired":true,"valueName":"search_term_string"}}],"inLanguage":"de"},{"@type":"Organization","@id":"https:\/\/marktxxl.de\/markt\/#organization","name":"Markt-XXL","url":"https:\/\/marktxxl.de\/markt\/","logo":{"@type":"ImageObject","inLanguage":"de","@id":"https:\/\/marktxxl.de\/markt\/#\/schema\/logo\/image\/","url":"https:\/\/marktxxl.de\/markt\/wp-content\/uploads\/sites\/3\/2020\/12\/logo.png","contentUrl":"https:\/\/marktxxl.de\/markt\/wp-content\/uploads\/sites\/3\/2020\/12\/logo.png","width":200,"height":70,"caption":"Markt-XXL"},"image":{"@id":"https:\/\/marktxxl.de\/markt\/#\/schema\/logo\/image\/"}}]}},"_links":{"self":[{"href":"https:\/\/marktxxl.de\/markt\/wp-json\/wp\/v2\/product\/220151","targetHints":{"allow":["GET"]}}],"collection":[{"href":"https:\/\/marktxxl.de\/markt\/wp-json\/wp\/v2\/product"}],"about":[{"href":"https:\/\/marktxxl.de\/markt\/wp-json\/wp\/v2\/types\/product"}],"replies":[{"embeddable":true,"href":"https:\/\/marktxxl.de\/markt\/wp-json\/wp\/v2\/comments?post=220151"}],"wp:featuredmedia":[{"embeddable":true,"href":"https:\/\/marktxxl.de\/markt\/wp-json\/wp\/v2\/media\/220152"}],"wp:attachment":[{"href":"https:\/\/marktxxl.de\/markt\/wp-json\/wp\/v2\/media?parent=220151"}],"wp:term":[{"taxonomy":"product_brand","embeddable":true,"href":"https:\/\/marktxxl.de\/markt\/wp-json\/wp\/v2\/product_brand?post=220151"},{"taxonomy":"product_cat","embeddable":true,"href":"https:\/\/marktxxl.de\/markt\/wp-json\/wp\/v2\/product_cat?post=220151"},{"taxonomy":"product_tag","embeddable":true,"href":"https:\/\/marktxxl.de\/markt\/wp-json\/wp\/v2\/product_tag?post=220151"}],"curies":[{"name":"wp","href":"https:\/\/api.w.org\/{rel}","templated":true}]}}