{"id":220081,"date":"2024-07-28T12:27:24","date_gmt":"2024-07-28T10:27:24","guid":{"rendered":"https:\/\/marktxxl.de\/markt\/produkt\/bts-merchandise-offizielles-lizenzprodukt-von-kpop-merch-bts-tinytan-charakter-taeglich-tragbarer-abnehmbarer-pillen-organizer-vitamin-etui-medikamentenbox-dynamit\/"},"modified":"2024-07-28T12:27:24","modified_gmt":"2024-07-28T10:27:24","slug":"bts-merchandise-offizielles-lizenzprodukt-von-kpop-merch-bts-tinytan-charakter-taeglich-tragbarer-abnehmbarer-pillen-organizer-vitamin-etui-medikamentenbox-dynamit","status":"publish","type":"product","link":"https:\/\/marktxxl.de\/markt\/produkt\/bts-merchandise-offizielles-lizenzprodukt-von-kpop-merch-bts-tinytan-charakter-taeglich-tragbarer-abnehmbarer-pillen-organizer-vitamin-etui-medikamentenbox-dynamit\/","title":{"rendered":"BTS Merchandise Offizielles Lizenzprodukt von Kpop Merch \u2013 BTS TinyTAN Charakter t\u00e4glich tragbarer, abnehmbarer Pillen-Organizer, Vitamin-Etui, Medikamentenbox (Dynamit)"},"content":{"rendered":"<p>TinyTan Pillen-Organizer \u2013 BTS offizielles Lizenzprodukt. 7 Tage Tablettenspender hilft Ihnen, Ihre t\u00e4glichen Dosen leicht zu verteilen. Leben Sie ein gesundes Leben mit TinyTAN Charakteren.<br \/>\nTragbare Gr\u00f6\u00dfe \u2013 Sie k\u00f6nnen es leicht in einer kleinen Tasche oder Tasche tragen.<br \/>\nDurchscheinender K\u00f6rper \u2013 Der transparente K\u00f6rper l\u00e4sst Sie auf einen Blick sehen, was Sie f\u00fcr den Tag nehmen m\u00fcssen und macht das Nachf\u00fcllen Ihres Pillen-Organizers schnell.<br \/>\nAbnehmbar: Jedes t\u00e4gliche Fach kann nach Bedarf individuell getrennt werden, um Ihre t\u00e4glichen und w\u00f6chentlichen Medikamente und Erg\u00e4nzungsbed\u00fcrfnisse zu erf\u00fcllen.<br \/>\nEinfach zu bedienen \u2013 w\u00f6chentliche Pillensortierer hilft Ihnen, Ihre t\u00e4glichen Dosen einfach zu planen und zu verteilen.<br \/>\n<div class=\"main-cross-sell\" data-asin=\"B0BBTR5GCY\">\n\n\t<div class=\"WooZone-cross-sell-loader\">\n\t\t<div>\n\t\t\t<div id=\"floatingBarsG\">\n\t\t\t\t<div class=\"blockG\" id=\"rotateG_01\"><\/div>\n\t\t\t\t<div class=\"blockG\" id=\"rotateG_02\"><\/div>\n\t\t\t\t<div class=\"blockG\" id=\"rotateG_03\"><\/div>\n\t\t\t\t<div class=\"blockG\" id=\"rotateG_04\"><\/div>\n\t\t\t\t<div class=\"blockG\" id=\"rotateG_05\"><\/div>\n\t\t\t\t<div class=\"blockG\" id=\"rotateG_06\"><\/div>\n\t\t\t\t<div class=\"blockG\" id=\"rotateG_07\"><\/div>\n\t\t\t\t<div class=\"blockG\" id=\"rotateG_08\"><\/div>\n\t\t\t<\/div>\n\t\t\t<div class=\"WooZone-cross-sell-loader-text\"><\/div>\n\t\t<\/div>\n\t<\/div>\n\n\t\t\n<\/div>\n<div style=\"clear:both;\"><\/div><\/p>\n","protected":false},"excerpt":{"rendered":"<p>TinyTan Pillen-Organizer \u2013 BTS offizielles Lizenzprodukt. 7 Tage Tablettenspender hilft Ihnen, Ihre t\u00e4glichen Dosen leicht zu verteilen. Leben Sie ein gesundes Leben mit TinyTAN Charakteren.<br \/>\nTragbare Gr\u00f6\u00dfe \u2013 Sie k\u00f6nnen es leicht in einer kleinen Tasche oder Tasche tragen.<br \/>\nDurchscheinender K\u00f6rper \u2013 Der transparente K\u00f6rper l\u00e4sst Sie auf einen Blick sehen, was Sie f\u00fcr den Tag nehmen m\u00fcssen und macht das Nachf\u00fcllen Ihres Pillen-Organizers schnell.<\/p>\n","protected":false},"featured_media":220082,"comment_status":"open","ping_status":"closed","template":"","meta":[],"product_brand":[],"product_cat":[566,5932],"product_tag":[],"class_list":{"0":"post-220081","1":"product","2":"type-product","3":"status-publish","4":"has-post-thumbnail","6":"product_cat-drogerie-koerperpflege","7":"product_cat-mobilitaetshilfen-zubehoer","8":"pa_binding-unbekannter-einband","9":"pa_brand-tinytan","10":"pa_color-dynamit","11":"pa_manufacturer-tinytan","12":"pa_weight-0-110231131-pfund","14":"first","15":"instock","16":"shipping-taxable","17":"purchasable","18":"product-type-simple","19":"customify-col","20":"product-has-gallery"},"yoast_head":"<!-- This site is optimized with the Yoast SEO plugin v27.4 - https:\/\/yoast.com\/product\/yoast-seo-wordpress\/ -->\n<title>BTS Merchandise Offizielles Lizenzprodukt von Kpop Merch \u2013 BTS TinyTAN Charakter t\u00e4glich tragbarer, abnehmbarer Pillen-Organizer, Vitamin-Etui, Medikamentenbox (Dynamit) - Markt-XXL<\/title>\n<meta name=\"description\" content=\"Markt-XXL BTS Merchandise Offizielles Lizenzprodukt von Kpop Merch \u2013 BTS TinyTAN Charakter t\u00e4glich tragbarer, abnehmbarer Pillen-Organizer, Vitamin-Etui, Medikamentenbox (Dynamit)\" \/>\n<meta name=\"robots\" content=\"index, follow, max-snippet:-1, max-image-preview:large, max-video-preview:-1\" \/>\n<link rel=\"canonical\" href=\"https:\/\/marktxxl.de\/markt\/produkt\/bts-merchandise-offizielles-lizenzprodukt-von-kpop-merch-bts-tinytan-charakter-taeglich-tragbarer-abnehmbarer-pillen-organizer-vitamin-etui-medikamentenbox-dynamit\/\" \/>\n<meta property=\"og:locale\" content=\"de_DE\" \/>\n<meta property=\"og:type\" content=\"article\" \/>\n<meta property=\"og:title\" content=\"BTS Merchandise Offizielles Lizenzprodukt von Kpop Merch \u2013 BTS TinyTAN Charakter t\u00e4glich tragbarer, abnehmbarer Pillen-Organizer, Vitamin-Etui, Medikamentenbox (Dynamit) - Markt-XXL\" \/>\n<meta property=\"og:description\" content=\"Markt-XXL BTS Merchandise Offizielles Lizenzprodukt von Kpop Merch \u2013 BTS TinyTAN Charakter t\u00e4glich tragbarer, abnehmbarer Pillen-Organizer, Vitamin-Etui, Medikamentenbox (Dynamit)\" \/>\n<meta property=\"og:url\" content=\"https:\/\/marktxxl.de\/markt\/produkt\/bts-merchandise-offizielles-lizenzprodukt-von-kpop-merch-bts-tinytan-charakter-taeglich-tragbarer-abnehmbarer-pillen-organizer-vitamin-etui-medikamentenbox-dynamit\/\" \/>\n<meta property=\"og:site_name\" content=\"Markt-XXL\" \/>\n<meta name=\"twitter:card\" content=\"summary_large_image\" \/>\n<meta name=\"twitter:label1\" content=\"Gesch\u00e4tzte Lesezeit\" \/>\n\t<meta name=\"twitter:data1\" content=\"1\u00a0Minute\" \/>\n<script type=\"application\/ld+json\" class=\"yoast-schema-graph\">{\"@context\":\"https:\\\/\\\/schema.org\",\"@graph\":[{\"@type\":\"WebPage\",\"@id\":\"https:\\\/\\\/marktxxl.de\\\/markt\\\/produkt\\\/bts-merchandise-offizielles-lizenzprodukt-von-kpop-merch-bts-tinytan-charakter-taeglich-tragbarer-abnehmbarer-pillen-organizer-vitamin-etui-medikamentenbox-dynamit\\\/\",\"url\":\"https:\\\/\\\/marktxxl.de\\\/markt\\\/produkt\\\/bts-merchandise-offizielles-lizenzprodukt-von-kpop-merch-bts-tinytan-charakter-taeglich-tragbarer-abnehmbarer-pillen-organizer-vitamin-etui-medikamentenbox-dynamit\\\/\",\"name\":\"BTS Merchandise Offizielles Lizenzprodukt von Kpop Merch \u2013 BTS TinyTAN Charakter t\u00e4glich tragbarer, abnehmbarer Pillen-Organizer, Vitamin-Etui, Medikamentenbox (Dynamit) - Markt-XXL\",\"isPartOf\":{\"@id\":\"https:\\\/\\\/marktxxl.de\\\/markt\\\/#website\"},\"primaryImageOfPage\":{\"@id\":\"https:\\\/\\\/marktxxl.de\\\/markt\\\/produkt\\\/bts-merchandise-offizielles-lizenzprodukt-von-kpop-merch-bts-tinytan-charakter-taeglich-tragbarer-abnehmbarer-pillen-organizer-vitamin-etui-medikamentenbox-dynamit\\\/#primaryimage\"},\"image\":{\"@id\":\"https:\\\/\\\/marktxxl.de\\\/markt\\\/produkt\\\/bts-merchandise-offizielles-lizenzprodukt-von-kpop-merch-bts-tinytan-charakter-taeglich-tragbarer-abnehmbarer-pillen-organizer-vitamin-etui-medikamentenbox-dynamit\\\/#primaryimage\"},\"thumbnailUrl\":\"https:\\\/\\\/m.media-amazon.com\\\/images\\\/I\\\/41WH6C3WIIL._SL500_.jpg\",\"datePublished\":\"2024-07-28T10:27:24+00:00\",\"description\":\"Markt-XXL BTS Merchandise Offizielles Lizenzprodukt von Kpop Merch \u2013 BTS TinyTAN Charakter t\u00e4glich tragbarer, abnehmbarer Pillen-Organizer, Vitamin-Etui, Medikamentenbox (Dynamit)\",\"breadcrumb\":{\"@id\":\"https:\\\/\\\/marktxxl.de\\\/markt\\\/produkt\\\/bts-merchandise-offizielles-lizenzprodukt-von-kpop-merch-bts-tinytan-charakter-taeglich-tragbarer-abnehmbarer-pillen-organizer-vitamin-etui-medikamentenbox-dynamit\\\/#breadcrumb\"},\"inLanguage\":\"de\",\"potentialAction\":[{\"@type\":\"ReadAction\",\"target\":[\"https:\\\/\\\/marktxxl.de\\\/markt\\\/produkt\\\/bts-merchandise-offizielles-lizenzprodukt-von-kpop-merch-bts-tinytan-charakter-taeglich-tragbarer-abnehmbarer-pillen-organizer-vitamin-etui-medikamentenbox-dynamit\\\/\"]}]},{\"@type\":\"ImageObject\",\"inLanguage\":\"de\",\"@id\":\"https:\\\/\\\/marktxxl.de\\\/markt\\\/produkt\\\/bts-merchandise-offizielles-lizenzprodukt-von-kpop-merch-bts-tinytan-charakter-taeglich-tragbarer-abnehmbarer-pillen-organizer-vitamin-etui-medikamentenbox-dynamit\\\/#primaryimage\",\"url\":\"https:\\\/\\\/m.media-amazon.com\\\/images\\\/I\\\/41WH6C3WIIL._SL500_.jpg\",\"contentUrl\":\"https:\\\/\\\/m.media-amazon.com\\\/images\\\/I\\\/41WH6C3WIIL._SL500_.jpg\",\"width\":500,\"height\":500},{\"@type\":\"BreadcrumbList\",\"@id\":\"https:\\\/\\\/marktxxl.de\\\/markt\\\/produkt\\\/bts-merchandise-offizielles-lizenzprodukt-von-kpop-merch-bts-tinytan-charakter-taeglich-tragbarer-abnehmbarer-pillen-organizer-vitamin-etui-medikamentenbox-dynamit\\\/#breadcrumb\",\"itemListElement\":[{\"@type\":\"ListItem\",\"position\":1,\"name\":\"Startseite\",\"item\":\"https:\\\/\\\/marktxxl.de\\\/markt\\\/\"},{\"@type\":\"ListItem\",\"position\":2,\"name\":\"Markt\",\"item\":\"https:\\\/\\\/marktxxl.de\\\/markt\\\/\"},{\"@type\":\"ListItem\",\"position\":3,\"name\":\"BTS Merchandise Offizielles Lizenzprodukt von Kpop Merch \u2013 BTS TinyTAN Charakter t\u00e4glich tragbarer, abnehmbarer Pillen-Organizer, Vitamin-Etui, Medikamentenbox (Dynamit)\"}]},{\"@type\":\"WebSite\",\"@id\":\"https:\\\/\\\/marktxxl.de\\\/markt\\\/#website\",\"url\":\"https:\\\/\\\/marktxxl.de\\\/markt\\\/\",\"name\":\"Markt-XXL\",\"description\":\"Ihr Markt Online\",\"publisher\":{\"@id\":\"https:\\\/\\\/marktxxl.de\\\/markt\\\/#organization\"},\"potentialAction\":[{\"@type\":\"SearchAction\",\"target\":{\"@type\":\"EntryPoint\",\"urlTemplate\":\"https:\\\/\\\/marktxxl.de\\\/markt\\\/?s={search_term_string}\"},\"query-input\":{\"@type\":\"PropertyValueSpecification\",\"valueRequired\":true,\"valueName\":\"search_term_string\"}}],\"inLanguage\":\"de\"},{\"@type\":\"Organization\",\"@id\":\"https:\\\/\\\/marktxxl.de\\\/markt\\\/#organization\",\"name\":\"Markt-XXL\",\"url\":\"https:\\\/\\\/marktxxl.de\\\/markt\\\/\",\"logo\":{\"@type\":\"ImageObject\",\"inLanguage\":\"de\",\"@id\":\"https:\\\/\\\/marktxxl.de\\\/markt\\\/#\\\/schema\\\/logo\\\/image\\\/\",\"url\":\"https:\\\/\\\/marktxxl.de\\\/markt\\\/wp-content\\\/uploads\\\/sites\\\/3\\\/2020\\\/12\\\/logo.png\",\"contentUrl\":\"https:\\\/\\\/marktxxl.de\\\/markt\\\/wp-content\\\/uploads\\\/sites\\\/3\\\/2020\\\/12\\\/logo.png\",\"width\":200,\"height\":70,\"caption\":\"Markt-XXL\"},\"image\":{\"@id\":\"https:\\\/\\\/marktxxl.de\\\/markt\\\/#\\\/schema\\\/logo\\\/image\\\/\"}}]}<\/script>\n<!-- \/ Yoast SEO plugin. -->","yoast_head_json":{"title":"BTS Merchandise Offizielles Lizenzprodukt von Kpop Merch \u2013 BTS TinyTAN Charakter t\u00e4glich tragbarer, abnehmbarer Pillen-Organizer, Vitamin-Etui, Medikamentenbox (Dynamit) - Markt-XXL","description":"Markt-XXL BTS Merchandise Offizielles Lizenzprodukt von Kpop Merch \u2013 BTS TinyTAN Charakter t\u00e4glich tragbarer, abnehmbarer Pillen-Organizer, Vitamin-Etui, Medikamentenbox (Dynamit)","robots":{"index":"index","follow":"follow","max-snippet":"max-snippet:-1","max-image-preview":"max-image-preview:large","max-video-preview":"max-video-preview:-1"},"canonical":"https:\/\/marktxxl.de\/markt\/produkt\/bts-merchandise-offizielles-lizenzprodukt-von-kpop-merch-bts-tinytan-charakter-taeglich-tragbarer-abnehmbarer-pillen-organizer-vitamin-etui-medikamentenbox-dynamit\/","og_locale":"de_DE","og_type":"article","og_title":"BTS Merchandise Offizielles Lizenzprodukt von Kpop Merch \u2013 BTS TinyTAN Charakter t\u00e4glich tragbarer, abnehmbarer Pillen-Organizer, Vitamin-Etui, Medikamentenbox (Dynamit) - Markt-XXL","og_description":"Markt-XXL BTS Merchandise Offizielles Lizenzprodukt von Kpop Merch \u2013 BTS TinyTAN Charakter t\u00e4glich tragbarer, abnehmbarer Pillen-Organizer, Vitamin-Etui, Medikamentenbox (Dynamit)","og_url":"https:\/\/marktxxl.de\/markt\/produkt\/bts-merchandise-offizielles-lizenzprodukt-von-kpop-merch-bts-tinytan-charakter-taeglich-tragbarer-abnehmbarer-pillen-organizer-vitamin-etui-medikamentenbox-dynamit\/","og_site_name":"Markt-XXL","twitter_card":"summary_large_image","twitter_misc":{"Gesch\u00e4tzte Lesezeit":"1\u00a0Minute"},"schema":{"@context":"https:\/\/schema.org","@graph":[{"@type":"WebPage","@id":"https:\/\/marktxxl.de\/markt\/produkt\/bts-merchandise-offizielles-lizenzprodukt-von-kpop-merch-bts-tinytan-charakter-taeglich-tragbarer-abnehmbarer-pillen-organizer-vitamin-etui-medikamentenbox-dynamit\/","url":"https:\/\/marktxxl.de\/markt\/produkt\/bts-merchandise-offizielles-lizenzprodukt-von-kpop-merch-bts-tinytan-charakter-taeglich-tragbarer-abnehmbarer-pillen-organizer-vitamin-etui-medikamentenbox-dynamit\/","name":"BTS Merchandise Offizielles Lizenzprodukt von Kpop Merch \u2013 BTS TinyTAN Charakter t\u00e4glich tragbarer, abnehmbarer Pillen-Organizer, Vitamin-Etui, Medikamentenbox (Dynamit) - Markt-XXL","isPartOf":{"@id":"https:\/\/marktxxl.de\/markt\/#website"},"primaryImageOfPage":{"@id":"https:\/\/marktxxl.de\/markt\/produkt\/bts-merchandise-offizielles-lizenzprodukt-von-kpop-merch-bts-tinytan-charakter-taeglich-tragbarer-abnehmbarer-pillen-organizer-vitamin-etui-medikamentenbox-dynamit\/#primaryimage"},"image":{"@id":"https:\/\/marktxxl.de\/markt\/produkt\/bts-merchandise-offizielles-lizenzprodukt-von-kpop-merch-bts-tinytan-charakter-taeglich-tragbarer-abnehmbarer-pillen-organizer-vitamin-etui-medikamentenbox-dynamit\/#primaryimage"},"thumbnailUrl":"https:\/\/m.media-amazon.com\/images\/I\/41WH6C3WIIL._SL500_.jpg","datePublished":"2024-07-28T10:27:24+00:00","description":"Markt-XXL BTS Merchandise Offizielles Lizenzprodukt von Kpop Merch \u2013 BTS TinyTAN Charakter t\u00e4glich tragbarer, abnehmbarer Pillen-Organizer, Vitamin-Etui, Medikamentenbox (Dynamit)","breadcrumb":{"@id":"https:\/\/marktxxl.de\/markt\/produkt\/bts-merchandise-offizielles-lizenzprodukt-von-kpop-merch-bts-tinytan-charakter-taeglich-tragbarer-abnehmbarer-pillen-organizer-vitamin-etui-medikamentenbox-dynamit\/#breadcrumb"},"inLanguage":"de","potentialAction":[{"@type":"ReadAction","target":["https:\/\/marktxxl.de\/markt\/produkt\/bts-merchandise-offizielles-lizenzprodukt-von-kpop-merch-bts-tinytan-charakter-taeglich-tragbarer-abnehmbarer-pillen-organizer-vitamin-etui-medikamentenbox-dynamit\/"]}]},{"@type":"ImageObject","inLanguage":"de","@id":"https:\/\/marktxxl.de\/markt\/produkt\/bts-merchandise-offizielles-lizenzprodukt-von-kpop-merch-bts-tinytan-charakter-taeglich-tragbarer-abnehmbarer-pillen-organizer-vitamin-etui-medikamentenbox-dynamit\/#primaryimage","url":"https:\/\/m.media-amazon.com\/images\/I\/41WH6C3WIIL._SL500_.jpg","contentUrl":"https:\/\/m.media-amazon.com\/images\/I\/41WH6C3WIIL._SL500_.jpg","width":500,"height":500},{"@type":"BreadcrumbList","@id":"https:\/\/marktxxl.de\/markt\/produkt\/bts-merchandise-offizielles-lizenzprodukt-von-kpop-merch-bts-tinytan-charakter-taeglich-tragbarer-abnehmbarer-pillen-organizer-vitamin-etui-medikamentenbox-dynamit\/#breadcrumb","itemListElement":[{"@type":"ListItem","position":1,"name":"Startseite","item":"https:\/\/marktxxl.de\/markt\/"},{"@type":"ListItem","position":2,"name":"Markt","item":"https:\/\/marktxxl.de\/markt\/"},{"@type":"ListItem","position":3,"name":"BTS Merchandise Offizielles Lizenzprodukt von Kpop Merch \u2013 BTS TinyTAN Charakter t\u00e4glich tragbarer, abnehmbarer Pillen-Organizer, Vitamin-Etui, Medikamentenbox (Dynamit)"}]},{"@type":"WebSite","@id":"https:\/\/marktxxl.de\/markt\/#website","url":"https:\/\/marktxxl.de\/markt\/","name":"Markt-XXL","description":"Ihr Markt Online","publisher":{"@id":"https:\/\/marktxxl.de\/markt\/#organization"},"potentialAction":[{"@type":"SearchAction","target":{"@type":"EntryPoint","urlTemplate":"https:\/\/marktxxl.de\/markt\/?s={search_term_string}"},"query-input":{"@type":"PropertyValueSpecification","valueRequired":true,"valueName":"search_term_string"}}],"inLanguage":"de"},{"@type":"Organization","@id":"https:\/\/marktxxl.de\/markt\/#organization","name":"Markt-XXL","url":"https:\/\/marktxxl.de\/markt\/","logo":{"@type":"ImageObject","inLanguage":"de","@id":"https:\/\/marktxxl.de\/markt\/#\/schema\/logo\/image\/","url":"https:\/\/marktxxl.de\/markt\/wp-content\/uploads\/sites\/3\/2020\/12\/logo.png","contentUrl":"https:\/\/marktxxl.de\/markt\/wp-content\/uploads\/sites\/3\/2020\/12\/logo.png","width":200,"height":70,"caption":"Markt-XXL"},"image":{"@id":"https:\/\/marktxxl.de\/markt\/#\/schema\/logo\/image\/"}}]}},"_links":{"self":[{"href":"https:\/\/marktxxl.de\/markt\/wp-json\/wp\/v2\/product\/220081","targetHints":{"allow":["GET"]}}],"collection":[{"href":"https:\/\/marktxxl.de\/markt\/wp-json\/wp\/v2\/product"}],"about":[{"href":"https:\/\/marktxxl.de\/markt\/wp-json\/wp\/v2\/types\/product"}],"replies":[{"embeddable":true,"href":"https:\/\/marktxxl.de\/markt\/wp-json\/wp\/v2\/comments?post=220081"}],"wp:featuredmedia":[{"embeddable":true,"href":"https:\/\/marktxxl.de\/markt\/wp-json\/wp\/v2\/media\/220082"}],"wp:attachment":[{"href":"https:\/\/marktxxl.de\/markt\/wp-json\/wp\/v2\/media?parent=220081"}],"wp:term":[{"taxonomy":"product_brand","embeddable":true,"href":"https:\/\/marktxxl.de\/markt\/wp-json\/wp\/v2\/product_brand?post=220081"},{"taxonomy":"product_cat","embeddable":true,"href":"https:\/\/marktxxl.de\/markt\/wp-json\/wp\/v2\/product_cat?post=220081"},{"taxonomy":"product_tag","embeddable":true,"href":"https:\/\/marktxxl.de\/markt\/wp-json\/wp\/v2\/product_tag?post=220081"}],"curies":[{"name":"wp","href":"https:\/\/api.w.org\/{rel}","templated":true}]}}