{"id":219955,"date":"2024-07-28T12:20:55","date_gmt":"2024-07-28T10:20:55","guid":{"rendered":"https:\/\/marktxxl.de\/markt\/produkt\/kydex-handschellen-etui-passend-fuer-gekettelte-und-aufklappbare-manschetten-und-asps-strafverfolgung-polizei-high-speed-gear-fuer-duty-guertelzubehoer-gurt-abnehmbar-und-verstellbar\/"},"modified":"2024-07-28T12:20:55","modified_gmt":"2024-07-28T10:20:55","slug":"kydex-handschellen-etui-passend-fuer-gekettelte-und-aufklappbare-manschetten-und-asps-strafverfolgung-polizei-high-speed-gear-fuer-duty-guertelzubehoer-gurt-abnehmbar-und-verstellbar","status":"publish","type":"product","link":"https:\/\/marktxxl.de\/markt\/produkt\/kydex-handschellen-etui-passend-fuer-gekettelte-und-aufklappbare-manschetten-und-asps-strafverfolgung-polizei-high-speed-gear-fuer-duty-guertelzubehoer-gurt-abnehmbar-und-verstellbar\/","title":{"rendered":"Kydex Handschellen-Etui passend f\u00fcr gekettelte und aufklappbare Manschetten und ASPs | Strafverfolgung Polizei High Speed Gear f\u00fcr Duty G\u00fcrtelzubeh\u00f6r | Gurt abnehmbar und verstellbar"},"content":{"rendered":"<p>Kydex Handschellen-Etui: Kydex Handschellen-Etui passt f\u00fcr gekettelte Handschellen und Scharnierhandschellen und ASPs Handschellen.<br \/>\n\u3010 Robuster G\u00fcrtel \u3011 Passend f\u00fcr 3,8 cm, 4,4 cm, 5,1 cm und 5,7 cm breiten G\u00fcrtel. Sie k\u00f6nnen den G\u00fcrtelclip an 4,4 cm &amp; 5,1 cm &amp; 5,7 cm breiter G\u00fcrtel anpassen. Bitte \u00fcberpr\u00fcfen Sie das Bild, um zu erfahren, wie Sie den G\u00fcrtelclip einstellen.<br \/>\nVerstellbar: Die Halterung kann an die perfekte Passform an verschiedene Handschellen angepasst werden, um eine hohe Geschwindigkeit zu gew\u00e4hrleisten.<br \/>\n\u3010 Abnehmbarer Riemen \u3011 Das Nylonband kann die Kydex Handschellentasche besser an Ihre Handschellen passen, kann aber auch entfernt werden.<br \/>\n\u3010Lebenslange Garantie\u3011 Keine Fragen gestellt R\u00fcckgaberecht und lebenslange Garantie. Wenn Sie aus irgendeinem Grund unzufrieden sind, kontaktieren Sie bitte unseren 24\/7 Kundendienst, wir stehen hinter der Qualit\u00e4t unserer Arbeit<br \/>\n<div class=\"main-cross-sell\" data-asin=\"B08ZCZJ77B\">\n\n\t<div class=\"WooZone-cross-sell-loader\">\n\t\t<div>\n\t\t\t<div id=\"floatingBarsG\">\n\t\t\t\t<div class=\"blockG\" id=\"rotateG_01\"><\/div>\n\t\t\t\t<div class=\"blockG\" id=\"rotateG_02\"><\/div>\n\t\t\t\t<div class=\"blockG\" id=\"rotateG_03\"><\/div>\n\t\t\t\t<div class=\"blockG\" id=\"rotateG_04\"><\/div>\n\t\t\t\t<div class=\"blockG\" id=\"rotateG_05\"><\/div>\n\t\t\t\t<div class=\"blockG\" id=\"rotateG_06\"><\/div>\n\t\t\t\t<div class=\"blockG\" id=\"rotateG_07\"><\/div>\n\t\t\t\t<div class=\"blockG\" id=\"rotateG_08\"><\/div>\n\t\t\t<\/div>\n\t\t\t<div class=\"WooZone-cross-sell-loader-text\"><\/div>\n\t\t<\/div>\n\t<\/div>\n\n\t\t\n<\/div>\n<div style=\"clear:both;\"><\/div><\/p>\n","protected":false},"excerpt":{"rendered":"<p>Kydex Handschellen-Etui: Kydex Handschellen-Etui passt f\u00fcr gekettelte Handschellen und Scharnierhandschellen und ASPs Handschellen.<br \/>\n\u3010 Robuster G\u00fcrtel \u3011 Passend f\u00fcr 3,8 cm, 4,4 cm, 5,1 cm und 5,7 cm breiten G\u00fcrtel. Sie k\u00f6nnen den G\u00fcrtelclip an 4,4 cm &amp; 5,1 cm &amp; 5,7 cm breiter G\u00fcrtel anpassen. Bitte \u00fcberpr\u00fcfen Sie das Bild, um zu erfahren, wie Sie den G\u00fcrtelclip einstellen.<br \/>\nVerstellbar: Die Halterung kann an die perfekte Passform an verschiedene Handschellen angepasst werden, um eine hohe Geschwindigkeit zu gew\u00e4hrleisten.<\/p>\n","protected":false},"featured_media":219956,"comment_status":"open","ping_status":"closed","template":"","meta":[],"product_brand":[],"product_cat":[652,3064],"product_tag":[],"class_list":{"0":"post-219955","1":"product","2":"type-product","3":"status-publish","4":"has-post-thumbnail","6":"product_cat-erotik-markt-xxl","7":"product_cat-fesseln-bondage","8":"pa_binding-ausruestung","9":"pa_brand-gun-flower","10":"pa_color-schwarz","11":"pa_height-2-zoll","12":"pa_length-4-zoll","13":"pa_manufacturer-gun-flower","14":"pa_model-k2-handcuff-case","15":"pa_weight-0-37-pfund","16":"pa_width-3-5-zoll","18":"first","19":"instock","20":"shipping-taxable","21":"purchasable","22":"product-type-simple","23":"customify-col","24":"product-has-gallery"},"yoast_head":"<!-- This site is optimized with the Yoast SEO plugin v27.3 - https:\/\/yoast.com\/product\/yoast-seo-wordpress\/ -->\n<title>Kydex Handschellen-Etui passend f\u00fcr gekettelte und aufklappbare Manschetten und ASPs | Strafverfolgung Polizei High Speed Gear f\u00fcr Duty G\u00fcrtelzubeh\u00f6r | Gurt abnehmbar und verstellbar - Markt-XXL<\/title>\n<meta name=\"description\" content=\"Markt-XXL Kydex Handschellen-Etui passend f\u00fcr gekettelte und aufklappbare Manschetten und ASPs | Strafverfolgung Polizei High Speed Gear f\u00fcr Duty G\u00fcrtelzubeh\u00f6r | Gurt abnehmbar und verstellbar\" \/>\n<meta name=\"robots\" content=\"index, follow, max-snippet:-1, max-image-preview:large, max-video-preview:-1\" \/>\n<link rel=\"canonical\" href=\"https:\/\/marktxxl.de\/markt\/produkt\/kydex-handschellen-etui-passend-fuer-gekettelte-und-aufklappbare-manschetten-und-asps-strafverfolgung-polizei-high-speed-gear-fuer-duty-guertelzubehoer-gurt-abnehmbar-und-verstellbar\/\" \/>\n<meta property=\"og:locale\" content=\"de_DE\" \/>\n<meta property=\"og:type\" content=\"article\" \/>\n<meta property=\"og:title\" content=\"Kydex Handschellen-Etui passend f\u00fcr gekettelte und aufklappbare Manschetten und ASPs | Strafverfolgung Polizei High Speed Gear f\u00fcr Duty G\u00fcrtelzubeh\u00f6r | Gurt abnehmbar und verstellbar - Markt-XXL\" \/>\n<meta property=\"og:description\" content=\"Markt-XXL Kydex Handschellen-Etui passend f\u00fcr gekettelte und aufklappbare Manschetten und ASPs | Strafverfolgung Polizei High Speed Gear f\u00fcr Duty G\u00fcrtelzubeh\u00f6r | Gurt abnehmbar und verstellbar\" \/>\n<meta property=\"og:url\" content=\"https:\/\/marktxxl.de\/markt\/produkt\/kydex-handschellen-etui-passend-fuer-gekettelte-und-aufklappbare-manschetten-und-asps-strafverfolgung-polizei-high-speed-gear-fuer-duty-guertelzubehoer-gurt-abnehmbar-und-verstellbar\/\" \/>\n<meta property=\"og:site_name\" content=\"Markt-XXL\" \/>\n<meta name=\"twitter:card\" content=\"summary_large_image\" \/>\n<meta name=\"twitter:label1\" content=\"Gesch\u00e4tzte Lesezeit\" \/>\n\t<meta name=\"twitter:data1\" content=\"1\u00a0Minute\" \/>\n<script type=\"application\/ld+json\" class=\"yoast-schema-graph\">{\"@context\":\"https:\\\/\\\/schema.org\",\"@graph\":[{\"@type\":\"WebPage\",\"@id\":\"https:\\\/\\\/marktxxl.de\\\/markt\\\/produkt\\\/kydex-handschellen-etui-passend-fuer-gekettelte-und-aufklappbare-manschetten-und-asps-strafverfolgung-polizei-high-speed-gear-fuer-duty-guertelzubehoer-gurt-abnehmbar-und-verstellbar\\\/\",\"url\":\"https:\\\/\\\/marktxxl.de\\\/markt\\\/produkt\\\/kydex-handschellen-etui-passend-fuer-gekettelte-und-aufklappbare-manschetten-und-asps-strafverfolgung-polizei-high-speed-gear-fuer-duty-guertelzubehoer-gurt-abnehmbar-und-verstellbar\\\/\",\"name\":\"Kydex Handschellen-Etui passend f\u00fcr gekettelte und aufklappbare Manschetten und ASPs | Strafverfolgung Polizei High Speed Gear f\u00fcr Duty G\u00fcrtelzubeh\u00f6r | Gurt abnehmbar und verstellbar - Markt-XXL\",\"isPartOf\":{\"@id\":\"https:\\\/\\\/marktxxl.de\\\/markt\\\/#website\"},\"primaryImageOfPage\":{\"@id\":\"https:\\\/\\\/marktxxl.de\\\/markt\\\/produkt\\\/kydex-handschellen-etui-passend-fuer-gekettelte-und-aufklappbare-manschetten-und-asps-strafverfolgung-polizei-high-speed-gear-fuer-duty-guertelzubehoer-gurt-abnehmbar-und-verstellbar\\\/#primaryimage\"},\"image\":{\"@id\":\"https:\\\/\\\/marktxxl.de\\\/markt\\\/produkt\\\/kydex-handschellen-etui-passend-fuer-gekettelte-und-aufklappbare-manschetten-und-asps-strafverfolgung-polizei-high-speed-gear-fuer-duty-guertelzubehoer-gurt-abnehmbar-und-verstellbar\\\/#primaryimage\"},\"thumbnailUrl\":\"https:\\\/\\\/m.media-amazon.com\\\/images\\\/I\\\/41wAeYUBT4S._SL500_.jpg\",\"datePublished\":\"2024-07-28T10:20:55+00:00\",\"description\":\"Markt-XXL Kydex Handschellen-Etui passend f\u00fcr gekettelte und aufklappbare Manschetten und ASPs | Strafverfolgung Polizei High Speed Gear f\u00fcr Duty G\u00fcrtelzubeh\u00f6r | Gurt abnehmbar und verstellbar\",\"breadcrumb\":{\"@id\":\"https:\\\/\\\/marktxxl.de\\\/markt\\\/produkt\\\/kydex-handschellen-etui-passend-fuer-gekettelte-und-aufklappbare-manschetten-und-asps-strafverfolgung-polizei-high-speed-gear-fuer-duty-guertelzubehoer-gurt-abnehmbar-und-verstellbar\\\/#breadcrumb\"},\"inLanguage\":\"de\",\"potentialAction\":[{\"@type\":\"ReadAction\",\"target\":[\"https:\\\/\\\/marktxxl.de\\\/markt\\\/produkt\\\/kydex-handschellen-etui-passend-fuer-gekettelte-und-aufklappbare-manschetten-und-asps-strafverfolgung-polizei-high-speed-gear-fuer-duty-guertelzubehoer-gurt-abnehmbar-und-verstellbar\\\/\"]}]},{\"@type\":\"ImageObject\",\"inLanguage\":\"de\",\"@id\":\"https:\\\/\\\/marktxxl.de\\\/markt\\\/produkt\\\/kydex-handschellen-etui-passend-fuer-gekettelte-und-aufklappbare-manschetten-und-asps-strafverfolgung-polizei-high-speed-gear-fuer-duty-guertelzubehoer-gurt-abnehmbar-und-verstellbar\\\/#primaryimage\",\"url\":\"https:\\\/\\\/m.media-amazon.com\\\/images\\\/I\\\/41wAeYUBT4S._SL500_.jpg\",\"contentUrl\":\"https:\\\/\\\/m.media-amazon.com\\\/images\\\/I\\\/41wAeYUBT4S._SL500_.jpg\",\"width\":500,\"height\":500},{\"@type\":\"BreadcrumbList\",\"@id\":\"https:\\\/\\\/marktxxl.de\\\/markt\\\/produkt\\\/kydex-handschellen-etui-passend-fuer-gekettelte-und-aufklappbare-manschetten-und-asps-strafverfolgung-polizei-high-speed-gear-fuer-duty-guertelzubehoer-gurt-abnehmbar-und-verstellbar\\\/#breadcrumb\",\"itemListElement\":[{\"@type\":\"ListItem\",\"position\":1,\"name\":\"Startseite\",\"item\":\"https:\\\/\\\/marktxxl.de\\\/markt\\\/\"},{\"@type\":\"ListItem\",\"position\":2,\"name\":\"Markt\",\"item\":\"https:\\\/\\\/marktxxl.de\\\/markt\\\/\"},{\"@type\":\"ListItem\",\"position\":3,\"name\":\"Kydex Handschellen-Etui passend f\u00fcr gekettelte und aufklappbare Manschetten und ASPs | Strafverfolgung Polizei High Speed Gear f\u00fcr Duty G\u00fcrtelzubeh\u00f6r | Gurt abnehmbar und verstellbar\"}]},{\"@type\":\"WebSite\",\"@id\":\"https:\\\/\\\/marktxxl.de\\\/markt\\\/#website\",\"url\":\"https:\\\/\\\/marktxxl.de\\\/markt\\\/\",\"name\":\"Markt-XXL\",\"description\":\"Ihr Markt Online\",\"publisher\":{\"@id\":\"https:\\\/\\\/marktxxl.de\\\/markt\\\/#organization\"},\"potentialAction\":[{\"@type\":\"SearchAction\",\"target\":{\"@type\":\"EntryPoint\",\"urlTemplate\":\"https:\\\/\\\/marktxxl.de\\\/markt\\\/?s={search_term_string}\"},\"query-input\":{\"@type\":\"PropertyValueSpecification\",\"valueRequired\":true,\"valueName\":\"search_term_string\"}}],\"inLanguage\":\"de\"},{\"@type\":\"Organization\",\"@id\":\"https:\\\/\\\/marktxxl.de\\\/markt\\\/#organization\",\"name\":\"Markt-XXL\",\"url\":\"https:\\\/\\\/marktxxl.de\\\/markt\\\/\",\"logo\":{\"@type\":\"ImageObject\",\"inLanguage\":\"de\",\"@id\":\"https:\\\/\\\/marktxxl.de\\\/markt\\\/#\\\/schema\\\/logo\\\/image\\\/\",\"url\":\"https:\\\/\\\/marktxxl.de\\\/markt\\\/wp-content\\\/uploads\\\/sites\\\/3\\\/2020\\\/12\\\/logo.png\",\"contentUrl\":\"https:\\\/\\\/marktxxl.de\\\/markt\\\/wp-content\\\/uploads\\\/sites\\\/3\\\/2020\\\/12\\\/logo.png\",\"width\":200,\"height\":70,\"caption\":\"Markt-XXL\"},\"image\":{\"@id\":\"https:\\\/\\\/marktxxl.de\\\/markt\\\/#\\\/schema\\\/logo\\\/image\\\/\"}}]}<\/script>\n<!-- \/ Yoast SEO plugin. -->","yoast_head_json":{"title":"Kydex Handschellen-Etui passend f\u00fcr gekettelte und aufklappbare Manschetten und ASPs | Strafverfolgung Polizei High Speed Gear f\u00fcr Duty G\u00fcrtelzubeh\u00f6r | Gurt abnehmbar und verstellbar - Markt-XXL","description":"Markt-XXL Kydex Handschellen-Etui passend f\u00fcr gekettelte und aufklappbare Manschetten und ASPs | Strafverfolgung Polizei High Speed Gear f\u00fcr Duty G\u00fcrtelzubeh\u00f6r | Gurt abnehmbar und verstellbar","robots":{"index":"index","follow":"follow","max-snippet":"max-snippet:-1","max-image-preview":"max-image-preview:large","max-video-preview":"max-video-preview:-1"},"canonical":"https:\/\/marktxxl.de\/markt\/produkt\/kydex-handschellen-etui-passend-fuer-gekettelte-und-aufklappbare-manschetten-und-asps-strafverfolgung-polizei-high-speed-gear-fuer-duty-guertelzubehoer-gurt-abnehmbar-und-verstellbar\/","og_locale":"de_DE","og_type":"article","og_title":"Kydex Handschellen-Etui passend f\u00fcr gekettelte und aufklappbare Manschetten und ASPs | Strafverfolgung Polizei High Speed Gear f\u00fcr Duty G\u00fcrtelzubeh\u00f6r | Gurt abnehmbar und verstellbar - Markt-XXL","og_description":"Markt-XXL Kydex Handschellen-Etui passend f\u00fcr gekettelte und aufklappbare Manschetten und ASPs | Strafverfolgung Polizei High Speed Gear f\u00fcr Duty G\u00fcrtelzubeh\u00f6r | Gurt abnehmbar und verstellbar","og_url":"https:\/\/marktxxl.de\/markt\/produkt\/kydex-handschellen-etui-passend-fuer-gekettelte-und-aufklappbare-manschetten-und-asps-strafverfolgung-polizei-high-speed-gear-fuer-duty-guertelzubehoer-gurt-abnehmbar-und-verstellbar\/","og_site_name":"Markt-XXL","twitter_card":"summary_large_image","twitter_misc":{"Gesch\u00e4tzte Lesezeit":"1\u00a0Minute"},"schema":{"@context":"https:\/\/schema.org","@graph":[{"@type":"WebPage","@id":"https:\/\/marktxxl.de\/markt\/produkt\/kydex-handschellen-etui-passend-fuer-gekettelte-und-aufklappbare-manschetten-und-asps-strafverfolgung-polizei-high-speed-gear-fuer-duty-guertelzubehoer-gurt-abnehmbar-und-verstellbar\/","url":"https:\/\/marktxxl.de\/markt\/produkt\/kydex-handschellen-etui-passend-fuer-gekettelte-und-aufklappbare-manschetten-und-asps-strafverfolgung-polizei-high-speed-gear-fuer-duty-guertelzubehoer-gurt-abnehmbar-und-verstellbar\/","name":"Kydex Handschellen-Etui passend f\u00fcr gekettelte und aufklappbare Manschetten und ASPs | Strafverfolgung Polizei High Speed Gear f\u00fcr Duty G\u00fcrtelzubeh\u00f6r | Gurt abnehmbar und verstellbar - Markt-XXL","isPartOf":{"@id":"https:\/\/marktxxl.de\/markt\/#website"},"primaryImageOfPage":{"@id":"https:\/\/marktxxl.de\/markt\/produkt\/kydex-handschellen-etui-passend-fuer-gekettelte-und-aufklappbare-manschetten-und-asps-strafverfolgung-polizei-high-speed-gear-fuer-duty-guertelzubehoer-gurt-abnehmbar-und-verstellbar\/#primaryimage"},"image":{"@id":"https:\/\/marktxxl.de\/markt\/produkt\/kydex-handschellen-etui-passend-fuer-gekettelte-und-aufklappbare-manschetten-und-asps-strafverfolgung-polizei-high-speed-gear-fuer-duty-guertelzubehoer-gurt-abnehmbar-und-verstellbar\/#primaryimage"},"thumbnailUrl":"https:\/\/m.media-amazon.com\/images\/I\/41wAeYUBT4S._SL500_.jpg","datePublished":"2024-07-28T10:20:55+00:00","description":"Markt-XXL Kydex Handschellen-Etui passend f\u00fcr gekettelte und aufklappbare Manschetten und ASPs | Strafverfolgung Polizei High Speed Gear f\u00fcr Duty G\u00fcrtelzubeh\u00f6r | Gurt abnehmbar und verstellbar","breadcrumb":{"@id":"https:\/\/marktxxl.de\/markt\/produkt\/kydex-handschellen-etui-passend-fuer-gekettelte-und-aufklappbare-manschetten-und-asps-strafverfolgung-polizei-high-speed-gear-fuer-duty-guertelzubehoer-gurt-abnehmbar-und-verstellbar\/#breadcrumb"},"inLanguage":"de","potentialAction":[{"@type":"ReadAction","target":["https:\/\/marktxxl.de\/markt\/produkt\/kydex-handschellen-etui-passend-fuer-gekettelte-und-aufklappbare-manschetten-und-asps-strafverfolgung-polizei-high-speed-gear-fuer-duty-guertelzubehoer-gurt-abnehmbar-und-verstellbar\/"]}]},{"@type":"ImageObject","inLanguage":"de","@id":"https:\/\/marktxxl.de\/markt\/produkt\/kydex-handschellen-etui-passend-fuer-gekettelte-und-aufklappbare-manschetten-und-asps-strafverfolgung-polizei-high-speed-gear-fuer-duty-guertelzubehoer-gurt-abnehmbar-und-verstellbar\/#primaryimage","url":"https:\/\/m.media-amazon.com\/images\/I\/41wAeYUBT4S._SL500_.jpg","contentUrl":"https:\/\/m.media-amazon.com\/images\/I\/41wAeYUBT4S._SL500_.jpg","width":500,"height":500},{"@type":"BreadcrumbList","@id":"https:\/\/marktxxl.de\/markt\/produkt\/kydex-handschellen-etui-passend-fuer-gekettelte-und-aufklappbare-manschetten-und-asps-strafverfolgung-polizei-high-speed-gear-fuer-duty-guertelzubehoer-gurt-abnehmbar-und-verstellbar\/#breadcrumb","itemListElement":[{"@type":"ListItem","position":1,"name":"Startseite","item":"https:\/\/marktxxl.de\/markt\/"},{"@type":"ListItem","position":2,"name":"Markt","item":"https:\/\/marktxxl.de\/markt\/"},{"@type":"ListItem","position":3,"name":"Kydex Handschellen-Etui passend f\u00fcr gekettelte und aufklappbare Manschetten und ASPs | Strafverfolgung Polizei High Speed Gear f\u00fcr Duty G\u00fcrtelzubeh\u00f6r | Gurt abnehmbar und verstellbar"}]},{"@type":"WebSite","@id":"https:\/\/marktxxl.de\/markt\/#website","url":"https:\/\/marktxxl.de\/markt\/","name":"Markt-XXL","description":"Ihr Markt Online","publisher":{"@id":"https:\/\/marktxxl.de\/markt\/#organization"},"potentialAction":[{"@type":"SearchAction","target":{"@type":"EntryPoint","urlTemplate":"https:\/\/marktxxl.de\/markt\/?s={search_term_string}"},"query-input":{"@type":"PropertyValueSpecification","valueRequired":true,"valueName":"search_term_string"}}],"inLanguage":"de"},{"@type":"Organization","@id":"https:\/\/marktxxl.de\/markt\/#organization","name":"Markt-XXL","url":"https:\/\/marktxxl.de\/markt\/","logo":{"@type":"ImageObject","inLanguage":"de","@id":"https:\/\/marktxxl.de\/markt\/#\/schema\/logo\/image\/","url":"https:\/\/marktxxl.de\/markt\/wp-content\/uploads\/sites\/3\/2020\/12\/logo.png","contentUrl":"https:\/\/marktxxl.de\/markt\/wp-content\/uploads\/sites\/3\/2020\/12\/logo.png","width":200,"height":70,"caption":"Markt-XXL"},"image":{"@id":"https:\/\/marktxxl.de\/markt\/#\/schema\/logo\/image\/"}}]}},"_links":{"self":[{"href":"https:\/\/marktxxl.de\/markt\/wp-json\/wp\/v2\/product\/219955","targetHints":{"allow":["GET"]}}],"collection":[{"href":"https:\/\/marktxxl.de\/markt\/wp-json\/wp\/v2\/product"}],"about":[{"href":"https:\/\/marktxxl.de\/markt\/wp-json\/wp\/v2\/types\/product"}],"replies":[{"embeddable":true,"href":"https:\/\/marktxxl.de\/markt\/wp-json\/wp\/v2\/comments?post=219955"}],"wp:featuredmedia":[{"embeddable":true,"href":"https:\/\/marktxxl.de\/markt\/wp-json\/wp\/v2\/media\/219956"}],"wp:attachment":[{"href":"https:\/\/marktxxl.de\/markt\/wp-json\/wp\/v2\/media?parent=219955"}],"wp:term":[{"taxonomy":"product_brand","embeddable":true,"href":"https:\/\/marktxxl.de\/markt\/wp-json\/wp\/v2\/product_brand?post=219955"},{"taxonomy":"product_cat","embeddable":true,"href":"https:\/\/marktxxl.de\/markt\/wp-json\/wp\/v2\/product_cat?post=219955"},{"taxonomy":"product_tag","embeddable":true,"href":"https:\/\/marktxxl.de\/markt\/wp-json\/wp\/v2\/product_tag?post=219955"}],"curies":[{"name":"wp","href":"https:\/\/api.w.org\/{rel}","templated":true}]}}