{"id":219925,"date":"2024-07-28T12:20:29","date_gmt":"2024-07-28T10:20:29","guid":{"rendered":"https:\/\/marktxxl.de\/markt\/produkt\/flaschenoeffner-fuer-twist-off-typ-kappen-wasserflaschenoeffner-soda-flaschenoeffner-saftflaschenoeffner-twist-off-fuer-schwache-haende-senioren-mit-arthritis-aeltere-menschen\/"},"modified":"2024-07-28T12:20:29","modified_gmt":"2024-07-28T10:20:29","slug":"flaschenoeffner-fuer-twist-off-typ-kappen-wasserflaschenoeffner-soda-flaschenoeffner-saftflaschenoeffner-twist-off-fuer-schwache-haende-senioren-mit-arthritis-aeltere-menschen","status":"publish","type":"product","link":"https:\/\/marktxxl.de\/markt\/produkt\/flaschenoeffner-fuer-twist-off-typ-kappen-wasserflaschenoeffner-soda-flaschenoeffner-saftflaschenoeffner-twist-off-fuer-schwache-haende-senioren-mit-arthritis-aeltere-menschen\/","title":{"rendered":"Flaschen\u00f6ffner f\u00fcr Twist-Off-Typ-Kappen, Wasserflaschen\u00f6ffner, Soda Flaschen\u00f6ffner, Saftflaschen\u00f6ffner, Twist-Off, f\u00fcr schwache H\u00e4nde, Senioren mit Arthritis, \u00e4ltere Menschen"},"content":{"rendered":"<p>M\u00fchelos \u2013 Design in Hebelwirkung: Bietet ein wenig Kraft und erzeugt eine gr\u00f6\u00dfere Ausgangskraft zum Abdrehen der Kappen, geeignet f\u00fcr schwache H\u00e4nde, Senioren, \u00e4ltere Menschen oder H\u00e4nde mit Arthritis, gro\u00dfe hilfreiche Arthritis-Hilfsmittel und \u00e4ltere Hilfsmittel f\u00fcr Arthritis.<br \/>\nVerdrehen Sie verschiedene Arten von Deckeln \u2013 Design in V-Form, wenn die Flasche ge\u00f6ffnet wird, greift er automatisch die Deckel, egal ob der Deckel klein oder gro\u00df ist, mit einer Gr\u00f6\u00dfe von 2,2 cm bis 7,6 cm.<br \/>\nHervorragender Halt und kein Verrutschen der Kappen \u2013 Design mit scharfen Z\u00e4hnen aus superhartem Metall, um jeden Deckel festzuhalten, egal ob es werksseitig versiegelt, kindersicher, manipulationssicher, es bei\u00dft fest in die Deckel, egal ob aus Edelstahl, Wei\u00dfblech oder Kunststoff, wie: Wasserflasche, Limonadenflasche, Milchflasche, Softdrinkflaschen, Kunststoffk\u00e4nnchen, So\u00dfenflaschen, Salatdressing-Flaschen mit Drehverschluss.<br \/>\nHohe Zuverl\u00e4ssigkeit und langlebiger Twist-Off-Typ-Flaschen\u00f6ffner &#8211; Er ist aus hochwertigem Kunststoff und mit Metallz\u00e4hnen gefertigt, keine Sorge, dass er sich abnutzt und nicht verrutscht, wenn man den Deckel abdreht. W\u00e4hrend der Prototypstufe haben wir fortgeschrittenes Design und Probleml\u00f6sungsmethode eingef\u00fchrt &#8211; DOE (Design des Experiments), FMEA (Failure Mode und Effektanalyse), 5Warum sollten Sie endlich die Wurzelursache und die richtige Aktion finden, wir produzieren Dieser hochzuverl\u00e4ssige Twist-Off-Typ-\u00d6ffner<br \/>\nFlaschen\u00f6ffner im Taschenformat \u2013 Design mit kompaktem Design, nimmt nur wenig Platz in Schr\u00e4nken ein und kann \u00fcberall in der K\u00fcche aufgeh\u00e4ngt werden, passt sogar in Ihre Tasche, reisen Sie \u00fcberall.<br \/>\n<div class=\"main-cross-sell\" data-asin=\"B08C4SVN55\">\n\n\t<div class=\"WooZone-cross-sell-loader\">\n\t\t<div>\n\t\t\t<div id=\"floatingBarsG\">\n\t\t\t\t<div class=\"blockG\" id=\"rotateG_01\"><\/div>\n\t\t\t\t<div class=\"blockG\" id=\"rotateG_02\"><\/div>\n\t\t\t\t<div class=\"blockG\" id=\"rotateG_03\"><\/div>\n\t\t\t\t<div class=\"blockG\" id=\"rotateG_04\"><\/div>\n\t\t\t\t<div class=\"blockG\" id=\"rotateG_05\"><\/div>\n\t\t\t\t<div class=\"blockG\" id=\"rotateG_06\"><\/div>\n\t\t\t\t<div class=\"blockG\" id=\"rotateG_07\"><\/div>\n\t\t\t\t<div class=\"blockG\" id=\"rotateG_08\"><\/div>\n\t\t\t<\/div>\n\t\t\t<div class=\"WooZone-cross-sell-loader-text\"><\/div>\n\t\t<\/div>\n\t<\/div>\n\n\t\t\n<\/div>\n<div style=\"clear:both;\"><\/div><\/p>\n","protected":false},"excerpt":{"rendered":"<p>M\u00fchelos \u2013 Design in Hebelwirkung: Bietet ein wenig Kraft und erzeugt eine gr\u00f6\u00dfere Ausgangskraft zum Abdrehen der Kappen, geeignet f\u00fcr schwache H\u00e4nde, Senioren, \u00e4ltere Menschen oder H\u00e4nde mit Arthritis, gro\u00dfe hilfreiche Arthritis-Hilfsmittel und \u00e4ltere Hilfsmittel f\u00fcr Arthritis.<br \/>\nVerdrehen Sie verschiedene Arten von Deckeln \u2013 Design in V-Form, wenn die Flasche ge\u00f6ffnet wird, greift er automatisch die Deckel, egal ob der Deckel klein oder gro\u00df ist, mit einer Gr\u00f6\u00dfe von 2,2 cm bis 7,6 cm.<br \/>\nHervorragender Halt und kein Verrutschen der Kappen \u2013 Design mit scharfen Z\u00e4hnen aus superhartem Metall, um jeden Deckel festzuhalten, egal ob es werksseitig versiegelt, kindersicher, manipulationssicher, es bei\u00dft fest in die Deckel, egal ob aus Edelstahl, Wei\u00dfblech oder Kunststoff, wie: Wasserflasche, Limonadenflasche, Milchflasche, Softdrinkflaschen, Kunststoffk\u00e4nnchen, So\u00dfenflaschen, Salatdressing-Flaschen mit Drehverschluss.<\/p>\n","protected":false},"featured_media":219926,"comment_status":"open","ping_status":"closed","template":"","meta":[],"product_brand":[],"product_cat":[566,5932],"product_tag":[],"class_list":{"0":"post-219925","1":"product","2":"type-product","3":"status-publish","4":"has-post-thumbnail","6":"product_cat-drogerie-koerperpflege","7":"product_cat-mobilitaetshilfen-zubehoer","8":"pa_binding-haushaltswaren","9":"pa_brand-sukiise","10":"pa_color-gelb","11":"pa_height-0-8-zoll","12":"pa_length-6-9-zoll","13":"pa_manufacturer-rtreehouse","14":"pa_size-small","15":"pa_weight-0-20062065842-pfund","16":"pa_width-3-7-zoll","18":"first","19":"instock","20":"shipping-taxable","21":"purchasable","22":"product-type-simple","23":"customify-col","24":"product-has-gallery"},"yoast_head":"<!-- This site is optimized with the Yoast SEO plugin v27.4 - https:\/\/yoast.com\/product\/yoast-seo-wordpress\/ -->\n<title>Flaschen\u00f6ffner f\u00fcr Twist-Off-Typ-Kappen, Wasserflaschen\u00f6ffner, Soda Flaschen\u00f6ffner, Saftflaschen\u00f6ffner, Twist-Off, f\u00fcr schwache H\u00e4nde, Senioren mit Arthritis, \u00e4ltere Menschen - Markt-XXL<\/title>\n<meta name=\"description\" content=\"Markt-XXL Flaschen\u00f6ffner f\u00fcr Twist-Off-Typ-Kappen, Wasserflaschen\u00f6ffner, Soda Flaschen\u00f6ffner, Saftflaschen\u00f6ffner, Twist-Off, f\u00fcr schwache H\u00e4nde, Senioren mit Arthritis, \u00e4ltere Menschen\" \/>\n<meta name=\"robots\" content=\"index, follow, max-snippet:-1, max-image-preview:large, max-video-preview:-1\" \/>\n<link rel=\"canonical\" href=\"https:\/\/marktxxl.de\/markt\/produkt\/flaschenoeffner-fuer-twist-off-typ-kappen-wasserflaschenoeffner-soda-flaschenoeffner-saftflaschenoeffner-twist-off-fuer-schwache-haende-senioren-mit-arthritis-aeltere-menschen\/\" \/>\n<meta property=\"og:locale\" content=\"de_DE\" \/>\n<meta property=\"og:type\" content=\"article\" \/>\n<meta property=\"og:title\" content=\"Flaschen\u00f6ffner f\u00fcr Twist-Off-Typ-Kappen, Wasserflaschen\u00f6ffner, Soda Flaschen\u00f6ffner, Saftflaschen\u00f6ffner, Twist-Off, f\u00fcr schwache H\u00e4nde, Senioren mit Arthritis, \u00e4ltere Menschen - Markt-XXL\" \/>\n<meta property=\"og:description\" content=\"Markt-XXL Flaschen\u00f6ffner f\u00fcr Twist-Off-Typ-Kappen, Wasserflaschen\u00f6ffner, Soda Flaschen\u00f6ffner, Saftflaschen\u00f6ffner, Twist-Off, f\u00fcr schwache H\u00e4nde, Senioren mit Arthritis, \u00e4ltere Menschen\" \/>\n<meta property=\"og:url\" content=\"https:\/\/marktxxl.de\/markt\/produkt\/flaschenoeffner-fuer-twist-off-typ-kappen-wasserflaschenoeffner-soda-flaschenoeffner-saftflaschenoeffner-twist-off-fuer-schwache-haende-senioren-mit-arthritis-aeltere-menschen\/\" \/>\n<meta property=\"og:site_name\" content=\"Markt-XXL\" \/>\n<meta name=\"twitter:card\" content=\"summary_large_image\" \/>\n<meta name=\"twitter:label1\" content=\"Gesch\u00e4tzte Lesezeit\" \/>\n\t<meta name=\"twitter:data1\" content=\"1\u00a0Minute\" \/>\n<script type=\"application\/ld+json\" class=\"yoast-schema-graph\">{\"@context\":\"https:\\\/\\\/schema.org\",\"@graph\":[{\"@type\":\"WebPage\",\"@id\":\"https:\\\/\\\/marktxxl.de\\\/markt\\\/produkt\\\/flaschenoeffner-fuer-twist-off-typ-kappen-wasserflaschenoeffner-soda-flaschenoeffner-saftflaschenoeffner-twist-off-fuer-schwache-haende-senioren-mit-arthritis-aeltere-menschen\\\/\",\"url\":\"https:\\\/\\\/marktxxl.de\\\/markt\\\/produkt\\\/flaschenoeffner-fuer-twist-off-typ-kappen-wasserflaschenoeffner-soda-flaschenoeffner-saftflaschenoeffner-twist-off-fuer-schwache-haende-senioren-mit-arthritis-aeltere-menschen\\\/\",\"name\":\"Flaschen\u00f6ffner f\u00fcr Twist-Off-Typ-Kappen, Wasserflaschen\u00f6ffner, Soda Flaschen\u00f6ffner, Saftflaschen\u00f6ffner, Twist-Off, f\u00fcr schwache H\u00e4nde, Senioren mit Arthritis, \u00e4ltere Menschen - Markt-XXL\",\"isPartOf\":{\"@id\":\"https:\\\/\\\/marktxxl.de\\\/markt\\\/#website\"},\"primaryImageOfPage\":{\"@id\":\"https:\\\/\\\/marktxxl.de\\\/markt\\\/produkt\\\/flaschenoeffner-fuer-twist-off-typ-kappen-wasserflaschenoeffner-soda-flaschenoeffner-saftflaschenoeffner-twist-off-fuer-schwache-haende-senioren-mit-arthritis-aeltere-menschen\\\/#primaryimage\"},\"image\":{\"@id\":\"https:\\\/\\\/marktxxl.de\\\/markt\\\/produkt\\\/flaschenoeffner-fuer-twist-off-typ-kappen-wasserflaschenoeffner-soda-flaschenoeffner-saftflaschenoeffner-twist-off-fuer-schwache-haende-senioren-mit-arthritis-aeltere-menschen\\\/#primaryimage\"},\"thumbnailUrl\":\"https:\\\/\\\/m.media-amazon.com\\\/images\\\/I\\\/41Xnq1-HWOL._SL500_.jpg\",\"datePublished\":\"2024-07-28T10:20:29+00:00\",\"description\":\"Markt-XXL Flaschen\u00f6ffner f\u00fcr Twist-Off-Typ-Kappen, Wasserflaschen\u00f6ffner, Soda Flaschen\u00f6ffner, Saftflaschen\u00f6ffner, Twist-Off, f\u00fcr schwache H\u00e4nde, Senioren mit Arthritis, \u00e4ltere Menschen\",\"breadcrumb\":{\"@id\":\"https:\\\/\\\/marktxxl.de\\\/markt\\\/produkt\\\/flaschenoeffner-fuer-twist-off-typ-kappen-wasserflaschenoeffner-soda-flaschenoeffner-saftflaschenoeffner-twist-off-fuer-schwache-haende-senioren-mit-arthritis-aeltere-menschen\\\/#breadcrumb\"},\"inLanguage\":\"de\",\"potentialAction\":[{\"@type\":\"ReadAction\",\"target\":[\"https:\\\/\\\/marktxxl.de\\\/markt\\\/produkt\\\/flaschenoeffner-fuer-twist-off-typ-kappen-wasserflaschenoeffner-soda-flaschenoeffner-saftflaschenoeffner-twist-off-fuer-schwache-haende-senioren-mit-arthritis-aeltere-menschen\\\/\"]}]},{\"@type\":\"ImageObject\",\"inLanguage\":\"de\",\"@id\":\"https:\\\/\\\/marktxxl.de\\\/markt\\\/produkt\\\/flaschenoeffner-fuer-twist-off-typ-kappen-wasserflaschenoeffner-soda-flaschenoeffner-saftflaschenoeffner-twist-off-fuer-schwache-haende-senioren-mit-arthritis-aeltere-menschen\\\/#primaryimage\",\"url\":\"https:\\\/\\\/m.media-amazon.com\\\/images\\\/I\\\/41Xnq1-HWOL._SL500_.jpg\",\"contentUrl\":\"https:\\\/\\\/m.media-amazon.com\\\/images\\\/I\\\/41Xnq1-HWOL._SL500_.jpg\",\"width\":500,\"height\":500},{\"@type\":\"BreadcrumbList\",\"@id\":\"https:\\\/\\\/marktxxl.de\\\/markt\\\/produkt\\\/flaschenoeffner-fuer-twist-off-typ-kappen-wasserflaschenoeffner-soda-flaschenoeffner-saftflaschenoeffner-twist-off-fuer-schwache-haende-senioren-mit-arthritis-aeltere-menschen\\\/#breadcrumb\",\"itemListElement\":[{\"@type\":\"ListItem\",\"position\":1,\"name\":\"Startseite\",\"item\":\"https:\\\/\\\/marktxxl.de\\\/markt\\\/\"},{\"@type\":\"ListItem\",\"position\":2,\"name\":\"Markt\",\"item\":\"https:\\\/\\\/marktxxl.de\\\/markt\\\/\"},{\"@type\":\"ListItem\",\"position\":3,\"name\":\"Flaschen\u00f6ffner f\u00fcr Twist-Off-Typ-Kappen, Wasserflaschen\u00f6ffner, Soda Flaschen\u00f6ffner, Saftflaschen\u00f6ffner, Twist-Off, f\u00fcr schwache H\u00e4nde, Senioren mit Arthritis, \u00e4ltere Menschen\"}]},{\"@type\":\"WebSite\",\"@id\":\"https:\\\/\\\/marktxxl.de\\\/markt\\\/#website\",\"url\":\"https:\\\/\\\/marktxxl.de\\\/markt\\\/\",\"name\":\"Markt-XXL\",\"description\":\"Ihr Markt Online\",\"publisher\":{\"@id\":\"https:\\\/\\\/marktxxl.de\\\/markt\\\/#organization\"},\"potentialAction\":[{\"@type\":\"SearchAction\",\"target\":{\"@type\":\"EntryPoint\",\"urlTemplate\":\"https:\\\/\\\/marktxxl.de\\\/markt\\\/?s={search_term_string}\"},\"query-input\":{\"@type\":\"PropertyValueSpecification\",\"valueRequired\":true,\"valueName\":\"search_term_string\"}}],\"inLanguage\":\"de\"},{\"@type\":\"Organization\",\"@id\":\"https:\\\/\\\/marktxxl.de\\\/markt\\\/#organization\",\"name\":\"Markt-XXL\",\"url\":\"https:\\\/\\\/marktxxl.de\\\/markt\\\/\",\"logo\":{\"@type\":\"ImageObject\",\"inLanguage\":\"de\",\"@id\":\"https:\\\/\\\/marktxxl.de\\\/markt\\\/#\\\/schema\\\/logo\\\/image\\\/\",\"url\":\"https:\\\/\\\/marktxxl.de\\\/markt\\\/wp-content\\\/uploads\\\/sites\\\/3\\\/2020\\\/12\\\/logo.png\",\"contentUrl\":\"https:\\\/\\\/marktxxl.de\\\/markt\\\/wp-content\\\/uploads\\\/sites\\\/3\\\/2020\\\/12\\\/logo.png\",\"width\":200,\"height\":70,\"caption\":\"Markt-XXL\"},\"image\":{\"@id\":\"https:\\\/\\\/marktxxl.de\\\/markt\\\/#\\\/schema\\\/logo\\\/image\\\/\"}}]}<\/script>\n<!-- \/ Yoast SEO plugin. -->","yoast_head_json":{"title":"Flaschen\u00f6ffner f\u00fcr Twist-Off-Typ-Kappen, Wasserflaschen\u00f6ffner, Soda Flaschen\u00f6ffner, Saftflaschen\u00f6ffner, Twist-Off, f\u00fcr schwache H\u00e4nde, Senioren mit Arthritis, \u00e4ltere Menschen - Markt-XXL","description":"Markt-XXL Flaschen\u00f6ffner f\u00fcr Twist-Off-Typ-Kappen, Wasserflaschen\u00f6ffner, Soda Flaschen\u00f6ffner, Saftflaschen\u00f6ffner, Twist-Off, f\u00fcr schwache H\u00e4nde, Senioren mit Arthritis, \u00e4ltere Menschen","robots":{"index":"index","follow":"follow","max-snippet":"max-snippet:-1","max-image-preview":"max-image-preview:large","max-video-preview":"max-video-preview:-1"},"canonical":"https:\/\/marktxxl.de\/markt\/produkt\/flaschenoeffner-fuer-twist-off-typ-kappen-wasserflaschenoeffner-soda-flaschenoeffner-saftflaschenoeffner-twist-off-fuer-schwache-haende-senioren-mit-arthritis-aeltere-menschen\/","og_locale":"de_DE","og_type":"article","og_title":"Flaschen\u00f6ffner f\u00fcr Twist-Off-Typ-Kappen, Wasserflaschen\u00f6ffner, Soda Flaschen\u00f6ffner, Saftflaschen\u00f6ffner, Twist-Off, f\u00fcr schwache H\u00e4nde, Senioren mit Arthritis, \u00e4ltere Menschen - Markt-XXL","og_description":"Markt-XXL Flaschen\u00f6ffner f\u00fcr Twist-Off-Typ-Kappen, Wasserflaschen\u00f6ffner, Soda Flaschen\u00f6ffner, Saftflaschen\u00f6ffner, Twist-Off, f\u00fcr schwache H\u00e4nde, Senioren mit Arthritis, \u00e4ltere Menschen","og_url":"https:\/\/marktxxl.de\/markt\/produkt\/flaschenoeffner-fuer-twist-off-typ-kappen-wasserflaschenoeffner-soda-flaschenoeffner-saftflaschenoeffner-twist-off-fuer-schwache-haende-senioren-mit-arthritis-aeltere-menschen\/","og_site_name":"Markt-XXL","twitter_card":"summary_large_image","twitter_misc":{"Gesch\u00e4tzte Lesezeit":"1\u00a0Minute"},"schema":{"@context":"https:\/\/schema.org","@graph":[{"@type":"WebPage","@id":"https:\/\/marktxxl.de\/markt\/produkt\/flaschenoeffner-fuer-twist-off-typ-kappen-wasserflaschenoeffner-soda-flaschenoeffner-saftflaschenoeffner-twist-off-fuer-schwache-haende-senioren-mit-arthritis-aeltere-menschen\/","url":"https:\/\/marktxxl.de\/markt\/produkt\/flaschenoeffner-fuer-twist-off-typ-kappen-wasserflaschenoeffner-soda-flaschenoeffner-saftflaschenoeffner-twist-off-fuer-schwache-haende-senioren-mit-arthritis-aeltere-menschen\/","name":"Flaschen\u00f6ffner f\u00fcr Twist-Off-Typ-Kappen, Wasserflaschen\u00f6ffner, Soda Flaschen\u00f6ffner, Saftflaschen\u00f6ffner, Twist-Off, f\u00fcr schwache H\u00e4nde, Senioren mit Arthritis, \u00e4ltere Menschen - Markt-XXL","isPartOf":{"@id":"https:\/\/marktxxl.de\/markt\/#website"},"primaryImageOfPage":{"@id":"https:\/\/marktxxl.de\/markt\/produkt\/flaschenoeffner-fuer-twist-off-typ-kappen-wasserflaschenoeffner-soda-flaschenoeffner-saftflaschenoeffner-twist-off-fuer-schwache-haende-senioren-mit-arthritis-aeltere-menschen\/#primaryimage"},"image":{"@id":"https:\/\/marktxxl.de\/markt\/produkt\/flaschenoeffner-fuer-twist-off-typ-kappen-wasserflaschenoeffner-soda-flaschenoeffner-saftflaschenoeffner-twist-off-fuer-schwache-haende-senioren-mit-arthritis-aeltere-menschen\/#primaryimage"},"thumbnailUrl":"https:\/\/m.media-amazon.com\/images\/I\/41Xnq1-HWOL._SL500_.jpg","datePublished":"2024-07-28T10:20:29+00:00","description":"Markt-XXL Flaschen\u00f6ffner f\u00fcr Twist-Off-Typ-Kappen, Wasserflaschen\u00f6ffner, Soda Flaschen\u00f6ffner, Saftflaschen\u00f6ffner, Twist-Off, f\u00fcr schwache H\u00e4nde, Senioren mit Arthritis, \u00e4ltere Menschen","breadcrumb":{"@id":"https:\/\/marktxxl.de\/markt\/produkt\/flaschenoeffner-fuer-twist-off-typ-kappen-wasserflaschenoeffner-soda-flaschenoeffner-saftflaschenoeffner-twist-off-fuer-schwache-haende-senioren-mit-arthritis-aeltere-menschen\/#breadcrumb"},"inLanguage":"de","potentialAction":[{"@type":"ReadAction","target":["https:\/\/marktxxl.de\/markt\/produkt\/flaschenoeffner-fuer-twist-off-typ-kappen-wasserflaschenoeffner-soda-flaschenoeffner-saftflaschenoeffner-twist-off-fuer-schwache-haende-senioren-mit-arthritis-aeltere-menschen\/"]}]},{"@type":"ImageObject","inLanguage":"de","@id":"https:\/\/marktxxl.de\/markt\/produkt\/flaschenoeffner-fuer-twist-off-typ-kappen-wasserflaschenoeffner-soda-flaschenoeffner-saftflaschenoeffner-twist-off-fuer-schwache-haende-senioren-mit-arthritis-aeltere-menschen\/#primaryimage","url":"https:\/\/m.media-amazon.com\/images\/I\/41Xnq1-HWOL._SL500_.jpg","contentUrl":"https:\/\/m.media-amazon.com\/images\/I\/41Xnq1-HWOL._SL500_.jpg","width":500,"height":500},{"@type":"BreadcrumbList","@id":"https:\/\/marktxxl.de\/markt\/produkt\/flaschenoeffner-fuer-twist-off-typ-kappen-wasserflaschenoeffner-soda-flaschenoeffner-saftflaschenoeffner-twist-off-fuer-schwache-haende-senioren-mit-arthritis-aeltere-menschen\/#breadcrumb","itemListElement":[{"@type":"ListItem","position":1,"name":"Startseite","item":"https:\/\/marktxxl.de\/markt\/"},{"@type":"ListItem","position":2,"name":"Markt","item":"https:\/\/marktxxl.de\/markt\/"},{"@type":"ListItem","position":3,"name":"Flaschen\u00f6ffner f\u00fcr Twist-Off-Typ-Kappen, Wasserflaschen\u00f6ffner, Soda Flaschen\u00f6ffner, Saftflaschen\u00f6ffner, Twist-Off, f\u00fcr schwache H\u00e4nde, Senioren mit Arthritis, \u00e4ltere Menschen"}]},{"@type":"WebSite","@id":"https:\/\/marktxxl.de\/markt\/#website","url":"https:\/\/marktxxl.de\/markt\/","name":"Markt-XXL","description":"Ihr Markt Online","publisher":{"@id":"https:\/\/marktxxl.de\/markt\/#organization"},"potentialAction":[{"@type":"SearchAction","target":{"@type":"EntryPoint","urlTemplate":"https:\/\/marktxxl.de\/markt\/?s={search_term_string}"},"query-input":{"@type":"PropertyValueSpecification","valueRequired":true,"valueName":"search_term_string"}}],"inLanguage":"de"},{"@type":"Organization","@id":"https:\/\/marktxxl.de\/markt\/#organization","name":"Markt-XXL","url":"https:\/\/marktxxl.de\/markt\/","logo":{"@type":"ImageObject","inLanguage":"de","@id":"https:\/\/marktxxl.de\/markt\/#\/schema\/logo\/image\/","url":"https:\/\/marktxxl.de\/markt\/wp-content\/uploads\/sites\/3\/2020\/12\/logo.png","contentUrl":"https:\/\/marktxxl.de\/markt\/wp-content\/uploads\/sites\/3\/2020\/12\/logo.png","width":200,"height":70,"caption":"Markt-XXL"},"image":{"@id":"https:\/\/marktxxl.de\/markt\/#\/schema\/logo\/image\/"}}]}},"_links":{"self":[{"href":"https:\/\/marktxxl.de\/markt\/wp-json\/wp\/v2\/product\/219925","targetHints":{"allow":["GET"]}}],"collection":[{"href":"https:\/\/marktxxl.de\/markt\/wp-json\/wp\/v2\/product"}],"about":[{"href":"https:\/\/marktxxl.de\/markt\/wp-json\/wp\/v2\/types\/product"}],"replies":[{"embeddable":true,"href":"https:\/\/marktxxl.de\/markt\/wp-json\/wp\/v2\/comments?post=219925"}],"wp:featuredmedia":[{"embeddable":true,"href":"https:\/\/marktxxl.de\/markt\/wp-json\/wp\/v2\/media\/219926"}],"wp:attachment":[{"href":"https:\/\/marktxxl.de\/markt\/wp-json\/wp\/v2\/media?parent=219925"}],"wp:term":[{"taxonomy":"product_brand","embeddable":true,"href":"https:\/\/marktxxl.de\/markt\/wp-json\/wp\/v2\/product_brand?post=219925"},{"taxonomy":"product_cat","embeddable":true,"href":"https:\/\/marktxxl.de\/markt\/wp-json\/wp\/v2\/product_cat?post=219925"},{"taxonomy":"product_tag","embeddable":true,"href":"https:\/\/marktxxl.de\/markt\/wp-json\/wp\/v2\/product_tag?post=219925"}],"curies":[{"name":"wp","href":"https:\/\/api.w.org\/{rel}","templated":true}]}}