{"id":219908,"date":"2024-07-28T12:20:16","date_gmt":"2024-07-28T10:20:16","guid":{"rendered":"https:\/\/marktxxl.de\/markt\/produkt\/amabro-damenbinden-aufbewahrungstasche-2-stueck-suesse-damenbinden-aufbewahrungstasche-tampon-slipeinlagen-menstruationstasche-gaensebluemchen-reissverschluss-geldboerse-fuer-frauen-teenager\/"},"modified":"2024-07-28T12:20:16","modified_gmt":"2024-07-28T10:20:16","slug":"amabro-damenbinden-aufbewahrungstasche-2-stueck-suesse-damenbinden-aufbewahrungstasche-tampon-slipeinlagen-menstruationstasche-gaensebluemchen-reissverschluss-geldboerse-fuer-frauen-teenager","status":"publish","type":"product","link":"https:\/\/marktxxl.de\/markt\/produkt\/amabro-damenbinden-aufbewahrungstasche-2-stueck-suesse-damenbinden-aufbewahrungstasche-tampon-slipeinlagen-menstruationstasche-gaensebluemchen-reissverschluss-geldboerse-fuer-frauen-teenager\/","title":{"rendered":"Amabro Damenbinden Aufbewahrungstasche, 2 St\u00fcck s\u00fc\u00dfe Damenbinden Aufbewahrungstasche Tampon Slipeinlagen Menstruationstasche G\u00e4nsebl\u00fcmchen Rei\u00dfverschluss Geldb\u00f6rse f\u00fcr Frauen Teenager"},"content":{"rendered":"<p>\u3010Niedliches Design\u3011 Sie erhalten in jeder Packung 2 kleine Menstruationsbeutel mit h\u00fcbschen Mustern, darunter ein schwarz-wei\u00dfes Sternbild, entz\u00fcckende V\u00f6gel und Blumen, bunte K\u00e4tzchen sowie blaue und rosa T\u00fcrme, verschiedene Stile zur Auswahl. Bringen Sie gute Laune und andere Gef\u00fchle an einem besonderen Tag und sch\u00fctzen Sie Ihre Privatsph\u00e4re vollst\u00e4ndig.<br \/>\n\u3010G\u00e4nsebl\u00fcmchen Rei\u00dfverschluss\u3011 Die G\u00e4nsebl\u00fcmchen Rei\u00dfverschl\u00fcsse bestehen aus einer hochwertigen Legierung, sodass Sie die Pad Rei\u00dfverschlusstasche flie\u00dfend schlie\u00dfen oder \u00f6ffnen und Ihre geheimen Gegenst\u00e4nde sicher aufbewahren k\u00f6nnen. Der leichte Damenbindenbeutel erleichtert die Aufbewahrung von Tampons, Binden, Menstruationstassen und Slipeinlagen und sorgt daf\u00fcr, dass sie sauber und ordentlich bleiben.<br \/>\n\u3010Kompakte Gr\u00f6\u00dfe\u3011 Die Gr\u00f6\u00dfe der Menstruationsbinden Tasche betr\u00e4gt 12 x 12 x 1,5 cm\/4,72 x 4,72 x 0,59 Zoll, die richtige Gr\u00f6\u00dfe und leicht zu tragen, sie bietet Platz f\u00fcr etwa 6 St\u00fcck Tagesbinden. Der Clean Pad Beutel in geeigneter Reisegr\u00f6\u00dfe kann problemlos in Ihren Rucksack, Ihre Tasche, Ihre Aktentasche oder Ihre Handtasche gesteckt werden, um den t\u00e4glichen Bedarf zu decken.<br \/>\n\u3010Multifunktionale Taschen\u3011 In unserer Damen Aufbewahrungstasche k\u00f6nnen nicht nur Damenprodukte wie Damenbinden, Tampons mit Applikatoren, Slipeinlagen, kleine individuelle Reinigungsmittel, wiederverwendbare Pads und mehr aufbewahrt werden, sondern auch kleine Gegenst\u00e4nde wie Lippenbalsam, Lippenstifte, Kosmetika usw Spiegel, Schmuck, Schl\u00fcssel, Bargeld, Kreditkarten, Reise Erste Hilfe Artikel usw. Praktisch f\u00fcr Schule, B\u00fcro, Gesch\u00e4ftsreisen, Einkaufen und Reisen.<br \/>\n\u3010Wiederverwendbare Polyester Baumwolle\u3011 Die Damenbinden Aufbewahrungstasche f\u00fcr M\u00e4dchen besteht aus hochwertiger Polyester Baumwolle, verblasst nicht und ist langlebig. Das F\u00e4cherdesign im Inneren der Tampontasche sorgt daf\u00fcr, dass die Menstruationskissentasche Ihre Sachen organisiert und ordentlich und ordentlich h\u00e4lt. Die Aufbewahrungstasche kann ein sch\u00f6nes Geschenk f\u00fcr Freunde, Schwestern, Verwandte, M\u00e4dchen, Familien und T\u00f6chter sein.<br \/>\n<div class=\"main-cross-sell\" data-asin=\"B0CKQ5QWQL\">\n\n\t<div class=\"WooZone-cross-sell-loader\">\n\t\t<div>\n\t\t\t<div id=\"floatingBarsG\">\n\t\t\t\t<div class=\"blockG\" id=\"rotateG_01\"><\/div>\n\t\t\t\t<div class=\"blockG\" id=\"rotateG_02\"><\/div>\n\t\t\t\t<div class=\"blockG\" id=\"rotateG_03\"><\/div>\n\t\t\t\t<div class=\"blockG\" id=\"rotateG_04\"><\/div>\n\t\t\t\t<div class=\"blockG\" id=\"rotateG_05\"><\/div>\n\t\t\t\t<div class=\"blockG\" id=\"rotateG_06\"><\/div>\n\t\t\t\t<div class=\"blockG\" id=\"rotateG_07\"><\/div>\n\t\t\t\t<div class=\"blockG\" id=\"rotateG_08\"><\/div>\n\t\t\t<\/div>\n\t\t\t<div class=\"WooZone-cross-sell-loader-text\"><\/div>\n\t\t<\/div>\n\t<\/div>\n\n\t\t\n<\/div>\n<div style=\"clear:both;\"><\/div><\/p>\n","protected":false},"excerpt":{"rendered":"<p>\u3010Niedliches Design\u3011 Sie erhalten in jeder Packung 2 kleine Menstruationsbeutel mit h\u00fcbschen Mustern, darunter ein schwarz-wei\u00dfes Sternbild, entz\u00fcckende V\u00f6gel und Blumen, bunte K\u00e4tzchen sowie blaue und rosa T\u00fcrme, verschiedene Stile zur Auswahl. Bringen Sie gute Laune und andere Gef\u00fchle an einem besonderen Tag und sch\u00fctzen Sie Ihre Privatsph\u00e4re vollst\u00e4ndig.<br \/>\n\u3010G\u00e4nsebl\u00fcmchen Rei\u00dfverschluss\u3011 Die G\u00e4nsebl\u00fcmchen Rei\u00dfverschl\u00fcsse bestehen aus einer hochwertigen Legierung, sodass Sie die Pad Rei\u00dfverschlusstasche flie\u00dfend schlie\u00dfen oder \u00f6ffnen und Ihre geheimen Gegenst\u00e4nde sicher aufbewahren k\u00f6nnen. Der leichte Damenbindenbeutel erleichtert die Aufbewahrung von Tampons, Binden, Menstruationstassen und Slipeinlagen und sorgt daf\u00fcr, dass sie sauber und ordentlich bleiben.<br \/>\n\u3010Kompakte Gr\u00f6\u00dfe\u3011 Die Gr\u00f6\u00dfe der Menstruationsbinden Tasche betr\u00e4gt 12 x 12 x 1,5 cm\/4,72 x 4,72 x 0,59 Zoll, die richtige Gr\u00f6\u00dfe und leicht zu tragen, sie bietet Platz f\u00fcr etwa 6 St\u00fcck Tagesbinden. Der Clean Pad Beutel in geeigneter Reisegr\u00f6\u00dfe kann problemlos in Ihren Rucksack, Ihre Tasche, Ihre Aktentasche oder Ihre Handtasche gesteckt werden, um den t\u00e4glichen Bedarf zu decken.<\/p>\n","protected":false},"featured_media":219909,"comment_status":"open","ping_status":"closed","template":"","meta":[],"product_brand":[],"product_cat":[566,5680],"product_tag":[],"class_list":{"0":"post-219908","1":"product","2":"type-product","3":"status-publish","4":"has-post-thumbnail","6":"product_cat-drogerie-koerperpflege","7":"product_cat-intime-pflege-hygiene","8":"pa_brand-amabro","9":"pa_manufacturer-amabro","10":"pa_model-559048_kqdyium1g","11":"pa_size-1-stueck-2er-pack","13":"first","14":"instock","15":"shipping-taxable","16":"product-type-simple","17":"customify-col","18":"product-has-gallery"},"yoast_head":"<!-- This site is optimized with the Yoast SEO plugin v27.4 - https:\/\/yoast.com\/product\/yoast-seo-wordpress\/ -->\n<title>Amabro Damenbinden Aufbewahrungstasche, 2 St\u00fcck s\u00fc\u00dfe Damenbinden Aufbewahrungstasche Tampon Slipeinlagen Menstruationstasche G\u00e4nsebl\u00fcmchen Rei\u00dfverschluss Geldb\u00f6rse f\u00fcr Frauen Teenager - Markt-XXL<\/title>\n<meta name=\"description\" content=\"Markt-XXL Amabro Damenbinden Aufbewahrungstasche, 2 St\u00fcck s\u00fc\u00dfe Damenbinden Aufbewahrungstasche Tampon Slipeinlagen Menstruationstasche G\u00e4nsebl\u00fcmchen Rei\u00dfverschluss Geldb\u00f6rse f\u00fcr Frauen Teenager\" \/>\n<meta name=\"robots\" content=\"index, follow, max-snippet:-1, max-image-preview:large, max-video-preview:-1\" \/>\n<link rel=\"canonical\" href=\"https:\/\/marktxxl.de\/markt\/produkt\/amabro-damenbinden-aufbewahrungstasche-2-stueck-suesse-damenbinden-aufbewahrungstasche-tampon-slipeinlagen-menstruationstasche-gaensebluemchen-reissverschluss-geldboerse-fuer-frauen-teenager\/\" \/>\n<meta property=\"og:locale\" content=\"de_DE\" \/>\n<meta property=\"og:type\" content=\"article\" \/>\n<meta property=\"og:title\" content=\"Amabro Damenbinden Aufbewahrungstasche, 2 St\u00fcck s\u00fc\u00dfe Damenbinden Aufbewahrungstasche Tampon Slipeinlagen Menstruationstasche G\u00e4nsebl\u00fcmchen Rei\u00dfverschluss Geldb\u00f6rse f\u00fcr Frauen Teenager - Markt-XXL\" \/>\n<meta property=\"og:description\" content=\"Markt-XXL Amabro Damenbinden Aufbewahrungstasche, 2 St\u00fcck s\u00fc\u00dfe Damenbinden Aufbewahrungstasche Tampon Slipeinlagen Menstruationstasche G\u00e4nsebl\u00fcmchen Rei\u00dfverschluss Geldb\u00f6rse f\u00fcr Frauen Teenager\" \/>\n<meta property=\"og:url\" content=\"https:\/\/marktxxl.de\/markt\/produkt\/amabro-damenbinden-aufbewahrungstasche-2-stueck-suesse-damenbinden-aufbewahrungstasche-tampon-slipeinlagen-menstruationstasche-gaensebluemchen-reissverschluss-geldboerse-fuer-frauen-teenager\/\" \/>\n<meta property=\"og:site_name\" content=\"Markt-XXL\" \/>\n<meta name=\"twitter:card\" content=\"summary_large_image\" \/>\n<meta name=\"twitter:label1\" content=\"Gesch\u00e4tzte Lesezeit\" \/>\n\t<meta name=\"twitter:data1\" content=\"2\u00a0Minuten\" \/>\n<script type=\"application\/ld+json\" class=\"yoast-schema-graph\">{\"@context\":\"https:\\\/\\\/schema.org\",\"@graph\":[{\"@type\":\"WebPage\",\"@id\":\"https:\\\/\\\/marktxxl.de\\\/markt\\\/produkt\\\/amabro-damenbinden-aufbewahrungstasche-2-stueck-suesse-damenbinden-aufbewahrungstasche-tampon-slipeinlagen-menstruationstasche-gaensebluemchen-reissverschluss-geldboerse-fuer-frauen-teenager\\\/\",\"url\":\"https:\\\/\\\/marktxxl.de\\\/markt\\\/produkt\\\/amabro-damenbinden-aufbewahrungstasche-2-stueck-suesse-damenbinden-aufbewahrungstasche-tampon-slipeinlagen-menstruationstasche-gaensebluemchen-reissverschluss-geldboerse-fuer-frauen-teenager\\\/\",\"name\":\"Amabro Damenbinden Aufbewahrungstasche, 2 St\u00fcck s\u00fc\u00dfe Damenbinden Aufbewahrungstasche Tampon Slipeinlagen Menstruationstasche G\u00e4nsebl\u00fcmchen Rei\u00dfverschluss Geldb\u00f6rse f\u00fcr Frauen Teenager - Markt-XXL\",\"isPartOf\":{\"@id\":\"https:\\\/\\\/marktxxl.de\\\/markt\\\/#website\"},\"primaryImageOfPage\":{\"@id\":\"https:\\\/\\\/marktxxl.de\\\/markt\\\/produkt\\\/amabro-damenbinden-aufbewahrungstasche-2-stueck-suesse-damenbinden-aufbewahrungstasche-tampon-slipeinlagen-menstruationstasche-gaensebluemchen-reissverschluss-geldboerse-fuer-frauen-teenager\\\/#primaryimage\"},\"image\":{\"@id\":\"https:\\\/\\\/marktxxl.de\\\/markt\\\/produkt\\\/amabro-damenbinden-aufbewahrungstasche-2-stueck-suesse-damenbinden-aufbewahrungstasche-tampon-slipeinlagen-menstruationstasche-gaensebluemchen-reissverschluss-geldboerse-fuer-frauen-teenager\\\/#primaryimage\"},\"thumbnailUrl\":\"https:\\\/\\\/m.media-amazon.com\\\/images\\\/I\\\/51lIIl+3eyL._SL500_.jpg\",\"datePublished\":\"2024-07-28T10:20:16+00:00\",\"description\":\"Markt-XXL Amabro Damenbinden Aufbewahrungstasche, 2 St\u00fcck s\u00fc\u00dfe Damenbinden Aufbewahrungstasche Tampon Slipeinlagen Menstruationstasche G\u00e4nsebl\u00fcmchen Rei\u00dfverschluss Geldb\u00f6rse f\u00fcr Frauen Teenager\",\"breadcrumb\":{\"@id\":\"https:\\\/\\\/marktxxl.de\\\/markt\\\/produkt\\\/amabro-damenbinden-aufbewahrungstasche-2-stueck-suesse-damenbinden-aufbewahrungstasche-tampon-slipeinlagen-menstruationstasche-gaensebluemchen-reissverschluss-geldboerse-fuer-frauen-teenager\\\/#breadcrumb\"},\"inLanguage\":\"de\",\"potentialAction\":[{\"@type\":\"ReadAction\",\"target\":[\"https:\\\/\\\/marktxxl.de\\\/markt\\\/produkt\\\/amabro-damenbinden-aufbewahrungstasche-2-stueck-suesse-damenbinden-aufbewahrungstasche-tampon-slipeinlagen-menstruationstasche-gaensebluemchen-reissverschluss-geldboerse-fuer-frauen-teenager\\\/\"]}]},{\"@type\":\"ImageObject\",\"inLanguage\":\"de\",\"@id\":\"https:\\\/\\\/marktxxl.de\\\/markt\\\/produkt\\\/amabro-damenbinden-aufbewahrungstasche-2-stueck-suesse-damenbinden-aufbewahrungstasche-tampon-slipeinlagen-menstruationstasche-gaensebluemchen-reissverschluss-geldboerse-fuer-frauen-teenager\\\/#primaryimage\",\"url\":\"https:\\\/\\\/m.media-amazon.com\\\/images\\\/I\\\/51lIIl+3eyL._SL500_.jpg\",\"contentUrl\":\"https:\\\/\\\/m.media-amazon.com\\\/images\\\/I\\\/51lIIl+3eyL._SL500_.jpg\",\"width\":500,\"height\":500},{\"@type\":\"BreadcrumbList\",\"@id\":\"https:\\\/\\\/marktxxl.de\\\/markt\\\/produkt\\\/amabro-damenbinden-aufbewahrungstasche-2-stueck-suesse-damenbinden-aufbewahrungstasche-tampon-slipeinlagen-menstruationstasche-gaensebluemchen-reissverschluss-geldboerse-fuer-frauen-teenager\\\/#breadcrumb\",\"itemListElement\":[{\"@type\":\"ListItem\",\"position\":1,\"name\":\"Startseite\",\"item\":\"https:\\\/\\\/marktxxl.de\\\/markt\\\/\"},{\"@type\":\"ListItem\",\"position\":2,\"name\":\"Markt\",\"item\":\"https:\\\/\\\/marktxxl.de\\\/markt\\\/\"},{\"@type\":\"ListItem\",\"position\":3,\"name\":\"Amabro Damenbinden Aufbewahrungstasche, 2 St\u00fcck s\u00fc\u00dfe Damenbinden Aufbewahrungstasche Tampon Slipeinlagen Menstruationstasche G\u00e4nsebl\u00fcmchen Rei\u00dfverschluss Geldb\u00f6rse f\u00fcr Frauen Teenager\"}]},{\"@type\":\"WebSite\",\"@id\":\"https:\\\/\\\/marktxxl.de\\\/markt\\\/#website\",\"url\":\"https:\\\/\\\/marktxxl.de\\\/markt\\\/\",\"name\":\"Markt-XXL\",\"description\":\"Ihr Markt Online\",\"publisher\":{\"@id\":\"https:\\\/\\\/marktxxl.de\\\/markt\\\/#organization\"},\"potentialAction\":[{\"@type\":\"SearchAction\",\"target\":{\"@type\":\"EntryPoint\",\"urlTemplate\":\"https:\\\/\\\/marktxxl.de\\\/markt\\\/?s={search_term_string}\"},\"query-input\":{\"@type\":\"PropertyValueSpecification\",\"valueRequired\":true,\"valueName\":\"search_term_string\"}}],\"inLanguage\":\"de\"},{\"@type\":\"Organization\",\"@id\":\"https:\\\/\\\/marktxxl.de\\\/markt\\\/#organization\",\"name\":\"Markt-XXL\",\"url\":\"https:\\\/\\\/marktxxl.de\\\/markt\\\/\",\"logo\":{\"@type\":\"ImageObject\",\"inLanguage\":\"de\",\"@id\":\"https:\\\/\\\/marktxxl.de\\\/markt\\\/#\\\/schema\\\/logo\\\/image\\\/\",\"url\":\"https:\\\/\\\/marktxxl.de\\\/markt\\\/wp-content\\\/uploads\\\/sites\\\/3\\\/2020\\\/12\\\/logo.png\",\"contentUrl\":\"https:\\\/\\\/marktxxl.de\\\/markt\\\/wp-content\\\/uploads\\\/sites\\\/3\\\/2020\\\/12\\\/logo.png\",\"width\":200,\"height\":70,\"caption\":\"Markt-XXL\"},\"image\":{\"@id\":\"https:\\\/\\\/marktxxl.de\\\/markt\\\/#\\\/schema\\\/logo\\\/image\\\/\"}}]}<\/script>\n<!-- \/ Yoast SEO plugin. -->","yoast_head_json":{"title":"Amabro Damenbinden Aufbewahrungstasche, 2 St\u00fcck s\u00fc\u00dfe Damenbinden Aufbewahrungstasche Tampon Slipeinlagen Menstruationstasche G\u00e4nsebl\u00fcmchen Rei\u00dfverschluss Geldb\u00f6rse f\u00fcr Frauen Teenager - Markt-XXL","description":"Markt-XXL Amabro Damenbinden Aufbewahrungstasche, 2 St\u00fcck s\u00fc\u00dfe Damenbinden Aufbewahrungstasche Tampon Slipeinlagen Menstruationstasche G\u00e4nsebl\u00fcmchen Rei\u00dfverschluss Geldb\u00f6rse f\u00fcr Frauen Teenager","robots":{"index":"index","follow":"follow","max-snippet":"max-snippet:-1","max-image-preview":"max-image-preview:large","max-video-preview":"max-video-preview:-1"},"canonical":"https:\/\/marktxxl.de\/markt\/produkt\/amabro-damenbinden-aufbewahrungstasche-2-stueck-suesse-damenbinden-aufbewahrungstasche-tampon-slipeinlagen-menstruationstasche-gaensebluemchen-reissverschluss-geldboerse-fuer-frauen-teenager\/","og_locale":"de_DE","og_type":"article","og_title":"Amabro Damenbinden Aufbewahrungstasche, 2 St\u00fcck s\u00fc\u00dfe Damenbinden Aufbewahrungstasche Tampon Slipeinlagen Menstruationstasche G\u00e4nsebl\u00fcmchen Rei\u00dfverschluss Geldb\u00f6rse f\u00fcr Frauen Teenager - Markt-XXL","og_description":"Markt-XXL Amabro Damenbinden Aufbewahrungstasche, 2 St\u00fcck s\u00fc\u00dfe Damenbinden Aufbewahrungstasche Tampon Slipeinlagen Menstruationstasche G\u00e4nsebl\u00fcmchen Rei\u00dfverschluss Geldb\u00f6rse f\u00fcr Frauen Teenager","og_url":"https:\/\/marktxxl.de\/markt\/produkt\/amabro-damenbinden-aufbewahrungstasche-2-stueck-suesse-damenbinden-aufbewahrungstasche-tampon-slipeinlagen-menstruationstasche-gaensebluemchen-reissverschluss-geldboerse-fuer-frauen-teenager\/","og_site_name":"Markt-XXL","twitter_card":"summary_large_image","twitter_misc":{"Gesch\u00e4tzte Lesezeit":"2\u00a0Minuten"},"schema":{"@context":"https:\/\/schema.org","@graph":[{"@type":"WebPage","@id":"https:\/\/marktxxl.de\/markt\/produkt\/amabro-damenbinden-aufbewahrungstasche-2-stueck-suesse-damenbinden-aufbewahrungstasche-tampon-slipeinlagen-menstruationstasche-gaensebluemchen-reissverschluss-geldboerse-fuer-frauen-teenager\/","url":"https:\/\/marktxxl.de\/markt\/produkt\/amabro-damenbinden-aufbewahrungstasche-2-stueck-suesse-damenbinden-aufbewahrungstasche-tampon-slipeinlagen-menstruationstasche-gaensebluemchen-reissverschluss-geldboerse-fuer-frauen-teenager\/","name":"Amabro Damenbinden Aufbewahrungstasche, 2 St\u00fcck s\u00fc\u00dfe Damenbinden Aufbewahrungstasche Tampon Slipeinlagen Menstruationstasche G\u00e4nsebl\u00fcmchen Rei\u00dfverschluss Geldb\u00f6rse f\u00fcr Frauen Teenager - Markt-XXL","isPartOf":{"@id":"https:\/\/marktxxl.de\/markt\/#website"},"primaryImageOfPage":{"@id":"https:\/\/marktxxl.de\/markt\/produkt\/amabro-damenbinden-aufbewahrungstasche-2-stueck-suesse-damenbinden-aufbewahrungstasche-tampon-slipeinlagen-menstruationstasche-gaensebluemchen-reissverschluss-geldboerse-fuer-frauen-teenager\/#primaryimage"},"image":{"@id":"https:\/\/marktxxl.de\/markt\/produkt\/amabro-damenbinden-aufbewahrungstasche-2-stueck-suesse-damenbinden-aufbewahrungstasche-tampon-slipeinlagen-menstruationstasche-gaensebluemchen-reissverschluss-geldboerse-fuer-frauen-teenager\/#primaryimage"},"thumbnailUrl":"https:\/\/m.media-amazon.com\/images\/I\/51lIIl+3eyL._SL500_.jpg","datePublished":"2024-07-28T10:20:16+00:00","description":"Markt-XXL Amabro Damenbinden Aufbewahrungstasche, 2 St\u00fcck s\u00fc\u00dfe Damenbinden Aufbewahrungstasche Tampon Slipeinlagen Menstruationstasche G\u00e4nsebl\u00fcmchen Rei\u00dfverschluss Geldb\u00f6rse f\u00fcr Frauen Teenager","breadcrumb":{"@id":"https:\/\/marktxxl.de\/markt\/produkt\/amabro-damenbinden-aufbewahrungstasche-2-stueck-suesse-damenbinden-aufbewahrungstasche-tampon-slipeinlagen-menstruationstasche-gaensebluemchen-reissverschluss-geldboerse-fuer-frauen-teenager\/#breadcrumb"},"inLanguage":"de","potentialAction":[{"@type":"ReadAction","target":["https:\/\/marktxxl.de\/markt\/produkt\/amabro-damenbinden-aufbewahrungstasche-2-stueck-suesse-damenbinden-aufbewahrungstasche-tampon-slipeinlagen-menstruationstasche-gaensebluemchen-reissverschluss-geldboerse-fuer-frauen-teenager\/"]}]},{"@type":"ImageObject","inLanguage":"de","@id":"https:\/\/marktxxl.de\/markt\/produkt\/amabro-damenbinden-aufbewahrungstasche-2-stueck-suesse-damenbinden-aufbewahrungstasche-tampon-slipeinlagen-menstruationstasche-gaensebluemchen-reissverschluss-geldboerse-fuer-frauen-teenager\/#primaryimage","url":"https:\/\/m.media-amazon.com\/images\/I\/51lIIl+3eyL._SL500_.jpg","contentUrl":"https:\/\/m.media-amazon.com\/images\/I\/51lIIl+3eyL._SL500_.jpg","width":500,"height":500},{"@type":"BreadcrumbList","@id":"https:\/\/marktxxl.de\/markt\/produkt\/amabro-damenbinden-aufbewahrungstasche-2-stueck-suesse-damenbinden-aufbewahrungstasche-tampon-slipeinlagen-menstruationstasche-gaensebluemchen-reissverschluss-geldboerse-fuer-frauen-teenager\/#breadcrumb","itemListElement":[{"@type":"ListItem","position":1,"name":"Startseite","item":"https:\/\/marktxxl.de\/markt\/"},{"@type":"ListItem","position":2,"name":"Markt","item":"https:\/\/marktxxl.de\/markt\/"},{"@type":"ListItem","position":3,"name":"Amabro Damenbinden Aufbewahrungstasche, 2 St\u00fcck s\u00fc\u00dfe Damenbinden Aufbewahrungstasche Tampon Slipeinlagen Menstruationstasche G\u00e4nsebl\u00fcmchen Rei\u00dfverschluss Geldb\u00f6rse f\u00fcr Frauen Teenager"}]},{"@type":"WebSite","@id":"https:\/\/marktxxl.de\/markt\/#website","url":"https:\/\/marktxxl.de\/markt\/","name":"Markt-XXL","description":"Ihr Markt Online","publisher":{"@id":"https:\/\/marktxxl.de\/markt\/#organization"},"potentialAction":[{"@type":"SearchAction","target":{"@type":"EntryPoint","urlTemplate":"https:\/\/marktxxl.de\/markt\/?s={search_term_string}"},"query-input":{"@type":"PropertyValueSpecification","valueRequired":true,"valueName":"search_term_string"}}],"inLanguage":"de"},{"@type":"Organization","@id":"https:\/\/marktxxl.de\/markt\/#organization","name":"Markt-XXL","url":"https:\/\/marktxxl.de\/markt\/","logo":{"@type":"ImageObject","inLanguage":"de","@id":"https:\/\/marktxxl.de\/markt\/#\/schema\/logo\/image\/","url":"https:\/\/marktxxl.de\/markt\/wp-content\/uploads\/sites\/3\/2020\/12\/logo.png","contentUrl":"https:\/\/marktxxl.de\/markt\/wp-content\/uploads\/sites\/3\/2020\/12\/logo.png","width":200,"height":70,"caption":"Markt-XXL"},"image":{"@id":"https:\/\/marktxxl.de\/markt\/#\/schema\/logo\/image\/"}}]}},"_links":{"self":[{"href":"https:\/\/marktxxl.de\/markt\/wp-json\/wp\/v2\/product\/219908","targetHints":{"allow":["GET"]}}],"collection":[{"href":"https:\/\/marktxxl.de\/markt\/wp-json\/wp\/v2\/product"}],"about":[{"href":"https:\/\/marktxxl.de\/markt\/wp-json\/wp\/v2\/types\/product"}],"replies":[{"embeddable":true,"href":"https:\/\/marktxxl.de\/markt\/wp-json\/wp\/v2\/comments?post=219908"}],"wp:featuredmedia":[{"embeddable":true,"href":"https:\/\/marktxxl.de\/markt\/wp-json\/wp\/v2\/media\/219909"}],"wp:attachment":[{"href":"https:\/\/marktxxl.de\/markt\/wp-json\/wp\/v2\/media?parent=219908"}],"wp:term":[{"taxonomy":"product_brand","embeddable":true,"href":"https:\/\/marktxxl.de\/markt\/wp-json\/wp\/v2\/product_brand?post=219908"},{"taxonomy":"product_cat","embeddable":true,"href":"https:\/\/marktxxl.de\/markt\/wp-json\/wp\/v2\/product_cat?post=219908"},{"taxonomy":"product_tag","embeddable":true,"href":"https:\/\/marktxxl.de\/markt\/wp-json\/wp\/v2\/product_tag?post=219908"}],"curies":[{"name":"wp","href":"https:\/\/api.w.org\/{rel}","templated":true}]}}