{"id":219824,"date":"2024-07-28T12:18:04","date_gmt":"2024-07-28T10:18:04","guid":{"rendered":"https:\/\/marktxxl.de\/markt\/produkt\/lamy-kugelschreiber-logo-modell-206-brushed-strichmattiert-inkl-laser-gravur\/"},"modified":"2024-07-28T12:18:04","modified_gmt":"2024-07-28T10:18:04","slug":"lamy-kugelschreiber-logo-modell-206-brushed-strichmattiert-inkl-laser-gravur","status":"publish","type":"product","link":"https:\/\/marktxxl.de\/markt\/produkt\/lamy-kugelschreiber-logo-modell-206-brushed-strichmattiert-inkl-laser-gravur\/","title":{"rendered":"Lamy Kugelschreiber Logo Modell 206 brushed (strichmattiert) inkl. Laser-Gravur"},"content":{"rendered":"<p>Wichtig: mit Laser-Gravur von all4myoffice &#8211; zur Gravureingabe &#8220;jetzt anpassen&#8221; dr\u00fccken<br \/>\nInhalt: 1 Kugelschreiber mit Gro\u00dfraummine M16 in schwarz<br \/>\nMaterial: Edelstahl<br \/>\nVerpackung: Lieferung inklusive Lamy Geschenkverpackung<br \/>\nGravur-Ausrichtung: f\u00fcr Rechtsh\u00e4nder (standardm\u00e4\u00dfig) &#8211; f\u00fcr Linksh\u00e4nder bitte entsprechenden bei den Gravur-Details ausw\u00e4hlen<br \/>\n<div class=\"main-cross-sell\" data-asin=\"B00CTUI4Q6\">\n\n\t<div class=\"WooZone-cross-sell-loader\">\n\t\t<div>\n\t\t\t<div id=\"floatingBarsG\">\n\t\t\t\t<div class=\"blockG\" id=\"rotateG_01\"><\/div>\n\t\t\t\t<div class=\"blockG\" id=\"rotateG_02\"><\/div>\n\t\t\t\t<div class=\"blockG\" id=\"rotateG_03\"><\/div>\n\t\t\t\t<div class=\"blockG\" id=\"rotateG_04\"><\/div>\n\t\t\t\t<div class=\"blockG\" id=\"rotateG_05\"><\/div>\n\t\t\t\t<div class=\"blockG\" id=\"rotateG_06\"><\/div>\n\t\t\t\t<div class=\"blockG\" id=\"rotateG_07\"><\/div>\n\t\t\t\t<div class=\"blockG\" id=\"rotateG_08\"><\/div>\n\t\t\t<\/div>\n\t\t\t<div class=\"WooZone-cross-sell-loader-text\"><\/div>\n\t\t<\/div>\n\t<\/div>\n\n\t\t\n<\/div>\n<div style=\"clear:both;\"><\/div><\/p>\n","protected":false},"excerpt":{"rendered":"<p>Wichtig: mit Laser-Gravur von all4myoffice &#8211; zur Gravureingabe &#8220;jetzt anpassen&#8221; dr\u00fccken<br \/>\nInhalt: 1 Kugelschreiber mit Gro\u00dfraummine M16 in schwarz<br \/>\nMaterial: Edelstahl<\/p>\n","protected":false},"featured_media":219825,"comment_status":"open","ping_status":"closed","template":"","meta":[],"product_brand":[],"product_cat":[504,8597],"product_tag":[],"class_list":{"0":"post-219824","1":"product","2":"type-product","3":"status-publish","4":"has-post-thumbnail","6":"product_cat-buerobedarf-schreibwaren","7":"product_cat-schreibwaren","8":"pa_binding-buerobedarf-schreibwaren","9":"pa_brand-lamy","10":"pa_color-metall","11":"pa_manufacturer-lamy","12":"pa_model-55220","13":"pa_size-1-stueck-1er-pack","15":"first","16":"instock","17":"shipping-taxable","18":"purchasable","19":"product-type-simple","20":"customify-col","21":"product-has-gallery"},"yoast_head":"<!-- This site is optimized with the Yoast SEO plugin v27.3 - https:\/\/yoast.com\/product\/yoast-seo-wordpress\/ -->\n<title>Lamy Kugelschreiber Logo Modell 206 brushed (strichmattiert) inkl. Laser-Gravur - Markt-XXL<\/title>\n<meta name=\"description\" content=\"Markt-XXL Lamy Kugelschreiber Logo Modell 206 brushed (strichmattiert) inkl. Laser-Gravur\" \/>\n<meta name=\"robots\" content=\"index, follow, max-snippet:-1, max-image-preview:large, max-video-preview:-1\" \/>\n<link rel=\"canonical\" href=\"https:\/\/marktxxl.de\/markt\/produkt\/lamy-kugelschreiber-logo-modell-206-brushed-strichmattiert-inkl-laser-gravur\/\" \/>\n<meta property=\"og:locale\" content=\"de_DE\" \/>\n<meta property=\"og:type\" content=\"article\" \/>\n<meta property=\"og:title\" content=\"Lamy Kugelschreiber Logo Modell 206 brushed (strichmattiert) inkl. Laser-Gravur - Markt-XXL\" \/>\n<meta property=\"og:description\" content=\"Markt-XXL Lamy Kugelschreiber Logo Modell 206 brushed (strichmattiert) inkl. Laser-Gravur\" \/>\n<meta property=\"og:url\" content=\"https:\/\/marktxxl.de\/markt\/produkt\/lamy-kugelschreiber-logo-modell-206-brushed-strichmattiert-inkl-laser-gravur\/\" \/>\n<meta property=\"og:site_name\" content=\"Markt-XXL\" \/>\n<meta name=\"twitter:card\" content=\"summary_large_image\" \/>\n<script type=\"application\/ld+json\" class=\"yoast-schema-graph\">{\"@context\":\"https:\\\/\\\/schema.org\",\"@graph\":[{\"@type\":\"WebPage\",\"@id\":\"https:\\\/\\\/marktxxl.de\\\/markt\\\/produkt\\\/lamy-kugelschreiber-logo-modell-206-brushed-strichmattiert-inkl-laser-gravur\\\/\",\"url\":\"https:\\\/\\\/marktxxl.de\\\/markt\\\/produkt\\\/lamy-kugelschreiber-logo-modell-206-brushed-strichmattiert-inkl-laser-gravur\\\/\",\"name\":\"Lamy Kugelschreiber Logo Modell 206 brushed (strichmattiert) inkl. Laser-Gravur - Markt-XXL\",\"isPartOf\":{\"@id\":\"https:\\\/\\\/marktxxl.de\\\/markt\\\/#website\"},\"primaryImageOfPage\":{\"@id\":\"https:\\\/\\\/marktxxl.de\\\/markt\\\/produkt\\\/lamy-kugelschreiber-logo-modell-206-brushed-strichmattiert-inkl-laser-gravur\\\/#primaryimage\"},\"image\":{\"@id\":\"https:\\\/\\\/marktxxl.de\\\/markt\\\/produkt\\\/lamy-kugelschreiber-logo-modell-206-brushed-strichmattiert-inkl-laser-gravur\\\/#primaryimage\"},\"thumbnailUrl\":\"https:\\\/\\\/m.media-amazon.com\\\/images\\\/I\\\/41bS1jZgA7L._SL500_.jpg\",\"datePublished\":\"2024-07-28T10:18:04+00:00\",\"description\":\"Markt-XXL Lamy Kugelschreiber Logo Modell 206 brushed (strichmattiert) inkl. Laser-Gravur\",\"breadcrumb\":{\"@id\":\"https:\\\/\\\/marktxxl.de\\\/markt\\\/produkt\\\/lamy-kugelschreiber-logo-modell-206-brushed-strichmattiert-inkl-laser-gravur\\\/#breadcrumb\"},\"inLanguage\":\"de\",\"potentialAction\":[{\"@type\":\"ReadAction\",\"target\":[\"https:\\\/\\\/marktxxl.de\\\/markt\\\/produkt\\\/lamy-kugelschreiber-logo-modell-206-brushed-strichmattiert-inkl-laser-gravur\\\/\"]}]},{\"@type\":\"ImageObject\",\"inLanguage\":\"de\",\"@id\":\"https:\\\/\\\/marktxxl.de\\\/markt\\\/produkt\\\/lamy-kugelschreiber-logo-modell-206-brushed-strichmattiert-inkl-laser-gravur\\\/#primaryimage\",\"url\":\"https:\\\/\\\/m.media-amazon.com\\\/images\\\/I\\\/41bS1jZgA7L._SL500_.jpg\",\"contentUrl\":\"https:\\\/\\\/m.media-amazon.com\\\/images\\\/I\\\/41bS1jZgA7L._SL500_.jpg\",\"width\":500,\"height\":458},{\"@type\":\"BreadcrumbList\",\"@id\":\"https:\\\/\\\/marktxxl.de\\\/markt\\\/produkt\\\/lamy-kugelschreiber-logo-modell-206-brushed-strichmattiert-inkl-laser-gravur\\\/#breadcrumb\",\"itemListElement\":[{\"@type\":\"ListItem\",\"position\":1,\"name\":\"Startseite\",\"item\":\"https:\\\/\\\/marktxxl.de\\\/markt\\\/\"},{\"@type\":\"ListItem\",\"position\":2,\"name\":\"Markt\",\"item\":\"https:\\\/\\\/marktxxl.de\\\/markt\\\/\"},{\"@type\":\"ListItem\",\"position\":3,\"name\":\"Lamy Kugelschreiber Logo Modell 206 brushed (strichmattiert) inkl. Laser-Gravur\"}]},{\"@type\":\"WebSite\",\"@id\":\"https:\\\/\\\/marktxxl.de\\\/markt\\\/#website\",\"url\":\"https:\\\/\\\/marktxxl.de\\\/markt\\\/\",\"name\":\"Markt-XXL\",\"description\":\"Ihr Markt Online\",\"publisher\":{\"@id\":\"https:\\\/\\\/marktxxl.de\\\/markt\\\/#organization\"},\"potentialAction\":[{\"@type\":\"SearchAction\",\"target\":{\"@type\":\"EntryPoint\",\"urlTemplate\":\"https:\\\/\\\/marktxxl.de\\\/markt\\\/?s={search_term_string}\"},\"query-input\":{\"@type\":\"PropertyValueSpecification\",\"valueRequired\":true,\"valueName\":\"search_term_string\"}}],\"inLanguage\":\"de\"},{\"@type\":\"Organization\",\"@id\":\"https:\\\/\\\/marktxxl.de\\\/markt\\\/#organization\",\"name\":\"Markt-XXL\",\"url\":\"https:\\\/\\\/marktxxl.de\\\/markt\\\/\",\"logo\":{\"@type\":\"ImageObject\",\"inLanguage\":\"de\",\"@id\":\"https:\\\/\\\/marktxxl.de\\\/markt\\\/#\\\/schema\\\/logo\\\/image\\\/\",\"url\":\"https:\\\/\\\/marktxxl.de\\\/markt\\\/wp-content\\\/uploads\\\/sites\\\/3\\\/2020\\\/12\\\/logo.png\",\"contentUrl\":\"https:\\\/\\\/marktxxl.de\\\/markt\\\/wp-content\\\/uploads\\\/sites\\\/3\\\/2020\\\/12\\\/logo.png\",\"width\":200,\"height\":70,\"caption\":\"Markt-XXL\"},\"image\":{\"@id\":\"https:\\\/\\\/marktxxl.de\\\/markt\\\/#\\\/schema\\\/logo\\\/image\\\/\"}}]}<\/script>\n<!-- \/ Yoast SEO plugin. -->","yoast_head_json":{"title":"Lamy Kugelschreiber Logo Modell 206 brushed (strichmattiert) inkl. Laser-Gravur - Markt-XXL","description":"Markt-XXL Lamy Kugelschreiber Logo Modell 206 brushed (strichmattiert) inkl. Laser-Gravur","robots":{"index":"index","follow":"follow","max-snippet":"max-snippet:-1","max-image-preview":"max-image-preview:large","max-video-preview":"max-video-preview:-1"},"canonical":"https:\/\/marktxxl.de\/markt\/produkt\/lamy-kugelschreiber-logo-modell-206-brushed-strichmattiert-inkl-laser-gravur\/","og_locale":"de_DE","og_type":"article","og_title":"Lamy Kugelschreiber Logo Modell 206 brushed (strichmattiert) inkl. Laser-Gravur - Markt-XXL","og_description":"Markt-XXL Lamy Kugelschreiber Logo Modell 206 brushed (strichmattiert) inkl. Laser-Gravur","og_url":"https:\/\/marktxxl.de\/markt\/produkt\/lamy-kugelschreiber-logo-modell-206-brushed-strichmattiert-inkl-laser-gravur\/","og_site_name":"Markt-XXL","twitter_card":"summary_large_image","schema":{"@context":"https:\/\/schema.org","@graph":[{"@type":"WebPage","@id":"https:\/\/marktxxl.de\/markt\/produkt\/lamy-kugelschreiber-logo-modell-206-brushed-strichmattiert-inkl-laser-gravur\/","url":"https:\/\/marktxxl.de\/markt\/produkt\/lamy-kugelschreiber-logo-modell-206-brushed-strichmattiert-inkl-laser-gravur\/","name":"Lamy Kugelschreiber Logo Modell 206 brushed (strichmattiert) inkl. Laser-Gravur - Markt-XXL","isPartOf":{"@id":"https:\/\/marktxxl.de\/markt\/#website"},"primaryImageOfPage":{"@id":"https:\/\/marktxxl.de\/markt\/produkt\/lamy-kugelschreiber-logo-modell-206-brushed-strichmattiert-inkl-laser-gravur\/#primaryimage"},"image":{"@id":"https:\/\/marktxxl.de\/markt\/produkt\/lamy-kugelschreiber-logo-modell-206-brushed-strichmattiert-inkl-laser-gravur\/#primaryimage"},"thumbnailUrl":"https:\/\/m.media-amazon.com\/images\/I\/41bS1jZgA7L._SL500_.jpg","datePublished":"2024-07-28T10:18:04+00:00","description":"Markt-XXL Lamy Kugelschreiber Logo Modell 206 brushed (strichmattiert) inkl. Laser-Gravur","breadcrumb":{"@id":"https:\/\/marktxxl.de\/markt\/produkt\/lamy-kugelschreiber-logo-modell-206-brushed-strichmattiert-inkl-laser-gravur\/#breadcrumb"},"inLanguage":"de","potentialAction":[{"@type":"ReadAction","target":["https:\/\/marktxxl.de\/markt\/produkt\/lamy-kugelschreiber-logo-modell-206-brushed-strichmattiert-inkl-laser-gravur\/"]}]},{"@type":"ImageObject","inLanguage":"de","@id":"https:\/\/marktxxl.de\/markt\/produkt\/lamy-kugelschreiber-logo-modell-206-brushed-strichmattiert-inkl-laser-gravur\/#primaryimage","url":"https:\/\/m.media-amazon.com\/images\/I\/41bS1jZgA7L._SL500_.jpg","contentUrl":"https:\/\/m.media-amazon.com\/images\/I\/41bS1jZgA7L._SL500_.jpg","width":500,"height":458},{"@type":"BreadcrumbList","@id":"https:\/\/marktxxl.de\/markt\/produkt\/lamy-kugelschreiber-logo-modell-206-brushed-strichmattiert-inkl-laser-gravur\/#breadcrumb","itemListElement":[{"@type":"ListItem","position":1,"name":"Startseite","item":"https:\/\/marktxxl.de\/markt\/"},{"@type":"ListItem","position":2,"name":"Markt","item":"https:\/\/marktxxl.de\/markt\/"},{"@type":"ListItem","position":3,"name":"Lamy Kugelschreiber Logo Modell 206 brushed (strichmattiert) inkl. Laser-Gravur"}]},{"@type":"WebSite","@id":"https:\/\/marktxxl.de\/markt\/#website","url":"https:\/\/marktxxl.de\/markt\/","name":"Markt-XXL","description":"Ihr Markt Online","publisher":{"@id":"https:\/\/marktxxl.de\/markt\/#organization"},"potentialAction":[{"@type":"SearchAction","target":{"@type":"EntryPoint","urlTemplate":"https:\/\/marktxxl.de\/markt\/?s={search_term_string}"},"query-input":{"@type":"PropertyValueSpecification","valueRequired":true,"valueName":"search_term_string"}}],"inLanguage":"de"},{"@type":"Organization","@id":"https:\/\/marktxxl.de\/markt\/#organization","name":"Markt-XXL","url":"https:\/\/marktxxl.de\/markt\/","logo":{"@type":"ImageObject","inLanguage":"de","@id":"https:\/\/marktxxl.de\/markt\/#\/schema\/logo\/image\/","url":"https:\/\/marktxxl.de\/markt\/wp-content\/uploads\/sites\/3\/2020\/12\/logo.png","contentUrl":"https:\/\/marktxxl.de\/markt\/wp-content\/uploads\/sites\/3\/2020\/12\/logo.png","width":200,"height":70,"caption":"Markt-XXL"},"image":{"@id":"https:\/\/marktxxl.de\/markt\/#\/schema\/logo\/image\/"}}]}},"_links":{"self":[{"href":"https:\/\/marktxxl.de\/markt\/wp-json\/wp\/v2\/product\/219824","targetHints":{"allow":["GET"]}}],"collection":[{"href":"https:\/\/marktxxl.de\/markt\/wp-json\/wp\/v2\/product"}],"about":[{"href":"https:\/\/marktxxl.de\/markt\/wp-json\/wp\/v2\/types\/product"}],"replies":[{"embeddable":true,"href":"https:\/\/marktxxl.de\/markt\/wp-json\/wp\/v2\/comments?post=219824"}],"wp:featuredmedia":[{"embeddable":true,"href":"https:\/\/marktxxl.de\/markt\/wp-json\/wp\/v2\/media\/219825"}],"wp:attachment":[{"href":"https:\/\/marktxxl.de\/markt\/wp-json\/wp\/v2\/media?parent=219824"}],"wp:term":[{"taxonomy":"product_brand","embeddable":true,"href":"https:\/\/marktxxl.de\/markt\/wp-json\/wp\/v2\/product_brand?post=219824"},{"taxonomy":"product_cat","embeddable":true,"href":"https:\/\/marktxxl.de\/markt\/wp-json\/wp\/v2\/product_cat?post=219824"},{"taxonomy":"product_tag","embeddable":true,"href":"https:\/\/marktxxl.de\/markt\/wp-json\/wp\/v2\/product_tag?post=219824"}],"curies":[{"name":"wp","href":"https:\/\/api.w.org\/{rel}","templated":true}]}}