{"id":219695,"date":"2024-07-28T12:10:31","date_gmt":"2024-07-28T10:10:31","guid":{"rendered":"https:\/\/marktxxl.de\/markt\/produkt\/gluecksgut-6x-textmarker-pastell-geschenkbox-anleitung-scherz-medikament-anti-stress-buero-schule-studium-uni-abschiedsgeschenk-fuer-kollegen-chef-lehrer-lustige-highlighter\/"},"modified":"2024-07-28T12:10:31","modified_gmt":"2024-07-28T10:10:31","slug":"gluecksgut-6x-textmarker-pastell-geschenkbox-anleitung-scherz-medikament-anti-stress-buero-schule-studium-uni-abschiedsgeschenk-fuer-kollegen-chef-lehrer-lustige-highlighter","status":"publish","type":"product","link":"https:\/\/marktxxl.de\/markt\/produkt\/gluecksgut-6x-textmarker-pastell-geschenkbox-anleitung-scherz-medikament-anti-stress-buero-schule-studium-uni-abschiedsgeschenk-fuer-kollegen-chef-lehrer-lustige-highlighter\/","title":{"rendered":"GL\u00dcCKSGUT\u00ae 6x Textmarker Pastell | Geschenkbox &amp; Anleitung | Scherz-Medikament | Anti Stress | B\u00fcro Schule Studium Uni | Abschiedsgeschenk f\u00fcr Kollegen Chef Lehrer | Lustige Highlighter"},"content":{"rendered":"<p>\ud83c\udf40 ALLTAG GRAU? MAL IHN BUNT: Mit den farbenfrohen Anti Stress Textmarkern in entspannenden Pastell-Farbt\u00f6nen wirst Du von 6 gechillten Tieren &amp; Spr\u00fcchen ans Cool bleiben und ein gutes Mindset erinnert \u2013 Du schaffst das!<br \/>\n\ud83d\ude09 *SCHERZ-MEDIKAMENT*: Unsere Highlighter sind ein lustiger B\u00fcroartikel verpackt als &#8220;Scherz-Medikament&#8221; mit Packungsbeilage und lustigen Dosierungs- und Anwendungsempfehlungen &#8211; f\u00fcr mehr Spa\u00df UND Motivation in Schule, Studium und B\u00fcro<br \/>\n\u270d\ufe0fBESTE QUALIT\u00c4T: Durch ihren ergonomischen Gummigriff liegen die Stifte angenehm in der Hand. Satte Farben auf Wasserbasis und ein hoher Tintenf\u00fcllstand sorgen f\u00fcr eine lange Nutzbarkeit.<br \/>\n\ud83d\udca1 ANTI STRESS TIPPS &amp; ANLEITUNG: Jeder witzige Spruch auf den Textmarkern hat einen psychologisch sinnvollen Hintergrund und wird von einer Anti-Stress-Expertin in der Packungsbeilage vertieft &#8211; ein sinnvolles B\u00fcro Gadget mit Gesundheitswirkung<br \/>\n\ud83c\udf81 GESCHENKIDEE: Die Pastell-Textmarker kommen in einer bunten Geschenkbox als lustiges Relax Antistress Geschenk, z.B. als B\u00fcro Geschenk, Abschied Geschenk, Geschenk Kollegin, Chef, Geburtstag, Lehrer Geschenk, Schulwechsel, Wichtelgeschenk, Arbeit<br \/>\n<div class=\"main-cross-sell\" data-asin=\"B0C4N3W685\">\n\n\t<div class=\"WooZone-cross-sell-loader\">\n\t\t<div>\n\t\t\t<div id=\"floatingBarsG\">\n\t\t\t\t<div class=\"blockG\" id=\"rotateG_01\"><\/div>\n\t\t\t\t<div class=\"blockG\" id=\"rotateG_02\"><\/div>\n\t\t\t\t<div class=\"blockG\" id=\"rotateG_03\"><\/div>\n\t\t\t\t<div class=\"blockG\" id=\"rotateG_04\"><\/div>\n\t\t\t\t<div class=\"blockG\" id=\"rotateG_05\"><\/div>\n\t\t\t\t<div class=\"blockG\" id=\"rotateG_06\"><\/div>\n\t\t\t\t<div class=\"blockG\" id=\"rotateG_07\"><\/div>\n\t\t\t\t<div class=\"blockG\" id=\"rotateG_08\"><\/div>\n\t\t\t<\/div>\n\t\t\t<div class=\"WooZone-cross-sell-loader-text\"><\/div>\n\t\t<\/div>\n\t<\/div>\n\n\t\t\n<\/div>\n<div style=\"clear:both;\"><\/div><\/p>\n","protected":false},"excerpt":{"rendered":"<p>\ud83c\udf40 ALLTAG GRAU? MAL IHN BUNT: Mit den farbenfrohen Anti Stress Textmarkern in entspannenden Pastell-Farbt\u00f6nen wirst Du von 6 gechillten Tieren &amp; Spr\u00fcchen ans Cool bleiben und ein gutes Mindset erinnert \u2013 Du schaffst das!<br \/>\n\ud83d\ude09 *SCHERZ-MEDIKAMENT*: Unsere Highlighter sind ein lustiger B\u00fcroartikel verpackt als &#8220;Scherz-Medikament&#8221; mit Packungsbeilage und lustigen Dosierungs- und Anwendungsempfehlungen &#8211; f\u00fcr mehr Spa\u00df UND Motivation in Schule, Studium und B\u00fcro<br \/>\n\u270d\ufe0fBESTE QUALIT\u00c4T: Durch ihren ergonomischen Gummigriff liegen die Stifte angenehm in der Hand. Satte Farben auf Wasserbasis und ein hoher Tintenf\u00fcllstand sorgen f\u00fcr eine lange Nutzbarkeit.<\/p>\n","protected":false},"featured_media":219696,"comment_status":"open","ping_status":"closed","template":"","meta":[],"product_brand":[],"product_cat":[504,8597],"product_tag":[],"class_list":{"0":"post-219695","1":"product","2":"type-product","3":"status-publish","4":"has-post-thumbnail","6":"product_cat-buerobedarf-schreibwaren","7":"product_cat-schreibwaren","8":"pa_binding-buerobedarf-schreibwaren","9":"pa_brand-gluecksgut","10":"pa_height-0-5905511805-zoll","11":"pa_length-4-6062992079-zoll","12":"pa_manufacturer-gluecksgut","13":"pa_model-stcs-s149","14":"pa_size-6-stueck-1er-pack","15":"pa_warranty-2-jahre-herstellergarantie","16":"pa_weight-0-3086471668-pfund","17":"pa_width-0-9055118101-zoll","19":"first","20":"instock","21":"shipping-taxable","22":"purchasable","23":"product-type-simple","24":"customify-col","25":"product-has-gallery"},"yoast_head":"<!-- This site is optimized with the Yoast SEO plugin v27.3 - https:\/\/yoast.com\/product\/yoast-seo-wordpress\/ -->\n<title>GL\u00dcCKSGUT\u00ae 6x Textmarker Pastell | Geschenkbox &amp; Anleitung | Scherz-Medikament | Anti Stress | B\u00fcro Schule Studium Uni | Abschiedsgeschenk f\u00fcr Kollegen Chef Lehrer | Lustige Highlighter - Markt-XXL<\/title>\n<meta name=\"description\" content=\"Markt-XXL GL\u00dcCKSGUT\u00ae 6x Textmarker Pastell | Geschenkbox &amp; Anleitung | Scherz-Medikament | Anti Stress | B\u00fcro Schule Studium Uni | Abschiedsgeschenk f\u00fcr Kollegen Chef Lehrer | Lustige Highlighter\" \/>\n<meta name=\"robots\" content=\"index, follow, max-snippet:-1, max-image-preview:large, max-video-preview:-1\" \/>\n<link rel=\"canonical\" href=\"https:\/\/marktxxl.de\/markt\/produkt\/gluecksgut-6x-textmarker-pastell-geschenkbox-anleitung-scherz-medikament-anti-stress-buero-schule-studium-uni-abschiedsgeschenk-fuer-kollegen-chef-lehrer-lustige-highlighter\/\" \/>\n<meta property=\"og:locale\" content=\"de_DE\" \/>\n<meta property=\"og:type\" content=\"article\" \/>\n<meta property=\"og:title\" content=\"GL\u00dcCKSGUT\u00ae 6x Textmarker Pastell | Geschenkbox &amp; Anleitung | Scherz-Medikament | Anti Stress | B\u00fcro Schule Studium Uni | Abschiedsgeschenk f\u00fcr Kollegen Chef Lehrer | Lustige Highlighter - Markt-XXL\" \/>\n<meta property=\"og:description\" content=\"Markt-XXL GL\u00dcCKSGUT\u00ae 6x Textmarker Pastell | Geschenkbox &amp; Anleitung | Scherz-Medikament | Anti Stress | B\u00fcro Schule Studium Uni | Abschiedsgeschenk f\u00fcr Kollegen Chef Lehrer | Lustige Highlighter\" \/>\n<meta property=\"og:url\" content=\"https:\/\/marktxxl.de\/markt\/produkt\/gluecksgut-6x-textmarker-pastell-geschenkbox-anleitung-scherz-medikament-anti-stress-buero-schule-studium-uni-abschiedsgeschenk-fuer-kollegen-chef-lehrer-lustige-highlighter\/\" \/>\n<meta property=\"og:site_name\" content=\"Markt-XXL\" \/>\n<meta name=\"twitter:card\" content=\"summary_large_image\" \/>\n<meta name=\"twitter:label1\" content=\"Gesch\u00e4tzte Lesezeit\" \/>\n\t<meta name=\"twitter:data1\" content=\"1\u00a0Minute\" \/>\n<script type=\"application\/ld+json\" class=\"yoast-schema-graph\">{\"@context\":\"https:\\\/\\\/schema.org\",\"@graph\":[{\"@type\":\"WebPage\",\"@id\":\"https:\\\/\\\/marktxxl.de\\\/markt\\\/produkt\\\/gluecksgut-6x-textmarker-pastell-geschenkbox-anleitung-scherz-medikament-anti-stress-buero-schule-studium-uni-abschiedsgeschenk-fuer-kollegen-chef-lehrer-lustige-highlighter\\\/\",\"url\":\"https:\\\/\\\/marktxxl.de\\\/markt\\\/produkt\\\/gluecksgut-6x-textmarker-pastell-geschenkbox-anleitung-scherz-medikament-anti-stress-buero-schule-studium-uni-abschiedsgeschenk-fuer-kollegen-chef-lehrer-lustige-highlighter\\\/\",\"name\":\"GL\u00dcCKSGUT\u00ae 6x Textmarker Pastell | Geschenkbox &amp; Anleitung | Scherz-Medikament | Anti Stress | B\u00fcro Schule Studium Uni | Abschiedsgeschenk f\u00fcr Kollegen Chef Lehrer | Lustige Highlighter - Markt-XXL\",\"isPartOf\":{\"@id\":\"https:\\\/\\\/marktxxl.de\\\/markt\\\/#website\"},\"primaryImageOfPage\":{\"@id\":\"https:\\\/\\\/marktxxl.de\\\/markt\\\/produkt\\\/gluecksgut-6x-textmarker-pastell-geschenkbox-anleitung-scherz-medikament-anti-stress-buero-schule-studium-uni-abschiedsgeschenk-fuer-kollegen-chef-lehrer-lustige-highlighter\\\/#primaryimage\"},\"image\":{\"@id\":\"https:\\\/\\\/marktxxl.de\\\/markt\\\/produkt\\\/gluecksgut-6x-textmarker-pastell-geschenkbox-anleitung-scherz-medikament-anti-stress-buero-schule-studium-uni-abschiedsgeschenk-fuer-kollegen-chef-lehrer-lustige-highlighter\\\/#primaryimage\"},\"thumbnailUrl\":\"https:\\\/\\\/m.media-amazon.com\\\/images\\\/I\\\/51SZxWb55iL._SL500_.jpg\",\"datePublished\":\"2024-07-28T10:10:31+00:00\",\"description\":\"Markt-XXL GL\u00dcCKSGUT\u00ae 6x Textmarker Pastell | Geschenkbox &amp; Anleitung | Scherz-Medikament | Anti Stress | B\u00fcro Schule Studium Uni | Abschiedsgeschenk f\u00fcr Kollegen Chef Lehrer | Lustige Highlighter\",\"breadcrumb\":{\"@id\":\"https:\\\/\\\/marktxxl.de\\\/markt\\\/produkt\\\/gluecksgut-6x-textmarker-pastell-geschenkbox-anleitung-scherz-medikament-anti-stress-buero-schule-studium-uni-abschiedsgeschenk-fuer-kollegen-chef-lehrer-lustige-highlighter\\\/#breadcrumb\"},\"inLanguage\":\"de\",\"potentialAction\":[{\"@type\":\"ReadAction\",\"target\":[\"https:\\\/\\\/marktxxl.de\\\/markt\\\/produkt\\\/gluecksgut-6x-textmarker-pastell-geschenkbox-anleitung-scherz-medikament-anti-stress-buero-schule-studium-uni-abschiedsgeschenk-fuer-kollegen-chef-lehrer-lustige-highlighter\\\/\"]}]},{\"@type\":\"ImageObject\",\"inLanguage\":\"de\",\"@id\":\"https:\\\/\\\/marktxxl.de\\\/markt\\\/produkt\\\/gluecksgut-6x-textmarker-pastell-geschenkbox-anleitung-scherz-medikament-anti-stress-buero-schule-studium-uni-abschiedsgeschenk-fuer-kollegen-chef-lehrer-lustige-highlighter\\\/#primaryimage\",\"url\":\"https:\\\/\\\/m.media-amazon.com\\\/images\\\/I\\\/51SZxWb55iL._SL500_.jpg\",\"contentUrl\":\"https:\\\/\\\/m.media-amazon.com\\\/images\\\/I\\\/51SZxWb55iL._SL500_.jpg\",\"width\":500,\"height\":500},{\"@type\":\"BreadcrumbList\",\"@id\":\"https:\\\/\\\/marktxxl.de\\\/markt\\\/produkt\\\/gluecksgut-6x-textmarker-pastell-geschenkbox-anleitung-scherz-medikament-anti-stress-buero-schule-studium-uni-abschiedsgeschenk-fuer-kollegen-chef-lehrer-lustige-highlighter\\\/#breadcrumb\",\"itemListElement\":[{\"@type\":\"ListItem\",\"position\":1,\"name\":\"Startseite\",\"item\":\"https:\\\/\\\/marktxxl.de\\\/markt\\\/\"},{\"@type\":\"ListItem\",\"position\":2,\"name\":\"Markt\",\"item\":\"https:\\\/\\\/marktxxl.de\\\/markt\\\/\"},{\"@type\":\"ListItem\",\"position\":3,\"name\":\"GL\u00dcCKSGUT\u00ae 6x Textmarker Pastell | Geschenkbox &amp; Anleitung | Scherz-Medikament | Anti Stress | B\u00fcro Schule Studium Uni | Abschiedsgeschenk f\u00fcr Kollegen Chef Lehrer | Lustige Highlighter\"}]},{\"@type\":\"WebSite\",\"@id\":\"https:\\\/\\\/marktxxl.de\\\/markt\\\/#website\",\"url\":\"https:\\\/\\\/marktxxl.de\\\/markt\\\/\",\"name\":\"Markt-XXL\",\"description\":\"Ihr Markt Online\",\"publisher\":{\"@id\":\"https:\\\/\\\/marktxxl.de\\\/markt\\\/#organization\"},\"potentialAction\":[{\"@type\":\"SearchAction\",\"target\":{\"@type\":\"EntryPoint\",\"urlTemplate\":\"https:\\\/\\\/marktxxl.de\\\/markt\\\/?s={search_term_string}\"},\"query-input\":{\"@type\":\"PropertyValueSpecification\",\"valueRequired\":true,\"valueName\":\"search_term_string\"}}],\"inLanguage\":\"de\"},{\"@type\":\"Organization\",\"@id\":\"https:\\\/\\\/marktxxl.de\\\/markt\\\/#organization\",\"name\":\"Markt-XXL\",\"url\":\"https:\\\/\\\/marktxxl.de\\\/markt\\\/\",\"logo\":{\"@type\":\"ImageObject\",\"inLanguage\":\"de\",\"@id\":\"https:\\\/\\\/marktxxl.de\\\/markt\\\/#\\\/schema\\\/logo\\\/image\\\/\",\"url\":\"https:\\\/\\\/marktxxl.de\\\/markt\\\/wp-content\\\/uploads\\\/sites\\\/3\\\/2020\\\/12\\\/logo.png\",\"contentUrl\":\"https:\\\/\\\/marktxxl.de\\\/markt\\\/wp-content\\\/uploads\\\/sites\\\/3\\\/2020\\\/12\\\/logo.png\",\"width\":200,\"height\":70,\"caption\":\"Markt-XXL\"},\"image\":{\"@id\":\"https:\\\/\\\/marktxxl.de\\\/markt\\\/#\\\/schema\\\/logo\\\/image\\\/\"}}]}<\/script>\n<!-- \/ Yoast SEO plugin. -->","yoast_head_json":{"title":"GL\u00dcCKSGUT\u00ae 6x Textmarker Pastell | Geschenkbox &amp; Anleitung | Scherz-Medikament | Anti Stress | B\u00fcro Schule Studium Uni | Abschiedsgeschenk f\u00fcr Kollegen Chef Lehrer | Lustige Highlighter - Markt-XXL","description":"Markt-XXL GL\u00dcCKSGUT\u00ae 6x Textmarker Pastell | Geschenkbox &amp; Anleitung | Scherz-Medikament | Anti Stress | B\u00fcro Schule Studium Uni | Abschiedsgeschenk f\u00fcr Kollegen Chef Lehrer | Lustige Highlighter","robots":{"index":"index","follow":"follow","max-snippet":"max-snippet:-1","max-image-preview":"max-image-preview:large","max-video-preview":"max-video-preview:-1"},"canonical":"https:\/\/marktxxl.de\/markt\/produkt\/gluecksgut-6x-textmarker-pastell-geschenkbox-anleitung-scherz-medikament-anti-stress-buero-schule-studium-uni-abschiedsgeschenk-fuer-kollegen-chef-lehrer-lustige-highlighter\/","og_locale":"de_DE","og_type":"article","og_title":"GL\u00dcCKSGUT\u00ae 6x Textmarker Pastell | Geschenkbox &amp; Anleitung | Scherz-Medikament | Anti Stress | B\u00fcro Schule Studium Uni | Abschiedsgeschenk f\u00fcr Kollegen Chef Lehrer | Lustige Highlighter - Markt-XXL","og_description":"Markt-XXL GL\u00dcCKSGUT\u00ae 6x Textmarker Pastell | Geschenkbox &amp; Anleitung | Scherz-Medikament | Anti Stress | B\u00fcro Schule Studium Uni | Abschiedsgeschenk f\u00fcr Kollegen Chef Lehrer | Lustige Highlighter","og_url":"https:\/\/marktxxl.de\/markt\/produkt\/gluecksgut-6x-textmarker-pastell-geschenkbox-anleitung-scherz-medikament-anti-stress-buero-schule-studium-uni-abschiedsgeschenk-fuer-kollegen-chef-lehrer-lustige-highlighter\/","og_site_name":"Markt-XXL","twitter_card":"summary_large_image","twitter_misc":{"Gesch\u00e4tzte Lesezeit":"1\u00a0Minute"},"schema":{"@context":"https:\/\/schema.org","@graph":[{"@type":"WebPage","@id":"https:\/\/marktxxl.de\/markt\/produkt\/gluecksgut-6x-textmarker-pastell-geschenkbox-anleitung-scherz-medikament-anti-stress-buero-schule-studium-uni-abschiedsgeschenk-fuer-kollegen-chef-lehrer-lustige-highlighter\/","url":"https:\/\/marktxxl.de\/markt\/produkt\/gluecksgut-6x-textmarker-pastell-geschenkbox-anleitung-scherz-medikament-anti-stress-buero-schule-studium-uni-abschiedsgeschenk-fuer-kollegen-chef-lehrer-lustige-highlighter\/","name":"GL\u00dcCKSGUT\u00ae 6x Textmarker Pastell | Geschenkbox &amp; Anleitung | Scherz-Medikament | Anti Stress | B\u00fcro Schule Studium Uni | Abschiedsgeschenk f\u00fcr Kollegen Chef Lehrer | Lustige Highlighter - Markt-XXL","isPartOf":{"@id":"https:\/\/marktxxl.de\/markt\/#website"},"primaryImageOfPage":{"@id":"https:\/\/marktxxl.de\/markt\/produkt\/gluecksgut-6x-textmarker-pastell-geschenkbox-anleitung-scherz-medikament-anti-stress-buero-schule-studium-uni-abschiedsgeschenk-fuer-kollegen-chef-lehrer-lustige-highlighter\/#primaryimage"},"image":{"@id":"https:\/\/marktxxl.de\/markt\/produkt\/gluecksgut-6x-textmarker-pastell-geschenkbox-anleitung-scherz-medikament-anti-stress-buero-schule-studium-uni-abschiedsgeschenk-fuer-kollegen-chef-lehrer-lustige-highlighter\/#primaryimage"},"thumbnailUrl":"https:\/\/m.media-amazon.com\/images\/I\/51SZxWb55iL._SL500_.jpg","datePublished":"2024-07-28T10:10:31+00:00","description":"Markt-XXL GL\u00dcCKSGUT\u00ae 6x Textmarker Pastell | Geschenkbox &amp; Anleitung | Scherz-Medikament | Anti Stress | B\u00fcro Schule Studium Uni | Abschiedsgeschenk f\u00fcr Kollegen Chef Lehrer | Lustige Highlighter","breadcrumb":{"@id":"https:\/\/marktxxl.de\/markt\/produkt\/gluecksgut-6x-textmarker-pastell-geschenkbox-anleitung-scherz-medikament-anti-stress-buero-schule-studium-uni-abschiedsgeschenk-fuer-kollegen-chef-lehrer-lustige-highlighter\/#breadcrumb"},"inLanguage":"de","potentialAction":[{"@type":"ReadAction","target":["https:\/\/marktxxl.de\/markt\/produkt\/gluecksgut-6x-textmarker-pastell-geschenkbox-anleitung-scherz-medikament-anti-stress-buero-schule-studium-uni-abschiedsgeschenk-fuer-kollegen-chef-lehrer-lustige-highlighter\/"]}]},{"@type":"ImageObject","inLanguage":"de","@id":"https:\/\/marktxxl.de\/markt\/produkt\/gluecksgut-6x-textmarker-pastell-geschenkbox-anleitung-scherz-medikament-anti-stress-buero-schule-studium-uni-abschiedsgeschenk-fuer-kollegen-chef-lehrer-lustige-highlighter\/#primaryimage","url":"https:\/\/m.media-amazon.com\/images\/I\/51SZxWb55iL._SL500_.jpg","contentUrl":"https:\/\/m.media-amazon.com\/images\/I\/51SZxWb55iL._SL500_.jpg","width":500,"height":500},{"@type":"BreadcrumbList","@id":"https:\/\/marktxxl.de\/markt\/produkt\/gluecksgut-6x-textmarker-pastell-geschenkbox-anleitung-scherz-medikament-anti-stress-buero-schule-studium-uni-abschiedsgeschenk-fuer-kollegen-chef-lehrer-lustige-highlighter\/#breadcrumb","itemListElement":[{"@type":"ListItem","position":1,"name":"Startseite","item":"https:\/\/marktxxl.de\/markt\/"},{"@type":"ListItem","position":2,"name":"Markt","item":"https:\/\/marktxxl.de\/markt\/"},{"@type":"ListItem","position":3,"name":"GL\u00dcCKSGUT\u00ae 6x Textmarker Pastell | Geschenkbox &amp; Anleitung | Scherz-Medikament | Anti Stress | B\u00fcro Schule Studium Uni | Abschiedsgeschenk f\u00fcr Kollegen Chef Lehrer | Lustige Highlighter"}]},{"@type":"WebSite","@id":"https:\/\/marktxxl.de\/markt\/#website","url":"https:\/\/marktxxl.de\/markt\/","name":"Markt-XXL","description":"Ihr Markt Online","publisher":{"@id":"https:\/\/marktxxl.de\/markt\/#organization"},"potentialAction":[{"@type":"SearchAction","target":{"@type":"EntryPoint","urlTemplate":"https:\/\/marktxxl.de\/markt\/?s={search_term_string}"},"query-input":{"@type":"PropertyValueSpecification","valueRequired":true,"valueName":"search_term_string"}}],"inLanguage":"de"},{"@type":"Organization","@id":"https:\/\/marktxxl.de\/markt\/#organization","name":"Markt-XXL","url":"https:\/\/marktxxl.de\/markt\/","logo":{"@type":"ImageObject","inLanguage":"de","@id":"https:\/\/marktxxl.de\/markt\/#\/schema\/logo\/image\/","url":"https:\/\/marktxxl.de\/markt\/wp-content\/uploads\/sites\/3\/2020\/12\/logo.png","contentUrl":"https:\/\/marktxxl.de\/markt\/wp-content\/uploads\/sites\/3\/2020\/12\/logo.png","width":200,"height":70,"caption":"Markt-XXL"},"image":{"@id":"https:\/\/marktxxl.de\/markt\/#\/schema\/logo\/image\/"}}]}},"_links":{"self":[{"href":"https:\/\/marktxxl.de\/markt\/wp-json\/wp\/v2\/product\/219695","targetHints":{"allow":["GET"]}}],"collection":[{"href":"https:\/\/marktxxl.de\/markt\/wp-json\/wp\/v2\/product"}],"about":[{"href":"https:\/\/marktxxl.de\/markt\/wp-json\/wp\/v2\/types\/product"}],"replies":[{"embeddable":true,"href":"https:\/\/marktxxl.de\/markt\/wp-json\/wp\/v2\/comments?post=219695"}],"wp:featuredmedia":[{"embeddable":true,"href":"https:\/\/marktxxl.de\/markt\/wp-json\/wp\/v2\/media\/219696"}],"wp:attachment":[{"href":"https:\/\/marktxxl.de\/markt\/wp-json\/wp\/v2\/media?parent=219695"}],"wp:term":[{"taxonomy":"product_brand","embeddable":true,"href":"https:\/\/marktxxl.de\/markt\/wp-json\/wp\/v2\/product_brand?post=219695"},{"taxonomy":"product_cat","embeddable":true,"href":"https:\/\/marktxxl.de\/markt\/wp-json\/wp\/v2\/product_cat?post=219695"},{"taxonomy":"product_tag","embeddable":true,"href":"https:\/\/marktxxl.de\/markt\/wp-json\/wp\/v2\/product_tag?post=219695"}],"curies":[{"name":"wp","href":"https:\/\/api.w.org\/{rel}","templated":true}]}}