{"id":219663,"date":"2024-07-28T12:08:25","date_gmt":"2024-07-28T10:08:25","guid":{"rendered":"https:\/\/marktxxl.de\/markt\/produkt\/tragbare-damenbinden-aufbewahrungstasche-4-stueck-wiederverwendbare-periodenbeutel-fuer-teenager-maedchen-und-frauen-pad-taschen-fuer-die-zeit-fuer-schule-buero-mini-tasche-weibliche-einlagen\/"},"modified":"2024-07-28T12:08:25","modified_gmt":"2024-07-28T10:08:25","slug":"tragbare-damenbinden-aufbewahrungstasche-4-stueck-wiederverwendbare-periodenbeutel-fuer-teenager-maedchen-und-frauen-pad-taschen-fuer-die-zeit-fuer-schule-buero-mini-tasche-weibliche-einlagen","status":"publish","type":"product","link":"https:\/\/marktxxl.de\/markt\/produkt\/tragbare-damenbinden-aufbewahrungstasche-4-stueck-wiederverwendbare-periodenbeutel-fuer-teenager-maedchen-und-frauen-pad-taschen-fuer-die-zeit-fuer-schule-buero-mini-tasche-weibliche-einlagen\/","title":{"rendered":"Tragbare Damenbinden-Aufbewahrungstasche, 4 St\u00fcck, wiederverwendbare Periodenbeutel f\u00fcr Teenager, M\u00e4dchen und Frauen, Pad-Taschen f\u00fcr die Zeit f\u00fcr Schule, B\u00fcro, Mini-Tasche, weibliche Einlagen,"},"content":{"rendered":"<p>Hochwertige Tasche f\u00fcr Teenager-M\u00e4dchen in verschiedenen Stilen. Die Aufbewahrungstasche f\u00fcr Damenbinden kann Ihnen helfen, Verlegenheit aufgrund besonderer Zeiten zu vermeiden und Ihre Privatsph\u00e4re vollst\u00e4ndig zu sch\u00fctzen. Sehr geeignet f\u00fcr Ihre Periode oder den t\u00e4glichen Gebrauch, nicht nur praktisch, sondern versch\u00f6nert auch unser Leben<br \/>\nR\u00fccksichtsvolles Design: Die Damenbinden-Aufbewahrungstasche mit glattem Rei\u00dfverschluss, der bequem und praktisch zu \u00f6ffnen und zu schlie\u00dfen ist, enth\u00e4lt eine kleine Zwischenschicht im Inneren. Der Mini-Hygienebeutel bietet Platz f\u00fcr ca. 6\u201310 Damenbinden. Sie ist bequem zu tragen und aufzubewahren mit Umh\u00e4ngeband, und kann leicht in unsere Schultasche\/Handtasche gesteckt werden.<br \/>\nVielseitig einsetzbar: Diese Periodenbeutel sind geeignet f\u00fcr Schulen, B\u00fcros, drinnen oder drau\u00dfen, Tourismus, Hotels, den t\u00e4glichen Gebrauch oder Reisen usw. Geeignet f\u00fcr M\u00e4dchen und Damen. Diese Aufbewahrungsbeutel f\u00fcr Damenbinden sind perfekt, um Ihre Periodenprodukte oder Damenbinden in Ihren Taschen zu verstecken, um unn\u00f6tige Verlegenheit zu vermeiden.<br \/>\nBreiter Anwendungsbereich: Diese Wickeltaschen sind ideal f\u00fcr die Aufbewahrung von Damenbinden, Tampons, Stilleinlagen, Windeln, Menstruationstassen. Sie sind auch eine multifunktionale Geldb\u00f6rse f\u00fcr Ihre privaten Gegenst\u00e4nde oder einige Kleinteile: Schmuck, Schreibwaren, Kosmetik, Kreditkarten usw.<br \/>\nPerfektes Geschenk: Periodenbeutel sind ein aufmerksames Geschenk f\u00fcr Teenager-M\u00e4dchen, um zu lernen, wie man mit der ersten Periode umgeht. Es ist wirklich ein exquisites Geschenk f\u00fcr Ihre Frau, Tochter, Freundin usw. Diese Periodenbeutel k\u00f6nnen in der Maschine oder von Hand gewaschen werden und einfach zum Trocknen aufh\u00e4ngen.<br \/>\n<div class=\"main-cross-sell\" data-asin=\"B0BDLHXGJK\">\n\n\t<div class=\"WooZone-cross-sell-loader\">\n\t\t<div>\n\t\t\t<div id=\"floatingBarsG\">\n\t\t\t\t<div class=\"blockG\" id=\"rotateG_01\"><\/div>\n\t\t\t\t<div class=\"blockG\" id=\"rotateG_02\"><\/div>\n\t\t\t\t<div class=\"blockG\" id=\"rotateG_03\"><\/div>\n\t\t\t\t<div class=\"blockG\" id=\"rotateG_04\"><\/div>\n\t\t\t\t<div class=\"blockG\" id=\"rotateG_05\"><\/div>\n\t\t\t\t<div class=\"blockG\" id=\"rotateG_06\"><\/div>\n\t\t\t\t<div class=\"blockG\" id=\"rotateG_07\"><\/div>\n\t\t\t\t<div class=\"blockG\" id=\"rotateG_08\"><\/div>\n\t\t\t<\/div>\n\t\t\t<div class=\"WooZone-cross-sell-loader-text\"><\/div>\n\t\t<\/div>\n\t<\/div>\n\n\t\t\n<\/div>\n<div style=\"clear:both;\"><\/div><\/p>\n","protected":false},"excerpt":{"rendered":"<p>Hochwertige Tasche f\u00fcr Teenager-M\u00e4dchen in verschiedenen Stilen. Die Aufbewahrungstasche f\u00fcr Damenbinden kann Ihnen helfen, Verlegenheit aufgrund besonderer Zeiten zu vermeiden und Ihre Privatsph\u00e4re vollst\u00e4ndig zu sch\u00fctzen. Sehr geeignet f\u00fcr Ihre Periode oder den t\u00e4glichen Gebrauch, nicht nur praktisch, sondern versch\u00f6nert auch unser Leben<br \/>\nR\u00fccksichtsvolles Design: Die Damenbinden-Aufbewahrungstasche mit glattem Rei\u00dfverschluss, der bequem und praktisch zu \u00f6ffnen und zu schlie\u00dfen ist, enth\u00e4lt eine kleine Zwischenschicht im Inneren. Der Mini-Hygienebeutel bietet Platz f\u00fcr ca. 6\u201310 Damenbinden. Sie ist bequem zu tragen und aufzubewahren mit Umh\u00e4ngeband, und kann leicht in unsere Schultasche\/Handtasche gesteckt werden.<br \/>\nVielseitig einsetzbar: Diese Periodenbeutel sind geeignet f\u00fcr Schulen, B\u00fcros, drinnen oder drau\u00dfen, Tourismus, Hotels, den t\u00e4glichen Gebrauch oder Reisen usw. Geeignet f\u00fcr M\u00e4dchen und Damen. Diese Aufbewahrungsbeutel f\u00fcr Damenbinden sind perfekt, um Ihre Periodenprodukte oder Damenbinden in Ihren Taschen zu verstecken, um unn\u00f6tige Verlegenheit zu vermeiden.<\/p>\n","protected":false},"featured_media":219664,"comment_status":"open","ping_status":"closed","template":"","meta":[],"product_brand":[],"product_cat":[566,5680],"product_tag":[],"class_list":{"0":"post-219663","1":"product","2":"type-product","3":"status-publish","4":"has-post-thumbnail","6":"product_cat-drogerie-koerperpflege","7":"product_cat-intime-pflege-hygiene","8":"pa_binding-luggage","9":"pa_brand-nnhom","10":"pa_brand-thames-hudson","11":"pa_manufacturer-nnhom","12":"pa_model-classical","14":"first","15":"instock","16":"shipping-taxable","17":"purchasable","18":"product-type-simple","19":"customify-col","20":"product-has-gallery"},"yoast_head":"<!-- This site is optimized with the Yoast SEO plugin v27.4 - https:\/\/yoast.com\/product\/yoast-seo-wordpress\/ -->\n<title>Tragbare Damenbinden-Aufbewahrungstasche, 4 St\u00fcck, wiederverwendbare Periodenbeutel f\u00fcr Teenager, M\u00e4dchen und Frauen, Pad-Taschen f\u00fcr die Zeit f\u00fcr Schule, B\u00fcro, Mini-Tasche, weibliche Einlagen, - Markt-XXL<\/title>\n<meta name=\"description\" content=\"Markt-XXL Tragbare Damenbinden-Aufbewahrungstasche, 4 St\u00fcck, wiederverwendbare Periodenbeutel f\u00fcr Teenager, M\u00e4dchen und Frauen, Pad-Taschen f\u00fcr die Zeit f\u00fcr Schule, B\u00fcro, Mini-Tasche, weibliche Einlagen,\" \/>\n<meta name=\"robots\" content=\"index, follow, max-snippet:-1, max-image-preview:large, max-video-preview:-1\" \/>\n<link rel=\"canonical\" href=\"https:\/\/marktxxl.de\/markt\/produkt\/tragbare-damenbinden-aufbewahrungstasche-4-stueck-wiederverwendbare-periodenbeutel-fuer-teenager-maedchen-und-frauen-pad-taschen-fuer-die-zeit-fuer-schule-buero-mini-tasche-weibliche-einlagen\/\" \/>\n<meta property=\"og:locale\" content=\"de_DE\" \/>\n<meta property=\"og:type\" content=\"article\" \/>\n<meta property=\"og:title\" content=\"Tragbare Damenbinden-Aufbewahrungstasche, 4 St\u00fcck, wiederverwendbare Periodenbeutel f\u00fcr Teenager, M\u00e4dchen und Frauen, Pad-Taschen f\u00fcr die Zeit f\u00fcr Schule, B\u00fcro, Mini-Tasche, weibliche Einlagen, - Markt-XXL\" \/>\n<meta property=\"og:description\" content=\"Markt-XXL Tragbare Damenbinden-Aufbewahrungstasche, 4 St\u00fcck, wiederverwendbare Periodenbeutel f\u00fcr Teenager, M\u00e4dchen und Frauen, Pad-Taschen f\u00fcr die Zeit f\u00fcr Schule, B\u00fcro, Mini-Tasche, weibliche Einlagen,\" \/>\n<meta property=\"og:url\" content=\"https:\/\/marktxxl.de\/markt\/produkt\/tragbare-damenbinden-aufbewahrungstasche-4-stueck-wiederverwendbare-periodenbeutel-fuer-teenager-maedchen-und-frauen-pad-taschen-fuer-die-zeit-fuer-schule-buero-mini-tasche-weibliche-einlagen\/\" \/>\n<meta property=\"og:site_name\" content=\"Markt-XXL\" \/>\n<meta name=\"twitter:card\" content=\"summary_large_image\" \/>\n<meta name=\"twitter:label1\" content=\"Gesch\u00e4tzte Lesezeit\" \/>\n\t<meta name=\"twitter:data1\" content=\"1\u00a0Minute\" \/>\n<script type=\"application\/ld+json\" class=\"yoast-schema-graph\">{\"@context\":\"https:\\\/\\\/schema.org\",\"@graph\":[{\"@type\":\"WebPage\",\"@id\":\"https:\\\/\\\/marktxxl.de\\\/markt\\\/produkt\\\/tragbare-damenbinden-aufbewahrungstasche-4-stueck-wiederverwendbare-periodenbeutel-fuer-teenager-maedchen-und-frauen-pad-taschen-fuer-die-zeit-fuer-schule-buero-mini-tasche-weibliche-einlagen\\\/\",\"url\":\"https:\\\/\\\/marktxxl.de\\\/markt\\\/produkt\\\/tragbare-damenbinden-aufbewahrungstasche-4-stueck-wiederverwendbare-periodenbeutel-fuer-teenager-maedchen-und-frauen-pad-taschen-fuer-die-zeit-fuer-schule-buero-mini-tasche-weibliche-einlagen\\\/\",\"name\":\"Tragbare Damenbinden-Aufbewahrungstasche, 4 St\u00fcck, wiederverwendbare Periodenbeutel f\u00fcr Teenager, M\u00e4dchen und Frauen, Pad-Taschen f\u00fcr die Zeit f\u00fcr Schule, B\u00fcro, Mini-Tasche, weibliche Einlagen, - Markt-XXL\",\"isPartOf\":{\"@id\":\"https:\\\/\\\/marktxxl.de\\\/markt\\\/#website\"},\"primaryImageOfPage\":{\"@id\":\"https:\\\/\\\/marktxxl.de\\\/markt\\\/produkt\\\/tragbare-damenbinden-aufbewahrungstasche-4-stueck-wiederverwendbare-periodenbeutel-fuer-teenager-maedchen-und-frauen-pad-taschen-fuer-die-zeit-fuer-schule-buero-mini-tasche-weibliche-einlagen\\\/#primaryimage\"},\"image\":{\"@id\":\"https:\\\/\\\/marktxxl.de\\\/markt\\\/produkt\\\/tragbare-damenbinden-aufbewahrungstasche-4-stueck-wiederverwendbare-periodenbeutel-fuer-teenager-maedchen-und-frauen-pad-taschen-fuer-die-zeit-fuer-schule-buero-mini-tasche-weibliche-einlagen\\\/#primaryimage\"},\"thumbnailUrl\":\"https:\\\/\\\/m.media-amazon.com\\\/images\\\/I\\\/41DPxWVMcwL._SL500_.jpg\",\"datePublished\":\"2024-07-28T10:08:25+00:00\",\"description\":\"Markt-XXL Tragbare Damenbinden-Aufbewahrungstasche, 4 St\u00fcck, wiederverwendbare Periodenbeutel f\u00fcr Teenager, M\u00e4dchen und Frauen, Pad-Taschen f\u00fcr die Zeit f\u00fcr Schule, B\u00fcro, Mini-Tasche, weibliche Einlagen,\",\"breadcrumb\":{\"@id\":\"https:\\\/\\\/marktxxl.de\\\/markt\\\/produkt\\\/tragbare-damenbinden-aufbewahrungstasche-4-stueck-wiederverwendbare-periodenbeutel-fuer-teenager-maedchen-und-frauen-pad-taschen-fuer-die-zeit-fuer-schule-buero-mini-tasche-weibliche-einlagen\\\/#breadcrumb\"},\"inLanguage\":\"de\",\"potentialAction\":[{\"@type\":\"ReadAction\",\"target\":[\"https:\\\/\\\/marktxxl.de\\\/markt\\\/produkt\\\/tragbare-damenbinden-aufbewahrungstasche-4-stueck-wiederverwendbare-periodenbeutel-fuer-teenager-maedchen-und-frauen-pad-taschen-fuer-die-zeit-fuer-schule-buero-mini-tasche-weibliche-einlagen\\\/\"]}]},{\"@type\":\"ImageObject\",\"inLanguage\":\"de\",\"@id\":\"https:\\\/\\\/marktxxl.de\\\/markt\\\/produkt\\\/tragbare-damenbinden-aufbewahrungstasche-4-stueck-wiederverwendbare-periodenbeutel-fuer-teenager-maedchen-und-frauen-pad-taschen-fuer-die-zeit-fuer-schule-buero-mini-tasche-weibliche-einlagen\\\/#primaryimage\",\"url\":\"https:\\\/\\\/m.media-amazon.com\\\/images\\\/I\\\/41DPxWVMcwL._SL500_.jpg\",\"contentUrl\":\"https:\\\/\\\/m.media-amazon.com\\\/images\\\/I\\\/41DPxWVMcwL._SL500_.jpg\",\"width\":500,\"height\":500},{\"@type\":\"BreadcrumbList\",\"@id\":\"https:\\\/\\\/marktxxl.de\\\/markt\\\/produkt\\\/tragbare-damenbinden-aufbewahrungstasche-4-stueck-wiederverwendbare-periodenbeutel-fuer-teenager-maedchen-und-frauen-pad-taschen-fuer-die-zeit-fuer-schule-buero-mini-tasche-weibliche-einlagen\\\/#breadcrumb\",\"itemListElement\":[{\"@type\":\"ListItem\",\"position\":1,\"name\":\"Startseite\",\"item\":\"https:\\\/\\\/marktxxl.de\\\/markt\\\/\"},{\"@type\":\"ListItem\",\"position\":2,\"name\":\"Markt\",\"item\":\"https:\\\/\\\/marktxxl.de\\\/markt\\\/\"},{\"@type\":\"ListItem\",\"position\":3,\"name\":\"Tragbare Damenbinden-Aufbewahrungstasche, 4 St\u00fcck, wiederverwendbare Periodenbeutel f\u00fcr Teenager, M\u00e4dchen und Frauen, Pad-Taschen f\u00fcr die Zeit f\u00fcr Schule, B\u00fcro, Mini-Tasche, weibliche Einlagen,\"}]},{\"@type\":\"WebSite\",\"@id\":\"https:\\\/\\\/marktxxl.de\\\/markt\\\/#website\",\"url\":\"https:\\\/\\\/marktxxl.de\\\/markt\\\/\",\"name\":\"Markt-XXL\",\"description\":\"Ihr Markt Online\",\"publisher\":{\"@id\":\"https:\\\/\\\/marktxxl.de\\\/markt\\\/#organization\"},\"potentialAction\":[{\"@type\":\"SearchAction\",\"target\":{\"@type\":\"EntryPoint\",\"urlTemplate\":\"https:\\\/\\\/marktxxl.de\\\/markt\\\/?s={search_term_string}\"},\"query-input\":{\"@type\":\"PropertyValueSpecification\",\"valueRequired\":true,\"valueName\":\"search_term_string\"}}],\"inLanguage\":\"de\"},{\"@type\":\"Organization\",\"@id\":\"https:\\\/\\\/marktxxl.de\\\/markt\\\/#organization\",\"name\":\"Markt-XXL\",\"url\":\"https:\\\/\\\/marktxxl.de\\\/markt\\\/\",\"logo\":{\"@type\":\"ImageObject\",\"inLanguage\":\"de\",\"@id\":\"https:\\\/\\\/marktxxl.de\\\/markt\\\/#\\\/schema\\\/logo\\\/image\\\/\",\"url\":\"https:\\\/\\\/marktxxl.de\\\/markt\\\/wp-content\\\/uploads\\\/sites\\\/3\\\/2020\\\/12\\\/logo.png\",\"contentUrl\":\"https:\\\/\\\/marktxxl.de\\\/markt\\\/wp-content\\\/uploads\\\/sites\\\/3\\\/2020\\\/12\\\/logo.png\",\"width\":200,\"height\":70,\"caption\":\"Markt-XXL\"},\"image\":{\"@id\":\"https:\\\/\\\/marktxxl.de\\\/markt\\\/#\\\/schema\\\/logo\\\/image\\\/\"}}]}<\/script>\n<!-- \/ Yoast SEO plugin. -->","yoast_head_json":{"title":"Tragbare Damenbinden-Aufbewahrungstasche, 4 St\u00fcck, wiederverwendbare Periodenbeutel f\u00fcr Teenager, M\u00e4dchen und Frauen, Pad-Taschen f\u00fcr die Zeit f\u00fcr Schule, B\u00fcro, Mini-Tasche, weibliche Einlagen, - Markt-XXL","description":"Markt-XXL Tragbare Damenbinden-Aufbewahrungstasche, 4 St\u00fcck, wiederverwendbare Periodenbeutel f\u00fcr Teenager, M\u00e4dchen und Frauen, Pad-Taschen f\u00fcr die Zeit f\u00fcr Schule, B\u00fcro, Mini-Tasche, weibliche Einlagen,","robots":{"index":"index","follow":"follow","max-snippet":"max-snippet:-1","max-image-preview":"max-image-preview:large","max-video-preview":"max-video-preview:-1"},"canonical":"https:\/\/marktxxl.de\/markt\/produkt\/tragbare-damenbinden-aufbewahrungstasche-4-stueck-wiederverwendbare-periodenbeutel-fuer-teenager-maedchen-und-frauen-pad-taschen-fuer-die-zeit-fuer-schule-buero-mini-tasche-weibliche-einlagen\/","og_locale":"de_DE","og_type":"article","og_title":"Tragbare Damenbinden-Aufbewahrungstasche, 4 St\u00fcck, wiederverwendbare Periodenbeutel f\u00fcr Teenager, M\u00e4dchen und Frauen, Pad-Taschen f\u00fcr die Zeit f\u00fcr Schule, B\u00fcro, Mini-Tasche, weibliche Einlagen, - Markt-XXL","og_description":"Markt-XXL Tragbare Damenbinden-Aufbewahrungstasche, 4 St\u00fcck, wiederverwendbare Periodenbeutel f\u00fcr Teenager, M\u00e4dchen und Frauen, Pad-Taschen f\u00fcr die Zeit f\u00fcr Schule, B\u00fcro, Mini-Tasche, weibliche Einlagen,","og_url":"https:\/\/marktxxl.de\/markt\/produkt\/tragbare-damenbinden-aufbewahrungstasche-4-stueck-wiederverwendbare-periodenbeutel-fuer-teenager-maedchen-und-frauen-pad-taschen-fuer-die-zeit-fuer-schule-buero-mini-tasche-weibliche-einlagen\/","og_site_name":"Markt-XXL","twitter_card":"summary_large_image","twitter_misc":{"Gesch\u00e4tzte Lesezeit":"1\u00a0Minute"},"schema":{"@context":"https:\/\/schema.org","@graph":[{"@type":"WebPage","@id":"https:\/\/marktxxl.de\/markt\/produkt\/tragbare-damenbinden-aufbewahrungstasche-4-stueck-wiederverwendbare-periodenbeutel-fuer-teenager-maedchen-und-frauen-pad-taschen-fuer-die-zeit-fuer-schule-buero-mini-tasche-weibliche-einlagen\/","url":"https:\/\/marktxxl.de\/markt\/produkt\/tragbare-damenbinden-aufbewahrungstasche-4-stueck-wiederverwendbare-periodenbeutel-fuer-teenager-maedchen-und-frauen-pad-taschen-fuer-die-zeit-fuer-schule-buero-mini-tasche-weibliche-einlagen\/","name":"Tragbare Damenbinden-Aufbewahrungstasche, 4 St\u00fcck, wiederverwendbare Periodenbeutel f\u00fcr Teenager, M\u00e4dchen und Frauen, Pad-Taschen f\u00fcr die Zeit f\u00fcr Schule, B\u00fcro, Mini-Tasche, weibliche Einlagen, - Markt-XXL","isPartOf":{"@id":"https:\/\/marktxxl.de\/markt\/#website"},"primaryImageOfPage":{"@id":"https:\/\/marktxxl.de\/markt\/produkt\/tragbare-damenbinden-aufbewahrungstasche-4-stueck-wiederverwendbare-periodenbeutel-fuer-teenager-maedchen-und-frauen-pad-taschen-fuer-die-zeit-fuer-schule-buero-mini-tasche-weibliche-einlagen\/#primaryimage"},"image":{"@id":"https:\/\/marktxxl.de\/markt\/produkt\/tragbare-damenbinden-aufbewahrungstasche-4-stueck-wiederverwendbare-periodenbeutel-fuer-teenager-maedchen-und-frauen-pad-taschen-fuer-die-zeit-fuer-schule-buero-mini-tasche-weibliche-einlagen\/#primaryimage"},"thumbnailUrl":"https:\/\/m.media-amazon.com\/images\/I\/41DPxWVMcwL._SL500_.jpg","datePublished":"2024-07-28T10:08:25+00:00","description":"Markt-XXL Tragbare Damenbinden-Aufbewahrungstasche, 4 St\u00fcck, wiederverwendbare Periodenbeutel f\u00fcr Teenager, M\u00e4dchen und Frauen, Pad-Taschen f\u00fcr die Zeit f\u00fcr Schule, B\u00fcro, Mini-Tasche, weibliche Einlagen,","breadcrumb":{"@id":"https:\/\/marktxxl.de\/markt\/produkt\/tragbare-damenbinden-aufbewahrungstasche-4-stueck-wiederverwendbare-periodenbeutel-fuer-teenager-maedchen-und-frauen-pad-taschen-fuer-die-zeit-fuer-schule-buero-mini-tasche-weibliche-einlagen\/#breadcrumb"},"inLanguage":"de","potentialAction":[{"@type":"ReadAction","target":["https:\/\/marktxxl.de\/markt\/produkt\/tragbare-damenbinden-aufbewahrungstasche-4-stueck-wiederverwendbare-periodenbeutel-fuer-teenager-maedchen-und-frauen-pad-taschen-fuer-die-zeit-fuer-schule-buero-mini-tasche-weibliche-einlagen\/"]}]},{"@type":"ImageObject","inLanguage":"de","@id":"https:\/\/marktxxl.de\/markt\/produkt\/tragbare-damenbinden-aufbewahrungstasche-4-stueck-wiederverwendbare-periodenbeutel-fuer-teenager-maedchen-und-frauen-pad-taschen-fuer-die-zeit-fuer-schule-buero-mini-tasche-weibliche-einlagen\/#primaryimage","url":"https:\/\/m.media-amazon.com\/images\/I\/41DPxWVMcwL._SL500_.jpg","contentUrl":"https:\/\/m.media-amazon.com\/images\/I\/41DPxWVMcwL._SL500_.jpg","width":500,"height":500},{"@type":"BreadcrumbList","@id":"https:\/\/marktxxl.de\/markt\/produkt\/tragbare-damenbinden-aufbewahrungstasche-4-stueck-wiederverwendbare-periodenbeutel-fuer-teenager-maedchen-und-frauen-pad-taschen-fuer-die-zeit-fuer-schule-buero-mini-tasche-weibliche-einlagen\/#breadcrumb","itemListElement":[{"@type":"ListItem","position":1,"name":"Startseite","item":"https:\/\/marktxxl.de\/markt\/"},{"@type":"ListItem","position":2,"name":"Markt","item":"https:\/\/marktxxl.de\/markt\/"},{"@type":"ListItem","position":3,"name":"Tragbare Damenbinden-Aufbewahrungstasche, 4 St\u00fcck, wiederverwendbare Periodenbeutel f\u00fcr Teenager, M\u00e4dchen und Frauen, Pad-Taschen f\u00fcr die Zeit f\u00fcr Schule, B\u00fcro, Mini-Tasche, weibliche Einlagen,"}]},{"@type":"WebSite","@id":"https:\/\/marktxxl.de\/markt\/#website","url":"https:\/\/marktxxl.de\/markt\/","name":"Markt-XXL","description":"Ihr Markt Online","publisher":{"@id":"https:\/\/marktxxl.de\/markt\/#organization"},"potentialAction":[{"@type":"SearchAction","target":{"@type":"EntryPoint","urlTemplate":"https:\/\/marktxxl.de\/markt\/?s={search_term_string}"},"query-input":{"@type":"PropertyValueSpecification","valueRequired":true,"valueName":"search_term_string"}}],"inLanguage":"de"},{"@type":"Organization","@id":"https:\/\/marktxxl.de\/markt\/#organization","name":"Markt-XXL","url":"https:\/\/marktxxl.de\/markt\/","logo":{"@type":"ImageObject","inLanguage":"de","@id":"https:\/\/marktxxl.de\/markt\/#\/schema\/logo\/image\/","url":"https:\/\/marktxxl.de\/markt\/wp-content\/uploads\/sites\/3\/2020\/12\/logo.png","contentUrl":"https:\/\/marktxxl.de\/markt\/wp-content\/uploads\/sites\/3\/2020\/12\/logo.png","width":200,"height":70,"caption":"Markt-XXL"},"image":{"@id":"https:\/\/marktxxl.de\/markt\/#\/schema\/logo\/image\/"}}]}},"_links":{"self":[{"href":"https:\/\/marktxxl.de\/markt\/wp-json\/wp\/v2\/product\/219663","targetHints":{"allow":["GET"]}}],"collection":[{"href":"https:\/\/marktxxl.de\/markt\/wp-json\/wp\/v2\/product"}],"about":[{"href":"https:\/\/marktxxl.de\/markt\/wp-json\/wp\/v2\/types\/product"}],"replies":[{"embeddable":true,"href":"https:\/\/marktxxl.de\/markt\/wp-json\/wp\/v2\/comments?post=219663"}],"wp:featuredmedia":[{"embeddable":true,"href":"https:\/\/marktxxl.de\/markt\/wp-json\/wp\/v2\/media\/219664"}],"wp:attachment":[{"href":"https:\/\/marktxxl.de\/markt\/wp-json\/wp\/v2\/media?parent=219663"}],"wp:term":[{"taxonomy":"product_brand","embeddable":true,"href":"https:\/\/marktxxl.de\/markt\/wp-json\/wp\/v2\/product_brand?post=219663"},{"taxonomy":"product_cat","embeddable":true,"href":"https:\/\/marktxxl.de\/markt\/wp-json\/wp\/v2\/product_cat?post=219663"},{"taxonomy":"product_tag","embeddable":true,"href":"https:\/\/marktxxl.de\/markt\/wp-json\/wp\/v2\/product_tag?post=219663"}],"curies":[{"name":"wp","href":"https:\/\/api.w.org\/{rel}","templated":true}]}}