{"id":219494,"date":"2024-07-28T12:01:31","date_gmt":"2024-07-28T10:01:31","guid":{"rendered":"https:\/\/marktxxl.de\/markt\/produkt\/ytbubor-baby-mulltuecher-2-pack-120cm-x-120cm-musselintuecher-fuer-babys-musselintuch-baby-musselin-tuecher-ideal-zum-reinigen-abwischen-und-abdecken-von-neugeborenen\/"},"modified":"2024-07-28T12:01:31","modified_gmt":"2024-07-28T10:01:31","slug":"ytbubor-baby-mulltuecher-2-pack-120cm-x-120cm-musselintuecher-fuer-babys-musselintuch-baby-musselin-tuecher-ideal-zum-reinigen-abwischen-und-abdecken-von-neugeborenen","status":"publish","type":"product","link":"https:\/\/marktxxl.de\/markt\/produkt\/ytbubor-baby-mulltuecher-2-pack-120cm-x-120cm-musselintuecher-fuer-babys-musselintuch-baby-musselin-tuecher-ideal-zum-reinigen-abwischen-und-abdecken-von-neugeborenen\/","title":{"rendered":"YTBUBOR Baby Mullt\u00fccher, 2 Pack 120cm \u00d7 120cm Musselint\u00fccher f\u00fcr Babys, Musselintuch Baby Musselin T\u00fccher Ideal zum Reinigen, Abwischen und Abdecken von Neugeborenen"},"content":{"rendered":"<p>\u3010 Produktgr\u00f6\u00dfe \u3011 Die Ma\u00dfe des Badetuchs betragen 120 cm \u00d7 120 cm, gro\u00df genug, um das Baby einzuwickeln und es nicht kalt zu werden, wenn es aus der Dusche ist. Es gibt einige Cartoon-Tiere auf dem Badetuch. Niedlich und praktisch.<br \/>\n\u3010100% nat\u00fcrliche Baumwolle\u3011Das Handtuch besteht aus 100% nat\u00fcrlicher Bio-Baumwolle. Trocken und atmungsaktiv, sofortige Feuchtigkeitsaufnahme, Feuchtigkeitsbarriere, weich und bequem, Badetuch perfekt f\u00fcr Babys empfindliche Haut. Leicht waschbar und trocknergeeignet.<br \/>\n\u3010 Sicherheit \u3011 Kein Formaldehyd. Kein Entf\u00e4rben! Kein Schwermetall!! Diese Handt\u00fccher enthalten keine chemischen Bleichmittel und fluoreszierende Aufhellungsmittel. Das Waschlappen ist hypoallergen, umweltfreundlich und wiederverwendbar.<br \/>\nMultifunktional: Kann nicht nur als Baby-Waschlappen verwendet werden, sondern auch perfekt f\u00fcr Badet\u00fccher, Waschlappen, Baby-L\u00e4tzchen, saugf\u00e4hige Handt\u00fccher, Schwei\u00dft\u00fccher, Spuckt\u00fccher und so weiter. Wenn Sie diese Baby-Waschlappen haben, sparen Sie viel Zeit bei der Pflege Ihres Babys.<br \/>\n\u3010Bestes Geschenk zur Babyparty\u3011Langlebiges und hochwertiges Badetuch, perfekt f\u00fcr Jungen, M\u00e4dchen und als Geschenk f\u00fcr Babypartys.<br \/>\n<div class=\"main-cross-sell\" data-asin=\"B0836LXRMZ\">\n\n\t<div class=\"WooZone-cross-sell-loader\">\n\t\t<div>\n\t\t\t<div id=\"floatingBarsG\">\n\t\t\t\t<div class=\"blockG\" id=\"rotateG_01\"><\/div>\n\t\t\t\t<div class=\"blockG\" id=\"rotateG_02\"><\/div>\n\t\t\t\t<div class=\"blockG\" id=\"rotateG_03\"><\/div>\n\t\t\t\t<div class=\"blockG\" id=\"rotateG_04\"><\/div>\n\t\t\t\t<div class=\"blockG\" id=\"rotateG_05\"><\/div>\n\t\t\t\t<div class=\"blockG\" id=\"rotateG_06\"><\/div>\n\t\t\t\t<div class=\"blockG\" id=\"rotateG_07\"><\/div>\n\t\t\t\t<div class=\"blockG\" id=\"rotateG_08\"><\/div>\n\t\t\t<\/div>\n\t\t\t<div class=\"WooZone-cross-sell-loader-text\"><\/div>\n\t\t<\/div>\n\t<\/div>\n\n\t\t\n<\/div>\n<div style=\"clear:both;\"><\/div><\/p>\n","protected":false},"excerpt":{"rendered":"<p>\u3010 Produktgr\u00f6\u00dfe \u3011 Die Ma\u00dfe des Badetuchs betragen 120 cm \u00d7 120 cm, gro\u00df genug, um das Baby einzuwickeln und es nicht kalt zu werden, wenn es aus der Dusche ist. Es gibt einige Cartoon-Tiere auf dem Badetuch. Niedlich und praktisch.<br \/>\n\u3010100% nat\u00fcrliche Baumwolle\u3011Das Handtuch besteht aus 100% nat\u00fcrlicher Bio-Baumwolle. Trocken und atmungsaktiv, sofortige Feuchtigkeitsaufnahme, Feuchtigkeitsbarriere, weich und bequem, Badetuch perfekt f\u00fcr Babys empfindliche Haut. Leicht waschbar und trocknergeeignet.<br \/>\n\u3010 Sicherheit \u3011 Kein Formaldehyd. Kein Entf\u00e4rben! Kein Schwermetall!! Diese Handt\u00fccher enthalten keine chemischen Bleichmittel und fluoreszierende Aufhellungsmittel. Das Waschlappen ist hypoallergen, umweltfreundlich und wiederverwendbar.<\/p>\n","protected":false},"featured_media":219495,"comment_status":"open","ping_status":"closed","template":"","meta":[],"product_brand":[],"product_cat":[566,5406],"product_tag":[],"class_list":{"0":"post-219494","1":"product","2":"type-product","3":"status-publish","4":"has-post-thumbnail","6":"product_cat-drogerie-koerperpflege","7":"product_cat-kinder-babypflege","8":"pa_brand-ytbubor","9":"pa_color-2er-pack","10":"pa_height-0-1968503935-zoll","11":"pa_length-47-24409444-zoll","12":"pa_manufacturer-ytbubor","13":"pa_weight-0-6172943336-pfund","14":"pa_width-47-24409444-zoll","16":"first","17":"instock","18":"shipping-taxable","19":"purchasable","20":"product-type-simple","21":"customify-col","22":"product-has-gallery"},"yoast_head":"<!-- This site is optimized with the Yoast SEO plugin v27.4 - https:\/\/yoast.com\/product\/yoast-seo-wordpress\/ -->\n<title>YTBUBOR Baby Mullt\u00fccher, 2 Pack 120cm \u00d7 120cm Musselint\u00fccher f\u00fcr Babys, Musselintuch Baby Musselin T\u00fccher Ideal zum Reinigen, Abwischen und Abdecken von Neugeborenen - Markt-XXL<\/title>\n<meta name=\"description\" content=\"Markt-XXL YTBUBOR Baby Mullt\u00fccher, 2 Pack 120cm \u00d7 120cm Musselint\u00fccher f\u00fcr Babys, Musselintuch Baby Musselin T\u00fccher Ideal zum Reinigen, Abwischen und Abdecken von Neugeborenen\" \/>\n<meta name=\"robots\" content=\"index, follow, max-snippet:-1, max-image-preview:large, max-video-preview:-1\" \/>\n<link rel=\"canonical\" href=\"https:\/\/marktxxl.de\/markt\/produkt\/ytbubor-baby-mulltuecher-2-pack-120cm-x-120cm-musselintuecher-fuer-babys-musselintuch-baby-musselin-tuecher-ideal-zum-reinigen-abwischen-und-abdecken-von-neugeborenen\/\" \/>\n<meta property=\"og:locale\" content=\"de_DE\" \/>\n<meta property=\"og:type\" content=\"article\" \/>\n<meta property=\"og:title\" content=\"YTBUBOR Baby Mullt\u00fccher, 2 Pack 120cm \u00d7 120cm Musselint\u00fccher f\u00fcr Babys, Musselintuch Baby Musselin T\u00fccher Ideal zum Reinigen, Abwischen und Abdecken von Neugeborenen - Markt-XXL\" \/>\n<meta property=\"og:description\" content=\"Markt-XXL YTBUBOR Baby Mullt\u00fccher, 2 Pack 120cm \u00d7 120cm Musselint\u00fccher f\u00fcr Babys, Musselintuch Baby Musselin T\u00fccher Ideal zum Reinigen, Abwischen und Abdecken von Neugeborenen\" \/>\n<meta property=\"og:url\" content=\"https:\/\/marktxxl.de\/markt\/produkt\/ytbubor-baby-mulltuecher-2-pack-120cm-x-120cm-musselintuecher-fuer-babys-musselintuch-baby-musselin-tuecher-ideal-zum-reinigen-abwischen-und-abdecken-von-neugeborenen\/\" \/>\n<meta property=\"og:site_name\" content=\"Markt-XXL\" \/>\n<meta name=\"twitter:card\" content=\"summary_large_image\" \/>\n<meta name=\"twitter:label1\" content=\"Gesch\u00e4tzte Lesezeit\" \/>\n\t<meta name=\"twitter:data1\" content=\"1\u00a0Minute\" \/>\n<script type=\"application\/ld+json\" class=\"yoast-schema-graph\">{\"@context\":\"https:\\\/\\\/schema.org\",\"@graph\":[{\"@type\":\"WebPage\",\"@id\":\"https:\\\/\\\/marktxxl.de\\\/markt\\\/produkt\\\/ytbubor-baby-mulltuecher-2-pack-120cm-x-120cm-musselintuecher-fuer-babys-musselintuch-baby-musselin-tuecher-ideal-zum-reinigen-abwischen-und-abdecken-von-neugeborenen\\\/\",\"url\":\"https:\\\/\\\/marktxxl.de\\\/markt\\\/produkt\\\/ytbubor-baby-mulltuecher-2-pack-120cm-x-120cm-musselintuecher-fuer-babys-musselintuch-baby-musselin-tuecher-ideal-zum-reinigen-abwischen-und-abdecken-von-neugeborenen\\\/\",\"name\":\"YTBUBOR Baby Mullt\u00fccher, 2 Pack 120cm \u00d7 120cm Musselint\u00fccher f\u00fcr Babys, Musselintuch Baby Musselin T\u00fccher Ideal zum Reinigen, Abwischen und Abdecken von Neugeborenen - Markt-XXL\",\"isPartOf\":{\"@id\":\"https:\\\/\\\/marktxxl.de\\\/markt\\\/#website\"},\"primaryImageOfPage\":{\"@id\":\"https:\\\/\\\/marktxxl.de\\\/markt\\\/produkt\\\/ytbubor-baby-mulltuecher-2-pack-120cm-x-120cm-musselintuecher-fuer-babys-musselintuch-baby-musselin-tuecher-ideal-zum-reinigen-abwischen-und-abdecken-von-neugeborenen\\\/#primaryimage\"},\"image\":{\"@id\":\"https:\\\/\\\/marktxxl.de\\\/markt\\\/produkt\\\/ytbubor-baby-mulltuecher-2-pack-120cm-x-120cm-musselintuecher-fuer-babys-musselintuch-baby-musselin-tuecher-ideal-zum-reinigen-abwischen-und-abdecken-von-neugeborenen\\\/#primaryimage\"},\"thumbnailUrl\":\"https:\\\/\\\/m.media-amazon.com\\\/images\\\/I\\\/41+CiMoD38L._SL500_.jpg\",\"datePublished\":\"2024-07-28T10:01:31+00:00\",\"description\":\"Markt-XXL YTBUBOR Baby Mullt\u00fccher, 2 Pack 120cm \u00d7 120cm Musselint\u00fccher f\u00fcr Babys, Musselintuch Baby Musselin T\u00fccher Ideal zum Reinigen, Abwischen und Abdecken von Neugeborenen\",\"breadcrumb\":{\"@id\":\"https:\\\/\\\/marktxxl.de\\\/markt\\\/produkt\\\/ytbubor-baby-mulltuecher-2-pack-120cm-x-120cm-musselintuecher-fuer-babys-musselintuch-baby-musselin-tuecher-ideal-zum-reinigen-abwischen-und-abdecken-von-neugeborenen\\\/#breadcrumb\"},\"inLanguage\":\"de\",\"potentialAction\":[{\"@type\":\"ReadAction\",\"target\":[\"https:\\\/\\\/marktxxl.de\\\/markt\\\/produkt\\\/ytbubor-baby-mulltuecher-2-pack-120cm-x-120cm-musselintuecher-fuer-babys-musselintuch-baby-musselin-tuecher-ideal-zum-reinigen-abwischen-und-abdecken-von-neugeborenen\\\/\"]}]},{\"@type\":\"ImageObject\",\"inLanguage\":\"de\",\"@id\":\"https:\\\/\\\/marktxxl.de\\\/markt\\\/produkt\\\/ytbubor-baby-mulltuecher-2-pack-120cm-x-120cm-musselintuecher-fuer-babys-musselintuch-baby-musselin-tuecher-ideal-zum-reinigen-abwischen-und-abdecken-von-neugeborenen\\\/#primaryimage\",\"url\":\"https:\\\/\\\/m.media-amazon.com\\\/images\\\/I\\\/41+CiMoD38L._SL500_.jpg\",\"contentUrl\":\"https:\\\/\\\/m.media-amazon.com\\\/images\\\/I\\\/41+CiMoD38L._SL500_.jpg\",\"width\":500,\"height\":500},{\"@type\":\"BreadcrumbList\",\"@id\":\"https:\\\/\\\/marktxxl.de\\\/markt\\\/produkt\\\/ytbubor-baby-mulltuecher-2-pack-120cm-x-120cm-musselintuecher-fuer-babys-musselintuch-baby-musselin-tuecher-ideal-zum-reinigen-abwischen-und-abdecken-von-neugeborenen\\\/#breadcrumb\",\"itemListElement\":[{\"@type\":\"ListItem\",\"position\":1,\"name\":\"Startseite\",\"item\":\"https:\\\/\\\/marktxxl.de\\\/markt\\\/\"},{\"@type\":\"ListItem\",\"position\":2,\"name\":\"Markt\",\"item\":\"https:\\\/\\\/marktxxl.de\\\/markt\\\/\"},{\"@type\":\"ListItem\",\"position\":3,\"name\":\"YTBUBOR Baby Mullt\u00fccher, 2 Pack 120cm \u00d7 120cm Musselint\u00fccher f\u00fcr Babys, Musselintuch Baby Musselin T\u00fccher Ideal zum Reinigen, Abwischen und Abdecken von Neugeborenen\"}]},{\"@type\":\"WebSite\",\"@id\":\"https:\\\/\\\/marktxxl.de\\\/markt\\\/#website\",\"url\":\"https:\\\/\\\/marktxxl.de\\\/markt\\\/\",\"name\":\"Markt-XXL\",\"description\":\"Ihr Markt Online\",\"publisher\":{\"@id\":\"https:\\\/\\\/marktxxl.de\\\/markt\\\/#organization\"},\"potentialAction\":[{\"@type\":\"SearchAction\",\"target\":{\"@type\":\"EntryPoint\",\"urlTemplate\":\"https:\\\/\\\/marktxxl.de\\\/markt\\\/?s={search_term_string}\"},\"query-input\":{\"@type\":\"PropertyValueSpecification\",\"valueRequired\":true,\"valueName\":\"search_term_string\"}}],\"inLanguage\":\"de\"},{\"@type\":\"Organization\",\"@id\":\"https:\\\/\\\/marktxxl.de\\\/markt\\\/#organization\",\"name\":\"Markt-XXL\",\"url\":\"https:\\\/\\\/marktxxl.de\\\/markt\\\/\",\"logo\":{\"@type\":\"ImageObject\",\"inLanguage\":\"de\",\"@id\":\"https:\\\/\\\/marktxxl.de\\\/markt\\\/#\\\/schema\\\/logo\\\/image\\\/\",\"url\":\"https:\\\/\\\/marktxxl.de\\\/markt\\\/wp-content\\\/uploads\\\/sites\\\/3\\\/2020\\\/12\\\/logo.png\",\"contentUrl\":\"https:\\\/\\\/marktxxl.de\\\/markt\\\/wp-content\\\/uploads\\\/sites\\\/3\\\/2020\\\/12\\\/logo.png\",\"width\":200,\"height\":70,\"caption\":\"Markt-XXL\"},\"image\":{\"@id\":\"https:\\\/\\\/marktxxl.de\\\/markt\\\/#\\\/schema\\\/logo\\\/image\\\/\"}}]}<\/script>\n<!-- \/ Yoast SEO plugin. -->","yoast_head_json":{"title":"YTBUBOR Baby Mullt\u00fccher, 2 Pack 120cm \u00d7 120cm Musselint\u00fccher f\u00fcr Babys, Musselintuch Baby Musselin T\u00fccher Ideal zum Reinigen, Abwischen und Abdecken von Neugeborenen - Markt-XXL","description":"Markt-XXL YTBUBOR Baby Mullt\u00fccher, 2 Pack 120cm \u00d7 120cm Musselint\u00fccher f\u00fcr Babys, Musselintuch Baby Musselin T\u00fccher Ideal zum Reinigen, Abwischen und Abdecken von Neugeborenen","robots":{"index":"index","follow":"follow","max-snippet":"max-snippet:-1","max-image-preview":"max-image-preview:large","max-video-preview":"max-video-preview:-1"},"canonical":"https:\/\/marktxxl.de\/markt\/produkt\/ytbubor-baby-mulltuecher-2-pack-120cm-x-120cm-musselintuecher-fuer-babys-musselintuch-baby-musselin-tuecher-ideal-zum-reinigen-abwischen-und-abdecken-von-neugeborenen\/","og_locale":"de_DE","og_type":"article","og_title":"YTBUBOR Baby Mullt\u00fccher, 2 Pack 120cm \u00d7 120cm Musselint\u00fccher f\u00fcr Babys, Musselintuch Baby Musselin T\u00fccher Ideal zum Reinigen, Abwischen und Abdecken von Neugeborenen - Markt-XXL","og_description":"Markt-XXL YTBUBOR Baby Mullt\u00fccher, 2 Pack 120cm \u00d7 120cm Musselint\u00fccher f\u00fcr Babys, Musselintuch Baby Musselin T\u00fccher Ideal zum Reinigen, Abwischen und Abdecken von Neugeborenen","og_url":"https:\/\/marktxxl.de\/markt\/produkt\/ytbubor-baby-mulltuecher-2-pack-120cm-x-120cm-musselintuecher-fuer-babys-musselintuch-baby-musselin-tuecher-ideal-zum-reinigen-abwischen-und-abdecken-von-neugeborenen\/","og_site_name":"Markt-XXL","twitter_card":"summary_large_image","twitter_misc":{"Gesch\u00e4tzte Lesezeit":"1\u00a0Minute"},"schema":{"@context":"https:\/\/schema.org","@graph":[{"@type":"WebPage","@id":"https:\/\/marktxxl.de\/markt\/produkt\/ytbubor-baby-mulltuecher-2-pack-120cm-x-120cm-musselintuecher-fuer-babys-musselintuch-baby-musselin-tuecher-ideal-zum-reinigen-abwischen-und-abdecken-von-neugeborenen\/","url":"https:\/\/marktxxl.de\/markt\/produkt\/ytbubor-baby-mulltuecher-2-pack-120cm-x-120cm-musselintuecher-fuer-babys-musselintuch-baby-musselin-tuecher-ideal-zum-reinigen-abwischen-und-abdecken-von-neugeborenen\/","name":"YTBUBOR Baby Mullt\u00fccher, 2 Pack 120cm \u00d7 120cm Musselint\u00fccher f\u00fcr Babys, Musselintuch Baby Musselin T\u00fccher Ideal zum Reinigen, Abwischen und Abdecken von Neugeborenen - Markt-XXL","isPartOf":{"@id":"https:\/\/marktxxl.de\/markt\/#website"},"primaryImageOfPage":{"@id":"https:\/\/marktxxl.de\/markt\/produkt\/ytbubor-baby-mulltuecher-2-pack-120cm-x-120cm-musselintuecher-fuer-babys-musselintuch-baby-musselin-tuecher-ideal-zum-reinigen-abwischen-und-abdecken-von-neugeborenen\/#primaryimage"},"image":{"@id":"https:\/\/marktxxl.de\/markt\/produkt\/ytbubor-baby-mulltuecher-2-pack-120cm-x-120cm-musselintuecher-fuer-babys-musselintuch-baby-musselin-tuecher-ideal-zum-reinigen-abwischen-und-abdecken-von-neugeborenen\/#primaryimage"},"thumbnailUrl":"https:\/\/m.media-amazon.com\/images\/I\/41+CiMoD38L._SL500_.jpg","datePublished":"2024-07-28T10:01:31+00:00","description":"Markt-XXL YTBUBOR Baby Mullt\u00fccher, 2 Pack 120cm \u00d7 120cm Musselint\u00fccher f\u00fcr Babys, Musselintuch Baby Musselin T\u00fccher Ideal zum Reinigen, Abwischen und Abdecken von Neugeborenen","breadcrumb":{"@id":"https:\/\/marktxxl.de\/markt\/produkt\/ytbubor-baby-mulltuecher-2-pack-120cm-x-120cm-musselintuecher-fuer-babys-musselintuch-baby-musselin-tuecher-ideal-zum-reinigen-abwischen-und-abdecken-von-neugeborenen\/#breadcrumb"},"inLanguage":"de","potentialAction":[{"@type":"ReadAction","target":["https:\/\/marktxxl.de\/markt\/produkt\/ytbubor-baby-mulltuecher-2-pack-120cm-x-120cm-musselintuecher-fuer-babys-musselintuch-baby-musselin-tuecher-ideal-zum-reinigen-abwischen-und-abdecken-von-neugeborenen\/"]}]},{"@type":"ImageObject","inLanguage":"de","@id":"https:\/\/marktxxl.de\/markt\/produkt\/ytbubor-baby-mulltuecher-2-pack-120cm-x-120cm-musselintuecher-fuer-babys-musselintuch-baby-musselin-tuecher-ideal-zum-reinigen-abwischen-und-abdecken-von-neugeborenen\/#primaryimage","url":"https:\/\/m.media-amazon.com\/images\/I\/41+CiMoD38L._SL500_.jpg","contentUrl":"https:\/\/m.media-amazon.com\/images\/I\/41+CiMoD38L._SL500_.jpg","width":500,"height":500},{"@type":"BreadcrumbList","@id":"https:\/\/marktxxl.de\/markt\/produkt\/ytbubor-baby-mulltuecher-2-pack-120cm-x-120cm-musselintuecher-fuer-babys-musselintuch-baby-musselin-tuecher-ideal-zum-reinigen-abwischen-und-abdecken-von-neugeborenen\/#breadcrumb","itemListElement":[{"@type":"ListItem","position":1,"name":"Startseite","item":"https:\/\/marktxxl.de\/markt\/"},{"@type":"ListItem","position":2,"name":"Markt","item":"https:\/\/marktxxl.de\/markt\/"},{"@type":"ListItem","position":3,"name":"YTBUBOR Baby Mullt\u00fccher, 2 Pack 120cm \u00d7 120cm Musselint\u00fccher f\u00fcr Babys, Musselintuch Baby Musselin T\u00fccher Ideal zum Reinigen, Abwischen und Abdecken von Neugeborenen"}]},{"@type":"WebSite","@id":"https:\/\/marktxxl.de\/markt\/#website","url":"https:\/\/marktxxl.de\/markt\/","name":"Markt-XXL","description":"Ihr Markt Online","publisher":{"@id":"https:\/\/marktxxl.de\/markt\/#organization"},"potentialAction":[{"@type":"SearchAction","target":{"@type":"EntryPoint","urlTemplate":"https:\/\/marktxxl.de\/markt\/?s={search_term_string}"},"query-input":{"@type":"PropertyValueSpecification","valueRequired":true,"valueName":"search_term_string"}}],"inLanguage":"de"},{"@type":"Organization","@id":"https:\/\/marktxxl.de\/markt\/#organization","name":"Markt-XXL","url":"https:\/\/marktxxl.de\/markt\/","logo":{"@type":"ImageObject","inLanguage":"de","@id":"https:\/\/marktxxl.de\/markt\/#\/schema\/logo\/image\/","url":"https:\/\/marktxxl.de\/markt\/wp-content\/uploads\/sites\/3\/2020\/12\/logo.png","contentUrl":"https:\/\/marktxxl.de\/markt\/wp-content\/uploads\/sites\/3\/2020\/12\/logo.png","width":200,"height":70,"caption":"Markt-XXL"},"image":{"@id":"https:\/\/marktxxl.de\/markt\/#\/schema\/logo\/image\/"}}]}},"_links":{"self":[{"href":"https:\/\/marktxxl.de\/markt\/wp-json\/wp\/v2\/product\/219494","targetHints":{"allow":["GET"]}}],"collection":[{"href":"https:\/\/marktxxl.de\/markt\/wp-json\/wp\/v2\/product"}],"about":[{"href":"https:\/\/marktxxl.de\/markt\/wp-json\/wp\/v2\/types\/product"}],"replies":[{"embeddable":true,"href":"https:\/\/marktxxl.de\/markt\/wp-json\/wp\/v2\/comments?post=219494"}],"wp:featuredmedia":[{"embeddable":true,"href":"https:\/\/marktxxl.de\/markt\/wp-json\/wp\/v2\/media\/219495"}],"wp:attachment":[{"href":"https:\/\/marktxxl.de\/markt\/wp-json\/wp\/v2\/media?parent=219494"}],"wp:term":[{"taxonomy":"product_brand","embeddable":true,"href":"https:\/\/marktxxl.de\/markt\/wp-json\/wp\/v2\/product_brand?post=219494"},{"taxonomy":"product_cat","embeddable":true,"href":"https:\/\/marktxxl.de\/markt\/wp-json\/wp\/v2\/product_cat?post=219494"},{"taxonomy":"product_tag","embeddable":true,"href":"https:\/\/marktxxl.de\/markt\/wp-json\/wp\/v2\/product_tag?post=219494"}],"curies":[{"name":"wp","href":"https:\/\/api.w.org\/{rel}","templated":true}]}}