{"id":219357,"date":"2024-07-28T11:55:54","date_gmt":"2024-07-28T09:55:54","guid":{"rendered":"https:\/\/marktxxl.de\/markt\/produkt\/uphere-sleeved-cable-kabelverlaengerung-fuer-die-stromversorgung-mit-extrahueller-24-pin-8pin-6pin-4-4-pin-rotsc301\/"},"modified":"2024-07-28T11:55:54","modified_gmt":"2024-07-28T09:55:54","slug":"uphere-sleeved-cable-kabelverlaengerung-fuer-die-stromversorgung-mit-extrahueller-24-pin-8pin-6pin-4-4-pin-rotsc301","status":"publish","type":"product","link":"https:\/\/marktxxl.de\/markt\/produkt\/uphere-sleeved-cable-kabelverlaengerung-fuer-die-stromversorgung-mit-extrahueller-24-pin-8pin-6pin-4-4-pin-rotsc301\/","title":{"rendered":"upHere Sleeved Cable &#8211; Kabelverl\u00e4ngerung f\u00fcr die Stromversorgung mit extrah\u00fcller 24 PIN 8PIN 6PIN 4 + 4 PIN &#8211; Rot,SC301"},"content":{"rendered":"<p>Premium \u00c4rmelkabelverl\u00e4ngerung<br \/>\nKompatibel mit allen Netzteilen<br \/>\nF\u00fcr eine saubere Kabelf\u00fchrung und ein einheitliches Design<br \/>\nAbgerundete Kanten, um Besch\u00e4digungen der Kabel zu vermeiden<br \/>\n1x 24 Pin ATX Verl\u00e4ngerungskabel, 1x 4 + 4 Pin EPS Kabel, 2x 8 Pin PCI-e Kabel, 2x 6 Pin PCI-e Kabel<br \/>\n<div class=\"main-cross-sell\" data-asin=\"B01M9JL5LB\">\n\n\t<div class=\"WooZone-cross-sell-loader\">\n\t\t<div>\n\t\t\t<div id=\"floatingBarsG\">\n\t\t\t\t<div class=\"blockG\" id=\"rotateG_01\"><\/div>\n\t\t\t\t<div class=\"blockG\" id=\"rotateG_02\"><\/div>\n\t\t\t\t<div class=\"blockG\" id=\"rotateG_03\"><\/div>\n\t\t\t\t<div class=\"blockG\" id=\"rotateG_04\"><\/div>\n\t\t\t\t<div class=\"blockG\" id=\"rotateG_05\"><\/div>\n\t\t\t\t<div class=\"blockG\" id=\"rotateG_06\"><\/div>\n\t\t\t\t<div class=\"blockG\" id=\"rotateG_07\"><\/div>\n\t\t\t\t<div class=\"blockG\" id=\"rotateG_08\"><\/div>\n\t\t\t<\/div>\n\t\t\t<div class=\"WooZone-cross-sell-loader-text\"><\/div>\n\t\t<\/div>\n\t<\/div>\n\n\t\t\n<\/div>\n<div style=\"clear:both;\"><\/div><\/p>\n","protected":false},"excerpt":{"rendered":"<p>Premium \u00c4rmelkabelverl\u00e4ngerung<br \/>\nKompatibel mit allen Netzteilen<br \/>\nF\u00fcr eine saubere Kabelf\u00fchrung und ein einheitliches Design<\/p>\n","protected":false},"featured_media":219358,"comment_status":"open","ping_status":"closed","template":"","meta":[],"product_brand":[],"product_cat":[2108,15623],"product_tag":[],"class_list":{"0":"post-219357","1":"product","2":"type-product","3":"status-publish","4":"has-post-thumbnail","6":"product_cat-beleuchtung","7":"product_cat-lichtschlaeuche","8":"pa_binding-personal-computers","9":"pa_brand-uphere","10":"pa_color-sc301-rot","11":"pa_manufacturer-uphere","12":"pa_model-uphere-de-cable","13":"pa_size-30cm","15":"first","16":"instock","17":"shipping-taxable","18":"purchasable","19":"product-type-simple","20":"customify-col","21":"product-has-gallery"},"yoast_head":"<!-- This site is optimized with the Yoast SEO plugin v27.4 - https:\/\/yoast.com\/product\/yoast-seo-wordpress\/ -->\n<title>upHere Sleeved Cable - Kabelverl\u00e4ngerung f\u00fcr die Stromversorgung mit extrah\u00fcller 24 PIN 8PIN 6PIN 4 + 4 PIN - Rot,SC301 - Markt-XXL<\/title>\n<meta name=\"description\" content=\"Markt-XXL upHere Sleeved Cable - Kabelverl\u00e4ngerung f\u00fcr die Stromversorgung mit extrah\u00fcller 24 PIN 8PIN 6PIN 4 + 4 PIN - Rot,SC301\" \/>\n<meta name=\"robots\" content=\"index, follow, max-snippet:-1, max-image-preview:large, max-video-preview:-1\" \/>\n<link rel=\"canonical\" href=\"https:\/\/marktxxl.de\/markt\/produkt\/uphere-sleeved-cable-kabelverlaengerung-fuer-die-stromversorgung-mit-extrahueller-24-pin-8pin-6pin-4-4-pin-rotsc301\/\" \/>\n<meta property=\"og:locale\" content=\"de_DE\" \/>\n<meta property=\"og:type\" content=\"article\" \/>\n<meta property=\"og:title\" content=\"upHere Sleeved Cable - Kabelverl\u00e4ngerung f\u00fcr die Stromversorgung mit extrah\u00fcller 24 PIN 8PIN 6PIN 4 + 4 PIN - Rot,SC301 - Markt-XXL\" \/>\n<meta property=\"og:description\" content=\"Markt-XXL upHere Sleeved Cable - Kabelverl\u00e4ngerung f\u00fcr die Stromversorgung mit extrah\u00fcller 24 PIN 8PIN 6PIN 4 + 4 PIN - Rot,SC301\" \/>\n<meta property=\"og:url\" content=\"https:\/\/marktxxl.de\/markt\/produkt\/uphere-sleeved-cable-kabelverlaengerung-fuer-die-stromversorgung-mit-extrahueller-24-pin-8pin-6pin-4-4-pin-rotsc301\/\" \/>\n<meta property=\"og:site_name\" content=\"Markt-XXL\" \/>\n<meta name=\"twitter:card\" content=\"summary_large_image\" \/>\n<script type=\"application\/ld+json\" class=\"yoast-schema-graph\">{\"@context\":\"https:\\\/\\\/schema.org\",\"@graph\":[{\"@type\":\"WebPage\",\"@id\":\"https:\\\/\\\/marktxxl.de\\\/markt\\\/produkt\\\/uphere-sleeved-cable-kabelverlaengerung-fuer-die-stromversorgung-mit-extrahueller-24-pin-8pin-6pin-4-4-pin-rotsc301\\\/\",\"url\":\"https:\\\/\\\/marktxxl.de\\\/markt\\\/produkt\\\/uphere-sleeved-cable-kabelverlaengerung-fuer-die-stromversorgung-mit-extrahueller-24-pin-8pin-6pin-4-4-pin-rotsc301\\\/\",\"name\":\"upHere Sleeved Cable - Kabelverl\u00e4ngerung f\u00fcr die Stromversorgung mit extrah\u00fcller 24 PIN 8PIN 6PIN 4 + 4 PIN - Rot,SC301 - Markt-XXL\",\"isPartOf\":{\"@id\":\"https:\\\/\\\/marktxxl.de\\\/markt\\\/#website\"},\"primaryImageOfPage\":{\"@id\":\"https:\\\/\\\/marktxxl.de\\\/markt\\\/produkt\\\/uphere-sleeved-cable-kabelverlaengerung-fuer-die-stromversorgung-mit-extrahueller-24-pin-8pin-6pin-4-4-pin-rotsc301\\\/#primaryimage\"},\"image\":{\"@id\":\"https:\\\/\\\/marktxxl.de\\\/markt\\\/produkt\\\/uphere-sleeved-cable-kabelverlaengerung-fuer-die-stromversorgung-mit-extrahueller-24-pin-8pin-6pin-4-4-pin-rotsc301\\\/#primaryimage\"},\"thumbnailUrl\":\"https:\\\/\\\/m.media-amazon.com\\\/images\\\/I\\\/41E0lhOSrhL._SL500_.jpg\",\"datePublished\":\"2024-07-28T09:55:54+00:00\",\"description\":\"Markt-XXL upHere Sleeved Cable - Kabelverl\u00e4ngerung f\u00fcr die Stromversorgung mit extrah\u00fcller 24 PIN 8PIN 6PIN 4 + 4 PIN - Rot,SC301\",\"breadcrumb\":{\"@id\":\"https:\\\/\\\/marktxxl.de\\\/markt\\\/produkt\\\/uphere-sleeved-cable-kabelverlaengerung-fuer-die-stromversorgung-mit-extrahueller-24-pin-8pin-6pin-4-4-pin-rotsc301\\\/#breadcrumb\"},\"inLanguage\":\"de\",\"potentialAction\":[{\"@type\":\"ReadAction\",\"target\":[\"https:\\\/\\\/marktxxl.de\\\/markt\\\/produkt\\\/uphere-sleeved-cable-kabelverlaengerung-fuer-die-stromversorgung-mit-extrahueller-24-pin-8pin-6pin-4-4-pin-rotsc301\\\/\"]}]},{\"@type\":\"ImageObject\",\"inLanguage\":\"de\",\"@id\":\"https:\\\/\\\/marktxxl.de\\\/markt\\\/produkt\\\/uphere-sleeved-cable-kabelverlaengerung-fuer-die-stromversorgung-mit-extrahueller-24-pin-8pin-6pin-4-4-pin-rotsc301\\\/#primaryimage\",\"url\":\"https:\\\/\\\/m.media-amazon.com\\\/images\\\/I\\\/41E0lhOSrhL._SL500_.jpg\",\"contentUrl\":\"https:\\\/\\\/m.media-amazon.com\\\/images\\\/I\\\/41E0lhOSrhL._SL500_.jpg\",\"width\":500,\"height\":286},{\"@type\":\"BreadcrumbList\",\"@id\":\"https:\\\/\\\/marktxxl.de\\\/markt\\\/produkt\\\/uphere-sleeved-cable-kabelverlaengerung-fuer-die-stromversorgung-mit-extrahueller-24-pin-8pin-6pin-4-4-pin-rotsc301\\\/#breadcrumb\",\"itemListElement\":[{\"@type\":\"ListItem\",\"position\":1,\"name\":\"Startseite\",\"item\":\"https:\\\/\\\/marktxxl.de\\\/markt\\\/\"},{\"@type\":\"ListItem\",\"position\":2,\"name\":\"Markt\",\"item\":\"https:\\\/\\\/marktxxl.de\\\/markt\\\/\"},{\"@type\":\"ListItem\",\"position\":3,\"name\":\"upHere Sleeved Cable &#8211; Kabelverl\u00e4ngerung f\u00fcr die Stromversorgung mit extrah\u00fcller 24 PIN 8PIN 6PIN 4 + 4 PIN &#8211; Rot,SC301\"}]},{\"@type\":\"WebSite\",\"@id\":\"https:\\\/\\\/marktxxl.de\\\/markt\\\/#website\",\"url\":\"https:\\\/\\\/marktxxl.de\\\/markt\\\/\",\"name\":\"Markt-XXL\",\"description\":\"Ihr Markt Online\",\"publisher\":{\"@id\":\"https:\\\/\\\/marktxxl.de\\\/markt\\\/#organization\"},\"potentialAction\":[{\"@type\":\"SearchAction\",\"target\":{\"@type\":\"EntryPoint\",\"urlTemplate\":\"https:\\\/\\\/marktxxl.de\\\/markt\\\/?s={search_term_string}\"},\"query-input\":{\"@type\":\"PropertyValueSpecification\",\"valueRequired\":true,\"valueName\":\"search_term_string\"}}],\"inLanguage\":\"de\"},{\"@type\":\"Organization\",\"@id\":\"https:\\\/\\\/marktxxl.de\\\/markt\\\/#organization\",\"name\":\"Markt-XXL\",\"url\":\"https:\\\/\\\/marktxxl.de\\\/markt\\\/\",\"logo\":{\"@type\":\"ImageObject\",\"inLanguage\":\"de\",\"@id\":\"https:\\\/\\\/marktxxl.de\\\/markt\\\/#\\\/schema\\\/logo\\\/image\\\/\",\"url\":\"https:\\\/\\\/marktxxl.de\\\/markt\\\/wp-content\\\/uploads\\\/sites\\\/3\\\/2020\\\/12\\\/logo.png\",\"contentUrl\":\"https:\\\/\\\/marktxxl.de\\\/markt\\\/wp-content\\\/uploads\\\/sites\\\/3\\\/2020\\\/12\\\/logo.png\",\"width\":200,\"height\":70,\"caption\":\"Markt-XXL\"},\"image\":{\"@id\":\"https:\\\/\\\/marktxxl.de\\\/markt\\\/#\\\/schema\\\/logo\\\/image\\\/\"}}]}<\/script>\n<!-- \/ Yoast SEO plugin. -->","yoast_head_json":{"title":"upHere Sleeved Cable - Kabelverl\u00e4ngerung f\u00fcr die Stromversorgung mit extrah\u00fcller 24 PIN 8PIN 6PIN 4 + 4 PIN - Rot,SC301 - Markt-XXL","description":"Markt-XXL upHere Sleeved Cable - Kabelverl\u00e4ngerung f\u00fcr die Stromversorgung mit extrah\u00fcller 24 PIN 8PIN 6PIN 4 + 4 PIN - Rot,SC301","robots":{"index":"index","follow":"follow","max-snippet":"max-snippet:-1","max-image-preview":"max-image-preview:large","max-video-preview":"max-video-preview:-1"},"canonical":"https:\/\/marktxxl.de\/markt\/produkt\/uphere-sleeved-cable-kabelverlaengerung-fuer-die-stromversorgung-mit-extrahueller-24-pin-8pin-6pin-4-4-pin-rotsc301\/","og_locale":"de_DE","og_type":"article","og_title":"upHere Sleeved Cable - Kabelverl\u00e4ngerung f\u00fcr die Stromversorgung mit extrah\u00fcller 24 PIN 8PIN 6PIN 4 + 4 PIN - Rot,SC301 - Markt-XXL","og_description":"Markt-XXL upHere Sleeved Cable - Kabelverl\u00e4ngerung f\u00fcr die Stromversorgung mit extrah\u00fcller 24 PIN 8PIN 6PIN 4 + 4 PIN - Rot,SC301","og_url":"https:\/\/marktxxl.de\/markt\/produkt\/uphere-sleeved-cable-kabelverlaengerung-fuer-die-stromversorgung-mit-extrahueller-24-pin-8pin-6pin-4-4-pin-rotsc301\/","og_site_name":"Markt-XXL","twitter_card":"summary_large_image","schema":{"@context":"https:\/\/schema.org","@graph":[{"@type":"WebPage","@id":"https:\/\/marktxxl.de\/markt\/produkt\/uphere-sleeved-cable-kabelverlaengerung-fuer-die-stromversorgung-mit-extrahueller-24-pin-8pin-6pin-4-4-pin-rotsc301\/","url":"https:\/\/marktxxl.de\/markt\/produkt\/uphere-sleeved-cable-kabelverlaengerung-fuer-die-stromversorgung-mit-extrahueller-24-pin-8pin-6pin-4-4-pin-rotsc301\/","name":"upHere Sleeved Cable - Kabelverl\u00e4ngerung f\u00fcr die Stromversorgung mit extrah\u00fcller 24 PIN 8PIN 6PIN 4 + 4 PIN - Rot,SC301 - Markt-XXL","isPartOf":{"@id":"https:\/\/marktxxl.de\/markt\/#website"},"primaryImageOfPage":{"@id":"https:\/\/marktxxl.de\/markt\/produkt\/uphere-sleeved-cable-kabelverlaengerung-fuer-die-stromversorgung-mit-extrahueller-24-pin-8pin-6pin-4-4-pin-rotsc301\/#primaryimage"},"image":{"@id":"https:\/\/marktxxl.de\/markt\/produkt\/uphere-sleeved-cable-kabelverlaengerung-fuer-die-stromversorgung-mit-extrahueller-24-pin-8pin-6pin-4-4-pin-rotsc301\/#primaryimage"},"thumbnailUrl":"https:\/\/m.media-amazon.com\/images\/I\/41E0lhOSrhL._SL500_.jpg","datePublished":"2024-07-28T09:55:54+00:00","description":"Markt-XXL upHere Sleeved Cable - Kabelverl\u00e4ngerung f\u00fcr die Stromversorgung mit extrah\u00fcller 24 PIN 8PIN 6PIN 4 + 4 PIN - Rot,SC301","breadcrumb":{"@id":"https:\/\/marktxxl.de\/markt\/produkt\/uphere-sleeved-cable-kabelverlaengerung-fuer-die-stromversorgung-mit-extrahueller-24-pin-8pin-6pin-4-4-pin-rotsc301\/#breadcrumb"},"inLanguage":"de","potentialAction":[{"@type":"ReadAction","target":["https:\/\/marktxxl.de\/markt\/produkt\/uphere-sleeved-cable-kabelverlaengerung-fuer-die-stromversorgung-mit-extrahueller-24-pin-8pin-6pin-4-4-pin-rotsc301\/"]}]},{"@type":"ImageObject","inLanguage":"de","@id":"https:\/\/marktxxl.de\/markt\/produkt\/uphere-sleeved-cable-kabelverlaengerung-fuer-die-stromversorgung-mit-extrahueller-24-pin-8pin-6pin-4-4-pin-rotsc301\/#primaryimage","url":"https:\/\/m.media-amazon.com\/images\/I\/41E0lhOSrhL._SL500_.jpg","contentUrl":"https:\/\/m.media-amazon.com\/images\/I\/41E0lhOSrhL._SL500_.jpg","width":500,"height":286},{"@type":"BreadcrumbList","@id":"https:\/\/marktxxl.de\/markt\/produkt\/uphere-sleeved-cable-kabelverlaengerung-fuer-die-stromversorgung-mit-extrahueller-24-pin-8pin-6pin-4-4-pin-rotsc301\/#breadcrumb","itemListElement":[{"@type":"ListItem","position":1,"name":"Startseite","item":"https:\/\/marktxxl.de\/markt\/"},{"@type":"ListItem","position":2,"name":"Markt","item":"https:\/\/marktxxl.de\/markt\/"},{"@type":"ListItem","position":3,"name":"upHere Sleeved Cable &#8211; Kabelverl\u00e4ngerung f\u00fcr die Stromversorgung mit extrah\u00fcller 24 PIN 8PIN 6PIN 4 + 4 PIN &#8211; Rot,SC301"}]},{"@type":"WebSite","@id":"https:\/\/marktxxl.de\/markt\/#website","url":"https:\/\/marktxxl.de\/markt\/","name":"Markt-XXL","description":"Ihr Markt Online","publisher":{"@id":"https:\/\/marktxxl.de\/markt\/#organization"},"potentialAction":[{"@type":"SearchAction","target":{"@type":"EntryPoint","urlTemplate":"https:\/\/marktxxl.de\/markt\/?s={search_term_string}"},"query-input":{"@type":"PropertyValueSpecification","valueRequired":true,"valueName":"search_term_string"}}],"inLanguage":"de"},{"@type":"Organization","@id":"https:\/\/marktxxl.de\/markt\/#organization","name":"Markt-XXL","url":"https:\/\/marktxxl.de\/markt\/","logo":{"@type":"ImageObject","inLanguage":"de","@id":"https:\/\/marktxxl.de\/markt\/#\/schema\/logo\/image\/","url":"https:\/\/marktxxl.de\/markt\/wp-content\/uploads\/sites\/3\/2020\/12\/logo.png","contentUrl":"https:\/\/marktxxl.de\/markt\/wp-content\/uploads\/sites\/3\/2020\/12\/logo.png","width":200,"height":70,"caption":"Markt-XXL"},"image":{"@id":"https:\/\/marktxxl.de\/markt\/#\/schema\/logo\/image\/"}}]}},"_links":{"self":[{"href":"https:\/\/marktxxl.de\/markt\/wp-json\/wp\/v2\/product\/219357","targetHints":{"allow":["GET"]}}],"collection":[{"href":"https:\/\/marktxxl.de\/markt\/wp-json\/wp\/v2\/product"}],"about":[{"href":"https:\/\/marktxxl.de\/markt\/wp-json\/wp\/v2\/types\/product"}],"replies":[{"embeddable":true,"href":"https:\/\/marktxxl.de\/markt\/wp-json\/wp\/v2\/comments?post=219357"}],"wp:featuredmedia":[{"embeddable":true,"href":"https:\/\/marktxxl.de\/markt\/wp-json\/wp\/v2\/media\/219358"}],"wp:attachment":[{"href":"https:\/\/marktxxl.de\/markt\/wp-json\/wp\/v2\/media?parent=219357"}],"wp:term":[{"taxonomy":"product_brand","embeddable":true,"href":"https:\/\/marktxxl.de\/markt\/wp-json\/wp\/v2\/product_brand?post=219357"},{"taxonomy":"product_cat","embeddable":true,"href":"https:\/\/marktxxl.de\/markt\/wp-json\/wp\/v2\/product_cat?post=219357"},{"taxonomy":"product_tag","embeddable":true,"href":"https:\/\/marktxxl.de\/markt\/wp-json\/wp\/v2\/product_tag?post=219357"}],"curies":[{"name":"wp","href":"https:\/\/api.w.org\/{rel}","templated":true}]}}