{"id":219320,"date":"2024-07-28T11:34:52","date_gmt":"2024-07-28T09:34:52","guid":{"rendered":"https:\/\/marktxxl.de\/markt\/produkt\/ohuhu-skizzenbuch-156-seiten-78-blatt-200-g-m%c2%b2-grosses-weisses-zeichenpapier-hardcover-sketchbook-fuer-kuenstler-und-profis-fuer-zeichnungen-und-skizzen\/"},"modified":"2024-07-28T11:34:52","modified_gmt":"2024-07-28T09:34:52","slug":"ohuhu-skizzenbuch-156-seiten-78-blatt-200-g-m%c2%b2-grosses-weisses-zeichenpapier-hardcover-sketchbook-fuer-kuenstler-und-profis-fuer-zeichnungen-und-skizzen","status":"publish","type":"product","link":"https:\/\/marktxxl.de\/markt\/produkt\/ohuhu-skizzenbuch-156-seiten-78-blatt-200-g-m%c2%b2-grosses-weisses-zeichenpapier-hardcover-sketchbook-fuer-kuenstler-und-profis-fuer-zeichnungen-und-skizzen\/","title":{"rendered":"Ohuhu Skizzenbuch &#8211; 156 Seiten 78 Blatt &#8211; 200 g\/m\u00b2 &#8211; Gro\u00dfes Wei\u00dfes Zeichenpapier &#8211; Hardcover Sketchbook f\u00fcr K\u00fcnstler und Profis f\u00fcr Zeichnungen und Skizzen"},"content":{"rendered":"<p>Tragbare Zeichenbl\u00f6cke \u2013 warum Sie sich einschr\u00e4nken, wenn Sie eine gr\u00f6\u00dfere Fl\u00e4che zum Zeichnen verwenden k\u00f6nnten. Sie werden die Freiheit mit dem Ohuhu Skizzenbuch sp\u00fcren, mit dem Sie blitzschnell vom Zeichnen zum Teilen in sozialen Medien wechseln k\u00f6nnen. Dar\u00fcber hinaus ist das Skizzenbuch super tragbar und passt in fast jede Tasche, so dass Sie \u00fcberall zeichnen k\u00f6nnen, wo Inspiration Sie trifft!<br \/>\n<div class=\"main-cross-sell\" data-asin=\"B08G4P49JB\">\n\n\t<div class=\"WooZone-cross-sell-loader\">\n\t\t<div>\n\t\t\t<div id=\"floatingBarsG\">\n\t\t\t\t<div class=\"blockG\" id=\"rotateG_01\"><\/div>\n\t\t\t\t<div class=\"blockG\" id=\"rotateG_02\"><\/div>\n\t\t\t\t<div class=\"blockG\" id=\"rotateG_03\"><\/div>\n\t\t\t\t<div class=\"blockG\" id=\"rotateG_04\"><\/div>\n\t\t\t\t<div class=\"blockG\" id=\"rotateG_05\"><\/div>\n\t\t\t\t<div class=\"blockG\" id=\"rotateG_06\"><\/div>\n\t\t\t\t<div class=\"blockG\" id=\"rotateG_07\"><\/div>\n\t\t\t\t<div class=\"blockG\" id=\"rotateG_08\"><\/div>\n\t\t\t<\/div>\n\t\t\t<div class=\"WooZone-cross-sell-loader-text\"><\/div>\n\t\t<\/div>\n\t<\/div>\n\n\t\t\n<\/div>\n<div style=\"clear:both;\"><\/div><\/p>\n","protected":false},"excerpt":{"rendered":"<p>Tragbare Zeichenbl\u00f6cke \u2013 warum Sie sich einschr\u00e4nken, wenn Sie eine gr\u00f6\u00dfere Fl\u00e4che zum Zeichnen verwenden k\u00f6nnten. Sie werden die Freiheit mit dem Ohuhu Skizzenbuch sp\u00fcren, mit dem Sie blitzschnell vom Zeichnen zum Teilen in sozialen Medien wechseln k\u00f6nnen. Dar\u00fcber hinaus ist das Skizzenbuch super tragbar und passt in fast jede Tasche, so dass Sie \u00fcberall zeichnen k\u00f6nnen, wo Inspiration Sie trifft!<\/p>\n","protected":false},"featured_media":219321,"comment_status":"open","ping_status":"closed","template":"","meta":[],"product_brand":[],"product_cat":[504,8482],"product_tag":[],"class_list":{"0":"post-219320","1":"product","2":"type-product","3":"status-publish","4":"has-post-thumbnail","6":"product_cat-buerobedarf-schreibwaren","7":"product_cat-kuenstler-bastelbedarf","8":"pa_binding-buerobedarf-schreibwaren","9":"pa_brand-ohuhu","10":"pa_manufacturer-ohuhu","12":"first","13":"instock","14":"shipping-taxable","15":"product-type-simple","16":"customify-col","17":"product-has-gallery"},"yoast_head":"<!-- This site is optimized with the Yoast SEO plugin v27.4 - https:\/\/yoast.com\/product\/yoast-seo-wordpress\/ -->\n<title>Ohuhu Skizzenbuch - 156 Seiten 78 Blatt - 200 g\/m\u00b2 - Gro\u00dfes Wei\u00dfes Zeichenpapier - Hardcover Sketchbook f\u00fcr K\u00fcnstler und Profis f\u00fcr Zeichnungen und Skizzen - Markt-XXL<\/title>\n<meta name=\"description\" content=\"Markt-XXL Ohuhu Skizzenbuch - 156 Seiten 78 Blatt - 200 g\/m\u00b2 - Gro\u00dfes Wei\u00dfes Zeichenpapier - Hardcover Sketchbook f\u00fcr K\u00fcnstler und Profis f\u00fcr Zeichnungen und Skizzen\" \/>\n<meta name=\"robots\" content=\"index, follow, max-snippet:-1, max-image-preview:large, max-video-preview:-1\" \/>\n<link rel=\"canonical\" href=\"https:\/\/marktxxl.de\/markt\/produkt\/ohuhu-skizzenbuch-156-seiten-78-blatt-200-g-m\u00b2-grosses-weisses-zeichenpapier-hardcover-sketchbook-fuer-kuenstler-und-profis-fuer-zeichnungen-und-skizzen\/\" \/>\n<meta property=\"og:locale\" content=\"de_DE\" \/>\n<meta property=\"og:type\" content=\"article\" \/>\n<meta property=\"og:title\" content=\"Ohuhu Skizzenbuch - 156 Seiten 78 Blatt - 200 g\/m\u00b2 - Gro\u00dfes Wei\u00dfes Zeichenpapier - Hardcover Sketchbook f\u00fcr K\u00fcnstler und Profis f\u00fcr Zeichnungen und Skizzen - Markt-XXL\" \/>\n<meta property=\"og:description\" content=\"Markt-XXL Ohuhu Skizzenbuch - 156 Seiten 78 Blatt - 200 g\/m\u00b2 - Gro\u00dfes Wei\u00dfes Zeichenpapier - Hardcover Sketchbook f\u00fcr K\u00fcnstler und Profis f\u00fcr Zeichnungen und Skizzen\" \/>\n<meta property=\"og:url\" content=\"https:\/\/marktxxl.de\/markt\/produkt\/ohuhu-skizzenbuch-156-seiten-78-blatt-200-g-m\u00b2-grosses-weisses-zeichenpapier-hardcover-sketchbook-fuer-kuenstler-und-profis-fuer-zeichnungen-und-skizzen\/\" \/>\n<meta property=\"og:site_name\" content=\"Markt-XXL\" \/>\n<meta name=\"twitter:card\" content=\"summary_large_image\" \/>\n<script type=\"application\/ld+json\" class=\"yoast-schema-graph\">{\"@context\":\"https:\\\/\\\/schema.org\",\"@graph\":[{\"@type\":\"WebPage\",\"@id\":\"https:\\\/\\\/marktxxl.de\\\/markt\\\/produkt\\\/ohuhu-skizzenbuch-156-seiten-78-blatt-200-g-m%c2%b2-grosses-weisses-zeichenpapier-hardcover-sketchbook-fuer-kuenstler-und-profis-fuer-zeichnungen-und-skizzen\\\/\",\"url\":\"https:\\\/\\\/marktxxl.de\\\/markt\\\/produkt\\\/ohuhu-skizzenbuch-156-seiten-78-blatt-200-g-m%c2%b2-grosses-weisses-zeichenpapier-hardcover-sketchbook-fuer-kuenstler-und-profis-fuer-zeichnungen-und-skizzen\\\/\",\"name\":\"Ohuhu Skizzenbuch - 156 Seiten 78 Blatt - 200 g\\\/m\u00b2 - Gro\u00dfes Wei\u00dfes Zeichenpapier - Hardcover Sketchbook f\u00fcr K\u00fcnstler und Profis f\u00fcr Zeichnungen und Skizzen - Markt-XXL\",\"isPartOf\":{\"@id\":\"https:\\\/\\\/marktxxl.de\\\/markt\\\/#website\"},\"primaryImageOfPage\":{\"@id\":\"https:\\\/\\\/marktxxl.de\\\/markt\\\/produkt\\\/ohuhu-skizzenbuch-156-seiten-78-blatt-200-g-m%c2%b2-grosses-weisses-zeichenpapier-hardcover-sketchbook-fuer-kuenstler-und-profis-fuer-zeichnungen-und-skizzen\\\/#primaryimage\"},\"image\":{\"@id\":\"https:\\\/\\\/marktxxl.de\\\/markt\\\/produkt\\\/ohuhu-skizzenbuch-156-seiten-78-blatt-200-g-m%c2%b2-grosses-weisses-zeichenpapier-hardcover-sketchbook-fuer-kuenstler-und-profis-fuer-zeichnungen-und-skizzen\\\/#primaryimage\"},\"thumbnailUrl\":\"https:\\\/\\\/m.media-amazon.com\\\/images\\\/I\\\/51jWeQ9kqVL._SL500_.jpg\",\"datePublished\":\"2024-07-28T09:34:52+00:00\",\"description\":\"Markt-XXL Ohuhu Skizzenbuch - 156 Seiten 78 Blatt - 200 g\\\/m\u00b2 - Gro\u00dfes Wei\u00dfes Zeichenpapier - Hardcover Sketchbook f\u00fcr K\u00fcnstler und Profis f\u00fcr Zeichnungen und Skizzen\",\"breadcrumb\":{\"@id\":\"https:\\\/\\\/marktxxl.de\\\/markt\\\/produkt\\\/ohuhu-skizzenbuch-156-seiten-78-blatt-200-g-m%c2%b2-grosses-weisses-zeichenpapier-hardcover-sketchbook-fuer-kuenstler-und-profis-fuer-zeichnungen-und-skizzen\\\/#breadcrumb\"},\"inLanguage\":\"de\",\"potentialAction\":[{\"@type\":\"ReadAction\",\"target\":[\"https:\\\/\\\/marktxxl.de\\\/markt\\\/produkt\\\/ohuhu-skizzenbuch-156-seiten-78-blatt-200-g-m%c2%b2-grosses-weisses-zeichenpapier-hardcover-sketchbook-fuer-kuenstler-und-profis-fuer-zeichnungen-und-skizzen\\\/\"]}]},{\"@type\":\"ImageObject\",\"inLanguage\":\"de\",\"@id\":\"https:\\\/\\\/marktxxl.de\\\/markt\\\/produkt\\\/ohuhu-skizzenbuch-156-seiten-78-blatt-200-g-m%c2%b2-grosses-weisses-zeichenpapier-hardcover-sketchbook-fuer-kuenstler-und-profis-fuer-zeichnungen-und-skizzen\\\/#primaryimage\",\"url\":\"https:\\\/\\\/m.media-amazon.com\\\/images\\\/I\\\/51jWeQ9kqVL._SL500_.jpg\",\"contentUrl\":\"https:\\\/\\\/m.media-amazon.com\\\/images\\\/I\\\/51jWeQ9kqVL._SL500_.jpg\",\"width\":388,\"height\":500},{\"@type\":\"BreadcrumbList\",\"@id\":\"https:\\\/\\\/marktxxl.de\\\/markt\\\/produkt\\\/ohuhu-skizzenbuch-156-seiten-78-blatt-200-g-m%c2%b2-grosses-weisses-zeichenpapier-hardcover-sketchbook-fuer-kuenstler-und-profis-fuer-zeichnungen-und-skizzen\\\/#breadcrumb\",\"itemListElement\":[{\"@type\":\"ListItem\",\"position\":1,\"name\":\"Startseite\",\"item\":\"https:\\\/\\\/marktxxl.de\\\/markt\\\/\"},{\"@type\":\"ListItem\",\"position\":2,\"name\":\"Markt\",\"item\":\"https:\\\/\\\/marktxxl.de\\\/markt\\\/\"},{\"@type\":\"ListItem\",\"position\":3,\"name\":\"Ohuhu Skizzenbuch &#8211; 156 Seiten 78 Blatt &#8211; 200 g\\\/m\u00b2 &#8211; Gro\u00dfes Wei\u00dfes Zeichenpapier &#8211; Hardcover Sketchbook f\u00fcr K\u00fcnstler und Profis f\u00fcr Zeichnungen und Skizzen\"}]},{\"@type\":\"WebSite\",\"@id\":\"https:\\\/\\\/marktxxl.de\\\/markt\\\/#website\",\"url\":\"https:\\\/\\\/marktxxl.de\\\/markt\\\/\",\"name\":\"Markt-XXL\",\"description\":\"Ihr Markt Online\",\"publisher\":{\"@id\":\"https:\\\/\\\/marktxxl.de\\\/markt\\\/#organization\"},\"potentialAction\":[{\"@type\":\"SearchAction\",\"target\":{\"@type\":\"EntryPoint\",\"urlTemplate\":\"https:\\\/\\\/marktxxl.de\\\/markt\\\/?s={search_term_string}\"},\"query-input\":{\"@type\":\"PropertyValueSpecification\",\"valueRequired\":true,\"valueName\":\"search_term_string\"}}],\"inLanguage\":\"de\"},{\"@type\":\"Organization\",\"@id\":\"https:\\\/\\\/marktxxl.de\\\/markt\\\/#organization\",\"name\":\"Markt-XXL\",\"url\":\"https:\\\/\\\/marktxxl.de\\\/markt\\\/\",\"logo\":{\"@type\":\"ImageObject\",\"inLanguage\":\"de\",\"@id\":\"https:\\\/\\\/marktxxl.de\\\/markt\\\/#\\\/schema\\\/logo\\\/image\\\/\",\"url\":\"https:\\\/\\\/marktxxl.de\\\/markt\\\/wp-content\\\/uploads\\\/sites\\\/3\\\/2020\\\/12\\\/logo.png\",\"contentUrl\":\"https:\\\/\\\/marktxxl.de\\\/markt\\\/wp-content\\\/uploads\\\/sites\\\/3\\\/2020\\\/12\\\/logo.png\",\"width\":200,\"height\":70,\"caption\":\"Markt-XXL\"},\"image\":{\"@id\":\"https:\\\/\\\/marktxxl.de\\\/markt\\\/#\\\/schema\\\/logo\\\/image\\\/\"}}]}<\/script>\n<!-- \/ Yoast SEO plugin. -->","yoast_head_json":{"title":"Ohuhu Skizzenbuch - 156 Seiten 78 Blatt - 200 g\/m\u00b2 - Gro\u00dfes Wei\u00dfes Zeichenpapier - Hardcover Sketchbook f\u00fcr K\u00fcnstler und Profis f\u00fcr Zeichnungen und Skizzen - Markt-XXL","description":"Markt-XXL Ohuhu Skizzenbuch - 156 Seiten 78 Blatt - 200 g\/m\u00b2 - Gro\u00dfes Wei\u00dfes Zeichenpapier - Hardcover Sketchbook f\u00fcr K\u00fcnstler und Profis f\u00fcr Zeichnungen und Skizzen","robots":{"index":"index","follow":"follow","max-snippet":"max-snippet:-1","max-image-preview":"max-image-preview:large","max-video-preview":"max-video-preview:-1"},"canonical":"https:\/\/marktxxl.de\/markt\/produkt\/ohuhu-skizzenbuch-156-seiten-78-blatt-200-g-m\u00b2-grosses-weisses-zeichenpapier-hardcover-sketchbook-fuer-kuenstler-und-profis-fuer-zeichnungen-und-skizzen\/","og_locale":"de_DE","og_type":"article","og_title":"Ohuhu Skizzenbuch - 156 Seiten 78 Blatt - 200 g\/m\u00b2 - Gro\u00dfes Wei\u00dfes Zeichenpapier - Hardcover Sketchbook f\u00fcr K\u00fcnstler und Profis f\u00fcr Zeichnungen und Skizzen - Markt-XXL","og_description":"Markt-XXL Ohuhu Skizzenbuch - 156 Seiten 78 Blatt - 200 g\/m\u00b2 - Gro\u00dfes Wei\u00dfes Zeichenpapier - Hardcover Sketchbook f\u00fcr K\u00fcnstler und Profis f\u00fcr Zeichnungen und Skizzen","og_url":"https:\/\/marktxxl.de\/markt\/produkt\/ohuhu-skizzenbuch-156-seiten-78-blatt-200-g-m\u00b2-grosses-weisses-zeichenpapier-hardcover-sketchbook-fuer-kuenstler-und-profis-fuer-zeichnungen-und-skizzen\/","og_site_name":"Markt-XXL","twitter_card":"summary_large_image","schema":{"@context":"https:\/\/schema.org","@graph":[{"@type":"WebPage","@id":"https:\/\/marktxxl.de\/markt\/produkt\/ohuhu-skizzenbuch-156-seiten-78-blatt-200-g-m%c2%b2-grosses-weisses-zeichenpapier-hardcover-sketchbook-fuer-kuenstler-und-profis-fuer-zeichnungen-und-skizzen\/","url":"https:\/\/marktxxl.de\/markt\/produkt\/ohuhu-skizzenbuch-156-seiten-78-blatt-200-g-m%c2%b2-grosses-weisses-zeichenpapier-hardcover-sketchbook-fuer-kuenstler-und-profis-fuer-zeichnungen-und-skizzen\/","name":"Ohuhu Skizzenbuch - 156 Seiten 78 Blatt - 200 g\/m\u00b2 - Gro\u00dfes Wei\u00dfes Zeichenpapier - Hardcover Sketchbook f\u00fcr K\u00fcnstler und Profis f\u00fcr Zeichnungen und Skizzen - Markt-XXL","isPartOf":{"@id":"https:\/\/marktxxl.de\/markt\/#website"},"primaryImageOfPage":{"@id":"https:\/\/marktxxl.de\/markt\/produkt\/ohuhu-skizzenbuch-156-seiten-78-blatt-200-g-m%c2%b2-grosses-weisses-zeichenpapier-hardcover-sketchbook-fuer-kuenstler-und-profis-fuer-zeichnungen-und-skizzen\/#primaryimage"},"image":{"@id":"https:\/\/marktxxl.de\/markt\/produkt\/ohuhu-skizzenbuch-156-seiten-78-blatt-200-g-m%c2%b2-grosses-weisses-zeichenpapier-hardcover-sketchbook-fuer-kuenstler-und-profis-fuer-zeichnungen-und-skizzen\/#primaryimage"},"thumbnailUrl":"https:\/\/m.media-amazon.com\/images\/I\/51jWeQ9kqVL._SL500_.jpg","datePublished":"2024-07-28T09:34:52+00:00","description":"Markt-XXL Ohuhu Skizzenbuch - 156 Seiten 78 Blatt - 200 g\/m\u00b2 - Gro\u00dfes Wei\u00dfes Zeichenpapier - Hardcover Sketchbook f\u00fcr K\u00fcnstler und Profis f\u00fcr Zeichnungen und Skizzen","breadcrumb":{"@id":"https:\/\/marktxxl.de\/markt\/produkt\/ohuhu-skizzenbuch-156-seiten-78-blatt-200-g-m%c2%b2-grosses-weisses-zeichenpapier-hardcover-sketchbook-fuer-kuenstler-und-profis-fuer-zeichnungen-und-skizzen\/#breadcrumb"},"inLanguage":"de","potentialAction":[{"@type":"ReadAction","target":["https:\/\/marktxxl.de\/markt\/produkt\/ohuhu-skizzenbuch-156-seiten-78-blatt-200-g-m%c2%b2-grosses-weisses-zeichenpapier-hardcover-sketchbook-fuer-kuenstler-und-profis-fuer-zeichnungen-und-skizzen\/"]}]},{"@type":"ImageObject","inLanguage":"de","@id":"https:\/\/marktxxl.de\/markt\/produkt\/ohuhu-skizzenbuch-156-seiten-78-blatt-200-g-m%c2%b2-grosses-weisses-zeichenpapier-hardcover-sketchbook-fuer-kuenstler-und-profis-fuer-zeichnungen-und-skizzen\/#primaryimage","url":"https:\/\/m.media-amazon.com\/images\/I\/51jWeQ9kqVL._SL500_.jpg","contentUrl":"https:\/\/m.media-amazon.com\/images\/I\/51jWeQ9kqVL._SL500_.jpg","width":388,"height":500},{"@type":"BreadcrumbList","@id":"https:\/\/marktxxl.de\/markt\/produkt\/ohuhu-skizzenbuch-156-seiten-78-blatt-200-g-m%c2%b2-grosses-weisses-zeichenpapier-hardcover-sketchbook-fuer-kuenstler-und-profis-fuer-zeichnungen-und-skizzen\/#breadcrumb","itemListElement":[{"@type":"ListItem","position":1,"name":"Startseite","item":"https:\/\/marktxxl.de\/markt\/"},{"@type":"ListItem","position":2,"name":"Markt","item":"https:\/\/marktxxl.de\/markt\/"},{"@type":"ListItem","position":3,"name":"Ohuhu Skizzenbuch &#8211; 156 Seiten 78 Blatt &#8211; 200 g\/m\u00b2 &#8211; Gro\u00dfes Wei\u00dfes Zeichenpapier &#8211; Hardcover Sketchbook f\u00fcr K\u00fcnstler und Profis f\u00fcr Zeichnungen und Skizzen"}]},{"@type":"WebSite","@id":"https:\/\/marktxxl.de\/markt\/#website","url":"https:\/\/marktxxl.de\/markt\/","name":"Markt-XXL","description":"Ihr Markt Online","publisher":{"@id":"https:\/\/marktxxl.de\/markt\/#organization"},"potentialAction":[{"@type":"SearchAction","target":{"@type":"EntryPoint","urlTemplate":"https:\/\/marktxxl.de\/markt\/?s={search_term_string}"},"query-input":{"@type":"PropertyValueSpecification","valueRequired":true,"valueName":"search_term_string"}}],"inLanguage":"de"},{"@type":"Organization","@id":"https:\/\/marktxxl.de\/markt\/#organization","name":"Markt-XXL","url":"https:\/\/marktxxl.de\/markt\/","logo":{"@type":"ImageObject","inLanguage":"de","@id":"https:\/\/marktxxl.de\/markt\/#\/schema\/logo\/image\/","url":"https:\/\/marktxxl.de\/markt\/wp-content\/uploads\/sites\/3\/2020\/12\/logo.png","contentUrl":"https:\/\/marktxxl.de\/markt\/wp-content\/uploads\/sites\/3\/2020\/12\/logo.png","width":200,"height":70,"caption":"Markt-XXL"},"image":{"@id":"https:\/\/marktxxl.de\/markt\/#\/schema\/logo\/image\/"}}]}},"_links":{"self":[{"href":"https:\/\/marktxxl.de\/markt\/wp-json\/wp\/v2\/product\/219320","targetHints":{"allow":["GET"]}}],"collection":[{"href":"https:\/\/marktxxl.de\/markt\/wp-json\/wp\/v2\/product"}],"about":[{"href":"https:\/\/marktxxl.de\/markt\/wp-json\/wp\/v2\/types\/product"}],"replies":[{"embeddable":true,"href":"https:\/\/marktxxl.de\/markt\/wp-json\/wp\/v2\/comments?post=219320"}],"wp:featuredmedia":[{"embeddable":true,"href":"https:\/\/marktxxl.de\/markt\/wp-json\/wp\/v2\/media\/219321"}],"wp:attachment":[{"href":"https:\/\/marktxxl.de\/markt\/wp-json\/wp\/v2\/media?parent=219320"}],"wp:term":[{"taxonomy":"product_brand","embeddable":true,"href":"https:\/\/marktxxl.de\/markt\/wp-json\/wp\/v2\/product_brand?post=219320"},{"taxonomy":"product_cat","embeddable":true,"href":"https:\/\/marktxxl.de\/markt\/wp-json\/wp\/v2\/product_cat?post=219320"},{"taxonomy":"product_tag","embeddable":true,"href":"https:\/\/marktxxl.de\/markt\/wp-json\/wp\/v2\/product_tag?post=219320"}],"curies":[{"name":"wp","href":"https:\/\/api.w.org\/{rel}","templated":true}]}}