{"id":219198,"date":"2024-07-28T11:16:03","date_gmt":"2024-07-28T09:16:03","guid":{"rendered":"https:\/\/marktxxl.de\/markt\/produkt\/lofblat-tn2510-xl-toner-tn-2510-ersatz-fuer-brother-tn-2510-toner-fuer-brother-tn-2510xl-mfc-l2835dw-toner-mfc-l2827dw-mfc-l2800dw-dcp-l2660dw-dcp-l2620dw-dcp-l2627dw-mfc-l2860dw-l2835dwtn2510schwar\/"},"modified":"2024-07-28T11:16:03","modified_gmt":"2024-07-28T09:16:03","slug":"lofblat-tn2510-xl-toner-tn-2510-ersatz-fuer-brother-tn-2510-toner-fuer-brother-tn-2510xl-mfc-l2835dw-toner-mfc-l2827dw-mfc-l2800dw-dcp-l2660dw-dcp-l2620dw-dcp-l2627dw-mfc-l2860dw-l2835dwtn2510schwar","status":"publish","type":"product","link":"https:\/\/marktxxl.de\/markt\/produkt\/lofblat-tn2510-xl-toner-tn-2510-ersatz-fuer-brother-tn-2510-toner-fuer-brother-tn-2510xl-mfc-l2835dw-toner-mfc-l2827dw-mfc-l2800dw-dcp-l2660dw-dcp-l2620dw-dcp-l2627dw-mfc-l2860dw-l2835dwtn2510schwar\/","title":{"rendered":"LOFBLAT TN2510 XL Toner TN-2510 Ersatz f\u00fcr Brother TN-2510 Toner f\u00fcr Brother TN-2510XL MFC-L2835DW Toner MFC-L2827DW MFC-L2800DW DCP-L2660DW DCP-L2620DW DCP-L2627DW MFC-L2860DW L2835DW(TN2510,Schwarz)"},"content":{"rendered":"<p>LOFBLAT TN2510XL TN-2510XL TN2510 XL TN-2510 XL Schwarz Tonerkartusche Kompatible f\u00fcr Brother MFC-L2835DW Toner (Nicht Original, Neue und alte Verpackungen werden zuf\u00e4llig versendet, die Produktqualit\u00e4t ist gleich)<br \/>\nLOFBLAT TN2510XL TN-2510XL Toner Kompatible Drucker: Kompatibel f\u00fcr Brother HL-L2400DW HL-L2400DWE HL-L2445DW HL-L2447DW DCP-L2620DW DCP-L2627DW DCP-L2627DWXL DCP-L2627DWE DCP-L2660DW DCP-L2665DW MFC-L2800DW MFC-L2827DW MFC-L2827DWXL MFC-L2835DW MFC-L2860DW MFC-L2860DWE HLL2400DW HLL2400DWE HLL2445DW HLL2447DW DCPL2620DW DCPL2627DW DCPL2627DWXL DCPL2627DWE DCPL2660DW DCPL2665DW MFCL2800DW MFCL2827DW MFCL2827DWXL MFCL2835DW MFCL2860DW MFCL2860DWE<br \/>\nHohe Seitenleistung: 3000 Seiten Pro TN2510XL Schwarz Toner f\u00fcr Toner Brother TN-2510 XL (Basierend auf 5% Deckung)<br \/>\nPackungsinhalt: 2er-Pack TN2510 XL TN-2510 XL Schwarz, Kompatible f\u00fcr Brother MFC-L2827DW Toner Original<br \/>\nLOFBLAT f\u00fcr Brother TN2510XL TN-2510XL TN2510 XL TN-2510 XL Schwarz Toner bietet Ihnen das ultimative Druckerlebnis<br \/>\n<div class=\"main-cross-sell\" data-asin=\"B0CZMJ47NG\">\n\n\t<div class=\"WooZone-cross-sell-loader\">\n\t\t<div>\n\t\t\t<div id=\"floatingBarsG\">\n\t\t\t\t<div class=\"blockG\" id=\"rotateG_01\"><\/div>\n\t\t\t\t<div class=\"blockG\" id=\"rotateG_02\"><\/div>\n\t\t\t\t<div class=\"blockG\" id=\"rotateG_03\"><\/div>\n\t\t\t\t<div class=\"blockG\" id=\"rotateG_04\"><\/div>\n\t\t\t\t<div class=\"blockG\" id=\"rotateG_05\"><\/div>\n\t\t\t\t<div class=\"blockG\" id=\"rotateG_06\"><\/div>\n\t\t\t\t<div class=\"blockG\" id=\"rotateG_07\"><\/div>\n\t\t\t\t<div class=\"blockG\" id=\"rotateG_08\"><\/div>\n\t\t\t<\/div>\n\t\t\t<div class=\"WooZone-cross-sell-loader-text\"><\/div>\n\t\t<\/div>\n\t<\/div>\n\n\t\t\n<\/div>\n<div style=\"clear:both;\"><\/div><\/p>\n","protected":false},"excerpt":{"rendered":"<p>LOFBLAT TN2510XL TN-2510XL TN2510 XL TN-2510 XL Schwarz Tonerkartusche Kompatible f\u00fcr Brother MFC-L2835DW Toner (Nicht Original, Neue und alte Verpackungen werden zuf\u00e4llig versendet, die Produktqualit\u00e4t ist gleich)<br \/>\nLOFBLAT TN2510XL TN-2510XL Toner Kompatible Drucker: Kompatibel f\u00fcr Brother HL-L2400DW HL-L2400DWE HL-L2445DW HL-L2447DW DCP-L2620DW DCP-L2627DW DCP-L2627DWXL DCP-L2627DWE DCP-L2660DW DCP-L2665DW MFC-L2800DW MFC-L2827DW MFC-L2827DWXL MFC-L2835DW MFC-L2860DW MFC-L2860DWE HLL2400DW HLL2400DWE HLL2445DW HLL2447DW DCPL2620DW DCPL2627DW DCPL2627DWXL DCPL2627DWE DCPL2660DW DCPL2665DW MFCL2800DW MFCL2827DW MFCL2827DWXL MFCL2835DW MFCL2860DW MFCL2860DWE<br \/>\nHohe Seitenleistung: 3000 Seiten Pro TN2510XL Schwarz Toner f\u00fcr Toner Brother TN-2510 XL (Basierend auf 5% Deckung)<\/p>\n","protected":false},"featured_media":219199,"comment_status":"open","ping_status":"closed","template":"","meta":[],"product_brand":[],"product_cat":[504,8208],"product_tag":[],"class_list":{"0":"post-219198","1":"product","2":"type-product","3":"status-publish","4":"has-post-thumbnail","6":"product_cat-buerobedarf-schreibwaren","7":"product_cat-bueroelektronik","8":"pa_binding-buerobedarf-schreibwaren","9":"pa_brand-lofblat","10":"pa_color-tn2510-tn-2510-xl2-schwarz","11":"pa_manufacturer-lofblat-tn-2510xl-fuer-brother-tn2510xl-mfc-l2800dw","12":"pa_model-tn2510xl-tn2510","13":"pa_size-tn2510-tn-2510-xl","14":"pa_warranty-12919","16":"first","17":"instock","18":"shipping-taxable","19":"purchasable","20":"product-type-simple","21":"customify-col","22":"product-has-gallery"},"yoast_head":"<!-- This site is optimized with the Yoast SEO plugin v27.4 - https:\/\/yoast.com\/product\/yoast-seo-wordpress\/ -->\n<title>LOFBLAT TN2510 XL Toner TN-2510 Ersatz f\u00fcr Brother TN-2510 Toner f\u00fcr Brother TN-2510XL MFC-L2835DW Toner MFC-L2827DW MFC-L2800DW DCP-L2660DW DCP-L2620DW DCP-L2627DW MFC-L2860DW L2835DW(TN2510,Schwarz) - Markt-XXL<\/title>\n<meta name=\"description\" content=\"Markt-XXL LOFBLAT TN2510 XL Toner TN-2510 Ersatz f\u00fcr Brother TN-2510 Toner f\u00fcr Brother TN-2510XL MFC-L2835DW Toner MFC-L2827DW MFC-L2800DW DCP-L2660DW DCP-L2620DW DCP-L2627DW MFC-L2860DW L2835DW(TN2510,Schwarz)\" \/>\n<meta name=\"robots\" content=\"index, follow, max-snippet:-1, max-image-preview:large, max-video-preview:-1\" \/>\n<link rel=\"canonical\" href=\"https:\/\/marktxxl.de\/markt\/produkt\/lofblat-tn2510-xl-toner-tn-2510-ersatz-fuer-brother-tn-2510-toner-fuer-brother-tn-2510xl-mfc-l2835dw-toner-mfc-l2827dw-mfc-l2800dw-dcp-l2660dw-dcp-l2620dw-dcp-l2627dw-mfc-l2860dw-l2835dwtn2510schwar\/\" \/>\n<meta property=\"og:locale\" content=\"de_DE\" \/>\n<meta property=\"og:type\" content=\"article\" \/>\n<meta property=\"og:title\" content=\"LOFBLAT TN2510 XL Toner TN-2510 Ersatz f\u00fcr Brother TN-2510 Toner f\u00fcr Brother TN-2510XL MFC-L2835DW Toner MFC-L2827DW MFC-L2800DW DCP-L2660DW DCP-L2620DW DCP-L2627DW MFC-L2860DW L2835DW(TN2510,Schwarz) - Markt-XXL\" \/>\n<meta property=\"og:description\" content=\"Markt-XXL LOFBLAT TN2510 XL Toner TN-2510 Ersatz f\u00fcr Brother TN-2510 Toner f\u00fcr Brother TN-2510XL MFC-L2835DW Toner MFC-L2827DW MFC-L2800DW DCP-L2660DW DCP-L2620DW DCP-L2627DW MFC-L2860DW L2835DW(TN2510,Schwarz)\" \/>\n<meta property=\"og:url\" content=\"https:\/\/marktxxl.de\/markt\/produkt\/lofblat-tn2510-xl-toner-tn-2510-ersatz-fuer-brother-tn-2510-toner-fuer-brother-tn-2510xl-mfc-l2835dw-toner-mfc-l2827dw-mfc-l2800dw-dcp-l2660dw-dcp-l2620dw-dcp-l2627dw-mfc-l2860dw-l2835dwtn2510schwar\/\" \/>\n<meta property=\"og:site_name\" content=\"Markt-XXL\" \/>\n<meta name=\"twitter:card\" content=\"summary_large_image\" \/>\n<meta name=\"twitter:label1\" content=\"Gesch\u00e4tzte Lesezeit\" \/>\n\t<meta name=\"twitter:data1\" content=\"1\u00a0Minute\" \/>\n<script type=\"application\/ld+json\" class=\"yoast-schema-graph\">{\"@context\":\"https:\\\/\\\/schema.org\",\"@graph\":[{\"@type\":\"WebPage\",\"@id\":\"https:\\\/\\\/marktxxl.de\\\/markt\\\/produkt\\\/lofblat-tn2510-xl-toner-tn-2510-ersatz-fuer-brother-tn-2510-toner-fuer-brother-tn-2510xl-mfc-l2835dw-toner-mfc-l2827dw-mfc-l2800dw-dcp-l2660dw-dcp-l2620dw-dcp-l2627dw-mfc-l2860dw-l2835dwtn2510schwar\\\/\",\"url\":\"https:\\\/\\\/marktxxl.de\\\/markt\\\/produkt\\\/lofblat-tn2510-xl-toner-tn-2510-ersatz-fuer-brother-tn-2510-toner-fuer-brother-tn-2510xl-mfc-l2835dw-toner-mfc-l2827dw-mfc-l2800dw-dcp-l2660dw-dcp-l2620dw-dcp-l2627dw-mfc-l2860dw-l2835dwtn2510schwar\\\/\",\"name\":\"LOFBLAT TN2510 XL Toner TN-2510 Ersatz f\u00fcr Brother TN-2510 Toner f\u00fcr Brother TN-2510XL MFC-L2835DW Toner MFC-L2827DW MFC-L2800DW DCP-L2660DW DCP-L2620DW DCP-L2627DW MFC-L2860DW L2835DW(TN2510,Schwarz) - Markt-XXL\",\"isPartOf\":{\"@id\":\"https:\\\/\\\/marktxxl.de\\\/markt\\\/#website\"},\"primaryImageOfPage\":{\"@id\":\"https:\\\/\\\/marktxxl.de\\\/markt\\\/produkt\\\/lofblat-tn2510-xl-toner-tn-2510-ersatz-fuer-brother-tn-2510-toner-fuer-brother-tn-2510xl-mfc-l2835dw-toner-mfc-l2827dw-mfc-l2800dw-dcp-l2660dw-dcp-l2620dw-dcp-l2627dw-mfc-l2860dw-l2835dwtn2510schwar\\\/#primaryimage\"},\"image\":{\"@id\":\"https:\\\/\\\/marktxxl.de\\\/markt\\\/produkt\\\/lofblat-tn2510-xl-toner-tn-2510-ersatz-fuer-brother-tn-2510-toner-fuer-brother-tn-2510xl-mfc-l2835dw-toner-mfc-l2827dw-mfc-l2800dw-dcp-l2660dw-dcp-l2620dw-dcp-l2627dw-mfc-l2860dw-l2835dwtn2510schwar\\\/#primaryimage\"},\"thumbnailUrl\":\"https:\\\/\\\/m.media-amazon.com\\\/images\\\/I\\\/51rCAp+vBhL._SL500_.jpg\",\"datePublished\":\"2024-07-28T09:16:03+00:00\",\"description\":\"Markt-XXL LOFBLAT TN2510 XL Toner TN-2510 Ersatz f\u00fcr Brother TN-2510 Toner f\u00fcr Brother TN-2510XL MFC-L2835DW Toner MFC-L2827DW MFC-L2800DW DCP-L2660DW DCP-L2620DW DCP-L2627DW MFC-L2860DW L2835DW(TN2510,Schwarz)\",\"breadcrumb\":{\"@id\":\"https:\\\/\\\/marktxxl.de\\\/markt\\\/produkt\\\/lofblat-tn2510-xl-toner-tn-2510-ersatz-fuer-brother-tn-2510-toner-fuer-brother-tn-2510xl-mfc-l2835dw-toner-mfc-l2827dw-mfc-l2800dw-dcp-l2660dw-dcp-l2620dw-dcp-l2627dw-mfc-l2860dw-l2835dwtn2510schwar\\\/#breadcrumb\"},\"inLanguage\":\"de\",\"potentialAction\":[{\"@type\":\"ReadAction\",\"target\":[\"https:\\\/\\\/marktxxl.de\\\/markt\\\/produkt\\\/lofblat-tn2510-xl-toner-tn-2510-ersatz-fuer-brother-tn-2510-toner-fuer-brother-tn-2510xl-mfc-l2835dw-toner-mfc-l2827dw-mfc-l2800dw-dcp-l2660dw-dcp-l2620dw-dcp-l2627dw-mfc-l2860dw-l2835dwtn2510schwar\\\/\"]}]},{\"@type\":\"ImageObject\",\"inLanguage\":\"de\",\"@id\":\"https:\\\/\\\/marktxxl.de\\\/markt\\\/produkt\\\/lofblat-tn2510-xl-toner-tn-2510-ersatz-fuer-brother-tn-2510-toner-fuer-brother-tn-2510xl-mfc-l2835dw-toner-mfc-l2827dw-mfc-l2800dw-dcp-l2660dw-dcp-l2620dw-dcp-l2627dw-mfc-l2860dw-l2835dwtn2510schwar\\\/#primaryimage\",\"url\":\"https:\\\/\\\/m.media-amazon.com\\\/images\\\/I\\\/51rCAp+vBhL._SL500_.jpg\",\"contentUrl\":\"https:\\\/\\\/m.media-amazon.com\\\/images\\\/I\\\/51rCAp+vBhL._SL500_.jpg\",\"width\":500,\"height\":500},{\"@type\":\"BreadcrumbList\",\"@id\":\"https:\\\/\\\/marktxxl.de\\\/markt\\\/produkt\\\/lofblat-tn2510-xl-toner-tn-2510-ersatz-fuer-brother-tn-2510-toner-fuer-brother-tn-2510xl-mfc-l2835dw-toner-mfc-l2827dw-mfc-l2800dw-dcp-l2660dw-dcp-l2620dw-dcp-l2627dw-mfc-l2860dw-l2835dwtn2510schwar\\\/#breadcrumb\",\"itemListElement\":[{\"@type\":\"ListItem\",\"position\":1,\"name\":\"Startseite\",\"item\":\"https:\\\/\\\/marktxxl.de\\\/markt\\\/\"},{\"@type\":\"ListItem\",\"position\":2,\"name\":\"Markt\",\"item\":\"https:\\\/\\\/marktxxl.de\\\/markt\\\/\"},{\"@type\":\"ListItem\",\"position\":3,\"name\":\"LOFBLAT TN2510 XL Toner TN-2510 Ersatz f\u00fcr Brother TN-2510 Toner f\u00fcr Brother TN-2510XL MFC-L2835DW Toner MFC-L2827DW MFC-L2800DW DCP-L2660DW DCP-L2620DW DCP-L2627DW MFC-L2860DW L2835DW(TN2510,Schwarz)\"}]},{\"@type\":\"WebSite\",\"@id\":\"https:\\\/\\\/marktxxl.de\\\/markt\\\/#website\",\"url\":\"https:\\\/\\\/marktxxl.de\\\/markt\\\/\",\"name\":\"Markt-XXL\",\"description\":\"Ihr Markt Online\",\"publisher\":{\"@id\":\"https:\\\/\\\/marktxxl.de\\\/markt\\\/#organization\"},\"potentialAction\":[{\"@type\":\"SearchAction\",\"target\":{\"@type\":\"EntryPoint\",\"urlTemplate\":\"https:\\\/\\\/marktxxl.de\\\/markt\\\/?s={search_term_string}\"},\"query-input\":{\"@type\":\"PropertyValueSpecification\",\"valueRequired\":true,\"valueName\":\"search_term_string\"}}],\"inLanguage\":\"de\"},{\"@type\":\"Organization\",\"@id\":\"https:\\\/\\\/marktxxl.de\\\/markt\\\/#organization\",\"name\":\"Markt-XXL\",\"url\":\"https:\\\/\\\/marktxxl.de\\\/markt\\\/\",\"logo\":{\"@type\":\"ImageObject\",\"inLanguage\":\"de\",\"@id\":\"https:\\\/\\\/marktxxl.de\\\/markt\\\/#\\\/schema\\\/logo\\\/image\\\/\",\"url\":\"https:\\\/\\\/marktxxl.de\\\/markt\\\/wp-content\\\/uploads\\\/sites\\\/3\\\/2020\\\/12\\\/logo.png\",\"contentUrl\":\"https:\\\/\\\/marktxxl.de\\\/markt\\\/wp-content\\\/uploads\\\/sites\\\/3\\\/2020\\\/12\\\/logo.png\",\"width\":200,\"height\":70,\"caption\":\"Markt-XXL\"},\"image\":{\"@id\":\"https:\\\/\\\/marktxxl.de\\\/markt\\\/#\\\/schema\\\/logo\\\/image\\\/\"}}]}<\/script>\n<!-- \/ Yoast SEO plugin. -->","yoast_head_json":{"title":"LOFBLAT TN2510 XL Toner TN-2510 Ersatz f\u00fcr Brother TN-2510 Toner f\u00fcr Brother TN-2510XL MFC-L2835DW Toner MFC-L2827DW MFC-L2800DW DCP-L2660DW DCP-L2620DW DCP-L2627DW MFC-L2860DW L2835DW(TN2510,Schwarz) - Markt-XXL","description":"Markt-XXL LOFBLAT TN2510 XL Toner TN-2510 Ersatz f\u00fcr Brother TN-2510 Toner f\u00fcr Brother TN-2510XL MFC-L2835DW Toner MFC-L2827DW MFC-L2800DW DCP-L2660DW DCP-L2620DW DCP-L2627DW MFC-L2860DW L2835DW(TN2510,Schwarz)","robots":{"index":"index","follow":"follow","max-snippet":"max-snippet:-1","max-image-preview":"max-image-preview:large","max-video-preview":"max-video-preview:-1"},"canonical":"https:\/\/marktxxl.de\/markt\/produkt\/lofblat-tn2510-xl-toner-tn-2510-ersatz-fuer-brother-tn-2510-toner-fuer-brother-tn-2510xl-mfc-l2835dw-toner-mfc-l2827dw-mfc-l2800dw-dcp-l2660dw-dcp-l2620dw-dcp-l2627dw-mfc-l2860dw-l2835dwtn2510schwar\/","og_locale":"de_DE","og_type":"article","og_title":"LOFBLAT TN2510 XL Toner TN-2510 Ersatz f\u00fcr Brother TN-2510 Toner f\u00fcr Brother TN-2510XL MFC-L2835DW Toner MFC-L2827DW MFC-L2800DW DCP-L2660DW DCP-L2620DW DCP-L2627DW MFC-L2860DW L2835DW(TN2510,Schwarz) - Markt-XXL","og_description":"Markt-XXL LOFBLAT TN2510 XL Toner TN-2510 Ersatz f\u00fcr Brother TN-2510 Toner f\u00fcr Brother TN-2510XL MFC-L2835DW Toner MFC-L2827DW MFC-L2800DW DCP-L2660DW DCP-L2620DW DCP-L2627DW MFC-L2860DW L2835DW(TN2510,Schwarz)","og_url":"https:\/\/marktxxl.de\/markt\/produkt\/lofblat-tn2510-xl-toner-tn-2510-ersatz-fuer-brother-tn-2510-toner-fuer-brother-tn-2510xl-mfc-l2835dw-toner-mfc-l2827dw-mfc-l2800dw-dcp-l2660dw-dcp-l2620dw-dcp-l2627dw-mfc-l2860dw-l2835dwtn2510schwar\/","og_site_name":"Markt-XXL","twitter_card":"summary_large_image","twitter_misc":{"Gesch\u00e4tzte Lesezeit":"1\u00a0Minute"},"schema":{"@context":"https:\/\/schema.org","@graph":[{"@type":"WebPage","@id":"https:\/\/marktxxl.de\/markt\/produkt\/lofblat-tn2510-xl-toner-tn-2510-ersatz-fuer-brother-tn-2510-toner-fuer-brother-tn-2510xl-mfc-l2835dw-toner-mfc-l2827dw-mfc-l2800dw-dcp-l2660dw-dcp-l2620dw-dcp-l2627dw-mfc-l2860dw-l2835dwtn2510schwar\/","url":"https:\/\/marktxxl.de\/markt\/produkt\/lofblat-tn2510-xl-toner-tn-2510-ersatz-fuer-brother-tn-2510-toner-fuer-brother-tn-2510xl-mfc-l2835dw-toner-mfc-l2827dw-mfc-l2800dw-dcp-l2660dw-dcp-l2620dw-dcp-l2627dw-mfc-l2860dw-l2835dwtn2510schwar\/","name":"LOFBLAT TN2510 XL Toner TN-2510 Ersatz f\u00fcr Brother TN-2510 Toner f\u00fcr Brother TN-2510XL MFC-L2835DW Toner MFC-L2827DW MFC-L2800DW DCP-L2660DW DCP-L2620DW DCP-L2627DW MFC-L2860DW L2835DW(TN2510,Schwarz) - Markt-XXL","isPartOf":{"@id":"https:\/\/marktxxl.de\/markt\/#website"},"primaryImageOfPage":{"@id":"https:\/\/marktxxl.de\/markt\/produkt\/lofblat-tn2510-xl-toner-tn-2510-ersatz-fuer-brother-tn-2510-toner-fuer-brother-tn-2510xl-mfc-l2835dw-toner-mfc-l2827dw-mfc-l2800dw-dcp-l2660dw-dcp-l2620dw-dcp-l2627dw-mfc-l2860dw-l2835dwtn2510schwar\/#primaryimage"},"image":{"@id":"https:\/\/marktxxl.de\/markt\/produkt\/lofblat-tn2510-xl-toner-tn-2510-ersatz-fuer-brother-tn-2510-toner-fuer-brother-tn-2510xl-mfc-l2835dw-toner-mfc-l2827dw-mfc-l2800dw-dcp-l2660dw-dcp-l2620dw-dcp-l2627dw-mfc-l2860dw-l2835dwtn2510schwar\/#primaryimage"},"thumbnailUrl":"https:\/\/m.media-amazon.com\/images\/I\/51rCAp+vBhL._SL500_.jpg","datePublished":"2024-07-28T09:16:03+00:00","description":"Markt-XXL LOFBLAT TN2510 XL Toner TN-2510 Ersatz f\u00fcr Brother TN-2510 Toner f\u00fcr Brother TN-2510XL MFC-L2835DW Toner MFC-L2827DW MFC-L2800DW DCP-L2660DW DCP-L2620DW DCP-L2627DW MFC-L2860DW L2835DW(TN2510,Schwarz)","breadcrumb":{"@id":"https:\/\/marktxxl.de\/markt\/produkt\/lofblat-tn2510-xl-toner-tn-2510-ersatz-fuer-brother-tn-2510-toner-fuer-brother-tn-2510xl-mfc-l2835dw-toner-mfc-l2827dw-mfc-l2800dw-dcp-l2660dw-dcp-l2620dw-dcp-l2627dw-mfc-l2860dw-l2835dwtn2510schwar\/#breadcrumb"},"inLanguage":"de","potentialAction":[{"@type":"ReadAction","target":["https:\/\/marktxxl.de\/markt\/produkt\/lofblat-tn2510-xl-toner-tn-2510-ersatz-fuer-brother-tn-2510-toner-fuer-brother-tn-2510xl-mfc-l2835dw-toner-mfc-l2827dw-mfc-l2800dw-dcp-l2660dw-dcp-l2620dw-dcp-l2627dw-mfc-l2860dw-l2835dwtn2510schwar\/"]}]},{"@type":"ImageObject","inLanguage":"de","@id":"https:\/\/marktxxl.de\/markt\/produkt\/lofblat-tn2510-xl-toner-tn-2510-ersatz-fuer-brother-tn-2510-toner-fuer-brother-tn-2510xl-mfc-l2835dw-toner-mfc-l2827dw-mfc-l2800dw-dcp-l2660dw-dcp-l2620dw-dcp-l2627dw-mfc-l2860dw-l2835dwtn2510schwar\/#primaryimage","url":"https:\/\/m.media-amazon.com\/images\/I\/51rCAp+vBhL._SL500_.jpg","contentUrl":"https:\/\/m.media-amazon.com\/images\/I\/51rCAp+vBhL._SL500_.jpg","width":500,"height":500},{"@type":"BreadcrumbList","@id":"https:\/\/marktxxl.de\/markt\/produkt\/lofblat-tn2510-xl-toner-tn-2510-ersatz-fuer-brother-tn-2510-toner-fuer-brother-tn-2510xl-mfc-l2835dw-toner-mfc-l2827dw-mfc-l2800dw-dcp-l2660dw-dcp-l2620dw-dcp-l2627dw-mfc-l2860dw-l2835dwtn2510schwar\/#breadcrumb","itemListElement":[{"@type":"ListItem","position":1,"name":"Startseite","item":"https:\/\/marktxxl.de\/markt\/"},{"@type":"ListItem","position":2,"name":"Markt","item":"https:\/\/marktxxl.de\/markt\/"},{"@type":"ListItem","position":3,"name":"LOFBLAT TN2510 XL Toner TN-2510 Ersatz f\u00fcr Brother TN-2510 Toner f\u00fcr Brother TN-2510XL MFC-L2835DW Toner MFC-L2827DW MFC-L2800DW DCP-L2660DW DCP-L2620DW DCP-L2627DW MFC-L2860DW L2835DW(TN2510,Schwarz)"}]},{"@type":"WebSite","@id":"https:\/\/marktxxl.de\/markt\/#website","url":"https:\/\/marktxxl.de\/markt\/","name":"Markt-XXL","description":"Ihr Markt Online","publisher":{"@id":"https:\/\/marktxxl.de\/markt\/#organization"},"potentialAction":[{"@type":"SearchAction","target":{"@type":"EntryPoint","urlTemplate":"https:\/\/marktxxl.de\/markt\/?s={search_term_string}"},"query-input":{"@type":"PropertyValueSpecification","valueRequired":true,"valueName":"search_term_string"}}],"inLanguage":"de"},{"@type":"Organization","@id":"https:\/\/marktxxl.de\/markt\/#organization","name":"Markt-XXL","url":"https:\/\/marktxxl.de\/markt\/","logo":{"@type":"ImageObject","inLanguage":"de","@id":"https:\/\/marktxxl.de\/markt\/#\/schema\/logo\/image\/","url":"https:\/\/marktxxl.de\/markt\/wp-content\/uploads\/sites\/3\/2020\/12\/logo.png","contentUrl":"https:\/\/marktxxl.de\/markt\/wp-content\/uploads\/sites\/3\/2020\/12\/logo.png","width":200,"height":70,"caption":"Markt-XXL"},"image":{"@id":"https:\/\/marktxxl.de\/markt\/#\/schema\/logo\/image\/"}}]}},"_links":{"self":[{"href":"https:\/\/marktxxl.de\/markt\/wp-json\/wp\/v2\/product\/219198","targetHints":{"allow":["GET"]}}],"collection":[{"href":"https:\/\/marktxxl.de\/markt\/wp-json\/wp\/v2\/product"}],"about":[{"href":"https:\/\/marktxxl.de\/markt\/wp-json\/wp\/v2\/types\/product"}],"replies":[{"embeddable":true,"href":"https:\/\/marktxxl.de\/markt\/wp-json\/wp\/v2\/comments?post=219198"}],"wp:featuredmedia":[{"embeddable":true,"href":"https:\/\/marktxxl.de\/markt\/wp-json\/wp\/v2\/media\/219199"}],"wp:attachment":[{"href":"https:\/\/marktxxl.de\/markt\/wp-json\/wp\/v2\/media?parent=219198"}],"wp:term":[{"taxonomy":"product_brand","embeddable":true,"href":"https:\/\/marktxxl.de\/markt\/wp-json\/wp\/v2\/product_brand?post=219198"},{"taxonomy":"product_cat","embeddable":true,"href":"https:\/\/marktxxl.de\/markt\/wp-json\/wp\/v2\/product_cat?post=219198"},{"taxonomy":"product_tag","embeddable":true,"href":"https:\/\/marktxxl.de\/markt\/wp-json\/wp\/v2\/product_tag?post=219198"}],"curies":[{"name":"wp","href":"https:\/\/api.w.org\/{rel}","templated":true}]}}