{"id":219107,"date":"2024-07-28T10:49:10","date_gmt":"2024-07-28T08:49:10","guid":{"rendered":"https:\/\/marktxxl.de\/markt\/produkt\/iochow-aktenvernichter-mit-automatischem-einzug-150-blatt-mikroschnitt-sicherheitsstufe-p-4-leiser-profi-aktenvernichter-laufzeit-30-minuten-mit-ausziehbarem-25l-auffangbehaelter\/"},"modified":"2024-07-28T10:49:10","modified_gmt":"2024-07-28T08:49:10","slug":"iochow-aktenvernichter-mit-automatischem-einzug-150-blatt-mikroschnitt-sicherheitsstufe-p-4-leiser-profi-aktenvernichter-laufzeit-30-minuten-mit-ausziehbarem-25l-auffangbehaelter","status":"publish","type":"product","link":"https:\/\/marktxxl.de\/markt\/produkt\/iochow-aktenvernichter-mit-automatischem-einzug-150-blatt-mikroschnitt-sicherheitsstufe-p-4-leiser-profi-aktenvernichter-laufzeit-30-minuten-mit-ausziehbarem-25l-auffangbehaelter\/","title":{"rendered":"iOCHOW Aktenvernichter mit Automatischem Einzug: 150-Blatt-Mikroschnitt, Sicherheitsstufe P-4, Leiser Profi-Aktenvernichter, Laufzeit 30 Minuten, mit Ausziehbarem 25L Auffangbeh\u00e4lter"},"content":{"rendered":"<p>[Hohe Sicherheitsstufe P-4] Der iOCHOW Automatischer Aktenvernichter verwendet eine fortschrittliche Zerkleinerungstechnologie und ist mit einer scharfen Klinge ausgestattet. Hohe Effizienz durch Hochgeschwindigkeits-Schnitt. Der Aktenvernichter mit Mikroschnitt sch\u00fctzt pers\u00f6nliche und Unternehmensinformationen durch eine Schreddergr\u00f6\u00dfe von 3 x 10 mm. Lesen und rekonstruieren durch Sicherheitsstufe P-4 erschwert.<br \/>\n[Automatischer\/manueller Einzug] Der iOCHOW-Aktenvernichter schreddert automatisch bis zu 150 Blatt A4-Papier, indem Sie einfach den Schalter einschalten und das Papier in den automatischen Einzug legen. Wenn Sie den manuellen Einzugsmodus verwenden, k\u00f6nnen Sie bis zu 10 Blatt A4-Papier gleichzeitig vernichten. Dar\u00fcber hinaus k\u00f6nnen Dokumente, Kreditkarten und Heftklammern zerkleinert werden, was unn\u00f6tige Arbeitsschritte redundant macht und die Arbeitseffizienz verbessert.<br \/>\n[Lange Laufzeit] Der iOCHOW autofeed schredder kann im automatischen Einzugsmodus bis zu 30 Minuten und im manuellen Modus bis zu 5 Minuten Dokumente zerkleinern- Ein professioneller Aktenvernichter f\u00fcr Heim- und B\u00fcrogebrauch.<br \/>\n[Leistungsstarke Funktionen] Der iOCHOW Schredder verf\u00fcgt \u00fcber einen \u00dcberhitzungsschutz, der verhindert, dass die Maschine durch \u00dcberhitzung besch\u00e4digt werden kann. Wird der Beh\u00e4lter entfernt, schaltet sich der Aktenvernichter Autofeed aus Sicherheitsgr\u00fcnden ebenfalls aus. In dem unwahrscheinlichen Fall, dass das Papier gestaut ist, stoppt das Ger\u00e4t automatisch und durch die R\u00fccklauftaste kann das Papier wieder entfernt werden.<br \/>\n[Kompaktes Design] Der ausziehbare Beh\u00e4lter mit 25 Liter Volumen des iOCHOW autofeed p4 aktenvernichter hat ein transparentes Fenster, sodass Sie leicht zu \u00fcberpr\u00fcfen ist, ob dieser voll ist. Mit 4 Rollen ausgestattet auch mobil im Einsatz. Die kompakte Gr\u00f6\u00dfe erm\u00f6glicht Einsatz sowohl in B\u00fcros als auch im Home-Office.<br \/>\n<div class=\"main-cross-sell\" data-asin=\"B09YM7ZQC3\">\n\n\t<div class=\"WooZone-cross-sell-loader\">\n\t\t<div>\n\t\t\t<div id=\"floatingBarsG\">\n\t\t\t\t<div class=\"blockG\" id=\"rotateG_01\"><\/div>\n\t\t\t\t<div class=\"blockG\" id=\"rotateG_02\"><\/div>\n\t\t\t\t<div class=\"blockG\" id=\"rotateG_03\"><\/div>\n\t\t\t\t<div class=\"blockG\" id=\"rotateG_04\"><\/div>\n\t\t\t\t<div class=\"blockG\" id=\"rotateG_05\"><\/div>\n\t\t\t\t<div class=\"blockG\" id=\"rotateG_06\"><\/div>\n\t\t\t\t<div class=\"blockG\" id=\"rotateG_07\"><\/div>\n\t\t\t\t<div class=\"blockG\" id=\"rotateG_08\"><\/div>\n\t\t\t<\/div>\n\t\t\t<div class=\"WooZone-cross-sell-loader-text\"><\/div>\n\t\t<\/div>\n\t<\/div>\n\n\t\t\n<\/div>\n<div style=\"clear:both;\"><\/div><\/p>\n","protected":false},"excerpt":{"rendered":"<p>[Hohe Sicherheitsstufe P-4] Der iOCHOW Automatischer Aktenvernichter verwendet eine fortschrittliche Zerkleinerungstechnologie und ist mit einer scharfen Klinge ausgestattet. Hohe Effizienz durch Hochgeschwindigkeits-Schnitt. Der Aktenvernichter mit Mikroschnitt sch\u00fctzt pers\u00f6nliche und Unternehmensinformationen durch eine Schreddergr\u00f6\u00dfe von 3 x 10 mm. Lesen und rekonstruieren durch Sicherheitsstufe P-4 erschwert.<br \/>\n[Automatischer\/manueller Einzug] Der iOCHOW-Aktenvernichter schreddert automatisch bis zu 150 Blatt A4-Papier, indem Sie einfach den Schalter einschalten und das Papier in den automatischen Einzug legen. Wenn Sie den manuellen Einzugsmodus verwenden, k\u00f6nnen Sie bis zu 10 Blatt A4-Papier gleichzeitig vernichten. Dar\u00fcber hinaus k\u00f6nnen Dokumente, Kreditkarten und Heftklammern zerkleinert werden, was unn\u00f6tige Arbeitsschritte redundant macht und die Arbeitseffizienz verbessert.<br \/>\n[Lange Laufzeit] Der iOCHOW autofeed schredder kann im automatischen Einzugsmodus bis zu 30 Minuten und im manuellen Modus bis zu 5 Minuten Dokumente zerkleinern- Ein professioneller Aktenvernichter f\u00fcr Heim- und B\u00fcrogebrauch.<\/p>\n","protected":false},"featured_media":219108,"comment_status":"open","ping_status":"closed","template":"","meta":[],"product_brand":[],"product_cat":[504,8208],"product_tag":[],"class_list":{"0":"post-219107","1":"product","2":"type-product","3":"status-publish","4":"has-post-thumbnail","6":"product_cat-buerobedarf-schreibwaren","7":"product_cat-bueroelektronik","8":"pa_binding-buerobedarf-schreibwaren","9":"pa_brand-iochow","10":"pa_height-19-291338563-zoll","11":"pa_length-14-173228332-zoll","12":"pa_manufacturer-iochow","13":"pa_warranty-3-years","14":"pa_weight-21-384839414-pounds","15":"pa_width-9-842519675-zoll","17":"first","18":"instock","19":"sale","20":"shipping-taxable","21":"purchasable","22":"product-type-simple","23":"customify-col","24":"product-has-gallery"},"yoast_head":"<!-- This site is optimized with the Yoast SEO plugin v27.4 - https:\/\/yoast.com\/product\/yoast-seo-wordpress\/ -->\n<title>iOCHOW Aktenvernichter mit Automatischem Einzug: 150-Blatt-Mikroschnitt, Sicherheitsstufe P-4, Leiser Profi-Aktenvernichter, Laufzeit 30 Minuten, mit Ausziehbarem 25L Auffangbeh\u00e4lter - Markt-XXL<\/title>\n<meta name=\"description\" content=\"Markt-XXL iOCHOW Aktenvernichter mit Automatischem Einzug: 150-Blatt-Mikroschnitt, Sicherheitsstufe P-4, Leiser Profi-Aktenvernichter, Laufzeit 30 Minuten, mit Ausziehbarem 25L Auffangbeh\u00e4lter\" \/>\n<meta name=\"robots\" content=\"index, follow, max-snippet:-1, max-image-preview:large, max-video-preview:-1\" \/>\n<link rel=\"canonical\" href=\"https:\/\/marktxxl.de\/markt\/produkt\/iochow-aktenvernichter-mit-automatischem-einzug-150-blatt-mikroschnitt-sicherheitsstufe-p-4-leiser-profi-aktenvernichter-laufzeit-30-minuten-mit-ausziehbarem-25l-auffangbehaelter\/\" \/>\n<meta property=\"og:locale\" content=\"de_DE\" \/>\n<meta property=\"og:type\" content=\"article\" \/>\n<meta property=\"og:title\" content=\"iOCHOW Aktenvernichter mit Automatischem Einzug: 150-Blatt-Mikroschnitt, Sicherheitsstufe P-4, Leiser Profi-Aktenvernichter, Laufzeit 30 Minuten, mit Ausziehbarem 25L Auffangbeh\u00e4lter - Markt-XXL\" \/>\n<meta property=\"og:description\" content=\"Markt-XXL iOCHOW Aktenvernichter mit Automatischem Einzug: 150-Blatt-Mikroschnitt, Sicherheitsstufe P-4, Leiser Profi-Aktenvernichter, Laufzeit 30 Minuten, mit Ausziehbarem 25L Auffangbeh\u00e4lter\" \/>\n<meta property=\"og:url\" content=\"https:\/\/marktxxl.de\/markt\/produkt\/iochow-aktenvernichter-mit-automatischem-einzug-150-blatt-mikroschnitt-sicherheitsstufe-p-4-leiser-profi-aktenvernichter-laufzeit-30-minuten-mit-ausziehbarem-25l-auffangbehaelter\/\" \/>\n<meta property=\"og:site_name\" content=\"Markt-XXL\" \/>\n<meta name=\"twitter:card\" content=\"summary_large_image\" \/>\n<meta name=\"twitter:label1\" content=\"Gesch\u00e4tzte Lesezeit\" \/>\n\t<meta name=\"twitter:data1\" content=\"1\u00a0Minute\" \/>\n<script type=\"application\/ld+json\" class=\"yoast-schema-graph\">{\"@context\":\"https:\\\/\\\/schema.org\",\"@graph\":[{\"@type\":\"WebPage\",\"@id\":\"https:\\\/\\\/marktxxl.de\\\/markt\\\/produkt\\\/iochow-aktenvernichter-mit-automatischem-einzug-150-blatt-mikroschnitt-sicherheitsstufe-p-4-leiser-profi-aktenvernichter-laufzeit-30-minuten-mit-ausziehbarem-25l-auffangbehaelter\\\/\",\"url\":\"https:\\\/\\\/marktxxl.de\\\/markt\\\/produkt\\\/iochow-aktenvernichter-mit-automatischem-einzug-150-blatt-mikroschnitt-sicherheitsstufe-p-4-leiser-profi-aktenvernichter-laufzeit-30-minuten-mit-ausziehbarem-25l-auffangbehaelter\\\/\",\"name\":\"iOCHOW Aktenvernichter mit Automatischem Einzug: 150-Blatt-Mikroschnitt, Sicherheitsstufe P-4, Leiser Profi-Aktenvernichter, Laufzeit 30 Minuten, mit Ausziehbarem 25L Auffangbeh\u00e4lter - Markt-XXL\",\"isPartOf\":{\"@id\":\"https:\\\/\\\/marktxxl.de\\\/markt\\\/#website\"},\"primaryImageOfPage\":{\"@id\":\"https:\\\/\\\/marktxxl.de\\\/markt\\\/produkt\\\/iochow-aktenvernichter-mit-automatischem-einzug-150-blatt-mikroschnitt-sicherheitsstufe-p-4-leiser-profi-aktenvernichter-laufzeit-30-minuten-mit-ausziehbarem-25l-auffangbehaelter\\\/#primaryimage\"},\"image\":{\"@id\":\"https:\\\/\\\/marktxxl.de\\\/markt\\\/produkt\\\/iochow-aktenvernichter-mit-automatischem-einzug-150-blatt-mikroschnitt-sicherheitsstufe-p-4-leiser-profi-aktenvernichter-laufzeit-30-minuten-mit-ausziehbarem-25l-auffangbehaelter\\\/#primaryimage\"},\"thumbnailUrl\":\"https:\\\/\\\/m.media-amazon.com\\\/images\\\/I\\\/31CIWTMSI8L._SL500_.jpg\",\"datePublished\":\"2024-07-28T08:49:10+00:00\",\"description\":\"Markt-XXL iOCHOW Aktenvernichter mit Automatischem Einzug: 150-Blatt-Mikroschnitt, Sicherheitsstufe P-4, Leiser Profi-Aktenvernichter, Laufzeit 30 Minuten, mit Ausziehbarem 25L Auffangbeh\u00e4lter\",\"breadcrumb\":{\"@id\":\"https:\\\/\\\/marktxxl.de\\\/markt\\\/produkt\\\/iochow-aktenvernichter-mit-automatischem-einzug-150-blatt-mikroschnitt-sicherheitsstufe-p-4-leiser-profi-aktenvernichter-laufzeit-30-minuten-mit-ausziehbarem-25l-auffangbehaelter\\\/#breadcrumb\"},\"inLanguage\":\"de\",\"potentialAction\":[{\"@type\":\"ReadAction\",\"target\":[\"https:\\\/\\\/marktxxl.de\\\/markt\\\/produkt\\\/iochow-aktenvernichter-mit-automatischem-einzug-150-blatt-mikroschnitt-sicherheitsstufe-p-4-leiser-profi-aktenvernichter-laufzeit-30-minuten-mit-ausziehbarem-25l-auffangbehaelter\\\/\"]}]},{\"@type\":\"ImageObject\",\"inLanguage\":\"de\",\"@id\":\"https:\\\/\\\/marktxxl.de\\\/markt\\\/produkt\\\/iochow-aktenvernichter-mit-automatischem-einzug-150-blatt-mikroschnitt-sicherheitsstufe-p-4-leiser-profi-aktenvernichter-laufzeit-30-minuten-mit-ausziehbarem-25l-auffangbehaelter\\\/#primaryimage\",\"url\":\"https:\\\/\\\/m.media-amazon.com\\\/images\\\/I\\\/31CIWTMSI8L._SL500_.jpg\",\"contentUrl\":\"https:\\\/\\\/m.media-amazon.com\\\/images\\\/I\\\/31CIWTMSI8L._SL500_.jpg\",\"width\":500,\"height\":500},{\"@type\":\"BreadcrumbList\",\"@id\":\"https:\\\/\\\/marktxxl.de\\\/markt\\\/produkt\\\/iochow-aktenvernichter-mit-automatischem-einzug-150-blatt-mikroschnitt-sicherheitsstufe-p-4-leiser-profi-aktenvernichter-laufzeit-30-minuten-mit-ausziehbarem-25l-auffangbehaelter\\\/#breadcrumb\",\"itemListElement\":[{\"@type\":\"ListItem\",\"position\":1,\"name\":\"Startseite\",\"item\":\"https:\\\/\\\/marktxxl.de\\\/markt\\\/\"},{\"@type\":\"ListItem\",\"position\":2,\"name\":\"Markt\",\"item\":\"https:\\\/\\\/marktxxl.de\\\/markt\\\/\"},{\"@type\":\"ListItem\",\"position\":3,\"name\":\"iOCHOW Aktenvernichter mit Automatischem Einzug: 150-Blatt-Mikroschnitt, Sicherheitsstufe P-4, Leiser Profi-Aktenvernichter, Laufzeit 30 Minuten, mit Ausziehbarem 25L Auffangbeh\u00e4lter\"}]},{\"@type\":\"WebSite\",\"@id\":\"https:\\\/\\\/marktxxl.de\\\/markt\\\/#website\",\"url\":\"https:\\\/\\\/marktxxl.de\\\/markt\\\/\",\"name\":\"Markt-XXL\",\"description\":\"Ihr Markt Online\",\"publisher\":{\"@id\":\"https:\\\/\\\/marktxxl.de\\\/markt\\\/#organization\"},\"potentialAction\":[{\"@type\":\"SearchAction\",\"target\":{\"@type\":\"EntryPoint\",\"urlTemplate\":\"https:\\\/\\\/marktxxl.de\\\/markt\\\/?s={search_term_string}\"},\"query-input\":{\"@type\":\"PropertyValueSpecification\",\"valueRequired\":true,\"valueName\":\"search_term_string\"}}],\"inLanguage\":\"de\"},{\"@type\":\"Organization\",\"@id\":\"https:\\\/\\\/marktxxl.de\\\/markt\\\/#organization\",\"name\":\"Markt-XXL\",\"url\":\"https:\\\/\\\/marktxxl.de\\\/markt\\\/\",\"logo\":{\"@type\":\"ImageObject\",\"inLanguage\":\"de\",\"@id\":\"https:\\\/\\\/marktxxl.de\\\/markt\\\/#\\\/schema\\\/logo\\\/image\\\/\",\"url\":\"https:\\\/\\\/marktxxl.de\\\/markt\\\/wp-content\\\/uploads\\\/sites\\\/3\\\/2020\\\/12\\\/logo.png\",\"contentUrl\":\"https:\\\/\\\/marktxxl.de\\\/markt\\\/wp-content\\\/uploads\\\/sites\\\/3\\\/2020\\\/12\\\/logo.png\",\"width\":200,\"height\":70,\"caption\":\"Markt-XXL\"},\"image\":{\"@id\":\"https:\\\/\\\/marktxxl.de\\\/markt\\\/#\\\/schema\\\/logo\\\/image\\\/\"}}]}<\/script>\n<!-- \/ Yoast SEO plugin. -->","yoast_head_json":{"title":"iOCHOW Aktenvernichter mit Automatischem Einzug: 150-Blatt-Mikroschnitt, Sicherheitsstufe P-4, Leiser Profi-Aktenvernichter, Laufzeit 30 Minuten, mit Ausziehbarem 25L Auffangbeh\u00e4lter - Markt-XXL","description":"Markt-XXL iOCHOW Aktenvernichter mit Automatischem Einzug: 150-Blatt-Mikroschnitt, Sicherheitsstufe P-4, Leiser Profi-Aktenvernichter, Laufzeit 30 Minuten, mit Ausziehbarem 25L Auffangbeh\u00e4lter","robots":{"index":"index","follow":"follow","max-snippet":"max-snippet:-1","max-image-preview":"max-image-preview:large","max-video-preview":"max-video-preview:-1"},"canonical":"https:\/\/marktxxl.de\/markt\/produkt\/iochow-aktenvernichter-mit-automatischem-einzug-150-blatt-mikroschnitt-sicherheitsstufe-p-4-leiser-profi-aktenvernichter-laufzeit-30-minuten-mit-ausziehbarem-25l-auffangbehaelter\/","og_locale":"de_DE","og_type":"article","og_title":"iOCHOW Aktenvernichter mit Automatischem Einzug: 150-Blatt-Mikroschnitt, Sicherheitsstufe P-4, Leiser Profi-Aktenvernichter, Laufzeit 30 Minuten, mit Ausziehbarem 25L Auffangbeh\u00e4lter - Markt-XXL","og_description":"Markt-XXL iOCHOW Aktenvernichter mit Automatischem Einzug: 150-Blatt-Mikroschnitt, Sicherheitsstufe P-4, Leiser Profi-Aktenvernichter, Laufzeit 30 Minuten, mit Ausziehbarem 25L Auffangbeh\u00e4lter","og_url":"https:\/\/marktxxl.de\/markt\/produkt\/iochow-aktenvernichter-mit-automatischem-einzug-150-blatt-mikroschnitt-sicherheitsstufe-p-4-leiser-profi-aktenvernichter-laufzeit-30-minuten-mit-ausziehbarem-25l-auffangbehaelter\/","og_site_name":"Markt-XXL","twitter_card":"summary_large_image","twitter_misc":{"Gesch\u00e4tzte Lesezeit":"1\u00a0Minute"},"schema":{"@context":"https:\/\/schema.org","@graph":[{"@type":"WebPage","@id":"https:\/\/marktxxl.de\/markt\/produkt\/iochow-aktenvernichter-mit-automatischem-einzug-150-blatt-mikroschnitt-sicherheitsstufe-p-4-leiser-profi-aktenvernichter-laufzeit-30-minuten-mit-ausziehbarem-25l-auffangbehaelter\/","url":"https:\/\/marktxxl.de\/markt\/produkt\/iochow-aktenvernichter-mit-automatischem-einzug-150-blatt-mikroschnitt-sicherheitsstufe-p-4-leiser-profi-aktenvernichter-laufzeit-30-minuten-mit-ausziehbarem-25l-auffangbehaelter\/","name":"iOCHOW Aktenvernichter mit Automatischem Einzug: 150-Blatt-Mikroschnitt, Sicherheitsstufe P-4, Leiser Profi-Aktenvernichter, Laufzeit 30 Minuten, mit Ausziehbarem 25L Auffangbeh\u00e4lter - Markt-XXL","isPartOf":{"@id":"https:\/\/marktxxl.de\/markt\/#website"},"primaryImageOfPage":{"@id":"https:\/\/marktxxl.de\/markt\/produkt\/iochow-aktenvernichter-mit-automatischem-einzug-150-blatt-mikroschnitt-sicherheitsstufe-p-4-leiser-profi-aktenvernichter-laufzeit-30-minuten-mit-ausziehbarem-25l-auffangbehaelter\/#primaryimage"},"image":{"@id":"https:\/\/marktxxl.de\/markt\/produkt\/iochow-aktenvernichter-mit-automatischem-einzug-150-blatt-mikroschnitt-sicherheitsstufe-p-4-leiser-profi-aktenvernichter-laufzeit-30-minuten-mit-ausziehbarem-25l-auffangbehaelter\/#primaryimage"},"thumbnailUrl":"https:\/\/m.media-amazon.com\/images\/I\/31CIWTMSI8L._SL500_.jpg","datePublished":"2024-07-28T08:49:10+00:00","description":"Markt-XXL iOCHOW Aktenvernichter mit Automatischem Einzug: 150-Blatt-Mikroschnitt, Sicherheitsstufe P-4, Leiser Profi-Aktenvernichter, Laufzeit 30 Minuten, mit Ausziehbarem 25L Auffangbeh\u00e4lter","breadcrumb":{"@id":"https:\/\/marktxxl.de\/markt\/produkt\/iochow-aktenvernichter-mit-automatischem-einzug-150-blatt-mikroschnitt-sicherheitsstufe-p-4-leiser-profi-aktenvernichter-laufzeit-30-minuten-mit-ausziehbarem-25l-auffangbehaelter\/#breadcrumb"},"inLanguage":"de","potentialAction":[{"@type":"ReadAction","target":["https:\/\/marktxxl.de\/markt\/produkt\/iochow-aktenvernichter-mit-automatischem-einzug-150-blatt-mikroschnitt-sicherheitsstufe-p-4-leiser-profi-aktenvernichter-laufzeit-30-minuten-mit-ausziehbarem-25l-auffangbehaelter\/"]}]},{"@type":"ImageObject","inLanguage":"de","@id":"https:\/\/marktxxl.de\/markt\/produkt\/iochow-aktenvernichter-mit-automatischem-einzug-150-blatt-mikroschnitt-sicherheitsstufe-p-4-leiser-profi-aktenvernichter-laufzeit-30-minuten-mit-ausziehbarem-25l-auffangbehaelter\/#primaryimage","url":"https:\/\/m.media-amazon.com\/images\/I\/31CIWTMSI8L._SL500_.jpg","contentUrl":"https:\/\/m.media-amazon.com\/images\/I\/31CIWTMSI8L._SL500_.jpg","width":500,"height":500},{"@type":"BreadcrumbList","@id":"https:\/\/marktxxl.de\/markt\/produkt\/iochow-aktenvernichter-mit-automatischem-einzug-150-blatt-mikroschnitt-sicherheitsstufe-p-4-leiser-profi-aktenvernichter-laufzeit-30-minuten-mit-ausziehbarem-25l-auffangbehaelter\/#breadcrumb","itemListElement":[{"@type":"ListItem","position":1,"name":"Startseite","item":"https:\/\/marktxxl.de\/markt\/"},{"@type":"ListItem","position":2,"name":"Markt","item":"https:\/\/marktxxl.de\/markt\/"},{"@type":"ListItem","position":3,"name":"iOCHOW Aktenvernichter mit Automatischem Einzug: 150-Blatt-Mikroschnitt, Sicherheitsstufe P-4, Leiser Profi-Aktenvernichter, Laufzeit 30 Minuten, mit Ausziehbarem 25L Auffangbeh\u00e4lter"}]},{"@type":"WebSite","@id":"https:\/\/marktxxl.de\/markt\/#website","url":"https:\/\/marktxxl.de\/markt\/","name":"Markt-XXL","description":"Ihr Markt Online","publisher":{"@id":"https:\/\/marktxxl.de\/markt\/#organization"},"potentialAction":[{"@type":"SearchAction","target":{"@type":"EntryPoint","urlTemplate":"https:\/\/marktxxl.de\/markt\/?s={search_term_string}"},"query-input":{"@type":"PropertyValueSpecification","valueRequired":true,"valueName":"search_term_string"}}],"inLanguage":"de"},{"@type":"Organization","@id":"https:\/\/marktxxl.de\/markt\/#organization","name":"Markt-XXL","url":"https:\/\/marktxxl.de\/markt\/","logo":{"@type":"ImageObject","inLanguage":"de","@id":"https:\/\/marktxxl.de\/markt\/#\/schema\/logo\/image\/","url":"https:\/\/marktxxl.de\/markt\/wp-content\/uploads\/sites\/3\/2020\/12\/logo.png","contentUrl":"https:\/\/marktxxl.de\/markt\/wp-content\/uploads\/sites\/3\/2020\/12\/logo.png","width":200,"height":70,"caption":"Markt-XXL"},"image":{"@id":"https:\/\/marktxxl.de\/markt\/#\/schema\/logo\/image\/"}}]}},"_links":{"self":[{"href":"https:\/\/marktxxl.de\/markt\/wp-json\/wp\/v2\/product\/219107","targetHints":{"allow":["GET"]}}],"collection":[{"href":"https:\/\/marktxxl.de\/markt\/wp-json\/wp\/v2\/product"}],"about":[{"href":"https:\/\/marktxxl.de\/markt\/wp-json\/wp\/v2\/types\/product"}],"replies":[{"embeddable":true,"href":"https:\/\/marktxxl.de\/markt\/wp-json\/wp\/v2\/comments?post=219107"}],"wp:featuredmedia":[{"embeddable":true,"href":"https:\/\/marktxxl.de\/markt\/wp-json\/wp\/v2\/media\/219108"}],"wp:attachment":[{"href":"https:\/\/marktxxl.de\/markt\/wp-json\/wp\/v2\/media?parent=219107"}],"wp:term":[{"taxonomy":"product_brand","embeddable":true,"href":"https:\/\/marktxxl.de\/markt\/wp-json\/wp\/v2\/product_brand?post=219107"},{"taxonomy":"product_cat","embeddable":true,"href":"https:\/\/marktxxl.de\/markt\/wp-json\/wp\/v2\/product_cat?post=219107"},{"taxonomy":"product_tag","embeddable":true,"href":"https:\/\/marktxxl.de\/markt\/wp-json\/wp\/v2\/product_tag?post=219107"}],"curies":[{"name":"wp","href":"https:\/\/api.w.org\/{rel}","templated":true}]}}