{"id":219048,"date":"2024-07-28T10:46:35","date_gmt":"2024-07-28T08:46:35","guid":{"rendered":"https:\/\/marktxxl.de\/markt\/produkt\/led-mais-gluehbirnen-e27-7w-60w-entspricht-gluehbirnen-nicht-dimmbar-3000k-warmweiss-1000lm-kleine-edison-schraube-kerze-leuchtmittel-3er-packmehrweg\/"},"modified":"2024-07-28T10:46:35","modified_gmt":"2024-07-28T08:46:35","slug":"led-mais-gluehbirnen-e27-7w-60w-entspricht-gluehbirnen-nicht-dimmbar-3000k-warmweiss-1000lm-kleine-edison-schraube-kerze-leuchtmittel-3er-packmehrweg","status":"publish","type":"product","link":"https:\/\/marktxxl.de\/markt\/produkt\/led-mais-gluehbirnen-e27-7w-60w-entspricht-gluehbirnen-nicht-dimmbar-3000k-warmweiss-1000lm-kleine-edison-schraube-kerze-leuchtmittel-3er-packmehrweg\/","title":{"rendered":"LED Mais Gl\u00fchbirnen E27 7W 60W Entspricht Gl\u00fchbirnen Nicht dimmbar 3000K Warmwei\u00df 1000LM Kleine Edison-Schraube Kerze Leuchtmittel (3er-Pack)[MEHRWEG]"},"content":{"rendered":"<p>Energiesparend: Mit einer Leistung von 7W ersetzt diese LED Lampe eine 60W Gl\u00fchlampe, damit k\u00f6nnen \u00fcber 90% an Stromkosten gespart werden. Hohe Ausgangsleistung bis zu 1000 Lumen, das Licht verteilt sich auf ein gr\u00f6\u00dferes Gebiet, und heller<br \/>\nGute eigenschaften: Die materialien sind vor allem Keramik,kunststoffe und Aluminium, das ist eine Gute w\u00e4rmeableitung. Aluminium IST direkte geschnitzt, die gl\u00fchbirne, die Hitze. Hohe helligkeit und der geringe stromverbrauch mehr ALS 30.000 stunden akkulaufzeit, die Verringerung der \u00c4rger der h\u00e4ufigen Ersatz<br \/>\nBreiter Anwendungsbereich: Die perfekte Dekoration Wahl f\u00fcr den Innen: Bars, Cafes, Restaurant, Schlafzimmer, Ausstellungen, Clubs, Esszimmer, Schaufenster, Malls, Kunst, R\u00e4umen, Museen&#8230;<br \/>\nUmweltfreundlich: kein sch\u00e4dliches Blei oder Quecksilber. Keine UV, IR oder anderen sch\u00e4dlichen Strahlung.Kein Flackern, Kein Blitz, Sch\u00fctze deine Augen.<br \/>\nGarantie: zwei Jahre unbegrenzte Garantie, Falls sie Fragen haben, senden sie bitte eine e &#8211; mail an uns. Wir Werden innerhalb von 24 stunden antworten<br \/>\n<div class=\"main-cross-sell\" data-asin=\"B07XSDPSH8\">\n\n\t<div class=\"WooZone-cross-sell-loader\">\n\t\t<div>\n\t\t\t<div id=\"floatingBarsG\">\n\t\t\t\t<div class=\"blockG\" id=\"rotateG_01\"><\/div>\n\t\t\t\t<div class=\"blockG\" id=\"rotateG_02\"><\/div>\n\t\t\t\t<div class=\"blockG\" id=\"rotateG_03\"><\/div>\n\t\t\t\t<div class=\"blockG\" id=\"rotateG_04\"><\/div>\n\t\t\t\t<div class=\"blockG\" id=\"rotateG_05\"><\/div>\n\t\t\t\t<div class=\"blockG\" id=\"rotateG_06\"><\/div>\n\t\t\t\t<div class=\"blockG\" id=\"rotateG_07\"><\/div>\n\t\t\t\t<div class=\"blockG\" id=\"rotateG_08\"><\/div>\n\t\t\t<\/div>\n\t\t\t<div class=\"WooZone-cross-sell-loader-text\"><\/div>\n\t\t<\/div>\n\t<\/div>\n\n\t\t\n<\/div>\n<div style=\"clear:both;\"><\/div><\/p>\n","protected":false},"excerpt":{"rendered":"<p>Energiesparend: Mit einer Leistung von 7W ersetzt diese LED Lampe eine 60W Gl\u00fchlampe, damit k\u00f6nnen \u00fcber 90% an Stromkosten gespart werden. Hohe Ausgangsleistung bis zu 1000 Lumen, das Licht verteilt sich auf ein gr\u00f6\u00dferes Gebiet, und heller<br \/>\nGute eigenschaften: Die materialien sind vor allem Keramik,kunststoffe und Aluminium, das ist eine Gute w\u00e4rmeableitung. Aluminium IST direkte geschnitzt, die gl\u00fchbirne, die Hitze. Hohe helligkeit und der geringe stromverbrauch mehr ALS 30.000 stunden akkulaufzeit, die Verringerung der \u00c4rger der h\u00e4ufigen Ersatz<br \/>\nBreiter Anwendungsbereich: Die perfekte Dekoration Wahl f\u00fcr den Innen: Bars, Cafes, Restaurant, Schlafzimmer, Ausstellungen, Clubs, Esszimmer, Schaufenster, Malls, Kunst, R\u00e4umen, Museen&#8230;<\/p>\n","protected":false},"featured_media":219049,"comment_status":"open","ping_status":"closed","template":"","meta":[],"product_brand":[],"product_cat":[2108,11521],"product_tag":[],"class_list":{"0":"post-219048","1":"product","2":"type-product","3":"status-publish","4":"has-post-thumbnail","6":"product_cat-beleuchtung","7":"product_cat-leuchtmittel","8":"pa_binding-werkzeug","9":"pa_brand-brolskun","10":"pa_height-1-14-zoll","11":"pa_length-2-99-zoll","12":"pa_manufacturer-bsgon","13":"pa_model-kexle","14":"pa_size-3-stueck-1er-pack","15":"pa_weight-0-330693393-pounds","16":"pa_width-1-14-zoll","18":"first","19":"instock","20":"shipping-taxable","21":"purchasable","22":"product-type-simple","23":"customify-col","24":"product-has-gallery"},"yoast_head":"<!-- This site is optimized with the Yoast SEO plugin v27.4 - https:\/\/yoast.com\/product\/yoast-seo-wordpress\/ -->\n<title>LED Mais Gl\u00fchbirnen E27 7W 60W Entspricht Gl\u00fchbirnen Nicht dimmbar 3000K Warmwei\u00df 1000LM Kleine Edison-Schraube Kerze Leuchtmittel (3er-Pack)[MEHRWEG] - Markt-XXL<\/title>\n<meta name=\"description\" content=\"Markt-XXL LED Mais Gl\u00fchbirnen E27 7W 60W Entspricht Gl\u00fchbirnen Nicht dimmbar 3000K Warmwei\u00df 1000LM Kleine Edison-Schraube Kerze Leuchtmittel (3er-Pack)[MEHRWEG]\" \/>\n<meta name=\"robots\" content=\"index, follow, max-snippet:-1, max-image-preview:large, max-video-preview:-1\" \/>\n<link rel=\"canonical\" href=\"https:\/\/marktxxl.de\/markt\/produkt\/led-mais-gluehbirnen-e27-7w-60w-entspricht-gluehbirnen-nicht-dimmbar-3000k-warmweiss-1000lm-kleine-edison-schraube-kerze-leuchtmittel-3er-packmehrweg\/\" \/>\n<meta property=\"og:locale\" content=\"de_DE\" \/>\n<meta property=\"og:type\" content=\"article\" \/>\n<meta property=\"og:title\" content=\"LED Mais Gl\u00fchbirnen E27 7W 60W Entspricht Gl\u00fchbirnen Nicht dimmbar 3000K Warmwei\u00df 1000LM Kleine Edison-Schraube Kerze Leuchtmittel (3er-Pack)[MEHRWEG] - Markt-XXL\" \/>\n<meta property=\"og:description\" content=\"Markt-XXL LED Mais Gl\u00fchbirnen E27 7W 60W Entspricht Gl\u00fchbirnen Nicht dimmbar 3000K Warmwei\u00df 1000LM Kleine Edison-Schraube Kerze Leuchtmittel (3er-Pack)[MEHRWEG]\" \/>\n<meta property=\"og:url\" content=\"https:\/\/marktxxl.de\/markt\/produkt\/led-mais-gluehbirnen-e27-7w-60w-entspricht-gluehbirnen-nicht-dimmbar-3000k-warmweiss-1000lm-kleine-edison-schraube-kerze-leuchtmittel-3er-packmehrweg\/\" \/>\n<meta property=\"og:site_name\" content=\"Markt-XXL\" \/>\n<meta name=\"twitter:card\" content=\"summary_large_image\" \/>\n<meta name=\"twitter:label1\" content=\"Gesch\u00e4tzte Lesezeit\" \/>\n\t<meta name=\"twitter:data1\" content=\"1\u00a0Minute\" \/>\n<script type=\"application\/ld+json\" class=\"yoast-schema-graph\">{\"@context\":\"https:\\\/\\\/schema.org\",\"@graph\":[{\"@type\":\"WebPage\",\"@id\":\"https:\\\/\\\/marktxxl.de\\\/markt\\\/produkt\\\/led-mais-gluehbirnen-e27-7w-60w-entspricht-gluehbirnen-nicht-dimmbar-3000k-warmweiss-1000lm-kleine-edison-schraube-kerze-leuchtmittel-3er-packmehrweg\\\/\",\"url\":\"https:\\\/\\\/marktxxl.de\\\/markt\\\/produkt\\\/led-mais-gluehbirnen-e27-7w-60w-entspricht-gluehbirnen-nicht-dimmbar-3000k-warmweiss-1000lm-kleine-edison-schraube-kerze-leuchtmittel-3er-packmehrweg\\\/\",\"name\":\"LED Mais Gl\u00fchbirnen E27 7W 60W Entspricht Gl\u00fchbirnen Nicht dimmbar 3000K Warmwei\u00df 1000LM Kleine Edison-Schraube Kerze Leuchtmittel (3er-Pack)[MEHRWEG] - Markt-XXL\",\"isPartOf\":{\"@id\":\"https:\\\/\\\/marktxxl.de\\\/markt\\\/#website\"},\"primaryImageOfPage\":{\"@id\":\"https:\\\/\\\/marktxxl.de\\\/markt\\\/produkt\\\/led-mais-gluehbirnen-e27-7w-60w-entspricht-gluehbirnen-nicht-dimmbar-3000k-warmweiss-1000lm-kleine-edison-schraube-kerze-leuchtmittel-3er-packmehrweg\\\/#primaryimage\"},\"image\":{\"@id\":\"https:\\\/\\\/marktxxl.de\\\/markt\\\/produkt\\\/led-mais-gluehbirnen-e27-7w-60w-entspricht-gluehbirnen-nicht-dimmbar-3000k-warmweiss-1000lm-kleine-edison-schraube-kerze-leuchtmittel-3er-packmehrweg\\\/#primaryimage\"},\"thumbnailUrl\":\"https:\\\/\\\/m.media-amazon.com\\\/images\\\/I\\\/414H8LrbkTL._SL500_.jpg\",\"datePublished\":\"2024-07-28T08:46:35+00:00\",\"description\":\"Markt-XXL LED Mais Gl\u00fchbirnen E27 7W 60W Entspricht Gl\u00fchbirnen Nicht dimmbar 3000K Warmwei\u00df 1000LM Kleine Edison-Schraube Kerze Leuchtmittel (3er-Pack)[MEHRWEG]\",\"breadcrumb\":{\"@id\":\"https:\\\/\\\/marktxxl.de\\\/markt\\\/produkt\\\/led-mais-gluehbirnen-e27-7w-60w-entspricht-gluehbirnen-nicht-dimmbar-3000k-warmweiss-1000lm-kleine-edison-schraube-kerze-leuchtmittel-3er-packmehrweg\\\/#breadcrumb\"},\"inLanguage\":\"de\",\"potentialAction\":[{\"@type\":\"ReadAction\",\"target\":[\"https:\\\/\\\/marktxxl.de\\\/markt\\\/produkt\\\/led-mais-gluehbirnen-e27-7w-60w-entspricht-gluehbirnen-nicht-dimmbar-3000k-warmweiss-1000lm-kleine-edison-schraube-kerze-leuchtmittel-3er-packmehrweg\\\/\"]}]},{\"@type\":\"ImageObject\",\"inLanguage\":\"de\",\"@id\":\"https:\\\/\\\/marktxxl.de\\\/markt\\\/produkt\\\/led-mais-gluehbirnen-e27-7w-60w-entspricht-gluehbirnen-nicht-dimmbar-3000k-warmweiss-1000lm-kleine-edison-schraube-kerze-leuchtmittel-3er-packmehrweg\\\/#primaryimage\",\"url\":\"https:\\\/\\\/m.media-amazon.com\\\/images\\\/I\\\/414H8LrbkTL._SL500_.jpg\",\"contentUrl\":\"https:\\\/\\\/m.media-amazon.com\\\/images\\\/I\\\/414H8LrbkTL._SL500_.jpg\",\"width\":500,\"height\":500},{\"@type\":\"BreadcrumbList\",\"@id\":\"https:\\\/\\\/marktxxl.de\\\/markt\\\/produkt\\\/led-mais-gluehbirnen-e27-7w-60w-entspricht-gluehbirnen-nicht-dimmbar-3000k-warmweiss-1000lm-kleine-edison-schraube-kerze-leuchtmittel-3er-packmehrweg\\\/#breadcrumb\",\"itemListElement\":[{\"@type\":\"ListItem\",\"position\":1,\"name\":\"Startseite\",\"item\":\"https:\\\/\\\/marktxxl.de\\\/markt\\\/\"},{\"@type\":\"ListItem\",\"position\":2,\"name\":\"Markt\",\"item\":\"https:\\\/\\\/marktxxl.de\\\/markt\\\/\"},{\"@type\":\"ListItem\",\"position\":3,\"name\":\"LED Mais Gl\u00fchbirnen E27 7W 60W Entspricht Gl\u00fchbirnen Nicht dimmbar 3000K Warmwei\u00df 1000LM Kleine Edison-Schraube Kerze Leuchtmittel (3er-Pack)[MEHRWEG]\"}]},{\"@type\":\"WebSite\",\"@id\":\"https:\\\/\\\/marktxxl.de\\\/markt\\\/#website\",\"url\":\"https:\\\/\\\/marktxxl.de\\\/markt\\\/\",\"name\":\"Markt-XXL\",\"description\":\"Ihr Markt Online\",\"publisher\":{\"@id\":\"https:\\\/\\\/marktxxl.de\\\/markt\\\/#organization\"},\"potentialAction\":[{\"@type\":\"SearchAction\",\"target\":{\"@type\":\"EntryPoint\",\"urlTemplate\":\"https:\\\/\\\/marktxxl.de\\\/markt\\\/?s={search_term_string}\"},\"query-input\":{\"@type\":\"PropertyValueSpecification\",\"valueRequired\":true,\"valueName\":\"search_term_string\"}}],\"inLanguage\":\"de\"},{\"@type\":\"Organization\",\"@id\":\"https:\\\/\\\/marktxxl.de\\\/markt\\\/#organization\",\"name\":\"Markt-XXL\",\"url\":\"https:\\\/\\\/marktxxl.de\\\/markt\\\/\",\"logo\":{\"@type\":\"ImageObject\",\"inLanguage\":\"de\",\"@id\":\"https:\\\/\\\/marktxxl.de\\\/markt\\\/#\\\/schema\\\/logo\\\/image\\\/\",\"url\":\"https:\\\/\\\/marktxxl.de\\\/markt\\\/wp-content\\\/uploads\\\/sites\\\/3\\\/2020\\\/12\\\/logo.png\",\"contentUrl\":\"https:\\\/\\\/marktxxl.de\\\/markt\\\/wp-content\\\/uploads\\\/sites\\\/3\\\/2020\\\/12\\\/logo.png\",\"width\":200,\"height\":70,\"caption\":\"Markt-XXL\"},\"image\":{\"@id\":\"https:\\\/\\\/marktxxl.de\\\/markt\\\/#\\\/schema\\\/logo\\\/image\\\/\"}}]}<\/script>\n<!-- \/ Yoast SEO plugin. -->","yoast_head_json":{"title":"LED Mais Gl\u00fchbirnen E27 7W 60W Entspricht Gl\u00fchbirnen Nicht dimmbar 3000K Warmwei\u00df 1000LM Kleine Edison-Schraube Kerze Leuchtmittel (3er-Pack)[MEHRWEG] - Markt-XXL","description":"Markt-XXL LED Mais Gl\u00fchbirnen E27 7W 60W Entspricht Gl\u00fchbirnen Nicht dimmbar 3000K Warmwei\u00df 1000LM Kleine Edison-Schraube Kerze Leuchtmittel (3er-Pack)[MEHRWEG]","robots":{"index":"index","follow":"follow","max-snippet":"max-snippet:-1","max-image-preview":"max-image-preview:large","max-video-preview":"max-video-preview:-1"},"canonical":"https:\/\/marktxxl.de\/markt\/produkt\/led-mais-gluehbirnen-e27-7w-60w-entspricht-gluehbirnen-nicht-dimmbar-3000k-warmweiss-1000lm-kleine-edison-schraube-kerze-leuchtmittel-3er-packmehrweg\/","og_locale":"de_DE","og_type":"article","og_title":"LED Mais Gl\u00fchbirnen E27 7W 60W Entspricht Gl\u00fchbirnen Nicht dimmbar 3000K Warmwei\u00df 1000LM Kleine Edison-Schraube Kerze Leuchtmittel (3er-Pack)[MEHRWEG] - Markt-XXL","og_description":"Markt-XXL LED Mais Gl\u00fchbirnen E27 7W 60W Entspricht Gl\u00fchbirnen Nicht dimmbar 3000K Warmwei\u00df 1000LM Kleine Edison-Schraube Kerze Leuchtmittel (3er-Pack)[MEHRWEG]","og_url":"https:\/\/marktxxl.de\/markt\/produkt\/led-mais-gluehbirnen-e27-7w-60w-entspricht-gluehbirnen-nicht-dimmbar-3000k-warmweiss-1000lm-kleine-edison-schraube-kerze-leuchtmittel-3er-packmehrweg\/","og_site_name":"Markt-XXL","twitter_card":"summary_large_image","twitter_misc":{"Gesch\u00e4tzte Lesezeit":"1\u00a0Minute"},"schema":{"@context":"https:\/\/schema.org","@graph":[{"@type":"WebPage","@id":"https:\/\/marktxxl.de\/markt\/produkt\/led-mais-gluehbirnen-e27-7w-60w-entspricht-gluehbirnen-nicht-dimmbar-3000k-warmweiss-1000lm-kleine-edison-schraube-kerze-leuchtmittel-3er-packmehrweg\/","url":"https:\/\/marktxxl.de\/markt\/produkt\/led-mais-gluehbirnen-e27-7w-60w-entspricht-gluehbirnen-nicht-dimmbar-3000k-warmweiss-1000lm-kleine-edison-schraube-kerze-leuchtmittel-3er-packmehrweg\/","name":"LED Mais Gl\u00fchbirnen E27 7W 60W Entspricht Gl\u00fchbirnen Nicht dimmbar 3000K Warmwei\u00df 1000LM Kleine Edison-Schraube Kerze Leuchtmittel (3er-Pack)[MEHRWEG] - Markt-XXL","isPartOf":{"@id":"https:\/\/marktxxl.de\/markt\/#website"},"primaryImageOfPage":{"@id":"https:\/\/marktxxl.de\/markt\/produkt\/led-mais-gluehbirnen-e27-7w-60w-entspricht-gluehbirnen-nicht-dimmbar-3000k-warmweiss-1000lm-kleine-edison-schraube-kerze-leuchtmittel-3er-packmehrweg\/#primaryimage"},"image":{"@id":"https:\/\/marktxxl.de\/markt\/produkt\/led-mais-gluehbirnen-e27-7w-60w-entspricht-gluehbirnen-nicht-dimmbar-3000k-warmweiss-1000lm-kleine-edison-schraube-kerze-leuchtmittel-3er-packmehrweg\/#primaryimage"},"thumbnailUrl":"https:\/\/m.media-amazon.com\/images\/I\/414H8LrbkTL._SL500_.jpg","datePublished":"2024-07-28T08:46:35+00:00","description":"Markt-XXL LED Mais Gl\u00fchbirnen E27 7W 60W Entspricht Gl\u00fchbirnen Nicht dimmbar 3000K Warmwei\u00df 1000LM Kleine Edison-Schraube Kerze Leuchtmittel (3er-Pack)[MEHRWEG]","breadcrumb":{"@id":"https:\/\/marktxxl.de\/markt\/produkt\/led-mais-gluehbirnen-e27-7w-60w-entspricht-gluehbirnen-nicht-dimmbar-3000k-warmweiss-1000lm-kleine-edison-schraube-kerze-leuchtmittel-3er-packmehrweg\/#breadcrumb"},"inLanguage":"de","potentialAction":[{"@type":"ReadAction","target":["https:\/\/marktxxl.de\/markt\/produkt\/led-mais-gluehbirnen-e27-7w-60w-entspricht-gluehbirnen-nicht-dimmbar-3000k-warmweiss-1000lm-kleine-edison-schraube-kerze-leuchtmittel-3er-packmehrweg\/"]}]},{"@type":"ImageObject","inLanguage":"de","@id":"https:\/\/marktxxl.de\/markt\/produkt\/led-mais-gluehbirnen-e27-7w-60w-entspricht-gluehbirnen-nicht-dimmbar-3000k-warmweiss-1000lm-kleine-edison-schraube-kerze-leuchtmittel-3er-packmehrweg\/#primaryimage","url":"https:\/\/m.media-amazon.com\/images\/I\/414H8LrbkTL._SL500_.jpg","contentUrl":"https:\/\/m.media-amazon.com\/images\/I\/414H8LrbkTL._SL500_.jpg","width":500,"height":500},{"@type":"BreadcrumbList","@id":"https:\/\/marktxxl.de\/markt\/produkt\/led-mais-gluehbirnen-e27-7w-60w-entspricht-gluehbirnen-nicht-dimmbar-3000k-warmweiss-1000lm-kleine-edison-schraube-kerze-leuchtmittel-3er-packmehrweg\/#breadcrumb","itemListElement":[{"@type":"ListItem","position":1,"name":"Startseite","item":"https:\/\/marktxxl.de\/markt\/"},{"@type":"ListItem","position":2,"name":"Markt","item":"https:\/\/marktxxl.de\/markt\/"},{"@type":"ListItem","position":3,"name":"LED Mais Gl\u00fchbirnen E27 7W 60W Entspricht Gl\u00fchbirnen Nicht dimmbar 3000K Warmwei\u00df 1000LM Kleine Edison-Schraube Kerze Leuchtmittel (3er-Pack)[MEHRWEG]"}]},{"@type":"WebSite","@id":"https:\/\/marktxxl.de\/markt\/#website","url":"https:\/\/marktxxl.de\/markt\/","name":"Markt-XXL","description":"Ihr Markt Online","publisher":{"@id":"https:\/\/marktxxl.de\/markt\/#organization"},"potentialAction":[{"@type":"SearchAction","target":{"@type":"EntryPoint","urlTemplate":"https:\/\/marktxxl.de\/markt\/?s={search_term_string}"},"query-input":{"@type":"PropertyValueSpecification","valueRequired":true,"valueName":"search_term_string"}}],"inLanguage":"de"},{"@type":"Organization","@id":"https:\/\/marktxxl.de\/markt\/#organization","name":"Markt-XXL","url":"https:\/\/marktxxl.de\/markt\/","logo":{"@type":"ImageObject","inLanguage":"de","@id":"https:\/\/marktxxl.de\/markt\/#\/schema\/logo\/image\/","url":"https:\/\/marktxxl.de\/markt\/wp-content\/uploads\/sites\/3\/2020\/12\/logo.png","contentUrl":"https:\/\/marktxxl.de\/markt\/wp-content\/uploads\/sites\/3\/2020\/12\/logo.png","width":200,"height":70,"caption":"Markt-XXL"},"image":{"@id":"https:\/\/marktxxl.de\/markt\/#\/schema\/logo\/image\/"}}]}},"_links":{"self":[{"href":"https:\/\/marktxxl.de\/markt\/wp-json\/wp\/v2\/product\/219048","targetHints":{"allow":["GET"]}}],"collection":[{"href":"https:\/\/marktxxl.de\/markt\/wp-json\/wp\/v2\/product"}],"about":[{"href":"https:\/\/marktxxl.de\/markt\/wp-json\/wp\/v2\/types\/product"}],"replies":[{"embeddable":true,"href":"https:\/\/marktxxl.de\/markt\/wp-json\/wp\/v2\/comments?post=219048"}],"wp:featuredmedia":[{"embeddable":true,"href":"https:\/\/marktxxl.de\/markt\/wp-json\/wp\/v2\/media\/219049"}],"wp:attachment":[{"href":"https:\/\/marktxxl.de\/markt\/wp-json\/wp\/v2\/media?parent=219048"}],"wp:term":[{"taxonomy":"product_brand","embeddable":true,"href":"https:\/\/marktxxl.de\/markt\/wp-json\/wp\/v2\/product_brand?post=219048"},{"taxonomy":"product_cat","embeddable":true,"href":"https:\/\/marktxxl.de\/markt\/wp-json\/wp\/v2\/product_cat?post=219048"},{"taxonomy":"product_tag","embeddable":true,"href":"https:\/\/marktxxl.de\/markt\/wp-json\/wp\/v2\/product_tag?post=219048"}],"curies":[{"name":"wp","href":"https:\/\/api.w.org\/{rel}","templated":true}]}}