{"id":219034,"date":"2024-07-28T10:46:29","date_gmt":"2024-07-28T08:46:29","guid":{"rendered":"https:\/\/marktxxl.de\/markt\/produkt\/osram-filament-led-lampe-mit-e14-sockel-kaltweiss-4000k-kerzenform-2-5w-ersatz-fuer-25w-gluehbirne-matt-led-retrofit-classic-b-kaltweiss\/"},"modified":"2024-07-28T10:46:29","modified_gmt":"2024-07-28T08:46:29","slug":"osram-filament-led-lampe-mit-e14-sockel-kaltweiss-4000k-kerzenform-2-5w-ersatz-fuer-25w-gluehbirne-matt-led-retrofit-classic-b-kaltweiss","status":"publish","type":"product","link":"https:\/\/marktxxl.de\/markt\/produkt\/osram-filament-led-lampe-mit-e14-sockel-kaltweiss-4000k-kerzenform-2-5w-ersatz-fuer-25w-gluehbirne-matt-led-retrofit-classic-b-kaltweiss\/","title":{"rendered":"OSRAM Filament LED Lampe mit E14 Sockel, Kaltweiss (4000K), Kerzenform, 2.5W, Ersatz f\u00fcr 25W-Gl\u00fchbirne, matt, LED Retrofit CLASSIC B, Kaltwei\u00df"},"content":{"rendered":"<p>Energieverbrauch 3 kWh\/1000h bei 250 lm<br \/>\nLange Lebensdauer bis zu 15000 Stunden und bis zu 100000 Schaltzyklen. Kaltwei\u00dfes Licht f\u00fcr erh\u00f6hten Anforderungen an die Konzentration und Sehleistung, in K\u00fcche, Bad oder B\u00fcro<br \/>\nSofort volles Licht, keine Aufw\u00e4rmzeit. Einfacher Austausch von Standardgl\u00fchlampen, echter Ersatz f\u00fcr eine 25-W-Gl\u00fchbirne (Au\u00dfenanwendungen nur in geeigneten Leuchten)<br \/>\nGeringere W\u00e4rmeentwicklung (gegen\u00fcber dem Standardreferenzprodukt). Perfekt f\u00fcr Kronleuchter<br \/>\nLieferumfang: 1 x LED-Lampe E14, 2. 50 W, 220\u2026240 V, Cool White, 4000 K, 100% Quecksilberfrei in bester Qualit\u00e4t der Marke OSRAM.<br \/>\n<div class=\"main-cross-sell\" data-asin=\"B08945LTGK\">\n\n\t<div class=\"WooZone-cross-sell-loader\">\n\t\t<div>\n\t\t\t<div id=\"floatingBarsG\">\n\t\t\t\t<div class=\"blockG\" id=\"rotateG_01\"><\/div>\n\t\t\t\t<div class=\"blockG\" id=\"rotateG_02\"><\/div>\n\t\t\t\t<div class=\"blockG\" id=\"rotateG_03\"><\/div>\n\t\t\t\t<div class=\"blockG\" id=\"rotateG_04\"><\/div>\n\t\t\t\t<div class=\"blockG\" id=\"rotateG_05\"><\/div>\n\t\t\t\t<div class=\"blockG\" id=\"rotateG_06\"><\/div>\n\t\t\t\t<div class=\"blockG\" id=\"rotateG_07\"><\/div>\n\t\t\t\t<div class=\"blockG\" id=\"rotateG_08\"><\/div>\n\t\t\t<\/div>\n\t\t\t<div class=\"WooZone-cross-sell-loader-text\"><\/div>\n\t\t<\/div>\n\t<\/div>\n\n\t\t\n<\/div>\n<div style=\"clear:both;\"><\/div><\/p>\n","protected":false},"excerpt":{"rendered":"<p>Energieverbrauch 3 kWh\/1000h bei 250 lm<br \/>\nLange Lebensdauer bis zu 15000 Stunden und bis zu 100000 Schaltzyklen. Kaltwei\u00dfes Licht f\u00fcr erh\u00f6hten Anforderungen an die Konzentration und Sehleistung, in K\u00fcche, Bad oder B\u00fcro<br \/>\nSofort volles Licht, keine Aufw\u00e4rmzeit. Einfacher Austausch von Standardgl\u00fchlampen, echter Ersatz f\u00fcr eine 25-W-Gl\u00fchbirne (Au\u00dfenanwendungen nur in geeigneten Leuchten)<\/p>\n","protected":false},"featured_media":219035,"comment_status":"open","ping_status":"closed","template":"","meta":[],"product_brand":[],"product_cat":[2108,11521],"product_tag":[],"class_list":{"0":"post-219034","1":"product","2":"type-product","3":"status-publish","4":"has-post-thumbnail","6":"product_cat-beleuchtung","7":"product_cat-leuchtmittel","8":"pa_binding-haushaltswaren","9":"pa_brand-osram","10":"pa_color-kaltweiss","11":"pa_height-1-37795-zoll","12":"pa_languages-unbekannt-englisch","13":"pa_length-3-937-zoll","14":"pa_manufacturer-ledvance","15":"pa_model-55075","16":"pa_size-1-stueck-1er-pack","17":"pa_warranty-3-jahre","18":"pa_width-1-37795-zoll","20":"first","21":"instock","22":"shipping-taxable","23":"purchasable","24":"product-type-simple","25":"customify-col","26":"product-has-gallery"},"yoast_head":"<!-- This site is optimized with the Yoast SEO plugin v27.4 - https:\/\/yoast.com\/product\/yoast-seo-wordpress\/ -->\n<title>OSRAM Filament LED Lampe mit E14 Sockel, Kaltweiss (4000K), Kerzenform, 2.5W, Ersatz f\u00fcr 25W-Gl\u00fchbirne, matt, LED Retrofit CLASSIC B, Kaltwei\u00df - Markt-XXL<\/title>\n<meta name=\"description\" content=\"Markt-XXL OSRAM Filament LED Lampe mit E14 Sockel, Kaltweiss (4000K), Kerzenform, 2.5W, Ersatz f\u00fcr 25W-Gl\u00fchbirne, matt, LED Retrofit CLASSIC B, Kaltwei\u00df\" \/>\n<meta name=\"robots\" content=\"index, follow, max-snippet:-1, max-image-preview:large, max-video-preview:-1\" \/>\n<link rel=\"canonical\" href=\"https:\/\/marktxxl.de\/markt\/produkt\/osram-filament-led-lampe-mit-e14-sockel-kaltweiss-4000k-kerzenform-2-5w-ersatz-fuer-25w-gluehbirne-matt-led-retrofit-classic-b-kaltweiss\/\" \/>\n<meta property=\"og:locale\" content=\"de_DE\" \/>\n<meta property=\"og:type\" content=\"article\" \/>\n<meta property=\"og:title\" content=\"OSRAM Filament LED Lampe mit E14 Sockel, Kaltweiss (4000K), Kerzenform, 2.5W, Ersatz f\u00fcr 25W-Gl\u00fchbirne, matt, LED Retrofit CLASSIC B, Kaltwei\u00df - Markt-XXL\" \/>\n<meta property=\"og:description\" content=\"Markt-XXL OSRAM Filament LED Lampe mit E14 Sockel, Kaltweiss (4000K), Kerzenform, 2.5W, Ersatz f\u00fcr 25W-Gl\u00fchbirne, matt, LED Retrofit CLASSIC B, Kaltwei\u00df\" \/>\n<meta property=\"og:url\" content=\"https:\/\/marktxxl.de\/markt\/produkt\/osram-filament-led-lampe-mit-e14-sockel-kaltweiss-4000k-kerzenform-2-5w-ersatz-fuer-25w-gluehbirne-matt-led-retrofit-classic-b-kaltweiss\/\" \/>\n<meta property=\"og:site_name\" content=\"Markt-XXL\" \/>\n<meta name=\"twitter:card\" content=\"summary_large_image\" \/>\n<script type=\"application\/ld+json\" class=\"yoast-schema-graph\">{\"@context\":\"https:\\\/\\\/schema.org\",\"@graph\":[{\"@type\":\"WebPage\",\"@id\":\"https:\\\/\\\/marktxxl.de\\\/markt\\\/produkt\\\/osram-filament-led-lampe-mit-e14-sockel-kaltweiss-4000k-kerzenform-2-5w-ersatz-fuer-25w-gluehbirne-matt-led-retrofit-classic-b-kaltweiss\\\/\",\"url\":\"https:\\\/\\\/marktxxl.de\\\/markt\\\/produkt\\\/osram-filament-led-lampe-mit-e14-sockel-kaltweiss-4000k-kerzenform-2-5w-ersatz-fuer-25w-gluehbirne-matt-led-retrofit-classic-b-kaltweiss\\\/\",\"name\":\"OSRAM Filament LED Lampe mit E14 Sockel, Kaltweiss (4000K), Kerzenform, 2.5W, Ersatz f\u00fcr 25W-Gl\u00fchbirne, matt, LED Retrofit CLASSIC B, Kaltwei\u00df - Markt-XXL\",\"isPartOf\":{\"@id\":\"https:\\\/\\\/marktxxl.de\\\/markt\\\/#website\"},\"primaryImageOfPage\":{\"@id\":\"https:\\\/\\\/marktxxl.de\\\/markt\\\/produkt\\\/osram-filament-led-lampe-mit-e14-sockel-kaltweiss-4000k-kerzenform-2-5w-ersatz-fuer-25w-gluehbirne-matt-led-retrofit-classic-b-kaltweiss\\\/#primaryimage\"},\"image\":{\"@id\":\"https:\\\/\\\/marktxxl.de\\\/markt\\\/produkt\\\/osram-filament-led-lampe-mit-e14-sockel-kaltweiss-4000k-kerzenform-2-5w-ersatz-fuer-25w-gluehbirne-matt-led-retrofit-classic-b-kaltweiss\\\/#primaryimage\"},\"thumbnailUrl\":\"https:\\\/\\\/m.media-amazon.com\\\/images\\\/I\\\/31cXdziEMML._SL500_.jpg\",\"datePublished\":\"2024-07-28T08:46:29+00:00\",\"description\":\"Markt-XXL OSRAM Filament LED Lampe mit E14 Sockel, Kaltweiss (4000K), Kerzenform, 2.5W, Ersatz f\u00fcr 25W-Gl\u00fchbirne, matt, LED Retrofit CLASSIC B, Kaltwei\u00df\",\"breadcrumb\":{\"@id\":\"https:\\\/\\\/marktxxl.de\\\/markt\\\/produkt\\\/osram-filament-led-lampe-mit-e14-sockel-kaltweiss-4000k-kerzenform-2-5w-ersatz-fuer-25w-gluehbirne-matt-led-retrofit-classic-b-kaltweiss\\\/#breadcrumb\"},\"inLanguage\":\"de\",\"potentialAction\":[{\"@type\":\"ReadAction\",\"target\":[\"https:\\\/\\\/marktxxl.de\\\/markt\\\/produkt\\\/osram-filament-led-lampe-mit-e14-sockel-kaltweiss-4000k-kerzenform-2-5w-ersatz-fuer-25w-gluehbirne-matt-led-retrofit-classic-b-kaltweiss\\\/\"]}]},{\"@type\":\"ImageObject\",\"inLanguage\":\"de\",\"@id\":\"https:\\\/\\\/marktxxl.de\\\/markt\\\/produkt\\\/osram-filament-led-lampe-mit-e14-sockel-kaltweiss-4000k-kerzenform-2-5w-ersatz-fuer-25w-gluehbirne-matt-led-retrofit-classic-b-kaltweiss\\\/#primaryimage\",\"url\":\"https:\\\/\\\/m.media-amazon.com\\\/images\\\/I\\\/31cXdziEMML._SL500_.jpg\",\"contentUrl\":\"https:\\\/\\\/m.media-amazon.com\\\/images\\\/I\\\/31cXdziEMML._SL500_.jpg\",\"width\":412,\"height\":500},{\"@type\":\"BreadcrumbList\",\"@id\":\"https:\\\/\\\/marktxxl.de\\\/markt\\\/produkt\\\/osram-filament-led-lampe-mit-e14-sockel-kaltweiss-4000k-kerzenform-2-5w-ersatz-fuer-25w-gluehbirne-matt-led-retrofit-classic-b-kaltweiss\\\/#breadcrumb\",\"itemListElement\":[{\"@type\":\"ListItem\",\"position\":1,\"name\":\"Startseite\",\"item\":\"https:\\\/\\\/marktxxl.de\\\/markt\\\/\"},{\"@type\":\"ListItem\",\"position\":2,\"name\":\"Markt\",\"item\":\"https:\\\/\\\/marktxxl.de\\\/markt\\\/\"},{\"@type\":\"ListItem\",\"position\":3,\"name\":\"OSRAM Filament LED Lampe mit E14 Sockel, Kaltweiss (4000K), Kerzenform, 2.5W, Ersatz f\u00fcr 25W-Gl\u00fchbirne, matt, LED Retrofit CLASSIC B, Kaltwei\u00df\"}]},{\"@type\":\"WebSite\",\"@id\":\"https:\\\/\\\/marktxxl.de\\\/markt\\\/#website\",\"url\":\"https:\\\/\\\/marktxxl.de\\\/markt\\\/\",\"name\":\"Markt-XXL\",\"description\":\"Ihr Markt Online\",\"publisher\":{\"@id\":\"https:\\\/\\\/marktxxl.de\\\/markt\\\/#organization\"},\"potentialAction\":[{\"@type\":\"SearchAction\",\"target\":{\"@type\":\"EntryPoint\",\"urlTemplate\":\"https:\\\/\\\/marktxxl.de\\\/markt\\\/?s={search_term_string}\"},\"query-input\":{\"@type\":\"PropertyValueSpecification\",\"valueRequired\":true,\"valueName\":\"search_term_string\"}}],\"inLanguage\":\"de\"},{\"@type\":\"Organization\",\"@id\":\"https:\\\/\\\/marktxxl.de\\\/markt\\\/#organization\",\"name\":\"Markt-XXL\",\"url\":\"https:\\\/\\\/marktxxl.de\\\/markt\\\/\",\"logo\":{\"@type\":\"ImageObject\",\"inLanguage\":\"de\",\"@id\":\"https:\\\/\\\/marktxxl.de\\\/markt\\\/#\\\/schema\\\/logo\\\/image\\\/\",\"url\":\"https:\\\/\\\/marktxxl.de\\\/markt\\\/wp-content\\\/uploads\\\/sites\\\/3\\\/2020\\\/12\\\/logo.png\",\"contentUrl\":\"https:\\\/\\\/marktxxl.de\\\/markt\\\/wp-content\\\/uploads\\\/sites\\\/3\\\/2020\\\/12\\\/logo.png\",\"width\":200,\"height\":70,\"caption\":\"Markt-XXL\"},\"image\":{\"@id\":\"https:\\\/\\\/marktxxl.de\\\/markt\\\/#\\\/schema\\\/logo\\\/image\\\/\"}}]}<\/script>\n<!-- \/ Yoast SEO plugin. -->","yoast_head_json":{"title":"OSRAM Filament LED Lampe mit E14 Sockel, Kaltweiss (4000K), Kerzenform, 2.5W, Ersatz f\u00fcr 25W-Gl\u00fchbirne, matt, LED Retrofit CLASSIC B, Kaltwei\u00df - Markt-XXL","description":"Markt-XXL OSRAM Filament LED Lampe mit E14 Sockel, Kaltweiss (4000K), Kerzenform, 2.5W, Ersatz f\u00fcr 25W-Gl\u00fchbirne, matt, LED Retrofit CLASSIC B, Kaltwei\u00df","robots":{"index":"index","follow":"follow","max-snippet":"max-snippet:-1","max-image-preview":"max-image-preview:large","max-video-preview":"max-video-preview:-1"},"canonical":"https:\/\/marktxxl.de\/markt\/produkt\/osram-filament-led-lampe-mit-e14-sockel-kaltweiss-4000k-kerzenform-2-5w-ersatz-fuer-25w-gluehbirne-matt-led-retrofit-classic-b-kaltweiss\/","og_locale":"de_DE","og_type":"article","og_title":"OSRAM Filament LED Lampe mit E14 Sockel, Kaltweiss (4000K), Kerzenform, 2.5W, Ersatz f\u00fcr 25W-Gl\u00fchbirne, matt, LED Retrofit CLASSIC B, Kaltwei\u00df - Markt-XXL","og_description":"Markt-XXL OSRAM Filament LED Lampe mit E14 Sockel, Kaltweiss (4000K), Kerzenform, 2.5W, Ersatz f\u00fcr 25W-Gl\u00fchbirne, matt, LED Retrofit CLASSIC B, Kaltwei\u00df","og_url":"https:\/\/marktxxl.de\/markt\/produkt\/osram-filament-led-lampe-mit-e14-sockel-kaltweiss-4000k-kerzenform-2-5w-ersatz-fuer-25w-gluehbirne-matt-led-retrofit-classic-b-kaltweiss\/","og_site_name":"Markt-XXL","twitter_card":"summary_large_image","schema":{"@context":"https:\/\/schema.org","@graph":[{"@type":"WebPage","@id":"https:\/\/marktxxl.de\/markt\/produkt\/osram-filament-led-lampe-mit-e14-sockel-kaltweiss-4000k-kerzenform-2-5w-ersatz-fuer-25w-gluehbirne-matt-led-retrofit-classic-b-kaltweiss\/","url":"https:\/\/marktxxl.de\/markt\/produkt\/osram-filament-led-lampe-mit-e14-sockel-kaltweiss-4000k-kerzenform-2-5w-ersatz-fuer-25w-gluehbirne-matt-led-retrofit-classic-b-kaltweiss\/","name":"OSRAM Filament LED Lampe mit E14 Sockel, Kaltweiss (4000K), Kerzenform, 2.5W, Ersatz f\u00fcr 25W-Gl\u00fchbirne, matt, LED Retrofit CLASSIC B, Kaltwei\u00df - Markt-XXL","isPartOf":{"@id":"https:\/\/marktxxl.de\/markt\/#website"},"primaryImageOfPage":{"@id":"https:\/\/marktxxl.de\/markt\/produkt\/osram-filament-led-lampe-mit-e14-sockel-kaltweiss-4000k-kerzenform-2-5w-ersatz-fuer-25w-gluehbirne-matt-led-retrofit-classic-b-kaltweiss\/#primaryimage"},"image":{"@id":"https:\/\/marktxxl.de\/markt\/produkt\/osram-filament-led-lampe-mit-e14-sockel-kaltweiss-4000k-kerzenform-2-5w-ersatz-fuer-25w-gluehbirne-matt-led-retrofit-classic-b-kaltweiss\/#primaryimage"},"thumbnailUrl":"https:\/\/m.media-amazon.com\/images\/I\/31cXdziEMML._SL500_.jpg","datePublished":"2024-07-28T08:46:29+00:00","description":"Markt-XXL OSRAM Filament LED Lampe mit E14 Sockel, Kaltweiss (4000K), Kerzenform, 2.5W, Ersatz f\u00fcr 25W-Gl\u00fchbirne, matt, LED Retrofit CLASSIC B, Kaltwei\u00df","breadcrumb":{"@id":"https:\/\/marktxxl.de\/markt\/produkt\/osram-filament-led-lampe-mit-e14-sockel-kaltweiss-4000k-kerzenform-2-5w-ersatz-fuer-25w-gluehbirne-matt-led-retrofit-classic-b-kaltweiss\/#breadcrumb"},"inLanguage":"de","potentialAction":[{"@type":"ReadAction","target":["https:\/\/marktxxl.de\/markt\/produkt\/osram-filament-led-lampe-mit-e14-sockel-kaltweiss-4000k-kerzenform-2-5w-ersatz-fuer-25w-gluehbirne-matt-led-retrofit-classic-b-kaltweiss\/"]}]},{"@type":"ImageObject","inLanguage":"de","@id":"https:\/\/marktxxl.de\/markt\/produkt\/osram-filament-led-lampe-mit-e14-sockel-kaltweiss-4000k-kerzenform-2-5w-ersatz-fuer-25w-gluehbirne-matt-led-retrofit-classic-b-kaltweiss\/#primaryimage","url":"https:\/\/m.media-amazon.com\/images\/I\/31cXdziEMML._SL500_.jpg","contentUrl":"https:\/\/m.media-amazon.com\/images\/I\/31cXdziEMML._SL500_.jpg","width":412,"height":500},{"@type":"BreadcrumbList","@id":"https:\/\/marktxxl.de\/markt\/produkt\/osram-filament-led-lampe-mit-e14-sockel-kaltweiss-4000k-kerzenform-2-5w-ersatz-fuer-25w-gluehbirne-matt-led-retrofit-classic-b-kaltweiss\/#breadcrumb","itemListElement":[{"@type":"ListItem","position":1,"name":"Startseite","item":"https:\/\/marktxxl.de\/markt\/"},{"@type":"ListItem","position":2,"name":"Markt","item":"https:\/\/marktxxl.de\/markt\/"},{"@type":"ListItem","position":3,"name":"OSRAM Filament LED Lampe mit E14 Sockel, Kaltweiss (4000K), Kerzenform, 2.5W, Ersatz f\u00fcr 25W-Gl\u00fchbirne, matt, LED Retrofit CLASSIC B, Kaltwei\u00df"}]},{"@type":"WebSite","@id":"https:\/\/marktxxl.de\/markt\/#website","url":"https:\/\/marktxxl.de\/markt\/","name":"Markt-XXL","description":"Ihr Markt Online","publisher":{"@id":"https:\/\/marktxxl.de\/markt\/#organization"},"potentialAction":[{"@type":"SearchAction","target":{"@type":"EntryPoint","urlTemplate":"https:\/\/marktxxl.de\/markt\/?s={search_term_string}"},"query-input":{"@type":"PropertyValueSpecification","valueRequired":true,"valueName":"search_term_string"}}],"inLanguage":"de"},{"@type":"Organization","@id":"https:\/\/marktxxl.de\/markt\/#organization","name":"Markt-XXL","url":"https:\/\/marktxxl.de\/markt\/","logo":{"@type":"ImageObject","inLanguage":"de","@id":"https:\/\/marktxxl.de\/markt\/#\/schema\/logo\/image\/","url":"https:\/\/marktxxl.de\/markt\/wp-content\/uploads\/sites\/3\/2020\/12\/logo.png","contentUrl":"https:\/\/marktxxl.de\/markt\/wp-content\/uploads\/sites\/3\/2020\/12\/logo.png","width":200,"height":70,"caption":"Markt-XXL"},"image":{"@id":"https:\/\/marktxxl.de\/markt\/#\/schema\/logo\/image\/"}}]}},"_links":{"self":[{"href":"https:\/\/marktxxl.de\/markt\/wp-json\/wp\/v2\/product\/219034","targetHints":{"allow":["GET"]}}],"collection":[{"href":"https:\/\/marktxxl.de\/markt\/wp-json\/wp\/v2\/product"}],"about":[{"href":"https:\/\/marktxxl.de\/markt\/wp-json\/wp\/v2\/types\/product"}],"replies":[{"embeddable":true,"href":"https:\/\/marktxxl.de\/markt\/wp-json\/wp\/v2\/comments?post=219034"}],"wp:featuredmedia":[{"embeddable":true,"href":"https:\/\/marktxxl.de\/markt\/wp-json\/wp\/v2\/media\/219035"}],"wp:attachment":[{"href":"https:\/\/marktxxl.de\/markt\/wp-json\/wp\/v2\/media?parent=219034"}],"wp:term":[{"taxonomy":"product_brand","embeddable":true,"href":"https:\/\/marktxxl.de\/markt\/wp-json\/wp\/v2\/product_brand?post=219034"},{"taxonomy":"product_cat","embeddable":true,"href":"https:\/\/marktxxl.de\/markt\/wp-json\/wp\/v2\/product_cat?post=219034"},{"taxonomy":"product_tag","embeddable":true,"href":"https:\/\/marktxxl.de\/markt\/wp-json\/wp\/v2\/product_tag?post=219034"}],"curies":[{"name":"wp","href":"https:\/\/api.w.org\/{rel}","templated":true}]}}