{"id":219003,"date":"2024-07-28T10:46:09","date_gmt":"2024-07-28T08:46:09","guid":{"rendered":"https:\/\/marktxxl.de\/markt\/produkt\/oaomi-g9-led-lampe-warmweiss-3000k-g9-led-led-leuchtmittel-3w-entspricht-ersetzt-40w-halogenlampe-30w-40w-gluehbirne-g9-led-lampen-kein-flackernnnicht-dimmbar-leuchtmittel\/"},"modified":"2024-07-28T10:46:09","modified_gmt":"2024-07-28T08:46:09","slug":"oaomi-g9-led-lampe-warmweiss-3000k-g9-led-led-leuchtmittel-3w-entspricht-ersetzt-40w-halogenlampe-30w-40w-gluehbirne-g9-led-lampen-kein-flackernnnicht-dimmbar-leuchtmittel","status":"publish","type":"product","link":"https:\/\/marktxxl.de\/markt\/produkt\/oaomi-g9-led-lampe-warmweiss-3000k-g9-led-led-leuchtmittel-3w-entspricht-ersetzt-40w-halogenlampe-30w-40w-gluehbirne-g9-led-lampen-kein-flackernnnicht-dimmbar-leuchtmittel\/","title":{"rendered":"Oaomi G9 LED Lampe Warmwei\u00df 3000K G9 LED, LED Leuchtmittel 3W Entspricht Ersetzt 40W Halogenlampe 30W-40W, gl\u00fchbirne g9 LED Lampen Kein Flackern,Nnicht Dimmbar Leuchtmittel"},"content":{"rendered":"<p>\u3010Lichteffekt\u3011Die G9 LED Lampe bietet ein warmwei\u00dfes Licht mit 3000K und einem breiten Abstrahlwinkel von 360\u00b0, das die Farben originalgetreu wiedergibt und eine behagliche Atmosph\u00e4re schafft. Mit einer Farbwiedergabe von \u00fcber 85<br \/>\n\u3010Energieverbrauch\u3011Die G9 3W LED Energiesparbirne spart bis zu 90% Energie und reduziert somit Ihre Stromkosten. Mit einer Lebensdauer von bis zu 50.000 Stunden sparen Sie auch die Kosten f\u00fcr den Austausch von Gl\u00fchbirnen. Sie sch\u00fctzt Ihre Augen vor dem Schaden des Lichts mit flimmerfreiem, nicht dimmbarem Licht und schafft gleichzeitig eine angenehme Atmosph\u00e4re.<br \/>\n\u3010Augenschutz\u3011 Eine hohe Farbwiedergabe von CRI&gt; 85 sch\u00fctzt Ihre Augen und l\u00e4sst Sie Farben in ihrer wahren Sch\u00f6nheit erleben. Die Beleuchtung liefert warmwei\u00dfes Licht von 3000K und eignet sich ideal f\u00fcr die Allgemeinbeleuchtung.<br \/>\n\u3010Einfache Installation\u3011 Genie\u00dfen Sie mit dem standardm\u00e4\u00dfigen G9-Sockel einfach und bequem die hellen und klaren Gl\u00fchbirnen. Mit einer Lebensdauer von bis zu 50.000 Stunden reduzieren unsere G9-LED-Lampen Ihre Kosten durch eine seltener notwendige Austauschroutine. Der Standard-G9-Sockel passt sich problemlos allen G9-Sockellampen an.<br \/>\n\u3010Weit Verbreitet\u3011Ideal f\u00fcr vielf\u00e4ltige R\u00e4umlichkeiten wie K\u00fcchen, Wohn- und Esszimmer, Schlafzimmer, Badezimmer, B\u00fcros, Restaurants, Gesch\u00e4fte und Bars. Die herausragenden G9 LED-Birnen in warmwei\u00df schaffen eine einzigartige Lichtatmosph\u00e4re f\u00fcr Ihr Zuhause oder Gesch\u00e4ft.<br \/>\n<div class=\"main-cross-sell\" data-asin=\"B0CP64DL5R\">\n\n\t<div class=\"WooZone-cross-sell-loader\">\n\t\t<div>\n\t\t\t<div id=\"floatingBarsG\">\n\t\t\t\t<div class=\"blockG\" id=\"rotateG_01\"><\/div>\n\t\t\t\t<div class=\"blockG\" id=\"rotateG_02\"><\/div>\n\t\t\t\t<div class=\"blockG\" id=\"rotateG_03\"><\/div>\n\t\t\t\t<div class=\"blockG\" id=\"rotateG_04\"><\/div>\n\t\t\t\t<div class=\"blockG\" id=\"rotateG_05\"><\/div>\n\t\t\t\t<div class=\"blockG\" id=\"rotateG_06\"><\/div>\n\t\t\t\t<div class=\"blockG\" id=\"rotateG_07\"><\/div>\n\t\t\t\t<div class=\"blockG\" id=\"rotateG_08\"><\/div>\n\t\t\t<\/div>\n\t\t\t<div class=\"WooZone-cross-sell-loader-text\"><\/div>\n\t\t<\/div>\n\t<\/div>\n\n\t\t\n<\/div>\n<div style=\"clear:both;\"><\/div><\/p>\n","protected":false},"excerpt":{"rendered":"<p>\u3010Lichteffekt\u3011Die G9 LED Lampe bietet ein warmwei\u00dfes Licht mit 3000K und einem breiten Abstrahlwinkel von 360\u00b0, das die Farben originalgetreu wiedergibt und eine behagliche Atmosph\u00e4re schafft. Mit einer Farbwiedergabe von \u00fcber 85<br \/>\n\u3010Energieverbrauch\u3011Die G9 3W LED Energiesparbirne spart bis zu 90% Energie und reduziert somit Ihre Stromkosten. Mit einer Lebensdauer von bis zu 50.000 Stunden sparen Sie auch die Kosten f\u00fcr den Austausch von Gl\u00fchbirnen. Sie sch\u00fctzt Ihre Augen vor dem Schaden des Lichts mit flimmerfreiem, nicht dimmbarem Licht und schafft gleichzeitig eine angenehme Atmosph\u00e4re.<br \/>\n\u3010Augenschutz\u3011 Eine hohe Farbwiedergabe von CRI&gt; 85 sch\u00fctzt Ihre Augen und l\u00e4sst Sie Farben in ihrer wahren Sch\u00f6nheit erleben. Die Beleuchtung liefert warmwei\u00dfes Licht von 3000K und eignet sich ideal f\u00fcr die Allgemeinbeleuchtung.<\/p>\n","protected":false},"featured_media":219004,"comment_status":"open","ping_status":"closed","template":"","meta":[],"product_brand":[],"product_cat":[2108,11521],"product_tag":[],"class_list":{"0":"post-219003","1":"product","2":"type-product","3":"status-publish","4":"has-post-thumbnail","6":"product_cat-beleuchtung","7":"product_cat-leuchtmittel","8":"pa_brand-oaomi","9":"pa_color-3w-warmweiss","10":"pa_manufacturer-oaomi","11":"pa_model-led","13":"first","14":"instock","15":"sale","16":"shipping-taxable","17":"purchasable","18":"product-type-simple","19":"customify-col","20":"product-has-gallery"},"yoast_head":"<!-- This site is optimized with the Yoast SEO plugin v27.4 - https:\/\/yoast.com\/product\/yoast-seo-wordpress\/ -->\n<title>Oaomi G9 LED Lampe Warmwei\u00df 3000K G9 LED, LED Leuchtmittel 3W Entspricht Ersetzt 40W Halogenlampe 30W-40W, gl\u00fchbirne g9 LED Lampen Kein Flackern,Nnicht Dimmbar Leuchtmittel - Markt-XXL<\/title>\n<meta name=\"description\" content=\"Markt-XXL Oaomi G9 LED Lampe Warmwei\u00df 3000K G9 LED, LED Leuchtmittel 3W Entspricht Ersetzt 40W Halogenlampe 30W-40W, gl\u00fchbirne g9 LED Lampen Kein Flackern,Nnicht Dimmbar Leuchtmittel\" \/>\n<meta name=\"robots\" content=\"index, follow, max-snippet:-1, max-image-preview:large, max-video-preview:-1\" \/>\n<link rel=\"canonical\" href=\"https:\/\/marktxxl.de\/markt\/produkt\/oaomi-g9-led-lampe-warmweiss-3000k-g9-led-led-leuchtmittel-3w-entspricht-ersetzt-40w-halogenlampe-30w-40w-gluehbirne-g9-led-lampen-kein-flackernnnicht-dimmbar-leuchtmittel\/\" \/>\n<meta property=\"og:locale\" content=\"de_DE\" \/>\n<meta property=\"og:type\" content=\"article\" \/>\n<meta property=\"og:title\" content=\"Oaomi G9 LED Lampe Warmwei\u00df 3000K G9 LED, LED Leuchtmittel 3W Entspricht Ersetzt 40W Halogenlampe 30W-40W, gl\u00fchbirne g9 LED Lampen Kein Flackern,Nnicht Dimmbar Leuchtmittel - Markt-XXL\" \/>\n<meta property=\"og:description\" content=\"Markt-XXL Oaomi G9 LED Lampe Warmwei\u00df 3000K G9 LED, LED Leuchtmittel 3W Entspricht Ersetzt 40W Halogenlampe 30W-40W, gl\u00fchbirne g9 LED Lampen Kein Flackern,Nnicht Dimmbar Leuchtmittel\" \/>\n<meta property=\"og:url\" content=\"https:\/\/marktxxl.de\/markt\/produkt\/oaomi-g9-led-lampe-warmweiss-3000k-g9-led-led-leuchtmittel-3w-entspricht-ersetzt-40w-halogenlampe-30w-40w-gluehbirne-g9-led-lampen-kein-flackernnnicht-dimmbar-leuchtmittel\/\" \/>\n<meta property=\"og:site_name\" content=\"Markt-XXL\" \/>\n<meta name=\"twitter:card\" content=\"summary_large_image\" \/>\n<meta name=\"twitter:label1\" content=\"Gesch\u00e4tzte Lesezeit\" \/>\n\t<meta name=\"twitter:data1\" content=\"1\u00a0Minute\" \/>\n<script type=\"application\/ld+json\" class=\"yoast-schema-graph\">{\"@context\":\"https:\\\/\\\/schema.org\",\"@graph\":[{\"@type\":\"WebPage\",\"@id\":\"https:\\\/\\\/marktxxl.de\\\/markt\\\/produkt\\\/oaomi-g9-led-lampe-warmweiss-3000k-g9-led-led-leuchtmittel-3w-entspricht-ersetzt-40w-halogenlampe-30w-40w-gluehbirne-g9-led-lampen-kein-flackernnnicht-dimmbar-leuchtmittel\\\/\",\"url\":\"https:\\\/\\\/marktxxl.de\\\/markt\\\/produkt\\\/oaomi-g9-led-lampe-warmweiss-3000k-g9-led-led-leuchtmittel-3w-entspricht-ersetzt-40w-halogenlampe-30w-40w-gluehbirne-g9-led-lampen-kein-flackernnnicht-dimmbar-leuchtmittel\\\/\",\"name\":\"Oaomi G9 LED Lampe Warmwei\u00df 3000K G9 LED, LED Leuchtmittel 3W Entspricht Ersetzt 40W Halogenlampe 30W-40W, gl\u00fchbirne g9 LED Lampen Kein Flackern,Nnicht Dimmbar Leuchtmittel - Markt-XXL\",\"isPartOf\":{\"@id\":\"https:\\\/\\\/marktxxl.de\\\/markt\\\/#website\"},\"primaryImageOfPage\":{\"@id\":\"https:\\\/\\\/marktxxl.de\\\/markt\\\/produkt\\\/oaomi-g9-led-lampe-warmweiss-3000k-g9-led-led-leuchtmittel-3w-entspricht-ersetzt-40w-halogenlampe-30w-40w-gluehbirne-g9-led-lampen-kein-flackernnnicht-dimmbar-leuchtmittel\\\/#primaryimage\"},\"image\":{\"@id\":\"https:\\\/\\\/marktxxl.de\\\/markt\\\/produkt\\\/oaomi-g9-led-lampe-warmweiss-3000k-g9-led-led-leuchtmittel-3w-entspricht-ersetzt-40w-halogenlampe-30w-40w-gluehbirne-g9-led-lampen-kein-flackernnnicht-dimmbar-leuchtmittel\\\/#primaryimage\"},\"thumbnailUrl\":\"https:\\\/\\\/m.media-amazon.com\\\/images\\\/I\\\/414KJ5lmGIL._SL500_.jpg\",\"datePublished\":\"2024-07-28T08:46:09+00:00\",\"description\":\"Markt-XXL Oaomi G9 LED Lampe Warmwei\u00df 3000K G9 LED, LED Leuchtmittel 3W Entspricht Ersetzt 40W Halogenlampe 30W-40W, gl\u00fchbirne g9 LED Lampen Kein Flackern,Nnicht Dimmbar Leuchtmittel\",\"breadcrumb\":{\"@id\":\"https:\\\/\\\/marktxxl.de\\\/markt\\\/produkt\\\/oaomi-g9-led-lampe-warmweiss-3000k-g9-led-led-leuchtmittel-3w-entspricht-ersetzt-40w-halogenlampe-30w-40w-gluehbirne-g9-led-lampen-kein-flackernnnicht-dimmbar-leuchtmittel\\\/#breadcrumb\"},\"inLanguage\":\"de\",\"potentialAction\":[{\"@type\":\"ReadAction\",\"target\":[\"https:\\\/\\\/marktxxl.de\\\/markt\\\/produkt\\\/oaomi-g9-led-lampe-warmweiss-3000k-g9-led-led-leuchtmittel-3w-entspricht-ersetzt-40w-halogenlampe-30w-40w-gluehbirne-g9-led-lampen-kein-flackernnnicht-dimmbar-leuchtmittel\\\/\"]}]},{\"@type\":\"ImageObject\",\"inLanguage\":\"de\",\"@id\":\"https:\\\/\\\/marktxxl.de\\\/markt\\\/produkt\\\/oaomi-g9-led-lampe-warmweiss-3000k-g9-led-led-leuchtmittel-3w-entspricht-ersetzt-40w-halogenlampe-30w-40w-gluehbirne-g9-led-lampen-kein-flackernnnicht-dimmbar-leuchtmittel\\\/#primaryimage\",\"url\":\"https:\\\/\\\/m.media-amazon.com\\\/images\\\/I\\\/414KJ5lmGIL._SL500_.jpg\",\"contentUrl\":\"https:\\\/\\\/m.media-amazon.com\\\/images\\\/I\\\/414KJ5lmGIL._SL500_.jpg\",\"width\":500,\"height\":393},{\"@type\":\"BreadcrumbList\",\"@id\":\"https:\\\/\\\/marktxxl.de\\\/markt\\\/produkt\\\/oaomi-g9-led-lampe-warmweiss-3000k-g9-led-led-leuchtmittel-3w-entspricht-ersetzt-40w-halogenlampe-30w-40w-gluehbirne-g9-led-lampen-kein-flackernnnicht-dimmbar-leuchtmittel\\\/#breadcrumb\",\"itemListElement\":[{\"@type\":\"ListItem\",\"position\":1,\"name\":\"Startseite\",\"item\":\"https:\\\/\\\/marktxxl.de\\\/markt\\\/\"},{\"@type\":\"ListItem\",\"position\":2,\"name\":\"Markt\",\"item\":\"https:\\\/\\\/marktxxl.de\\\/markt\\\/\"},{\"@type\":\"ListItem\",\"position\":3,\"name\":\"Oaomi G9 LED Lampe Warmwei\u00df 3000K G9 LED, LED Leuchtmittel 3W Entspricht Ersetzt 40W Halogenlampe 30W-40W, gl\u00fchbirne g9 LED Lampen Kein Flackern,Nnicht Dimmbar Leuchtmittel\"}]},{\"@type\":\"WebSite\",\"@id\":\"https:\\\/\\\/marktxxl.de\\\/markt\\\/#website\",\"url\":\"https:\\\/\\\/marktxxl.de\\\/markt\\\/\",\"name\":\"Markt-XXL\",\"description\":\"Ihr Markt Online\",\"publisher\":{\"@id\":\"https:\\\/\\\/marktxxl.de\\\/markt\\\/#organization\"},\"potentialAction\":[{\"@type\":\"SearchAction\",\"target\":{\"@type\":\"EntryPoint\",\"urlTemplate\":\"https:\\\/\\\/marktxxl.de\\\/markt\\\/?s={search_term_string}\"},\"query-input\":{\"@type\":\"PropertyValueSpecification\",\"valueRequired\":true,\"valueName\":\"search_term_string\"}}],\"inLanguage\":\"de\"},{\"@type\":\"Organization\",\"@id\":\"https:\\\/\\\/marktxxl.de\\\/markt\\\/#organization\",\"name\":\"Markt-XXL\",\"url\":\"https:\\\/\\\/marktxxl.de\\\/markt\\\/\",\"logo\":{\"@type\":\"ImageObject\",\"inLanguage\":\"de\",\"@id\":\"https:\\\/\\\/marktxxl.de\\\/markt\\\/#\\\/schema\\\/logo\\\/image\\\/\",\"url\":\"https:\\\/\\\/marktxxl.de\\\/markt\\\/wp-content\\\/uploads\\\/sites\\\/3\\\/2020\\\/12\\\/logo.png\",\"contentUrl\":\"https:\\\/\\\/marktxxl.de\\\/markt\\\/wp-content\\\/uploads\\\/sites\\\/3\\\/2020\\\/12\\\/logo.png\",\"width\":200,\"height\":70,\"caption\":\"Markt-XXL\"},\"image\":{\"@id\":\"https:\\\/\\\/marktxxl.de\\\/markt\\\/#\\\/schema\\\/logo\\\/image\\\/\"}}]}<\/script>\n<!-- \/ Yoast SEO plugin. -->","yoast_head_json":{"title":"Oaomi G9 LED Lampe Warmwei\u00df 3000K G9 LED, LED Leuchtmittel 3W Entspricht Ersetzt 40W Halogenlampe 30W-40W, gl\u00fchbirne g9 LED Lampen Kein Flackern,Nnicht Dimmbar Leuchtmittel - Markt-XXL","description":"Markt-XXL Oaomi G9 LED Lampe Warmwei\u00df 3000K G9 LED, LED Leuchtmittel 3W Entspricht Ersetzt 40W Halogenlampe 30W-40W, gl\u00fchbirne g9 LED Lampen Kein Flackern,Nnicht Dimmbar Leuchtmittel","robots":{"index":"index","follow":"follow","max-snippet":"max-snippet:-1","max-image-preview":"max-image-preview:large","max-video-preview":"max-video-preview:-1"},"canonical":"https:\/\/marktxxl.de\/markt\/produkt\/oaomi-g9-led-lampe-warmweiss-3000k-g9-led-led-leuchtmittel-3w-entspricht-ersetzt-40w-halogenlampe-30w-40w-gluehbirne-g9-led-lampen-kein-flackernnnicht-dimmbar-leuchtmittel\/","og_locale":"de_DE","og_type":"article","og_title":"Oaomi G9 LED Lampe Warmwei\u00df 3000K G9 LED, LED Leuchtmittel 3W Entspricht Ersetzt 40W Halogenlampe 30W-40W, gl\u00fchbirne g9 LED Lampen Kein Flackern,Nnicht Dimmbar Leuchtmittel - Markt-XXL","og_description":"Markt-XXL Oaomi G9 LED Lampe Warmwei\u00df 3000K G9 LED, LED Leuchtmittel 3W Entspricht Ersetzt 40W Halogenlampe 30W-40W, gl\u00fchbirne g9 LED Lampen Kein Flackern,Nnicht Dimmbar Leuchtmittel","og_url":"https:\/\/marktxxl.de\/markt\/produkt\/oaomi-g9-led-lampe-warmweiss-3000k-g9-led-led-leuchtmittel-3w-entspricht-ersetzt-40w-halogenlampe-30w-40w-gluehbirne-g9-led-lampen-kein-flackernnnicht-dimmbar-leuchtmittel\/","og_site_name":"Markt-XXL","twitter_card":"summary_large_image","twitter_misc":{"Gesch\u00e4tzte Lesezeit":"1\u00a0Minute"},"schema":{"@context":"https:\/\/schema.org","@graph":[{"@type":"WebPage","@id":"https:\/\/marktxxl.de\/markt\/produkt\/oaomi-g9-led-lampe-warmweiss-3000k-g9-led-led-leuchtmittel-3w-entspricht-ersetzt-40w-halogenlampe-30w-40w-gluehbirne-g9-led-lampen-kein-flackernnnicht-dimmbar-leuchtmittel\/","url":"https:\/\/marktxxl.de\/markt\/produkt\/oaomi-g9-led-lampe-warmweiss-3000k-g9-led-led-leuchtmittel-3w-entspricht-ersetzt-40w-halogenlampe-30w-40w-gluehbirne-g9-led-lampen-kein-flackernnnicht-dimmbar-leuchtmittel\/","name":"Oaomi G9 LED Lampe Warmwei\u00df 3000K G9 LED, LED Leuchtmittel 3W Entspricht Ersetzt 40W Halogenlampe 30W-40W, gl\u00fchbirne g9 LED Lampen Kein Flackern,Nnicht Dimmbar Leuchtmittel - Markt-XXL","isPartOf":{"@id":"https:\/\/marktxxl.de\/markt\/#website"},"primaryImageOfPage":{"@id":"https:\/\/marktxxl.de\/markt\/produkt\/oaomi-g9-led-lampe-warmweiss-3000k-g9-led-led-leuchtmittel-3w-entspricht-ersetzt-40w-halogenlampe-30w-40w-gluehbirne-g9-led-lampen-kein-flackernnnicht-dimmbar-leuchtmittel\/#primaryimage"},"image":{"@id":"https:\/\/marktxxl.de\/markt\/produkt\/oaomi-g9-led-lampe-warmweiss-3000k-g9-led-led-leuchtmittel-3w-entspricht-ersetzt-40w-halogenlampe-30w-40w-gluehbirne-g9-led-lampen-kein-flackernnnicht-dimmbar-leuchtmittel\/#primaryimage"},"thumbnailUrl":"https:\/\/m.media-amazon.com\/images\/I\/414KJ5lmGIL._SL500_.jpg","datePublished":"2024-07-28T08:46:09+00:00","description":"Markt-XXL Oaomi G9 LED Lampe Warmwei\u00df 3000K G9 LED, LED Leuchtmittel 3W Entspricht Ersetzt 40W Halogenlampe 30W-40W, gl\u00fchbirne g9 LED Lampen Kein Flackern,Nnicht Dimmbar Leuchtmittel","breadcrumb":{"@id":"https:\/\/marktxxl.de\/markt\/produkt\/oaomi-g9-led-lampe-warmweiss-3000k-g9-led-led-leuchtmittel-3w-entspricht-ersetzt-40w-halogenlampe-30w-40w-gluehbirne-g9-led-lampen-kein-flackernnnicht-dimmbar-leuchtmittel\/#breadcrumb"},"inLanguage":"de","potentialAction":[{"@type":"ReadAction","target":["https:\/\/marktxxl.de\/markt\/produkt\/oaomi-g9-led-lampe-warmweiss-3000k-g9-led-led-leuchtmittel-3w-entspricht-ersetzt-40w-halogenlampe-30w-40w-gluehbirne-g9-led-lampen-kein-flackernnnicht-dimmbar-leuchtmittel\/"]}]},{"@type":"ImageObject","inLanguage":"de","@id":"https:\/\/marktxxl.de\/markt\/produkt\/oaomi-g9-led-lampe-warmweiss-3000k-g9-led-led-leuchtmittel-3w-entspricht-ersetzt-40w-halogenlampe-30w-40w-gluehbirne-g9-led-lampen-kein-flackernnnicht-dimmbar-leuchtmittel\/#primaryimage","url":"https:\/\/m.media-amazon.com\/images\/I\/414KJ5lmGIL._SL500_.jpg","contentUrl":"https:\/\/m.media-amazon.com\/images\/I\/414KJ5lmGIL._SL500_.jpg","width":500,"height":393},{"@type":"BreadcrumbList","@id":"https:\/\/marktxxl.de\/markt\/produkt\/oaomi-g9-led-lampe-warmweiss-3000k-g9-led-led-leuchtmittel-3w-entspricht-ersetzt-40w-halogenlampe-30w-40w-gluehbirne-g9-led-lampen-kein-flackernnnicht-dimmbar-leuchtmittel\/#breadcrumb","itemListElement":[{"@type":"ListItem","position":1,"name":"Startseite","item":"https:\/\/marktxxl.de\/markt\/"},{"@type":"ListItem","position":2,"name":"Markt","item":"https:\/\/marktxxl.de\/markt\/"},{"@type":"ListItem","position":3,"name":"Oaomi G9 LED Lampe Warmwei\u00df 3000K G9 LED, LED Leuchtmittel 3W Entspricht Ersetzt 40W Halogenlampe 30W-40W, gl\u00fchbirne g9 LED Lampen Kein Flackern,Nnicht Dimmbar Leuchtmittel"}]},{"@type":"WebSite","@id":"https:\/\/marktxxl.de\/markt\/#website","url":"https:\/\/marktxxl.de\/markt\/","name":"Markt-XXL","description":"Ihr Markt Online","publisher":{"@id":"https:\/\/marktxxl.de\/markt\/#organization"},"potentialAction":[{"@type":"SearchAction","target":{"@type":"EntryPoint","urlTemplate":"https:\/\/marktxxl.de\/markt\/?s={search_term_string}"},"query-input":{"@type":"PropertyValueSpecification","valueRequired":true,"valueName":"search_term_string"}}],"inLanguage":"de"},{"@type":"Organization","@id":"https:\/\/marktxxl.de\/markt\/#organization","name":"Markt-XXL","url":"https:\/\/marktxxl.de\/markt\/","logo":{"@type":"ImageObject","inLanguage":"de","@id":"https:\/\/marktxxl.de\/markt\/#\/schema\/logo\/image\/","url":"https:\/\/marktxxl.de\/markt\/wp-content\/uploads\/sites\/3\/2020\/12\/logo.png","contentUrl":"https:\/\/marktxxl.de\/markt\/wp-content\/uploads\/sites\/3\/2020\/12\/logo.png","width":200,"height":70,"caption":"Markt-XXL"},"image":{"@id":"https:\/\/marktxxl.de\/markt\/#\/schema\/logo\/image\/"}}]}},"_links":{"self":[{"href":"https:\/\/marktxxl.de\/markt\/wp-json\/wp\/v2\/product\/219003","targetHints":{"allow":["GET"]}}],"collection":[{"href":"https:\/\/marktxxl.de\/markt\/wp-json\/wp\/v2\/product"}],"about":[{"href":"https:\/\/marktxxl.de\/markt\/wp-json\/wp\/v2\/types\/product"}],"replies":[{"embeddable":true,"href":"https:\/\/marktxxl.de\/markt\/wp-json\/wp\/v2\/comments?post=219003"}],"wp:featuredmedia":[{"embeddable":true,"href":"https:\/\/marktxxl.de\/markt\/wp-json\/wp\/v2\/media\/219004"}],"wp:attachment":[{"href":"https:\/\/marktxxl.de\/markt\/wp-json\/wp\/v2\/media?parent=219003"}],"wp:term":[{"taxonomy":"product_brand","embeddable":true,"href":"https:\/\/marktxxl.de\/markt\/wp-json\/wp\/v2\/product_brand?post=219003"},{"taxonomy":"product_cat","embeddable":true,"href":"https:\/\/marktxxl.de\/markt\/wp-json\/wp\/v2\/product_cat?post=219003"},{"taxonomy":"product_tag","embeddable":true,"href":"https:\/\/marktxxl.de\/markt\/wp-json\/wp\/v2\/product_tag?post=219003"}],"curies":[{"name":"wp","href":"https:\/\/api.w.org\/{rel}","templated":true}]}}