{"id":218985,"date":"2024-07-28T10:19:59","date_gmt":"2024-07-28T08:19:59","guid":{"rendered":"https:\/\/marktxxl.de\/markt\/produkt\/sodface-tn2420-tn2410-toner-kompatibel-fuer-brother-tn-2420-tn-2410-fuer-toner-brother-mfc-l2710dw-mfc-l2710dw-mfc-l2710dn-hl-l2350dw-dcp-l2530dw-hl-l2375dw-mfc-l2750dw-mfc-l2730dw-schwarz-2er-pack\/"},"modified":"2024-07-28T10:19:59","modified_gmt":"2024-07-28T08:19:59","slug":"sodface-tn2420-tn2410-toner-kompatibel-fuer-brother-tn-2420-tn-2410-fuer-toner-brother-mfc-l2710dw-mfc-l2710dw-mfc-l2710dn-hl-l2350dw-dcp-l2530dw-hl-l2375dw-mfc-l2750dw-mfc-l2730dw-schwarz-2er-pack","status":"publish","type":"product","link":"https:\/\/marktxxl.de\/markt\/produkt\/sodface-tn2420-tn2410-toner-kompatibel-fuer-brother-tn-2420-tn-2410-fuer-toner-brother-mfc-l2710dw-mfc-l2710dw-mfc-l2710dn-hl-l2350dw-dcp-l2530dw-hl-l2375dw-mfc-l2750dw-mfc-l2730dw-schwarz-2er-pack\/","title":{"rendered":"SODFACE TN2420 TN2410 Toner Kompatibel f\u00fcr Brother TN-2420 TN-2410 f\u00fcr Toner Brother MFC L2710DW MFC-L2710DW MFC-L2710DN HL-L2350DW DCP-L2530DW HL-L2375DW MFC-L2750DW MFC-L2730DW (Schwarz, 2er-Pack)"},"content":{"rendered":"<p>Packungsinhalt: 2-Pack Toner TN2420 TN-2420 Schwarz Toner f\u00fcr Brother TN2420 TN-2420 TN-2410 Kompatibel f\u00fcr toner brother MFC L2710dw<br \/>\nKompatibel mit: Brother MFC-L2710DW MFC-L2710DN MFC-L2750DW MFC-L2730DW HL-L2350DW HL-L2310D HL-L2350DN HL-L2357DW HL-L2375DW HL-L2370DN DCP-L2530DW DCP-L2510D DCP-L2550DN DCP-L2537DW DCP-L2550DW<br \/>\nSeitenausbeute: 3.000 seiten pro Toner TN2420 mit 5% Abdeckung (Letter\/A4) Ersatz f\u00fcr brother MFC-L2710DW toner f\u00fcr brother HL-L2350dw<br \/>\nKompatibel f\u00fcr Brother MFC L2710DW HL L2350DW MFC L2710DN DCP L2530DW MFC L2750DW MFC L2730DW HL L2310D HL L2350DN HL L2357DW HL L2375DW HL L2370DN DCP L2510D DCP L2550DN DCP L2537DW DCP L2550DW<br \/>\nSODFACE TN2420 tonerkartuschen werden in jeder produktionsstufe streng gepr\u00fcft, um qualit\u00e4tsstandards zu erf\u00fcllen und hervorragende druckergebnisse zu gew\u00e4hrleisten<br \/>\n<div class=\"main-cross-sell\" data-asin=\"B0CTPZ3MZF\">\n\n\t<div class=\"WooZone-cross-sell-loader\">\n\t\t<div>\n\t\t\t<div id=\"floatingBarsG\">\n\t\t\t\t<div class=\"blockG\" id=\"rotateG_01\"><\/div>\n\t\t\t\t<div class=\"blockG\" id=\"rotateG_02\"><\/div>\n\t\t\t\t<div class=\"blockG\" id=\"rotateG_03\"><\/div>\n\t\t\t\t<div class=\"blockG\" id=\"rotateG_04\"><\/div>\n\t\t\t\t<div class=\"blockG\" id=\"rotateG_05\"><\/div>\n\t\t\t\t<div class=\"blockG\" id=\"rotateG_06\"><\/div>\n\t\t\t\t<div class=\"blockG\" id=\"rotateG_07\"><\/div>\n\t\t\t\t<div class=\"blockG\" id=\"rotateG_08\"><\/div>\n\t\t\t<\/div>\n\t\t\t<div class=\"WooZone-cross-sell-loader-text\"><\/div>\n\t\t<\/div>\n\t<\/div>\n\n\t\t\n<\/div>\n<div style=\"clear:both;\"><\/div><\/p>\n","protected":false},"excerpt":{"rendered":"<p>Packungsinhalt: 2-Pack Toner TN2420 TN-2420 Schwarz Toner f\u00fcr Brother TN2420 TN-2420 TN-2410 Kompatibel f\u00fcr toner brother MFC L2710dw<br \/>\nKompatibel mit: Brother MFC-L2710DW MFC-L2710DN MFC-L2750DW MFC-L2730DW HL-L2350DW HL-L2310D HL-L2350DN HL-L2357DW HL-L2375DW HL-L2370DN DCP-L2530DW DCP-L2510D DCP-L2550DN DCP-L2537DW DCP-L2550DW<br \/>\nSeitenausbeute: 3.000 seiten pro Toner TN2420 mit 5% Abdeckung (Letter\/A4) Ersatz f\u00fcr brother MFC-L2710DW toner f\u00fcr brother HL-L2350dw<\/p>\n","protected":false},"featured_media":218986,"comment_status":"open","ping_status":"closed","template":"","meta":[],"product_brand":[],"product_cat":[504,8208],"product_tag":[],"class_list":{"0":"post-218985","1":"product","2":"type-product","3":"status-publish","4":"has-post-thumbnail","6":"product_cat-buerobedarf-schreibwaren","7":"product_cat-bueroelektronik","8":"pa_binding-buerobedarf-schreibwaren","9":"pa_brand-sodface","10":"pa_color-2schwarz","11":"pa_height-5-5905511754-zoll","12":"pa_length-12-3228346331-zoll","13":"pa_manufacturer-sodface-fuer-tn-2420-tn-2410-toner","14":"pa_model-tn2420-toner","15":"pa_size-toner-tn2420-toner-brother-mfc-l2710dn","16":"pa_warranty-2-year-limited-warranty","17":"pa_width-6-6141732216-zoll","19":"first","20":"instock","21":"sale","22":"shipping-taxable","23":"purchasable","24":"product-type-simple","25":"customify-col","26":"product-has-gallery"},"yoast_head":"<!-- This site is optimized with the Yoast SEO plugin v27.4 - https:\/\/yoast.com\/product\/yoast-seo-wordpress\/ -->\n<title>SODFACE TN2420 TN2410 Toner Kompatibel f\u00fcr Brother TN-2420 TN-2410 f\u00fcr Toner Brother MFC L2710DW MFC-L2710DW MFC-L2710DN HL-L2350DW DCP-L2530DW HL-L2375DW MFC-L2750DW MFC-L2730DW (Schwarz, 2er-Pack) - Markt-XXL<\/title>\n<meta name=\"description\" content=\"Markt-XXL SODFACE TN2420 TN2410 Toner Kompatibel f\u00fcr Brother TN-2420 TN-2410 f\u00fcr Toner Brother MFC L2710DW MFC-L2710DW MFC-L2710DN HL-L2350DW DCP-L2530DW HL-L2375DW MFC-L2750DW MFC-L2730DW (Schwarz, 2er-Pack)\" \/>\n<meta name=\"robots\" content=\"index, follow, max-snippet:-1, max-image-preview:large, max-video-preview:-1\" \/>\n<link rel=\"canonical\" href=\"https:\/\/marktxxl.de\/markt\/produkt\/sodface-tn2420-tn2410-toner-kompatibel-fuer-brother-tn-2420-tn-2410-fuer-toner-brother-mfc-l2710dw-mfc-l2710dw-mfc-l2710dn-hl-l2350dw-dcp-l2530dw-hl-l2375dw-mfc-l2750dw-mfc-l2730dw-schwarz-2er-pack\/\" \/>\n<meta property=\"og:locale\" content=\"de_DE\" \/>\n<meta property=\"og:type\" content=\"article\" \/>\n<meta property=\"og:title\" content=\"SODFACE TN2420 TN2410 Toner Kompatibel f\u00fcr Brother TN-2420 TN-2410 f\u00fcr Toner Brother MFC L2710DW MFC-L2710DW MFC-L2710DN HL-L2350DW DCP-L2530DW HL-L2375DW MFC-L2750DW MFC-L2730DW (Schwarz, 2er-Pack) - Markt-XXL\" \/>\n<meta property=\"og:description\" content=\"Markt-XXL SODFACE TN2420 TN2410 Toner Kompatibel f\u00fcr Brother TN-2420 TN-2410 f\u00fcr Toner Brother MFC L2710DW MFC-L2710DW MFC-L2710DN HL-L2350DW DCP-L2530DW HL-L2375DW MFC-L2750DW MFC-L2730DW (Schwarz, 2er-Pack)\" \/>\n<meta property=\"og:url\" content=\"https:\/\/marktxxl.de\/markt\/produkt\/sodface-tn2420-tn2410-toner-kompatibel-fuer-brother-tn-2420-tn-2410-fuer-toner-brother-mfc-l2710dw-mfc-l2710dw-mfc-l2710dn-hl-l2350dw-dcp-l2530dw-hl-l2375dw-mfc-l2750dw-mfc-l2730dw-schwarz-2er-pack\/\" \/>\n<meta property=\"og:site_name\" content=\"Markt-XXL\" \/>\n<meta name=\"twitter:card\" content=\"summary_large_image\" \/>\n<meta name=\"twitter:label1\" content=\"Gesch\u00e4tzte Lesezeit\" \/>\n\t<meta name=\"twitter:data1\" content=\"1\u00a0Minute\" \/>\n<script type=\"application\/ld+json\" class=\"yoast-schema-graph\">{\"@context\":\"https:\\\/\\\/schema.org\",\"@graph\":[{\"@type\":\"WebPage\",\"@id\":\"https:\\\/\\\/marktxxl.de\\\/markt\\\/produkt\\\/sodface-tn2420-tn2410-toner-kompatibel-fuer-brother-tn-2420-tn-2410-fuer-toner-brother-mfc-l2710dw-mfc-l2710dw-mfc-l2710dn-hl-l2350dw-dcp-l2530dw-hl-l2375dw-mfc-l2750dw-mfc-l2730dw-schwarz-2er-pack\\\/\",\"url\":\"https:\\\/\\\/marktxxl.de\\\/markt\\\/produkt\\\/sodface-tn2420-tn2410-toner-kompatibel-fuer-brother-tn-2420-tn-2410-fuer-toner-brother-mfc-l2710dw-mfc-l2710dw-mfc-l2710dn-hl-l2350dw-dcp-l2530dw-hl-l2375dw-mfc-l2750dw-mfc-l2730dw-schwarz-2er-pack\\\/\",\"name\":\"SODFACE TN2420 TN2410 Toner Kompatibel f\u00fcr Brother TN-2420 TN-2410 f\u00fcr Toner Brother MFC L2710DW MFC-L2710DW MFC-L2710DN HL-L2350DW DCP-L2530DW HL-L2375DW MFC-L2750DW MFC-L2730DW (Schwarz, 2er-Pack) - Markt-XXL\",\"isPartOf\":{\"@id\":\"https:\\\/\\\/marktxxl.de\\\/markt\\\/#website\"},\"primaryImageOfPage\":{\"@id\":\"https:\\\/\\\/marktxxl.de\\\/markt\\\/produkt\\\/sodface-tn2420-tn2410-toner-kompatibel-fuer-brother-tn-2420-tn-2410-fuer-toner-brother-mfc-l2710dw-mfc-l2710dw-mfc-l2710dn-hl-l2350dw-dcp-l2530dw-hl-l2375dw-mfc-l2750dw-mfc-l2730dw-schwarz-2er-pack\\\/#primaryimage\"},\"image\":{\"@id\":\"https:\\\/\\\/marktxxl.de\\\/markt\\\/produkt\\\/sodface-tn2420-tn2410-toner-kompatibel-fuer-brother-tn-2420-tn-2410-fuer-toner-brother-mfc-l2710dw-mfc-l2710dw-mfc-l2710dn-hl-l2350dw-dcp-l2530dw-hl-l2375dw-mfc-l2750dw-mfc-l2730dw-schwarz-2er-pack\\\/#primaryimage\"},\"thumbnailUrl\":\"https:\\\/\\\/m.media-amazon.com\\\/images\\\/I\\\/416kabxMjRL._SL500_.jpg\",\"datePublished\":\"2024-07-28T08:19:59+00:00\",\"description\":\"Markt-XXL SODFACE TN2420 TN2410 Toner Kompatibel f\u00fcr Brother TN-2420 TN-2410 f\u00fcr Toner Brother MFC L2710DW MFC-L2710DW MFC-L2710DN HL-L2350DW DCP-L2530DW HL-L2375DW MFC-L2750DW MFC-L2730DW (Schwarz, 2er-Pack)\",\"breadcrumb\":{\"@id\":\"https:\\\/\\\/marktxxl.de\\\/markt\\\/produkt\\\/sodface-tn2420-tn2410-toner-kompatibel-fuer-brother-tn-2420-tn-2410-fuer-toner-brother-mfc-l2710dw-mfc-l2710dw-mfc-l2710dn-hl-l2350dw-dcp-l2530dw-hl-l2375dw-mfc-l2750dw-mfc-l2730dw-schwarz-2er-pack\\\/#breadcrumb\"},\"inLanguage\":\"de\",\"potentialAction\":[{\"@type\":\"ReadAction\",\"target\":[\"https:\\\/\\\/marktxxl.de\\\/markt\\\/produkt\\\/sodface-tn2420-tn2410-toner-kompatibel-fuer-brother-tn-2420-tn-2410-fuer-toner-brother-mfc-l2710dw-mfc-l2710dw-mfc-l2710dn-hl-l2350dw-dcp-l2530dw-hl-l2375dw-mfc-l2750dw-mfc-l2730dw-schwarz-2er-pack\\\/\"]}]},{\"@type\":\"ImageObject\",\"inLanguage\":\"de\",\"@id\":\"https:\\\/\\\/marktxxl.de\\\/markt\\\/produkt\\\/sodface-tn2420-tn2410-toner-kompatibel-fuer-brother-tn-2420-tn-2410-fuer-toner-brother-mfc-l2710dw-mfc-l2710dw-mfc-l2710dn-hl-l2350dw-dcp-l2530dw-hl-l2375dw-mfc-l2750dw-mfc-l2730dw-schwarz-2er-pack\\\/#primaryimage\",\"url\":\"https:\\\/\\\/m.media-amazon.com\\\/images\\\/I\\\/416kabxMjRL._SL500_.jpg\",\"contentUrl\":\"https:\\\/\\\/m.media-amazon.com\\\/images\\\/I\\\/416kabxMjRL._SL500_.jpg\",\"width\":500,\"height\":500},{\"@type\":\"BreadcrumbList\",\"@id\":\"https:\\\/\\\/marktxxl.de\\\/markt\\\/produkt\\\/sodface-tn2420-tn2410-toner-kompatibel-fuer-brother-tn-2420-tn-2410-fuer-toner-brother-mfc-l2710dw-mfc-l2710dw-mfc-l2710dn-hl-l2350dw-dcp-l2530dw-hl-l2375dw-mfc-l2750dw-mfc-l2730dw-schwarz-2er-pack\\\/#breadcrumb\",\"itemListElement\":[{\"@type\":\"ListItem\",\"position\":1,\"name\":\"Startseite\",\"item\":\"https:\\\/\\\/marktxxl.de\\\/markt\\\/\"},{\"@type\":\"ListItem\",\"position\":2,\"name\":\"Markt\",\"item\":\"https:\\\/\\\/marktxxl.de\\\/markt\\\/\"},{\"@type\":\"ListItem\",\"position\":3,\"name\":\"SODFACE TN2420 TN2410 Toner Kompatibel f\u00fcr Brother TN-2420 TN-2410 f\u00fcr Toner Brother MFC L2710DW MFC-L2710DW MFC-L2710DN HL-L2350DW DCP-L2530DW HL-L2375DW MFC-L2750DW MFC-L2730DW (Schwarz, 2er-Pack)\"}]},{\"@type\":\"WebSite\",\"@id\":\"https:\\\/\\\/marktxxl.de\\\/markt\\\/#website\",\"url\":\"https:\\\/\\\/marktxxl.de\\\/markt\\\/\",\"name\":\"Markt-XXL\",\"description\":\"Ihr Markt Online\",\"publisher\":{\"@id\":\"https:\\\/\\\/marktxxl.de\\\/markt\\\/#organization\"},\"potentialAction\":[{\"@type\":\"SearchAction\",\"target\":{\"@type\":\"EntryPoint\",\"urlTemplate\":\"https:\\\/\\\/marktxxl.de\\\/markt\\\/?s={search_term_string}\"},\"query-input\":{\"@type\":\"PropertyValueSpecification\",\"valueRequired\":true,\"valueName\":\"search_term_string\"}}],\"inLanguage\":\"de\"},{\"@type\":\"Organization\",\"@id\":\"https:\\\/\\\/marktxxl.de\\\/markt\\\/#organization\",\"name\":\"Markt-XXL\",\"url\":\"https:\\\/\\\/marktxxl.de\\\/markt\\\/\",\"logo\":{\"@type\":\"ImageObject\",\"inLanguage\":\"de\",\"@id\":\"https:\\\/\\\/marktxxl.de\\\/markt\\\/#\\\/schema\\\/logo\\\/image\\\/\",\"url\":\"https:\\\/\\\/marktxxl.de\\\/markt\\\/wp-content\\\/uploads\\\/sites\\\/3\\\/2020\\\/12\\\/logo.png\",\"contentUrl\":\"https:\\\/\\\/marktxxl.de\\\/markt\\\/wp-content\\\/uploads\\\/sites\\\/3\\\/2020\\\/12\\\/logo.png\",\"width\":200,\"height\":70,\"caption\":\"Markt-XXL\"},\"image\":{\"@id\":\"https:\\\/\\\/marktxxl.de\\\/markt\\\/#\\\/schema\\\/logo\\\/image\\\/\"}}]}<\/script>\n<!-- \/ Yoast SEO plugin. -->","yoast_head_json":{"title":"SODFACE TN2420 TN2410 Toner Kompatibel f\u00fcr Brother TN-2420 TN-2410 f\u00fcr Toner Brother MFC L2710DW MFC-L2710DW MFC-L2710DN HL-L2350DW DCP-L2530DW HL-L2375DW MFC-L2750DW MFC-L2730DW (Schwarz, 2er-Pack) - Markt-XXL","description":"Markt-XXL SODFACE TN2420 TN2410 Toner Kompatibel f\u00fcr Brother TN-2420 TN-2410 f\u00fcr Toner Brother MFC L2710DW MFC-L2710DW MFC-L2710DN HL-L2350DW DCP-L2530DW HL-L2375DW MFC-L2750DW MFC-L2730DW (Schwarz, 2er-Pack)","robots":{"index":"index","follow":"follow","max-snippet":"max-snippet:-1","max-image-preview":"max-image-preview:large","max-video-preview":"max-video-preview:-1"},"canonical":"https:\/\/marktxxl.de\/markt\/produkt\/sodface-tn2420-tn2410-toner-kompatibel-fuer-brother-tn-2420-tn-2410-fuer-toner-brother-mfc-l2710dw-mfc-l2710dw-mfc-l2710dn-hl-l2350dw-dcp-l2530dw-hl-l2375dw-mfc-l2750dw-mfc-l2730dw-schwarz-2er-pack\/","og_locale":"de_DE","og_type":"article","og_title":"SODFACE TN2420 TN2410 Toner Kompatibel f\u00fcr Brother TN-2420 TN-2410 f\u00fcr Toner Brother MFC L2710DW MFC-L2710DW MFC-L2710DN HL-L2350DW DCP-L2530DW HL-L2375DW MFC-L2750DW MFC-L2730DW (Schwarz, 2er-Pack) - Markt-XXL","og_description":"Markt-XXL SODFACE TN2420 TN2410 Toner Kompatibel f\u00fcr Brother TN-2420 TN-2410 f\u00fcr Toner Brother MFC L2710DW MFC-L2710DW MFC-L2710DN HL-L2350DW DCP-L2530DW HL-L2375DW MFC-L2750DW MFC-L2730DW (Schwarz, 2er-Pack)","og_url":"https:\/\/marktxxl.de\/markt\/produkt\/sodface-tn2420-tn2410-toner-kompatibel-fuer-brother-tn-2420-tn-2410-fuer-toner-brother-mfc-l2710dw-mfc-l2710dw-mfc-l2710dn-hl-l2350dw-dcp-l2530dw-hl-l2375dw-mfc-l2750dw-mfc-l2730dw-schwarz-2er-pack\/","og_site_name":"Markt-XXL","twitter_card":"summary_large_image","twitter_misc":{"Gesch\u00e4tzte Lesezeit":"1\u00a0Minute"},"schema":{"@context":"https:\/\/schema.org","@graph":[{"@type":"WebPage","@id":"https:\/\/marktxxl.de\/markt\/produkt\/sodface-tn2420-tn2410-toner-kompatibel-fuer-brother-tn-2420-tn-2410-fuer-toner-brother-mfc-l2710dw-mfc-l2710dw-mfc-l2710dn-hl-l2350dw-dcp-l2530dw-hl-l2375dw-mfc-l2750dw-mfc-l2730dw-schwarz-2er-pack\/","url":"https:\/\/marktxxl.de\/markt\/produkt\/sodface-tn2420-tn2410-toner-kompatibel-fuer-brother-tn-2420-tn-2410-fuer-toner-brother-mfc-l2710dw-mfc-l2710dw-mfc-l2710dn-hl-l2350dw-dcp-l2530dw-hl-l2375dw-mfc-l2750dw-mfc-l2730dw-schwarz-2er-pack\/","name":"SODFACE TN2420 TN2410 Toner Kompatibel f\u00fcr Brother TN-2420 TN-2410 f\u00fcr Toner Brother MFC L2710DW MFC-L2710DW MFC-L2710DN HL-L2350DW DCP-L2530DW HL-L2375DW MFC-L2750DW MFC-L2730DW (Schwarz, 2er-Pack) - Markt-XXL","isPartOf":{"@id":"https:\/\/marktxxl.de\/markt\/#website"},"primaryImageOfPage":{"@id":"https:\/\/marktxxl.de\/markt\/produkt\/sodface-tn2420-tn2410-toner-kompatibel-fuer-brother-tn-2420-tn-2410-fuer-toner-brother-mfc-l2710dw-mfc-l2710dw-mfc-l2710dn-hl-l2350dw-dcp-l2530dw-hl-l2375dw-mfc-l2750dw-mfc-l2730dw-schwarz-2er-pack\/#primaryimage"},"image":{"@id":"https:\/\/marktxxl.de\/markt\/produkt\/sodface-tn2420-tn2410-toner-kompatibel-fuer-brother-tn-2420-tn-2410-fuer-toner-brother-mfc-l2710dw-mfc-l2710dw-mfc-l2710dn-hl-l2350dw-dcp-l2530dw-hl-l2375dw-mfc-l2750dw-mfc-l2730dw-schwarz-2er-pack\/#primaryimage"},"thumbnailUrl":"https:\/\/m.media-amazon.com\/images\/I\/416kabxMjRL._SL500_.jpg","datePublished":"2024-07-28T08:19:59+00:00","description":"Markt-XXL SODFACE TN2420 TN2410 Toner Kompatibel f\u00fcr Brother TN-2420 TN-2410 f\u00fcr Toner Brother MFC L2710DW MFC-L2710DW MFC-L2710DN HL-L2350DW DCP-L2530DW HL-L2375DW MFC-L2750DW MFC-L2730DW (Schwarz, 2er-Pack)","breadcrumb":{"@id":"https:\/\/marktxxl.de\/markt\/produkt\/sodface-tn2420-tn2410-toner-kompatibel-fuer-brother-tn-2420-tn-2410-fuer-toner-brother-mfc-l2710dw-mfc-l2710dw-mfc-l2710dn-hl-l2350dw-dcp-l2530dw-hl-l2375dw-mfc-l2750dw-mfc-l2730dw-schwarz-2er-pack\/#breadcrumb"},"inLanguage":"de","potentialAction":[{"@type":"ReadAction","target":["https:\/\/marktxxl.de\/markt\/produkt\/sodface-tn2420-tn2410-toner-kompatibel-fuer-brother-tn-2420-tn-2410-fuer-toner-brother-mfc-l2710dw-mfc-l2710dw-mfc-l2710dn-hl-l2350dw-dcp-l2530dw-hl-l2375dw-mfc-l2750dw-mfc-l2730dw-schwarz-2er-pack\/"]}]},{"@type":"ImageObject","inLanguage":"de","@id":"https:\/\/marktxxl.de\/markt\/produkt\/sodface-tn2420-tn2410-toner-kompatibel-fuer-brother-tn-2420-tn-2410-fuer-toner-brother-mfc-l2710dw-mfc-l2710dw-mfc-l2710dn-hl-l2350dw-dcp-l2530dw-hl-l2375dw-mfc-l2750dw-mfc-l2730dw-schwarz-2er-pack\/#primaryimage","url":"https:\/\/m.media-amazon.com\/images\/I\/416kabxMjRL._SL500_.jpg","contentUrl":"https:\/\/m.media-amazon.com\/images\/I\/416kabxMjRL._SL500_.jpg","width":500,"height":500},{"@type":"BreadcrumbList","@id":"https:\/\/marktxxl.de\/markt\/produkt\/sodface-tn2420-tn2410-toner-kompatibel-fuer-brother-tn-2420-tn-2410-fuer-toner-brother-mfc-l2710dw-mfc-l2710dw-mfc-l2710dn-hl-l2350dw-dcp-l2530dw-hl-l2375dw-mfc-l2750dw-mfc-l2730dw-schwarz-2er-pack\/#breadcrumb","itemListElement":[{"@type":"ListItem","position":1,"name":"Startseite","item":"https:\/\/marktxxl.de\/markt\/"},{"@type":"ListItem","position":2,"name":"Markt","item":"https:\/\/marktxxl.de\/markt\/"},{"@type":"ListItem","position":3,"name":"SODFACE TN2420 TN2410 Toner Kompatibel f\u00fcr Brother TN-2420 TN-2410 f\u00fcr Toner Brother MFC L2710DW MFC-L2710DW MFC-L2710DN HL-L2350DW DCP-L2530DW HL-L2375DW MFC-L2750DW MFC-L2730DW (Schwarz, 2er-Pack)"}]},{"@type":"WebSite","@id":"https:\/\/marktxxl.de\/markt\/#website","url":"https:\/\/marktxxl.de\/markt\/","name":"Markt-XXL","description":"Ihr Markt Online","publisher":{"@id":"https:\/\/marktxxl.de\/markt\/#organization"},"potentialAction":[{"@type":"SearchAction","target":{"@type":"EntryPoint","urlTemplate":"https:\/\/marktxxl.de\/markt\/?s={search_term_string}"},"query-input":{"@type":"PropertyValueSpecification","valueRequired":true,"valueName":"search_term_string"}}],"inLanguage":"de"},{"@type":"Organization","@id":"https:\/\/marktxxl.de\/markt\/#organization","name":"Markt-XXL","url":"https:\/\/marktxxl.de\/markt\/","logo":{"@type":"ImageObject","inLanguage":"de","@id":"https:\/\/marktxxl.de\/markt\/#\/schema\/logo\/image\/","url":"https:\/\/marktxxl.de\/markt\/wp-content\/uploads\/sites\/3\/2020\/12\/logo.png","contentUrl":"https:\/\/marktxxl.de\/markt\/wp-content\/uploads\/sites\/3\/2020\/12\/logo.png","width":200,"height":70,"caption":"Markt-XXL"},"image":{"@id":"https:\/\/marktxxl.de\/markt\/#\/schema\/logo\/image\/"}}]}},"_links":{"self":[{"href":"https:\/\/marktxxl.de\/markt\/wp-json\/wp\/v2\/product\/218985","targetHints":{"allow":["GET"]}}],"collection":[{"href":"https:\/\/marktxxl.de\/markt\/wp-json\/wp\/v2\/product"}],"about":[{"href":"https:\/\/marktxxl.de\/markt\/wp-json\/wp\/v2\/types\/product"}],"replies":[{"embeddable":true,"href":"https:\/\/marktxxl.de\/markt\/wp-json\/wp\/v2\/comments?post=218985"}],"wp:featuredmedia":[{"embeddable":true,"href":"https:\/\/marktxxl.de\/markt\/wp-json\/wp\/v2\/media\/218986"}],"wp:attachment":[{"href":"https:\/\/marktxxl.de\/markt\/wp-json\/wp\/v2\/media?parent=218985"}],"wp:term":[{"taxonomy":"product_brand","embeddable":true,"href":"https:\/\/marktxxl.de\/markt\/wp-json\/wp\/v2\/product_brand?post=218985"},{"taxonomy":"product_cat","embeddable":true,"href":"https:\/\/marktxxl.de\/markt\/wp-json\/wp\/v2\/product_cat?post=218985"},{"taxonomy":"product_tag","embeddable":true,"href":"https:\/\/marktxxl.de\/markt\/wp-json\/wp\/v2\/product_tag?post=218985"}],"curies":[{"name":"wp","href":"https:\/\/api.w.org\/{rel}","templated":true}]}}