{"id":218914,"date":"2024-07-28T10:19:08","date_gmt":"2024-07-28T08:19:08","guid":{"rendered":"https:\/\/marktxxl.de\/markt\/produkt\/cozyhome-led-schlauch-200-led-8-modi-timer-solar-12m-10m-led-i-lichtschlauch-lichterschlauch-i-led-lichterkette-aussen-outdoor-lichterketten-innen-strom-weihnachtsdeko-led-weihnachtslichter\/"},"modified":"2024-07-28T10:19:08","modified_gmt":"2024-07-28T08:19:08","slug":"cozyhome-led-schlauch-200-led-8-modi-timer-solar-12m-10m-led-i-lichtschlauch-lichterschlauch-i-led-lichterkette-aussen-outdoor-lichterketten-innen-strom-weihnachtsdeko-led-weihnachtslichter","status":"publish","type":"product","link":"https:\/\/marktxxl.de\/markt\/produkt\/cozyhome-led-schlauch-200-led-8-modi-timer-solar-12m-10m-led-i-lichtschlauch-lichterschlauch-i-led-lichterkette-aussen-outdoor-lichterketten-innen-strom-weihnachtsdeko-led-weihnachtslichter\/","title":{"rendered":"CozyHome LED Schlauch 200 LED &#8211; 8 Modi &amp; Timer &#8211; Solar 12m 10m LED I Lichtschlauch Lichterschlauch I LED Lichterkette Au\u00dfen Outdoor Lichterketten Innen Strom Weihnachtsdeko LED Weihnachtslichter"},"content":{"rendered":"<p>\ud83c\udf84 DEKORATION : LED Schlauch in Warmwei\u00df eignet sich ideal f\u00fcr Weihnachten Weihnachtsdeko Balkon dank wasserdichtem Material und versch\u00f6nert den Weihnachtsbaum Tannenbaum o.\u00e4. &#8211; Ganzj\u00e4hrig auch als Lichterkette Aussen geeignet z.B. f\u00fcr Hochzeit Geburtstag Partys<br \/>\n\u2728 QUALIT\u00c4T : Hervorragend verarbeitete Lichtschl\u00e4uche mit Solarbetrieb &amp; langer Haltedauer &#8211; Fenster Lichterkette Weihnachten mit garantierter Langlebigkeit &amp; Vollst\u00e4ndig EU-Konform<br \/>\n\u2728 KOMFORT : Sch\u00f6ner LED Lichterschlauch au\u00dfen Weihnachtslichterkette besonders komfortabel f\u00fcr drau\u00dfen dank Solarstecker inkl. &#8211; Spart l\u00e4stiges Auswechseln der Batterien oder verlegen von Lichtschl\u00e4uchen Stecker und sorgt dank Timer f\u00fcr zuverl\u00e4ssige Christmas Beleuchtung<br \/>\n\u2728 BELIEBIG EINSTELLBAR : Lichterkette f\u00fcr au\u00dfen &amp; innen mit 8 Modi garantiert besondere Weihnachtsbeleuchtung z.B. Blinkend, Langsamer \u00dcbergang, Langsames Leuchten u.v.m. &#8211; Einfach am Stecker der Lichterkette Fenster au\u00dfen einstellbar<br \/>\n\u2728 DATEN : Fairy Lights Leuchtschlauch mit Timer &amp; 8 Modi Einstellungen I Led Schlauch 10m L\u00e4nge &amp; 2m Zuleitung I 200 LED Leuchten Warmweiss Licht I Material der Lichterkette mit Solarmodul : PVC I Kabel: Transparent d\u00fcnn<br \/>\n<div class=\"main-cross-sell\" data-asin=\"B08N59G4DT\">\n\n\t<div class=\"WooZone-cross-sell-loader\">\n\t\t<div>\n\t\t\t<div id=\"floatingBarsG\">\n\t\t\t\t<div class=\"blockG\" id=\"rotateG_01\"><\/div>\n\t\t\t\t<div class=\"blockG\" id=\"rotateG_02\"><\/div>\n\t\t\t\t<div class=\"blockG\" id=\"rotateG_03\"><\/div>\n\t\t\t\t<div class=\"blockG\" id=\"rotateG_04\"><\/div>\n\t\t\t\t<div class=\"blockG\" id=\"rotateG_05\"><\/div>\n\t\t\t\t<div class=\"blockG\" id=\"rotateG_06\"><\/div>\n\t\t\t\t<div class=\"blockG\" id=\"rotateG_07\"><\/div>\n\t\t\t\t<div class=\"blockG\" id=\"rotateG_08\"><\/div>\n\t\t\t<\/div>\n\t\t\t<div class=\"WooZone-cross-sell-loader-text\"><\/div>\n\t\t<\/div>\n\t<\/div>\n\n\t\t\n<\/div>\n<div style=\"clear:both;\"><\/div><\/p>\n","protected":false},"excerpt":{"rendered":"<p>\ud83c\udf84 DEKORATION : LED Schlauch in Warmwei\u00df eignet sich ideal f\u00fcr Weihnachten Weihnachtsdeko Balkon dank wasserdichtem Material und versch\u00f6nert den Weihnachtsbaum Tannenbaum o.\u00e4. &#8211; Ganzj\u00e4hrig auch als Lichterkette Aussen geeignet z.B. f\u00fcr Hochzeit Geburtstag Partys<br \/>\n\u2728 QUALIT\u00c4T : Hervorragend verarbeitete Lichtschl\u00e4uche mit Solarbetrieb &amp; langer Haltedauer &#8211; Fenster Lichterkette Weihnachten mit garantierter Langlebigkeit &amp; Vollst\u00e4ndig EU-Konform<br \/>\n\u2728 KOMFORT : Sch\u00f6ner LED Lichterschlauch au\u00dfen Weihnachtslichterkette besonders komfortabel f\u00fcr drau\u00dfen dank Solarstecker inkl. &#8211; Spart l\u00e4stiges Auswechseln der Batterien oder verlegen von Lichtschl\u00e4uchen Stecker und sorgt dank Timer f\u00fcr zuverl\u00e4ssige Christmas Beleuchtung<\/p>\n","protected":false},"featured_media":218915,"comment_status":"open","ping_status":"closed","template":"","meta":[],"product_brand":[],"product_cat":[2108,15623],"product_tag":[],"class_list":{"0":"post-218914","1":"product","2":"type-product","3":"status-publish","4":"has-post-thumbnail","6":"product_cat-beleuchtung","7":"product_cat-lichtschlaeuche","8":"pa_binding-haushaltswaren","9":"pa_brand-cobus","10":"pa_color-warm-weiss","11":"pa_languages-unbekannt-deutsch-unbekannt-englisch-unbekannt-franzoesisch-unbekannt-italienisch-unbekannt-spanisch","12":"pa_length-12-meter","13":"pa_manufacturer-leharo-gmbh","14":"pa_model-led-schlauch-002-s","15":"pa_size-12-meter","16":"pa_weight-0-67902376696-pfund","18":"first","19":"instock","20":"shipping-taxable","21":"purchasable","22":"product-type-simple","23":"customify-col","24":"product-has-gallery"},"yoast_head":"<!-- This site is optimized with the Yoast SEO plugin v27.3 - https:\/\/yoast.com\/product\/yoast-seo-wordpress\/ -->\n<title>CozyHome LED Schlauch 200 LED - 8 Modi &amp; Timer - Solar 12m 10m LED I Lichtschlauch Lichterschlauch I LED Lichterkette Au\u00dfen Outdoor Lichterketten Innen Strom Weihnachtsdeko LED Weihnachtslichter - Markt-XXL<\/title>\n<meta name=\"description\" content=\"Markt-XXL CozyHome LED Schlauch 200 LED - 8 Modi &amp; Timer - Solar 12m 10m LED I Lichtschlauch Lichterschlauch I LED Lichterkette Au\u00dfen Outdoor Lichterketten Innen Strom Weihnachtsdeko LED Weihnachtslichter\" \/>\n<meta name=\"robots\" content=\"index, follow, max-snippet:-1, max-image-preview:large, max-video-preview:-1\" \/>\n<link rel=\"canonical\" href=\"https:\/\/marktxxl.de\/markt\/produkt\/cozyhome-led-schlauch-200-led-8-modi-timer-solar-12m-10m-led-i-lichtschlauch-lichterschlauch-i-led-lichterkette-aussen-outdoor-lichterketten-innen-strom-weihnachtsdeko-led-weihnachtslichter\/\" \/>\n<meta property=\"og:locale\" content=\"de_DE\" \/>\n<meta property=\"og:type\" content=\"article\" \/>\n<meta property=\"og:title\" content=\"CozyHome LED Schlauch 200 LED - 8 Modi &amp; Timer - Solar 12m 10m LED I Lichtschlauch Lichterschlauch I LED Lichterkette Au\u00dfen Outdoor Lichterketten Innen Strom Weihnachtsdeko LED Weihnachtslichter - Markt-XXL\" \/>\n<meta property=\"og:description\" content=\"Markt-XXL CozyHome LED Schlauch 200 LED - 8 Modi &amp; Timer - Solar 12m 10m LED I Lichtschlauch Lichterschlauch I LED Lichterkette Au\u00dfen Outdoor Lichterketten Innen Strom Weihnachtsdeko LED Weihnachtslichter\" \/>\n<meta property=\"og:url\" content=\"https:\/\/marktxxl.de\/markt\/produkt\/cozyhome-led-schlauch-200-led-8-modi-timer-solar-12m-10m-led-i-lichtschlauch-lichterschlauch-i-led-lichterkette-aussen-outdoor-lichterketten-innen-strom-weihnachtsdeko-led-weihnachtslichter\/\" \/>\n<meta property=\"og:site_name\" content=\"Markt-XXL\" \/>\n<meta name=\"twitter:card\" content=\"summary_large_image\" \/>\n<meta name=\"twitter:label1\" content=\"Gesch\u00e4tzte Lesezeit\" \/>\n\t<meta name=\"twitter:data1\" content=\"1\u00a0Minute\" \/>\n<script type=\"application\/ld+json\" class=\"yoast-schema-graph\">{\"@context\":\"https:\\\/\\\/schema.org\",\"@graph\":[{\"@type\":\"WebPage\",\"@id\":\"https:\\\/\\\/marktxxl.de\\\/markt\\\/produkt\\\/cozyhome-led-schlauch-200-led-8-modi-timer-solar-12m-10m-led-i-lichtschlauch-lichterschlauch-i-led-lichterkette-aussen-outdoor-lichterketten-innen-strom-weihnachtsdeko-led-weihnachtslichter\\\/\",\"url\":\"https:\\\/\\\/marktxxl.de\\\/markt\\\/produkt\\\/cozyhome-led-schlauch-200-led-8-modi-timer-solar-12m-10m-led-i-lichtschlauch-lichterschlauch-i-led-lichterkette-aussen-outdoor-lichterketten-innen-strom-weihnachtsdeko-led-weihnachtslichter\\\/\",\"name\":\"CozyHome LED Schlauch 200 LED - 8 Modi &amp; Timer - Solar 12m 10m LED I Lichtschlauch Lichterschlauch I LED Lichterkette Au\u00dfen Outdoor Lichterketten Innen Strom Weihnachtsdeko LED Weihnachtslichter - Markt-XXL\",\"isPartOf\":{\"@id\":\"https:\\\/\\\/marktxxl.de\\\/markt\\\/#website\"},\"primaryImageOfPage\":{\"@id\":\"https:\\\/\\\/marktxxl.de\\\/markt\\\/produkt\\\/cozyhome-led-schlauch-200-led-8-modi-timer-solar-12m-10m-led-i-lichtschlauch-lichterschlauch-i-led-lichterkette-aussen-outdoor-lichterketten-innen-strom-weihnachtsdeko-led-weihnachtslichter\\\/#primaryimage\"},\"image\":{\"@id\":\"https:\\\/\\\/marktxxl.de\\\/markt\\\/produkt\\\/cozyhome-led-schlauch-200-led-8-modi-timer-solar-12m-10m-led-i-lichtschlauch-lichterschlauch-i-led-lichterkette-aussen-outdoor-lichterketten-innen-strom-weihnachtsdeko-led-weihnachtslichter\\\/#primaryimage\"},\"thumbnailUrl\":\"https:\\\/\\\/m.media-amazon.com\\\/images\\\/I\\\/5143EUCDdYL._SL500_.jpg\",\"datePublished\":\"2024-07-28T08:19:08+00:00\",\"description\":\"Markt-XXL CozyHome LED Schlauch 200 LED - 8 Modi &amp; Timer - Solar 12m 10m LED I Lichtschlauch Lichterschlauch I LED Lichterkette Au\u00dfen Outdoor Lichterketten Innen Strom Weihnachtsdeko LED Weihnachtslichter\",\"breadcrumb\":{\"@id\":\"https:\\\/\\\/marktxxl.de\\\/markt\\\/produkt\\\/cozyhome-led-schlauch-200-led-8-modi-timer-solar-12m-10m-led-i-lichtschlauch-lichterschlauch-i-led-lichterkette-aussen-outdoor-lichterketten-innen-strom-weihnachtsdeko-led-weihnachtslichter\\\/#breadcrumb\"},\"inLanguage\":\"de\",\"potentialAction\":[{\"@type\":\"ReadAction\",\"target\":[\"https:\\\/\\\/marktxxl.de\\\/markt\\\/produkt\\\/cozyhome-led-schlauch-200-led-8-modi-timer-solar-12m-10m-led-i-lichtschlauch-lichterschlauch-i-led-lichterkette-aussen-outdoor-lichterketten-innen-strom-weihnachtsdeko-led-weihnachtslichter\\\/\"]}]},{\"@type\":\"ImageObject\",\"inLanguage\":\"de\",\"@id\":\"https:\\\/\\\/marktxxl.de\\\/markt\\\/produkt\\\/cozyhome-led-schlauch-200-led-8-modi-timer-solar-12m-10m-led-i-lichtschlauch-lichterschlauch-i-led-lichterkette-aussen-outdoor-lichterketten-innen-strom-weihnachtsdeko-led-weihnachtslichter\\\/#primaryimage\",\"url\":\"https:\\\/\\\/m.media-amazon.com\\\/images\\\/I\\\/5143EUCDdYL._SL500_.jpg\",\"contentUrl\":\"https:\\\/\\\/m.media-amazon.com\\\/images\\\/I\\\/5143EUCDdYL._SL500_.jpg\",\"width\":500,\"height\":500},{\"@type\":\"BreadcrumbList\",\"@id\":\"https:\\\/\\\/marktxxl.de\\\/markt\\\/produkt\\\/cozyhome-led-schlauch-200-led-8-modi-timer-solar-12m-10m-led-i-lichtschlauch-lichterschlauch-i-led-lichterkette-aussen-outdoor-lichterketten-innen-strom-weihnachtsdeko-led-weihnachtslichter\\\/#breadcrumb\",\"itemListElement\":[{\"@type\":\"ListItem\",\"position\":1,\"name\":\"Startseite\",\"item\":\"https:\\\/\\\/marktxxl.de\\\/markt\\\/\"},{\"@type\":\"ListItem\",\"position\":2,\"name\":\"Markt\",\"item\":\"https:\\\/\\\/marktxxl.de\\\/markt\\\/\"},{\"@type\":\"ListItem\",\"position\":3,\"name\":\"CozyHome LED Schlauch 200 LED &#8211; 8 Modi &amp; Timer &#8211; Solar 12m 10m LED I Lichtschlauch Lichterschlauch I LED Lichterkette Au\u00dfen Outdoor Lichterketten Innen Strom Weihnachtsdeko LED Weihnachtslichter\"}]},{\"@type\":\"WebSite\",\"@id\":\"https:\\\/\\\/marktxxl.de\\\/markt\\\/#website\",\"url\":\"https:\\\/\\\/marktxxl.de\\\/markt\\\/\",\"name\":\"Markt-XXL\",\"description\":\"Ihr Markt Online\",\"publisher\":{\"@id\":\"https:\\\/\\\/marktxxl.de\\\/markt\\\/#organization\"},\"potentialAction\":[{\"@type\":\"SearchAction\",\"target\":{\"@type\":\"EntryPoint\",\"urlTemplate\":\"https:\\\/\\\/marktxxl.de\\\/markt\\\/?s={search_term_string}\"},\"query-input\":{\"@type\":\"PropertyValueSpecification\",\"valueRequired\":true,\"valueName\":\"search_term_string\"}}],\"inLanguage\":\"de\"},{\"@type\":\"Organization\",\"@id\":\"https:\\\/\\\/marktxxl.de\\\/markt\\\/#organization\",\"name\":\"Markt-XXL\",\"url\":\"https:\\\/\\\/marktxxl.de\\\/markt\\\/\",\"logo\":{\"@type\":\"ImageObject\",\"inLanguage\":\"de\",\"@id\":\"https:\\\/\\\/marktxxl.de\\\/markt\\\/#\\\/schema\\\/logo\\\/image\\\/\",\"url\":\"https:\\\/\\\/marktxxl.de\\\/markt\\\/wp-content\\\/uploads\\\/sites\\\/3\\\/2020\\\/12\\\/logo.png\",\"contentUrl\":\"https:\\\/\\\/marktxxl.de\\\/markt\\\/wp-content\\\/uploads\\\/sites\\\/3\\\/2020\\\/12\\\/logo.png\",\"width\":200,\"height\":70,\"caption\":\"Markt-XXL\"},\"image\":{\"@id\":\"https:\\\/\\\/marktxxl.de\\\/markt\\\/#\\\/schema\\\/logo\\\/image\\\/\"}}]}<\/script>\n<!-- \/ Yoast SEO plugin. -->","yoast_head_json":{"title":"CozyHome LED Schlauch 200 LED - 8 Modi &amp; Timer - Solar 12m 10m LED I Lichtschlauch Lichterschlauch I LED Lichterkette Au\u00dfen Outdoor Lichterketten Innen Strom Weihnachtsdeko LED Weihnachtslichter - Markt-XXL","description":"Markt-XXL CozyHome LED Schlauch 200 LED - 8 Modi &amp; Timer - Solar 12m 10m LED I Lichtschlauch Lichterschlauch I LED Lichterkette Au\u00dfen Outdoor Lichterketten Innen Strom Weihnachtsdeko LED Weihnachtslichter","robots":{"index":"index","follow":"follow","max-snippet":"max-snippet:-1","max-image-preview":"max-image-preview:large","max-video-preview":"max-video-preview:-1"},"canonical":"https:\/\/marktxxl.de\/markt\/produkt\/cozyhome-led-schlauch-200-led-8-modi-timer-solar-12m-10m-led-i-lichtschlauch-lichterschlauch-i-led-lichterkette-aussen-outdoor-lichterketten-innen-strom-weihnachtsdeko-led-weihnachtslichter\/","og_locale":"de_DE","og_type":"article","og_title":"CozyHome LED Schlauch 200 LED - 8 Modi &amp; Timer - Solar 12m 10m LED I Lichtschlauch Lichterschlauch I LED Lichterkette Au\u00dfen Outdoor Lichterketten Innen Strom Weihnachtsdeko LED Weihnachtslichter - Markt-XXL","og_description":"Markt-XXL CozyHome LED Schlauch 200 LED - 8 Modi &amp; Timer - Solar 12m 10m LED I Lichtschlauch Lichterschlauch I LED Lichterkette Au\u00dfen Outdoor Lichterketten Innen Strom Weihnachtsdeko LED Weihnachtslichter","og_url":"https:\/\/marktxxl.de\/markt\/produkt\/cozyhome-led-schlauch-200-led-8-modi-timer-solar-12m-10m-led-i-lichtschlauch-lichterschlauch-i-led-lichterkette-aussen-outdoor-lichterketten-innen-strom-weihnachtsdeko-led-weihnachtslichter\/","og_site_name":"Markt-XXL","twitter_card":"summary_large_image","twitter_misc":{"Gesch\u00e4tzte Lesezeit":"1\u00a0Minute"},"schema":{"@context":"https:\/\/schema.org","@graph":[{"@type":"WebPage","@id":"https:\/\/marktxxl.de\/markt\/produkt\/cozyhome-led-schlauch-200-led-8-modi-timer-solar-12m-10m-led-i-lichtschlauch-lichterschlauch-i-led-lichterkette-aussen-outdoor-lichterketten-innen-strom-weihnachtsdeko-led-weihnachtslichter\/","url":"https:\/\/marktxxl.de\/markt\/produkt\/cozyhome-led-schlauch-200-led-8-modi-timer-solar-12m-10m-led-i-lichtschlauch-lichterschlauch-i-led-lichterkette-aussen-outdoor-lichterketten-innen-strom-weihnachtsdeko-led-weihnachtslichter\/","name":"CozyHome LED Schlauch 200 LED - 8 Modi &amp; Timer - Solar 12m 10m LED I Lichtschlauch Lichterschlauch I LED Lichterkette Au\u00dfen Outdoor Lichterketten Innen Strom Weihnachtsdeko LED Weihnachtslichter - Markt-XXL","isPartOf":{"@id":"https:\/\/marktxxl.de\/markt\/#website"},"primaryImageOfPage":{"@id":"https:\/\/marktxxl.de\/markt\/produkt\/cozyhome-led-schlauch-200-led-8-modi-timer-solar-12m-10m-led-i-lichtschlauch-lichterschlauch-i-led-lichterkette-aussen-outdoor-lichterketten-innen-strom-weihnachtsdeko-led-weihnachtslichter\/#primaryimage"},"image":{"@id":"https:\/\/marktxxl.de\/markt\/produkt\/cozyhome-led-schlauch-200-led-8-modi-timer-solar-12m-10m-led-i-lichtschlauch-lichterschlauch-i-led-lichterkette-aussen-outdoor-lichterketten-innen-strom-weihnachtsdeko-led-weihnachtslichter\/#primaryimage"},"thumbnailUrl":"https:\/\/m.media-amazon.com\/images\/I\/5143EUCDdYL._SL500_.jpg","datePublished":"2024-07-28T08:19:08+00:00","description":"Markt-XXL CozyHome LED Schlauch 200 LED - 8 Modi &amp; Timer - Solar 12m 10m LED I Lichtschlauch Lichterschlauch I LED Lichterkette Au\u00dfen Outdoor Lichterketten Innen Strom Weihnachtsdeko LED Weihnachtslichter","breadcrumb":{"@id":"https:\/\/marktxxl.de\/markt\/produkt\/cozyhome-led-schlauch-200-led-8-modi-timer-solar-12m-10m-led-i-lichtschlauch-lichterschlauch-i-led-lichterkette-aussen-outdoor-lichterketten-innen-strom-weihnachtsdeko-led-weihnachtslichter\/#breadcrumb"},"inLanguage":"de","potentialAction":[{"@type":"ReadAction","target":["https:\/\/marktxxl.de\/markt\/produkt\/cozyhome-led-schlauch-200-led-8-modi-timer-solar-12m-10m-led-i-lichtschlauch-lichterschlauch-i-led-lichterkette-aussen-outdoor-lichterketten-innen-strom-weihnachtsdeko-led-weihnachtslichter\/"]}]},{"@type":"ImageObject","inLanguage":"de","@id":"https:\/\/marktxxl.de\/markt\/produkt\/cozyhome-led-schlauch-200-led-8-modi-timer-solar-12m-10m-led-i-lichtschlauch-lichterschlauch-i-led-lichterkette-aussen-outdoor-lichterketten-innen-strom-weihnachtsdeko-led-weihnachtslichter\/#primaryimage","url":"https:\/\/m.media-amazon.com\/images\/I\/5143EUCDdYL._SL500_.jpg","contentUrl":"https:\/\/m.media-amazon.com\/images\/I\/5143EUCDdYL._SL500_.jpg","width":500,"height":500},{"@type":"BreadcrumbList","@id":"https:\/\/marktxxl.de\/markt\/produkt\/cozyhome-led-schlauch-200-led-8-modi-timer-solar-12m-10m-led-i-lichtschlauch-lichterschlauch-i-led-lichterkette-aussen-outdoor-lichterketten-innen-strom-weihnachtsdeko-led-weihnachtslichter\/#breadcrumb","itemListElement":[{"@type":"ListItem","position":1,"name":"Startseite","item":"https:\/\/marktxxl.de\/markt\/"},{"@type":"ListItem","position":2,"name":"Markt","item":"https:\/\/marktxxl.de\/markt\/"},{"@type":"ListItem","position":3,"name":"CozyHome LED Schlauch 200 LED &#8211; 8 Modi &amp; Timer &#8211; Solar 12m 10m LED I Lichtschlauch Lichterschlauch I LED Lichterkette Au\u00dfen Outdoor Lichterketten Innen Strom Weihnachtsdeko LED Weihnachtslichter"}]},{"@type":"WebSite","@id":"https:\/\/marktxxl.de\/markt\/#website","url":"https:\/\/marktxxl.de\/markt\/","name":"Markt-XXL","description":"Ihr Markt Online","publisher":{"@id":"https:\/\/marktxxl.de\/markt\/#organization"},"potentialAction":[{"@type":"SearchAction","target":{"@type":"EntryPoint","urlTemplate":"https:\/\/marktxxl.de\/markt\/?s={search_term_string}"},"query-input":{"@type":"PropertyValueSpecification","valueRequired":true,"valueName":"search_term_string"}}],"inLanguage":"de"},{"@type":"Organization","@id":"https:\/\/marktxxl.de\/markt\/#organization","name":"Markt-XXL","url":"https:\/\/marktxxl.de\/markt\/","logo":{"@type":"ImageObject","inLanguage":"de","@id":"https:\/\/marktxxl.de\/markt\/#\/schema\/logo\/image\/","url":"https:\/\/marktxxl.de\/markt\/wp-content\/uploads\/sites\/3\/2020\/12\/logo.png","contentUrl":"https:\/\/marktxxl.de\/markt\/wp-content\/uploads\/sites\/3\/2020\/12\/logo.png","width":200,"height":70,"caption":"Markt-XXL"},"image":{"@id":"https:\/\/marktxxl.de\/markt\/#\/schema\/logo\/image\/"}}]}},"_links":{"self":[{"href":"https:\/\/marktxxl.de\/markt\/wp-json\/wp\/v2\/product\/218914","targetHints":{"allow":["GET"]}}],"collection":[{"href":"https:\/\/marktxxl.de\/markt\/wp-json\/wp\/v2\/product"}],"about":[{"href":"https:\/\/marktxxl.de\/markt\/wp-json\/wp\/v2\/types\/product"}],"replies":[{"embeddable":true,"href":"https:\/\/marktxxl.de\/markt\/wp-json\/wp\/v2\/comments?post=218914"}],"wp:featuredmedia":[{"embeddable":true,"href":"https:\/\/marktxxl.de\/markt\/wp-json\/wp\/v2\/media\/218915"}],"wp:attachment":[{"href":"https:\/\/marktxxl.de\/markt\/wp-json\/wp\/v2\/media?parent=218914"}],"wp:term":[{"taxonomy":"product_brand","embeddable":true,"href":"https:\/\/marktxxl.de\/markt\/wp-json\/wp\/v2\/product_brand?post=218914"},{"taxonomy":"product_cat","embeddable":true,"href":"https:\/\/marktxxl.de\/markt\/wp-json\/wp\/v2\/product_cat?post=218914"},{"taxonomy":"product_tag","embeddable":true,"href":"https:\/\/marktxxl.de\/markt\/wp-json\/wp\/v2\/product_tag?post=218914"}],"curies":[{"name":"wp","href":"https:\/\/api.w.org\/{rel}","templated":true}]}}