{"id":218895,"date":"2024-07-28T10:17:39","date_gmt":"2024-07-28T08:17:39","guid":{"rendered":"https:\/\/marktxxl.de\/markt\/produkt\/xunata-led-solar-lichterschlauch-10m-100-leds-lichter-ip65-wasserdicht-schlauchlicht-lichtschlauch-fuer-garten-weihnachten-hochzeit-party\/"},"modified":"2024-07-28T10:17:39","modified_gmt":"2024-07-28T08:17:39","slug":"xunata-led-solar-lichterschlauch-10m-100-leds-lichter-ip65-wasserdicht-schlauchlicht-lichtschlauch-fuer-garten-weihnachten-hochzeit-party","status":"publish","type":"product","link":"https:\/\/marktxxl.de\/markt\/produkt\/xunata-led-solar-lichterschlauch-10m-100-leds-lichter-ip65-wasserdicht-schlauchlicht-lichtschlauch-fuer-garten-weihnachten-hochzeit-party\/","title":{"rendered":"XUNATA LED Solar Lichterschlauch 10M 100 LEDs Lichter IP65 Wasserdicht Schlauchlicht Lichtschlauch f\u00fcr Garten, Weihnachten, Hochzeit, Party"},"content":{"rendered":"<p>\u2605 Power von Solar: Mit justierbarem Solarpanel k\u00f6nnen die Kugelfee-Fadenlichter Sonnenergie effizient absorbieren und in elektrische Energie umwandeln. Au\u00dferdem werden die solaren Lichterketten im Freien f\u00fcr 8-10 Stunden nachts arbeiten, nachdem sie 6-8 Stunden am Tag aufgeladen haben und die Helligkeit f\u00fcr die ganze Nacht genie\u00dfen.<br \/>\n\u2605 Lighting Mode f\u00fcr Ihre Wahl: Diese Rope Light String kommt mit einem Knopf f\u00fcr Sie, um die 2 Lichtmodi, Blitzlicht und Dauerlicht einzustellen. W\u00e4hlen Sie einfach die eine, um die Atmosph\u00e4re zu erstellen, die Sie f\u00fcr verschiedene Einstellungen m\u00f6gen.<br \/>\n\u2605 Einfach zu installieren: Es ist keine Verkabelung erforderlich. Sie k\u00f6nnen die Leuchte in Ihrem eigenen kreativen Stil installieren \uff0cDer Lichtschlauch kann in alle Richtungen gebogen und um fast jeden Gegenstand gewickelt werden.( 5m\/10m Solar Lichterschlauch + 2 m Zuleitung zum Solarpaket)<br \/>\n\u2605 Multi-Anwendungen: Perfekt f\u00fcr Party, Restaraut, Feste, Garten und Haus.Dekorieren Sie Ihren Garten und Ihre Terrasse und tauchen Sie diese in ein sternenhelles, buntes Ambiente.<br \/>\n\u2605 Bemerkungen:Die Zufriedenheit unserer Kunden liegt uns am Herzen \u2013 bei Problemen oder Anmerkungen freuen wir uns auf Ihre Nachricht.<br \/>\n<div class=\"main-cross-sell\" data-asin=\"B07X1WQ39L\">\n\n\t<div class=\"WooZone-cross-sell-loader\">\n\t\t<div>\n\t\t\t<div id=\"floatingBarsG\">\n\t\t\t\t<div class=\"blockG\" id=\"rotateG_01\"><\/div>\n\t\t\t\t<div class=\"blockG\" id=\"rotateG_02\"><\/div>\n\t\t\t\t<div class=\"blockG\" id=\"rotateG_03\"><\/div>\n\t\t\t\t<div class=\"blockG\" id=\"rotateG_04\"><\/div>\n\t\t\t\t<div class=\"blockG\" id=\"rotateG_05\"><\/div>\n\t\t\t\t<div class=\"blockG\" id=\"rotateG_06\"><\/div>\n\t\t\t\t<div class=\"blockG\" id=\"rotateG_07\"><\/div>\n\t\t\t\t<div class=\"blockG\" id=\"rotateG_08\"><\/div>\n\t\t\t<\/div>\n\t\t\t<div class=\"WooZone-cross-sell-loader-text\"><\/div>\n\t\t<\/div>\n\t<\/div>\n\n\t\t\n<\/div>\n<div style=\"clear:both;\"><\/div><\/p>\n","protected":false},"excerpt":{"rendered":"<p>\u2605 Power von Solar: Mit justierbarem Solarpanel k\u00f6nnen die Kugelfee-Fadenlichter Sonnenergie effizient absorbieren und in elektrische Energie umwandeln. Au\u00dferdem werden die solaren Lichterketten im Freien f\u00fcr 8-10 Stunden nachts arbeiten, nachdem sie 6-8 Stunden am Tag aufgeladen haben und die Helligkeit f\u00fcr die ganze Nacht genie\u00dfen.<br \/>\n\u2605 Lighting Mode f\u00fcr Ihre Wahl: Diese Rope Light String kommt mit einem Knopf f\u00fcr Sie, um die 2 Lichtmodi, Blitzlicht und Dauerlicht einzustellen. W\u00e4hlen Sie einfach die eine, um die Atmosph\u00e4re zu erstellen, die Sie f\u00fcr verschiedene Einstellungen m\u00f6gen.<br \/>\n\u2605 Einfach zu installieren: Es ist keine Verkabelung erforderlich. Sie k\u00f6nnen die Leuchte in Ihrem eigenen kreativen Stil installieren \uff0cDer Lichtschlauch kann in alle Richtungen gebogen und um fast jeden Gegenstand gewickelt werden.( 5m\/10m Solar Lichterschlauch + 2 m Zuleitung zum Solarpaket)<\/p>\n","protected":false},"featured_media":218896,"comment_status":"open","ping_status":"closed","template":"","meta":[],"product_brand":[],"product_cat":[2108,15623],"product_tag":[],"class_list":{"0":"post-218895","1":"product","2":"type-product","3":"status-publish","4":"has-post-thumbnail","6":"product_cat-beleuchtung","7":"product_cat-lichtschlaeuche","8":"pa_brand-xunata","9":"pa_manufacturer-xunata","11":"first","12":"instock","13":"shipping-taxable","14":"product-type-simple","15":"customify-col","16":"product-has-gallery"},"yoast_head":"<!-- This site is optimized with the Yoast SEO plugin v27.4 - https:\/\/yoast.com\/product\/yoast-seo-wordpress\/ -->\n<title>XUNATA LED Solar Lichterschlauch 10M 100 LEDs Lichter IP65 Wasserdicht Schlauchlicht Lichtschlauch f\u00fcr Garten, Weihnachten, Hochzeit, Party - Markt-XXL<\/title>\n<meta name=\"description\" content=\"Markt-XXL XUNATA LED Solar Lichterschlauch 10M 100 LEDs Lichter IP65 Wasserdicht Schlauchlicht Lichtschlauch f\u00fcr Garten, Weihnachten, Hochzeit, Party\" \/>\n<meta name=\"robots\" content=\"index, follow, max-snippet:-1, max-image-preview:large, max-video-preview:-1\" \/>\n<link rel=\"canonical\" href=\"https:\/\/marktxxl.de\/markt\/produkt\/xunata-led-solar-lichterschlauch-10m-100-leds-lichter-ip65-wasserdicht-schlauchlicht-lichtschlauch-fuer-garten-weihnachten-hochzeit-party\/\" \/>\n<meta property=\"og:locale\" content=\"de_DE\" \/>\n<meta property=\"og:type\" content=\"article\" \/>\n<meta property=\"og:title\" content=\"XUNATA LED Solar Lichterschlauch 10M 100 LEDs Lichter IP65 Wasserdicht Schlauchlicht Lichtschlauch f\u00fcr Garten, Weihnachten, Hochzeit, Party - Markt-XXL\" \/>\n<meta property=\"og:description\" content=\"Markt-XXL XUNATA LED Solar Lichterschlauch 10M 100 LEDs Lichter IP65 Wasserdicht Schlauchlicht Lichtschlauch f\u00fcr Garten, Weihnachten, Hochzeit, Party\" \/>\n<meta property=\"og:url\" content=\"https:\/\/marktxxl.de\/markt\/produkt\/xunata-led-solar-lichterschlauch-10m-100-leds-lichter-ip65-wasserdicht-schlauchlicht-lichtschlauch-fuer-garten-weihnachten-hochzeit-party\/\" \/>\n<meta property=\"og:site_name\" content=\"Markt-XXL\" \/>\n<meta name=\"twitter:card\" content=\"summary_large_image\" \/>\n<meta name=\"twitter:label1\" content=\"Gesch\u00e4tzte Lesezeit\" \/>\n\t<meta name=\"twitter:data1\" content=\"1\u00a0Minute\" \/>\n<script type=\"application\/ld+json\" class=\"yoast-schema-graph\">{\"@context\":\"https:\\\/\\\/schema.org\",\"@graph\":[{\"@type\":\"WebPage\",\"@id\":\"https:\\\/\\\/marktxxl.de\\\/markt\\\/produkt\\\/xunata-led-solar-lichterschlauch-10m-100-leds-lichter-ip65-wasserdicht-schlauchlicht-lichtschlauch-fuer-garten-weihnachten-hochzeit-party\\\/\",\"url\":\"https:\\\/\\\/marktxxl.de\\\/markt\\\/produkt\\\/xunata-led-solar-lichterschlauch-10m-100-leds-lichter-ip65-wasserdicht-schlauchlicht-lichtschlauch-fuer-garten-weihnachten-hochzeit-party\\\/\",\"name\":\"XUNATA LED Solar Lichterschlauch 10M 100 LEDs Lichter IP65 Wasserdicht Schlauchlicht Lichtschlauch f\u00fcr Garten, Weihnachten, Hochzeit, Party - Markt-XXL\",\"isPartOf\":{\"@id\":\"https:\\\/\\\/marktxxl.de\\\/markt\\\/#website\"},\"primaryImageOfPage\":{\"@id\":\"https:\\\/\\\/marktxxl.de\\\/markt\\\/produkt\\\/xunata-led-solar-lichterschlauch-10m-100-leds-lichter-ip65-wasserdicht-schlauchlicht-lichtschlauch-fuer-garten-weihnachten-hochzeit-party\\\/#primaryimage\"},\"image\":{\"@id\":\"https:\\\/\\\/marktxxl.de\\\/markt\\\/produkt\\\/xunata-led-solar-lichterschlauch-10m-100-leds-lichter-ip65-wasserdicht-schlauchlicht-lichtschlauch-fuer-garten-weihnachten-hochzeit-party\\\/#primaryimage\"},\"thumbnailUrl\":\"https:\\\/\\\/m.media-amazon.com\\\/images\\\/I\\\/41Gy2GYvgvL._SL500_.jpg\",\"datePublished\":\"2024-07-28T08:17:39+00:00\",\"description\":\"Markt-XXL XUNATA LED Solar Lichterschlauch 10M 100 LEDs Lichter IP65 Wasserdicht Schlauchlicht Lichtschlauch f\u00fcr Garten, Weihnachten, Hochzeit, Party\",\"breadcrumb\":{\"@id\":\"https:\\\/\\\/marktxxl.de\\\/markt\\\/produkt\\\/xunata-led-solar-lichterschlauch-10m-100-leds-lichter-ip65-wasserdicht-schlauchlicht-lichtschlauch-fuer-garten-weihnachten-hochzeit-party\\\/#breadcrumb\"},\"inLanguage\":\"de\",\"potentialAction\":[{\"@type\":\"ReadAction\",\"target\":[\"https:\\\/\\\/marktxxl.de\\\/markt\\\/produkt\\\/xunata-led-solar-lichterschlauch-10m-100-leds-lichter-ip65-wasserdicht-schlauchlicht-lichtschlauch-fuer-garten-weihnachten-hochzeit-party\\\/\"]}]},{\"@type\":\"ImageObject\",\"inLanguage\":\"de\",\"@id\":\"https:\\\/\\\/marktxxl.de\\\/markt\\\/produkt\\\/xunata-led-solar-lichterschlauch-10m-100-leds-lichter-ip65-wasserdicht-schlauchlicht-lichtschlauch-fuer-garten-weihnachten-hochzeit-party\\\/#primaryimage\",\"url\":\"https:\\\/\\\/m.media-amazon.com\\\/images\\\/I\\\/41Gy2GYvgvL._SL500_.jpg\",\"contentUrl\":\"https:\\\/\\\/m.media-amazon.com\\\/images\\\/I\\\/41Gy2GYvgvL._SL500_.jpg\",\"width\":500,\"height\":500},{\"@type\":\"BreadcrumbList\",\"@id\":\"https:\\\/\\\/marktxxl.de\\\/markt\\\/produkt\\\/xunata-led-solar-lichterschlauch-10m-100-leds-lichter-ip65-wasserdicht-schlauchlicht-lichtschlauch-fuer-garten-weihnachten-hochzeit-party\\\/#breadcrumb\",\"itemListElement\":[{\"@type\":\"ListItem\",\"position\":1,\"name\":\"Startseite\",\"item\":\"https:\\\/\\\/marktxxl.de\\\/markt\\\/\"},{\"@type\":\"ListItem\",\"position\":2,\"name\":\"Markt\",\"item\":\"https:\\\/\\\/marktxxl.de\\\/markt\\\/\"},{\"@type\":\"ListItem\",\"position\":3,\"name\":\"XUNATA LED Solar Lichterschlauch 10M 100 LEDs Lichter IP65 Wasserdicht Schlauchlicht Lichtschlauch f\u00fcr Garten, Weihnachten, Hochzeit, Party\"}]},{\"@type\":\"WebSite\",\"@id\":\"https:\\\/\\\/marktxxl.de\\\/markt\\\/#website\",\"url\":\"https:\\\/\\\/marktxxl.de\\\/markt\\\/\",\"name\":\"Markt-XXL\",\"description\":\"Ihr Markt Online\",\"publisher\":{\"@id\":\"https:\\\/\\\/marktxxl.de\\\/markt\\\/#organization\"},\"potentialAction\":[{\"@type\":\"SearchAction\",\"target\":{\"@type\":\"EntryPoint\",\"urlTemplate\":\"https:\\\/\\\/marktxxl.de\\\/markt\\\/?s={search_term_string}\"},\"query-input\":{\"@type\":\"PropertyValueSpecification\",\"valueRequired\":true,\"valueName\":\"search_term_string\"}}],\"inLanguage\":\"de\"},{\"@type\":\"Organization\",\"@id\":\"https:\\\/\\\/marktxxl.de\\\/markt\\\/#organization\",\"name\":\"Markt-XXL\",\"url\":\"https:\\\/\\\/marktxxl.de\\\/markt\\\/\",\"logo\":{\"@type\":\"ImageObject\",\"inLanguage\":\"de\",\"@id\":\"https:\\\/\\\/marktxxl.de\\\/markt\\\/#\\\/schema\\\/logo\\\/image\\\/\",\"url\":\"https:\\\/\\\/marktxxl.de\\\/markt\\\/wp-content\\\/uploads\\\/sites\\\/3\\\/2020\\\/12\\\/logo.png\",\"contentUrl\":\"https:\\\/\\\/marktxxl.de\\\/markt\\\/wp-content\\\/uploads\\\/sites\\\/3\\\/2020\\\/12\\\/logo.png\",\"width\":200,\"height\":70,\"caption\":\"Markt-XXL\"},\"image\":{\"@id\":\"https:\\\/\\\/marktxxl.de\\\/markt\\\/#\\\/schema\\\/logo\\\/image\\\/\"}}]}<\/script>\n<!-- \/ Yoast SEO plugin. -->","yoast_head_json":{"title":"XUNATA LED Solar Lichterschlauch 10M 100 LEDs Lichter IP65 Wasserdicht Schlauchlicht Lichtschlauch f\u00fcr Garten, Weihnachten, Hochzeit, Party - Markt-XXL","description":"Markt-XXL XUNATA LED Solar Lichterschlauch 10M 100 LEDs Lichter IP65 Wasserdicht Schlauchlicht Lichtschlauch f\u00fcr Garten, Weihnachten, Hochzeit, Party","robots":{"index":"index","follow":"follow","max-snippet":"max-snippet:-1","max-image-preview":"max-image-preview:large","max-video-preview":"max-video-preview:-1"},"canonical":"https:\/\/marktxxl.de\/markt\/produkt\/xunata-led-solar-lichterschlauch-10m-100-leds-lichter-ip65-wasserdicht-schlauchlicht-lichtschlauch-fuer-garten-weihnachten-hochzeit-party\/","og_locale":"de_DE","og_type":"article","og_title":"XUNATA LED Solar Lichterschlauch 10M 100 LEDs Lichter IP65 Wasserdicht Schlauchlicht Lichtschlauch f\u00fcr Garten, Weihnachten, Hochzeit, Party - Markt-XXL","og_description":"Markt-XXL XUNATA LED Solar Lichterschlauch 10M 100 LEDs Lichter IP65 Wasserdicht Schlauchlicht Lichtschlauch f\u00fcr Garten, Weihnachten, Hochzeit, Party","og_url":"https:\/\/marktxxl.de\/markt\/produkt\/xunata-led-solar-lichterschlauch-10m-100-leds-lichter-ip65-wasserdicht-schlauchlicht-lichtschlauch-fuer-garten-weihnachten-hochzeit-party\/","og_site_name":"Markt-XXL","twitter_card":"summary_large_image","twitter_misc":{"Gesch\u00e4tzte Lesezeit":"1\u00a0Minute"},"schema":{"@context":"https:\/\/schema.org","@graph":[{"@type":"WebPage","@id":"https:\/\/marktxxl.de\/markt\/produkt\/xunata-led-solar-lichterschlauch-10m-100-leds-lichter-ip65-wasserdicht-schlauchlicht-lichtschlauch-fuer-garten-weihnachten-hochzeit-party\/","url":"https:\/\/marktxxl.de\/markt\/produkt\/xunata-led-solar-lichterschlauch-10m-100-leds-lichter-ip65-wasserdicht-schlauchlicht-lichtschlauch-fuer-garten-weihnachten-hochzeit-party\/","name":"XUNATA LED Solar Lichterschlauch 10M 100 LEDs Lichter IP65 Wasserdicht Schlauchlicht Lichtschlauch f\u00fcr Garten, Weihnachten, Hochzeit, Party - Markt-XXL","isPartOf":{"@id":"https:\/\/marktxxl.de\/markt\/#website"},"primaryImageOfPage":{"@id":"https:\/\/marktxxl.de\/markt\/produkt\/xunata-led-solar-lichterschlauch-10m-100-leds-lichter-ip65-wasserdicht-schlauchlicht-lichtschlauch-fuer-garten-weihnachten-hochzeit-party\/#primaryimage"},"image":{"@id":"https:\/\/marktxxl.de\/markt\/produkt\/xunata-led-solar-lichterschlauch-10m-100-leds-lichter-ip65-wasserdicht-schlauchlicht-lichtschlauch-fuer-garten-weihnachten-hochzeit-party\/#primaryimage"},"thumbnailUrl":"https:\/\/m.media-amazon.com\/images\/I\/41Gy2GYvgvL._SL500_.jpg","datePublished":"2024-07-28T08:17:39+00:00","description":"Markt-XXL XUNATA LED Solar Lichterschlauch 10M 100 LEDs Lichter IP65 Wasserdicht Schlauchlicht Lichtschlauch f\u00fcr Garten, Weihnachten, Hochzeit, Party","breadcrumb":{"@id":"https:\/\/marktxxl.de\/markt\/produkt\/xunata-led-solar-lichterschlauch-10m-100-leds-lichter-ip65-wasserdicht-schlauchlicht-lichtschlauch-fuer-garten-weihnachten-hochzeit-party\/#breadcrumb"},"inLanguage":"de","potentialAction":[{"@type":"ReadAction","target":["https:\/\/marktxxl.de\/markt\/produkt\/xunata-led-solar-lichterschlauch-10m-100-leds-lichter-ip65-wasserdicht-schlauchlicht-lichtschlauch-fuer-garten-weihnachten-hochzeit-party\/"]}]},{"@type":"ImageObject","inLanguage":"de","@id":"https:\/\/marktxxl.de\/markt\/produkt\/xunata-led-solar-lichterschlauch-10m-100-leds-lichter-ip65-wasserdicht-schlauchlicht-lichtschlauch-fuer-garten-weihnachten-hochzeit-party\/#primaryimage","url":"https:\/\/m.media-amazon.com\/images\/I\/41Gy2GYvgvL._SL500_.jpg","contentUrl":"https:\/\/m.media-amazon.com\/images\/I\/41Gy2GYvgvL._SL500_.jpg","width":500,"height":500},{"@type":"BreadcrumbList","@id":"https:\/\/marktxxl.de\/markt\/produkt\/xunata-led-solar-lichterschlauch-10m-100-leds-lichter-ip65-wasserdicht-schlauchlicht-lichtschlauch-fuer-garten-weihnachten-hochzeit-party\/#breadcrumb","itemListElement":[{"@type":"ListItem","position":1,"name":"Startseite","item":"https:\/\/marktxxl.de\/markt\/"},{"@type":"ListItem","position":2,"name":"Markt","item":"https:\/\/marktxxl.de\/markt\/"},{"@type":"ListItem","position":3,"name":"XUNATA LED Solar Lichterschlauch 10M 100 LEDs Lichter IP65 Wasserdicht Schlauchlicht Lichtschlauch f\u00fcr Garten, Weihnachten, Hochzeit, Party"}]},{"@type":"WebSite","@id":"https:\/\/marktxxl.de\/markt\/#website","url":"https:\/\/marktxxl.de\/markt\/","name":"Markt-XXL","description":"Ihr Markt Online","publisher":{"@id":"https:\/\/marktxxl.de\/markt\/#organization"},"potentialAction":[{"@type":"SearchAction","target":{"@type":"EntryPoint","urlTemplate":"https:\/\/marktxxl.de\/markt\/?s={search_term_string}"},"query-input":{"@type":"PropertyValueSpecification","valueRequired":true,"valueName":"search_term_string"}}],"inLanguage":"de"},{"@type":"Organization","@id":"https:\/\/marktxxl.de\/markt\/#organization","name":"Markt-XXL","url":"https:\/\/marktxxl.de\/markt\/","logo":{"@type":"ImageObject","inLanguage":"de","@id":"https:\/\/marktxxl.de\/markt\/#\/schema\/logo\/image\/","url":"https:\/\/marktxxl.de\/markt\/wp-content\/uploads\/sites\/3\/2020\/12\/logo.png","contentUrl":"https:\/\/marktxxl.de\/markt\/wp-content\/uploads\/sites\/3\/2020\/12\/logo.png","width":200,"height":70,"caption":"Markt-XXL"},"image":{"@id":"https:\/\/marktxxl.de\/markt\/#\/schema\/logo\/image\/"}}]}},"_links":{"self":[{"href":"https:\/\/marktxxl.de\/markt\/wp-json\/wp\/v2\/product\/218895","targetHints":{"allow":["GET"]}}],"collection":[{"href":"https:\/\/marktxxl.de\/markt\/wp-json\/wp\/v2\/product"}],"about":[{"href":"https:\/\/marktxxl.de\/markt\/wp-json\/wp\/v2\/types\/product"}],"replies":[{"embeddable":true,"href":"https:\/\/marktxxl.de\/markt\/wp-json\/wp\/v2\/comments?post=218895"}],"wp:featuredmedia":[{"embeddable":true,"href":"https:\/\/marktxxl.de\/markt\/wp-json\/wp\/v2\/media\/218896"}],"wp:attachment":[{"href":"https:\/\/marktxxl.de\/markt\/wp-json\/wp\/v2\/media?parent=218895"}],"wp:term":[{"taxonomy":"product_brand","embeddable":true,"href":"https:\/\/marktxxl.de\/markt\/wp-json\/wp\/v2\/product_brand?post=218895"},{"taxonomy":"product_cat","embeddable":true,"href":"https:\/\/marktxxl.de\/markt\/wp-json\/wp\/v2\/product_cat?post=218895"},{"taxonomy":"product_tag","embeddable":true,"href":"https:\/\/marktxxl.de\/markt\/wp-json\/wp\/v2\/product_tag?post=218895"}],"curies":[{"name":"wp","href":"https:\/\/api.w.org\/{rel}","templated":true}]}}