{"id":218786,"date":"2024-07-28T09:55:34","date_gmt":"2024-07-28T07:55:34","guid":{"rendered":"https:\/\/marktxxl.de\/markt\/produkt\/innovate-led-fliesenprofil-alu-profil-2-meter-inkl-abdeckung-fliesen-aluminium-fuer-led-streifen-bis-12mm-breite-2000mm-laenge\/"},"modified":"2024-07-28T09:55:34","modified_gmt":"2024-07-28T07:55:34","slug":"innovate-led-fliesenprofil-alu-profil-2-meter-inkl-abdeckung-fliesen-aluminium-fuer-led-streifen-bis-12mm-breite-2000mm-laenge","status":"publish","type":"product","link":"https:\/\/marktxxl.de\/markt\/produkt\/innovate-led-fliesenprofil-alu-profil-2-meter-inkl-abdeckung-fliesen-aluminium-fuer-led-streifen-bis-12mm-breite-2000mm-laenge\/","title":{"rendered":"INNOVATE LED Fliesenprofil Alu Profil 2 Meter inkl. Abdeckung &#8211; Fliesen &#8211; Aluminium f\u00fcr LED Streifen bis 12mm Breite &#8211; 2000mm L\u00e4nge"},"content":{"rendered":"<p>LED Alu Fliesen Profil 2m inkl. Abdeckung &#8211; f\u00fcr Flieseneinbau &#8211; &#8211; sch\u00f6nes diffuses Licht &#8211; erzeugen tolles Ambiente &#8211; Akzentbeleuchtungen und indirekte Beleuchtungen. 2 Meter ALU LED Profil f\u00fcr Ihre LED Stripes zum Einbau im Schlafzimmer, Wohnzimmer, K\u00fcche, etc&#8230;<br \/>\nSET: Alu LED Leiste Inklusive einklickbarer Abdeckung &#8211; bei Fragen kontaktieren Sie uns gerne! &#8211; Montagezubeh\u00f6r und Abdeckkappen finden Sie in unserem Shop: amazon.de\/innovate<br \/>\nWUNDERSCH\u00d6N Lichtverteilung &#8211; profitieren Sie von diesen Qualitativ hervorragenden ALU-Profile zum k\u00fchlen und zum Schutz Ihrer LED Stripes<br \/>\nEINFACH zu installieren &#8211; gut kombinierbar. Geeignet f\u00fcr LED Stripes \/ Streifen aller Hersteller &#8211; Innenma\u00dfe (12mm beachten! ( Aluprofil Nicht f\u00fcr HUE geeignet.)) Besonders geeignet: B07NCSK8LV<br \/>\nVARIABEL: Einbau und Aufbau m\u00f6glich. Aluminium Eloxiert &#8211; K\u00fchlprofil f\u00fcr LED Streifen bis 12mm &#8211; Alu Stripe \/ Alu Streifen \/ Alu Leiste \/ Aluprofil<br \/>\n<div class=\"main-cross-sell\" data-asin=\"B08P4WDYSM\">\n\n\t<div class=\"WooZone-cross-sell-loader\">\n\t\t<div>\n\t\t\t<div id=\"floatingBarsG\">\n\t\t\t\t<div class=\"blockG\" id=\"rotateG_01\"><\/div>\n\t\t\t\t<div class=\"blockG\" id=\"rotateG_02\"><\/div>\n\t\t\t\t<div class=\"blockG\" id=\"rotateG_03\"><\/div>\n\t\t\t\t<div class=\"blockG\" id=\"rotateG_04\"><\/div>\n\t\t\t\t<div class=\"blockG\" id=\"rotateG_05\"><\/div>\n\t\t\t\t<div class=\"blockG\" id=\"rotateG_06\"><\/div>\n\t\t\t\t<div class=\"blockG\" id=\"rotateG_07\"><\/div>\n\t\t\t\t<div class=\"blockG\" id=\"rotateG_08\"><\/div>\n\t\t\t<\/div>\n\t\t\t<div class=\"WooZone-cross-sell-loader-text\"><\/div>\n\t\t<\/div>\n\t<\/div>\n\n\t\t\n<\/div>\n<div style=\"clear:both;\"><\/div><\/p>\n","protected":false},"excerpt":{"rendered":"<p>LED Alu Fliesen Profil 2m inkl. Abdeckung &#8211; f\u00fcr Flieseneinbau &#8211; &#8211; sch\u00f6nes diffuses Licht &#8211; erzeugen tolles Ambiente &#8211; Akzentbeleuchtungen und indirekte Beleuchtungen. 2 Meter ALU LED Profil f\u00fcr Ihre LED Stripes zum Einbau im Schlafzimmer, Wohnzimmer, K\u00fcche, etc&#8230;<br \/>\nSET: Alu LED Leiste Inklusive einklickbarer Abdeckung &#8211; bei Fragen kontaktieren Sie uns gerne! &#8211; Montagezubeh\u00f6r und Abdeckkappen finden Sie in unserem Shop: amazon.de\/innovate<br \/>\nWUNDERSCH\u00d6N Lichtverteilung &#8211; profitieren Sie von diesen Qualitativ hervorragenden ALU-Profile zum k\u00fchlen und zum Schutz Ihrer LED Stripes<\/p>\n","protected":false},"featured_media":218787,"comment_status":"open","ping_status":"closed","template":"","meta":[],"product_brand":[],"product_cat":[2108,15623],"product_tag":[],"class_list":{"0":"post-218786","1":"product","2":"type-product","3":"status-publish","4":"has-post-thumbnail","6":"product_cat-beleuchtung","7":"product_cat-lichtschlaeuche","8":"pa_brand-innovate","9":"pa_manufacturer-innovate","10":"pa_model-led-profil-fliesen","12":"first","13":"instock","14":"shipping-taxable","15":"product-type-simple","16":"customify-col","17":"product-has-gallery"},"yoast_head":"<!-- This site is optimized with the Yoast SEO plugin v27.4 - https:\/\/yoast.com\/product\/yoast-seo-wordpress\/ -->\n<title>INNOVATE LED Fliesenprofil Alu Profil 2 Meter inkl. Abdeckung - Fliesen - Aluminium f\u00fcr LED Streifen bis 12mm Breite - 2000mm L\u00e4nge - Markt-XXL<\/title>\n<meta name=\"description\" content=\"Markt-XXL INNOVATE LED Fliesenprofil Alu Profil 2 Meter inkl. Abdeckung - Fliesen - Aluminium f\u00fcr LED Streifen bis 12mm Breite - 2000mm L\u00e4nge\" \/>\n<meta name=\"robots\" content=\"index, follow, max-snippet:-1, max-image-preview:large, max-video-preview:-1\" \/>\n<link rel=\"canonical\" href=\"https:\/\/marktxxl.de\/markt\/produkt\/innovate-led-fliesenprofil-alu-profil-2-meter-inkl-abdeckung-fliesen-aluminium-fuer-led-streifen-bis-12mm-breite-2000mm-laenge\/\" \/>\n<meta property=\"og:locale\" content=\"de_DE\" \/>\n<meta property=\"og:type\" content=\"article\" \/>\n<meta property=\"og:title\" content=\"INNOVATE LED Fliesenprofil Alu Profil 2 Meter inkl. Abdeckung - Fliesen - Aluminium f\u00fcr LED Streifen bis 12mm Breite - 2000mm L\u00e4nge - Markt-XXL\" \/>\n<meta property=\"og:description\" content=\"Markt-XXL INNOVATE LED Fliesenprofil Alu Profil 2 Meter inkl. Abdeckung - Fliesen - Aluminium f\u00fcr LED Streifen bis 12mm Breite - 2000mm L\u00e4nge\" \/>\n<meta property=\"og:url\" content=\"https:\/\/marktxxl.de\/markt\/produkt\/innovate-led-fliesenprofil-alu-profil-2-meter-inkl-abdeckung-fliesen-aluminium-fuer-led-streifen-bis-12mm-breite-2000mm-laenge\/\" \/>\n<meta property=\"og:site_name\" content=\"Markt-XXL\" \/>\n<meta name=\"twitter:card\" content=\"summary_large_image\" \/>\n<meta name=\"twitter:label1\" content=\"Gesch\u00e4tzte Lesezeit\" \/>\n\t<meta name=\"twitter:data1\" content=\"1\u00a0Minute\" \/>\n<script type=\"application\/ld+json\" class=\"yoast-schema-graph\">{\"@context\":\"https:\\\/\\\/schema.org\",\"@graph\":[{\"@type\":\"WebPage\",\"@id\":\"https:\\\/\\\/marktxxl.de\\\/markt\\\/produkt\\\/innovate-led-fliesenprofil-alu-profil-2-meter-inkl-abdeckung-fliesen-aluminium-fuer-led-streifen-bis-12mm-breite-2000mm-laenge\\\/\",\"url\":\"https:\\\/\\\/marktxxl.de\\\/markt\\\/produkt\\\/innovate-led-fliesenprofil-alu-profil-2-meter-inkl-abdeckung-fliesen-aluminium-fuer-led-streifen-bis-12mm-breite-2000mm-laenge\\\/\",\"name\":\"INNOVATE LED Fliesenprofil Alu Profil 2 Meter inkl. Abdeckung - Fliesen - Aluminium f\u00fcr LED Streifen bis 12mm Breite - 2000mm L\u00e4nge - Markt-XXL\",\"isPartOf\":{\"@id\":\"https:\\\/\\\/marktxxl.de\\\/markt\\\/#website\"},\"primaryImageOfPage\":{\"@id\":\"https:\\\/\\\/marktxxl.de\\\/markt\\\/produkt\\\/innovate-led-fliesenprofil-alu-profil-2-meter-inkl-abdeckung-fliesen-aluminium-fuer-led-streifen-bis-12mm-breite-2000mm-laenge\\\/#primaryimage\"},\"image\":{\"@id\":\"https:\\\/\\\/marktxxl.de\\\/markt\\\/produkt\\\/innovate-led-fliesenprofil-alu-profil-2-meter-inkl-abdeckung-fliesen-aluminium-fuer-led-streifen-bis-12mm-breite-2000mm-laenge\\\/#primaryimage\"},\"thumbnailUrl\":\"https:\\\/\\\/m.media-amazon.com\\\/images\\\/I\\\/31kAB1gEx+L._SL500_.jpg\",\"datePublished\":\"2024-07-28T07:55:34+00:00\",\"description\":\"Markt-XXL INNOVATE LED Fliesenprofil Alu Profil 2 Meter inkl. Abdeckung - Fliesen - Aluminium f\u00fcr LED Streifen bis 12mm Breite - 2000mm L\u00e4nge\",\"breadcrumb\":{\"@id\":\"https:\\\/\\\/marktxxl.de\\\/markt\\\/produkt\\\/innovate-led-fliesenprofil-alu-profil-2-meter-inkl-abdeckung-fliesen-aluminium-fuer-led-streifen-bis-12mm-breite-2000mm-laenge\\\/#breadcrumb\"},\"inLanguage\":\"de\",\"potentialAction\":[{\"@type\":\"ReadAction\",\"target\":[\"https:\\\/\\\/marktxxl.de\\\/markt\\\/produkt\\\/innovate-led-fliesenprofil-alu-profil-2-meter-inkl-abdeckung-fliesen-aluminium-fuer-led-streifen-bis-12mm-breite-2000mm-laenge\\\/\"]}]},{\"@type\":\"ImageObject\",\"inLanguage\":\"de\",\"@id\":\"https:\\\/\\\/marktxxl.de\\\/markt\\\/produkt\\\/innovate-led-fliesenprofil-alu-profil-2-meter-inkl-abdeckung-fliesen-aluminium-fuer-led-streifen-bis-12mm-breite-2000mm-laenge\\\/#primaryimage\",\"url\":\"https:\\\/\\\/m.media-amazon.com\\\/images\\\/I\\\/31kAB1gEx+L._SL500_.jpg\",\"contentUrl\":\"https:\\\/\\\/m.media-amazon.com\\\/images\\\/I\\\/31kAB1gEx+L._SL500_.jpg\",\"width\":500,\"height\":500},{\"@type\":\"BreadcrumbList\",\"@id\":\"https:\\\/\\\/marktxxl.de\\\/markt\\\/produkt\\\/innovate-led-fliesenprofil-alu-profil-2-meter-inkl-abdeckung-fliesen-aluminium-fuer-led-streifen-bis-12mm-breite-2000mm-laenge\\\/#breadcrumb\",\"itemListElement\":[{\"@type\":\"ListItem\",\"position\":1,\"name\":\"Startseite\",\"item\":\"https:\\\/\\\/marktxxl.de\\\/markt\\\/\"},{\"@type\":\"ListItem\",\"position\":2,\"name\":\"Markt\",\"item\":\"https:\\\/\\\/marktxxl.de\\\/markt\\\/\"},{\"@type\":\"ListItem\",\"position\":3,\"name\":\"INNOVATE LED Fliesenprofil Alu Profil 2 Meter inkl. Abdeckung &#8211; Fliesen &#8211; Aluminium f\u00fcr LED Streifen bis 12mm Breite &#8211; 2000mm L\u00e4nge\"}]},{\"@type\":\"WebSite\",\"@id\":\"https:\\\/\\\/marktxxl.de\\\/markt\\\/#website\",\"url\":\"https:\\\/\\\/marktxxl.de\\\/markt\\\/\",\"name\":\"Markt-XXL\",\"description\":\"Ihr Markt Online\",\"publisher\":{\"@id\":\"https:\\\/\\\/marktxxl.de\\\/markt\\\/#organization\"},\"potentialAction\":[{\"@type\":\"SearchAction\",\"target\":{\"@type\":\"EntryPoint\",\"urlTemplate\":\"https:\\\/\\\/marktxxl.de\\\/markt\\\/?s={search_term_string}\"},\"query-input\":{\"@type\":\"PropertyValueSpecification\",\"valueRequired\":true,\"valueName\":\"search_term_string\"}}],\"inLanguage\":\"de\"},{\"@type\":\"Organization\",\"@id\":\"https:\\\/\\\/marktxxl.de\\\/markt\\\/#organization\",\"name\":\"Markt-XXL\",\"url\":\"https:\\\/\\\/marktxxl.de\\\/markt\\\/\",\"logo\":{\"@type\":\"ImageObject\",\"inLanguage\":\"de\",\"@id\":\"https:\\\/\\\/marktxxl.de\\\/markt\\\/#\\\/schema\\\/logo\\\/image\\\/\",\"url\":\"https:\\\/\\\/marktxxl.de\\\/markt\\\/wp-content\\\/uploads\\\/sites\\\/3\\\/2020\\\/12\\\/logo.png\",\"contentUrl\":\"https:\\\/\\\/marktxxl.de\\\/markt\\\/wp-content\\\/uploads\\\/sites\\\/3\\\/2020\\\/12\\\/logo.png\",\"width\":200,\"height\":70,\"caption\":\"Markt-XXL\"},\"image\":{\"@id\":\"https:\\\/\\\/marktxxl.de\\\/markt\\\/#\\\/schema\\\/logo\\\/image\\\/\"}}]}<\/script>\n<!-- \/ Yoast SEO plugin. -->","yoast_head_json":{"title":"INNOVATE LED Fliesenprofil Alu Profil 2 Meter inkl. Abdeckung - Fliesen - Aluminium f\u00fcr LED Streifen bis 12mm Breite - 2000mm L\u00e4nge - Markt-XXL","description":"Markt-XXL INNOVATE LED Fliesenprofil Alu Profil 2 Meter inkl. Abdeckung - Fliesen - Aluminium f\u00fcr LED Streifen bis 12mm Breite - 2000mm L\u00e4nge","robots":{"index":"index","follow":"follow","max-snippet":"max-snippet:-1","max-image-preview":"max-image-preview:large","max-video-preview":"max-video-preview:-1"},"canonical":"https:\/\/marktxxl.de\/markt\/produkt\/innovate-led-fliesenprofil-alu-profil-2-meter-inkl-abdeckung-fliesen-aluminium-fuer-led-streifen-bis-12mm-breite-2000mm-laenge\/","og_locale":"de_DE","og_type":"article","og_title":"INNOVATE LED Fliesenprofil Alu Profil 2 Meter inkl. Abdeckung - Fliesen - Aluminium f\u00fcr LED Streifen bis 12mm Breite - 2000mm L\u00e4nge - Markt-XXL","og_description":"Markt-XXL INNOVATE LED Fliesenprofil Alu Profil 2 Meter inkl. Abdeckung - Fliesen - Aluminium f\u00fcr LED Streifen bis 12mm Breite - 2000mm L\u00e4nge","og_url":"https:\/\/marktxxl.de\/markt\/produkt\/innovate-led-fliesenprofil-alu-profil-2-meter-inkl-abdeckung-fliesen-aluminium-fuer-led-streifen-bis-12mm-breite-2000mm-laenge\/","og_site_name":"Markt-XXL","twitter_card":"summary_large_image","twitter_misc":{"Gesch\u00e4tzte Lesezeit":"1\u00a0Minute"},"schema":{"@context":"https:\/\/schema.org","@graph":[{"@type":"WebPage","@id":"https:\/\/marktxxl.de\/markt\/produkt\/innovate-led-fliesenprofil-alu-profil-2-meter-inkl-abdeckung-fliesen-aluminium-fuer-led-streifen-bis-12mm-breite-2000mm-laenge\/","url":"https:\/\/marktxxl.de\/markt\/produkt\/innovate-led-fliesenprofil-alu-profil-2-meter-inkl-abdeckung-fliesen-aluminium-fuer-led-streifen-bis-12mm-breite-2000mm-laenge\/","name":"INNOVATE LED Fliesenprofil Alu Profil 2 Meter inkl. Abdeckung - Fliesen - Aluminium f\u00fcr LED Streifen bis 12mm Breite - 2000mm L\u00e4nge - Markt-XXL","isPartOf":{"@id":"https:\/\/marktxxl.de\/markt\/#website"},"primaryImageOfPage":{"@id":"https:\/\/marktxxl.de\/markt\/produkt\/innovate-led-fliesenprofil-alu-profil-2-meter-inkl-abdeckung-fliesen-aluminium-fuer-led-streifen-bis-12mm-breite-2000mm-laenge\/#primaryimage"},"image":{"@id":"https:\/\/marktxxl.de\/markt\/produkt\/innovate-led-fliesenprofil-alu-profil-2-meter-inkl-abdeckung-fliesen-aluminium-fuer-led-streifen-bis-12mm-breite-2000mm-laenge\/#primaryimage"},"thumbnailUrl":"https:\/\/m.media-amazon.com\/images\/I\/31kAB1gEx+L._SL500_.jpg","datePublished":"2024-07-28T07:55:34+00:00","description":"Markt-XXL INNOVATE LED Fliesenprofil Alu Profil 2 Meter inkl. Abdeckung - Fliesen - Aluminium f\u00fcr LED Streifen bis 12mm Breite - 2000mm L\u00e4nge","breadcrumb":{"@id":"https:\/\/marktxxl.de\/markt\/produkt\/innovate-led-fliesenprofil-alu-profil-2-meter-inkl-abdeckung-fliesen-aluminium-fuer-led-streifen-bis-12mm-breite-2000mm-laenge\/#breadcrumb"},"inLanguage":"de","potentialAction":[{"@type":"ReadAction","target":["https:\/\/marktxxl.de\/markt\/produkt\/innovate-led-fliesenprofil-alu-profil-2-meter-inkl-abdeckung-fliesen-aluminium-fuer-led-streifen-bis-12mm-breite-2000mm-laenge\/"]}]},{"@type":"ImageObject","inLanguage":"de","@id":"https:\/\/marktxxl.de\/markt\/produkt\/innovate-led-fliesenprofil-alu-profil-2-meter-inkl-abdeckung-fliesen-aluminium-fuer-led-streifen-bis-12mm-breite-2000mm-laenge\/#primaryimage","url":"https:\/\/m.media-amazon.com\/images\/I\/31kAB1gEx+L._SL500_.jpg","contentUrl":"https:\/\/m.media-amazon.com\/images\/I\/31kAB1gEx+L._SL500_.jpg","width":500,"height":500},{"@type":"BreadcrumbList","@id":"https:\/\/marktxxl.de\/markt\/produkt\/innovate-led-fliesenprofil-alu-profil-2-meter-inkl-abdeckung-fliesen-aluminium-fuer-led-streifen-bis-12mm-breite-2000mm-laenge\/#breadcrumb","itemListElement":[{"@type":"ListItem","position":1,"name":"Startseite","item":"https:\/\/marktxxl.de\/markt\/"},{"@type":"ListItem","position":2,"name":"Markt","item":"https:\/\/marktxxl.de\/markt\/"},{"@type":"ListItem","position":3,"name":"INNOVATE LED Fliesenprofil Alu Profil 2 Meter inkl. Abdeckung &#8211; Fliesen &#8211; Aluminium f\u00fcr LED Streifen bis 12mm Breite &#8211; 2000mm L\u00e4nge"}]},{"@type":"WebSite","@id":"https:\/\/marktxxl.de\/markt\/#website","url":"https:\/\/marktxxl.de\/markt\/","name":"Markt-XXL","description":"Ihr Markt Online","publisher":{"@id":"https:\/\/marktxxl.de\/markt\/#organization"},"potentialAction":[{"@type":"SearchAction","target":{"@type":"EntryPoint","urlTemplate":"https:\/\/marktxxl.de\/markt\/?s={search_term_string}"},"query-input":{"@type":"PropertyValueSpecification","valueRequired":true,"valueName":"search_term_string"}}],"inLanguage":"de"},{"@type":"Organization","@id":"https:\/\/marktxxl.de\/markt\/#organization","name":"Markt-XXL","url":"https:\/\/marktxxl.de\/markt\/","logo":{"@type":"ImageObject","inLanguage":"de","@id":"https:\/\/marktxxl.de\/markt\/#\/schema\/logo\/image\/","url":"https:\/\/marktxxl.de\/markt\/wp-content\/uploads\/sites\/3\/2020\/12\/logo.png","contentUrl":"https:\/\/marktxxl.de\/markt\/wp-content\/uploads\/sites\/3\/2020\/12\/logo.png","width":200,"height":70,"caption":"Markt-XXL"},"image":{"@id":"https:\/\/marktxxl.de\/markt\/#\/schema\/logo\/image\/"}}]}},"_links":{"self":[{"href":"https:\/\/marktxxl.de\/markt\/wp-json\/wp\/v2\/product\/218786","targetHints":{"allow":["GET"]}}],"collection":[{"href":"https:\/\/marktxxl.de\/markt\/wp-json\/wp\/v2\/product"}],"about":[{"href":"https:\/\/marktxxl.de\/markt\/wp-json\/wp\/v2\/types\/product"}],"replies":[{"embeddable":true,"href":"https:\/\/marktxxl.de\/markt\/wp-json\/wp\/v2\/comments?post=218786"}],"wp:featuredmedia":[{"embeddable":true,"href":"https:\/\/marktxxl.de\/markt\/wp-json\/wp\/v2\/media\/218787"}],"wp:attachment":[{"href":"https:\/\/marktxxl.de\/markt\/wp-json\/wp\/v2\/media?parent=218786"}],"wp:term":[{"taxonomy":"product_brand","embeddable":true,"href":"https:\/\/marktxxl.de\/markt\/wp-json\/wp\/v2\/product_brand?post=218786"},{"taxonomy":"product_cat","embeddable":true,"href":"https:\/\/marktxxl.de\/markt\/wp-json\/wp\/v2\/product_cat?post=218786"},{"taxonomy":"product_tag","embeddable":true,"href":"https:\/\/marktxxl.de\/markt\/wp-json\/wp\/v2\/product_tag?post=218786"}],"curies":[{"name":"wp","href":"https:\/\/api.w.org\/{rel}","templated":true}]}}