{"id":218736,"date":"2024-07-28T09:54:49","date_gmt":"2024-07-28T07:54:49","guid":{"rendered":"https:\/\/marktxxl.de\/markt\/produkt\/hp-original-153x-schwarz-laserjet-tank-toner-nachfuellkit-hohe-xl-ausbeute\/"},"modified":"2024-07-28T09:54:49","modified_gmt":"2024-07-28T07:54:49","slug":"hp-original-153x-schwarz-laserjet-tank-toner-nachfuellkit-hohe-xl-ausbeute","status":"publish","type":"product","link":"https:\/\/marktxxl.de\/markt\/produkt\/hp-original-153x-schwarz-laserjet-tank-toner-nachfuellkit-hohe-xl-ausbeute\/","title":{"rendered":"HP Original 153X Schwarz Laserjet Tank Toner-Nachf\u00fcllkit, Hohe (XL-) Ausbeute"},"content":{"rendered":"<p>Original HP 153X Toner-Verbrauchsmaterialien \u00fcberzeugen durch bew\u00e4hrte HP Druckqualit\u00e4t.<br \/>\n1 Schwarz (ca. 5.000 Seiten)<br \/>\nDrucken Sie Tausende von Seiten zu extrem niedrigen Kosten pro Seite.[2] Mit den Toner-Nachf\u00fcllkits, die speziell f\u00fcr das HP LaserJet Tank Drucksystem konzipiert wurden, ist das ganz einfach. Holen Sie sich die Qualit\u00e4t des Branchenf\u00fchrers ins B\u00fcro und sparen Sie dabei eine Menge Geld.<br \/>\nBeeindrucken Sie andere mit HP Laserdruckqualit\u00e4t, zuverl\u00e4ssigem Drucken und einfachem Toneraustausch. Das Original HP Toner-Nachf\u00fcllkit liefert Tausende von Seiten \u2013 damit Sie absolut reibungslos drucken k\u00f6nnen. Der saubere Nachf\u00fcllvorgang dauert gerade einmal 15 Sekunden.[2,1]<br \/>\nOriginal HP LaserJet Tank Toner-Nachf\u00fcllkits enthalten 75 % weniger Kunststoff[3], sind aus leicht reycelbaren Materialien hergestellt[6] und erf\u00fcllen gemeinsam mit dem HP Drucker die Emissionsrichtlinien relevanter \u00d6ko-Labels.[7]<br \/>\nPerfekt f\u00fcr Klein- und Kleinstunternehmen, die ein besonders kosteng\u00fcnstiges Drucksystem f\u00fcr Schwarzwei\u00dftext ben\u00f6tigen. Sorgen Sie m\u00fchelos f\u00fcr neuen Toner und machen Sie Ihr B\u00fcro top-produktiv.[1]<br \/>\n<div class=\"main-cross-sell\" data-asin=\"B0B29F2DZK\">\n\n\t<div class=\"WooZone-cross-sell-loader\">\n\t\t<div>\n\t\t\t<div id=\"floatingBarsG\">\n\t\t\t\t<div class=\"blockG\" id=\"rotateG_01\"><\/div>\n\t\t\t\t<div class=\"blockG\" id=\"rotateG_02\"><\/div>\n\t\t\t\t<div class=\"blockG\" id=\"rotateG_03\"><\/div>\n\t\t\t\t<div class=\"blockG\" id=\"rotateG_04\"><\/div>\n\t\t\t\t<div class=\"blockG\" id=\"rotateG_05\"><\/div>\n\t\t\t\t<div class=\"blockG\" id=\"rotateG_06\"><\/div>\n\t\t\t\t<div class=\"blockG\" id=\"rotateG_07\"><\/div>\n\t\t\t\t<div class=\"blockG\" id=\"rotateG_08\"><\/div>\n\t\t\t<\/div>\n\t\t\t<div class=\"WooZone-cross-sell-loader-text\"><\/div>\n\t\t<\/div>\n\t<\/div>\n\n\t\t\n<\/div>\n<div style=\"clear:both;\"><\/div><\/p>\n","protected":false},"excerpt":{"rendered":"<p>Original HP 153X Toner-Verbrauchsmaterialien \u00fcberzeugen durch bew\u00e4hrte HP Druckqualit\u00e4t.<br \/>\n1 Schwarz (ca. 5.000 Seiten)<br \/>\nDrucken Sie Tausende von Seiten zu extrem niedrigen Kosten pro Seite.[2] Mit den Toner-Nachf\u00fcllkits, die speziell f\u00fcr das HP LaserJet Tank Drucksystem konzipiert wurden, ist das ganz einfach. Holen Sie sich die Qualit\u00e4t des Branchenf\u00fchrers ins B\u00fcro und sparen Sie dabei eine Menge Geld.<\/p>\n","protected":false},"featured_media":218737,"comment_status":"open","ping_status":"closed","template":"","meta":[],"product_brand":[],"product_cat":[504,8208],"product_tag":[],"class_list":{"0":"post-218736","1":"product","2":"type-product","3":"status-publish","4":"has-post-thumbnail","6":"product_cat-buerobedarf-schreibwaren","7":"product_cat-bueroelektronik","8":"pa_binding-buerobedarf-schreibwaren","9":"pa_brand-hp","10":"pa_color-schwarz","11":"pa_height-7-0866-zoll","12":"pa_languages-veroeffentlicht-englisch-originalsprache-franzoesisch","13":"pa_length-3-46456-zoll","14":"pa_manufacturer-hp","15":"pa_model-w1530x","16":"pa_size-hohe-xl-ausbeute","17":"pa_warranty-lifetime","18":"pa_weight-0-220462262-pounds","19":"pa_width-2-12598-zoll","21":"first","22":"instock","23":"shipping-taxable","24":"purchasable","25":"product-type-simple","26":"customify-col","27":"product-has-gallery"},"yoast_head":"<!-- This site is optimized with the Yoast SEO plugin v27.4 - https:\/\/yoast.com\/product\/yoast-seo-wordpress\/ -->\n<title>HP Original 153X Schwarz Laserjet Tank Toner-Nachf\u00fcllkit, Hohe (XL-) Ausbeute - Markt-XXL<\/title>\n<meta name=\"description\" content=\"Markt-XXL HP Original 153X Schwarz Laserjet Tank Toner-Nachf\u00fcllkit, Hohe (XL-) Ausbeute\" \/>\n<meta name=\"robots\" content=\"index, follow, max-snippet:-1, max-image-preview:large, max-video-preview:-1\" \/>\n<link rel=\"canonical\" href=\"https:\/\/marktxxl.de\/markt\/produkt\/hp-original-153x-schwarz-laserjet-tank-toner-nachfuellkit-hohe-xl-ausbeute\/\" \/>\n<meta property=\"og:locale\" content=\"de_DE\" \/>\n<meta property=\"og:type\" content=\"article\" \/>\n<meta property=\"og:title\" content=\"HP Original 153X Schwarz Laserjet Tank Toner-Nachf\u00fcllkit, Hohe (XL-) Ausbeute - Markt-XXL\" \/>\n<meta property=\"og:description\" content=\"Markt-XXL HP Original 153X Schwarz Laserjet Tank Toner-Nachf\u00fcllkit, Hohe (XL-) Ausbeute\" \/>\n<meta property=\"og:url\" content=\"https:\/\/marktxxl.de\/markt\/produkt\/hp-original-153x-schwarz-laserjet-tank-toner-nachfuellkit-hohe-xl-ausbeute\/\" \/>\n<meta property=\"og:site_name\" content=\"Markt-XXL\" \/>\n<meta name=\"twitter:card\" content=\"summary_large_image\" \/>\n<meta name=\"twitter:label1\" content=\"Gesch\u00e4tzte Lesezeit\" \/>\n\t<meta name=\"twitter:data1\" content=\"1\u00a0Minute\" \/>\n<script type=\"application\/ld+json\" class=\"yoast-schema-graph\">{\"@context\":\"https:\\\/\\\/schema.org\",\"@graph\":[{\"@type\":\"WebPage\",\"@id\":\"https:\\\/\\\/marktxxl.de\\\/markt\\\/produkt\\\/hp-original-153x-schwarz-laserjet-tank-toner-nachfuellkit-hohe-xl-ausbeute\\\/\",\"url\":\"https:\\\/\\\/marktxxl.de\\\/markt\\\/produkt\\\/hp-original-153x-schwarz-laserjet-tank-toner-nachfuellkit-hohe-xl-ausbeute\\\/\",\"name\":\"HP Original 153X Schwarz Laserjet Tank Toner-Nachf\u00fcllkit, Hohe (XL-) Ausbeute - Markt-XXL\",\"isPartOf\":{\"@id\":\"https:\\\/\\\/marktxxl.de\\\/markt\\\/#website\"},\"primaryImageOfPage\":{\"@id\":\"https:\\\/\\\/marktxxl.de\\\/markt\\\/produkt\\\/hp-original-153x-schwarz-laserjet-tank-toner-nachfuellkit-hohe-xl-ausbeute\\\/#primaryimage\"},\"image\":{\"@id\":\"https:\\\/\\\/marktxxl.de\\\/markt\\\/produkt\\\/hp-original-153x-schwarz-laserjet-tank-toner-nachfuellkit-hohe-xl-ausbeute\\\/#primaryimage\"},\"thumbnailUrl\":\"https:\\\/\\\/m.media-amazon.com\\\/images\\\/I\\\/31oHrLVdqdL._SL500_.jpg\",\"datePublished\":\"2024-07-28T07:54:49+00:00\",\"description\":\"Markt-XXL HP Original 153X Schwarz Laserjet Tank Toner-Nachf\u00fcllkit, Hohe (XL-) Ausbeute\",\"breadcrumb\":{\"@id\":\"https:\\\/\\\/marktxxl.de\\\/markt\\\/produkt\\\/hp-original-153x-schwarz-laserjet-tank-toner-nachfuellkit-hohe-xl-ausbeute\\\/#breadcrumb\"},\"inLanguage\":\"de\",\"potentialAction\":[{\"@type\":\"ReadAction\",\"target\":[\"https:\\\/\\\/marktxxl.de\\\/markt\\\/produkt\\\/hp-original-153x-schwarz-laserjet-tank-toner-nachfuellkit-hohe-xl-ausbeute\\\/\"]}]},{\"@type\":\"ImageObject\",\"inLanguage\":\"de\",\"@id\":\"https:\\\/\\\/marktxxl.de\\\/markt\\\/produkt\\\/hp-original-153x-schwarz-laserjet-tank-toner-nachfuellkit-hohe-xl-ausbeute\\\/#primaryimage\",\"url\":\"https:\\\/\\\/m.media-amazon.com\\\/images\\\/I\\\/31oHrLVdqdL._SL500_.jpg\",\"contentUrl\":\"https:\\\/\\\/m.media-amazon.com\\\/images\\\/I\\\/31oHrLVdqdL._SL500_.jpg\",\"width\":500,\"height\":500},{\"@type\":\"BreadcrumbList\",\"@id\":\"https:\\\/\\\/marktxxl.de\\\/markt\\\/produkt\\\/hp-original-153x-schwarz-laserjet-tank-toner-nachfuellkit-hohe-xl-ausbeute\\\/#breadcrumb\",\"itemListElement\":[{\"@type\":\"ListItem\",\"position\":1,\"name\":\"Startseite\",\"item\":\"https:\\\/\\\/marktxxl.de\\\/markt\\\/\"},{\"@type\":\"ListItem\",\"position\":2,\"name\":\"Markt\",\"item\":\"https:\\\/\\\/marktxxl.de\\\/markt\\\/\"},{\"@type\":\"ListItem\",\"position\":3,\"name\":\"HP Original 153X Schwarz Laserjet Tank Toner-Nachf\u00fcllkit, Hohe (XL-) Ausbeute\"}]},{\"@type\":\"WebSite\",\"@id\":\"https:\\\/\\\/marktxxl.de\\\/markt\\\/#website\",\"url\":\"https:\\\/\\\/marktxxl.de\\\/markt\\\/\",\"name\":\"Markt-XXL\",\"description\":\"Ihr Markt Online\",\"publisher\":{\"@id\":\"https:\\\/\\\/marktxxl.de\\\/markt\\\/#organization\"},\"potentialAction\":[{\"@type\":\"SearchAction\",\"target\":{\"@type\":\"EntryPoint\",\"urlTemplate\":\"https:\\\/\\\/marktxxl.de\\\/markt\\\/?s={search_term_string}\"},\"query-input\":{\"@type\":\"PropertyValueSpecification\",\"valueRequired\":true,\"valueName\":\"search_term_string\"}}],\"inLanguage\":\"de\"},{\"@type\":\"Organization\",\"@id\":\"https:\\\/\\\/marktxxl.de\\\/markt\\\/#organization\",\"name\":\"Markt-XXL\",\"url\":\"https:\\\/\\\/marktxxl.de\\\/markt\\\/\",\"logo\":{\"@type\":\"ImageObject\",\"inLanguage\":\"de\",\"@id\":\"https:\\\/\\\/marktxxl.de\\\/markt\\\/#\\\/schema\\\/logo\\\/image\\\/\",\"url\":\"https:\\\/\\\/marktxxl.de\\\/markt\\\/wp-content\\\/uploads\\\/sites\\\/3\\\/2020\\\/12\\\/logo.png\",\"contentUrl\":\"https:\\\/\\\/marktxxl.de\\\/markt\\\/wp-content\\\/uploads\\\/sites\\\/3\\\/2020\\\/12\\\/logo.png\",\"width\":200,\"height\":70,\"caption\":\"Markt-XXL\"},\"image\":{\"@id\":\"https:\\\/\\\/marktxxl.de\\\/markt\\\/#\\\/schema\\\/logo\\\/image\\\/\"}}]}<\/script>\n<!-- \/ Yoast SEO plugin. -->","yoast_head_json":{"title":"HP Original 153X Schwarz Laserjet Tank Toner-Nachf\u00fcllkit, Hohe (XL-) Ausbeute - Markt-XXL","description":"Markt-XXL HP Original 153X Schwarz Laserjet Tank Toner-Nachf\u00fcllkit, Hohe (XL-) Ausbeute","robots":{"index":"index","follow":"follow","max-snippet":"max-snippet:-1","max-image-preview":"max-image-preview:large","max-video-preview":"max-video-preview:-1"},"canonical":"https:\/\/marktxxl.de\/markt\/produkt\/hp-original-153x-schwarz-laserjet-tank-toner-nachfuellkit-hohe-xl-ausbeute\/","og_locale":"de_DE","og_type":"article","og_title":"HP Original 153X Schwarz Laserjet Tank Toner-Nachf\u00fcllkit, Hohe (XL-) Ausbeute - Markt-XXL","og_description":"Markt-XXL HP Original 153X Schwarz Laserjet Tank Toner-Nachf\u00fcllkit, Hohe (XL-) Ausbeute","og_url":"https:\/\/marktxxl.de\/markt\/produkt\/hp-original-153x-schwarz-laserjet-tank-toner-nachfuellkit-hohe-xl-ausbeute\/","og_site_name":"Markt-XXL","twitter_card":"summary_large_image","twitter_misc":{"Gesch\u00e4tzte Lesezeit":"1\u00a0Minute"},"schema":{"@context":"https:\/\/schema.org","@graph":[{"@type":"WebPage","@id":"https:\/\/marktxxl.de\/markt\/produkt\/hp-original-153x-schwarz-laserjet-tank-toner-nachfuellkit-hohe-xl-ausbeute\/","url":"https:\/\/marktxxl.de\/markt\/produkt\/hp-original-153x-schwarz-laserjet-tank-toner-nachfuellkit-hohe-xl-ausbeute\/","name":"HP Original 153X Schwarz Laserjet Tank Toner-Nachf\u00fcllkit, Hohe (XL-) Ausbeute - Markt-XXL","isPartOf":{"@id":"https:\/\/marktxxl.de\/markt\/#website"},"primaryImageOfPage":{"@id":"https:\/\/marktxxl.de\/markt\/produkt\/hp-original-153x-schwarz-laserjet-tank-toner-nachfuellkit-hohe-xl-ausbeute\/#primaryimage"},"image":{"@id":"https:\/\/marktxxl.de\/markt\/produkt\/hp-original-153x-schwarz-laserjet-tank-toner-nachfuellkit-hohe-xl-ausbeute\/#primaryimage"},"thumbnailUrl":"https:\/\/m.media-amazon.com\/images\/I\/31oHrLVdqdL._SL500_.jpg","datePublished":"2024-07-28T07:54:49+00:00","description":"Markt-XXL HP Original 153X Schwarz Laserjet Tank Toner-Nachf\u00fcllkit, Hohe (XL-) Ausbeute","breadcrumb":{"@id":"https:\/\/marktxxl.de\/markt\/produkt\/hp-original-153x-schwarz-laserjet-tank-toner-nachfuellkit-hohe-xl-ausbeute\/#breadcrumb"},"inLanguage":"de","potentialAction":[{"@type":"ReadAction","target":["https:\/\/marktxxl.de\/markt\/produkt\/hp-original-153x-schwarz-laserjet-tank-toner-nachfuellkit-hohe-xl-ausbeute\/"]}]},{"@type":"ImageObject","inLanguage":"de","@id":"https:\/\/marktxxl.de\/markt\/produkt\/hp-original-153x-schwarz-laserjet-tank-toner-nachfuellkit-hohe-xl-ausbeute\/#primaryimage","url":"https:\/\/m.media-amazon.com\/images\/I\/31oHrLVdqdL._SL500_.jpg","contentUrl":"https:\/\/m.media-amazon.com\/images\/I\/31oHrLVdqdL._SL500_.jpg","width":500,"height":500},{"@type":"BreadcrumbList","@id":"https:\/\/marktxxl.de\/markt\/produkt\/hp-original-153x-schwarz-laserjet-tank-toner-nachfuellkit-hohe-xl-ausbeute\/#breadcrumb","itemListElement":[{"@type":"ListItem","position":1,"name":"Startseite","item":"https:\/\/marktxxl.de\/markt\/"},{"@type":"ListItem","position":2,"name":"Markt","item":"https:\/\/marktxxl.de\/markt\/"},{"@type":"ListItem","position":3,"name":"HP Original 153X Schwarz Laserjet Tank Toner-Nachf\u00fcllkit, Hohe (XL-) Ausbeute"}]},{"@type":"WebSite","@id":"https:\/\/marktxxl.de\/markt\/#website","url":"https:\/\/marktxxl.de\/markt\/","name":"Markt-XXL","description":"Ihr Markt Online","publisher":{"@id":"https:\/\/marktxxl.de\/markt\/#organization"},"potentialAction":[{"@type":"SearchAction","target":{"@type":"EntryPoint","urlTemplate":"https:\/\/marktxxl.de\/markt\/?s={search_term_string}"},"query-input":{"@type":"PropertyValueSpecification","valueRequired":true,"valueName":"search_term_string"}}],"inLanguage":"de"},{"@type":"Organization","@id":"https:\/\/marktxxl.de\/markt\/#organization","name":"Markt-XXL","url":"https:\/\/marktxxl.de\/markt\/","logo":{"@type":"ImageObject","inLanguage":"de","@id":"https:\/\/marktxxl.de\/markt\/#\/schema\/logo\/image\/","url":"https:\/\/marktxxl.de\/markt\/wp-content\/uploads\/sites\/3\/2020\/12\/logo.png","contentUrl":"https:\/\/marktxxl.de\/markt\/wp-content\/uploads\/sites\/3\/2020\/12\/logo.png","width":200,"height":70,"caption":"Markt-XXL"},"image":{"@id":"https:\/\/marktxxl.de\/markt\/#\/schema\/logo\/image\/"}}]}},"_links":{"self":[{"href":"https:\/\/marktxxl.de\/markt\/wp-json\/wp\/v2\/product\/218736","targetHints":{"allow":["GET"]}}],"collection":[{"href":"https:\/\/marktxxl.de\/markt\/wp-json\/wp\/v2\/product"}],"about":[{"href":"https:\/\/marktxxl.de\/markt\/wp-json\/wp\/v2\/types\/product"}],"replies":[{"embeddable":true,"href":"https:\/\/marktxxl.de\/markt\/wp-json\/wp\/v2\/comments?post=218736"}],"wp:featuredmedia":[{"embeddable":true,"href":"https:\/\/marktxxl.de\/markt\/wp-json\/wp\/v2\/media\/218737"}],"wp:attachment":[{"href":"https:\/\/marktxxl.de\/markt\/wp-json\/wp\/v2\/media?parent=218736"}],"wp:term":[{"taxonomy":"product_brand","embeddable":true,"href":"https:\/\/marktxxl.de\/markt\/wp-json\/wp\/v2\/product_brand?post=218736"},{"taxonomy":"product_cat","embeddable":true,"href":"https:\/\/marktxxl.de\/markt\/wp-json\/wp\/v2\/product_cat?post=218736"},{"taxonomy":"product_tag","embeddable":true,"href":"https:\/\/marktxxl.de\/markt\/wp-json\/wp\/v2\/product_tag?post=218736"}],"curies":[{"name":"wp","href":"https:\/\/api.w.org\/{rel}","templated":true}]}}