{"id":218720,"date":"2024-07-28T09:49:09","date_gmt":"2024-07-28T07:49:09","guid":{"rendered":"https:\/\/marktxxl.de\/markt\/produkt\/bitbox-sicherheitstaschen-tamper-evident-safebags-zur-geschuetzten-aufbewahrung-vertraulicher-dokumente-oder-backups-set-mit-5-sicherheitsbeutel\/"},"modified":"2024-07-28T09:49:09","modified_gmt":"2024-07-28T07:49:09","slug":"bitbox-sicherheitstaschen-tamper-evident-safebags-zur-geschuetzten-aufbewahrung-vertraulicher-dokumente-oder-backups-set-mit-5-sicherheitsbeutel","status":"publish","type":"product","link":"https:\/\/marktxxl.de\/markt\/produkt\/bitbox-sicherheitstaschen-tamper-evident-safebags-zur-geschuetzten-aufbewahrung-vertraulicher-dokumente-oder-backups-set-mit-5-sicherheitsbeutel\/","title":{"rendered":"BitBox Sicherheitstaschen: Tamper-evident Safebags zur gesch\u00fctzten Aufbewahrung vertraulicher Dokumente oder Backups; Set mit 5 Sicherheitsbeutel"},"content":{"rendered":"<p>SICHERE AUFBEWAHRUNG f\u00fcr den inneren Frieden: stellen Sie zweifelsfrei fest, ob ein Zugriff auf sensible Dokumente erfolgt ist.<br \/>\n360 GRAD-SCHUTZ gegen mechanischen Zugriff, Dampf und Feuchtigkeit, Hitze, Gefrieren und L\u00f6sungsmittel, gepr\u00fcft durch die deutsche Bundesanstalt f\u00fcr Materialforschung und -pr\u00fcfung (BAM).<br \/>\nEINFACHE NUTZUNG mit eindeutiger Nummerierung der Safebags und Abrei\u00dfbeleg.<br \/>\nLANGLEBIG dank starkem Siegel, Sicherheitsn\u00e4hten und rei\u00dffester Folie.<br \/>\nUNIVERSELL EINSETZBAR mit viel Platz f\u00fcr diverse Gegenst\u00e4nde und transparenter Folie zur Sichtkontrolle.<br \/>\n<div class=\"main-cross-sell\" data-asin=\"B098P14P63\">\n\n\t<div class=\"WooZone-cross-sell-loader\">\n\t\t<div>\n\t\t\t<div id=\"floatingBarsG\">\n\t\t\t\t<div class=\"blockG\" id=\"rotateG_01\"><\/div>\n\t\t\t\t<div class=\"blockG\" id=\"rotateG_02\"><\/div>\n\t\t\t\t<div class=\"blockG\" id=\"rotateG_03\"><\/div>\n\t\t\t\t<div class=\"blockG\" id=\"rotateG_04\"><\/div>\n\t\t\t\t<div class=\"blockG\" id=\"rotateG_05\"><\/div>\n\t\t\t\t<div class=\"blockG\" id=\"rotateG_06\"><\/div>\n\t\t\t\t<div class=\"blockG\" id=\"rotateG_07\"><\/div>\n\t\t\t\t<div class=\"blockG\" id=\"rotateG_08\"><\/div>\n\t\t\t<\/div>\n\t\t\t<div class=\"WooZone-cross-sell-loader-text\"><\/div>\n\t\t<\/div>\n\t<\/div>\n\n\t\t\n<\/div>\n<div style=\"clear:both;\"><\/div><\/p>\n","protected":false},"excerpt":{"rendered":"<p>SICHERE AUFBEWAHRUNG f\u00fcr den inneren Frieden: stellen Sie zweifelsfrei fest, ob ein Zugriff auf sensible Dokumente erfolgt ist.<br \/>\n360 GRAD-SCHUTZ gegen mechanischen Zugriff, Dampf und Feuchtigkeit, Hitze, Gefrieren und L\u00f6sungsmittel, gepr\u00fcft durch die deutsche Bundesanstalt f\u00fcr Materialforschung und -pr\u00fcfung (BAM).<br \/>\nEINFACHE NUTZUNG mit eindeutiger Nummerierung der Safebags und Abrei\u00dfbeleg.<\/p>\n","protected":false},"featured_media":218721,"comment_status":"open","ping_status":"closed","template":"","meta":[],"product_brand":[],"product_cat":[504,8208],"product_tag":[],"class_list":{"0":"post-218720","1":"product","2":"type-product","3":"status-publish","4":"has-post-thumbnail","6":"product_cat-buerobedarf-schreibwaren","7":"product_cat-bueroelektronik","8":"pa_binding-elektronik","9":"pa_brand-bitbox","10":"pa_color-transparent","11":"pa_manufacturer-shift-crypto-ag","12":"pa_size-195-x-265-mm","13":"pa_weight-0-110231131-pounds","15":"first","16":"instock","17":"shipping-taxable","18":"purchasable","19":"product-type-simple","20":"customify-col","21":"product-has-gallery"},"yoast_head":"<!-- This site is optimized with the Yoast SEO plugin v27.3 - https:\/\/yoast.com\/product\/yoast-seo-wordpress\/ -->\n<title>BitBox Sicherheitstaschen: Tamper-evident Safebags zur gesch\u00fctzten Aufbewahrung vertraulicher Dokumente oder Backups; Set mit 5 Sicherheitsbeutel - Markt-XXL<\/title>\n<meta name=\"description\" content=\"Markt-XXL BitBox Sicherheitstaschen: Tamper-evident Safebags zur gesch\u00fctzten Aufbewahrung vertraulicher Dokumente oder Backups; Set mit 5 Sicherheitsbeutel\" \/>\n<meta name=\"robots\" content=\"index, follow, max-snippet:-1, max-image-preview:large, max-video-preview:-1\" \/>\n<link rel=\"canonical\" href=\"https:\/\/marktxxl.de\/markt\/produkt\/bitbox-sicherheitstaschen-tamper-evident-safebags-zur-geschuetzten-aufbewahrung-vertraulicher-dokumente-oder-backups-set-mit-5-sicherheitsbeutel\/\" \/>\n<meta property=\"og:locale\" content=\"de_DE\" \/>\n<meta property=\"og:type\" content=\"article\" \/>\n<meta property=\"og:title\" content=\"BitBox Sicherheitstaschen: Tamper-evident Safebags zur gesch\u00fctzten Aufbewahrung vertraulicher Dokumente oder Backups; Set mit 5 Sicherheitsbeutel - Markt-XXL\" \/>\n<meta property=\"og:description\" content=\"Markt-XXL BitBox Sicherheitstaschen: Tamper-evident Safebags zur gesch\u00fctzten Aufbewahrung vertraulicher Dokumente oder Backups; Set mit 5 Sicherheitsbeutel\" \/>\n<meta property=\"og:url\" content=\"https:\/\/marktxxl.de\/markt\/produkt\/bitbox-sicherheitstaschen-tamper-evident-safebags-zur-geschuetzten-aufbewahrung-vertraulicher-dokumente-oder-backups-set-mit-5-sicherheitsbeutel\/\" \/>\n<meta property=\"og:site_name\" content=\"Markt-XXL\" \/>\n<meta name=\"twitter:card\" content=\"summary_large_image\" \/>\n<script type=\"application\/ld+json\" class=\"yoast-schema-graph\">{\"@context\":\"https:\\\/\\\/schema.org\",\"@graph\":[{\"@type\":\"WebPage\",\"@id\":\"https:\\\/\\\/marktxxl.de\\\/markt\\\/produkt\\\/bitbox-sicherheitstaschen-tamper-evident-safebags-zur-geschuetzten-aufbewahrung-vertraulicher-dokumente-oder-backups-set-mit-5-sicherheitsbeutel\\\/\",\"url\":\"https:\\\/\\\/marktxxl.de\\\/markt\\\/produkt\\\/bitbox-sicherheitstaschen-tamper-evident-safebags-zur-geschuetzten-aufbewahrung-vertraulicher-dokumente-oder-backups-set-mit-5-sicherheitsbeutel\\\/\",\"name\":\"BitBox Sicherheitstaschen: Tamper-evident Safebags zur gesch\u00fctzten Aufbewahrung vertraulicher Dokumente oder Backups; Set mit 5 Sicherheitsbeutel - Markt-XXL\",\"isPartOf\":{\"@id\":\"https:\\\/\\\/marktxxl.de\\\/markt\\\/#website\"},\"primaryImageOfPage\":{\"@id\":\"https:\\\/\\\/marktxxl.de\\\/markt\\\/produkt\\\/bitbox-sicherheitstaschen-tamper-evident-safebags-zur-geschuetzten-aufbewahrung-vertraulicher-dokumente-oder-backups-set-mit-5-sicherheitsbeutel\\\/#primaryimage\"},\"image\":{\"@id\":\"https:\\\/\\\/marktxxl.de\\\/markt\\\/produkt\\\/bitbox-sicherheitstaschen-tamper-evident-safebags-zur-geschuetzten-aufbewahrung-vertraulicher-dokumente-oder-backups-set-mit-5-sicherheitsbeutel\\\/#primaryimage\"},\"thumbnailUrl\":\"https:\\\/\\\/m.media-amazon.com\\\/images\\\/I\\\/31F+18uZv4L._SL500_.jpg\",\"datePublished\":\"2024-07-28T07:49:09+00:00\",\"description\":\"Markt-XXL BitBox Sicherheitstaschen: Tamper-evident Safebags zur gesch\u00fctzten Aufbewahrung vertraulicher Dokumente oder Backups; Set mit 5 Sicherheitsbeutel\",\"breadcrumb\":{\"@id\":\"https:\\\/\\\/marktxxl.de\\\/markt\\\/produkt\\\/bitbox-sicherheitstaschen-tamper-evident-safebags-zur-geschuetzten-aufbewahrung-vertraulicher-dokumente-oder-backups-set-mit-5-sicherheitsbeutel\\\/#breadcrumb\"},\"inLanguage\":\"de\",\"potentialAction\":[{\"@type\":\"ReadAction\",\"target\":[\"https:\\\/\\\/marktxxl.de\\\/markt\\\/produkt\\\/bitbox-sicherheitstaschen-tamper-evident-safebags-zur-geschuetzten-aufbewahrung-vertraulicher-dokumente-oder-backups-set-mit-5-sicherheitsbeutel\\\/\"]}]},{\"@type\":\"ImageObject\",\"inLanguage\":\"de\",\"@id\":\"https:\\\/\\\/marktxxl.de\\\/markt\\\/produkt\\\/bitbox-sicherheitstaschen-tamper-evident-safebags-zur-geschuetzten-aufbewahrung-vertraulicher-dokumente-oder-backups-set-mit-5-sicherheitsbeutel\\\/#primaryimage\",\"url\":\"https:\\\/\\\/m.media-amazon.com\\\/images\\\/I\\\/31F+18uZv4L._SL500_.jpg\",\"contentUrl\":\"https:\\\/\\\/m.media-amazon.com\\\/images\\\/I\\\/31F+18uZv4L._SL500_.jpg\",\"width\":500,\"height\":500},{\"@type\":\"BreadcrumbList\",\"@id\":\"https:\\\/\\\/marktxxl.de\\\/markt\\\/produkt\\\/bitbox-sicherheitstaschen-tamper-evident-safebags-zur-geschuetzten-aufbewahrung-vertraulicher-dokumente-oder-backups-set-mit-5-sicherheitsbeutel\\\/#breadcrumb\",\"itemListElement\":[{\"@type\":\"ListItem\",\"position\":1,\"name\":\"Startseite\",\"item\":\"https:\\\/\\\/marktxxl.de\\\/markt\\\/\"},{\"@type\":\"ListItem\",\"position\":2,\"name\":\"Markt\",\"item\":\"https:\\\/\\\/marktxxl.de\\\/markt\\\/\"},{\"@type\":\"ListItem\",\"position\":3,\"name\":\"BitBox Sicherheitstaschen: Tamper-evident Safebags zur gesch\u00fctzten Aufbewahrung vertraulicher Dokumente oder Backups; Set mit 5 Sicherheitsbeutel\"}]},{\"@type\":\"WebSite\",\"@id\":\"https:\\\/\\\/marktxxl.de\\\/markt\\\/#website\",\"url\":\"https:\\\/\\\/marktxxl.de\\\/markt\\\/\",\"name\":\"Markt-XXL\",\"description\":\"Ihr Markt Online\",\"publisher\":{\"@id\":\"https:\\\/\\\/marktxxl.de\\\/markt\\\/#organization\"},\"potentialAction\":[{\"@type\":\"SearchAction\",\"target\":{\"@type\":\"EntryPoint\",\"urlTemplate\":\"https:\\\/\\\/marktxxl.de\\\/markt\\\/?s={search_term_string}\"},\"query-input\":{\"@type\":\"PropertyValueSpecification\",\"valueRequired\":true,\"valueName\":\"search_term_string\"}}],\"inLanguage\":\"de\"},{\"@type\":\"Organization\",\"@id\":\"https:\\\/\\\/marktxxl.de\\\/markt\\\/#organization\",\"name\":\"Markt-XXL\",\"url\":\"https:\\\/\\\/marktxxl.de\\\/markt\\\/\",\"logo\":{\"@type\":\"ImageObject\",\"inLanguage\":\"de\",\"@id\":\"https:\\\/\\\/marktxxl.de\\\/markt\\\/#\\\/schema\\\/logo\\\/image\\\/\",\"url\":\"https:\\\/\\\/marktxxl.de\\\/markt\\\/wp-content\\\/uploads\\\/sites\\\/3\\\/2020\\\/12\\\/logo.png\",\"contentUrl\":\"https:\\\/\\\/marktxxl.de\\\/markt\\\/wp-content\\\/uploads\\\/sites\\\/3\\\/2020\\\/12\\\/logo.png\",\"width\":200,\"height\":70,\"caption\":\"Markt-XXL\"},\"image\":{\"@id\":\"https:\\\/\\\/marktxxl.de\\\/markt\\\/#\\\/schema\\\/logo\\\/image\\\/\"}}]}<\/script>\n<!-- \/ Yoast SEO plugin. -->","yoast_head_json":{"title":"BitBox Sicherheitstaschen: Tamper-evident Safebags zur gesch\u00fctzten Aufbewahrung vertraulicher Dokumente oder Backups; Set mit 5 Sicherheitsbeutel - Markt-XXL","description":"Markt-XXL BitBox Sicherheitstaschen: Tamper-evident Safebags zur gesch\u00fctzten Aufbewahrung vertraulicher Dokumente oder Backups; Set mit 5 Sicherheitsbeutel","robots":{"index":"index","follow":"follow","max-snippet":"max-snippet:-1","max-image-preview":"max-image-preview:large","max-video-preview":"max-video-preview:-1"},"canonical":"https:\/\/marktxxl.de\/markt\/produkt\/bitbox-sicherheitstaschen-tamper-evident-safebags-zur-geschuetzten-aufbewahrung-vertraulicher-dokumente-oder-backups-set-mit-5-sicherheitsbeutel\/","og_locale":"de_DE","og_type":"article","og_title":"BitBox Sicherheitstaschen: Tamper-evident Safebags zur gesch\u00fctzten Aufbewahrung vertraulicher Dokumente oder Backups; Set mit 5 Sicherheitsbeutel - Markt-XXL","og_description":"Markt-XXL BitBox Sicherheitstaschen: Tamper-evident Safebags zur gesch\u00fctzten Aufbewahrung vertraulicher Dokumente oder Backups; Set mit 5 Sicherheitsbeutel","og_url":"https:\/\/marktxxl.de\/markt\/produkt\/bitbox-sicherheitstaschen-tamper-evident-safebags-zur-geschuetzten-aufbewahrung-vertraulicher-dokumente-oder-backups-set-mit-5-sicherheitsbeutel\/","og_site_name":"Markt-XXL","twitter_card":"summary_large_image","schema":{"@context":"https:\/\/schema.org","@graph":[{"@type":"WebPage","@id":"https:\/\/marktxxl.de\/markt\/produkt\/bitbox-sicherheitstaschen-tamper-evident-safebags-zur-geschuetzten-aufbewahrung-vertraulicher-dokumente-oder-backups-set-mit-5-sicherheitsbeutel\/","url":"https:\/\/marktxxl.de\/markt\/produkt\/bitbox-sicherheitstaschen-tamper-evident-safebags-zur-geschuetzten-aufbewahrung-vertraulicher-dokumente-oder-backups-set-mit-5-sicherheitsbeutel\/","name":"BitBox Sicherheitstaschen: Tamper-evident Safebags zur gesch\u00fctzten Aufbewahrung vertraulicher Dokumente oder Backups; Set mit 5 Sicherheitsbeutel - Markt-XXL","isPartOf":{"@id":"https:\/\/marktxxl.de\/markt\/#website"},"primaryImageOfPage":{"@id":"https:\/\/marktxxl.de\/markt\/produkt\/bitbox-sicherheitstaschen-tamper-evident-safebags-zur-geschuetzten-aufbewahrung-vertraulicher-dokumente-oder-backups-set-mit-5-sicherheitsbeutel\/#primaryimage"},"image":{"@id":"https:\/\/marktxxl.de\/markt\/produkt\/bitbox-sicherheitstaschen-tamper-evident-safebags-zur-geschuetzten-aufbewahrung-vertraulicher-dokumente-oder-backups-set-mit-5-sicherheitsbeutel\/#primaryimage"},"thumbnailUrl":"https:\/\/m.media-amazon.com\/images\/I\/31F+18uZv4L._SL500_.jpg","datePublished":"2024-07-28T07:49:09+00:00","description":"Markt-XXL BitBox Sicherheitstaschen: Tamper-evident Safebags zur gesch\u00fctzten Aufbewahrung vertraulicher Dokumente oder Backups; Set mit 5 Sicherheitsbeutel","breadcrumb":{"@id":"https:\/\/marktxxl.de\/markt\/produkt\/bitbox-sicherheitstaschen-tamper-evident-safebags-zur-geschuetzten-aufbewahrung-vertraulicher-dokumente-oder-backups-set-mit-5-sicherheitsbeutel\/#breadcrumb"},"inLanguage":"de","potentialAction":[{"@type":"ReadAction","target":["https:\/\/marktxxl.de\/markt\/produkt\/bitbox-sicherheitstaschen-tamper-evident-safebags-zur-geschuetzten-aufbewahrung-vertraulicher-dokumente-oder-backups-set-mit-5-sicherheitsbeutel\/"]}]},{"@type":"ImageObject","inLanguage":"de","@id":"https:\/\/marktxxl.de\/markt\/produkt\/bitbox-sicherheitstaschen-tamper-evident-safebags-zur-geschuetzten-aufbewahrung-vertraulicher-dokumente-oder-backups-set-mit-5-sicherheitsbeutel\/#primaryimage","url":"https:\/\/m.media-amazon.com\/images\/I\/31F+18uZv4L._SL500_.jpg","contentUrl":"https:\/\/m.media-amazon.com\/images\/I\/31F+18uZv4L._SL500_.jpg","width":500,"height":500},{"@type":"BreadcrumbList","@id":"https:\/\/marktxxl.de\/markt\/produkt\/bitbox-sicherheitstaschen-tamper-evident-safebags-zur-geschuetzten-aufbewahrung-vertraulicher-dokumente-oder-backups-set-mit-5-sicherheitsbeutel\/#breadcrumb","itemListElement":[{"@type":"ListItem","position":1,"name":"Startseite","item":"https:\/\/marktxxl.de\/markt\/"},{"@type":"ListItem","position":2,"name":"Markt","item":"https:\/\/marktxxl.de\/markt\/"},{"@type":"ListItem","position":3,"name":"BitBox Sicherheitstaschen: Tamper-evident Safebags zur gesch\u00fctzten Aufbewahrung vertraulicher Dokumente oder Backups; Set mit 5 Sicherheitsbeutel"}]},{"@type":"WebSite","@id":"https:\/\/marktxxl.de\/markt\/#website","url":"https:\/\/marktxxl.de\/markt\/","name":"Markt-XXL","description":"Ihr Markt Online","publisher":{"@id":"https:\/\/marktxxl.de\/markt\/#organization"},"potentialAction":[{"@type":"SearchAction","target":{"@type":"EntryPoint","urlTemplate":"https:\/\/marktxxl.de\/markt\/?s={search_term_string}"},"query-input":{"@type":"PropertyValueSpecification","valueRequired":true,"valueName":"search_term_string"}}],"inLanguage":"de"},{"@type":"Organization","@id":"https:\/\/marktxxl.de\/markt\/#organization","name":"Markt-XXL","url":"https:\/\/marktxxl.de\/markt\/","logo":{"@type":"ImageObject","inLanguage":"de","@id":"https:\/\/marktxxl.de\/markt\/#\/schema\/logo\/image\/","url":"https:\/\/marktxxl.de\/markt\/wp-content\/uploads\/sites\/3\/2020\/12\/logo.png","contentUrl":"https:\/\/marktxxl.de\/markt\/wp-content\/uploads\/sites\/3\/2020\/12\/logo.png","width":200,"height":70,"caption":"Markt-XXL"},"image":{"@id":"https:\/\/marktxxl.de\/markt\/#\/schema\/logo\/image\/"}}]}},"_links":{"self":[{"href":"https:\/\/marktxxl.de\/markt\/wp-json\/wp\/v2\/product\/218720","targetHints":{"allow":["GET"]}}],"collection":[{"href":"https:\/\/marktxxl.de\/markt\/wp-json\/wp\/v2\/product"}],"about":[{"href":"https:\/\/marktxxl.de\/markt\/wp-json\/wp\/v2\/types\/product"}],"replies":[{"embeddable":true,"href":"https:\/\/marktxxl.de\/markt\/wp-json\/wp\/v2\/comments?post=218720"}],"wp:featuredmedia":[{"embeddable":true,"href":"https:\/\/marktxxl.de\/markt\/wp-json\/wp\/v2\/media\/218721"}],"wp:attachment":[{"href":"https:\/\/marktxxl.de\/markt\/wp-json\/wp\/v2\/media?parent=218720"}],"wp:term":[{"taxonomy":"product_brand","embeddable":true,"href":"https:\/\/marktxxl.de\/markt\/wp-json\/wp\/v2\/product_brand?post=218720"},{"taxonomy":"product_cat","embeddable":true,"href":"https:\/\/marktxxl.de\/markt\/wp-json\/wp\/v2\/product_cat?post=218720"},{"taxonomy":"product_tag","embeddable":true,"href":"https:\/\/marktxxl.de\/markt\/wp-json\/wp\/v2\/product_tag?post=218720"}],"curies":[{"name":"wp","href":"https:\/\/api.w.org\/{rel}","templated":true}]}}