{"id":218710,"date":"2024-07-28T09:49:03","date_gmt":"2024-07-28T07:49:03","guid":{"rendered":"https:\/\/marktxxl.de\/markt\/produkt\/sodface-tn248-tn248xl-tn-248cmyk-tn-248val-kompatibel-fuer-brother-tn-248-tn248-toner-fuer-brother-mfc-l3760cdw-toner-dcp-l3560cdw-mfc-l3740cdw-mfc-l8390cdw-hl-l3240cdw-schwarz-magenta-gelb-cyan\/"},"modified":"2024-07-28T09:49:03","modified_gmt":"2024-07-28T07:49:03","slug":"sodface-tn248-tn248xl-tn-248cmyk-tn-248val-kompatibel-fuer-brother-tn-248-tn248-toner-fuer-brother-mfc-l3760cdw-toner-dcp-l3560cdw-mfc-l3740cdw-mfc-l8390cdw-hl-l3240cdw-schwarz-magenta-gelb-cyan","status":"publish","type":"product","link":"https:\/\/marktxxl.de\/markt\/produkt\/sodface-tn248-tn248xl-tn-248cmyk-tn-248val-kompatibel-fuer-brother-tn-248-tn248-toner-fuer-brother-mfc-l3760cdw-toner-dcp-l3560cdw-mfc-l3740cdw-mfc-l8390cdw-hl-l3240cdw-schwarz-magenta-gelb-cyan\/","title":{"rendered":"SODFACE TN248 TN248XL TN-248CMYK TN-248VAL Kompatibel f\u00fcr Brother TN-248 TN248 Toner f\u00fcr Brother MFC-L3760CDW Toner DCP-L3560CDW MFC-L3740CDW MFC-L8390CDW HL-L3240CDW (Schwarz, Magenta, Gelb, Cyan)"},"content":{"rendered":"<p>Kompatible Drucker: Kompatibel f\u00fcr Brother TN248 TN-248 Toner f\u00fcr Brother MFC-L3760CDW MFC-L3740CDW DCP-L3560CDW MFC-L8390CDW HL-L3240CDW MFC-L3740CDE MFC-L8340CDW MFC-L8390CDW DCP-L3515CDW DCP-L3520CDW DCP-L3520CDE DCP-L3555CDW HL-L3220CW HL-L3240CW HL-L3215CW HL-L3220CWE HL-L8230CDW HL-L8240CDW<br \/>\nPackungsinhalt: 4er-Pack TN248 TN-248 Toner set mit 1er-pack Schwarz TN248 TN-248BK, 1er-pack Cyan TN248C, 1er-pack Magenta TN248M, 1er-pack Gelb TN248Y Kompatibel f\u00fcr Brother MFC-L3760CDW Toner (Schwarz Cyan Gelb Magenta)<br \/>\nSeitenausbeute: 1.000 seiten pro tn248 tn-248 schwarze tonerkartusche (TN248BK) und 1.000 seiten pro tn248 tn-248 farbtonerkartusche (TN248C TN248M TN248Y ), bei 5% deckung von A4 (Bei 5% Deckung)<br \/>\nKompatibel f\u00fcr toner brother mfc-l3760cdw toner mfc-l3740cdw dcp-l3560cdw mfc-l8390cdw hl-l3240cdw mfc-l3740cde mfc-l8340cdw mfc-l8390cdw dcp-l3515cdw dcp-l3520cdw dcp-l3520cde dcp-l3555cdw hl-l3220cw hl-l3240cw hl-l3215cw hl-l3220cwe hl-l8230cdw hl-l8240cdw<br \/>\nSODFACE TN248 TN-248 tonerkartuschen werden in jeder produktionsstufe streng gepr\u00fcft, um qualit\u00e4tsstandards zu erf\u00fcllen und hervorragende druckergebnisse zu gew\u00e4hrleisten<br \/>\n<div class=\"main-cross-sell\" data-asin=\"B0D2HN4V4Y\">\n\n\t<div class=\"WooZone-cross-sell-loader\">\n\t\t<div>\n\t\t\t<div id=\"floatingBarsG\">\n\t\t\t\t<div class=\"blockG\" id=\"rotateG_01\"><\/div>\n\t\t\t\t<div class=\"blockG\" id=\"rotateG_02\"><\/div>\n\t\t\t\t<div class=\"blockG\" id=\"rotateG_03\"><\/div>\n\t\t\t\t<div class=\"blockG\" id=\"rotateG_04\"><\/div>\n\t\t\t\t<div class=\"blockG\" id=\"rotateG_05\"><\/div>\n\t\t\t\t<div class=\"blockG\" id=\"rotateG_06\"><\/div>\n\t\t\t\t<div class=\"blockG\" id=\"rotateG_07\"><\/div>\n\t\t\t\t<div class=\"blockG\" id=\"rotateG_08\"><\/div>\n\t\t\t<\/div>\n\t\t\t<div class=\"WooZone-cross-sell-loader-text\"><\/div>\n\t\t<\/div>\n\t<\/div>\n\n\t\t\n<\/div>\n<div style=\"clear:both;\"><\/div><\/p>\n","protected":false},"excerpt":{"rendered":"<p>Kompatible Drucker: Kompatibel f\u00fcr Brother TN248 TN-248 Toner f\u00fcr Brother MFC-L3760CDW MFC-L3740CDW DCP-L3560CDW MFC-L8390CDW HL-L3240CDW MFC-L3740CDE MFC-L8340CDW MFC-L8390CDW DCP-L3515CDW DCP-L3520CDW DCP-L3520CDE DCP-L3555CDW HL-L3220CW HL-L3240CW HL-L3215CW HL-L3220CWE HL-L8230CDW HL-L8240CDW<br \/>\nPackungsinhalt: 4er-Pack TN248 TN-248 Toner set mit 1er-pack Schwarz TN248 TN-248BK, 1er-pack Cyan TN248C, 1er-pack Magenta TN248M, 1er-pack Gelb TN248Y Kompatibel f\u00fcr Brother MFC-L3760CDW Toner (Schwarz Cyan Gelb Magenta)<br \/>\nSeitenausbeute: 1.000 seiten pro tn248 tn-248 schwarze tonerkartusche (TN248BK) und 1.000 seiten pro tn248 tn-248 farbtonerkartusche (TN248C TN248M TN248Y ), bei 5% deckung von A4 (Bei 5% Deckung)<\/p>\n","protected":false},"featured_media":218711,"comment_status":"open","ping_status":"closed","template":"","meta":[],"product_brand":[],"product_cat":[504,8208],"product_tag":[],"class_list":{"0":"post-218710","1":"product","2":"type-product","3":"status-publish","4":"has-post-thumbnail","6":"product_cat-buerobedarf-schreibwaren","7":"product_cat-bueroelektronik","8":"pa_binding-buerobedarf-schreibwaren","9":"pa_brand-sodface","10":"pa_color-1-schwarz-1-cyan-1-gelb-1-magenta","11":"pa_height-5-118110231-zoll","12":"pa_length-13-30314959273-zoll","13":"pa_manufacturer-sodface-fuer-tn248-toner","14":"pa_model-tn248-brother-mfc-l3760cdw","15":"pa_size-tn248-brother-mfc-l3760cdw-brother-dcp-l3560cdw","16":"pa_warranty-2-year-limited-warranty","17":"pa_width-7-9921259761-zoll","19":"first","20":"instock","21":"sale","22":"shipping-taxable","23":"purchasable","24":"product-type-simple","25":"customify-col","26":"product-has-gallery"},"yoast_head":"<!-- This site is optimized with the Yoast SEO plugin v27.4 - https:\/\/yoast.com\/product\/yoast-seo-wordpress\/ -->\n<title>SODFACE TN248 TN248XL TN-248CMYK TN-248VAL Kompatibel f\u00fcr Brother TN-248 TN248 Toner f\u00fcr Brother MFC-L3760CDW Toner DCP-L3560CDW MFC-L3740CDW MFC-L8390CDW HL-L3240CDW (Schwarz, Magenta, Gelb, Cyan) - Markt-XXL<\/title>\n<meta name=\"description\" content=\"Markt-XXL SODFACE TN248 TN248XL TN-248CMYK TN-248VAL Kompatibel f\u00fcr Brother TN-248 TN248 Toner f\u00fcr Brother MFC-L3760CDW Toner DCP-L3560CDW MFC-L3740CDW MFC-L8390CDW HL-L3240CDW (Schwarz, Magenta, Gelb, Cyan)\" \/>\n<meta name=\"robots\" content=\"index, follow, max-snippet:-1, max-image-preview:large, max-video-preview:-1\" \/>\n<link rel=\"canonical\" href=\"https:\/\/marktxxl.de\/markt\/produkt\/sodface-tn248-tn248xl-tn-248cmyk-tn-248val-kompatibel-fuer-brother-tn-248-tn248-toner-fuer-brother-mfc-l3760cdw-toner-dcp-l3560cdw-mfc-l3740cdw-mfc-l8390cdw-hl-l3240cdw-schwarz-magenta-gelb-cyan\/\" \/>\n<meta property=\"og:locale\" content=\"de_DE\" \/>\n<meta property=\"og:type\" content=\"article\" \/>\n<meta property=\"og:title\" content=\"SODFACE TN248 TN248XL TN-248CMYK TN-248VAL Kompatibel f\u00fcr Brother TN-248 TN248 Toner f\u00fcr Brother MFC-L3760CDW Toner DCP-L3560CDW MFC-L3740CDW MFC-L8390CDW HL-L3240CDW (Schwarz, Magenta, Gelb, Cyan) - Markt-XXL\" \/>\n<meta property=\"og:description\" content=\"Markt-XXL SODFACE TN248 TN248XL TN-248CMYK TN-248VAL Kompatibel f\u00fcr Brother TN-248 TN248 Toner f\u00fcr Brother MFC-L3760CDW Toner DCP-L3560CDW MFC-L3740CDW MFC-L8390CDW HL-L3240CDW (Schwarz, Magenta, Gelb, Cyan)\" \/>\n<meta property=\"og:url\" content=\"https:\/\/marktxxl.de\/markt\/produkt\/sodface-tn248-tn248xl-tn-248cmyk-tn-248val-kompatibel-fuer-brother-tn-248-tn248-toner-fuer-brother-mfc-l3760cdw-toner-dcp-l3560cdw-mfc-l3740cdw-mfc-l8390cdw-hl-l3240cdw-schwarz-magenta-gelb-cyan\/\" \/>\n<meta property=\"og:site_name\" content=\"Markt-XXL\" \/>\n<meta name=\"twitter:card\" content=\"summary_large_image\" \/>\n<meta name=\"twitter:label1\" content=\"Gesch\u00e4tzte Lesezeit\" \/>\n\t<meta name=\"twitter:data1\" content=\"1\u00a0Minute\" \/>\n<script type=\"application\/ld+json\" class=\"yoast-schema-graph\">{\"@context\":\"https:\\\/\\\/schema.org\",\"@graph\":[{\"@type\":\"WebPage\",\"@id\":\"https:\\\/\\\/marktxxl.de\\\/markt\\\/produkt\\\/sodface-tn248-tn248xl-tn-248cmyk-tn-248val-kompatibel-fuer-brother-tn-248-tn248-toner-fuer-brother-mfc-l3760cdw-toner-dcp-l3560cdw-mfc-l3740cdw-mfc-l8390cdw-hl-l3240cdw-schwarz-magenta-gelb-cyan\\\/\",\"url\":\"https:\\\/\\\/marktxxl.de\\\/markt\\\/produkt\\\/sodface-tn248-tn248xl-tn-248cmyk-tn-248val-kompatibel-fuer-brother-tn-248-tn248-toner-fuer-brother-mfc-l3760cdw-toner-dcp-l3560cdw-mfc-l3740cdw-mfc-l8390cdw-hl-l3240cdw-schwarz-magenta-gelb-cyan\\\/\",\"name\":\"SODFACE TN248 TN248XL TN-248CMYK TN-248VAL Kompatibel f\u00fcr Brother TN-248 TN248 Toner f\u00fcr Brother MFC-L3760CDW Toner DCP-L3560CDW MFC-L3740CDW MFC-L8390CDW HL-L3240CDW (Schwarz, Magenta, Gelb, Cyan) - Markt-XXL\",\"isPartOf\":{\"@id\":\"https:\\\/\\\/marktxxl.de\\\/markt\\\/#website\"},\"primaryImageOfPage\":{\"@id\":\"https:\\\/\\\/marktxxl.de\\\/markt\\\/produkt\\\/sodface-tn248-tn248xl-tn-248cmyk-tn-248val-kompatibel-fuer-brother-tn-248-tn248-toner-fuer-brother-mfc-l3760cdw-toner-dcp-l3560cdw-mfc-l3740cdw-mfc-l8390cdw-hl-l3240cdw-schwarz-magenta-gelb-cyan\\\/#primaryimage\"},\"image\":{\"@id\":\"https:\\\/\\\/marktxxl.de\\\/markt\\\/produkt\\\/sodface-tn248-tn248xl-tn-248cmyk-tn-248val-kompatibel-fuer-brother-tn-248-tn248-toner-fuer-brother-mfc-l3760cdw-toner-dcp-l3560cdw-mfc-l3740cdw-mfc-l8390cdw-hl-l3240cdw-schwarz-magenta-gelb-cyan\\\/#primaryimage\"},\"thumbnailUrl\":\"https:\\\/\\\/m.media-amazon.com\\\/images\\\/I\\\/51sJLOgMiOL._SL500_.jpg\",\"datePublished\":\"2024-07-28T07:49:03+00:00\",\"description\":\"Markt-XXL SODFACE TN248 TN248XL TN-248CMYK TN-248VAL Kompatibel f\u00fcr Brother TN-248 TN248 Toner f\u00fcr Brother MFC-L3760CDW Toner DCP-L3560CDW MFC-L3740CDW MFC-L8390CDW HL-L3240CDW (Schwarz, Magenta, Gelb, Cyan)\",\"breadcrumb\":{\"@id\":\"https:\\\/\\\/marktxxl.de\\\/markt\\\/produkt\\\/sodface-tn248-tn248xl-tn-248cmyk-tn-248val-kompatibel-fuer-brother-tn-248-tn248-toner-fuer-brother-mfc-l3760cdw-toner-dcp-l3560cdw-mfc-l3740cdw-mfc-l8390cdw-hl-l3240cdw-schwarz-magenta-gelb-cyan\\\/#breadcrumb\"},\"inLanguage\":\"de\",\"potentialAction\":[{\"@type\":\"ReadAction\",\"target\":[\"https:\\\/\\\/marktxxl.de\\\/markt\\\/produkt\\\/sodface-tn248-tn248xl-tn-248cmyk-tn-248val-kompatibel-fuer-brother-tn-248-tn248-toner-fuer-brother-mfc-l3760cdw-toner-dcp-l3560cdw-mfc-l3740cdw-mfc-l8390cdw-hl-l3240cdw-schwarz-magenta-gelb-cyan\\\/\"]}]},{\"@type\":\"ImageObject\",\"inLanguage\":\"de\",\"@id\":\"https:\\\/\\\/marktxxl.de\\\/markt\\\/produkt\\\/sodface-tn248-tn248xl-tn-248cmyk-tn-248val-kompatibel-fuer-brother-tn-248-tn248-toner-fuer-brother-mfc-l3760cdw-toner-dcp-l3560cdw-mfc-l3740cdw-mfc-l8390cdw-hl-l3240cdw-schwarz-magenta-gelb-cyan\\\/#primaryimage\",\"url\":\"https:\\\/\\\/m.media-amazon.com\\\/images\\\/I\\\/51sJLOgMiOL._SL500_.jpg\",\"contentUrl\":\"https:\\\/\\\/m.media-amazon.com\\\/images\\\/I\\\/51sJLOgMiOL._SL500_.jpg\",\"width\":500,\"height\":500},{\"@type\":\"BreadcrumbList\",\"@id\":\"https:\\\/\\\/marktxxl.de\\\/markt\\\/produkt\\\/sodface-tn248-tn248xl-tn-248cmyk-tn-248val-kompatibel-fuer-brother-tn-248-tn248-toner-fuer-brother-mfc-l3760cdw-toner-dcp-l3560cdw-mfc-l3740cdw-mfc-l8390cdw-hl-l3240cdw-schwarz-magenta-gelb-cyan\\\/#breadcrumb\",\"itemListElement\":[{\"@type\":\"ListItem\",\"position\":1,\"name\":\"Startseite\",\"item\":\"https:\\\/\\\/marktxxl.de\\\/markt\\\/\"},{\"@type\":\"ListItem\",\"position\":2,\"name\":\"Markt\",\"item\":\"https:\\\/\\\/marktxxl.de\\\/markt\\\/\"},{\"@type\":\"ListItem\",\"position\":3,\"name\":\"SODFACE TN248 TN248XL TN-248CMYK TN-248VAL Kompatibel f\u00fcr Brother TN-248 TN248 Toner f\u00fcr Brother MFC-L3760CDW Toner DCP-L3560CDW MFC-L3740CDW MFC-L8390CDW HL-L3240CDW (Schwarz, Magenta, Gelb, Cyan)\"}]},{\"@type\":\"WebSite\",\"@id\":\"https:\\\/\\\/marktxxl.de\\\/markt\\\/#website\",\"url\":\"https:\\\/\\\/marktxxl.de\\\/markt\\\/\",\"name\":\"Markt-XXL\",\"description\":\"Ihr Markt Online\",\"publisher\":{\"@id\":\"https:\\\/\\\/marktxxl.de\\\/markt\\\/#organization\"},\"potentialAction\":[{\"@type\":\"SearchAction\",\"target\":{\"@type\":\"EntryPoint\",\"urlTemplate\":\"https:\\\/\\\/marktxxl.de\\\/markt\\\/?s={search_term_string}\"},\"query-input\":{\"@type\":\"PropertyValueSpecification\",\"valueRequired\":true,\"valueName\":\"search_term_string\"}}],\"inLanguage\":\"de\"},{\"@type\":\"Organization\",\"@id\":\"https:\\\/\\\/marktxxl.de\\\/markt\\\/#organization\",\"name\":\"Markt-XXL\",\"url\":\"https:\\\/\\\/marktxxl.de\\\/markt\\\/\",\"logo\":{\"@type\":\"ImageObject\",\"inLanguage\":\"de\",\"@id\":\"https:\\\/\\\/marktxxl.de\\\/markt\\\/#\\\/schema\\\/logo\\\/image\\\/\",\"url\":\"https:\\\/\\\/marktxxl.de\\\/markt\\\/wp-content\\\/uploads\\\/sites\\\/3\\\/2020\\\/12\\\/logo.png\",\"contentUrl\":\"https:\\\/\\\/marktxxl.de\\\/markt\\\/wp-content\\\/uploads\\\/sites\\\/3\\\/2020\\\/12\\\/logo.png\",\"width\":200,\"height\":70,\"caption\":\"Markt-XXL\"},\"image\":{\"@id\":\"https:\\\/\\\/marktxxl.de\\\/markt\\\/#\\\/schema\\\/logo\\\/image\\\/\"}}]}<\/script>\n<!-- \/ Yoast SEO plugin. -->","yoast_head_json":{"title":"SODFACE TN248 TN248XL TN-248CMYK TN-248VAL Kompatibel f\u00fcr Brother TN-248 TN248 Toner f\u00fcr Brother MFC-L3760CDW Toner DCP-L3560CDW MFC-L3740CDW MFC-L8390CDW HL-L3240CDW (Schwarz, Magenta, Gelb, Cyan) - Markt-XXL","description":"Markt-XXL SODFACE TN248 TN248XL TN-248CMYK TN-248VAL Kompatibel f\u00fcr Brother TN-248 TN248 Toner f\u00fcr Brother MFC-L3760CDW Toner DCP-L3560CDW MFC-L3740CDW MFC-L8390CDW HL-L3240CDW (Schwarz, Magenta, Gelb, Cyan)","robots":{"index":"index","follow":"follow","max-snippet":"max-snippet:-1","max-image-preview":"max-image-preview:large","max-video-preview":"max-video-preview:-1"},"canonical":"https:\/\/marktxxl.de\/markt\/produkt\/sodface-tn248-tn248xl-tn-248cmyk-tn-248val-kompatibel-fuer-brother-tn-248-tn248-toner-fuer-brother-mfc-l3760cdw-toner-dcp-l3560cdw-mfc-l3740cdw-mfc-l8390cdw-hl-l3240cdw-schwarz-magenta-gelb-cyan\/","og_locale":"de_DE","og_type":"article","og_title":"SODFACE TN248 TN248XL TN-248CMYK TN-248VAL Kompatibel f\u00fcr Brother TN-248 TN248 Toner f\u00fcr Brother MFC-L3760CDW Toner DCP-L3560CDW MFC-L3740CDW MFC-L8390CDW HL-L3240CDW (Schwarz, Magenta, Gelb, Cyan) - Markt-XXL","og_description":"Markt-XXL SODFACE TN248 TN248XL TN-248CMYK TN-248VAL Kompatibel f\u00fcr Brother TN-248 TN248 Toner f\u00fcr Brother MFC-L3760CDW Toner DCP-L3560CDW MFC-L3740CDW MFC-L8390CDW HL-L3240CDW (Schwarz, Magenta, Gelb, Cyan)","og_url":"https:\/\/marktxxl.de\/markt\/produkt\/sodface-tn248-tn248xl-tn-248cmyk-tn-248val-kompatibel-fuer-brother-tn-248-tn248-toner-fuer-brother-mfc-l3760cdw-toner-dcp-l3560cdw-mfc-l3740cdw-mfc-l8390cdw-hl-l3240cdw-schwarz-magenta-gelb-cyan\/","og_site_name":"Markt-XXL","twitter_card":"summary_large_image","twitter_misc":{"Gesch\u00e4tzte Lesezeit":"1\u00a0Minute"},"schema":{"@context":"https:\/\/schema.org","@graph":[{"@type":"WebPage","@id":"https:\/\/marktxxl.de\/markt\/produkt\/sodface-tn248-tn248xl-tn-248cmyk-tn-248val-kompatibel-fuer-brother-tn-248-tn248-toner-fuer-brother-mfc-l3760cdw-toner-dcp-l3560cdw-mfc-l3740cdw-mfc-l8390cdw-hl-l3240cdw-schwarz-magenta-gelb-cyan\/","url":"https:\/\/marktxxl.de\/markt\/produkt\/sodface-tn248-tn248xl-tn-248cmyk-tn-248val-kompatibel-fuer-brother-tn-248-tn248-toner-fuer-brother-mfc-l3760cdw-toner-dcp-l3560cdw-mfc-l3740cdw-mfc-l8390cdw-hl-l3240cdw-schwarz-magenta-gelb-cyan\/","name":"SODFACE TN248 TN248XL TN-248CMYK TN-248VAL Kompatibel f\u00fcr Brother TN-248 TN248 Toner f\u00fcr Brother MFC-L3760CDW Toner DCP-L3560CDW MFC-L3740CDW MFC-L8390CDW HL-L3240CDW (Schwarz, Magenta, Gelb, Cyan) - Markt-XXL","isPartOf":{"@id":"https:\/\/marktxxl.de\/markt\/#website"},"primaryImageOfPage":{"@id":"https:\/\/marktxxl.de\/markt\/produkt\/sodface-tn248-tn248xl-tn-248cmyk-tn-248val-kompatibel-fuer-brother-tn-248-tn248-toner-fuer-brother-mfc-l3760cdw-toner-dcp-l3560cdw-mfc-l3740cdw-mfc-l8390cdw-hl-l3240cdw-schwarz-magenta-gelb-cyan\/#primaryimage"},"image":{"@id":"https:\/\/marktxxl.de\/markt\/produkt\/sodface-tn248-tn248xl-tn-248cmyk-tn-248val-kompatibel-fuer-brother-tn-248-tn248-toner-fuer-brother-mfc-l3760cdw-toner-dcp-l3560cdw-mfc-l3740cdw-mfc-l8390cdw-hl-l3240cdw-schwarz-magenta-gelb-cyan\/#primaryimage"},"thumbnailUrl":"https:\/\/m.media-amazon.com\/images\/I\/51sJLOgMiOL._SL500_.jpg","datePublished":"2024-07-28T07:49:03+00:00","description":"Markt-XXL SODFACE TN248 TN248XL TN-248CMYK TN-248VAL Kompatibel f\u00fcr Brother TN-248 TN248 Toner f\u00fcr Brother MFC-L3760CDW Toner DCP-L3560CDW MFC-L3740CDW MFC-L8390CDW HL-L3240CDW (Schwarz, Magenta, Gelb, Cyan)","breadcrumb":{"@id":"https:\/\/marktxxl.de\/markt\/produkt\/sodface-tn248-tn248xl-tn-248cmyk-tn-248val-kompatibel-fuer-brother-tn-248-tn248-toner-fuer-brother-mfc-l3760cdw-toner-dcp-l3560cdw-mfc-l3740cdw-mfc-l8390cdw-hl-l3240cdw-schwarz-magenta-gelb-cyan\/#breadcrumb"},"inLanguage":"de","potentialAction":[{"@type":"ReadAction","target":["https:\/\/marktxxl.de\/markt\/produkt\/sodface-tn248-tn248xl-tn-248cmyk-tn-248val-kompatibel-fuer-brother-tn-248-tn248-toner-fuer-brother-mfc-l3760cdw-toner-dcp-l3560cdw-mfc-l3740cdw-mfc-l8390cdw-hl-l3240cdw-schwarz-magenta-gelb-cyan\/"]}]},{"@type":"ImageObject","inLanguage":"de","@id":"https:\/\/marktxxl.de\/markt\/produkt\/sodface-tn248-tn248xl-tn-248cmyk-tn-248val-kompatibel-fuer-brother-tn-248-tn248-toner-fuer-brother-mfc-l3760cdw-toner-dcp-l3560cdw-mfc-l3740cdw-mfc-l8390cdw-hl-l3240cdw-schwarz-magenta-gelb-cyan\/#primaryimage","url":"https:\/\/m.media-amazon.com\/images\/I\/51sJLOgMiOL._SL500_.jpg","contentUrl":"https:\/\/m.media-amazon.com\/images\/I\/51sJLOgMiOL._SL500_.jpg","width":500,"height":500},{"@type":"BreadcrumbList","@id":"https:\/\/marktxxl.de\/markt\/produkt\/sodface-tn248-tn248xl-tn-248cmyk-tn-248val-kompatibel-fuer-brother-tn-248-tn248-toner-fuer-brother-mfc-l3760cdw-toner-dcp-l3560cdw-mfc-l3740cdw-mfc-l8390cdw-hl-l3240cdw-schwarz-magenta-gelb-cyan\/#breadcrumb","itemListElement":[{"@type":"ListItem","position":1,"name":"Startseite","item":"https:\/\/marktxxl.de\/markt\/"},{"@type":"ListItem","position":2,"name":"Markt","item":"https:\/\/marktxxl.de\/markt\/"},{"@type":"ListItem","position":3,"name":"SODFACE TN248 TN248XL TN-248CMYK TN-248VAL Kompatibel f\u00fcr Brother TN-248 TN248 Toner f\u00fcr Brother MFC-L3760CDW Toner DCP-L3560CDW MFC-L3740CDW MFC-L8390CDW HL-L3240CDW (Schwarz, Magenta, Gelb, Cyan)"}]},{"@type":"WebSite","@id":"https:\/\/marktxxl.de\/markt\/#website","url":"https:\/\/marktxxl.de\/markt\/","name":"Markt-XXL","description":"Ihr Markt Online","publisher":{"@id":"https:\/\/marktxxl.de\/markt\/#organization"},"potentialAction":[{"@type":"SearchAction","target":{"@type":"EntryPoint","urlTemplate":"https:\/\/marktxxl.de\/markt\/?s={search_term_string}"},"query-input":{"@type":"PropertyValueSpecification","valueRequired":true,"valueName":"search_term_string"}}],"inLanguage":"de"},{"@type":"Organization","@id":"https:\/\/marktxxl.de\/markt\/#organization","name":"Markt-XXL","url":"https:\/\/marktxxl.de\/markt\/","logo":{"@type":"ImageObject","inLanguage":"de","@id":"https:\/\/marktxxl.de\/markt\/#\/schema\/logo\/image\/","url":"https:\/\/marktxxl.de\/markt\/wp-content\/uploads\/sites\/3\/2020\/12\/logo.png","contentUrl":"https:\/\/marktxxl.de\/markt\/wp-content\/uploads\/sites\/3\/2020\/12\/logo.png","width":200,"height":70,"caption":"Markt-XXL"},"image":{"@id":"https:\/\/marktxxl.de\/markt\/#\/schema\/logo\/image\/"}}]}},"_links":{"self":[{"href":"https:\/\/marktxxl.de\/markt\/wp-json\/wp\/v2\/product\/218710","targetHints":{"allow":["GET"]}}],"collection":[{"href":"https:\/\/marktxxl.de\/markt\/wp-json\/wp\/v2\/product"}],"about":[{"href":"https:\/\/marktxxl.de\/markt\/wp-json\/wp\/v2\/types\/product"}],"replies":[{"embeddable":true,"href":"https:\/\/marktxxl.de\/markt\/wp-json\/wp\/v2\/comments?post=218710"}],"wp:featuredmedia":[{"embeddable":true,"href":"https:\/\/marktxxl.de\/markt\/wp-json\/wp\/v2\/media\/218711"}],"wp:attachment":[{"href":"https:\/\/marktxxl.de\/markt\/wp-json\/wp\/v2\/media?parent=218710"}],"wp:term":[{"taxonomy":"product_brand","embeddable":true,"href":"https:\/\/marktxxl.de\/markt\/wp-json\/wp\/v2\/product_brand?post=218710"},{"taxonomy":"product_cat","embeddable":true,"href":"https:\/\/marktxxl.de\/markt\/wp-json\/wp\/v2\/product_cat?post=218710"},{"taxonomy":"product_tag","embeddable":true,"href":"https:\/\/marktxxl.de\/markt\/wp-json\/wp\/v2\/product_tag?post=218710"}],"curies":[{"name":"wp","href":"https:\/\/api.w.org\/{rel}","templated":true}]}}