{"id":218708,"date":"2024-07-28T09:48:56","date_gmt":"2024-07-28T07:48:56","guid":{"rendered":"https:\/\/marktxxl.de\/markt\/produkt\/hewlett-packard-hp-nr-932-x-l-933-x-l-inkjet-tintenpatrone-combo-multi-pack-cmyk-ref-pack-4-113913\/"},"modified":"2024-07-28T09:48:56","modified_gmt":"2024-07-28T07:48:56","slug":"hewlett-packard-hp-nr-932-x-l-933-x-l-inkjet-tintenpatrone-combo-multi-pack-cmyk-ref-pack-4-113913","status":"publish","type":"product","link":"https:\/\/marktxxl.de\/markt\/produkt\/hewlett-packard-hp-nr-932-x-l-933-x-l-inkjet-tintenpatrone-combo-multi-pack-cmyk-ref-pack-4-113913\/","title":{"rendered":"Hewlett Packard HP Nr. 932 X L\/933 X L Inkjet Tintenpatrone Combo Multi Pack CMYK Ref) Pack 4 113913"},"content":{"rendered":"<p>Hewlett Packard HP No. 932 X L\/933 X L Inkjet Cartridge Combo Multi Pack CMYK ref C2P42AE Pack 4 113913<br \/>\ngew\u00e4hrleisten zuverl\u00e4ssigen, qualitativ hochwertigen Ergebnissen mit mit jedem Druck. HP Officejet Tinten verwenden und beeindruckende Zuverl\u00e4ssigkeit Funktionen f\u00fcr eine sorgenfreie Konsistenz, Seite f\u00fcr Seite. Drucken Dokumente mit professioneller Qualit\u00e4t erschwinglich, PhotoSmart Text.<br \/>\n<div class=\"main-cross-sell\" data-asin=\"B01N80CB0O\">\n\n\t<div class=\"WooZone-cross-sell-loader\">\n\t\t<div>\n\t\t\t<div id=\"floatingBarsG\">\n\t\t\t\t<div class=\"blockG\" id=\"rotateG_01\"><\/div>\n\t\t\t\t<div class=\"blockG\" id=\"rotateG_02\"><\/div>\n\t\t\t\t<div class=\"blockG\" id=\"rotateG_03\"><\/div>\n\t\t\t\t<div class=\"blockG\" id=\"rotateG_04\"><\/div>\n\t\t\t\t<div class=\"blockG\" id=\"rotateG_05\"><\/div>\n\t\t\t\t<div class=\"blockG\" id=\"rotateG_06\"><\/div>\n\t\t\t\t<div class=\"blockG\" id=\"rotateG_07\"><\/div>\n\t\t\t\t<div class=\"blockG\" id=\"rotateG_08\"><\/div>\n\t\t\t<\/div>\n\t\t\t<div class=\"WooZone-cross-sell-loader-text\"><\/div>\n\t\t<\/div>\n\t<\/div>\n\n\t\t\n<\/div>\n<div style=\"clear:both;\"><\/div><\/p>\n","protected":false},"excerpt":{"rendered":"<p>Hewlett Packard HP No. 932 X L\/933 X L Inkjet Cartridge Combo Multi Pack CMYK ref C2P42AE Pack 4 113913<br \/>\ngew\u00e4hrleisten zuverl\u00e4ssigen, qualitativ hochwertigen Ergebnissen mit mit jedem Druck. HP Officejet Tinten verwenden und beeindruckende Zuverl\u00e4ssigkeit Funktionen f\u00fcr eine sorgenfreie Konsistenz, Seite f\u00fcr Seite. Drucken Dokumente mit professioneller Qualit\u00e4t erschwinglich, PhotoSmart Text.<\/p>\n","protected":false},"featured_media":218709,"comment_status":"open","ping_status":"closed","template":"","meta":[],"product_brand":[],"product_cat":[504,8208],"product_tag":[],"class_list":{"0":"post-218708","1":"product","2":"type-product","3":"status-publish","4":"has-post-thumbnail","6":"product_cat-buerobedarf-schreibwaren","7":"product_cat-bueroelektronik","8":"pa_binding-buerobedarf-schreibwaren","9":"pa_brand-hp","10":"pa_color-multipack","11":"pa_manufacturer-hp","12":"pa_model-c2p42ae","14":"first","15":"instock","16":"shipping-taxable","17":"purchasable","18":"product-type-simple","19":"customify-col","20":"product-has-gallery"},"yoast_head":"<!-- This site is optimized with the Yoast SEO plugin v27.3 - https:\/\/yoast.com\/product\/yoast-seo-wordpress\/ -->\n<title>Hewlett Packard HP Nr. 932 X L\/933 X L Inkjet Tintenpatrone Combo Multi Pack CMYK Ref) Pack 4 113913 - Markt-XXL<\/title>\n<meta name=\"description\" content=\"Markt-XXL Hewlett Packard HP Nr. 932 X L\/933 X L Inkjet Tintenpatrone Combo Multi Pack CMYK Ref) Pack 4 113913\" \/>\n<meta name=\"robots\" content=\"index, follow, max-snippet:-1, max-image-preview:large, max-video-preview:-1\" \/>\n<link rel=\"canonical\" href=\"https:\/\/marktxxl.de\/markt\/produkt\/hewlett-packard-hp-nr-932-x-l-933-x-l-inkjet-tintenpatrone-combo-multi-pack-cmyk-ref-pack-4-113913\/\" \/>\n<meta property=\"og:locale\" content=\"de_DE\" \/>\n<meta property=\"og:type\" content=\"article\" \/>\n<meta property=\"og:title\" content=\"Hewlett Packard HP Nr. 932 X L\/933 X L Inkjet Tintenpatrone Combo Multi Pack CMYK Ref) Pack 4 113913 - Markt-XXL\" \/>\n<meta property=\"og:description\" content=\"Markt-XXL Hewlett Packard HP Nr. 932 X L\/933 X L Inkjet Tintenpatrone Combo Multi Pack CMYK Ref) Pack 4 113913\" \/>\n<meta property=\"og:url\" content=\"https:\/\/marktxxl.de\/markt\/produkt\/hewlett-packard-hp-nr-932-x-l-933-x-l-inkjet-tintenpatrone-combo-multi-pack-cmyk-ref-pack-4-113913\/\" \/>\n<meta property=\"og:site_name\" content=\"Markt-XXL\" \/>\n<meta name=\"twitter:card\" content=\"summary_large_image\" \/>\n<script type=\"application\/ld+json\" class=\"yoast-schema-graph\">{\"@context\":\"https:\\\/\\\/schema.org\",\"@graph\":[{\"@type\":\"WebPage\",\"@id\":\"https:\\\/\\\/marktxxl.de\\\/markt\\\/produkt\\\/hewlett-packard-hp-nr-932-x-l-933-x-l-inkjet-tintenpatrone-combo-multi-pack-cmyk-ref-pack-4-113913\\\/\",\"url\":\"https:\\\/\\\/marktxxl.de\\\/markt\\\/produkt\\\/hewlett-packard-hp-nr-932-x-l-933-x-l-inkjet-tintenpatrone-combo-multi-pack-cmyk-ref-pack-4-113913\\\/\",\"name\":\"Hewlett Packard HP Nr. 932 X L\\\/933 X L Inkjet Tintenpatrone Combo Multi Pack CMYK Ref) Pack 4 113913 - Markt-XXL\",\"isPartOf\":{\"@id\":\"https:\\\/\\\/marktxxl.de\\\/markt\\\/#website\"},\"primaryImageOfPage\":{\"@id\":\"https:\\\/\\\/marktxxl.de\\\/markt\\\/produkt\\\/hewlett-packard-hp-nr-932-x-l-933-x-l-inkjet-tintenpatrone-combo-multi-pack-cmyk-ref-pack-4-113913\\\/#primaryimage\"},\"image\":{\"@id\":\"https:\\\/\\\/marktxxl.de\\\/markt\\\/produkt\\\/hewlett-packard-hp-nr-932-x-l-933-x-l-inkjet-tintenpatrone-combo-multi-pack-cmyk-ref-pack-4-113913\\\/#primaryimage\"},\"thumbnailUrl\":\"https:\\\/\\\/m.media-amazon.com\\\/images\\\/I\\\/31HO-HF6T6L._SL500_.jpg\",\"datePublished\":\"2024-07-28T07:48:56+00:00\",\"description\":\"Markt-XXL Hewlett Packard HP Nr. 932 X L\\\/933 X L Inkjet Tintenpatrone Combo Multi Pack CMYK Ref) Pack 4 113913\",\"breadcrumb\":{\"@id\":\"https:\\\/\\\/marktxxl.de\\\/markt\\\/produkt\\\/hewlett-packard-hp-nr-932-x-l-933-x-l-inkjet-tintenpatrone-combo-multi-pack-cmyk-ref-pack-4-113913\\\/#breadcrumb\"},\"inLanguage\":\"de\",\"potentialAction\":[{\"@type\":\"ReadAction\",\"target\":[\"https:\\\/\\\/marktxxl.de\\\/markt\\\/produkt\\\/hewlett-packard-hp-nr-932-x-l-933-x-l-inkjet-tintenpatrone-combo-multi-pack-cmyk-ref-pack-4-113913\\\/\"]}]},{\"@type\":\"ImageObject\",\"inLanguage\":\"de\",\"@id\":\"https:\\\/\\\/marktxxl.de\\\/markt\\\/produkt\\\/hewlett-packard-hp-nr-932-x-l-933-x-l-inkjet-tintenpatrone-combo-multi-pack-cmyk-ref-pack-4-113913\\\/#primaryimage\",\"url\":\"https:\\\/\\\/m.media-amazon.com\\\/images\\\/I\\\/31HO-HF6T6L._SL500_.jpg\",\"contentUrl\":\"https:\\\/\\\/m.media-amazon.com\\\/images\\\/I\\\/31HO-HF6T6L._SL500_.jpg\",\"width\":189,\"height\":250},{\"@type\":\"BreadcrumbList\",\"@id\":\"https:\\\/\\\/marktxxl.de\\\/markt\\\/produkt\\\/hewlett-packard-hp-nr-932-x-l-933-x-l-inkjet-tintenpatrone-combo-multi-pack-cmyk-ref-pack-4-113913\\\/#breadcrumb\",\"itemListElement\":[{\"@type\":\"ListItem\",\"position\":1,\"name\":\"Startseite\",\"item\":\"https:\\\/\\\/marktxxl.de\\\/markt\\\/\"},{\"@type\":\"ListItem\",\"position\":2,\"name\":\"Markt\",\"item\":\"https:\\\/\\\/marktxxl.de\\\/markt\\\/\"},{\"@type\":\"ListItem\",\"position\":3,\"name\":\"Hewlett Packard HP Nr. 932 X L\\\/933 X L Inkjet Tintenpatrone Combo Multi Pack CMYK Ref) Pack 4 113913\"}]},{\"@type\":\"WebSite\",\"@id\":\"https:\\\/\\\/marktxxl.de\\\/markt\\\/#website\",\"url\":\"https:\\\/\\\/marktxxl.de\\\/markt\\\/\",\"name\":\"Markt-XXL\",\"description\":\"Ihr Markt Online\",\"publisher\":{\"@id\":\"https:\\\/\\\/marktxxl.de\\\/markt\\\/#organization\"},\"potentialAction\":[{\"@type\":\"SearchAction\",\"target\":{\"@type\":\"EntryPoint\",\"urlTemplate\":\"https:\\\/\\\/marktxxl.de\\\/markt\\\/?s={search_term_string}\"},\"query-input\":{\"@type\":\"PropertyValueSpecification\",\"valueRequired\":true,\"valueName\":\"search_term_string\"}}],\"inLanguage\":\"de\"},{\"@type\":\"Organization\",\"@id\":\"https:\\\/\\\/marktxxl.de\\\/markt\\\/#organization\",\"name\":\"Markt-XXL\",\"url\":\"https:\\\/\\\/marktxxl.de\\\/markt\\\/\",\"logo\":{\"@type\":\"ImageObject\",\"inLanguage\":\"de\",\"@id\":\"https:\\\/\\\/marktxxl.de\\\/markt\\\/#\\\/schema\\\/logo\\\/image\\\/\",\"url\":\"https:\\\/\\\/marktxxl.de\\\/markt\\\/wp-content\\\/uploads\\\/sites\\\/3\\\/2020\\\/12\\\/logo.png\",\"contentUrl\":\"https:\\\/\\\/marktxxl.de\\\/markt\\\/wp-content\\\/uploads\\\/sites\\\/3\\\/2020\\\/12\\\/logo.png\",\"width\":200,\"height\":70,\"caption\":\"Markt-XXL\"},\"image\":{\"@id\":\"https:\\\/\\\/marktxxl.de\\\/markt\\\/#\\\/schema\\\/logo\\\/image\\\/\"}}]}<\/script>\n<!-- \/ Yoast SEO plugin. -->","yoast_head_json":{"title":"Hewlett Packard HP Nr. 932 X L\/933 X L Inkjet Tintenpatrone Combo Multi Pack CMYK Ref) Pack 4 113913 - Markt-XXL","description":"Markt-XXL Hewlett Packard HP Nr. 932 X L\/933 X L Inkjet Tintenpatrone Combo Multi Pack CMYK Ref) Pack 4 113913","robots":{"index":"index","follow":"follow","max-snippet":"max-snippet:-1","max-image-preview":"max-image-preview:large","max-video-preview":"max-video-preview:-1"},"canonical":"https:\/\/marktxxl.de\/markt\/produkt\/hewlett-packard-hp-nr-932-x-l-933-x-l-inkjet-tintenpatrone-combo-multi-pack-cmyk-ref-pack-4-113913\/","og_locale":"de_DE","og_type":"article","og_title":"Hewlett Packard HP Nr. 932 X L\/933 X L Inkjet Tintenpatrone Combo Multi Pack CMYK Ref) Pack 4 113913 - Markt-XXL","og_description":"Markt-XXL Hewlett Packard HP Nr. 932 X L\/933 X L Inkjet Tintenpatrone Combo Multi Pack CMYK Ref) Pack 4 113913","og_url":"https:\/\/marktxxl.de\/markt\/produkt\/hewlett-packard-hp-nr-932-x-l-933-x-l-inkjet-tintenpatrone-combo-multi-pack-cmyk-ref-pack-4-113913\/","og_site_name":"Markt-XXL","twitter_card":"summary_large_image","schema":{"@context":"https:\/\/schema.org","@graph":[{"@type":"WebPage","@id":"https:\/\/marktxxl.de\/markt\/produkt\/hewlett-packard-hp-nr-932-x-l-933-x-l-inkjet-tintenpatrone-combo-multi-pack-cmyk-ref-pack-4-113913\/","url":"https:\/\/marktxxl.de\/markt\/produkt\/hewlett-packard-hp-nr-932-x-l-933-x-l-inkjet-tintenpatrone-combo-multi-pack-cmyk-ref-pack-4-113913\/","name":"Hewlett Packard HP Nr. 932 X L\/933 X L Inkjet Tintenpatrone Combo Multi Pack CMYK Ref) Pack 4 113913 - Markt-XXL","isPartOf":{"@id":"https:\/\/marktxxl.de\/markt\/#website"},"primaryImageOfPage":{"@id":"https:\/\/marktxxl.de\/markt\/produkt\/hewlett-packard-hp-nr-932-x-l-933-x-l-inkjet-tintenpatrone-combo-multi-pack-cmyk-ref-pack-4-113913\/#primaryimage"},"image":{"@id":"https:\/\/marktxxl.de\/markt\/produkt\/hewlett-packard-hp-nr-932-x-l-933-x-l-inkjet-tintenpatrone-combo-multi-pack-cmyk-ref-pack-4-113913\/#primaryimage"},"thumbnailUrl":"https:\/\/m.media-amazon.com\/images\/I\/31HO-HF6T6L._SL500_.jpg","datePublished":"2024-07-28T07:48:56+00:00","description":"Markt-XXL Hewlett Packard HP Nr. 932 X L\/933 X L Inkjet Tintenpatrone Combo Multi Pack CMYK Ref) Pack 4 113913","breadcrumb":{"@id":"https:\/\/marktxxl.de\/markt\/produkt\/hewlett-packard-hp-nr-932-x-l-933-x-l-inkjet-tintenpatrone-combo-multi-pack-cmyk-ref-pack-4-113913\/#breadcrumb"},"inLanguage":"de","potentialAction":[{"@type":"ReadAction","target":["https:\/\/marktxxl.de\/markt\/produkt\/hewlett-packard-hp-nr-932-x-l-933-x-l-inkjet-tintenpatrone-combo-multi-pack-cmyk-ref-pack-4-113913\/"]}]},{"@type":"ImageObject","inLanguage":"de","@id":"https:\/\/marktxxl.de\/markt\/produkt\/hewlett-packard-hp-nr-932-x-l-933-x-l-inkjet-tintenpatrone-combo-multi-pack-cmyk-ref-pack-4-113913\/#primaryimage","url":"https:\/\/m.media-amazon.com\/images\/I\/31HO-HF6T6L._SL500_.jpg","contentUrl":"https:\/\/m.media-amazon.com\/images\/I\/31HO-HF6T6L._SL500_.jpg","width":189,"height":250},{"@type":"BreadcrumbList","@id":"https:\/\/marktxxl.de\/markt\/produkt\/hewlett-packard-hp-nr-932-x-l-933-x-l-inkjet-tintenpatrone-combo-multi-pack-cmyk-ref-pack-4-113913\/#breadcrumb","itemListElement":[{"@type":"ListItem","position":1,"name":"Startseite","item":"https:\/\/marktxxl.de\/markt\/"},{"@type":"ListItem","position":2,"name":"Markt","item":"https:\/\/marktxxl.de\/markt\/"},{"@type":"ListItem","position":3,"name":"Hewlett Packard HP Nr. 932 X L\/933 X L Inkjet Tintenpatrone Combo Multi Pack CMYK Ref) Pack 4 113913"}]},{"@type":"WebSite","@id":"https:\/\/marktxxl.de\/markt\/#website","url":"https:\/\/marktxxl.de\/markt\/","name":"Markt-XXL","description":"Ihr Markt Online","publisher":{"@id":"https:\/\/marktxxl.de\/markt\/#organization"},"potentialAction":[{"@type":"SearchAction","target":{"@type":"EntryPoint","urlTemplate":"https:\/\/marktxxl.de\/markt\/?s={search_term_string}"},"query-input":{"@type":"PropertyValueSpecification","valueRequired":true,"valueName":"search_term_string"}}],"inLanguage":"de"},{"@type":"Organization","@id":"https:\/\/marktxxl.de\/markt\/#organization","name":"Markt-XXL","url":"https:\/\/marktxxl.de\/markt\/","logo":{"@type":"ImageObject","inLanguage":"de","@id":"https:\/\/marktxxl.de\/markt\/#\/schema\/logo\/image\/","url":"https:\/\/marktxxl.de\/markt\/wp-content\/uploads\/sites\/3\/2020\/12\/logo.png","contentUrl":"https:\/\/marktxxl.de\/markt\/wp-content\/uploads\/sites\/3\/2020\/12\/logo.png","width":200,"height":70,"caption":"Markt-XXL"},"image":{"@id":"https:\/\/marktxxl.de\/markt\/#\/schema\/logo\/image\/"}}]}},"_links":{"self":[{"href":"https:\/\/marktxxl.de\/markt\/wp-json\/wp\/v2\/product\/218708","targetHints":{"allow":["GET"]}}],"collection":[{"href":"https:\/\/marktxxl.de\/markt\/wp-json\/wp\/v2\/product"}],"about":[{"href":"https:\/\/marktxxl.de\/markt\/wp-json\/wp\/v2\/types\/product"}],"replies":[{"embeddable":true,"href":"https:\/\/marktxxl.de\/markt\/wp-json\/wp\/v2\/comments?post=218708"}],"wp:featuredmedia":[{"embeddable":true,"href":"https:\/\/marktxxl.de\/markt\/wp-json\/wp\/v2\/media\/218709"}],"wp:attachment":[{"href":"https:\/\/marktxxl.de\/markt\/wp-json\/wp\/v2\/media?parent=218708"}],"wp:term":[{"taxonomy":"product_brand","embeddable":true,"href":"https:\/\/marktxxl.de\/markt\/wp-json\/wp\/v2\/product_brand?post=218708"},{"taxonomy":"product_cat","embeddable":true,"href":"https:\/\/marktxxl.de\/markt\/wp-json\/wp\/v2\/product_cat?post=218708"},{"taxonomy":"product_tag","embeddable":true,"href":"https:\/\/marktxxl.de\/markt\/wp-json\/wp\/v2\/product_tag?post=218708"}],"curies":[{"name":"wp","href":"https:\/\/api.w.org\/{rel}","templated":true}]}}