{"id":218685,"date":"2024-07-28T09:48:37","date_gmt":"2024-07-28T07:48:37","guid":{"rendered":"https:\/\/marktxxl.de\/markt\/produkt\/aproca-hartschalen-reiseetui-kompatibel-mit-anker-nebula-mars-mars-ii-300-ansi-lm-tragbarer-projektor-schwarz\/"},"modified":"2024-07-28T09:48:37","modified_gmt":"2024-07-28T07:48:37","slug":"aproca-hartschalen-reiseetui-kompatibel-mit-anker-nebula-mars-mars-ii-300-ansi-lm-tragbarer-projektor-schwarz","status":"publish","type":"product","link":"https:\/\/marktxxl.de\/markt\/produkt\/aproca-hartschalen-reiseetui-kompatibel-mit-anker-nebula-mars-mars-ii-300-ansi-lm-tragbarer-projektor-schwarz\/","title":{"rendered":"Aproca Hartschalen-Reiseetui, kompatibel mit Anker Nebula Mars\/Mars II 300 ANSI lm tragbarer Projektor (schwarz)"},"content":{"rendered":"<p>Umweltfreundliches Material: aus hochdichtem EVA und 1680D-Material, Premium-Hart-EVA, um Haltbarkeit und eine dauerhafte Leistung zu bieten.<br \/>\nPerfekte Passform: speziell f\u00fcr Ihren Anker Nebula Mars \/ Mars II 300 ANSI lm tragbaren Projektor.<br \/>\nPraktisches Design: Komfortabler Griff f\u00fcr einfachen Transport, kommt mit spezieller Netztasche f\u00fcr anderes Zubeh\u00f6r, glatter, aber starker Doppelrei\u00dfverschluss l\u00e4sst sich leicht \u00f6ffnen und schlie\u00dfen, was Ihnen eine bessere Nutzungserfahrung bietet.<br \/>\nGro\u00dfartiger Schutz: Stilvoll und langlebig, verhindert Sch\u00e4den oder Kratzer, die durch versehentliches Herunterfallen verursacht werden, sichert das Ger\u00e4t in gutem Zustand auf Reisen oder im Freien.<br \/>\nIm Lieferumfang ist nur die H\u00fclle enthalten (Ger\u00e4t und Zubeh\u00f6r sind nicht im Lieferumfang enthalten).<br \/>\n<div class=\"main-cross-sell\" data-asin=\"B0CFBC3ZG2\">\n\n\t<div class=\"WooZone-cross-sell-loader\">\n\t\t<div>\n\t\t\t<div id=\"floatingBarsG\">\n\t\t\t\t<div class=\"blockG\" id=\"rotateG_01\"><\/div>\n\t\t\t\t<div class=\"blockG\" id=\"rotateG_02\"><\/div>\n\t\t\t\t<div class=\"blockG\" id=\"rotateG_03\"><\/div>\n\t\t\t\t<div class=\"blockG\" id=\"rotateG_04\"><\/div>\n\t\t\t\t<div class=\"blockG\" id=\"rotateG_05\"><\/div>\n\t\t\t\t<div class=\"blockG\" id=\"rotateG_06\"><\/div>\n\t\t\t\t<div class=\"blockG\" id=\"rotateG_07\"><\/div>\n\t\t\t\t<div class=\"blockG\" id=\"rotateG_08\"><\/div>\n\t\t\t<\/div>\n\t\t\t<div class=\"WooZone-cross-sell-loader-text\"><\/div>\n\t\t<\/div>\n\t<\/div>\n\n\t\t\n<\/div>\n<div style=\"clear:both;\"><\/div><\/p>\n","protected":false},"excerpt":{"rendered":"<p>Umweltfreundliches Material: aus hochdichtem EVA und 1680D-Material, Premium-Hart-EVA, um Haltbarkeit und eine dauerhafte Leistung zu bieten.<br \/>\nPerfekte Passform: speziell f\u00fcr Ihren Anker Nebula Mars \/ Mars II 300 ANSI lm tragbaren Projektor.<br \/>\nPraktisches Design: Komfortabler Griff f\u00fcr einfachen Transport, kommt mit spezieller Netztasche f\u00fcr anderes Zubeh\u00f6r, glatter, aber starker Doppelrei\u00dfverschluss l\u00e4sst sich leicht \u00f6ffnen und schlie\u00dfen, was Ihnen eine bessere Nutzungserfahrung bietet.<\/p>\n","protected":false},"featured_media":218686,"comment_status":"open","ping_status":"closed","template":"","meta":[],"product_brand":[],"product_cat":[504,8208],"product_tag":[],"class_list":{"0":"post-218685","1":"product","2":"type-product","3":"status-publish","4":"has-post-thumbnail","6":"product_cat-buerobedarf-schreibwaren","7":"product_cat-bueroelektronik","8":"pa_binding-luggage","9":"pa_brand-aproca","10":"pa_color-schwarz","11":"pa_manufacturer-aproca","13":"first","14":"instock","15":"shipping-taxable","16":"product-type-simple","17":"customify-col","18":"product-has-gallery"},"yoast_head":"<!-- This site is optimized with the Yoast SEO plugin v27.4 - https:\/\/yoast.com\/product\/yoast-seo-wordpress\/ -->\n<title>Aproca Hartschalen-Reiseetui, kompatibel mit Anker Nebula Mars\/Mars II 300 ANSI lm tragbarer Projektor (schwarz) - Markt-XXL<\/title>\n<meta name=\"description\" content=\"Markt-XXL Aproca Hartschalen-Reiseetui, kompatibel mit Anker Nebula Mars\/Mars II 300 ANSI lm tragbarer Projektor (schwarz)\" \/>\n<meta name=\"robots\" content=\"index, follow, max-snippet:-1, max-image-preview:large, max-video-preview:-1\" \/>\n<link rel=\"canonical\" href=\"https:\/\/marktxxl.de\/markt\/produkt\/aproca-hartschalen-reiseetui-kompatibel-mit-anker-nebula-mars-mars-ii-300-ansi-lm-tragbarer-projektor-schwarz\/\" \/>\n<meta property=\"og:locale\" content=\"de_DE\" \/>\n<meta property=\"og:type\" content=\"article\" \/>\n<meta property=\"og:title\" content=\"Aproca Hartschalen-Reiseetui, kompatibel mit Anker Nebula Mars\/Mars II 300 ANSI lm tragbarer Projektor (schwarz) - Markt-XXL\" \/>\n<meta property=\"og:description\" content=\"Markt-XXL Aproca Hartschalen-Reiseetui, kompatibel mit Anker Nebula Mars\/Mars II 300 ANSI lm tragbarer Projektor (schwarz)\" \/>\n<meta property=\"og:url\" content=\"https:\/\/marktxxl.de\/markt\/produkt\/aproca-hartschalen-reiseetui-kompatibel-mit-anker-nebula-mars-mars-ii-300-ansi-lm-tragbarer-projektor-schwarz\/\" \/>\n<meta property=\"og:site_name\" content=\"Markt-XXL\" \/>\n<meta name=\"twitter:card\" content=\"summary_large_image\" \/>\n<meta name=\"twitter:label1\" content=\"Gesch\u00e4tzte Lesezeit\" \/>\n\t<meta name=\"twitter:data1\" content=\"1\u00a0Minute\" \/>\n<script type=\"application\/ld+json\" class=\"yoast-schema-graph\">{\"@context\":\"https:\\\/\\\/schema.org\",\"@graph\":[{\"@type\":\"WebPage\",\"@id\":\"https:\\\/\\\/marktxxl.de\\\/markt\\\/produkt\\\/aproca-hartschalen-reiseetui-kompatibel-mit-anker-nebula-mars-mars-ii-300-ansi-lm-tragbarer-projektor-schwarz\\\/\",\"url\":\"https:\\\/\\\/marktxxl.de\\\/markt\\\/produkt\\\/aproca-hartschalen-reiseetui-kompatibel-mit-anker-nebula-mars-mars-ii-300-ansi-lm-tragbarer-projektor-schwarz\\\/\",\"name\":\"Aproca Hartschalen-Reiseetui, kompatibel mit Anker Nebula Mars\\\/Mars II 300 ANSI lm tragbarer Projektor (schwarz) - Markt-XXL\",\"isPartOf\":{\"@id\":\"https:\\\/\\\/marktxxl.de\\\/markt\\\/#website\"},\"primaryImageOfPage\":{\"@id\":\"https:\\\/\\\/marktxxl.de\\\/markt\\\/produkt\\\/aproca-hartschalen-reiseetui-kompatibel-mit-anker-nebula-mars-mars-ii-300-ansi-lm-tragbarer-projektor-schwarz\\\/#primaryimage\"},\"image\":{\"@id\":\"https:\\\/\\\/marktxxl.de\\\/markt\\\/produkt\\\/aproca-hartschalen-reiseetui-kompatibel-mit-anker-nebula-mars-mars-ii-300-ansi-lm-tragbarer-projektor-schwarz\\\/#primaryimage\"},\"thumbnailUrl\":\"https:\\\/\\\/m.media-amazon.com\\\/images\\\/I\\\/41Yi0Y-9khL._SL500_.jpg\",\"datePublished\":\"2024-07-28T07:48:37+00:00\",\"description\":\"Markt-XXL Aproca Hartschalen-Reiseetui, kompatibel mit Anker Nebula Mars\\\/Mars II 300 ANSI lm tragbarer Projektor (schwarz)\",\"breadcrumb\":{\"@id\":\"https:\\\/\\\/marktxxl.de\\\/markt\\\/produkt\\\/aproca-hartschalen-reiseetui-kompatibel-mit-anker-nebula-mars-mars-ii-300-ansi-lm-tragbarer-projektor-schwarz\\\/#breadcrumb\"},\"inLanguage\":\"de\",\"potentialAction\":[{\"@type\":\"ReadAction\",\"target\":[\"https:\\\/\\\/marktxxl.de\\\/markt\\\/produkt\\\/aproca-hartschalen-reiseetui-kompatibel-mit-anker-nebula-mars-mars-ii-300-ansi-lm-tragbarer-projektor-schwarz\\\/\"]}]},{\"@type\":\"ImageObject\",\"inLanguage\":\"de\",\"@id\":\"https:\\\/\\\/marktxxl.de\\\/markt\\\/produkt\\\/aproca-hartschalen-reiseetui-kompatibel-mit-anker-nebula-mars-mars-ii-300-ansi-lm-tragbarer-projektor-schwarz\\\/#primaryimage\",\"url\":\"https:\\\/\\\/m.media-amazon.com\\\/images\\\/I\\\/41Yi0Y-9khL._SL500_.jpg\",\"contentUrl\":\"https:\\\/\\\/m.media-amazon.com\\\/images\\\/I\\\/41Yi0Y-9khL._SL500_.jpg\",\"width\":500,\"height\":500},{\"@type\":\"BreadcrumbList\",\"@id\":\"https:\\\/\\\/marktxxl.de\\\/markt\\\/produkt\\\/aproca-hartschalen-reiseetui-kompatibel-mit-anker-nebula-mars-mars-ii-300-ansi-lm-tragbarer-projektor-schwarz\\\/#breadcrumb\",\"itemListElement\":[{\"@type\":\"ListItem\",\"position\":1,\"name\":\"Startseite\",\"item\":\"https:\\\/\\\/marktxxl.de\\\/markt\\\/\"},{\"@type\":\"ListItem\",\"position\":2,\"name\":\"Markt\",\"item\":\"https:\\\/\\\/marktxxl.de\\\/markt\\\/\"},{\"@type\":\"ListItem\",\"position\":3,\"name\":\"Aproca Hartschalen-Reiseetui, kompatibel mit Anker Nebula Mars\\\/Mars II 300 ANSI lm tragbarer Projektor (schwarz)\"}]},{\"@type\":\"WebSite\",\"@id\":\"https:\\\/\\\/marktxxl.de\\\/markt\\\/#website\",\"url\":\"https:\\\/\\\/marktxxl.de\\\/markt\\\/\",\"name\":\"Markt-XXL\",\"description\":\"Ihr Markt Online\",\"publisher\":{\"@id\":\"https:\\\/\\\/marktxxl.de\\\/markt\\\/#organization\"},\"potentialAction\":[{\"@type\":\"SearchAction\",\"target\":{\"@type\":\"EntryPoint\",\"urlTemplate\":\"https:\\\/\\\/marktxxl.de\\\/markt\\\/?s={search_term_string}\"},\"query-input\":{\"@type\":\"PropertyValueSpecification\",\"valueRequired\":true,\"valueName\":\"search_term_string\"}}],\"inLanguage\":\"de\"},{\"@type\":\"Organization\",\"@id\":\"https:\\\/\\\/marktxxl.de\\\/markt\\\/#organization\",\"name\":\"Markt-XXL\",\"url\":\"https:\\\/\\\/marktxxl.de\\\/markt\\\/\",\"logo\":{\"@type\":\"ImageObject\",\"inLanguage\":\"de\",\"@id\":\"https:\\\/\\\/marktxxl.de\\\/markt\\\/#\\\/schema\\\/logo\\\/image\\\/\",\"url\":\"https:\\\/\\\/marktxxl.de\\\/markt\\\/wp-content\\\/uploads\\\/sites\\\/3\\\/2020\\\/12\\\/logo.png\",\"contentUrl\":\"https:\\\/\\\/marktxxl.de\\\/markt\\\/wp-content\\\/uploads\\\/sites\\\/3\\\/2020\\\/12\\\/logo.png\",\"width\":200,\"height\":70,\"caption\":\"Markt-XXL\"},\"image\":{\"@id\":\"https:\\\/\\\/marktxxl.de\\\/markt\\\/#\\\/schema\\\/logo\\\/image\\\/\"}}]}<\/script>\n<!-- \/ Yoast SEO plugin. -->","yoast_head_json":{"title":"Aproca Hartschalen-Reiseetui, kompatibel mit Anker Nebula Mars\/Mars II 300 ANSI lm tragbarer Projektor (schwarz) - Markt-XXL","description":"Markt-XXL Aproca Hartschalen-Reiseetui, kompatibel mit Anker Nebula Mars\/Mars II 300 ANSI lm tragbarer Projektor (schwarz)","robots":{"index":"index","follow":"follow","max-snippet":"max-snippet:-1","max-image-preview":"max-image-preview:large","max-video-preview":"max-video-preview:-1"},"canonical":"https:\/\/marktxxl.de\/markt\/produkt\/aproca-hartschalen-reiseetui-kompatibel-mit-anker-nebula-mars-mars-ii-300-ansi-lm-tragbarer-projektor-schwarz\/","og_locale":"de_DE","og_type":"article","og_title":"Aproca Hartschalen-Reiseetui, kompatibel mit Anker Nebula Mars\/Mars II 300 ANSI lm tragbarer Projektor (schwarz) - Markt-XXL","og_description":"Markt-XXL Aproca Hartschalen-Reiseetui, kompatibel mit Anker Nebula Mars\/Mars II 300 ANSI lm tragbarer Projektor (schwarz)","og_url":"https:\/\/marktxxl.de\/markt\/produkt\/aproca-hartschalen-reiseetui-kompatibel-mit-anker-nebula-mars-mars-ii-300-ansi-lm-tragbarer-projektor-schwarz\/","og_site_name":"Markt-XXL","twitter_card":"summary_large_image","twitter_misc":{"Gesch\u00e4tzte Lesezeit":"1\u00a0Minute"},"schema":{"@context":"https:\/\/schema.org","@graph":[{"@type":"WebPage","@id":"https:\/\/marktxxl.de\/markt\/produkt\/aproca-hartschalen-reiseetui-kompatibel-mit-anker-nebula-mars-mars-ii-300-ansi-lm-tragbarer-projektor-schwarz\/","url":"https:\/\/marktxxl.de\/markt\/produkt\/aproca-hartschalen-reiseetui-kompatibel-mit-anker-nebula-mars-mars-ii-300-ansi-lm-tragbarer-projektor-schwarz\/","name":"Aproca Hartschalen-Reiseetui, kompatibel mit Anker Nebula Mars\/Mars II 300 ANSI lm tragbarer Projektor (schwarz) - Markt-XXL","isPartOf":{"@id":"https:\/\/marktxxl.de\/markt\/#website"},"primaryImageOfPage":{"@id":"https:\/\/marktxxl.de\/markt\/produkt\/aproca-hartschalen-reiseetui-kompatibel-mit-anker-nebula-mars-mars-ii-300-ansi-lm-tragbarer-projektor-schwarz\/#primaryimage"},"image":{"@id":"https:\/\/marktxxl.de\/markt\/produkt\/aproca-hartschalen-reiseetui-kompatibel-mit-anker-nebula-mars-mars-ii-300-ansi-lm-tragbarer-projektor-schwarz\/#primaryimage"},"thumbnailUrl":"https:\/\/m.media-amazon.com\/images\/I\/41Yi0Y-9khL._SL500_.jpg","datePublished":"2024-07-28T07:48:37+00:00","description":"Markt-XXL Aproca Hartschalen-Reiseetui, kompatibel mit Anker Nebula Mars\/Mars II 300 ANSI lm tragbarer Projektor (schwarz)","breadcrumb":{"@id":"https:\/\/marktxxl.de\/markt\/produkt\/aproca-hartschalen-reiseetui-kompatibel-mit-anker-nebula-mars-mars-ii-300-ansi-lm-tragbarer-projektor-schwarz\/#breadcrumb"},"inLanguage":"de","potentialAction":[{"@type":"ReadAction","target":["https:\/\/marktxxl.de\/markt\/produkt\/aproca-hartschalen-reiseetui-kompatibel-mit-anker-nebula-mars-mars-ii-300-ansi-lm-tragbarer-projektor-schwarz\/"]}]},{"@type":"ImageObject","inLanguage":"de","@id":"https:\/\/marktxxl.de\/markt\/produkt\/aproca-hartschalen-reiseetui-kompatibel-mit-anker-nebula-mars-mars-ii-300-ansi-lm-tragbarer-projektor-schwarz\/#primaryimage","url":"https:\/\/m.media-amazon.com\/images\/I\/41Yi0Y-9khL._SL500_.jpg","contentUrl":"https:\/\/m.media-amazon.com\/images\/I\/41Yi0Y-9khL._SL500_.jpg","width":500,"height":500},{"@type":"BreadcrumbList","@id":"https:\/\/marktxxl.de\/markt\/produkt\/aproca-hartschalen-reiseetui-kompatibel-mit-anker-nebula-mars-mars-ii-300-ansi-lm-tragbarer-projektor-schwarz\/#breadcrumb","itemListElement":[{"@type":"ListItem","position":1,"name":"Startseite","item":"https:\/\/marktxxl.de\/markt\/"},{"@type":"ListItem","position":2,"name":"Markt","item":"https:\/\/marktxxl.de\/markt\/"},{"@type":"ListItem","position":3,"name":"Aproca Hartschalen-Reiseetui, kompatibel mit Anker Nebula Mars\/Mars II 300 ANSI lm tragbarer Projektor (schwarz)"}]},{"@type":"WebSite","@id":"https:\/\/marktxxl.de\/markt\/#website","url":"https:\/\/marktxxl.de\/markt\/","name":"Markt-XXL","description":"Ihr Markt Online","publisher":{"@id":"https:\/\/marktxxl.de\/markt\/#organization"},"potentialAction":[{"@type":"SearchAction","target":{"@type":"EntryPoint","urlTemplate":"https:\/\/marktxxl.de\/markt\/?s={search_term_string}"},"query-input":{"@type":"PropertyValueSpecification","valueRequired":true,"valueName":"search_term_string"}}],"inLanguage":"de"},{"@type":"Organization","@id":"https:\/\/marktxxl.de\/markt\/#organization","name":"Markt-XXL","url":"https:\/\/marktxxl.de\/markt\/","logo":{"@type":"ImageObject","inLanguage":"de","@id":"https:\/\/marktxxl.de\/markt\/#\/schema\/logo\/image\/","url":"https:\/\/marktxxl.de\/markt\/wp-content\/uploads\/sites\/3\/2020\/12\/logo.png","contentUrl":"https:\/\/marktxxl.de\/markt\/wp-content\/uploads\/sites\/3\/2020\/12\/logo.png","width":200,"height":70,"caption":"Markt-XXL"},"image":{"@id":"https:\/\/marktxxl.de\/markt\/#\/schema\/logo\/image\/"}}]}},"_links":{"self":[{"href":"https:\/\/marktxxl.de\/markt\/wp-json\/wp\/v2\/product\/218685","targetHints":{"allow":["GET"]}}],"collection":[{"href":"https:\/\/marktxxl.de\/markt\/wp-json\/wp\/v2\/product"}],"about":[{"href":"https:\/\/marktxxl.de\/markt\/wp-json\/wp\/v2\/types\/product"}],"replies":[{"embeddable":true,"href":"https:\/\/marktxxl.de\/markt\/wp-json\/wp\/v2\/comments?post=218685"}],"wp:featuredmedia":[{"embeddable":true,"href":"https:\/\/marktxxl.de\/markt\/wp-json\/wp\/v2\/media\/218686"}],"wp:attachment":[{"href":"https:\/\/marktxxl.de\/markt\/wp-json\/wp\/v2\/media?parent=218685"}],"wp:term":[{"taxonomy":"product_brand","embeddable":true,"href":"https:\/\/marktxxl.de\/markt\/wp-json\/wp\/v2\/product_brand?post=218685"},{"taxonomy":"product_cat","embeddable":true,"href":"https:\/\/marktxxl.de\/markt\/wp-json\/wp\/v2\/product_cat?post=218685"},{"taxonomy":"product_tag","embeddable":true,"href":"https:\/\/marktxxl.de\/markt\/wp-json\/wp\/v2\/product_tag?post=218685"}],"curies":[{"name":"wp","href":"https:\/\/api.w.org\/{rel}","templated":true}]}}