{"id":218673,"date":"2024-07-28T09:48:25","date_gmt":"2024-07-28T07:48:25","guid":{"rendered":"https:\/\/marktxxl.de\/markt\/produkt\/bamboosang-aktenvernichter-automatischer-einzug-150-blatt-micro-cut-schwerlast-aktenvernichter-mit-sicherheitsstufe-p-4-bis-40-minuten-dauerbetrieb-mit-25l-herausnehmbarem-behaelter\/"},"modified":"2024-07-28T09:48:25","modified_gmt":"2024-07-28T07:48:25","slug":"bamboosang-aktenvernichter-automatischer-einzug-150-blatt-micro-cut-schwerlast-aktenvernichter-mit-sicherheitsstufe-p-4-bis-40-minuten-dauerbetrieb-mit-25l-herausnehmbarem-behaelter","status":"publish","type":"product","link":"https:\/\/marktxxl.de\/markt\/produkt\/bamboosang-aktenvernichter-automatischer-einzug-150-blatt-micro-cut-schwerlast-aktenvernichter-mit-sicherheitsstufe-p-4-bis-40-minuten-dauerbetrieb-mit-25l-herausnehmbarem-behaelter\/","title":{"rendered":"Bamboosang Aktenvernichter Automatischer Einzug: 150-Blatt Micro-Cut Schwerlast-Aktenvernichter mit Sicherheitsstufe P-4. Bis 40 Minuten Dauerbetrieb mit 25L Herausnehmbarem Beh\u00e4lter"},"content":{"rendered":"<p>\u3010Auto 150 Bl\u00e4tter &amp; Manueller 10 Blatt Aktenvernichter\u3011Der Schredder Aktenvernichter mit automatischem Einzug\/manuellem Einzug erm\u00f6glicht das Schreddern von bis zu 150 Blatt A4-Papier oder 10 Blatt gleichzeitig im manuellen Modus. Er zerkleinert auch Dokumente, Kreditkarten, Magazine u.v.m.<br \/>\n\u3010Aktenvernichter Sicherheitsstufe P-4\u3011 Der kreuzschnitt Schredder Aktenvernichter verwendet mit einer fortschrittlichen Schreddertechnologie\uff0cdie den h\u00f6chsten Sicherheitsstandards entspricht. Das Schnittmaterial wird auf eine Gr\u00f6\u00dfe von nur 3*10mm reduziert und entspricht somit der Sicherheitsstufe P-4 um Dokumente sicher zu entsorge.<br \/>\n\u3010Aktenvernichter Lange Laufzeit\u3011 Der Profi Aktenvernichter bietet eine lange kontinuierliche Laufzeit von bis zu 40 Minuten im automatischen Modu. Aktenvernichter f\u00fcr b\u00fcro, ideal f\u00fcr eine Anwendung im B\u00fcro oder auch im Home Office.<br \/>\n\u3010Zuverl\u00e4ssige Leistung\u3011Der Papierschredder verf\u00fcgt \u00fcber mehrere Sicherheitsfunktionen, die eine lange Lebensdauer garantieren. Ein \u00dcberhitzungsschutz sch\u00fctzt vor Sch\u00e4den und gleichzeitig stoppt das Ger\u00e4t, sobald der herausnehmbare Beh\u00e4lter entnommen wird. Weiterhin entstaut eine R\u00fcckw\u00e4rtstaste das Ger\u00e4t bei einer m\u00f6glichen Blockierung der Klingen.<br \/>\n\u3010Kompakt &amp; Einfach Bedienbar\u3011Der Beh\u00e4lter des Aktenvernichter leise ist mit einem Volumen 25 Litern ausgestattet und kann problemlos ausgetauscht und entleert werden. Durch das transparente Fenster kann der F\u00fcllstand \u00fcberpr\u00fcft werden. Zus\u00e4tzlich werden 4 Rollen mitgeliefert, um eine maximale Mobilit\u00e4t \u00fcber mehrere R\u00e4ume hinaus zu garantieren.<br \/>\n<div class=\"main-cross-sell\" data-asin=\"B0C7CB2VJ8\">\n\n\t<div class=\"WooZone-cross-sell-loader\">\n\t\t<div>\n\t\t\t<div id=\"floatingBarsG\">\n\t\t\t\t<div class=\"blockG\" id=\"rotateG_01\"><\/div>\n\t\t\t\t<div class=\"blockG\" id=\"rotateG_02\"><\/div>\n\t\t\t\t<div class=\"blockG\" id=\"rotateG_03\"><\/div>\n\t\t\t\t<div class=\"blockG\" id=\"rotateG_04\"><\/div>\n\t\t\t\t<div class=\"blockG\" id=\"rotateG_05\"><\/div>\n\t\t\t\t<div class=\"blockG\" id=\"rotateG_06\"><\/div>\n\t\t\t\t<div class=\"blockG\" id=\"rotateG_07\"><\/div>\n\t\t\t\t<div class=\"blockG\" id=\"rotateG_08\"><\/div>\n\t\t\t<\/div>\n\t\t\t<div class=\"WooZone-cross-sell-loader-text\"><\/div>\n\t\t<\/div>\n\t<\/div>\n\n\t\t\n<\/div>\n<div style=\"clear:both;\"><\/div><\/p>\n","protected":false},"excerpt":{"rendered":"<p>\u3010Auto 150 Bl\u00e4tter &amp; Manueller 10 Blatt Aktenvernichter\u3011Der Schredder Aktenvernichter mit automatischem Einzug\/manuellem Einzug erm\u00f6glicht das Schreddern von bis zu 150 Blatt A4-Papier oder 10 Blatt gleichzeitig im manuellen Modus. Er zerkleinert auch Dokumente, Kreditkarten, Magazine u.v.m.<br \/>\n\u3010Aktenvernichter Sicherheitsstufe P-4\u3011 Der kreuzschnitt Schredder Aktenvernichter verwendet mit einer fortschrittlichen Schreddertechnologie\uff0cdie den h\u00f6chsten Sicherheitsstandards entspricht. Das Schnittmaterial wird auf eine Gr\u00f6\u00dfe von nur 3*10mm reduziert und entspricht somit der Sicherheitsstufe P-4 um Dokumente sicher zu entsorge.<br \/>\n\u3010Aktenvernichter Lange Laufzeit\u3011 Der Profi Aktenvernichter bietet eine lange kontinuierliche Laufzeit von bis zu 40 Minuten im automatischen Modu. Aktenvernichter f\u00fcr b\u00fcro, ideal f\u00fcr eine Anwendung im B\u00fcro oder auch im Home Office.<\/p>\n","protected":false},"featured_media":218674,"comment_status":"open","ping_status":"closed","template":"","meta":[],"product_brand":[],"product_cat":[504,8208],"product_tag":[],"class_list":{"0":"post-218673","1":"product","2":"type-product","3":"status-publish","4":"has-post-thumbnail","6":"product_cat-buerobedarf-schreibwaren","7":"product_cat-bueroelektronik","8":"pa_brand-bamboosang","9":"pa_height-20-5905511601-zoll","10":"pa_length-14-566929119-zoll","11":"pa_manufacturer-bambooang","12":"pa_model-q4","13":"pa_warranty-1-year-return-and-exchange-3-years-warranty","14":"pa_weight-21-384839414-pfund","15":"pa_width-10-236220462-zoll","17":"first","18":"instock","19":"shipping-taxable","20":"purchasable","21":"product-type-simple","22":"customify-col","23":"product-has-gallery"},"yoast_head":"<!-- This site is optimized with the Yoast SEO plugin v27.3 - https:\/\/yoast.com\/product\/yoast-seo-wordpress\/ -->\n<title>Bamboosang Aktenvernichter Automatischer Einzug: 150-Blatt Micro-Cut Schwerlast-Aktenvernichter mit Sicherheitsstufe P-4. Bis 40 Minuten Dauerbetrieb mit 25L Herausnehmbarem Beh\u00e4lter - Markt-XXL<\/title>\n<meta name=\"description\" content=\"Markt-XXL Bamboosang Aktenvernichter Automatischer Einzug: 150-Blatt Micro-Cut Schwerlast-Aktenvernichter mit Sicherheitsstufe P-4. Bis 40 Minuten Dauerbetrieb mit 25L Herausnehmbarem Beh\u00e4lter\" \/>\n<meta name=\"robots\" content=\"index, follow, max-snippet:-1, max-image-preview:large, max-video-preview:-1\" \/>\n<link rel=\"canonical\" href=\"https:\/\/marktxxl.de\/markt\/produkt\/bamboosang-aktenvernichter-automatischer-einzug-150-blatt-micro-cut-schwerlast-aktenvernichter-mit-sicherheitsstufe-p-4-bis-40-minuten-dauerbetrieb-mit-25l-herausnehmbarem-behaelter\/\" \/>\n<meta property=\"og:locale\" content=\"de_DE\" \/>\n<meta property=\"og:type\" content=\"article\" \/>\n<meta property=\"og:title\" content=\"Bamboosang Aktenvernichter Automatischer Einzug: 150-Blatt Micro-Cut Schwerlast-Aktenvernichter mit Sicherheitsstufe P-4. Bis 40 Minuten Dauerbetrieb mit 25L Herausnehmbarem Beh\u00e4lter - Markt-XXL\" \/>\n<meta property=\"og:description\" content=\"Markt-XXL Bamboosang Aktenvernichter Automatischer Einzug: 150-Blatt Micro-Cut Schwerlast-Aktenvernichter mit Sicherheitsstufe P-4. Bis 40 Minuten Dauerbetrieb mit 25L Herausnehmbarem Beh\u00e4lter\" \/>\n<meta property=\"og:url\" content=\"https:\/\/marktxxl.de\/markt\/produkt\/bamboosang-aktenvernichter-automatischer-einzug-150-blatt-micro-cut-schwerlast-aktenvernichter-mit-sicherheitsstufe-p-4-bis-40-minuten-dauerbetrieb-mit-25l-herausnehmbarem-behaelter\/\" \/>\n<meta property=\"og:site_name\" content=\"Markt-XXL\" \/>\n<meta name=\"twitter:card\" content=\"summary_large_image\" \/>\n<meta name=\"twitter:label1\" content=\"Gesch\u00e4tzte Lesezeit\" \/>\n\t<meta name=\"twitter:data1\" content=\"1\u00a0Minute\" \/>\n<script type=\"application\/ld+json\" class=\"yoast-schema-graph\">{\"@context\":\"https:\\\/\\\/schema.org\",\"@graph\":[{\"@type\":\"WebPage\",\"@id\":\"https:\\\/\\\/marktxxl.de\\\/markt\\\/produkt\\\/bamboosang-aktenvernichter-automatischer-einzug-150-blatt-micro-cut-schwerlast-aktenvernichter-mit-sicherheitsstufe-p-4-bis-40-minuten-dauerbetrieb-mit-25l-herausnehmbarem-behaelter\\\/\",\"url\":\"https:\\\/\\\/marktxxl.de\\\/markt\\\/produkt\\\/bamboosang-aktenvernichter-automatischer-einzug-150-blatt-micro-cut-schwerlast-aktenvernichter-mit-sicherheitsstufe-p-4-bis-40-minuten-dauerbetrieb-mit-25l-herausnehmbarem-behaelter\\\/\",\"name\":\"Bamboosang Aktenvernichter Automatischer Einzug: 150-Blatt Micro-Cut Schwerlast-Aktenvernichter mit Sicherheitsstufe P-4. Bis 40 Minuten Dauerbetrieb mit 25L Herausnehmbarem Beh\u00e4lter - Markt-XXL\",\"isPartOf\":{\"@id\":\"https:\\\/\\\/marktxxl.de\\\/markt\\\/#website\"},\"primaryImageOfPage\":{\"@id\":\"https:\\\/\\\/marktxxl.de\\\/markt\\\/produkt\\\/bamboosang-aktenvernichter-automatischer-einzug-150-blatt-micro-cut-schwerlast-aktenvernichter-mit-sicherheitsstufe-p-4-bis-40-minuten-dauerbetrieb-mit-25l-herausnehmbarem-behaelter\\\/#primaryimage\"},\"image\":{\"@id\":\"https:\\\/\\\/marktxxl.de\\\/markt\\\/produkt\\\/bamboosang-aktenvernichter-automatischer-einzug-150-blatt-micro-cut-schwerlast-aktenvernichter-mit-sicherheitsstufe-p-4-bis-40-minuten-dauerbetrieb-mit-25l-herausnehmbarem-behaelter\\\/#primaryimage\"},\"thumbnailUrl\":\"https:\\\/\\\/m.media-amazon.com\\\/images\\\/I\\\/31RmpuiZg4L._SL500_.jpg\",\"datePublished\":\"2024-07-28T07:48:25+00:00\",\"description\":\"Markt-XXL Bamboosang Aktenvernichter Automatischer Einzug: 150-Blatt Micro-Cut Schwerlast-Aktenvernichter mit Sicherheitsstufe P-4. Bis 40 Minuten Dauerbetrieb mit 25L Herausnehmbarem Beh\u00e4lter\",\"breadcrumb\":{\"@id\":\"https:\\\/\\\/marktxxl.de\\\/markt\\\/produkt\\\/bamboosang-aktenvernichter-automatischer-einzug-150-blatt-micro-cut-schwerlast-aktenvernichter-mit-sicherheitsstufe-p-4-bis-40-minuten-dauerbetrieb-mit-25l-herausnehmbarem-behaelter\\\/#breadcrumb\"},\"inLanguage\":\"de\",\"potentialAction\":[{\"@type\":\"ReadAction\",\"target\":[\"https:\\\/\\\/marktxxl.de\\\/markt\\\/produkt\\\/bamboosang-aktenvernichter-automatischer-einzug-150-blatt-micro-cut-schwerlast-aktenvernichter-mit-sicherheitsstufe-p-4-bis-40-minuten-dauerbetrieb-mit-25l-herausnehmbarem-behaelter\\\/\"]}]},{\"@type\":\"ImageObject\",\"inLanguage\":\"de\",\"@id\":\"https:\\\/\\\/marktxxl.de\\\/markt\\\/produkt\\\/bamboosang-aktenvernichter-automatischer-einzug-150-blatt-micro-cut-schwerlast-aktenvernichter-mit-sicherheitsstufe-p-4-bis-40-minuten-dauerbetrieb-mit-25l-herausnehmbarem-behaelter\\\/#primaryimage\",\"url\":\"https:\\\/\\\/m.media-amazon.com\\\/images\\\/I\\\/31RmpuiZg4L._SL500_.jpg\",\"contentUrl\":\"https:\\\/\\\/m.media-amazon.com\\\/images\\\/I\\\/31RmpuiZg4L._SL500_.jpg\",\"width\":500,\"height\":500},{\"@type\":\"BreadcrumbList\",\"@id\":\"https:\\\/\\\/marktxxl.de\\\/markt\\\/produkt\\\/bamboosang-aktenvernichter-automatischer-einzug-150-blatt-micro-cut-schwerlast-aktenvernichter-mit-sicherheitsstufe-p-4-bis-40-minuten-dauerbetrieb-mit-25l-herausnehmbarem-behaelter\\\/#breadcrumb\",\"itemListElement\":[{\"@type\":\"ListItem\",\"position\":1,\"name\":\"Startseite\",\"item\":\"https:\\\/\\\/marktxxl.de\\\/markt\\\/\"},{\"@type\":\"ListItem\",\"position\":2,\"name\":\"Markt\",\"item\":\"https:\\\/\\\/marktxxl.de\\\/markt\\\/\"},{\"@type\":\"ListItem\",\"position\":3,\"name\":\"Bamboosang Aktenvernichter Automatischer Einzug: 150-Blatt Micro-Cut Schwerlast-Aktenvernichter mit Sicherheitsstufe P-4. Bis 40 Minuten Dauerbetrieb mit 25L Herausnehmbarem Beh\u00e4lter\"}]},{\"@type\":\"WebSite\",\"@id\":\"https:\\\/\\\/marktxxl.de\\\/markt\\\/#website\",\"url\":\"https:\\\/\\\/marktxxl.de\\\/markt\\\/\",\"name\":\"Markt-XXL\",\"description\":\"Ihr Markt Online\",\"publisher\":{\"@id\":\"https:\\\/\\\/marktxxl.de\\\/markt\\\/#organization\"},\"potentialAction\":[{\"@type\":\"SearchAction\",\"target\":{\"@type\":\"EntryPoint\",\"urlTemplate\":\"https:\\\/\\\/marktxxl.de\\\/markt\\\/?s={search_term_string}\"},\"query-input\":{\"@type\":\"PropertyValueSpecification\",\"valueRequired\":true,\"valueName\":\"search_term_string\"}}],\"inLanguage\":\"de\"},{\"@type\":\"Organization\",\"@id\":\"https:\\\/\\\/marktxxl.de\\\/markt\\\/#organization\",\"name\":\"Markt-XXL\",\"url\":\"https:\\\/\\\/marktxxl.de\\\/markt\\\/\",\"logo\":{\"@type\":\"ImageObject\",\"inLanguage\":\"de\",\"@id\":\"https:\\\/\\\/marktxxl.de\\\/markt\\\/#\\\/schema\\\/logo\\\/image\\\/\",\"url\":\"https:\\\/\\\/marktxxl.de\\\/markt\\\/wp-content\\\/uploads\\\/sites\\\/3\\\/2020\\\/12\\\/logo.png\",\"contentUrl\":\"https:\\\/\\\/marktxxl.de\\\/markt\\\/wp-content\\\/uploads\\\/sites\\\/3\\\/2020\\\/12\\\/logo.png\",\"width\":200,\"height\":70,\"caption\":\"Markt-XXL\"},\"image\":{\"@id\":\"https:\\\/\\\/marktxxl.de\\\/markt\\\/#\\\/schema\\\/logo\\\/image\\\/\"}}]}<\/script>\n<!-- \/ Yoast SEO plugin. -->","yoast_head_json":{"title":"Bamboosang Aktenvernichter Automatischer Einzug: 150-Blatt Micro-Cut Schwerlast-Aktenvernichter mit Sicherheitsstufe P-4. Bis 40 Minuten Dauerbetrieb mit 25L Herausnehmbarem Beh\u00e4lter - Markt-XXL","description":"Markt-XXL Bamboosang Aktenvernichter Automatischer Einzug: 150-Blatt Micro-Cut Schwerlast-Aktenvernichter mit Sicherheitsstufe P-4. Bis 40 Minuten Dauerbetrieb mit 25L Herausnehmbarem Beh\u00e4lter","robots":{"index":"index","follow":"follow","max-snippet":"max-snippet:-1","max-image-preview":"max-image-preview:large","max-video-preview":"max-video-preview:-1"},"canonical":"https:\/\/marktxxl.de\/markt\/produkt\/bamboosang-aktenvernichter-automatischer-einzug-150-blatt-micro-cut-schwerlast-aktenvernichter-mit-sicherheitsstufe-p-4-bis-40-minuten-dauerbetrieb-mit-25l-herausnehmbarem-behaelter\/","og_locale":"de_DE","og_type":"article","og_title":"Bamboosang Aktenvernichter Automatischer Einzug: 150-Blatt Micro-Cut Schwerlast-Aktenvernichter mit Sicherheitsstufe P-4. Bis 40 Minuten Dauerbetrieb mit 25L Herausnehmbarem Beh\u00e4lter - Markt-XXL","og_description":"Markt-XXL Bamboosang Aktenvernichter Automatischer Einzug: 150-Blatt Micro-Cut Schwerlast-Aktenvernichter mit Sicherheitsstufe P-4. Bis 40 Minuten Dauerbetrieb mit 25L Herausnehmbarem Beh\u00e4lter","og_url":"https:\/\/marktxxl.de\/markt\/produkt\/bamboosang-aktenvernichter-automatischer-einzug-150-blatt-micro-cut-schwerlast-aktenvernichter-mit-sicherheitsstufe-p-4-bis-40-minuten-dauerbetrieb-mit-25l-herausnehmbarem-behaelter\/","og_site_name":"Markt-XXL","twitter_card":"summary_large_image","twitter_misc":{"Gesch\u00e4tzte Lesezeit":"1\u00a0Minute"},"schema":{"@context":"https:\/\/schema.org","@graph":[{"@type":"WebPage","@id":"https:\/\/marktxxl.de\/markt\/produkt\/bamboosang-aktenvernichter-automatischer-einzug-150-blatt-micro-cut-schwerlast-aktenvernichter-mit-sicherheitsstufe-p-4-bis-40-minuten-dauerbetrieb-mit-25l-herausnehmbarem-behaelter\/","url":"https:\/\/marktxxl.de\/markt\/produkt\/bamboosang-aktenvernichter-automatischer-einzug-150-blatt-micro-cut-schwerlast-aktenvernichter-mit-sicherheitsstufe-p-4-bis-40-minuten-dauerbetrieb-mit-25l-herausnehmbarem-behaelter\/","name":"Bamboosang Aktenvernichter Automatischer Einzug: 150-Blatt Micro-Cut Schwerlast-Aktenvernichter mit Sicherheitsstufe P-4. Bis 40 Minuten Dauerbetrieb mit 25L Herausnehmbarem Beh\u00e4lter - Markt-XXL","isPartOf":{"@id":"https:\/\/marktxxl.de\/markt\/#website"},"primaryImageOfPage":{"@id":"https:\/\/marktxxl.de\/markt\/produkt\/bamboosang-aktenvernichter-automatischer-einzug-150-blatt-micro-cut-schwerlast-aktenvernichter-mit-sicherheitsstufe-p-4-bis-40-minuten-dauerbetrieb-mit-25l-herausnehmbarem-behaelter\/#primaryimage"},"image":{"@id":"https:\/\/marktxxl.de\/markt\/produkt\/bamboosang-aktenvernichter-automatischer-einzug-150-blatt-micro-cut-schwerlast-aktenvernichter-mit-sicherheitsstufe-p-4-bis-40-minuten-dauerbetrieb-mit-25l-herausnehmbarem-behaelter\/#primaryimage"},"thumbnailUrl":"https:\/\/m.media-amazon.com\/images\/I\/31RmpuiZg4L._SL500_.jpg","datePublished":"2024-07-28T07:48:25+00:00","description":"Markt-XXL Bamboosang Aktenvernichter Automatischer Einzug: 150-Blatt Micro-Cut Schwerlast-Aktenvernichter mit Sicherheitsstufe P-4. Bis 40 Minuten Dauerbetrieb mit 25L Herausnehmbarem Beh\u00e4lter","breadcrumb":{"@id":"https:\/\/marktxxl.de\/markt\/produkt\/bamboosang-aktenvernichter-automatischer-einzug-150-blatt-micro-cut-schwerlast-aktenvernichter-mit-sicherheitsstufe-p-4-bis-40-minuten-dauerbetrieb-mit-25l-herausnehmbarem-behaelter\/#breadcrumb"},"inLanguage":"de","potentialAction":[{"@type":"ReadAction","target":["https:\/\/marktxxl.de\/markt\/produkt\/bamboosang-aktenvernichter-automatischer-einzug-150-blatt-micro-cut-schwerlast-aktenvernichter-mit-sicherheitsstufe-p-4-bis-40-minuten-dauerbetrieb-mit-25l-herausnehmbarem-behaelter\/"]}]},{"@type":"ImageObject","inLanguage":"de","@id":"https:\/\/marktxxl.de\/markt\/produkt\/bamboosang-aktenvernichter-automatischer-einzug-150-blatt-micro-cut-schwerlast-aktenvernichter-mit-sicherheitsstufe-p-4-bis-40-minuten-dauerbetrieb-mit-25l-herausnehmbarem-behaelter\/#primaryimage","url":"https:\/\/m.media-amazon.com\/images\/I\/31RmpuiZg4L._SL500_.jpg","contentUrl":"https:\/\/m.media-amazon.com\/images\/I\/31RmpuiZg4L._SL500_.jpg","width":500,"height":500},{"@type":"BreadcrumbList","@id":"https:\/\/marktxxl.de\/markt\/produkt\/bamboosang-aktenvernichter-automatischer-einzug-150-blatt-micro-cut-schwerlast-aktenvernichter-mit-sicherheitsstufe-p-4-bis-40-minuten-dauerbetrieb-mit-25l-herausnehmbarem-behaelter\/#breadcrumb","itemListElement":[{"@type":"ListItem","position":1,"name":"Startseite","item":"https:\/\/marktxxl.de\/markt\/"},{"@type":"ListItem","position":2,"name":"Markt","item":"https:\/\/marktxxl.de\/markt\/"},{"@type":"ListItem","position":3,"name":"Bamboosang Aktenvernichter Automatischer Einzug: 150-Blatt Micro-Cut Schwerlast-Aktenvernichter mit Sicherheitsstufe P-4. Bis 40 Minuten Dauerbetrieb mit 25L Herausnehmbarem Beh\u00e4lter"}]},{"@type":"WebSite","@id":"https:\/\/marktxxl.de\/markt\/#website","url":"https:\/\/marktxxl.de\/markt\/","name":"Markt-XXL","description":"Ihr Markt Online","publisher":{"@id":"https:\/\/marktxxl.de\/markt\/#organization"},"potentialAction":[{"@type":"SearchAction","target":{"@type":"EntryPoint","urlTemplate":"https:\/\/marktxxl.de\/markt\/?s={search_term_string}"},"query-input":{"@type":"PropertyValueSpecification","valueRequired":true,"valueName":"search_term_string"}}],"inLanguage":"de"},{"@type":"Organization","@id":"https:\/\/marktxxl.de\/markt\/#organization","name":"Markt-XXL","url":"https:\/\/marktxxl.de\/markt\/","logo":{"@type":"ImageObject","inLanguage":"de","@id":"https:\/\/marktxxl.de\/markt\/#\/schema\/logo\/image\/","url":"https:\/\/marktxxl.de\/markt\/wp-content\/uploads\/sites\/3\/2020\/12\/logo.png","contentUrl":"https:\/\/marktxxl.de\/markt\/wp-content\/uploads\/sites\/3\/2020\/12\/logo.png","width":200,"height":70,"caption":"Markt-XXL"},"image":{"@id":"https:\/\/marktxxl.de\/markt\/#\/schema\/logo\/image\/"}}]}},"_links":{"self":[{"href":"https:\/\/marktxxl.de\/markt\/wp-json\/wp\/v2\/product\/218673","targetHints":{"allow":["GET"]}}],"collection":[{"href":"https:\/\/marktxxl.de\/markt\/wp-json\/wp\/v2\/product"}],"about":[{"href":"https:\/\/marktxxl.de\/markt\/wp-json\/wp\/v2\/types\/product"}],"replies":[{"embeddable":true,"href":"https:\/\/marktxxl.de\/markt\/wp-json\/wp\/v2\/comments?post=218673"}],"wp:featuredmedia":[{"embeddable":true,"href":"https:\/\/marktxxl.de\/markt\/wp-json\/wp\/v2\/media\/218674"}],"wp:attachment":[{"href":"https:\/\/marktxxl.de\/markt\/wp-json\/wp\/v2\/media?parent=218673"}],"wp:term":[{"taxonomy":"product_brand","embeddable":true,"href":"https:\/\/marktxxl.de\/markt\/wp-json\/wp\/v2\/product_brand?post=218673"},{"taxonomy":"product_cat","embeddable":true,"href":"https:\/\/marktxxl.de\/markt\/wp-json\/wp\/v2\/product_cat?post=218673"},{"taxonomy":"product_tag","embeddable":true,"href":"https:\/\/marktxxl.de\/markt\/wp-json\/wp\/v2\/product_tag?post=218673"}],"curies":[{"name":"wp","href":"https:\/\/api.w.org\/{rel}","templated":true}]}}