{"id":218645,"date":"2024-07-28T09:29:24","date_gmt":"2024-07-28T07:29:24","guid":{"rendered":"https:\/\/marktxxl.de\/markt\/produkt\/wifi-5g-bluetooth-videoprojektor-1080p-nativ-unterstuetzt-4k-p62-projektor\/"},"modified":"2024-07-28T09:29:24","modified_gmt":"2024-07-28T07:29:24","slug":"wifi-5g-bluetooth-videoprojektor-1080p-nativ-unterstuetzt-4k-p62-projektor","status":"publish","type":"product","link":"https:\/\/marktxxl.de\/markt\/produkt\/wifi-5g-bluetooth-videoprojektor-1080p-nativ-unterstuetzt-4k-p62-projektor\/","title":{"rendered":"WiFi 5G Bluetooth Videoprojektor 1080P Nativ Unterst\u00fctzt 4K P62 Projektor"},"content":{"rendered":"<p>\u3010Innovativer Autofokus &amp; Keystone\u3011 Dieser Full HD 1080P Bluetooth WLAN-Projektor ist mit der neuesten Autofokus-\/Auto-Trapezkorrektur auf dem Markt ausgestattet. Selbst wenn Sie die Position h\u00e4ufig bewegen, kann es den Bildschirm automatisch in Sekunden fokussieren, das Bild automatisch erkennen und anpassen. Ob Seitenprojektion oder Deckenmontage, es ist sehr praktisch.<br \/>\n\u301022000 Lumen 1080P Full HD WiFi Bluetooth Projektor unterst\u00fctzt 4K\u3011 Mit 22000 Lumen Helligkeit, 1920x1080p Full HD Aufl\u00f6sung und 20000:1 Kontrast maximiert der WiMiUS P62 WiFi-Projektor die Bilddetails f\u00fcr eine h\u00f6here Farbtreue und Genauigkeit. Bietet mehr als 30% Klarheit und Helligkeit im Vergleich zu anderen 1080P Projektoren auf dem Markt.<br \/>\n\u3010Neueste WiFi6 &amp; Bluetooth 5,1\u3011 Ausgestattet mit dem neuesten WiFi6, h\u00f6herer \u00dcbertragungsgeschwindigkeit und geringerer Latenz als 5G, neuer Full-HD-Bluetooth-WiFi-Projektor kann den Bildschirm des Telefons\/PCs in Sekunden drahtlos synchronisieren, um einen gro\u00dfen Bildschirm zu erhalten. Kein Adapter erforderlich. Integrierter Bluetooth 5.<br \/>\n\u3010100% -50% Zoomfunktion, PPT Lesen \u00fcber USB\u3011 Dieser Full HD 1080P Bluetooth WiFi Projektor erh\u00f6ht nicht nur die Unterhaltung in Ihrem Leben, sondern bringt auch Komfort f\u00fcr Ihre Arbeit, da der USB-Stick direkt eingesteckt werden kann, um PPT\/PDF\/Word\/etc. Dateien abzuspielen.<br \/>\nVerschiedene Schnittstelleschl\u00fcsse &amp; 3 Jahre Garantie &amp; e technische Unterst\u00fctzung: Ausgestattet mit 2 x HDMI, 2 x USB, AV und 3,5 mm Audioausgang funktioniert unser WiFi Bluetooth 1080P Projektor problemlos mit Fire Stick TV\/Laptop\/PS4\/PS5\/TV-Box\/X-Box\/etc. Einfach mit einem Rucksack zu tragen. Geeignet f\u00fcr Heimkino, Filme im Freien, Partys, kleine Meetings, Spielspiele usw.<br \/>\n<div class=\"main-cross-sell\" data-asin=\"B0BFJ2YC1B\">\n\n\t<div class=\"WooZone-cross-sell-loader\">\n\t\t<div>\n\t\t\t<div id=\"floatingBarsG\">\n\t\t\t\t<div class=\"blockG\" id=\"rotateG_01\"><\/div>\n\t\t\t\t<div class=\"blockG\" id=\"rotateG_02\"><\/div>\n\t\t\t\t<div class=\"blockG\" id=\"rotateG_03\"><\/div>\n\t\t\t\t<div class=\"blockG\" id=\"rotateG_04\"><\/div>\n\t\t\t\t<div class=\"blockG\" id=\"rotateG_05\"><\/div>\n\t\t\t\t<div class=\"blockG\" id=\"rotateG_06\"><\/div>\n\t\t\t\t<div class=\"blockG\" id=\"rotateG_07\"><\/div>\n\t\t\t\t<div class=\"blockG\" id=\"rotateG_08\"><\/div>\n\t\t\t<\/div>\n\t\t\t<div class=\"WooZone-cross-sell-loader-text\"><\/div>\n\t\t<\/div>\n\t<\/div>\n\n\t\t\n<\/div>\n<div style=\"clear:both;\"><\/div><\/p>\n","protected":false},"excerpt":{"rendered":"<p>\u3010Innovativer Autofokus &amp; Keystone\u3011 Dieser Full HD 1080P Bluetooth WLAN-Projektor ist mit der neuesten Autofokus-\/Auto-Trapezkorrektur auf dem Markt ausgestattet. Selbst wenn Sie die Position h\u00e4ufig bewegen, kann es den Bildschirm automatisch in Sekunden fokussieren, das Bild automatisch erkennen und anpassen. Ob Seitenprojektion oder Deckenmontage, es ist sehr praktisch.<br \/>\n\u301022000 Lumen 1080P Full HD WiFi Bluetooth Projektor unterst\u00fctzt 4K\u3011 Mit 22000 Lumen Helligkeit, 1920x1080p Full HD Aufl\u00f6sung und 20000:1 Kontrast maximiert der WiMiUS P62 WiFi-Projektor die Bilddetails f\u00fcr eine h\u00f6here Farbtreue und Genauigkeit. Bietet mehr als 30% Klarheit und Helligkeit im Vergleich zu anderen 1080P Projektoren auf dem Markt.<br \/>\n\u3010Neueste WiFi6 &amp; Bluetooth 5,1\u3011 Ausgestattet mit dem neuesten WiFi6, h\u00f6herer \u00dcbertragungsgeschwindigkeit und geringerer Latenz als 5G, neuer Full-HD-Bluetooth-WiFi-Projektor kann den Bildschirm des Telefons\/PCs in Sekunden drahtlos synchronisieren, um einen gro\u00dfen Bildschirm zu erhalten. Kein Adapter erforderlich. Integrierter Bluetooth 5.<\/p>\n","protected":false},"featured_media":218646,"comment_status":"open","ping_status":"closed","template":"","meta":[],"product_brand":[],"product_cat":[504,8208],"product_tag":[],"class_list":{"0":"post-218645","1":"product","2":"type-product","3":"status-publish","4":"has-post-thumbnail","6":"product_cat-buerobedarf-schreibwaren","7":"product_cat-bueroelektronik","8":"pa_binding-elektronik","9":"pa_brand-wimius","10":"pa_height-4-0551181061-zoll","11":"pa_length-10-1181102259-zoll","12":"pa_model-p62","13":"pa_width-7-87401574-zoll","15":"first","16":"instock","17":"sale","18":"shipping-taxable","19":"purchasable","20":"product-type-simple","21":"customify-col","22":"product-has-gallery"},"yoast_head":"<!-- This site is optimized with the Yoast SEO plugin v27.4 - https:\/\/yoast.com\/product\/yoast-seo-wordpress\/ -->\n<title>WiFi 5G Bluetooth Videoprojektor 1080P Nativ Unterst\u00fctzt 4K P62 Projektor - Markt-XXL<\/title>\n<meta name=\"description\" content=\"Markt-XXL WiFi 5G Bluetooth Videoprojektor 1080P Nativ Unterst\u00fctzt 4K P62 Projektor\" \/>\n<meta name=\"robots\" content=\"index, follow, max-snippet:-1, max-image-preview:large, max-video-preview:-1\" \/>\n<link rel=\"canonical\" href=\"https:\/\/marktxxl.de\/markt\/produkt\/wifi-5g-bluetooth-videoprojektor-1080p-nativ-unterstuetzt-4k-p62-projektor\/\" \/>\n<meta property=\"og:locale\" content=\"de_DE\" \/>\n<meta property=\"og:type\" content=\"article\" \/>\n<meta property=\"og:title\" content=\"WiFi 5G Bluetooth Videoprojektor 1080P Nativ Unterst\u00fctzt 4K P62 Projektor - Markt-XXL\" \/>\n<meta property=\"og:description\" content=\"Markt-XXL WiFi 5G Bluetooth Videoprojektor 1080P Nativ Unterst\u00fctzt 4K P62 Projektor\" \/>\n<meta property=\"og:url\" content=\"https:\/\/marktxxl.de\/markt\/produkt\/wifi-5g-bluetooth-videoprojektor-1080p-nativ-unterstuetzt-4k-p62-projektor\/\" \/>\n<meta property=\"og:site_name\" content=\"Markt-XXL\" \/>\n<meta name=\"twitter:card\" content=\"summary_large_image\" \/>\n<meta name=\"twitter:label1\" content=\"Gesch\u00e4tzte Lesezeit\" \/>\n\t<meta name=\"twitter:data1\" content=\"1\u00a0Minute\" \/>\n<script type=\"application\/ld+json\" class=\"yoast-schema-graph\">{\"@context\":\"https:\\\/\\\/schema.org\",\"@graph\":[{\"@type\":\"WebPage\",\"@id\":\"https:\\\/\\\/marktxxl.de\\\/markt\\\/produkt\\\/wifi-5g-bluetooth-videoprojektor-1080p-nativ-unterstuetzt-4k-p62-projektor\\\/\",\"url\":\"https:\\\/\\\/marktxxl.de\\\/markt\\\/produkt\\\/wifi-5g-bluetooth-videoprojektor-1080p-nativ-unterstuetzt-4k-p62-projektor\\\/\",\"name\":\"WiFi 5G Bluetooth Videoprojektor 1080P Nativ Unterst\u00fctzt 4K P62 Projektor - Markt-XXL\",\"isPartOf\":{\"@id\":\"https:\\\/\\\/marktxxl.de\\\/markt\\\/#website\"},\"primaryImageOfPage\":{\"@id\":\"https:\\\/\\\/marktxxl.de\\\/markt\\\/produkt\\\/wifi-5g-bluetooth-videoprojektor-1080p-nativ-unterstuetzt-4k-p62-projektor\\\/#primaryimage\"},\"image\":{\"@id\":\"https:\\\/\\\/marktxxl.de\\\/markt\\\/produkt\\\/wifi-5g-bluetooth-videoprojektor-1080p-nativ-unterstuetzt-4k-p62-projektor\\\/#primaryimage\"},\"thumbnailUrl\":\"https:\\\/\\\/m.media-amazon.com\\\/images\\\/I\\\/41w+DKddc-L._SL500_.jpg\",\"datePublished\":\"2024-07-28T07:29:24+00:00\",\"description\":\"Markt-XXL WiFi 5G Bluetooth Videoprojektor 1080P Nativ Unterst\u00fctzt 4K P62 Projektor\",\"breadcrumb\":{\"@id\":\"https:\\\/\\\/marktxxl.de\\\/markt\\\/produkt\\\/wifi-5g-bluetooth-videoprojektor-1080p-nativ-unterstuetzt-4k-p62-projektor\\\/#breadcrumb\"},\"inLanguage\":\"de\",\"potentialAction\":[{\"@type\":\"ReadAction\",\"target\":[\"https:\\\/\\\/marktxxl.de\\\/markt\\\/produkt\\\/wifi-5g-bluetooth-videoprojektor-1080p-nativ-unterstuetzt-4k-p62-projektor\\\/\"]}]},{\"@type\":\"ImageObject\",\"inLanguage\":\"de\",\"@id\":\"https:\\\/\\\/marktxxl.de\\\/markt\\\/produkt\\\/wifi-5g-bluetooth-videoprojektor-1080p-nativ-unterstuetzt-4k-p62-projektor\\\/#primaryimage\",\"url\":\"https:\\\/\\\/m.media-amazon.com\\\/images\\\/I\\\/41w+DKddc-L._SL500_.jpg\",\"contentUrl\":\"https:\\\/\\\/m.media-amazon.com\\\/images\\\/I\\\/41w+DKddc-L._SL500_.jpg\",\"width\":500,\"height\":500},{\"@type\":\"BreadcrumbList\",\"@id\":\"https:\\\/\\\/marktxxl.de\\\/markt\\\/produkt\\\/wifi-5g-bluetooth-videoprojektor-1080p-nativ-unterstuetzt-4k-p62-projektor\\\/#breadcrumb\",\"itemListElement\":[{\"@type\":\"ListItem\",\"position\":1,\"name\":\"Startseite\",\"item\":\"https:\\\/\\\/marktxxl.de\\\/markt\\\/\"},{\"@type\":\"ListItem\",\"position\":2,\"name\":\"Markt\",\"item\":\"https:\\\/\\\/marktxxl.de\\\/markt\\\/\"},{\"@type\":\"ListItem\",\"position\":3,\"name\":\"WiFi 5G Bluetooth Videoprojektor 1080P Nativ Unterst\u00fctzt 4K P62 Projektor\"}]},{\"@type\":\"WebSite\",\"@id\":\"https:\\\/\\\/marktxxl.de\\\/markt\\\/#website\",\"url\":\"https:\\\/\\\/marktxxl.de\\\/markt\\\/\",\"name\":\"Markt-XXL\",\"description\":\"Ihr Markt Online\",\"publisher\":{\"@id\":\"https:\\\/\\\/marktxxl.de\\\/markt\\\/#organization\"},\"potentialAction\":[{\"@type\":\"SearchAction\",\"target\":{\"@type\":\"EntryPoint\",\"urlTemplate\":\"https:\\\/\\\/marktxxl.de\\\/markt\\\/?s={search_term_string}\"},\"query-input\":{\"@type\":\"PropertyValueSpecification\",\"valueRequired\":true,\"valueName\":\"search_term_string\"}}],\"inLanguage\":\"de\"},{\"@type\":\"Organization\",\"@id\":\"https:\\\/\\\/marktxxl.de\\\/markt\\\/#organization\",\"name\":\"Markt-XXL\",\"url\":\"https:\\\/\\\/marktxxl.de\\\/markt\\\/\",\"logo\":{\"@type\":\"ImageObject\",\"inLanguage\":\"de\",\"@id\":\"https:\\\/\\\/marktxxl.de\\\/markt\\\/#\\\/schema\\\/logo\\\/image\\\/\",\"url\":\"https:\\\/\\\/marktxxl.de\\\/markt\\\/wp-content\\\/uploads\\\/sites\\\/3\\\/2020\\\/12\\\/logo.png\",\"contentUrl\":\"https:\\\/\\\/marktxxl.de\\\/markt\\\/wp-content\\\/uploads\\\/sites\\\/3\\\/2020\\\/12\\\/logo.png\",\"width\":200,\"height\":70,\"caption\":\"Markt-XXL\"},\"image\":{\"@id\":\"https:\\\/\\\/marktxxl.de\\\/markt\\\/#\\\/schema\\\/logo\\\/image\\\/\"}}]}<\/script>\n<!-- \/ Yoast SEO plugin. -->","yoast_head_json":{"title":"WiFi 5G Bluetooth Videoprojektor 1080P Nativ Unterst\u00fctzt 4K P62 Projektor - Markt-XXL","description":"Markt-XXL WiFi 5G Bluetooth Videoprojektor 1080P Nativ Unterst\u00fctzt 4K P62 Projektor","robots":{"index":"index","follow":"follow","max-snippet":"max-snippet:-1","max-image-preview":"max-image-preview:large","max-video-preview":"max-video-preview:-1"},"canonical":"https:\/\/marktxxl.de\/markt\/produkt\/wifi-5g-bluetooth-videoprojektor-1080p-nativ-unterstuetzt-4k-p62-projektor\/","og_locale":"de_DE","og_type":"article","og_title":"WiFi 5G Bluetooth Videoprojektor 1080P Nativ Unterst\u00fctzt 4K P62 Projektor - Markt-XXL","og_description":"Markt-XXL WiFi 5G Bluetooth Videoprojektor 1080P Nativ Unterst\u00fctzt 4K P62 Projektor","og_url":"https:\/\/marktxxl.de\/markt\/produkt\/wifi-5g-bluetooth-videoprojektor-1080p-nativ-unterstuetzt-4k-p62-projektor\/","og_site_name":"Markt-XXL","twitter_card":"summary_large_image","twitter_misc":{"Gesch\u00e4tzte Lesezeit":"1\u00a0Minute"},"schema":{"@context":"https:\/\/schema.org","@graph":[{"@type":"WebPage","@id":"https:\/\/marktxxl.de\/markt\/produkt\/wifi-5g-bluetooth-videoprojektor-1080p-nativ-unterstuetzt-4k-p62-projektor\/","url":"https:\/\/marktxxl.de\/markt\/produkt\/wifi-5g-bluetooth-videoprojektor-1080p-nativ-unterstuetzt-4k-p62-projektor\/","name":"WiFi 5G Bluetooth Videoprojektor 1080P Nativ Unterst\u00fctzt 4K P62 Projektor - Markt-XXL","isPartOf":{"@id":"https:\/\/marktxxl.de\/markt\/#website"},"primaryImageOfPage":{"@id":"https:\/\/marktxxl.de\/markt\/produkt\/wifi-5g-bluetooth-videoprojektor-1080p-nativ-unterstuetzt-4k-p62-projektor\/#primaryimage"},"image":{"@id":"https:\/\/marktxxl.de\/markt\/produkt\/wifi-5g-bluetooth-videoprojektor-1080p-nativ-unterstuetzt-4k-p62-projektor\/#primaryimage"},"thumbnailUrl":"https:\/\/m.media-amazon.com\/images\/I\/41w+DKddc-L._SL500_.jpg","datePublished":"2024-07-28T07:29:24+00:00","description":"Markt-XXL WiFi 5G Bluetooth Videoprojektor 1080P Nativ Unterst\u00fctzt 4K P62 Projektor","breadcrumb":{"@id":"https:\/\/marktxxl.de\/markt\/produkt\/wifi-5g-bluetooth-videoprojektor-1080p-nativ-unterstuetzt-4k-p62-projektor\/#breadcrumb"},"inLanguage":"de","potentialAction":[{"@type":"ReadAction","target":["https:\/\/marktxxl.de\/markt\/produkt\/wifi-5g-bluetooth-videoprojektor-1080p-nativ-unterstuetzt-4k-p62-projektor\/"]}]},{"@type":"ImageObject","inLanguage":"de","@id":"https:\/\/marktxxl.de\/markt\/produkt\/wifi-5g-bluetooth-videoprojektor-1080p-nativ-unterstuetzt-4k-p62-projektor\/#primaryimage","url":"https:\/\/m.media-amazon.com\/images\/I\/41w+DKddc-L._SL500_.jpg","contentUrl":"https:\/\/m.media-amazon.com\/images\/I\/41w+DKddc-L._SL500_.jpg","width":500,"height":500},{"@type":"BreadcrumbList","@id":"https:\/\/marktxxl.de\/markt\/produkt\/wifi-5g-bluetooth-videoprojektor-1080p-nativ-unterstuetzt-4k-p62-projektor\/#breadcrumb","itemListElement":[{"@type":"ListItem","position":1,"name":"Startseite","item":"https:\/\/marktxxl.de\/markt\/"},{"@type":"ListItem","position":2,"name":"Markt","item":"https:\/\/marktxxl.de\/markt\/"},{"@type":"ListItem","position":3,"name":"WiFi 5G Bluetooth Videoprojektor 1080P Nativ Unterst\u00fctzt 4K P62 Projektor"}]},{"@type":"WebSite","@id":"https:\/\/marktxxl.de\/markt\/#website","url":"https:\/\/marktxxl.de\/markt\/","name":"Markt-XXL","description":"Ihr Markt Online","publisher":{"@id":"https:\/\/marktxxl.de\/markt\/#organization"},"potentialAction":[{"@type":"SearchAction","target":{"@type":"EntryPoint","urlTemplate":"https:\/\/marktxxl.de\/markt\/?s={search_term_string}"},"query-input":{"@type":"PropertyValueSpecification","valueRequired":true,"valueName":"search_term_string"}}],"inLanguage":"de"},{"@type":"Organization","@id":"https:\/\/marktxxl.de\/markt\/#organization","name":"Markt-XXL","url":"https:\/\/marktxxl.de\/markt\/","logo":{"@type":"ImageObject","inLanguage":"de","@id":"https:\/\/marktxxl.de\/markt\/#\/schema\/logo\/image\/","url":"https:\/\/marktxxl.de\/markt\/wp-content\/uploads\/sites\/3\/2020\/12\/logo.png","contentUrl":"https:\/\/marktxxl.de\/markt\/wp-content\/uploads\/sites\/3\/2020\/12\/logo.png","width":200,"height":70,"caption":"Markt-XXL"},"image":{"@id":"https:\/\/marktxxl.de\/markt\/#\/schema\/logo\/image\/"}}]}},"_links":{"self":[{"href":"https:\/\/marktxxl.de\/markt\/wp-json\/wp\/v2\/product\/218645","targetHints":{"allow":["GET"]}}],"collection":[{"href":"https:\/\/marktxxl.de\/markt\/wp-json\/wp\/v2\/product"}],"about":[{"href":"https:\/\/marktxxl.de\/markt\/wp-json\/wp\/v2\/types\/product"}],"replies":[{"embeddable":true,"href":"https:\/\/marktxxl.de\/markt\/wp-json\/wp\/v2\/comments?post=218645"}],"wp:featuredmedia":[{"embeddable":true,"href":"https:\/\/marktxxl.de\/markt\/wp-json\/wp\/v2\/media\/218646"}],"wp:attachment":[{"href":"https:\/\/marktxxl.de\/markt\/wp-json\/wp\/v2\/media?parent=218645"}],"wp:term":[{"taxonomy":"product_brand","embeddable":true,"href":"https:\/\/marktxxl.de\/markt\/wp-json\/wp\/v2\/product_brand?post=218645"},{"taxonomy":"product_cat","embeddable":true,"href":"https:\/\/marktxxl.de\/markt\/wp-json\/wp\/v2\/product_cat?post=218645"},{"taxonomy":"product_tag","embeddable":true,"href":"https:\/\/marktxxl.de\/markt\/wp-json\/wp\/v2\/product_tag?post=218645"}],"curies":[{"name":"wp","href":"https:\/\/api.w.org\/{rel}","templated":true}]}}