{"id":218599,"date":"2024-07-28T09:28:46","date_gmt":"2024-07-28T07:28:46","guid":{"rendered":"https:\/\/marktxxl.de\/markt\/produkt\/maxdone-laminiergeraet-laminiergeraet-a3-eingebauter-cutter-thermolaminiergeraet-kaltlaminiergeraet-mit-laminierhuellen-und-eckenabrunder-laminiergeraet-fuer-a3-a4-a5-a6\/"},"modified":"2024-07-28T09:28:46","modified_gmt":"2024-07-28T07:28:46","slug":"maxdone-laminiergeraet-laminiergeraet-a3-eingebauter-cutter-thermolaminiergeraet-kaltlaminiergeraet-mit-laminierhuellen-und-eckenabrunder-laminiergeraet-fuer-a3-a4-a5-a6","status":"publish","type":"product","link":"https:\/\/marktxxl.de\/markt\/produkt\/maxdone-laminiergeraet-laminiergeraet-a3-eingebauter-cutter-thermolaminiergeraet-kaltlaminiergeraet-mit-laminierhuellen-und-eckenabrunder-laminiergeraet-fuer-a3-a4-a5-a6\/","title":{"rendered":"MAXDONE Laminierger\u00e4t, Laminierger\u00e4t A3 Eingebauter Cutter Thermolaminierger\u00e4t &amp; Kaltlaminierger\u00e4t mit Laminierh\u00fcllen und Eckenabrunder, Laminierger\u00e4t f\u00fcr A3 A4 A5 A6"},"content":{"rendered":"<p>Multifunktionales Laminiersystem: Das Laminierger\u00e4t ist mit einem Hei\u00df- und einem Kaltwalzensystem ausgestattet, so dass Sie den Modus je nach Bedarf w\u00e4hlen k\u00f6nnen. Der Hei\u00dflaminiermodus ist f\u00fcr Dokumente geeignet, die \u00fcber einen l\u00e4ngeren Zeitraum gesch\u00fctzt werden m\u00fcssen. Der Kaltlaminiermodus erfordert keine Hitze und eignet sich f\u00fcr Dokumente, die auf Thermopapier gedruckt sind, wie z. B. Einkaufsrechnungen und Rechnungen.<br \/>\nIntegrierte Schneidevorrichtung: Das Laminierger\u00e4t hat einen eingebauten Cutter, humanisierte gro\u00dfe Paddel Design macht Schneiden mehr m\u00fchelos und die Dokumente sind scharf und flach nach dem Schneiden. Leicht und einfach zu tragen, k\u00f6nnen Sie Dokumente jederzeit und \u00fcberall schneiden, bequemer zu bedienen.<br \/>\nABS-System: ABS-Ger\u00e4t ist auf der R\u00fcckseite des Laminator Maschine K\u00f6rper installiert, wenn Ihr Dokument mit versehentlichen Papierstau trifft, k\u00f6nnen Sie schnell ziehen Sie das Dokument durch Umschalten der ABS-Paddel, die eine zus\u00e4tzliche Schicht des Schutzes f\u00fcr Ihr Dokument und macht Sie f\u00fchlen sich wohler, wenn Sie die Maschine.<br \/>\nSchnelles Vorheizen: Die Laminiermaschine verwendet ein sicheres und schnelles Vorw\u00e4rmverfahren, und der Hei\u00dflaminiermodus kann in nur 90 Sekunden aufgeheizt werden. Die Geschwindigkeit des Laminierens ist bis zu 355mm\/min, viel schneller als andere Maschinen. Es gibt keinen Rauch und keine \u00dcberhitzung w\u00e4hrend des Laminiervorgangs.<br \/>\nBreites Anwendungsspektrum: Kann Dokumente bis zu 330 mm (A3) \u00fcberformen, geeignet f\u00fcr die Versiegelung von 80-125 mm starken Folien. Breites Anwendungsspektrum, z. B. Dokumente, Speisekarten, Briefe, Urkunden, Visitenkarten, Fotos und so weiter. Nach der Laminierung ist es wasserdicht, feuchtigkeitsbest\u00e4ndig, kratzfest und oxidationsbest\u00e4ndig.<br \/>\nAccessory Details: This laminator set comes with 10 laminating pouches (A3*5+A4*5), built-in cutter for the laminator machine, and also includes a corner rounder, the combination is matched to give you the best results.<br \/>\n<div class=\"main-cross-sell\" data-asin=\"B0CWLJSKK4\">\n\n\t<div class=\"WooZone-cross-sell-loader\">\n\t\t<div>\n\t\t\t<div id=\"floatingBarsG\">\n\t\t\t\t<div class=\"blockG\" id=\"rotateG_01\"><\/div>\n\t\t\t\t<div class=\"blockG\" id=\"rotateG_02\"><\/div>\n\t\t\t\t<div class=\"blockG\" id=\"rotateG_03\"><\/div>\n\t\t\t\t<div class=\"blockG\" id=\"rotateG_04\"><\/div>\n\t\t\t\t<div class=\"blockG\" id=\"rotateG_05\"><\/div>\n\t\t\t\t<div class=\"blockG\" id=\"rotateG_06\"><\/div>\n\t\t\t\t<div class=\"blockG\" id=\"rotateG_07\"><\/div>\n\t\t\t\t<div class=\"blockG\" id=\"rotateG_08\"><\/div>\n\t\t\t<\/div>\n\t\t\t<div class=\"WooZone-cross-sell-loader-text\"><\/div>\n\t\t<\/div>\n\t<\/div>\n\n\t\t\n<\/div>\n<div style=\"clear:both;\"><\/div><\/p>\n","protected":false},"excerpt":{"rendered":"<p>Multifunktionales Laminiersystem: Das Laminierger\u00e4t ist mit einem Hei\u00df- und einem Kaltwalzensystem ausgestattet, so dass Sie den Modus je nach Bedarf w\u00e4hlen k\u00f6nnen. Der Hei\u00dflaminiermodus ist f\u00fcr Dokumente geeignet, die \u00fcber einen l\u00e4ngeren Zeitraum gesch\u00fctzt werden m\u00fcssen. Der Kaltlaminiermodus erfordert keine Hitze und eignet sich f\u00fcr Dokumente, die auf Thermopapier gedruckt sind, wie z. B. Einkaufsrechnungen und Rechnungen.<br \/>\nIntegrierte Schneidevorrichtung: Das Laminierger\u00e4t hat einen eingebauten Cutter, humanisierte gro\u00dfe Paddel Design macht Schneiden mehr m\u00fchelos und die Dokumente sind scharf und flach nach dem Schneiden. Leicht und einfach zu tragen, k\u00f6nnen Sie Dokumente jederzeit und \u00fcberall schneiden, bequemer zu bedienen.<br \/>\nABS-System: ABS-Ger\u00e4t ist auf der R\u00fcckseite des Laminator Maschine K\u00f6rper installiert, wenn Ihr Dokument mit versehentlichen Papierstau trifft, k\u00f6nnen Sie schnell ziehen Sie das Dokument durch Umschalten der ABS-Paddel, die eine zus\u00e4tzliche Schicht des Schutzes f\u00fcr Ihr Dokument und macht Sie f\u00fchlen sich wohler, wenn Sie die Maschine.<\/p>\n","protected":false},"featured_media":218600,"comment_status":"open","ping_status":"closed","template":"","meta":[],"product_brand":[],"product_cat":[504,8208],"product_tag":[],"class_list":{"0":"post-218599","1":"product","2":"type-product","3":"status-publish","4":"has-post-thumbnail","6":"product_cat-buerobedarf-schreibwaren","7":"product_cat-bueroelektronik","8":"pa_brand-maxdone","9":"pa_color-eisenhaltig","10":"pa_height-4-4881889718-zoll","11":"pa_length-16-4173228179-zoll","12":"pa_manufacturer-maxdone","13":"pa_warranty-12919","14":"pa_weight-3-2628414776-pounds","15":"pa_width-3-0314960599-zoll","17":"first","18":"instock","19":"shipping-taxable","20":"purchasable","21":"product-type-simple","22":"customify-col","23":"product-has-gallery"},"yoast_head":"<!-- This site is optimized with the Yoast SEO plugin v27.4 - https:\/\/yoast.com\/product\/yoast-seo-wordpress\/ -->\n<title>MAXDONE Laminierger\u00e4t, Laminierger\u00e4t A3 Eingebauter Cutter Thermolaminierger\u00e4t &amp; Kaltlaminierger\u00e4t mit Laminierh\u00fcllen und Eckenabrunder, Laminierger\u00e4t f\u00fcr A3 A4 A5 A6 - Markt-XXL<\/title>\n<meta name=\"description\" content=\"Markt-XXL MAXDONE Laminierger\u00e4t, Laminierger\u00e4t A3 Eingebauter Cutter Thermolaminierger\u00e4t &amp; Kaltlaminierger\u00e4t mit Laminierh\u00fcllen und Eckenabrunder, Laminierger\u00e4t f\u00fcr A3 A4 A5 A6\" \/>\n<meta name=\"robots\" content=\"index, follow, max-snippet:-1, max-image-preview:large, max-video-preview:-1\" \/>\n<link rel=\"canonical\" href=\"https:\/\/marktxxl.de\/markt\/produkt\/maxdone-laminiergeraet-laminiergeraet-a3-eingebauter-cutter-thermolaminiergeraet-kaltlaminiergeraet-mit-laminierhuellen-und-eckenabrunder-laminiergeraet-fuer-a3-a4-a5-a6\/\" \/>\n<meta property=\"og:locale\" content=\"de_DE\" \/>\n<meta property=\"og:type\" content=\"article\" \/>\n<meta property=\"og:title\" content=\"MAXDONE Laminierger\u00e4t, Laminierger\u00e4t A3 Eingebauter Cutter Thermolaminierger\u00e4t &amp; Kaltlaminierger\u00e4t mit Laminierh\u00fcllen und Eckenabrunder, Laminierger\u00e4t f\u00fcr A3 A4 A5 A6 - Markt-XXL\" \/>\n<meta property=\"og:description\" content=\"Markt-XXL MAXDONE Laminierger\u00e4t, Laminierger\u00e4t A3 Eingebauter Cutter Thermolaminierger\u00e4t &amp; Kaltlaminierger\u00e4t mit Laminierh\u00fcllen und Eckenabrunder, Laminierger\u00e4t f\u00fcr A3 A4 A5 A6\" \/>\n<meta property=\"og:url\" content=\"https:\/\/marktxxl.de\/markt\/produkt\/maxdone-laminiergeraet-laminiergeraet-a3-eingebauter-cutter-thermolaminiergeraet-kaltlaminiergeraet-mit-laminierhuellen-und-eckenabrunder-laminiergeraet-fuer-a3-a4-a5-a6\/\" \/>\n<meta property=\"og:site_name\" content=\"Markt-XXL\" \/>\n<meta name=\"twitter:card\" content=\"summary_large_image\" \/>\n<meta name=\"twitter:label1\" content=\"Gesch\u00e4tzte Lesezeit\" \/>\n\t<meta name=\"twitter:data1\" content=\"1\u00a0Minute\" \/>\n<script type=\"application\/ld+json\" class=\"yoast-schema-graph\">{\"@context\":\"https:\\\/\\\/schema.org\",\"@graph\":[{\"@type\":\"WebPage\",\"@id\":\"https:\\\/\\\/marktxxl.de\\\/markt\\\/produkt\\\/maxdone-laminiergeraet-laminiergeraet-a3-eingebauter-cutter-thermolaminiergeraet-kaltlaminiergeraet-mit-laminierhuellen-und-eckenabrunder-laminiergeraet-fuer-a3-a4-a5-a6\\\/\",\"url\":\"https:\\\/\\\/marktxxl.de\\\/markt\\\/produkt\\\/maxdone-laminiergeraet-laminiergeraet-a3-eingebauter-cutter-thermolaminiergeraet-kaltlaminiergeraet-mit-laminierhuellen-und-eckenabrunder-laminiergeraet-fuer-a3-a4-a5-a6\\\/\",\"name\":\"MAXDONE Laminierger\u00e4t, Laminierger\u00e4t A3 Eingebauter Cutter Thermolaminierger\u00e4t &amp; Kaltlaminierger\u00e4t mit Laminierh\u00fcllen und Eckenabrunder, Laminierger\u00e4t f\u00fcr A3 A4 A5 A6 - Markt-XXL\",\"isPartOf\":{\"@id\":\"https:\\\/\\\/marktxxl.de\\\/markt\\\/#website\"},\"primaryImageOfPage\":{\"@id\":\"https:\\\/\\\/marktxxl.de\\\/markt\\\/produkt\\\/maxdone-laminiergeraet-laminiergeraet-a3-eingebauter-cutter-thermolaminiergeraet-kaltlaminiergeraet-mit-laminierhuellen-und-eckenabrunder-laminiergeraet-fuer-a3-a4-a5-a6\\\/#primaryimage\"},\"image\":{\"@id\":\"https:\\\/\\\/marktxxl.de\\\/markt\\\/produkt\\\/maxdone-laminiergeraet-laminiergeraet-a3-eingebauter-cutter-thermolaminiergeraet-kaltlaminiergeraet-mit-laminierhuellen-und-eckenabrunder-laminiergeraet-fuer-a3-a4-a5-a6\\\/#primaryimage\"},\"thumbnailUrl\":\"https:\\\/\\\/m.media-amazon.com\\\/images\\\/I\\\/41Od1OcJN3L._SL500_.jpg\",\"datePublished\":\"2024-07-28T07:28:46+00:00\",\"description\":\"Markt-XXL MAXDONE Laminierger\u00e4t, Laminierger\u00e4t A3 Eingebauter Cutter Thermolaminierger\u00e4t &amp; Kaltlaminierger\u00e4t mit Laminierh\u00fcllen und Eckenabrunder, Laminierger\u00e4t f\u00fcr A3 A4 A5 A6\",\"breadcrumb\":{\"@id\":\"https:\\\/\\\/marktxxl.de\\\/markt\\\/produkt\\\/maxdone-laminiergeraet-laminiergeraet-a3-eingebauter-cutter-thermolaminiergeraet-kaltlaminiergeraet-mit-laminierhuellen-und-eckenabrunder-laminiergeraet-fuer-a3-a4-a5-a6\\\/#breadcrumb\"},\"inLanguage\":\"de\",\"potentialAction\":[{\"@type\":\"ReadAction\",\"target\":[\"https:\\\/\\\/marktxxl.de\\\/markt\\\/produkt\\\/maxdone-laminiergeraet-laminiergeraet-a3-eingebauter-cutter-thermolaminiergeraet-kaltlaminiergeraet-mit-laminierhuellen-und-eckenabrunder-laminiergeraet-fuer-a3-a4-a5-a6\\\/\"]}]},{\"@type\":\"ImageObject\",\"inLanguage\":\"de\",\"@id\":\"https:\\\/\\\/marktxxl.de\\\/markt\\\/produkt\\\/maxdone-laminiergeraet-laminiergeraet-a3-eingebauter-cutter-thermolaminiergeraet-kaltlaminiergeraet-mit-laminierhuellen-und-eckenabrunder-laminiergeraet-fuer-a3-a4-a5-a6\\\/#primaryimage\",\"url\":\"https:\\\/\\\/m.media-amazon.com\\\/images\\\/I\\\/41Od1OcJN3L._SL500_.jpg\",\"contentUrl\":\"https:\\\/\\\/m.media-amazon.com\\\/images\\\/I\\\/41Od1OcJN3L._SL500_.jpg\",\"width\":500,\"height\":450},{\"@type\":\"BreadcrumbList\",\"@id\":\"https:\\\/\\\/marktxxl.de\\\/markt\\\/produkt\\\/maxdone-laminiergeraet-laminiergeraet-a3-eingebauter-cutter-thermolaminiergeraet-kaltlaminiergeraet-mit-laminierhuellen-und-eckenabrunder-laminiergeraet-fuer-a3-a4-a5-a6\\\/#breadcrumb\",\"itemListElement\":[{\"@type\":\"ListItem\",\"position\":1,\"name\":\"Startseite\",\"item\":\"https:\\\/\\\/marktxxl.de\\\/markt\\\/\"},{\"@type\":\"ListItem\",\"position\":2,\"name\":\"Markt\",\"item\":\"https:\\\/\\\/marktxxl.de\\\/markt\\\/\"},{\"@type\":\"ListItem\",\"position\":3,\"name\":\"MAXDONE Laminierger\u00e4t, Laminierger\u00e4t A3 Eingebauter Cutter Thermolaminierger\u00e4t &amp; Kaltlaminierger\u00e4t mit Laminierh\u00fcllen und Eckenabrunder, Laminierger\u00e4t f\u00fcr A3 A4 A5 A6\"}]},{\"@type\":\"WebSite\",\"@id\":\"https:\\\/\\\/marktxxl.de\\\/markt\\\/#website\",\"url\":\"https:\\\/\\\/marktxxl.de\\\/markt\\\/\",\"name\":\"Markt-XXL\",\"description\":\"Ihr Markt Online\",\"publisher\":{\"@id\":\"https:\\\/\\\/marktxxl.de\\\/markt\\\/#organization\"},\"potentialAction\":[{\"@type\":\"SearchAction\",\"target\":{\"@type\":\"EntryPoint\",\"urlTemplate\":\"https:\\\/\\\/marktxxl.de\\\/markt\\\/?s={search_term_string}\"},\"query-input\":{\"@type\":\"PropertyValueSpecification\",\"valueRequired\":true,\"valueName\":\"search_term_string\"}}],\"inLanguage\":\"de\"},{\"@type\":\"Organization\",\"@id\":\"https:\\\/\\\/marktxxl.de\\\/markt\\\/#organization\",\"name\":\"Markt-XXL\",\"url\":\"https:\\\/\\\/marktxxl.de\\\/markt\\\/\",\"logo\":{\"@type\":\"ImageObject\",\"inLanguage\":\"de\",\"@id\":\"https:\\\/\\\/marktxxl.de\\\/markt\\\/#\\\/schema\\\/logo\\\/image\\\/\",\"url\":\"https:\\\/\\\/marktxxl.de\\\/markt\\\/wp-content\\\/uploads\\\/sites\\\/3\\\/2020\\\/12\\\/logo.png\",\"contentUrl\":\"https:\\\/\\\/marktxxl.de\\\/markt\\\/wp-content\\\/uploads\\\/sites\\\/3\\\/2020\\\/12\\\/logo.png\",\"width\":200,\"height\":70,\"caption\":\"Markt-XXL\"},\"image\":{\"@id\":\"https:\\\/\\\/marktxxl.de\\\/markt\\\/#\\\/schema\\\/logo\\\/image\\\/\"}}]}<\/script>\n<!-- \/ Yoast SEO plugin. -->","yoast_head_json":{"title":"MAXDONE Laminierger\u00e4t, Laminierger\u00e4t A3 Eingebauter Cutter Thermolaminierger\u00e4t &amp; Kaltlaminierger\u00e4t mit Laminierh\u00fcllen und Eckenabrunder, Laminierger\u00e4t f\u00fcr A3 A4 A5 A6 - Markt-XXL","description":"Markt-XXL MAXDONE Laminierger\u00e4t, Laminierger\u00e4t A3 Eingebauter Cutter Thermolaminierger\u00e4t &amp; Kaltlaminierger\u00e4t mit Laminierh\u00fcllen und Eckenabrunder, Laminierger\u00e4t f\u00fcr A3 A4 A5 A6","robots":{"index":"index","follow":"follow","max-snippet":"max-snippet:-1","max-image-preview":"max-image-preview:large","max-video-preview":"max-video-preview:-1"},"canonical":"https:\/\/marktxxl.de\/markt\/produkt\/maxdone-laminiergeraet-laminiergeraet-a3-eingebauter-cutter-thermolaminiergeraet-kaltlaminiergeraet-mit-laminierhuellen-und-eckenabrunder-laminiergeraet-fuer-a3-a4-a5-a6\/","og_locale":"de_DE","og_type":"article","og_title":"MAXDONE Laminierger\u00e4t, Laminierger\u00e4t A3 Eingebauter Cutter Thermolaminierger\u00e4t &amp; Kaltlaminierger\u00e4t mit Laminierh\u00fcllen und Eckenabrunder, Laminierger\u00e4t f\u00fcr A3 A4 A5 A6 - Markt-XXL","og_description":"Markt-XXL MAXDONE Laminierger\u00e4t, Laminierger\u00e4t A3 Eingebauter Cutter Thermolaminierger\u00e4t &amp; Kaltlaminierger\u00e4t mit Laminierh\u00fcllen und Eckenabrunder, Laminierger\u00e4t f\u00fcr A3 A4 A5 A6","og_url":"https:\/\/marktxxl.de\/markt\/produkt\/maxdone-laminiergeraet-laminiergeraet-a3-eingebauter-cutter-thermolaminiergeraet-kaltlaminiergeraet-mit-laminierhuellen-und-eckenabrunder-laminiergeraet-fuer-a3-a4-a5-a6\/","og_site_name":"Markt-XXL","twitter_card":"summary_large_image","twitter_misc":{"Gesch\u00e4tzte Lesezeit":"1\u00a0Minute"},"schema":{"@context":"https:\/\/schema.org","@graph":[{"@type":"WebPage","@id":"https:\/\/marktxxl.de\/markt\/produkt\/maxdone-laminiergeraet-laminiergeraet-a3-eingebauter-cutter-thermolaminiergeraet-kaltlaminiergeraet-mit-laminierhuellen-und-eckenabrunder-laminiergeraet-fuer-a3-a4-a5-a6\/","url":"https:\/\/marktxxl.de\/markt\/produkt\/maxdone-laminiergeraet-laminiergeraet-a3-eingebauter-cutter-thermolaminiergeraet-kaltlaminiergeraet-mit-laminierhuellen-und-eckenabrunder-laminiergeraet-fuer-a3-a4-a5-a6\/","name":"MAXDONE Laminierger\u00e4t, Laminierger\u00e4t A3 Eingebauter Cutter Thermolaminierger\u00e4t &amp; Kaltlaminierger\u00e4t mit Laminierh\u00fcllen und Eckenabrunder, Laminierger\u00e4t f\u00fcr A3 A4 A5 A6 - Markt-XXL","isPartOf":{"@id":"https:\/\/marktxxl.de\/markt\/#website"},"primaryImageOfPage":{"@id":"https:\/\/marktxxl.de\/markt\/produkt\/maxdone-laminiergeraet-laminiergeraet-a3-eingebauter-cutter-thermolaminiergeraet-kaltlaminiergeraet-mit-laminierhuellen-und-eckenabrunder-laminiergeraet-fuer-a3-a4-a5-a6\/#primaryimage"},"image":{"@id":"https:\/\/marktxxl.de\/markt\/produkt\/maxdone-laminiergeraet-laminiergeraet-a3-eingebauter-cutter-thermolaminiergeraet-kaltlaminiergeraet-mit-laminierhuellen-und-eckenabrunder-laminiergeraet-fuer-a3-a4-a5-a6\/#primaryimage"},"thumbnailUrl":"https:\/\/m.media-amazon.com\/images\/I\/41Od1OcJN3L._SL500_.jpg","datePublished":"2024-07-28T07:28:46+00:00","description":"Markt-XXL MAXDONE Laminierger\u00e4t, Laminierger\u00e4t A3 Eingebauter Cutter Thermolaminierger\u00e4t &amp; Kaltlaminierger\u00e4t mit Laminierh\u00fcllen und Eckenabrunder, Laminierger\u00e4t f\u00fcr A3 A4 A5 A6","breadcrumb":{"@id":"https:\/\/marktxxl.de\/markt\/produkt\/maxdone-laminiergeraet-laminiergeraet-a3-eingebauter-cutter-thermolaminiergeraet-kaltlaminiergeraet-mit-laminierhuellen-und-eckenabrunder-laminiergeraet-fuer-a3-a4-a5-a6\/#breadcrumb"},"inLanguage":"de","potentialAction":[{"@type":"ReadAction","target":["https:\/\/marktxxl.de\/markt\/produkt\/maxdone-laminiergeraet-laminiergeraet-a3-eingebauter-cutter-thermolaminiergeraet-kaltlaminiergeraet-mit-laminierhuellen-und-eckenabrunder-laminiergeraet-fuer-a3-a4-a5-a6\/"]}]},{"@type":"ImageObject","inLanguage":"de","@id":"https:\/\/marktxxl.de\/markt\/produkt\/maxdone-laminiergeraet-laminiergeraet-a3-eingebauter-cutter-thermolaminiergeraet-kaltlaminiergeraet-mit-laminierhuellen-und-eckenabrunder-laminiergeraet-fuer-a3-a4-a5-a6\/#primaryimage","url":"https:\/\/m.media-amazon.com\/images\/I\/41Od1OcJN3L._SL500_.jpg","contentUrl":"https:\/\/m.media-amazon.com\/images\/I\/41Od1OcJN3L._SL500_.jpg","width":500,"height":450},{"@type":"BreadcrumbList","@id":"https:\/\/marktxxl.de\/markt\/produkt\/maxdone-laminiergeraet-laminiergeraet-a3-eingebauter-cutter-thermolaminiergeraet-kaltlaminiergeraet-mit-laminierhuellen-und-eckenabrunder-laminiergeraet-fuer-a3-a4-a5-a6\/#breadcrumb","itemListElement":[{"@type":"ListItem","position":1,"name":"Startseite","item":"https:\/\/marktxxl.de\/markt\/"},{"@type":"ListItem","position":2,"name":"Markt","item":"https:\/\/marktxxl.de\/markt\/"},{"@type":"ListItem","position":3,"name":"MAXDONE Laminierger\u00e4t, Laminierger\u00e4t A3 Eingebauter Cutter Thermolaminierger\u00e4t &amp; Kaltlaminierger\u00e4t mit Laminierh\u00fcllen und Eckenabrunder, Laminierger\u00e4t f\u00fcr A3 A4 A5 A6"}]},{"@type":"WebSite","@id":"https:\/\/marktxxl.de\/markt\/#website","url":"https:\/\/marktxxl.de\/markt\/","name":"Markt-XXL","description":"Ihr Markt Online","publisher":{"@id":"https:\/\/marktxxl.de\/markt\/#organization"},"potentialAction":[{"@type":"SearchAction","target":{"@type":"EntryPoint","urlTemplate":"https:\/\/marktxxl.de\/markt\/?s={search_term_string}"},"query-input":{"@type":"PropertyValueSpecification","valueRequired":true,"valueName":"search_term_string"}}],"inLanguage":"de"},{"@type":"Organization","@id":"https:\/\/marktxxl.de\/markt\/#organization","name":"Markt-XXL","url":"https:\/\/marktxxl.de\/markt\/","logo":{"@type":"ImageObject","inLanguage":"de","@id":"https:\/\/marktxxl.de\/markt\/#\/schema\/logo\/image\/","url":"https:\/\/marktxxl.de\/markt\/wp-content\/uploads\/sites\/3\/2020\/12\/logo.png","contentUrl":"https:\/\/marktxxl.de\/markt\/wp-content\/uploads\/sites\/3\/2020\/12\/logo.png","width":200,"height":70,"caption":"Markt-XXL"},"image":{"@id":"https:\/\/marktxxl.de\/markt\/#\/schema\/logo\/image\/"}}]}},"_links":{"self":[{"href":"https:\/\/marktxxl.de\/markt\/wp-json\/wp\/v2\/product\/218599","targetHints":{"allow":["GET"]}}],"collection":[{"href":"https:\/\/marktxxl.de\/markt\/wp-json\/wp\/v2\/product"}],"about":[{"href":"https:\/\/marktxxl.de\/markt\/wp-json\/wp\/v2\/types\/product"}],"replies":[{"embeddable":true,"href":"https:\/\/marktxxl.de\/markt\/wp-json\/wp\/v2\/comments?post=218599"}],"wp:featuredmedia":[{"embeddable":true,"href":"https:\/\/marktxxl.de\/markt\/wp-json\/wp\/v2\/media\/218600"}],"wp:attachment":[{"href":"https:\/\/marktxxl.de\/markt\/wp-json\/wp\/v2\/media?parent=218599"}],"wp:term":[{"taxonomy":"product_brand","embeddable":true,"href":"https:\/\/marktxxl.de\/markt\/wp-json\/wp\/v2\/product_brand?post=218599"},{"taxonomy":"product_cat","embeddable":true,"href":"https:\/\/marktxxl.de\/markt\/wp-json\/wp\/v2\/product_cat?post=218599"},{"taxonomy":"product_tag","embeddable":true,"href":"https:\/\/marktxxl.de\/markt\/wp-json\/wp\/v2\/product_tag?post=218599"}],"curies":[{"name":"wp","href":"https:\/\/api.w.org\/{rel}","templated":true}]}}