{"id":218591,"date":"2024-07-28T09:28:39","date_gmt":"2024-07-28T07:28:39","guid":{"rendered":"https:\/\/marktxxl.de\/markt\/produkt\/sodface-tn-243cmyk-tn247-kompatibel-fuer-brother-tn-247-tn243-toner-fuer-brother-mfc-l3750cdw-dcp-l3550cdw-mfc-l3770cdw-hl-l3210cw-hl-l3230cdw-mfc-l3730cw-schwarz-cyan-gelb-magenta-4er-pack\/"},"modified":"2024-07-28T09:28:39","modified_gmt":"2024-07-28T07:28:39","slug":"sodface-tn-243cmyk-tn247-kompatibel-fuer-brother-tn-247-tn243-toner-fuer-brother-mfc-l3750cdw-dcp-l3550cdw-mfc-l3770cdw-hl-l3210cw-hl-l3230cdw-mfc-l3730cw-schwarz-cyan-gelb-magenta-4er-pack","status":"publish","type":"product","link":"https:\/\/marktxxl.de\/markt\/produkt\/sodface-tn-243cmyk-tn247-kompatibel-fuer-brother-tn-247-tn243-toner-fuer-brother-mfc-l3750cdw-dcp-l3550cdw-mfc-l3770cdw-hl-l3210cw-hl-l3230cdw-mfc-l3730cw-schwarz-cyan-gelb-magenta-4er-pack\/","title":{"rendered":"SODFACE TN-243CMYK TN247 Kompatibel f\u00fcr Brother TN 247 TN243 Toner f\u00fcr Brother MFC L3750CDW DCP-L3550CDW MFC-L3770CDW HL-L3210CW HL-L3230CDW MFC-L3730CW (Schwarz, Cyan, Gelb, Magenta, 4er-Pack)"},"content":{"rendered":"<p>Packungsinhalt: 4er-Pack tn-243cmyk toner set mit tn-247bk schwarz, tn-247c cyan, tn-247y gelb, tn-247m magenta kompatibel f\u00fcr brother dcp-l3550cdw toner (Mit Chip)<br \/>\nKompatibel mit: MFC-L3750CDW MFC-L3730CDN MFC-L3710CW MFC-L3770CDW DCP-L3550CDW DCP-L3510CDW DCP-L3517CDW HL-L3210CW HL-L3230CDW HL-L3270CDW Drucker<br \/>\nSeitenausbeute: 3.000 seiten pro TN247 schwarze tonerkartusche (TN247BK TN243BK) und 2.300 seiten pro TN247 farbtonerkartusche (TN247C TN247M TN247Y TN243C TN243M TN243Y), bei 5% deckung von A4<br \/>\nProduktname: SODFACE tn247 tn-243cmyk multipack toner kompatibel f\u00fcr brother tn-247 tn243 f\u00fcr mfc-l3750cdw toner (Nicht Original)<br \/>\nSODFACE TN-247 tonerkartuschen werden in jeder produktionsstufe streng gepr\u00fcft, um qualit\u00e4tsstandards zu erf\u00fcllen und hervorragende druckergebnisse zu gew\u00e4hrleisten<br \/>\n<div class=\"main-cross-sell\" data-asin=\"B0CGHRZD4Q\">\n\n\t<div class=\"WooZone-cross-sell-loader\">\n\t\t<div>\n\t\t\t<div id=\"floatingBarsG\">\n\t\t\t\t<div class=\"blockG\" id=\"rotateG_01\"><\/div>\n\t\t\t\t<div class=\"blockG\" id=\"rotateG_02\"><\/div>\n\t\t\t\t<div class=\"blockG\" id=\"rotateG_03\"><\/div>\n\t\t\t\t<div class=\"blockG\" id=\"rotateG_04\"><\/div>\n\t\t\t\t<div class=\"blockG\" id=\"rotateG_05\"><\/div>\n\t\t\t\t<div class=\"blockG\" id=\"rotateG_06\"><\/div>\n\t\t\t\t<div class=\"blockG\" id=\"rotateG_07\"><\/div>\n\t\t\t\t<div class=\"blockG\" id=\"rotateG_08\"><\/div>\n\t\t\t<\/div>\n\t\t\t<div class=\"WooZone-cross-sell-loader-text\"><\/div>\n\t\t<\/div>\n\t<\/div>\n\n\t\t\n<\/div>\n<div style=\"clear:both;\"><\/div><\/p>\n","protected":false},"excerpt":{"rendered":"<p>Packungsinhalt: 4er-Pack tn-243cmyk toner set mit tn-247bk schwarz, tn-247c cyan, tn-247y gelb, tn-247m magenta kompatibel f\u00fcr brother dcp-l3550cdw toner (Mit Chip)<br \/>\nKompatibel mit: MFC-L3750CDW MFC-L3730CDN MFC-L3710CW MFC-L3770CDW DCP-L3550CDW DCP-L3510CDW DCP-L3517CDW HL-L3210CW HL-L3230CDW HL-L3270CDW Drucker<br \/>\nSeitenausbeute: 3.000 seiten pro TN247 schwarze tonerkartusche (TN247BK TN243BK) und 2.300 seiten pro TN247 farbtonerkartusche (TN247C TN247M TN247Y TN243C TN243M TN243Y), bei 5% deckung von A4<\/p>\n","protected":false},"featured_media":218592,"comment_status":"open","ping_status":"closed","template":"","meta":[],"product_brand":[],"product_cat":[504,8208],"product_tag":[],"class_list":{"0":"post-218591","1":"product","2":"type-product","3":"status-publish","4":"has-post-thumbnail","6":"product_cat-buerobedarf-schreibwaren","7":"product_cat-bueroelektronik","8":"pa_binding-buerobedarf-schreibwaren","9":"pa_brand-sodface","10":"pa_color-schwarz-1cyan-1gelb-magenta","11":"pa_height-4-2125984209-zoll","12":"pa_length-13-10629919923-zoll","13":"pa_manufacturer-sodface-nicht-original-tn-243cmyk-tn247-toner-fuer-dcp-l3550cdw","14":"pa_model-tn247-tn-243cmyk","15":"pa_size-toner-brother-mfc-l3750cdw","16":"pa_warranty-2-year-limited-warranty","17":"pa_width-7-6771653465-zoll","19":"first","20":"instock","21":"sale","22":"shipping-taxable","23":"purchasable","24":"product-type-simple","25":"customify-col","26":"product-has-gallery"},"yoast_head":"<!-- This site is optimized with the Yoast SEO plugin v27.3 - https:\/\/yoast.com\/product\/yoast-seo-wordpress\/ -->\n<title>SODFACE TN-243CMYK TN247 Kompatibel f\u00fcr Brother TN 247 TN243 Toner f\u00fcr Brother MFC L3750CDW DCP-L3550CDW MFC-L3770CDW HL-L3210CW HL-L3230CDW MFC-L3730CW (Schwarz, Cyan, Gelb, Magenta, 4er-Pack) - Markt-XXL<\/title>\n<meta name=\"description\" content=\"Markt-XXL SODFACE TN-243CMYK TN247 Kompatibel f\u00fcr Brother TN 247 TN243 Toner f\u00fcr Brother MFC L3750CDW DCP-L3550CDW MFC-L3770CDW HL-L3210CW HL-L3230CDW MFC-L3730CW (Schwarz, Cyan, Gelb, Magenta, 4er-Pack)\" \/>\n<meta name=\"robots\" content=\"index, follow, max-snippet:-1, max-image-preview:large, max-video-preview:-1\" \/>\n<link rel=\"canonical\" href=\"https:\/\/marktxxl.de\/markt\/produkt\/sodface-tn-243cmyk-tn247-kompatibel-fuer-brother-tn-247-tn243-toner-fuer-brother-mfc-l3750cdw-dcp-l3550cdw-mfc-l3770cdw-hl-l3210cw-hl-l3230cdw-mfc-l3730cw-schwarz-cyan-gelb-magenta-4er-pack\/\" \/>\n<meta property=\"og:locale\" content=\"de_DE\" \/>\n<meta property=\"og:type\" content=\"article\" \/>\n<meta property=\"og:title\" content=\"SODFACE TN-243CMYK TN247 Kompatibel f\u00fcr Brother TN 247 TN243 Toner f\u00fcr Brother MFC L3750CDW DCP-L3550CDW MFC-L3770CDW HL-L3210CW HL-L3230CDW MFC-L3730CW (Schwarz, Cyan, Gelb, Magenta, 4er-Pack) - Markt-XXL\" \/>\n<meta property=\"og:description\" content=\"Markt-XXL SODFACE TN-243CMYK TN247 Kompatibel f\u00fcr Brother TN 247 TN243 Toner f\u00fcr Brother MFC L3750CDW DCP-L3550CDW MFC-L3770CDW HL-L3210CW HL-L3230CDW MFC-L3730CW (Schwarz, Cyan, Gelb, Magenta, 4er-Pack)\" \/>\n<meta property=\"og:url\" content=\"https:\/\/marktxxl.de\/markt\/produkt\/sodface-tn-243cmyk-tn247-kompatibel-fuer-brother-tn-247-tn243-toner-fuer-brother-mfc-l3750cdw-dcp-l3550cdw-mfc-l3770cdw-hl-l3210cw-hl-l3230cdw-mfc-l3730cw-schwarz-cyan-gelb-magenta-4er-pack\/\" \/>\n<meta property=\"og:site_name\" content=\"Markt-XXL\" \/>\n<meta name=\"twitter:card\" content=\"summary_large_image\" \/>\n<meta name=\"twitter:label1\" content=\"Gesch\u00e4tzte Lesezeit\" \/>\n\t<meta name=\"twitter:data1\" content=\"1\u00a0Minute\" \/>\n<script type=\"application\/ld+json\" class=\"yoast-schema-graph\">{\"@context\":\"https:\\\/\\\/schema.org\",\"@graph\":[{\"@type\":\"WebPage\",\"@id\":\"https:\\\/\\\/marktxxl.de\\\/markt\\\/produkt\\\/sodface-tn-243cmyk-tn247-kompatibel-fuer-brother-tn-247-tn243-toner-fuer-brother-mfc-l3750cdw-dcp-l3550cdw-mfc-l3770cdw-hl-l3210cw-hl-l3230cdw-mfc-l3730cw-schwarz-cyan-gelb-magenta-4er-pack\\\/\",\"url\":\"https:\\\/\\\/marktxxl.de\\\/markt\\\/produkt\\\/sodface-tn-243cmyk-tn247-kompatibel-fuer-brother-tn-247-tn243-toner-fuer-brother-mfc-l3750cdw-dcp-l3550cdw-mfc-l3770cdw-hl-l3210cw-hl-l3230cdw-mfc-l3730cw-schwarz-cyan-gelb-magenta-4er-pack\\\/\",\"name\":\"SODFACE TN-243CMYK TN247 Kompatibel f\u00fcr Brother TN 247 TN243 Toner f\u00fcr Brother MFC L3750CDW DCP-L3550CDW MFC-L3770CDW HL-L3210CW HL-L3230CDW MFC-L3730CW (Schwarz, Cyan, Gelb, Magenta, 4er-Pack) - Markt-XXL\",\"isPartOf\":{\"@id\":\"https:\\\/\\\/marktxxl.de\\\/markt\\\/#website\"},\"primaryImageOfPage\":{\"@id\":\"https:\\\/\\\/marktxxl.de\\\/markt\\\/produkt\\\/sodface-tn-243cmyk-tn247-kompatibel-fuer-brother-tn-247-tn243-toner-fuer-brother-mfc-l3750cdw-dcp-l3550cdw-mfc-l3770cdw-hl-l3210cw-hl-l3230cdw-mfc-l3730cw-schwarz-cyan-gelb-magenta-4er-pack\\\/#primaryimage\"},\"image\":{\"@id\":\"https:\\\/\\\/marktxxl.de\\\/markt\\\/produkt\\\/sodface-tn-243cmyk-tn247-kompatibel-fuer-brother-tn-247-tn243-toner-fuer-brother-mfc-l3750cdw-dcp-l3550cdw-mfc-l3770cdw-hl-l3210cw-hl-l3230cdw-mfc-l3730cw-schwarz-cyan-gelb-magenta-4er-pack\\\/#primaryimage\"},\"thumbnailUrl\":\"https:\\\/\\\/m.media-amazon.com\\\/images\\\/I\\\/513wyZfZ5qL._SL500_.jpg\",\"datePublished\":\"2024-07-28T07:28:39+00:00\",\"description\":\"Markt-XXL SODFACE TN-243CMYK TN247 Kompatibel f\u00fcr Brother TN 247 TN243 Toner f\u00fcr Brother MFC L3750CDW DCP-L3550CDW MFC-L3770CDW HL-L3210CW HL-L3230CDW MFC-L3730CW (Schwarz, Cyan, Gelb, Magenta, 4er-Pack)\",\"breadcrumb\":{\"@id\":\"https:\\\/\\\/marktxxl.de\\\/markt\\\/produkt\\\/sodface-tn-243cmyk-tn247-kompatibel-fuer-brother-tn-247-tn243-toner-fuer-brother-mfc-l3750cdw-dcp-l3550cdw-mfc-l3770cdw-hl-l3210cw-hl-l3230cdw-mfc-l3730cw-schwarz-cyan-gelb-magenta-4er-pack\\\/#breadcrumb\"},\"inLanguage\":\"de\",\"potentialAction\":[{\"@type\":\"ReadAction\",\"target\":[\"https:\\\/\\\/marktxxl.de\\\/markt\\\/produkt\\\/sodface-tn-243cmyk-tn247-kompatibel-fuer-brother-tn-247-tn243-toner-fuer-brother-mfc-l3750cdw-dcp-l3550cdw-mfc-l3770cdw-hl-l3210cw-hl-l3230cdw-mfc-l3730cw-schwarz-cyan-gelb-magenta-4er-pack\\\/\"]}]},{\"@type\":\"ImageObject\",\"inLanguage\":\"de\",\"@id\":\"https:\\\/\\\/marktxxl.de\\\/markt\\\/produkt\\\/sodface-tn-243cmyk-tn247-kompatibel-fuer-brother-tn-247-tn243-toner-fuer-brother-mfc-l3750cdw-dcp-l3550cdw-mfc-l3770cdw-hl-l3210cw-hl-l3230cdw-mfc-l3730cw-schwarz-cyan-gelb-magenta-4er-pack\\\/#primaryimage\",\"url\":\"https:\\\/\\\/m.media-amazon.com\\\/images\\\/I\\\/513wyZfZ5qL._SL500_.jpg\",\"contentUrl\":\"https:\\\/\\\/m.media-amazon.com\\\/images\\\/I\\\/513wyZfZ5qL._SL500_.jpg\",\"width\":500,\"height\":500},{\"@type\":\"BreadcrumbList\",\"@id\":\"https:\\\/\\\/marktxxl.de\\\/markt\\\/produkt\\\/sodface-tn-243cmyk-tn247-kompatibel-fuer-brother-tn-247-tn243-toner-fuer-brother-mfc-l3750cdw-dcp-l3550cdw-mfc-l3770cdw-hl-l3210cw-hl-l3230cdw-mfc-l3730cw-schwarz-cyan-gelb-magenta-4er-pack\\\/#breadcrumb\",\"itemListElement\":[{\"@type\":\"ListItem\",\"position\":1,\"name\":\"Startseite\",\"item\":\"https:\\\/\\\/marktxxl.de\\\/markt\\\/\"},{\"@type\":\"ListItem\",\"position\":2,\"name\":\"Markt\",\"item\":\"https:\\\/\\\/marktxxl.de\\\/markt\\\/\"},{\"@type\":\"ListItem\",\"position\":3,\"name\":\"SODFACE TN-243CMYK TN247 Kompatibel f\u00fcr Brother TN 247 TN243 Toner f\u00fcr Brother MFC L3750CDW DCP-L3550CDW MFC-L3770CDW HL-L3210CW HL-L3230CDW MFC-L3730CW (Schwarz, Cyan, Gelb, Magenta, 4er-Pack)\"}]},{\"@type\":\"WebSite\",\"@id\":\"https:\\\/\\\/marktxxl.de\\\/markt\\\/#website\",\"url\":\"https:\\\/\\\/marktxxl.de\\\/markt\\\/\",\"name\":\"Markt-XXL\",\"description\":\"Ihr Markt Online\",\"publisher\":{\"@id\":\"https:\\\/\\\/marktxxl.de\\\/markt\\\/#organization\"},\"potentialAction\":[{\"@type\":\"SearchAction\",\"target\":{\"@type\":\"EntryPoint\",\"urlTemplate\":\"https:\\\/\\\/marktxxl.de\\\/markt\\\/?s={search_term_string}\"},\"query-input\":{\"@type\":\"PropertyValueSpecification\",\"valueRequired\":true,\"valueName\":\"search_term_string\"}}],\"inLanguage\":\"de\"},{\"@type\":\"Organization\",\"@id\":\"https:\\\/\\\/marktxxl.de\\\/markt\\\/#organization\",\"name\":\"Markt-XXL\",\"url\":\"https:\\\/\\\/marktxxl.de\\\/markt\\\/\",\"logo\":{\"@type\":\"ImageObject\",\"inLanguage\":\"de\",\"@id\":\"https:\\\/\\\/marktxxl.de\\\/markt\\\/#\\\/schema\\\/logo\\\/image\\\/\",\"url\":\"https:\\\/\\\/marktxxl.de\\\/markt\\\/wp-content\\\/uploads\\\/sites\\\/3\\\/2020\\\/12\\\/logo.png\",\"contentUrl\":\"https:\\\/\\\/marktxxl.de\\\/markt\\\/wp-content\\\/uploads\\\/sites\\\/3\\\/2020\\\/12\\\/logo.png\",\"width\":200,\"height\":70,\"caption\":\"Markt-XXL\"},\"image\":{\"@id\":\"https:\\\/\\\/marktxxl.de\\\/markt\\\/#\\\/schema\\\/logo\\\/image\\\/\"}}]}<\/script>\n<!-- \/ Yoast SEO plugin. -->","yoast_head_json":{"title":"SODFACE TN-243CMYK TN247 Kompatibel f\u00fcr Brother TN 247 TN243 Toner f\u00fcr Brother MFC L3750CDW DCP-L3550CDW MFC-L3770CDW HL-L3210CW HL-L3230CDW MFC-L3730CW (Schwarz, Cyan, Gelb, Magenta, 4er-Pack) - Markt-XXL","description":"Markt-XXL SODFACE TN-243CMYK TN247 Kompatibel f\u00fcr Brother TN 247 TN243 Toner f\u00fcr Brother MFC L3750CDW DCP-L3550CDW MFC-L3770CDW HL-L3210CW HL-L3230CDW MFC-L3730CW (Schwarz, Cyan, Gelb, Magenta, 4er-Pack)","robots":{"index":"index","follow":"follow","max-snippet":"max-snippet:-1","max-image-preview":"max-image-preview:large","max-video-preview":"max-video-preview:-1"},"canonical":"https:\/\/marktxxl.de\/markt\/produkt\/sodface-tn-243cmyk-tn247-kompatibel-fuer-brother-tn-247-tn243-toner-fuer-brother-mfc-l3750cdw-dcp-l3550cdw-mfc-l3770cdw-hl-l3210cw-hl-l3230cdw-mfc-l3730cw-schwarz-cyan-gelb-magenta-4er-pack\/","og_locale":"de_DE","og_type":"article","og_title":"SODFACE TN-243CMYK TN247 Kompatibel f\u00fcr Brother TN 247 TN243 Toner f\u00fcr Brother MFC L3750CDW DCP-L3550CDW MFC-L3770CDW HL-L3210CW HL-L3230CDW MFC-L3730CW (Schwarz, Cyan, Gelb, Magenta, 4er-Pack) - Markt-XXL","og_description":"Markt-XXL SODFACE TN-243CMYK TN247 Kompatibel f\u00fcr Brother TN 247 TN243 Toner f\u00fcr Brother MFC L3750CDW DCP-L3550CDW MFC-L3770CDW HL-L3210CW HL-L3230CDW MFC-L3730CW (Schwarz, Cyan, Gelb, Magenta, 4er-Pack)","og_url":"https:\/\/marktxxl.de\/markt\/produkt\/sodface-tn-243cmyk-tn247-kompatibel-fuer-brother-tn-247-tn243-toner-fuer-brother-mfc-l3750cdw-dcp-l3550cdw-mfc-l3770cdw-hl-l3210cw-hl-l3230cdw-mfc-l3730cw-schwarz-cyan-gelb-magenta-4er-pack\/","og_site_name":"Markt-XXL","twitter_card":"summary_large_image","twitter_misc":{"Gesch\u00e4tzte Lesezeit":"1\u00a0Minute"},"schema":{"@context":"https:\/\/schema.org","@graph":[{"@type":"WebPage","@id":"https:\/\/marktxxl.de\/markt\/produkt\/sodface-tn-243cmyk-tn247-kompatibel-fuer-brother-tn-247-tn243-toner-fuer-brother-mfc-l3750cdw-dcp-l3550cdw-mfc-l3770cdw-hl-l3210cw-hl-l3230cdw-mfc-l3730cw-schwarz-cyan-gelb-magenta-4er-pack\/","url":"https:\/\/marktxxl.de\/markt\/produkt\/sodface-tn-243cmyk-tn247-kompatibel-fuer-brother-tn-247-tn243-toner-fuer-brother-mfc-l3750cdw-dcp-l3550cdw-mfc-l3770cdw-hl-l3210cw-hl-l3230cdw-mfc-l3730cw-schwarz-cyan-gelb-magenta-4er-pack\/","name":"SODFACE TN-243CMYK TN247 Kompatibel f\u00fcr Brother TN 247 TN243 Toner f\u00fcr Brother MFC L3750CDW DCP-L3550CDW MFC-L3770CDW HL-L3210CW HL-L3230CDW MFC-L3730CW (Schwarz, Cyan, Gelb, Magenta, 4er-Pack) - Markt-XXL","isPartOf":{"@id":"https:\/\/marktxxl.de\/markt\/#website"},"primaryImageOfPage":{"@id":"https:\/\/marktxxl.de\/markt\/produkt\/sodface-tn-243cmyk-tn247-kompatibel-fuer-brother-tn-247-tn243-toner-fuer-brother-mfc-l3750cdw-dcp-l3550cdw-mfc-l3770cdw-hl-l3210cw-hl-l3230cdw-mfc-l3730cw-schwarz-cyan-gelb-magenta-4er-pack\/#primaryimage"},"image":{"@id":"https:\/\/marktxxl.de\/markt\/produkt\/sodface-tn-243cmyk-tn247-kompatibel-fuer-brother-tn-247-tn243-toner-fuer-brother-mfc-l3750cdw-dcp-l3550cdw-mfc-l3770cdw-hl-l3210cw-hl-l3230cdw-mfc-l3730cw-schwarz-cyan-gelb-magenta-4er-pack\/#primaryimage"},"thumbnailUrl":"https:\/\/m.media-amazon.com\/images\/I\/513wyZfZ5qL._SL500_.jpg","datePublished":"2024-07-28T07:28:39+00:00","description":"Markt-XXL SODFACE TN-243CMYK TN247 Kompatibel f\u00fcr Brother TN 247 TN243 Toner f\u00fcr Brother MFC L3750CDW DCP-L3550CDW MFC-L3770CDW HL-L3210CW HL-L3230CDW MFC-L3730CW (Schwarz, Cyan, Gelb, Magenta, 4er-Pack)","breadcrumb":{"@id":"https:\/\/marktxxl.de\/markt\/produkt\/sodface-tn-243cmyk-tn247-kompatibel-fuer-brother-tn-247-tn243-toner-fuer-brother-mfc-l3750cdw-dcp-l3550cdw-mfc-l3770cdw-hl-l3210cw-hl-l3230cdw-mfc-l3730cw-schwarz-cyan-gelb-magenta-4er-pack\/#breadcrumb"},"inLanguage":"de","potentialAction":[{"@type":"ReadAction","target":["https:\/\/marktxxl.de\/markt\/produkt\/sodface-tn-243cmyk-tn247-kompatibel-fuer-brother-tn-247-tn243-toner-fuer-brother-mfc-l3750cdw-dcp-l3550cdw-mfc-l3770cdw-hl-l3210cw-hl-l3230cdw-mfc-l3730cw-schwarz-cyan-gelb-magenta-4er-pack\/"]}]},{"@type":"ImageObject","inLanguage":"de","@id":"https:\/\/marktxxl.de\/markt\/produkt\/sodface-tn-243cmyk-tn247-kompatibel-fuer-brother-tn-247-tn243-toner-fuer-brother-mfc-l3750cdw-dcp-l3550cdw-mfc-l3770cdw-hl-l3210cw-hl-l3230cdw-mfc-l3730cw-schwarz-cyan-gelb-magenta-4er-pack\/#primaryimage","url":"https:\/\/m.media-amazon.com\/images\/I\/513wyZfZ5qL._SL500_.jpg","contentUrl":"https:\/\/m.media-amazon.com\/images\/I\/513wyZfZ5qL._SL500_.jpg","width":500,"height":500},{"@type":"BreadcrumbList","@id":"https:\/\/marktxxl.de\/markt\/produkt\/sodface-tn-243cmyk-tn247-kompatibel-fuer-brother-tn-247-tn243-toner-fuer-brother-mfc-l3750cdw-dcp-l3550cdw-mfc-l3770cdw-hl-l3210cw-hl-l3230cdw-mfc-l3730cw-schwarz-cyan-gelb-magenta-4er-pack\/#breadcrumb","itemListElement":[{"@type":"ListItem","position":1,"name":"Startseite","item":"https:\/\/marktxxl.de\/markt\/"},{"@type":"ListItem","position":2,"name":"Markt","item":"https:\/\/marktxxl.de\/markt\/"},{"@type":"ListItem","position":3,"name":"SODFACE TN-243CMYK TN247 Kompatibel f\u00fcr Brother TN 247 TN243 Toner f\u00fcr Brother MFC L3750CDW DCP-L3550CDW MFC-L3770CDW HL-L3210CW HL-L3230CDW MFC-L3730CW (Schwarz, Cyan, Gelb, Magenta, 4er-Pack)"}]},{"@type":"WebSite","@id":"https:\/\/marktxxl.de\/markt\/#website","url":"https:\/\/marktxxl.de\/markt\/","name":"Markt-XXL","description":"Ihr Markt Online","publisher":{"@id":"https:\/\/marktxxl.de\/markt\/#organization"},"potentialAction":[{"@type":"SearchAction","target":{"@type":"EntryPoint","urlTemplate":"https:\/\/marktxxl.de\/markt\/?s={search_term_string}"},"query-input":{"@type":"PropertyValueSpecification","valueRequired":true,"valueName":"search_term_string"}}],"inLanguage":"de"},{"@type":"Organization","@id":"https:\/\/marktxxl.de\/markt\/#organization","name":"Markt-XXL","url":"https:\/\/marktxxl.de\/markt\/","logo":{"@type":"ImageObject","inLanguage":"de","@id":"https:\/\/marktxxl.de\/markt\/#\/schema\/logo\/image\/","url":"https:\/\/marktxxl.de\/markt\/wp-content\/uploads\/sites\/3\/2020\/12\/logo.png","contentUrl":"https:\/\/marktxxl.de\/markt\/wp-content\/uploads\/sites\/3\/2020\/12\/logo.png","width":200,"height":70,"caption":"Markt-XXL"},"image":{"@id":"https:\/\/marktxxl.de\/markt\/#\/schema\/logo\/image\/"}}]}},"_links":{"self":[{"href":"https:\/\/marktxxl.de\/markt\/wp-json\/wp\/v2\/product\/218591","targetHints":{"allow":["GET"]}}],"collection":[{"href":"https:\/\/marktxxl.de\/markt\/wp-json\/wp\/v2\/product"}],"about":[{"href":"https:\/\/marktxxl.de\/markt\/wp-json\/wp\/v2\/types\/product"}],"replies":[{"embeddable":true,"href":"https:\/\/marktxxl.de\/markt\/wp-json\/wp\/v2\/comments?post=218591"}],"wp:featuredmedia":[{"embeddable":true,"href":"https:\/\/marktxxl.de\/markt\/wp-json\/wp\/v2\/media\/218592"}],"wp:attachment":[{"href":"https:\/\/marktxxl.de\/markt\/wp-json\/wp\/v2\/media?parent=218591"}],"wp:term":[{"taxonomy":"product_brand","embeddable":true,"href":"https:\/\/marktxxl.de\/markt\/wp-json\/wp\/v2\/product_brand?post=218591"},{"taxonomy":"product_cat","embeddable":true,"href":"https:\/\/marktxxl.de\/markt\/wp-json\/wp\/v2\/product_cat?post=218591"},{"taxonomy":"product_tag","embeddable":true,"href":"https:\/\/marktxxl.de\/markt\/wp-json\/wp\/v2\/product_tag?post=218591"}],"curies":[{"name":"wp","href":"https:\/\/api.w.org\/{rel}","templated":true}]}}